{"id":260,"date":"2020-08-29T08:51:16","date_gmt":"2020-08-29T08:51:16","guid":{"rendered":"http:\/\/45.131.80.30\/~condenom\/lacasitaeducativa\/?page_id=260"},"modified":"2020-08-29T08:51:16","modified_gmt":"2020-08-29T08:51:16","slug":"politica-de-cookies","status":"publish","type":"page","link":"https:\/\/lacasitaeducativa.shop\/index.php\/politica-de-cookies\/","title":{"rendered":"Pol\u00edtica de Cookies"},"content":{"rendered":"\n<h1 class=\"wp-block-heading\">DEFINICI\u00d3N Y FUNCI\u00d3N DE LAS COOKIES<\/h1>\n\n\n\n<p>Las cookies son&nbsp;<strong>archivos de texto&nbsp;<\/strong>que se colocan en su computadora para recopilar informaci\u00f3n est\u00e1ndar de registro de Internet e informaci\u00f3n sobre el comportamiento de los visitantes.<\/p>\n\n\n\n<p>El navegador del usuario memoriza cookies en el disco duro solamente durante la sesi\u00f3n actual ocupando un espacio de memoria m\u00ednimo y no perjudicando al ordenador. Las cookies no contienen ninguna clase de informaci\u00f3n personal espec\u00edfica, y la mayor\u00eda de las mismas se borran del disco duro al finalizar la sesi\u00f3n de navegador (las denominadas cookies de sesi\u00f3n).<\/p>\n\n\n\n<p>Cuando visita nuestro sitio web, podemos recopilar informaci\u00f3n suya autom\u00e1ticamente a trav\u00e9s de cookies o tecnolog\u00edas similares. Para obtener m\u00e1s informaci\u00f3n, visite allaboutcookies.org.<\/p>\n\n\n\n<p>Este sitio web&nbsp;<strong>cumple con lo estipulado<\/strong>&nbsp;en la normativa vigente en relaci\u00f3n con el uso de las cookies :<\/p>\n\n\n\n<p>El&nbsp;<strong>RGPD&nbsp;<\/strong>(<strong>Reglamento (UE) 2016\/679 del Parlamento Europeo y del Consejo de 27 de abril de 2016 relativo a la protecci\u00f3n de las personas f\u00edsicas<\/strong>),&nbsp;que unifica la regulaci\u00f3n del tratamiento de los datos personales en los pa\u00edses de la UE.<\/p>\n\n\n\n<h2 class=\"wp-block-heading\">\u00bfC\u00d3MO UTILIZAMOS LAS COOKIES?<\/h2>\n\n\n\n<p>Nuestro sitio web utiliza cookies de diversas formas para mejorar su experiencia en nuestro sitio web, que incluyen:<\/p>\n\n\n\n<ul class=\"wp-block-list\"><li>Mantenerle conectado.<\/li><li>Comprender c\u00f3mo utiliza nuestro sitio web.<\/li><li>Ofrecerle productos que puedan ser de su inter\u00e9s.<\/li><\/ul>\n\n\n\n<h2 class=\"wp-block-heading\">\u00bfQU\u00c9 TIPOS DE COOKIES UTILIZA ESTE SITIO WEB?<\/h2>\n\n\n\n<p>Hay varios tipos diferentes de cookies, sin embargo, nuestro sitio web utiliza:<\/p>\n\n\n\n<ul class=\"wp-block-list\"><li>Funcionalidad: Utiliza estas cookies para que lo reconozcamos en nuestro sitio web y recordemos sus preferencias previamente seleccionadas.<\/li><li>Anal\u00edticas: Utiliza estas cookies para cuantificar el n\u00famero de usuarios realizar la medici\u00f3n y an\u00e1lisis estad\u00edstico de la utilizaci\u00f3n que hacen los usuarios del servicio ofertado. Para ello se analiza tu navegaci\u00f3n en nuestra p\u00e1gina web con el fin de mejorar la oferta de productos o servicios ofrecemos.<\/li><li>Publicidad: Utiliza estas cookies para recopilar informaci\u00f3n sobre su visita a nuestro sitio web, el contenido que vio, los enlaces que sigui\u00f3 e informaci\u00f3n sobre su navegador, dispositivo y su direcci\u00f3n IP.<\/li><li>De terceros: Utiliza servicios de terceros que, por cuenta de Google, recopilar\u00e1n informaci\u00f3n con fines estad\u00edsticos, de uso del sitio por parte del usuario y para la prestaci\u00f3n de otros servicios relacionados con la actividad del sitio web y otros servicios de Internet.<\/li><\/ul>\n\n\n\n<h2 class=\"wp-block-heading\">REVOCACI\u00d3N Y ELIMINACI\u00d3N DE COOKIES<\/h2>\n\n\n\n<p>Debes saber que, en el caso de continuar navegando en nuestro sitio web, estar\u00e1s prestando tu consentimiento para el empleo de cookies. Pero, en cualquier momento, podr\u00e1s cambiar de opini\u00f3n y bloquear su utilizaci\u00f3n a trav\u00e9s de tu navegador. Sin embargo, en algunos casos, algunas de las funciones de nuestro sitio web pueden no funcionar como se espera.<\/p>\n\n\n\n<p>Las instrucciones para configurar las cookies en los principales navegadores:<\/p>\n\n\n\n<ul class=\"wp-block-list\"><li>Chrome: Configuraci\u00f3n -&gt; Mostrar opciones avanzadas -&gt; Privacidad -&gt; Configuraci\u00f3n de contenido. Para obtener m\u00e1s informaci\u00f3n, puede consultar el soporte de Google o la Ayuda del navegador.<\/li><li>Firefox: Herramientas -&gt; Opciones -&gt; Privacidad -&gt; Historial -&gt; Configuraci\u00f3n personalizada. Para obtener m\u00e1s informaci\u00f3n, puede consultar el soporte de Mozilla o la Ayuda del navegador.<\/li><li>Internet Explorer: Herramientas -&gt; Opciones de Internet -&gt; Privacidad -&gt; Configuraci\u00f3n. Para obtener m\u00e1s informaci\u00f3n, puede consultar el soporte de Microsoft o la Ayuda del navegador.<\/li><li>Safari: Preferencias -&gt; Seguridad. Para obtener m\u00e1s informaci\u00f3n, puede consultar el soporte de Apple o la Ayuda del navegador.<\/li><\/ul>\n\n\n\n<p>Si tienes cualquier duda sobre esta Pol\u00edtica de Cookies, puedes contactar con nosotros envi\u00e1ndonos un mail a&nbsp;<strong>info@lacasitaeducativa.com<\/strong>.<\/p>\n","protected":false},"excerpt":{"rendered":"<p>DEFINICI\u00d3N Y FUNCI\u00d3N DE LAS COOKIES Las cookies son&nbsp;archivos de texto&nbsp;que se colocan en su computadora para recopilar informaci\u00f3n est\u00e1ndar de registro de Internet e informaci\u00f3n sobre el comportamiento de los visitantes. El navegador del usuario memoriza cookies en el disco duro solamente durante la sesi\u00f3n actual ocupando un espacio de memoria m\u00ednimo y no [&hellip;]<\/p>\n","protected":false},"author":19745,"featured_media":0,"parent":0,"menu_order":0,"comment_status":"closed","ping_status":"closed","template":"","meta":{"site-sidebar-layout":"default","site-content-layout":"default","ast-site-content-layout":"default","site-content-style":"default","site-sidebar-style":"default","ast-global-header-display":"","ast-banner-title-visibility":"","ast-main-header-display":"","ast-hfb-above-header-display":"","ast-hfb-below-header-display":"","ast-hfb-mobile-header-display":"","site-post-title":"","ast-breadcrumbs-content":"","ast-featured-img":"","footer-sml-layout":"","ast-disable-related-posts":"","theme-transparent-header-meta":"default","adv-header-id-meta":"","stick-header-meta":"","header-above-stick-meta":"","header-main-stick-meta":"","header-below-stick-meta":"","astra-migrate-meta-layouts":"default","ast-page-background-enabled":"default","ast-page-background-meta":{"desktop":{"background-color":"","background-image":"","background-repeat":"repeat","background-position":"center center","background-size":"auto","background-attachment":"scroll","background-type":"","background-media":"","overlay-type":"","overlay-color":"","overlay-opacity":"","overlay-gradient":""},"tablet":{"background-color":"","background-image":"","background-repeat":"repeat","background-position":"center center","background-size":"auto","background-attachment":"scroll","background-type":"","background-media":"","overlay-type":"","overlay-color":"","overlay-opacity":"","overlay-gradient":""},"mobile":{"background-color":"","background-image":"","background-repeat":"repeat","background-position":"center center","background-size":"auto","background-attachment":"scroll","background-type":"","background-media":"","overlay-type":"","overlay-color":"","overlay-opacity":"","overlay-gradient":""}},"ast-content-background-meta":{"desktop":{"background-color":"var(--ast-global-color-5)","background-image":"","background-repeat":"repeat","background-position":"center center","background-size":"auto","background-attachment":"scroll","background-type":"","background-media":"","overlay-type":"","overlay-color":"","overlay-opacity":"","overlay-gradient":""},"tablet":{"background-color":"var(--ast-global-color-5)","background-image":"","background-repeat":"repeat","background-position":"center center","background-size":"auto","background-attachment":"scroll","background-type":"","background-media":"","overlay-type":"","overlay-color":"","overlay-opacity":"","overlay-gradient":""},"mobile":{"background-color":"var(--ast-global-color-5)","background-image":"","background-repeat":"repeat","background-position":"center center","background-size":"auto","background-attachment":"scroll","background-type":"","background-media":"","overlay-type":"","overlay-color":"","overlay-opacity":"","overlay-gradient":""}},"footnotes":""},"class_list":["post-260","page","type-page","status-publish","hentry"],"yoast_head":"<!-- This site is optimized with the Yoast SEO plugin v26.8 - https:\/\/yoast.com\/product\/yoast-seo-wordpress\/ -->\n<title>Pol\u00edtica de Cookies - La Casita Educativa<\/title>\n<meta name=\"robots\" content=\"index, follow, max-snippet:-1, max-image-preview:large, max-video-preview:-1\" \/>\n<link rel=\"canonical\" href=\"https:\/\/lacasitaeducativa.shop\/index.php\/politica-de-cookies\/\" \/>\n<meta property=\"og:locale\" content=\"es_ES\" \/>\n<meta property=\"og:type\" content=\"article\" \/>\n<meta property=\"og:title\" content=\"Pol\u00edtica de Cookies - La Casita Educativa\" \/>\n<meta property=\"og:description\" content=\"DEFINICI\u00d3N Y FUNCI\u00d3N DE LAS COOKIES Las cookies son&nbsp;archivos de texto&nbsp;que se colocan en su computadora para recopilar informaci\u00f3n est\u00e1ndar de registro de Internet e informaci\u00f3n sobre el comportamiento de los visitantes. El navegador del usuario memoriza cookies en el disco duro solamente durante la sesi\u00f3n actual ocupando un espacio de memoria m\u00ednimo y no [&hellip;]\" \/>\n<meta property=\"og:url\" content=\"https:\/\/lacasitaeducativa.shop\/index.php\/politica-de-cookies\/\" \/>\n<meta property=\"og:site_name\" content=\"La Casita Educativa\" \/>\n<meta name=\"twitter:card\" content=\"summary_large_image\" \/>\n<meta name=\"twitter:label1\" content=\"Tiempo de lectura\" \/>\n\t<meta name=\"twitter:data1\" content=\"3 minutos\" \/>\n<script type=\"application\/ld+json\" class=\"yoast-schema-graph\">{\"@context\":\"https:\/\/schema.org\",\"@graph\":[{\"@type\":\"WebPage\",\"@id\":\"https:\/\/lacasitaeducativa.shop\/index.php\/politica-de-cookies\/\",\"url\":\"https:\/\/lacasitaeducativa.shop\/index.php\/politica-de-cookies\/\",\"name\":\"Pol\u00edtica de Cookies - La Casita Educativa\",\"isPartOf\":{\"@id\":\"https:\/\/lacasitaeducativa.shop\/#website\"},\"datePublished\":\"2020-08-29T08:51:16+00:00\",\"breadcrumb\":{\"@id\":\"https:\/\/lacasitaeducativa.shop\/index.php\/politica-de-cookies\/#breadcrumb\"},\"inLanguage\":\"es\",\"potentialAction\":[{\"@type\":\"ReadAction\",\"target\":[\"https:\/\/lacasitaeducativa.shop\/index.php\/politica-de-cookies\/\"]}]},{\"@type\":\"BreadcrumbList\",\"@id\":\"https:\/\/lacasitaeducativa.shop\/index.php\/politica-de-cookies\/#breadcrumb\",\"itemListElement\":[{\"@type\":\"ListItem\",\"position\":1,\"name\":\"Portada\",\"item\":\"https:\/\/lacasitaeducativa.shop\/\"},{\"@type\":\"ListItem\",\"position\":2,\"name\":\"Pol\u00edtica de Cookies\"}]},{\"@type\":\"WebSite\",\"@id\":\"https:\/\/lacasitaeducativa.shop\/#website\",\"url\":\"https:\/\/lacasitaeducativa.shop\/\",\"name\":\"La Casita Educativa\",\"description\":\"En esta casita encontrar\u00e9is todo tipo de recursos educativos infantiles, desde manualidades hasta actividades, juegos, cuentos, idiomas, adivinanzas y otros.\",\"publisher\":{\"@id\":\"https:\/\/lacasitaeducativa.shop\/#organization\"},\"potentialAction\":[{\"@type\":\"SearchAction\",\"target\":{\"@type\":\"EntryPoint\",\"urlTemplate\":\"https:\/\/lacasitaeducativa.shop\/?s={search_term_string}\"},\"query-input\":{\"@type\":\"PropertyValueSpecification\",\"valueRequired\":true,\"valueName\":\"search_term_string\"}}],\"inLanguage\":\"es\"},{\"@type\":\"Organization\",\"@id\":\"https:\/\/lacasitaeducativa.shop\/#organization\",\"name\":\"La Casita Educativa - LACASITAEDUCATIVA.SHOP\",\"url\":\"https:\/\/lacasitaeducativa.shop\/\",\"logo\":{\"@type\":\"ImageObject\",\"inLanguage\":\"es\",\"@id\":\"https:\/\/lacasitaeducativa.shop\/#\/schema\/logo\/image\/\",\"url\":\"https:\/\/lacasitaeducativa.shop\/wp-content\/uploads\/2020\/08\/Logos-la-casita-educativa-2-1.png\",\"contentUrl\":\"https:\/\/lacasitaeducativa.shop\/wp-content\/uploads\/2020\/08\/Logos-la-casita-educativa-2-1.png\",\"width\":500,\"height\":500,\"caption\":\"La Casita Educativa - LACASITAEDUCATIVA.SHOP\"},\"image\":{\"@id\":\"https:\/\/lacasitaeducativa.shop\/#\/schema\/logo\/image\/\"}}]}<\/script>\n<!-- \/ Yoast SEO plugin. -->","yoast_head_json":{"title":"Pol\u00edtica de Cookies - La Casita Educativa","robots":{"index":"index","follow":"follow","max-snippet":"max-snippet:-1","max-image-preview":"max-image-preview:large","max-video-preview":"max-video-preview:-1"},"canonical":"https:\/\/lacasitaeducativa.shop\/index.php\/politica-de-cookies\/","og_locale":"es_ES","og_type":"article","og_title":"Pol\u00edtica de Cookies - La Casita Educativa","og_description":"DEFINICI\u00d3N Y FUNCI\u00d3N DE LAS COOKIES Las cookies son&nbsp;archivos de texto&nbsp;que se colocan en su computadora para recopilar informaci\u00f3n est\u00e1ndar de registro de Internet e informaci\u00f3n sobre el comportamiento de los visitantes. El navegador del usuario memoriza cookies en el disco duro solamente durante la sesi\u00f3n actual ocupando un espacio de memoria m\u00ednimo y no [&hellip;]","og_url":"https:\/\/lacasitaeducativa.shop\/index.php\/politica-de-cookies\/","og_site_name":"La Casita Educativa","twitter_card":"summary_large_image","twitter_misc":{"Tiempo de lectura":"3 minutos"},"schema":{"@context":"https:\/\/schema.org","@graph":[{"@type":"WebPage","@id":"https:\/\/lacasitaeducativa.shop\/index.php\/politica-de-cookies\/","url":"https:\/\/lacasitaeducativa.shop\/index.php\/politica-de-cookies\/","name":"Pol\u00edtica de Cookies - La Casita Educativa","isPartOf":{"@id":"https:\/\/lacasitaeducativa.shop\/#website"},"datePublished":"2020-08-29T08:51:16+00:00","breadcrumb":{"@id":"https:\/\/lacasitaeducativa.shop\/index.php\/politica-de-cookies\/#breadcrumb"},"inLanguage":"es","potentialAction":[{"@type":"ReadAction","target":["https:\/\/lacasitaeducativa.shop\/index.php\/politica-de-cookies\/"]}]},{"@type":"BreadcrumbList","@id":"https:\/\/lacasitaeducativa.shop\/index.php\/politica-de-cookies\/#breadcrumb","itemListElement":[{"@type":"ListItem","position":1,"name":"Portada","item":"https:\/\/lacasitaeducativa.shop\/"},{"@type":"ListItem","position":2,"name":"Pol\u00edtica de Cookies"}]},{"@type":"WebSite","@id":"https:\/\/lacasitaeducativa.shop\/#website","url":"https:\/\/lacasitaeducativa.shop\/","name":"La Casita Educativa","description":"En esta casita encontrar\u00e9is todo tipo de recursos educativos infantiles, desde manualidades hasta actividades, juegos, cuentos, idiomas, adivinanzas y otros.","publisher":{"@id":"https:\/\/lacasitaeducativa.shop\/#organization"},"potentialAction":[{"@type":"SearchAction","target":{"@type":"EntryPoint","urlTemplate":"https:\/\/lacasitaeducativa.shop\/?s={search_term_string}"},"query-input":{"@type":"PropertyValueSpecification","valueRequired":true,"valueName":"search_term_string"}}],"inLanguage":"es"},{"@type":"Organization","@id":"https:\/\/lacasitaeducativa.shop\/#organization","name":"La Casita Educativa - LACASITAEDUCATIVA.SHOP","url":"https:\/\/lacasitaeducativa.shop\/","logo":{"@type":"ImageObject","inLanguage":"es","@id":"https:\/\/lacasitaeducativa.shop\/#\/schema\/logo\/image\/","url":"https:\/\/lacasitaeducativa.shop\/wp-content\/uploads\/2020\/08\/Logos-la-casita-educativa-2-1.png","contentUrl":"https:\/\/lacasitaeducativa.shop\/wp-content\/uploads\/2020\/08\/Logos-la-casita-educativa-2-1.png","width":500,"height":500,"caption":"La Casita Educativa - LACASITAEDUCATIVA.SHOP"},"image":{"@id":"https:\/\/lacasitaeducativa.shop\/#\/schema\/logo\/image\/"}}]}},"_links":{"self":[{"href":"https:\/\/lacasitaeducativa.shop\/index.php\/wp-json\/wp\/v2\/pages\/260","targetHints":{"allow":["GET"]}}],"collection":[{"href":"https:\/\/lacasitaeducativa.shop\/index.php\/wp-json\/wp\/v2\/pages"}],"about":[{"href":"https:\/\/lacasitaeducativa.shop\/index.php\/wp-json\/wp\/v2\/types\/page"}],"author":[{"embeddable":true,"href":"https:\/\/lacasitaeducativa.shop\/index.php\/wp-json\/wp\/v2\/users\/19745"}],"replies":[{"embeddable":true,"href":"https:\/\/lacasitaeducativa.shop\/index.php\/wp-json\/wp\/v2\/comments?post=260"}],"version-history":[{"count":1,"href":"https:\/\/lacasitaeducativa.shop\/index.php\/wp-json\/wp\/v2\/pages\/260\/revisions"}],"predecessor-version":[{"id":261,"href":"https:\/\/lacasitaeducativa.shop\/index.php\/wp-json\/wp\/v2\/pages\/260\/revisions\/261"}],"wp:attachment":[{"href":"https:\/\/lacasitaeducativa.shop\/index.php\/wp-json\/wp\/v2\/media?parent=260"}],"curies":[{"name":"wp","href":"https:\/\/api.w.org\/{rel}","templated":true}]}}