{"id":262,"date":"2020-08-29T08:51:47","date_gmt":"2020-08-29T08:51:47","guid":{"rendered":"http:\/\/45.131.80.30\/~condenom\/lacasitaeducativa\/?page_id=262"},"modified":"2023-08-12T17:01:27","modified_gmt":"2023-08-12T17:01:27","slug":"aviso-legal","status":"publish","type":"page","link":"https:\/\/lacasitaeducativa.shop\/index.php\/aviso-legal\/","title":{"rendered":"Aviso Legal"},"content":{"rendered":"\n<p>El presente&nbsp;<strong>Aviso Legal<\/strong>&nbsp;regula los derechos y obligaciones de&nbsp;<strong>https:\/\/lacasitaeducativa.shop\/&nbsp;<\/strong>y de los usuarios en relaci\u00f3n el acceso, navegaci\u00f3n y utilizaci\u00f3n de la web.<\/p>\n\n\n\n<p>Este sitio web se ajusta al cumplimiento de las siguientes normativas:<\/p>\n\n\n\n<p><strong>RGPD&nbsp;<\/strong>(<strong>Reglamento (UE) 2016\/679 del Parlamento Europeo y del Consejo de 27 de abril de 2016 relativo a la protecci\u00f3n de las personas f\u00edsicas<\/strong>)&nbsp;que es la nueva normativa de la Uni\u00f3n Europea que unifica la regulaci\u00f3n del tratamiento de los datos personales en los distintos pa\u00edses de la UE.<\/p>\n\n\n\n<p><strong>LOPD<\/strong>&nbsp;(<strong>Ley Org\u00e1nica 15\/1999, de 13 de diciembre, de Protecci\u00f3n de Datos de Car\u00e1cter Personal<\/strong>&nbsp;y&nbsp;<strong>Real Decreto 1720\/2007, de 21 de diciembre, el Reglamento de desarrollo de la LOPD<\/strong>) que regula el tratamiento de los datos personales y las obligaciones que debemos asumir los responsables de una web o un blog a la hora de gestionar esta informaci\u00f3n.<\/p>\n\n\n\n<p><strong>LSSI<\/strong>&nbsp;(<strong>Ley 34\/2002, de 11 de julio, de Servicios de la Sociedad de la Informaci\u00f3n y Comercio Electr\u00f3nico<\/strong>)&nbsp;que regula las transacciones econ\u00f3micas mediante medios electr\u00f3nicos.<\/p>\n\n\n\n<p>En&nbsp;<strong>caso de no aceptar<\/strong>&nbsp;las cl\u00e1usulas establecidas en el presente Aviso Legal,&nbsp;<strong>deber\u00e1 abstenerse de acceder y\/o utilizar los servicios y\/o contenidos<\/strong>&nbsp;puestos a su disposici\u00f3n.<\/p>\n\n\n\n<p>Este Aviso Legal puede ser modificado en cualquier momento, sin previo aviso, siendo vigente el que en cada momento se encuentre publicado en la web.<\/p>\n\n\n\n<h2 class=\"wp-block-heading\">Finalidad del sitio web<\/h2>\n\n\n\n<p>La actividad del sitio web es la de\u00a0<strong>distribuci\u00f3n de contenido<\/strong> <strong>digital<\/strong>\u00a0relacionado con recursos educativos. Todos los recursos educativos que distribuimos son <strong>recursos DIGITALES descargables<\/strong>, en ning\u00fan caso realizamos env\u00edos a domicilio, a excepci\u00f3n de las cajas f\u00edsicas que \u00fanicamente se distribuyen dentro del territorio espa\u00f1ol.<\/p>\n\n\n\n<h2 class=\"wp-block-heading\">Datos de identificaci\u00f3n<\/h2>\n\n\n\n<p>El responsable y titular de este sitio web es&nbsp;<strong>Aida Granados Monleon<\/strong>&nbsp;con NIF 79271827G y domicilio en Parets del Valles, 08150 Barcelona (Espa\u00f1a).<br>E-mail de contacto:&nbsp;<strong>info@lacasitaeducativa.com<\/strong><\/p>\n\n\n\n<h2 class=\"wp-block-heading\">Normativa de uso<\/h2>\n\n\n\n<p>El contenido de los servicios ofrecidos y su uso&nbsp;<strong>quedan limitados a usuarios mayores de 18 a\u00f1os<\/strong>.&nbsp;<\/p>\n\n\n\n<p>No podr\u00e1s utilizar este sitio web para la realizaci\u00f3n de actividades contrarias a las leyes, a la moral, al orden p\u00fablico y, en general, a hacer un uso conforme a las condiciones establecidas en el presente Aviso Legal.<\/p>\n\n\n\n<p>El responsable del sitio web<strong>&nbsp;<\/strong>podr\u00e1 interrumpir el servicio de la p\u00e1gina que est\u00e9 siendo utilizado por el usuario y resolver de modo inmediato la relaci\u00f3n si detecta un uso de la web contrario al presente Aviso Legal.<\/p>\n\n\n\n<h2 class=\"wp-block-heading\">Propiedad intelectual<\/h2>\n\n\n\n<p>El contenido de este sitio web (recursos educativos, textos, im\u00e1genes, gr\u00e1ficos, botones, archivos de software, combinaciones de colores, as\u00ed como la estructura, selecci\u00f3n, ordenaci\u00f3n y presentaci\u00f3n de sus contenidos) se encuentra protegido por la ley de&nbsp;<strong>Propiedad Intelectual e Industrial<\/strong>, y queda expresamente prohibida su reproducci\u00f3n, distribuci\u00f3n, comunicaci\u00f3n p\u00fablica y transformaci\u00f3n, total o parcial, salvo para uso personal y privado.<\/p>\n\n\n\n<p>El responsable del sitio web no garantiza que los contenidos sean totalmente precisos ni libres de errores. El buen o mal uso del sitio web y de sus contenidos queda bajo la responsabilidad del usuario.<\/p>\n\n\n\n<h2 class=\"wp-block-heading\">Enlaces a terceros<\/h2>\n\n\n\n<p>Nuestro sitio web proporciona enlaces a p\u00e1ginas y\/o plataformas de terceros. No hemos revisado ni realizamos controles espec\u00edficos sobre las p\u00e1ginas enlazadas y pertenecientes a terceros, por lo tanto&nbsp;<strong>NO nos hacemos responsables de los contenidos de estos sitios web.<\/strong><\/p>\n\n\n\n<p>Le&nbsp;<strong>recomendamos leer detenidamente todas las condiciones de uso, condiciones de compra, pol\u00edticas de privacidad, avisos legales y\/o similares de estos sitios enlazados<\/strong>.<\/p>\n\n\n\n<h2 class=\"wp-block-heading\">Limitaci\u00f3n de responsabilidad<\/h2>\n\n\n\n<p>Nuestro sitio web&nbsp;<strong>NO se hace responsable<\/strong>&nbsp;de:<\/p>\n\n\n\n<p>La calidad, la velocidad de acceso, el correcto funcionamiento ni la disponibilidad ni continuidad de funcionamiento del sitio web.<\/p>\n\n\n\n<p>Aquellos casos en que un tercero, salt\u00e1ndose las medidas de seguridad establecidas, acceda a los datos del usuario o utilice el sitio web para la remisi\u00f3n de virus inform\u00e1ticos.<\/p>\n\n\n\n<p>Los da\u00f1os que puedan ocasionarle al usuario la utilizaci\u00f3n del sitio web.<\/p>\n\n\n\n<p>La veracidad, fiabilidad y utilidad de los contenidos que los usuarios transmitan con del sitio web.<\/p>\n\n\n\n<p><strong>Los usuarios del sitio web son responsables de:<\/strong><\/p>\n\n\n\n<p>De los contenidos creados por ellos, especialmente de los datos e informaciones enviadas.<\/p>\n\n\n\n<p>De cualquier tipo de actuaci\u00f3n realizada en las p\u00e1ginas de terceros, o actuaciones il\u00edcitas, lesivas de derechos, nocivas y\/o perjudiciales.<\/p>\n\n\n\n<h2 class=\"wp-block-heading\">Pol\u00edtica de privacidad<\/h2>\n\n\n\n<p>Este sitio web cumple con la normativa vigente en materia de protecci\u00f3n de datos. Toda esta informaci\u00f3n la podr\u00e1s encontrar en nuestra&nbsp;<strong>Pol\u00edtica de Privacidad.<\/strong><\/p>\n\n\n\n<h2 class=\"wp-block-heading\">Pol\u00edtica de cookies<\/h2>\n\n\n\n<p>Puedes acceder a la informaci\u00f3n completa sobre el uso de cookies en este sitio web, su finalidad y su desestimaci\u00f3n, a trav\u00e9s de nuestra\u00a0<strong>Pol\u00edtica de cookies.<\/strong><\/p>\n\n\n\n<h2 class=\"wp-block-heading\">Pol\u00edtica de env\u00edos<\/h2>\n\n\n\n<p>El envio de los <strong>productos digitales<\/strong> se realiza de la siguiente manera: Se enviar\u00e1n de <strong>forma autom\u00e1tica al correo electr\u00f3nico<\/strong> facilitado por el comprador.<\/p>\n\n\n\n<p>El envio de las <strong>cajas en formato f\u00edsico <\/strong>distribuidas dentro del territorio espa\u00f1ol se realiza de la siguiente manera: Se enviar\u00e1 por <strong>correo ordinario mediante un servicio de mensajer\u00eda<\/strong> y el comprador lo recibir\u00e1 en la direcci\u00f3n de env\u00edo facilitada en el plazo de <strong>15 d\u00edas laborables.<\/strong><\/p>\n\n\n\n<h2 class=\"wp-block-heading\">Pol\u00edtica de devoluciones y cancelaci\u00f3n<\/h2>\n\n\n\n<p>Debido al tipo de producto digital que ofrecemos, el cual se descarga tras la compra, no se admiten devoluciones.<\/p>\n\n\n\n<p>En lo que respecta a las cajas en formato f\u00edsico distribuidas dentro del territorio espa\u00f1ol, dispones de 14 d\u00edas naturales para devolver el producto.<\/p>\n\n\n\n<h2 class=\"wp-block-heading\">Legislaci\u00f3n aplicable y jurisdicci\u00f3n vigente<\/h2>\n\n\n\n<p>El presente Aviso Legal se encuentra sometido a la&nbsp;<strong>legislaci\u00f3n espa\u00f1ola<\/strong>&nbsp;vigente. Ante cualquier tipo de controversia legal, y en caso de ser necesario, ambas partes se someter\u00e1 a los Juzgados y Tribunales de Barcelona (Espa\u00f1a).<\/p>\n\n\n\n<p>Si tienes cualquier duda sobre este Aviso Legal, puedes enviarnos un correo electr\u00f3nico a&nbsp;<strong>info@lacasitaeducativa.com<\/strong>.<\/p>\n","protected":false},"excerpt":{"rendered":"<p>El presente&nbsp;Aviso Legal&nbsp;regula los derechos y obligaciones de&nbsp;https:\/\/lacasitaeducativa.shop\/&nbsp;y de los usuarios en relaci\u00f3n el acceso, navegaci\u00f3n y utilizaci\u00f3n de la web. Este sitio web se ajusta al cumplimiento de las siguientes normativas: RGPD&nbsp;(Reglamento (UE) 2016\/679 del Parlamento Europeo y del Consejo de 27 de abril de 2016 relativo a la protecci\u00f3n de las personas f\u00edsicas)&nbsp;que [&hellip;]<\/p>\n","protected":false},"author":19745,"featured_media":0,"parent":0,"menu_order":0,"comment_status":"closed","ping_status":"closed","template":"","meta":{"site-sidebar-layout":"default","site-content-layout":"default","ast-site-content-layout":"default","site-content-style":"default","site-sidebar-style":"default","ast-global-header-display":"","ast-banner-title-visibility":"","ast-main-header-display":"","ast-hfb-above-header-display":"","ast-hfb-below-header-display":"","ast-hfb-mobile-header-display":"","site-post-title":"","ast-breadcrumbs-content":"","ast-featured-img":"","footer-sml-layout":"","ast-disable-related-posts":"","theme-transparent-header-meta":"default","adv-header-id-meta":"","stick-header-meta":"","header-above-stick-meta":"","header-main-stick-meta":"","header-below-stick-meta":"","astra-migrate-meta-layouts":"default","ast-page-background-enabled":"default","ast-page-background-meta":{"desktop":{"background-color":"","background-image":"","background-repeat":"repeat","background-position":"center center","background-size":"auto","background-attachment":"scroll","background-type":"","background-media":"","overlay-type":"","overlay-color":"","overlay-opacity":"","overlay-gradient":""},"tablet":{"background-color":"","background-image":"","background-repeat":"repeat","background-position":"center center","background-size":"auto","background-attachment":"scroll","background-type":"","background-media":"","overlay-type":"","overlay-color":"","overlay-opacity":"","overlay-gradient":""},"mobile":{"background-color":"","background-image":"","background-repeat":"repeat","background-position":"center center","background-size":"auto","background-attachment":"scroll","background-type":"","background-media":"","overlay-type":"","overlay-color":"","overlay-opacity":"","overlay-gradient":""}},"ast-content-background-meta":{"desktop":{"background-color":"var(--ast-global-color-5)","background-image":"","background-repeat":"repeat","background-position":"center center","background-size":"auto","background-attachment":"scroll","background-type":"","background-media":"","overlay-type":"","overlay-color":"","overlay-opacity":"","overlay-gradient":""},"tablet":{"background-color":"var(--ast-global-color-5)","background-image":"","background-repeat":"repeat","background-position":"center center","background-size":"auto","background-attachment":"scroll","background-type":"","background-media":"","overlay-type":"","overlay-color":"","overlay-opacity":"","overlay-gradient":""},"mobile":{"background-color":"var(--ast-global-color-5)","background-image":"","background-repeat":"repeat","background-position":"center center","background-size":"auto","background-attachment":"scroll","background-type":"","background-media":"","overlay-type":"","overlay-color":"","overlay-opacity":"","overlay-gradient":""}},"footnotes":""},"class_list":["post-262","page","type-page","status-publish","hentry"],"yoast_head":"<!-- This site is optimized with the Yoast SEO plugin v26.8 - https:\/\/yoast.com\/product\/yoast-seo-wordpress\/ -->\n<title>Aviso Legal - La Casita Educativa<\/title>\n<meta name=\"robots\" content=\"index, follow, max-snippet:-1, max-image-preview:large, max-video-preview:-1\" \/>\n<link rel=\"canonical\" href=\"https:\/\/lacasitaeducativa.shop\/index.php\/aviso-legal\/\" \/>\n<meta property=\"og:locale\" content=\"es_ES\" \/>\n<meta property=\"og:type\" content=\"article\" \/>\n<meta property=\"og:title\" content=\"Aviso Legal - La Casita Educativa\" \/>\n<meta property=\"og:description\" content=\"El presente&nbsp;Aviso Legal&nbsp;regula los derechos y obligaciones de&nbsp;https:\/\/lacasitaeducativa.shop\/&nbsp;y de los usuarios en relaci\u00f3n el acceso, navegaci\u00f3n y utilizaci\u00f3n de la web. Este sitio web se ajusta al cumplimiento de las siguientes normativas: RGPD&nbsp;(Reglamento (UE) 2016\/679 del Parlamento Europeo y del Consejo de 27 de abril de 2016 relativo a la protecci\u00f3n de las personas f\u00edsicas)&nbsp;que [&hellip;]\" \/>\n<meta property=\"og:url\" content=\"https:\/\/lacasitaeducativa.shop\/index.php\/aviso-legal\/\" \/>\n<meta property=\"og:site_name\" content=\"La Casita Educativa\" \/>\n<meta property=\"article:modified_time\" content=\"2023-08-12T17:01:27+00:00\" \/>\n<meta name=\"twitter:card\" content=\"summary_large_image\" \/>\n<meta name=\"twitter:label1\" content=\"Tiempo de lectura\" \/>\n\t<meta name=\"twitter:data1\" content=\"5 minutos\" \/>\n<script type=\"application\/ld+json\" class=\"yoast-schema-graph\">{\"@context\":\"https:\/\/schema.org\",\"@graph\":[{\"@type\":\"WebPage\",\"@id\":\"https:\/\/lacasitaeducativa.shop\/index.php\/aviso-legal\/\",\"url\":\"https:\/\/lacasitaeducativa.shop\/index.php\/aviso-legal\/\",\"name\":\"Aviso Legal - La Casita Educativa\",\"isPartOf\":{\"@id\":\"https:\/\/lacasitaeducativa.shop\/#website\"},\"datePublished\":\"2020-08-29T08:51:47+00:00\",\"dateModified\":\"2023-08-12T17:01:27+00:00\",\"breadcrumb\":{\"@id\":\"https:\/\/lacasitaeducativa.shop\/index.php\/aviso-legal\/#breadcrumb\"},\"inLanguage\":\"es\",\"potentialAction\":[{\"@type\":\"ReadAction\",\"target\":[\"https:\/\/lacasitaeducativa.shop\/index.php\/aviso-legal\/\"]}]},{\"@type\":\"BreadcrumbList\",\"@id\":\"https:\/\/lacasitaeducativa.shop\/index.php\/aviso-legal\/#breadcrumb\",\"itemListElement\":[{\"@type\":\"ListItem\",\"position\":1,\"name\":\"Portada\",\"item\":\"https:\/\/lacasitaeducativa.shop\/\"},{\"@type\":\"ListItem\",\"position\":2,\"name\":\"Aviso Legal\"}]},{\"@type\":\"WebSite\",\"@id\":\"https:\/\/lacasitaeducativa.shop\/#website\",\"url\":\"https:\/\/lacasitaeducativa.shop\/\",\"name\":\"La Casita Educativa\",\"description\":\"En esta casita encontrar\u00e9is todo tipo de recursos educativos infantiles, desde manualidades hasta actividades, juegos, cuentos, idiomas, adivinanzas y otros.\",\"publisher\":{\"@id\":\"https:\/\/lacasitaeducativa.shop\/#organization\"},\"potentialAction\":[{\"@type\":\"SearchAction\",\"target\":{\"@type\":\"EntryPoint\",\"urlTemplate\":\"https:\/\/lacasitaeducativa.shop\/?s={search_term_string}\"},\"query-input\":{\"@type\":\"PropertyValueSpecification\",\"valueRequired\":true,\"valueName\":\"search_term_string\"}}],\"inLanguage\":\"es\"},{\"@type\":\"Organization\",\"@id\":\"https:\/\/lacasitaeducativa.shop\/#organization\",\"name\":\"La Casita Educativa - LACASITAEDUCATIVA.SHOP\",\"url\":\"https:\/\/lacasitaeducativa.shop\/\",\"logo\":{\"@type\":\"ImageObject\",\"inLanguage\":\"es\",\"@id\":\"https:\/\/lacasitaeducativa.shop\/#\/schema\/logo\/image\/\",\"url\":\"https:\/\/lacasitaeducativa.shop\/wp-content\/uploads\/2020\/08\/Logos-la-casita-educativa-2-1.png\",\"contentUrl\":\"https:\/\/lacasitaeducativa.shop\/wp-content\/uploads\/2020\/08\/Logos-la-casita-educativa-2-1.png\",\"width\":500,\"height\":500,\"caption\":\"La Casita Educativa - LACASITAEDUCATIVA.SHOP\"},\"image\":{\"@id\":\"https:\/\/lacasitaeducativa.shop\/#\/schema\/logo\/image\/\"}}]}<\/script>\n<!-- \/ Yoast SEO plugin. -->","yoast_head_json":{"title":"Aviso Legal - La Casita Educativa","robots":{"index":"index","follow":"follow","max-snippet":"max-snippet:-1","max-image-preview":"max-image-preview:large","max-video-preview":"max-video-preview:-1"},"canonical":"https:\/\/lacasitaeducativa.shop\/index.php\/aviso-legal\/","og_locale":"es_ES","og_type":"article","og_title":"Aviso Legal - La Casita Educativa","og_description":"El presente&nbsp;Aviso Legal&nbsp;regula los derechos y obligaciones de&nbsp;https:\/\/lacasitaeducativa.shop\/&nbsp;y de los usuarios en relaci\u00f3n el acceso, navegaci\u00f3n y utilizaci\u00f3n de la web. Este sitio web se ajusta al cumplimiento de las siguientes normativas: RGPD&nbsp;(Reglamento (UE) 2016\/679 del Parlamento Europeo y del Consejo de 27 de abril de 2016 relativo a la protecci\u00f3n de las personas f\u00edsicas)&nbsp;que [&hellip;]","og_url":"https:\/\/lacasitaeducativa.shop\/index.php\/aviso-legal\/","og_site_name":"La Casita Educativa","article_modified_time":"2023-08-12T17:01:27+00:00","twitter_card":"summary_large_image","twitter_misc":{"Tiempo de lectura":"5 minutos"},"schema":{"@context":"https:\/\/schema.org","@graph":[{"@type":"WebPage","@id":"https:\/\/lacasitaeducativa.shop\/index.php\/aviso-legal\/","url":"https:\/\/lacasitaeducativa.shop\/index.php\/aviso-legal\/","name":"Aviso Legal - La Casita Educativa","isPartOf":{"@id":"https:\/\/lacasitaeducativa.shop\/#website"},"datePublished":"2020-08-29T08:51:47+00:00","dateModified":"2023-08-12T17:01:27+00:00","breadcrumb":{"@id":"https:\/\/lacasitaeducativa.shop\/index.php\/aviso-legal\/#breadcrumb"},"inLanguage":"es","potentialAction":[{"@type":"ReadAction","target":["https:\/\/lacasitaeducativa.shop\/index.php\/aviso-legal\/"]}]},{"@type":"BreadcrumbList","@id":"https:\/\/lacasitaeducativa.shop\/index.php\/aviso-legal\/#breadcrumb","itemListElement":[{"@type":"ListItem","position":1,"name":"Portada","item":"https:\/\/lacasitaeducativa.shop\/"},{"@type":"ListItem","position":2,"name":"Aviso Legal"}]},{"@type":"WebSite","@id":"https:\/\/lacasitaeducativa.shop\/#website","url":"https:\/\/lacasitaeducativa.shop\/","name":"La Casita Educativa","description":"En esta casita encontrar\u00e9is todo tipo de recursos educativos infantiles, desde manualidades hasta actividades, juegos, cuentos, idiomas, adivinanzas y otros.","publisher":{"@id":"https:\/\/lacasitaeducativa.shop\/#organization"},"potentialAction":[{"@type":"SearchAction","target":{"@type":"EntryPoint","urlTemplate":"https:\/\/lacasitaeducativa.shop\/?s={search_term_string}"},"query-input":{"@type":"PropertyValueSpecification","valueRequired":true,"valueName":"search_term_string"}}],"inLanguage":"es"},{"@type":"Organization","@id":"https:\/\/lacasitaeducativa.shop\/#organization","name":"La Casita Educativa - LACASITAEDUCATIVA.SHOP","url":"https:\/\/lacasitaeducativa.shop\/","logo":{"@type":"ImageObject","inLanguage":"es","@id":"https:\/\/lacasitaeducativa.shop\/#\/schema\/logo\/image\/","url":"https:\/\/lacasitaeducativa.shop\/wp-content\/uploads\/2020\/08\/Logos-la-casita-educativa-2-1.png","contentUrl":"https:\/\/lacasitaeducativa.shop\/wp-content\/uploads\/2020\/08\/Logos-la-casita-educativa-2-1.png","width":500,"height":500,"caption":"La Casita Educativa - LACASITAEDUCATIVA.SHOP"},"image":{"@id":"https:\/\/lacasitaeducativa.shop\/#\/schema\/logo\/image\/"}}]}},"_links":{"self":[{"href":"https:\/\/lacasitaeducativa.shop\/index.php\/wp-json\/wp\/v2\/pages\/262","targetHints":{"allow":["GET"]}}],"collection":[{"href":"https:\/\/lacasitaeducativa.shop\/index.php\/wp-json\/wp\/v2\/pages"}],"about":[{"href":"https:\/\/lacasitaeducativa.shop\/index.php\/wp-json\/wp\/v2\/types\/page"}],"author":[{"embeddable":true,"href":"https:\/\/lacasitaeducativa.shop\/index.php\/wp-json\/wp\/v2\/users\/19745"}],"replies":[{"embeddable":true,"href":"https:\/\/lacasitaeducativa.shop\/index.php\/wp-json\/wp\/v2\/comments?post=262"}],"version-history":[{"count":7,"href":"https:\/\/lacasitaeducativa.shop\/index.php\/wp-json\/wp\/v2\/pages\/262\/revisions"}],"predecessor-version":[{"id":271386,"href":"https:\/\/lacasitaeducativa.shop\/index.php\/wp-json\/wp\/v2\/pages\/262\/revisions\/271386"}],"wp:attachment":[{"href":"https:\/\/lacasitaeducativa.shop\/index.php\/wp-json\/wp\/v2\/media?parent=262"}],"curies":[{"name":"wp","href":"https:\/\/api.w.org\/{rel}","templated":true}]}}