{"id":3,"date":"2020-08-23T12:18:53","date_gmt":"2020-08-23T12:18:53","guid":{"rendered":"http:\/\/45.131.80.30\/~condenom\/lacasitaeducativa\/?page_id=3"},"modified":"2020-09-06T18:10:59","modified_gmt":"2020-09-06T18:10:59","slug":"privacy-policy","status":"publish","type":"page","link":"https:\/\/lacasitaeducativa.shop\/index.php\/privacy-policy\/","title":{"rendered":"Pol\u00edtica de Privacidad"},"content":{"rendered":"\n<p>En esta&nbsp;<strong>Pol\u00edtica de Privacidad<\/strong>&nbsp;le informaremos con total&nbsp;<strong>transparencia&nbsp;<\/strong>sobre la finalidad de este sitio web y todo lo que afecta a los datos que nos facilite, as\u00ed como de las obligaciones y derechos que le corresponden.<\/p>\n\n\n\n<p>Este sitio web se ajusta al cumplimiento de las siguientes normativas:<\/p>\n\n\n\n<p><strong>RGPD&nbsp;<\/strong>(<strong>Reglamento (UE) 2016\/679 del Parlamento Europeo y del Consejo de 27 de abril de 2016 relativo a la protecci\u00f3n de las personas f\u00edsicas<\/strong>)&nbsp;que es la nueva normativa de la Uni\u00f3n Europea que unifica la regulaci\u00f3n del tratamiento de los datos personales en los distintos pa\u00edses de la UE.<\/p>\n\n\n\n<p><strong>LOPD<\/strong>&nbsp;(<strong>Ley Org\u00e1nica 15\/1999, de 13 de diciembre, de Protecci\u00f3n de Datos de Car\u00e1cter Personal<\/strong>&nbsp;y&nbsp;<strong>Real Decreto 1720\/2007, de 21 de diciembre, el Reglamento de desarrollo de la LOPD<\/strong>) que regula el tratamiento de los datos personales y las obligaciones que debemos asumir los responsables de una web o un blog a la hora de gestionar esta informaci\u00f3n.<\/p>\n\n\n\n<p><strong>LSSI<\/strong>&nbsp;(<strong>Ley 34\/2002, de 11 de julio, de Servicios de la Sociedad de la Informaci\u00f3n y Comercio Electr\u00f3nico<\/strong>)&nbsp;que regula las transacciones econ\u00f3micas mediante medios electr\u00f3nicos.<\/p>\n\n\n\n<p>Esta Pol\u00edtica de Privacidad puede ser modificada en cualquier momento, con el fin de adaptarla a novedades legislativas o cambios en nuestras actividades, siendo vigente la que en cada momento se encuentre publicada en la web.<\/p>\n\n\n\n<h2 class=\"wp-block-heading\">\u00bfQui\u00e9nes somos?<\/h2>\n\n\n\n<p>Nuestro sitio web es:<a href=\"https:\/\/lacasitaeducativa.shop\/\"> <\/a><strong>https:\/\/lacasitaeducativa.shop<\/strong><\/p>\n\n\n\n<p>La actividad del sitio web es la de&nbsp;<strong>distribuci\u00f3n de contenido<\/strong>&nbsp;relacionado con recursos educativos.<\/p>\n\n\n\n<h2 class=\"wp-block-heading\">Datos de contacto del responsable<\/h2>\n\n\n\n<p>El&nbsp;<strong>responsable<\/strong>&nbsp;del tratamiento de los datos de \u00edndole personal conforme al&nbsp;RGPD es&nbsp;<strong>Aida Granados Monle\u00f3n<\/strong>&nbsp;con NIF 79271827G y domicilio en Parets del Valles, 08150 Barcelona (Espa\u00f1a)<br>E-mail de contacto:&nbsp;<strong>info@lacasitaeducativa.com<\/strong><\/p>\n\n\n\n<h2 class=\"wp-block-heading\">\u00bfQu\u00e9 datos personales recopilamos y porqu\u00e9?<\/h2>\n\n\n\n<h3 class=\"wp-block-heading\">Comentarios<\/h3>\n\n\n\n<p>Nuestro sitio web&nbsp;<strong>admite comentarios<\/strong>&nbsp;de usuarios. Por tanto, quedan almacenados los comentarios que los usuarios remitan sobre las diferentes entradas del sitio web.<\/p>\n\n\n\n<h3 class=\"wp-block-heading\">Media<\/h3>\n\n\n\n<p>Nuestro sitio web&nbsp;<strong>no admite im\u00e1genes o videos<\/strong>&nbsp;de usuarios. Por tanto,&nbsp;<strong>no almacenamos<\/strong>&nbsp;este tipo de datos.<\/p>\n\n\n\n<h3 class=\"wp-block-heading\">Formularios de contacto<\/h3>\n\n\n\n<p>Nuestro sitio web<strong> dispone de formularios<\/strong>&nbsp;de contacto y\/o registro para los clientes que desean adquirir un recurso educativo ya sea de pago o gratuito. Por tanto,&nbsp;a efectos de facturaci\u00f3n, <strong>almacenamos los datos de car\u00e1cter personal<\/strong>: Nombre, Apellidos, Direcci\u00f3n de correo electr\u00f3nico, Pa\u00eds, Direcci\u00f3n, C\u00f3digo postal, Localidad \/ Ciudad y Provincia.<\/p>\n\n\n\n<h3 class=\"wp-block-heading\">Cookies<\/h3>\n\n\n\n<p>Cuando el usuario navega en esta web,&nbsp;<strong>se almacenan cookies<\/strong>, El usuario puede consultar en cualquier momento la&nbsp;<strong>pol\u00edtica de cookies<\/strong>&nbsp;para ampliar informaci\u00f3n sobre el uso de cookies y c\u00f3mo desactivarlas.<\/p>\n\n\n\n<p>El rastreo de las preferencias de nuestros usuarios tambi\u00e9n nos ayuda a mostrarte los avisos publicitarios m\u00e1s relevantes, por medio del uso del producto de Google, Google Adsense. De acuerdo a la pol\u00edtica de privacidad de Google,&nbsp;<strong>no recolectan datos personales<\/strong>. M\u00e1s informaci\u00f3n de c\u00f3mo utiliza&nbsp;<a href=\"https:\/\/policies.google.com\/technologies\/ads?hl=es\" rel=\"noreferrer noopener\" target=\"_blank\">Google las cookies en publicidad<\/a>.<\/p>\n\n\n\n<h3 class=\"wp-block-heading\">Contenido de otros sitios web<\/h3>\n\n\n\n<p>Algunos art\u00edculos de este sitio web&nbsp;<strong>contienen contenido incrustado<\/strong>&nbsp;(por ejemplo, videos, im\u00e1genes, art\u00edculos, etc.). El contenido incrustado de otros sitios web se comporta exactamente de la misma manera que si el visitante hubiera visitado el otro sitio web.<\/p>\n\n\n\n<p>Estos sitios web&nbsp;<strong>pueden recopilar datos sobre usted<\/strong>, utilizar cookies, incrustar un seguimiento adicional de terceros y supervisar su interacci\u00f3n con ese contenido incrustado, incluido el seguimiento de su interacci\u00f3n con el contenido incrustado si tiene una cuenta y ha iniciado sesi\u00f3n en ese sitio web.<\/p>\n\n\n\n<p>Este sitio web publicita productos de&nbsp;<strong>terceros<\/strong>. Nuestro sitio web \u00fanicamente proporciona y publicita los enlaces a las p\u00e1ginas y\/o plataformas de estos terceros donde pueden adquirirse los productos que mostramos. No hemos revisado ni realizamos controles espec\u00edficos sobre las p\u00e1ginas enlazadas y pertenecientes a terceros, por lo tanto&nbsp;<strong>NO nos hacemos responsables de los contenidos de estos sitios web.<\/strong><\/p>\n\n\n\n<p>Le&nbsp;<strong>recomendamos leer detenidamente todas las condiciones de uso, condiciones de compra, pol\u00edticas de privacidad, avisos legales y\/o similares de estos sitios enlazados<\/strong>&nbsp;antes de proceder a la adquisici\u00f3n de estos productos o hacer uso de los sitios web.<\/p>\n\n\n\n<h2 class=\"wp-block-heading\">\u00bfCon quien compartimos sus datos?<\/h2>\n\n\n\n<p>Nuestro sitio web esta alojado en&nbsp;<strong>https:\/\/sered.net\/<\/strong>&nbsp;(Sered Hosting Profesional), que proporciona los servicios de hosting. Puede consultar la pol\u00edtica de privacidad de Sered Hosting Profesional en el siguiente enlace:&nbsp;<strong>https:\/\/sered.net\/politica-de-privacidad.<\/strong><\/p>\n\n\n\n<p>Nuestra web utiliza servidores publicitarios que a su vez utilizan cookies con el fin de facilitar los contenidos comerciales que visualiza en nuestras p\u00e1ginas:<\/p>\n\n\n\n<h3 class=\"wp-block-heading\">Google Analytics<\/h3>\n\n\n\n<p><strong>Google Analytics<\/strong>&nbsp;es un servicio de an\u00e1lisis de web prestado por Google, Inc. Google Analytics utiliza \u201ccookies\u201d para ayudar al website a analizar el uso que hacen los usuarios del sitio web. La informaci\u00f3n que genera la cookie acerca de su uso del website (incluyendo su direcci\u00f3n IP) es directamente transmitida y archivada por Google. Google usar\u00e1 esta informaci\u00f3n por cuenta nuestra con el prop\u00f3sito de seguir la pista de su uso del website, recopilando informes de la actividad del website y prestando otros servicios relacionados con la actividad del website y el uso de Internet. Google podr\u00e1 enviar dicha informaci\u00f3n a terceros cuando as\u00ed se lo requiera la legislaci\u00f3n, o cuando dichos terceros procesen la informaci\u00f3n por cuenta de Google. Google no asociar\u00e1 su direcci\u00f3n IP con ning\u00fan otro dato del que disponga Google.&nbsp;<strong>&nbsp;<\/strong><\/p>\n\n\n\n<h3 class=\"wp-block-heading\">Google Adsense<\/h3>\n\n\n\n<p><strong>Google Adsense&nbsp;<\/strong>utiliza cookies para publicar anuncios en este sitio web. Puede inhabilitar el uso de la cookie a trav\u00e9s del anuncio de Google y en la pol\u00edtica de privacidad:&nbsp;<a href=\"https:\/\/www.google.com\/intl\/es\/policies\/privacy\/\">https:\/\/www.google.com\/intl\/es\/policies\/privacy\/<\/a>.<\/p>\n\n\n\n<p>Google utiliza empresas publicitarias asociadas para publicar anuncios cuando visita nuestro sitio web. Es posible que estas empresas usen la informaci\u00f3n que obtienen de sus visitas a este y otros sitios web (sin incluir tu nombre, direcci\u00f3n, direcci\u00f3n de correo electr\u00f3nico o n\u00famero de tel\u00e9fono) para ofrecerle anuncios sobre productos y servicios que le resulten de inter\u00e9s.&nbsp;&nbsp;<\/p>\n\n\n\n<p><strong>Al utilizar este website Usted consiente el tratamiento datos por parte de Google en la forma y para los fines indicados.<\/strong><\/p>\n\n\n\n<p><strong>Si desea m\u00e1s informaci\u00f3n acerca del uso de cookies, consulte la&nbsp;POL\u00cdTICA DE COOKIES.<\/strong><\/p>\n\n\n\n<h2 class=\"wp-block-heading\">\u00bfQu\u00e9 derechos tiene sobre sus datos?<\/h2>\n\n\n\n<p>Como usuario, usted es el \u00fanico responsable de la veracidad de los datos que facilite.<\/p>\n\n\n\n<p>Como titular de los datos que nos haya facilitado, podr\u00e1 ejercer&nbsp;<strong>en cualquier momento sus derechos de acceso, rectificaci\u00f3n, cancelaci\u00f3n y oposici\u00f3n,<\/strong>&nbsp;enviando un correo electr\u00f3nico a<strong>&nbsp;info@lacasitaeducativa.com&nbsp;<\/strong>(debe adjuntar una fotocopia de su documento de identidad como prueba de su identidad).<\/p>\n\n\n\n<h2 class=\"wp-block-heading\">\u00bfC\u00f3mo protegemos sus datos?<\/h2>\n\n\n\n<p>Hemos adoptado todas las medidas t\u00e9cnicas y de organizaci\u00f3n necesarias para garantizar la seguridad e integridad de los datos de car\u00e1cter personal que tratamos, as\u00ed como para evitar su p\u00e9rdida, alteraci\u00f3n y\/o acceso por parte de terceros no autorizados.&nbsp;<strong>No obstante lo anterior, el usuario reconoce y acepta que las medidas de seguridad en Internet no son inexpugnables.<\/strong><\/p>\n\n\n\n<p>Si tienes cualquier duda sobre esta Pol\u00edtica de Privacidad, puede contactar con nosotros envi\u00e1ndonos un mail a&nbsp;<strong>info@lacasitaeducativa.com<\/strong>.<\/p>\n","protected":false},"excerpt":{"rendered":"<p>En esta&nbsp;Pol\u00edtica de Privacidad&nbsp;le informaremos con total&nbsp;transparencia&nbsp;sobre la finalidad de este sitio web y todo lo que afecta a los datos que nos facilite, as\u00ed como de las obligaciones y derechos que le corresponden. Este sitio web se ajusta al cumplimiento de las siguientes normativas: RGPD&nbsp;(Reglamento (UE) 2016\/679 del Parlamento Europeo y del Consejo de [&hellip;]<\/p>\n","protected":false},"author":19745,"featured_media":0,"parent":0,"menu_order":0,"comment_status":"closed","ping_status":"open","template":"","meta":{"site-sidebar-layout":"default","site-content-layout":"default","ast-site-content-layout":"default","site-content-style":"default","site-sidebar-style":"default","ast-global-header-display":"","ast-banner-title-visibility":"","ast-main-header-display":"","ast-hfb-above-header-display":"","ast-hfb-below-header-display":"","ast-hfb-mobile-header-display":"","site-post-title":"","ast-breadcrumbs-content":"","ast-featured-img":"","footer-sml-layout":"","ast-disable-related-posts":"","theme-transparent-header-meta":"default","adv-header-id-meta":"","stick-header-meta":"","header-above-stick-meta":"","header-main-stick-meta":"","header-below-stick-meta":"","astra-migrate-meta-layouts":"default","ast-page-background-enabled":"default","ast-page-background-meta":{"desktop":{"background-color":"","background-image":"","background-repeat":"repeat","background-position":"center center","background-size":"auto","background-attachment":"scroll","background-type":"","background-media":"","overlay-type":"","overlay-color":"","overlay-opacity":"","overlay-gradient":""},"tablet":{"background-color":"","background-image":"","background-repeat":"repeat","background-position":"center center","background-size":"auto","background-attachment":"scroll","background-type":"","background-media":"","overlay-type":"","overlay-color":"","overlay-opacity":"","overlay-gradient":""},"mobile":{"background-color":"","background-image":"","background-repeat":"repeat","background-position":"center center","background-size":"auto","background-attachment":"scroll","background-type":"","background-media":"","overlay-type":"","overlay-color":"","overlay-opacity":"","overlay-gradient":""}},"ast-content-background-meta":{"desktop":{"background-color":"var(--ast-global-color-5)","background-image":"","background-repeat":"repeat","background-position":"center center","background-size":"auto","background-attachment":"scroll","background-type":"","background-media":"","overlay-type":"","overlay-color":"","overlay-opacity":"","overlay-gradient":""},"tablet":{"background-color":"var(--ast-global-color-5)","background-image":"","background-repeat":"repeat","background-position":"center center","background-size":"auto","background-attachment":"scroll","background-type":"","background-media":"","overlay-type":"","overlay-color":"","overlay-opacity":"","overlay-gradient":""},"mobile":{"background-color":"var(--ast-global-color-5)","background-image":"","background-repeat":"repeat","background-position":"center center","background-size":"auto","background-attachment":"scroll","background-type":"","background-media":"","overlay-type":"","overlay-color":"","overlay-opacity":"","overlay-gradient":""}},"footnotes":""},"class_list":["post-3","page","type-page","status-publish","hentry"],"yoast_head":"<!-- This site is optimized with the Yoast SEO plugin v26.8 - https:\/\/yoast.com\/product\/yoast-seo-wordpress\/ -->\n<title>Pol\u00edtica de Privacidad - La Casita Educativa<\/title>\n<meta name=\"robots\" content=\"index, follow, max-snippet:-1, max-image-preview:large, max-video-preview:-1\" \/>\n<link rel=\"canonical\" href=\"https:\/\/lacasitaeducativa.shop\/index.php\/privacy-policy\/\" \/>\n<meta property=\"og:locale\" content=\"es_ES\" \/>\n<meta property=\"og:type\" content=\"article\" \/>\n<meta property=\"og:title\" content=\"Pol\u00edtica de Privacidad - La Casita Educativa\" \/>\n<meta property=\"og:description\" content=\"En esta&nbsp;Pol\u00edtica de Privacidad&nbsp;le informaremos con total&nbsp;transparencia&nbsp;sobre la finalidad de este sitio web y todo lo que afecta a los datos que nos facilite, as\u00ed como de las obligaciones y derechos que le corresponden. Este sitio web se ajusta al cumplimiento de las siguientes normativas: RGPD&nbsp;(Reglamento (UE) 2016\/679 del Parlamento Europeo y del Consejo de [&hellip;]\" \/>\n<meta property=\"og:url\" content=\"https:\/\/lacasitaeducativa.shop\/index.php\/privacy-policy\/\" \/>\n<meta property=\"og:site_name\" content=\"La Casita Educativa\" \/>\n<meta property=\"article:modified_time\" content=\"2020-09-06T18:10:59+00:00\" \/>\n<meta name=\"twitter:card\" content=\"summary_large_image\" \/>\n<meta name=\"twitter:label1\" content=\"Tiempo de lectura\" \/>\n\t<meta name=\"twitter:data1\" content=\"6 minutos\" \/>\n<script type=\"application\/ld+json\" class=\"yoast-schema-graph\">{\"@context\":\"https:\/\/schema.org\",\"@graph\":[{\"@type\":\"WebPage\",\"@id\":\"https:\/\/lacasitaeducativa.shop\/index.php\/privacy-policy\/\",\"url\":\"https:\/\/lacasitaeducativa.shop\/index.php\/privacy-policy\/\",\"name\":\"Pol\u00edtica de Privacidad - La Casita Educativa\",\"isPartOf\":{\"@id\":\"https:\/\/lacasitaeducativa.shop\/#website\"},\"datePublished\":\"2020-08-23T12:18:53+00:00\",\"dateModified\":\"2020-09-06T18:10:59+00:00\",\"breadcrumb\":{\"@id\":\"https:\/\/lacasitaeducativa.shop\/index.php\/privacy-policy\/#breadcrumb\"},\"inLanguage\":\"es\",\"potentialAction\":[{\"@type\":\"ReadAction\",\"target\":[\"https:\/\/lacasitaeducativa.shop\/index.php\/privacy-policy\/\"]}]},{\"@type\":\"BreadcrumbList\",\"@id\":\"https:\/\/lacasitaeducativa.shop\/index.php\/privacy-policy\/#breadcrumb\",\"itemListElement\":[{\"@type\":\"ListItem\",\"position\":1,\"name\":\"Portada\",\"item\":\"https:\/\/lacasitaeducativa.shop\/\"},{\"@type\":\"ListItem\",\"position\":2,\"name\":\"Pol\u00edtica de Privacidad\"}]},{\"@type\":\"WebSite\",\"@id\":\"https:\/\/lacasitaeducativa.shop\/#website\",\"url\":\"https:\/\/lacasitaeducativa.shop\/\",\"name\":\"La Casita Educativa\",\"description\":\"En esta casita encontrar\u00e9is todo tipo de recursos educativos infantiles, desde manualidades hasta actividades, juegos, cuentos, idiomas, adivinanzas y otros.\",\"publisher\":{\"@id\":\"https:\/\/lacasitaeducativa.shop\/#organization\"},\"potentialAction\":[{\"@type\":\"SearchAction\",\"target\":{\"@type\":\"EntryPoint\",\"urlTemplate\":\"https:\/\/lacasitaeducativa.shop\/?s={search_term_string}\"},\"query-input\":{\"@type\":\"PropertyValueSpecification\",\"valueRequired\":true,\"valueName\":\"search_term_string\"}}],\"inLanguage\":\"es\"},{\"@type\":\"Organization\",\"@id\":\"https:\/\/lacasitaeducativa.shop\/#organization\",\"name\":\"La Casita Educativa - LACASITAEDUCATIVA.SHOP\",\"url\":\"https:\/\/lacasitaeducativa.shop\/\",\"logo\":{\"@type\":\"ImageObject\",\"inLanguage\":\"es\",\"@id\":\"https:\/\/lacasitaeducativa.shop\/#\/schema\/logo\/image\/\",\"url\":\"https:\/\/lacasitaeducativa.shop\/wp-content\/uploads\/2020\/08\/Logos-la-casita-educativa-2-1.png\",\"contentUrl\":\"https:\/\/lacasitaeducativa.shop\/wp-content\/uploads\/2020\/08\/Logos-la-casita-educativa-2-1.png\",\"width\":500,\"height\":500,\"caption\":\"La Casita Educativa - LACASITAEDUCATIVA.SHOP\"},\"image\":{\"@id\":\"https:\/\/lacasitaeducativa.shop\/#\/schema\/logo\/image\/\"}}]}<\/script>\n<!-- \/ Yoast SEO plugin. -->","yoast_head_json":{"title":"Pol\u00edtica de Privacidad - La Casita Educativa","robots":{"index":"index","follow":"follow","max-snippet":"max-snippet:-1","max-image-preview":"max-image-preview:large","max-video-preview":"max-video-preview:-1"},"canonical":"https:\/\/lacasitaeducativa.shop\/index.php\/privacy-policy\/","og_locale":"es_ES","og_type":"article","og_title":"Pol\u00edtica de Privacidad - La Casita Educativa","og_description":"En esta&nbsp;Pol\u00edtica de Privacidad&nbsp;le informaremos con total&nbsp;transparencia&nbsp;sobre la finalidad de este sitio web y todo lo que afecta a los datos que nos facilite, as\u00ed como de las obligaciones y derechos que le corresponden. Este sitio web se ajusta al cumplimiento de las siguientes normativas: RGPD&nbsp;(Reglamento (UE) 2016\/679 del Parlamento Europeo y del Consejo de [&hellip;]","og_url":"https:\/\/lacasitaeducativa.shop\/index.php\/privacy-policy\/","og_site_name":"La Casita Educativa","article_modified_time":"2020-09-06T18:10:59+00:00","twitter_card":"summary_large_image","twitter_misc":{"Tiempo de lectura":"6 minutos"},"schema":{"@context":"https:\/\/schema.org","@graph":[{"@type":"WebPage","@id":"https:\/\/lacasitaeducativa.shop\/index.php\/privacy-policy\/","url":"https:\/\/lacasitaeducativa.shop\/index.php\/privacy-policy\/","name":"Pol\u00edtica de Privacidad - La Casita Educativa","isPartOf":{"@id":"https:\/\/lacasitaeducativa.shop\/#website"},"datePublished":"2020-08-23T12:18:53+00:00","dateModified":"2020-09-06T18:10:59+00:00","breadcrumb":{"@id":"https:\/\/lacasitaeducativa.shop\/index.php\/privacy-policy\/#breadcrumb"},"inLanguage":"es","potentialAction":[{"@type":"ReadAction","target":["https:\/\/lacasitaeducativa.shop\/index.php\/privacy-policy\/"]}]},{"@type":"BreadcrumbList","@id":"https:\/\/lacasitaeducativa.shop\/index.php\/privacy-policy\/#breadcrumb","itemListElement":[{"@type":"ListItem","position":1,"name":"Portada","item":"https:\/\/lacasitaeducativa.shop\/"},{"@type":"ListItem","position":2,"name":"Pol\u00edtica de Privacidad"}]},{"@type":"WebSite","@id":"https:\/\/lacasitaeducativa.shop\/#website","url":"https:\/\/lacasitaeducativa.shop\/","name":"La Casita Educativa","description":"En esta casita encontrar\u00e9is todo tipo de recursos educativos infantiles, desde manualidades hasta actividades, juegos, cuentos, idiomas, adivinanzas y otros.","publisher":{"@id":"https:\/\/lacasitaeducativa.shop\/#organization"},"potentialAction":[{"@type":"SearchAction","target":{"@type":"EntryPoint","urlTemplate":"https:\/\/lacasitaeducativa.shop\/?s={search_term_string}"},"query-input":{"@type":"PropertyValueSpecification","valueRequired":true,"valueName":"search_term_string"}}],"inLanguage":"es"},{"@type":"Organization","@id":"https:\/\/lacasitaeducativa.shop\/#organization","name":"La Casita Educativa - LACASITAEDUCATIVA.SHOP","url":"https:\/\/lacasitaeducativa.shop\/","logo":{"@type":"ImageObject","inLanguage":"es","@id":"https:\/\/lacasitaeducativa.shop\/#\/schema\/logo\/image\/","url":"https:\/\/lacasitaeducativa.shop\/wp-content\/uploads\/2020\/08\/Logos-la-casita-educativa-2-1.png","contentUrl":"https:\/\/lacasitaeducativa.shop\/wp-content\/uploads\/2020\/08\/Logos-la-casita-educativa-2-1.png","width":500,"height":500,"caption":"La Casita Educativa - LACASITAEDUCATIVA.SHOP"},"image":{"@id":"https:\/\/lacasitaeducativa.shop\/#\/schema\/logo\/image\/"}}]}},"_links":{"self":[{"href":"https:\/\/lacasitaeducativa.shop\/index.php\/wp-json\/wp\/v2\/pages\/3","targetHints":{"allow":["GET"]}}],"collection":[{"href":"https:\/\/lacasitaeducativa.shop\/index.php\/wp-json\/wp\/v2\/pages"}],"about":[{"href":"https:\/\/lacasitaeducativa.shop\/index.php\/wp-json\/wp\/v2\/types\/page"}],"author":[{"embeddable":true,"href":"https:\/\/lacasitaeducativa.shop\/index.php\/wp-json\/wp\/v2\/users\/19745"}],"replies":[{"embeddable":true,"href":"https:\/\/lacasitaeducativa.shop\/index.php\/wp-json\/wp\/v2\/comments?post=3"}],"version-history":[{"count":5,"href":"https:\/\/lacasitaeducativa.shop\/index.php\/wp-json\/wp\/v2\/pages\/3\/revisions"}],"predecessor-version":[{"id":655,"href":"https:\/\/lacasitaeducativa.shop\/index.php\/wp-json\/wp\/v2\/pages\/3\/revisions\/655"}],"wp:attachment":[{"href":"https:\/\/lacasitaeducativa.shop\/index.php\/wp-json\/wp\/v2\/media?parent=3"}],"curies":[{"name":"wp","href":"https:\/\/api.w.org\/{rel}","templated":true}]}}