{"id":8476,"date":"2020-10-23T17:59:02","date_gmt":"2020-10-23T17:59:02","guid":{"rendered":"https:\/\/lacasitaeducativa.shop\/?page_id=8476"},"modified":"2020-10-24T15:39:15","modified_gmt":"2020-10-24T15:39:15","slug":"como-descargar-nuestros-recursos","status":"publish","type":"page","link":"https:\/\/lacasitaeducativa.shop\/index.php\/como-descargar-nuestros-recursos\/","title":{"rendered":"\u00bfC\u00f3mo descargar nuestros recursos?"},"content":{"rendered":"\n<p>Descargar recursos de nuestra tienda es muy f\u00e1cil, s\u00f3lo tienes que seguir estos sencillos pasos:<\/p>\n\n\n\n<p>1. <strong>Elige <\/strong>el recurso que m\u00e1s te guste de nuestro <a href=\"https:\/\/lacasitaeducativa.shop\/index.php\/tienda\/\">cat\u00e1logo de recursos<\/a>.<\/p>\n\n\n\n<p>2. A\u00f1\u00e1delo al <strong>carrito<\/strong>.<\/p>\n\n\n\n<div class=\"wp-block-image\"><figure class=\"aligncenter size-large\"><img decoding=\"async\" width=\"307\" height=\"132\" src=\"https:\/\/lacasitaeducativa.shop\/wp-content\/uploads\/2020\/10\/agregar.png\" alt=\"\" class=\"wp-image-8481\" srcset=\"https:\/\/lacasitaeducativa.shop\/wp-content\/uploads\/2020\/10\/agregar.png 307w, https:\/\/lacasitaeducativa.shop\/wp-content\/uploads\/2020\/10\/agregar-300x129.png 300w\" sizes=\"(max-width: 307px) 100vw, 307px\" \/><\/figure><\/div>\n\n\n\n<p>3. <strong>Accede <\/strong>a tu carrito.<\/p>\n\n\n\n<div class=\"wp-block-image\"><figure class=\"aligncenter size-large\"><img decoding=\"async\" width=\"362\" height=\"108\" src=\"https:\/\/lacasitaeducativa.shop\/wp-content\/uploads\/2020\/10\/carrito1.png\" alt=\"\" class=\"wp-image-8482\" srcset=\"https:\/\/lacasitaeducativa.shop\/wp-content\/uploads\/2020\/10\/carrito1.png 362w, https:\/\/lacasitaeducativa.shop\/wp-content\/uploads\/2020\/10\/carrito1-300x90.png 300w\" sizes=\"(max-width: 362px) 100vw, 362px\" \/><\/figure><\/div>\n\n\n\n<p>4. Revisa los recursos y <strong>Finaliza tu compra<\/strong>.<\/p>\n\n\n\n<div class=\"wp-block-image\"><figure class=\"aligncenter size-large\"><img fetchpriority=\"high\" decoding=\"async\" width=\"812\" height=\"463\" src=\"https:\/\/lacasitaeducativa.shop\/wp-content\/uploads\/2020\/10\/carrito2.png\" alt=\"\" class=\"wp-image-8484\" srcset=\"https:\/\/lacasitaeducativa.shop\/wp-content\/uploads\/2020\/10\/carrito2.png 812w, https:\/\/lacasitaeducativa.shop\/wp-content\/uploads\/2020\/10\/carrito2-600x342.png 600w, https:\/\/lacasitaeducativa.shop\/wp-content\/uploads\/2020\/10\/carrito2-300x171.png 300w, https:\/\/lacasitaeducativa.shop\/wp-content\/uploads\/2020\/10\/carrito2-768x438.png 768w\" sizes=\"(max-width: 812px) 100vw, 812px\" \/><\/figure><\/div>\n\n\n\n<p>5. <strong>Rellena <\/strong>tus datos. Si lo deseas, marca la opci\u00f3n de <strong>crear cuenta<\/strong>.<\/p>\n\n\n\n<p>6. <strong>Lee y acepta <\/strong>los t\u00e9rminos y condiciones y <strong>Realiza el pedido<\/strong>.<\/p>\n\n\n\n<div class=\"wp-block-image\"><figure class=\"aligncenter size-large\"><img loading=\"lazy\" decoding=\"async\" width=\"795\" height=\"623\" src=\"https:\/\/lacasitaeducativa.shop\/wp-content\/uploads\/2020\/10\/compra.png\" alt=\"\" class=\"wp-image-8485\" srcset=\"https:\/\/lacasitaeducativa.shop\/wp-content\/uploads\/2020\/10\/compra.png 795w, https:\/\/lacasitaeducativa.shop\/wp-content\/uploads\/2020\/10\/compra-600x470.png 600w, https:\/\/lacasitaeducativa.shop\/wp-content\/uploads\/2020\/10\/compra-300x235.png 300w, https:\/\/lacasitaeducativa.shop\/wp-content\/uploads\/2020\/10\/compra-768x602.png 768w\" sizes=\"(max-width: 795px) 100vw, 795px\" \/><\/figure><\/div>\n\n\n\n<p>7. Si todos los recursos son <strong>gratuitos<\/strong>, recibir\u00e1s <strong>inmediatamente <\/strong>un correo electr\u00f3nico con los <strong>enlaces de descarga<\/strong>.<\/p>\n\n\n\n<div class=\"wp-block-image\"><figure class=\"aligncenter size-large\"><img loading=\"lazy\" decoding=\"async\" width=\"555\" height=\"365\" src=\"https:\/\/lacasitaeducativa.shop\/wp-content\/uploads\/2020\/10\/correo.png\" alt=\"\" class=\"wp-image-8486\" srcset=\"https:\/\/lacasitaeducativa.shop\/wp-content\/uploads\/2020\/10\/correo.png 555w, https:\/\/lacasitaeducativa.shop\/wp-content\/uploads\/2020\/10\/correo-300x197.png 300w\" sizes=\"(max-width: 555px) 100vw, 555px\" \/><\/figure><\/div>\n\n\n\n<p>8. Si hay recursos de <strong>pago<\/strong>, deber\u00e1s <strong>formalizar el pago<\/strong> para recibir el correo electr\u00f3nico con los <strong>enlaces de descarga<\/strong>.<\/p>\n\n\n\n<p>9. Disfruta los recursos \ud83d\ude42<\/p>\n","protected":false},"excerpt":{"rendered":"<p>Descargar recursos de nuestra tienda es muy f\u00e1cil, s\u00f3lo tienes que seguir estos sencillos pasos: 1. Elige el recurso que m\u00e1s te guste de nuestro cat\u00e1logo de recursos. 2. A\u00f1\u00e1delo al carrito. 3. Accede a tu carrito. 4. Revisa los recursos y Finaliza tu compra. 5. Rellena tus datos. Si lo deseas, marca la opci\u00f3n [&hellip;]<\/p>\n","protected":false},"author":19745,"featured_media":0,"parent":0,"menu_order":0,"comment_status":"closed","ping_status":"closed","template":"","meta":{"site-sidebar-layout":"default","site-content-layout":"default","ast-site-content-layout":"default","site-content-style":"default","site-sidebar-style":"default","ast-global-header-display":"","ast-banner-title-visibility":"","ast-main-header-display":"","ast-hfb-above-header-display":"","ast-hfb-below-header-display":"","ast-hfb-mobile-header-display":"","site-post-title":"","ast-breadcrumbs-content":"","ast-featured-img":"","footer-sml-layout":"","ast-disable-related-posts":"","theme-transparent-header-meta":"default","adv-header-id-meta":"","stick-header-meta":"","header-above-stick-meta":"","header-main-stick-meta":"","header-below-stick-meta":"","astra-migrate-meta-layouts":"default","ast-page-background-enabled":"default","ast-page-background-meta":{"desktop":{"background-color":"","background-image":"","background-repeat":"repeat","background-position":"center center","background-size":"auto","background-attachment":"scroll","background-type":"","background-media":"","overlay-type":"","overlay-color":"","overlay-opacity":"","overlay-gradient":""},"tablet":{"background-color":"","background-image":"","background-repeat":"repeat","background-position":"center center","background-size":"auto","background-attachment":"scroll","background-type":"","background-media":"","overlay-type":"","overlay-color":"","overlay-opacity":"","overlay-gradient":""},"mobile":{"background-color":"","background-image":"","background-repeat":"repeat","background-position":"center center","background-size":"auto","background-attachment":"scroll","background-type":"","background-media":"","overlay-type":"","overlay-color":"","overlay-opacity":"","overlay-gradient":""}},"ast-content-background-meta":{"desktop":{"background-color":"var(--ast-global-color-5)","background-image":"","background-repeat":"repeat","background-position":"center center","background-size":"auto","background-attachment":"scroll","background-type":"","background-media":"","overlay-type":"","overlay-color":"","overlay-opacity":"","overlay-gradient":""},"tablet":{"background-color":"var(--ast-global-color-5)","background-image":"","background-repeat":"repeat","background-position":"center center","background-size":"auto","background-attachment":"scroll","background-type":"","background-media":"","overlay-type":"","overlay-color":"","overlay-opacity":"","overlay-gradient":""},"mobile":{"background-color":"var(--ast-global-color-5)","background-image":"","background-repeat":"repeat","background-position":"center center","background-size":"auto","background-attachment":"scroll","background-type":"","background-media":"","overlay-type":"","overlay-color":"","overlay-opacity":"","overlay-gradient":""}},"footnotes":""},"class_list":["post-8476","page","type-page","status-publish","hentry"],"yoast_head":"<!-- This site is optimized with the Yoast SEO plugin v26.8 - https:\/\/yoast.com\/product\/yoast-seo-wordpress\/ -->\n<title>\u00bfC\u00f3mo descargar nuestros recursos? - La Casita Educativa<\/title>\n<meta name=\"description\" content=\"En La Casita Educativa encontrar\u00e1s los mejores recursos educativos de educaci\u00f3n infantil y primaria.\" \/>\n<meta name=\"robots\" content=\"index, follow, max-snippet:-1, max-image-preview:large, max-video-preview:-1\" \/>\n<link rel=\"canonical\" href=\"https:\/\/lacasitaeducativa.shop\/index.php\/como-descargar-nuestros-recursos\/\" \/>\n<meta property=\"og:locale\" content=\"es_ES\" \/>\n<meta property=\"og:type\" content=\"article\" \/>\n<meta property=\"og:title\" content=\"\u00bfC\u00f3mo descargar nuestros recursos? - La Casita Educativa\" \/>\n<meta property=\"og:description\" content=\"En La Casita Educativa encontrar\u00e1s los mejores recursos educativos de educaci\u00f3n infantil y primaria.\" \/>\n<meta property=\"og:url\" content=\"https:\/\/lacasitaeducativa.shop\/index.php\/como-descargar-nuestros-recursos\/\" \/>\n<meta property=\"og:site_name\" content=\"La Casita Educativa\" \/>\n<meta property=\"article:modified_time\" content=\"2020-10-24T15:39:15+00:00\" \/>\n<meta property=\"og:image\" content=\"https:\/\/lacasitaeducativa.shop\/wp-content\/uploads\/2020\/10\/agregar.png\" \/>\n<meta name=\"twitter:card\" content=\"summary_large_image\" \/>\n<meta name=\"twitter:label1\" content=\"Tiempo de lectura\" \/>\n\t<meta name=\"twitter:data1\" content=\"1 minuto\" \/>\n<script type=\"application\/ld+json\" class=\"yoast-schema-graph\">{\"@context\":\"https:\/\/schema.org\",\"@graph\":[{\"@type\":\"WebPage\",\"@id\":\"https:\/\/lacasitaeducativa.shop\/index.php\/como-descargar-nuestros-recursos\/\",\"url\":\"https:\/\/lacasitaeducativa.shop\/index.php\/como-descargar-nuestros-recursos\/\",\"name\":\"\u00bfC\u00f3mo descargar nuestros recursos? - La Casita Educativa\",\"isPartOf\":{\"@id\":\"https:\/\/lacasitaeducativa.shop\/#website\"},\"primaryImageOfPage\":{\"@id\":\"https:\/\/lacasitaeducativa.shop\/index.php\/como-descargar-nuestros-recursos\/#primaryimage\"},\"image\":{\"@id\":\"https:\/\/lacasitaeducativa.shop\/index.php\/como-descargar-nuestros-recursos\/#primaryimage\"},\"thumbnailUrl\":\"https:\/\/lacasitaeducativa.shop\/wp-content\/uploads\/2020\/10\/agregar.png\",\"datePublished\":\"2020-10-23T17:59:02+00:00\",\"dateModified\":\"2020-10-24T15:39:15+00:00\",\"description\":\"En La Casita Educativa encontrar\u00e1s los mejores recursos educativos de educaci\u00f3n infantil y primaria.\",\"breadcrumb\":{\"@id\":\"https:\/\/lacasitaeducativa.shop\/index.php\/como-descargar-nuestros-recursos\/#breadcrumb\"},\"inLanguage\":\"es\",\"potentialAction\":[{\"@type\":\"ReadAction\",\"target\":[\"https:\/\/lacasitaeducativa.shop\/index.php\/como-descargar-nuestros-recursos\/\"]}]},{\"@type\":\"ImageObject\",\"inLanguage\":\"es\",\"@id\":\"https:\/\/lacasitaeducativa.shop\/index.php\/como-descargar-nuestros-recursos\/#primaryimage\",\"url\":\"https:\/\/lacasitaeducativa.shop\/wp-content\/uploads\/2020\/10\/agregar.png\",\"contentUrl\":\"https:\/\/lacasitaeducativa.shop\/wp-content\/uploads\/2020\/10\/agregar.png\",\"width\":307,\"height\":132},{\"@type\":\"BreadcrumbList\",\"@id\":\"https:\/\/lacasitaeducativa.shop\/index.php\/como-descargar-nuestros-recursos\/#breadcrumb\",\"itemListElement\":[{\"@type\":\"ListItem\",\"position\":1,\"name\":\"Portada\",\"item\":\"https:\/\/lacasitaeducativa.shop\/\"},{\"@type\":\"ListItem\",\"position\":2,\"name\":\"\u00bfC\u00f3mo descargar nuestros recursos?\"}]},{\"@type\":\"WebSite\",\"@id\":\"https:\/\/lacasitaeducativa.shop\/#website\",\"url\":\"https:\/\/lacasitaeducativa.shop\/\",\"name\":\"La Casita Educativa\",\"description\":\"En esta casita encontrar\u00e9is todo tipo de recursos educativos infantiles, desde manualidades hasta actividades, juegos, cuentos, idiomas, adivinanzas y otros.\",\"publisher\":{\"@id\":\"https:\/\/lacasitaeducativa.shop\/#organization\"},\"potentialAction\":[{\"@type\":\"SearchAction\",\"target\":{\"@type\":\"EntryPoint\",\"urlTemplate\":\"https:\/\/lacasitaeducativa.shop\/?s={search_term_string}\"},\"query-input\":{\"@type\":\"PropertyValueSpecification\",\"valueRequired\":true,\"valueName\":\"search_term_string\"}}],\"inLanguage\":\"es\"},{\"@type\":\"Organization\",\"@id\":\"https:\/\/lacasitaeducativa.shop\/#organization\",\"name\":\"La Casita Educativa - LACASITAEDUCATIVA.SHOP\",\"url\":\"https:\/\/lacasitaeducativa.shop\/\",\"logo\":{\"@type\":\"ImageObject\",\"inLanguage\":\"es\",\"@id\":\"https:\/\/lacasitaeducativa.shop\/#\/schema\/logo\/image\/\",\"url\":\"https:\/\/lacasitaeducativa.shop\/wp-content\/uploads\/2020\/08\/Logos-la-casita-educativa-2-1.png\",\"contentUrl\":\"https:\/\/lacasitaeducativa.shop\/wp-content\/uploads\/2020\/08\/Logos-la-casita-educativa-2-1.png\",\"width\":500,\"height\":500,\"caption\":\"La Casita Educativa - LACASITAEDUCATIVA.SHOP\"},\"image\":{\"@id\":\"https:\/\/lacasitaeducativa.shop\/#\/schema\/logo\/image\/\"}}]}<\/script>\n<!-- \/ Yoast SEO plugin. -->","yoast_head_json":{"title":"\u00bfC\u00f3mo descargar nuestros recursos? - La Casita Educativa","description":"En La Casita Educativa encontrar\u00e1s los mejores recursos educativos de educaci\u00f3n infantil y primaria.","robots":{"index":"index","follow":"follow","max-snippet":"max-snippet:-1","max-image-preview":"max-image-preview:large","max-video-preview":"max-video-preview:-1"},"canonical":"https:\/\/lacasitaeducativa.shop\/index.php\/como-descargar-nuestros-recursos\/","og_locale":"es_ES","og_type":"article","og_title":"\u00bfC\u00f3mo descargar nuestros recursos? - La Casita Educativa","og_description":"En La Casita Educativa encontrar\u00e1s los mejores recursos educativos de educaci\u00f3n infantil y primaria.","og_url":"https:\/\/lacasitaeducativa.shop\/index.php\/como-descargar-nuestros-recursos\/","og_site_name":"La Casita Educativa","article_modified_time":"2020-10-24T15:39:15+00:00","og_image":[{"url":"https:\/\/lacasitaeducativa.shop\/wp-content\/uploads\/2020\/10\/agregar.png","type":"","width":"","height":""}],"twitter_card":"summary_large_image","twitter_misc":{"Tiempo de lectura":"1 minuto"},"schema":{"@context":"https:\/\/schema.org","@graph":[{"@type":"WebPage","@id":"https:\/\/lacasitaeducativa.shop\/index.php\/como-descargar-nuestros-recursos\/","url":"https:\/\/lacasitaeducativa.shop\/index.php\/como-descargar-nuestros-recursos\/","name":"\u00bfC\u00f3mo descargar nuestros recursos? - La Casita Educativa","isPartOf":{"@id":"https:\/\/lacasitaeducativa.shop\/#website"},"primaryImageOfPage":{"@id":"https:\/\/lacasitaeducativa.shop\/index.php\/como-descargar-nuestros-recursos\/#primaryimage"},"image":{"@id":"https:\/\/lacasitaeducativa.shop\/index.php\/como-descargar-nuestros-recursos\/#primaryimage"},"thumbnailUrl":"https:\/\/lacasitaeducativa.shop\/wp-content\/uploads\/2020\/10\/agregar.png","datePublished":"2020-10-23T17:59:02+00:00","dateModified":"2020-10-24T15:39:15+00:00","description":"En La Casita Educativa encontrar\u00e1s los mejores recursos educativos de educaci\u00f3n infantil y primaria.","breadcrumb":{"@id":"https:\/\/lacasitaeducativa.shop\/index.php\/como-descargar-nuestros-recursos\/#breadcrumb"},"inLanguage":"es","potentialAction":[{"@type":"ReadAction","target":["https:\/\/lacasitaeducativa.shop\/index.php\/como-descargar-nuestros-recursos\/"]}]},{"@type":"ImageObject","inLanguage":"es","@id":"https:\/\/lacasitaeducativa.shop\/index.php\/como-descargar-nuestros-recursos\/#primaryimage","url":"https:\/\/lacasitaeducativa.shop\/wp-content\/uploads\/2020\/10\/agregar.png","contentUrl":"https:\/\/lacasitaeducativa.shop\/wp-content\/uploads\/2020\/10\/agregar.png","width":307,"height":132},{"@type":"BreadcrumbList","@id":"https:\/\/lacasitaeducativa.shop\/index.php\/como-descargar-nuestros-recursos\/#breadcrumb","itemListElement":[{"@type":"ListItem","position":1,"name":"Portada","item":"https:\/\/lacasitaeducativa.shop\/"},{"@type":"ListItem","position":2,"name":"\u00bfC\u00f3mo descargar nuestros recursos?"}]},{"@type":"WebSite","@id":"https:\/\/lacasitaeducativa.shop\/#website","url":"https:\/\/lacasitaeducativa.shop\/","name":"La Casita Educativa","description":"En esta casita encontrar\u00e9is todo tipo de recursos educativos infantiles, desde manualidades hasta actividades, juegos, cuentos, idiomas, adivinanzas y otros.","publisher":{"@id":"https:\/\/lacasitaeducativa.shop\/#organization"},"potentialAction":[{"@type":"SearchAction","target":{"@type":"EntryPoint","urlTemplate":"https:\/\/lacasitaeducativa.shop\/?s={search_term_string}"},"query-input":{"@type":"PropertyValueSpecification","valueRequired":true,"valueName":"search_term_string"}}],"inLanguage":"es"},{"@type":"Organization","@id":"https:\/\/lacasitaeducativa.shop\/#organization","name":"La Casita Educativa - LACASITAEDUCATIVA.SHOP","url":"https:\/\/lacasitaeducativa.shop\/","logo":{"@type":"ImageObject","inLanguage":"es","@id":"https:\/\/lacasitaeducativa.shop\/#\/schema\/logo\/image\/","url":"https:\/\/lacasitaeducativa.shop\/wp-content\/uploads\/2020\/08\/Logos-la-casita-educativa-2-1.png","contentUrl":"https:\/\/lacasitaeducativa.shop\/wp-content\/uploads\/2020\/08\/Logos-la-casita-educativa-2-1.png","width":500,"height":500,"caption":"La Casita Educativa - LACASITAEDUCATIVA.SHOP"},"image":{"@id":"https:\/\/lacasitaeducativa.shop\/#\/schema\/logo\/image\/"}}]}},"_links":{"self":[{"href":"https:\/\/lacasitaeducativa.shop\/index.php\/wp-json\/wp\/v2\/pages\/8476","targetHints":{"allow":["GET"]}}],"collection":[{"href":"https:\/\/lacasitaeducativa.shop\/index.php\/wp-json\/wp\/v2\/pages"}],"about":[{"href":"https:\/\/lacasitaeducativa.shop\/index.php\/wp-json\/wp\/v2\/types\/page"}],"author":[{"embeddable":true,"href":"https:\/\/lacasitaeducativa.shop\/index.php\/wp-json\/wp\/v2\/users\/19745"}],"replies":[{"embeddable":true,"href":"https:\/\/lacasitaeducativa.shop\/index.php\/wp-json\/wp\/v2\/comments?post=8476"}],"version-history":[{"count":4,"href":"https:\/\/lacasitaeducativa.shop\/index.php\/wp-json\/wp\/v2\/pages\/8476\/revisions"}],"predecessor-version":[{"id":8653,"href":"https:\/\/lacasitaeducativa.shop\/index.php\/wp-json\/wp\/v2\/pages\/8476\/revisions\/8653"}],"wp:attachment":[{"href":"https:\/\/lacasitaeducativa.shop\/index.php\/wp-json\/wp\/v2\/media?parent=8476"}],"curies":[{"name":"wp","href":"https:\/\/api.w.org\/{rel}","templated":true}]}}