{"id":8659,"date":"2021-01-19T16:36:57","date_gmt":"2021-01-19T16:36:57","guid":{"rendered":"https:\/\/lacasitaeducativa.shop\/?page_id=8659"},"modified":"2025-08-09T10:14:23","modified_gmt":"2025-08-09T10:14:23","slug":"quien-hay-detras-de-la-casita-educativa-conocenos-mejor","status":"publish","type":"page","link":"https:\/\/lacasitaeducativa.shop\/index.php\/quien-hay-detras-de-la-casita-educativa-conocenos-mejor\/","title":{"rendered":"\u00bfQui\u00e9n hay detr\u00e1s de La Casita Educativa? &#8211; Con\u00f3cenos mejor"},"content":{"rendered":"\t\t<div data-elementor-type=\"wp-page\" data-elementor-id=\"8659\" class=\"elementor elementor-8659\">\n\t\t\t\t\t\t<section class=\"elementor-section elementor-top-section elementor-element elementor-element-3c20a88d elementor-section-boxed elementor-section-height-default elementor-section-height-default\" data-id=\"3c20a88d\" data-element_type=\"section\">\n\t\t\t\t\t\t<div class=\"elementor-container elementor-column-gap-default\">\n\t\t\t\t\t<div class=\"elementor-column elementor-col-100 elementor-top-column elementor-element elementor-element-c9b98a5\" data-id=\"c9b98a5\" data-element_type=\"column\">\n\t\t\t<div class=\"elementor-widget-wrap elementor-element-populated\">\n\t\t\t\t\t\t<div class=\"elementor-element elementor-element-5516aae8 elementor-widget elementor-widget-text-editor\" data-id=\"5516aae8\" data-element_type=\"widget\" data-widget_type=\"text-editor.default\">\n\t\t\t\t<div class=\"elementor-widget-container\">\n\t\t\t\t\t\t\t\t\t<p><\/p>\n<p>La Casita Educativa est\u00e1 formada por una familia de 4, Aida (Mam\u00e1), Sergio (Pap\u00e1) y 2 peques (Luc\u00eda y L\u00eda). Empezamos a crear material did\u00e1ctico para que nuestras peque\u00f1as aprendiesen jugando. Como vimos que les encantaba y quer\u00edan m\u00e1s y m\u00e1s, decidimos compartir nuestro trabajo con vosotros para que tambi\u00e9n pudieseis disfrutarlo.<\/p>\n<p><\/p>\n<p>Empezamos en abril de 2019, y poco a poco y con mucho esfuerzo y dedicaci\u00f3n hemos ido creciendo hasta tener m\u00e1s de 350 mil seguidores en <a href=\"https:\/\/www.instagram.com\/la_casita_educativa\/\" target=\"_blank\" rel=\"noreferrer noopener\">Instagram<\/a>. Empezamos compartiendo los recursos de manera gratuita a trav\u00e9s de correo electr\u00f3nico y finalmente creamos el sitio web en el que te encuentras, <strong>lacasitaeducativa.shop<\/strong>.<\/p>\n<p><\/p>\n<p>Se trata de un sitio web con una tienda incorporada en la que puedes adquirir tanto los <strong>recursos gratuitos como aquellos que tienen un peque\u00f1o coste <\/strong>(debido a la mayor dedicaci\u00f3n que requiere su creaci\u00f3n). Adem\u00e1s tambi\u00e9n podr\u00e1s encontrar recomendaciones sobre cuentos infantiles y juegos educativos.<\/p>\n<p><\/p>\n<p>El fin de la La Casita Educativa es que todos los ni\u00f1@s puedan aprender de manera divertida.<\/p>\n<p><\/p>\n<p>\u00a1APRENDER JUGANDO ES LA MEJOR OPCI\u00d3N!<\/p>\n<p><\/p>\n<blockquote class=\"wp-block-quote is-layout-flow wp-block-quote-is-layout-flow\">\n<p><em>Nunca consideres el estudio como una obligaci\u00f3n, sino como una oportunidad para penetrar en el bello y maravilloso mundo del saber<\/em>.<\/p>\n<p><cite>Albert Einstein<\/cite><\/p><\/blockquote>\n<p><\/p>\t\t\t\t\t\t\t\t<\/div>\n\t\t\t\t<\/div>\n\t\t\t\t\t<\/div>\n\t\t<\/div>\n\t\t\t\t\t<\/div>\n\t\t<\/section>\n\t\t\t\t<\/div>\n\t\t","protected":false},"excerpt":{"rendered":"<p>La Casita Educativa est\u00e1 formada por una familia de 4, Aida (Mam\u00e1), Sergio (Pap\u00e1) y 2 peques (Luc\u00eda y L\u00eda). Empezamos a crear material did\u00e1ctico para que nuestras peque\u00f1as aprendiesen jugando. Como vimos que les encantaba y quer\u00edan m\u00e1s y m\u00e1s, decidimos compartir nuestro trabajo con vosotros para que tambi\u00e9n pudieseis disfrutarlo. Empezamos en abril [&hellip;]<\/p>\n","protected":false},"author":19745,"featured_media":0,"parent":0,"menu_order":0,"comment_status":"closed","ping_status":"closed","template":"","meta":{"site-sidebar-layout":"default","site-content-layout":"default","ast-site-content-layout":"default","site-content-style":"default","site-sidebar-style":"default","ast-global-header-display":"","ast-banner-title-visibility":"","ast-main-header-display":"","ast-hfb-above-header-display":"","ast-hfb-below-header-display":"","ast-hfb-mobile-header-display":"","site-post-title":"","ast-breadcrumbs-content":"","ast-featured-img":"","footer-sml-layout":"","ast-disable-related-posts":"","theme-transparent-header-meta":"default","adv-header-id-meta":"","stick-header-meta":"","header-above-stick-meta":"","header-main-stick-meta":"","header-below-stick-meta":"","astra-migrate-meta-layouts":"default","ast-page-background-enabled":"default","ast-page-background-meta":{"desktop":{"background-color":"","background-image":"","background-repeat":"repeat","background-position":"center center","background-size":"auto","background-attachment":"scroll","background-type":"","background-media":"","overlay-type":"","overlay-color":"","overlay-opacity":"","overlay-gradient":""},"tablet":{"background-color":"","background-image":"","background-repeat":"repeat","background-position":"center center","background-size":"auto","background-attachment":"scroll","background-type":"","background-media":"","overlay-type":"","overlay-color":"","overlay-opacity":"","overlay-gradient":""},"mobile":{"background-color":"","background-image":"","background-repeat":"repeat","background-position":"center center","background-size":"auto","background-attachment":"scroll","background-type":"","background-media":"","overlay-type":"","overlay-color":"","overlay-opacity":"","overlay-gradient":""}},"ast-content-background-meta":{"desktop":{"background-color":"var(--ast-global-color-5)","background-image":"","background-repeat":"repeat","background-position":"center center","background-size":"auto","background-attachment":"scroll","background-type":"","background-media":"","overlay-type":"","overlay-color":"","overlay-opacity":"","overlay-gradient":""},"tablet":{"background-color":"var(--ast-global-color-5)","background-image":"","background-repeat":"repeat","background-position":"center center","background-size":"auto","background-attachment":"scroll","background-type":"","background-media":"","overlay-type":"","overlay-color":"","overlay-opacity":"","overlay-gradient":""},"mobile":{"background-color":"var(--ast-global-color-5)","background-image":"","background-repeat":"repeat","background-position":"center center","background-size":"auto","background-attachment":"scroll","background-type":"","background-media":"","overlay-type":"","overlay-color":"","overlay-opacity":"","overlay-gradient":""}},"footnotes":""},"class_list":["post-8659","page","type-page","status-publish","hentry"],"yoast_head":"<!-- This site is optimized with the Yoast SEO plugin v26.8 - https:\/\/yoast.com\/product\/yoast-seo-wordpress\/ -->\n<title>\u00bfQui\u00e9n hay detr\u00e1s de La Casita Educativa? - Con\u00f3cenos mejor - La Casita Educativa<\/title>\n<meta name=\"robots\" content=\"index, follow, max-snippet:-1, max-image-preview:large, max-video-preview:-1\" \/>\n<link rel=\"canonical\" href=\"https:\/\/lacasitaeducativa.shop\/index.php\/quien-hay-detras-de-la-casita-educativa-conocenos-mejor\/\" \/>\n<meta property=\"og:locale\" content=\"es_ES\" \/>\n<meta property=\"og:type\" content=\"article\" \/>\n<meta property=\"og:title\" content=\"\u00bfQui\u00e9n hay detr\u00e1s de La Casita Educativa? - Con\u00f3cenos mejor - La Casita Educativa\" \/>\n<meta property=\"og:description\" content=\"La Casita Educativa est\u00e1 formada por una familia de 4, Aida (Mam\u00e1), Sergio (Pap\u00e1) y 2 peques (Luc\u00eda y L\u00eda). Empezamos a crear material did\u00e1ctico para que nuestras peque\u00f1as aprendiesen jugando. Como vimos que les encantaba y quer\u00edan m\u00e1s y m\u00e1s, decidimos compartir nuestro trabajo con vosotros para que tambi\u00e9n pudieseis disfrutarlo. Empezamos en abril [&hellip;]\" \/>\n<meta property=\"og:url\" content=\"https:\/\/lacasitaeducativa.shop\/index.php\/quien-hay-detras-de-la-casita-educativa-conocenos-mejor\/\" \/>\n<meta property=\"og:site_name\" content=\"La Casita Educativa\" \/>\n<meta property=\"article:modified_time\" content=\"2025-08-09T10:14:23+00:00\" \/>\n<meta name=\"twitter:card\" content=\"summary_large_image\" \/>\n<meta name=\"twitter:label1\" content=\"Tiempo de lectura\" \/>\n\t<meta name=\"twitter:data1\" content=\"1 minuto\" \/>\n<script type=\"application\/ld+json\" class=\"yoast-schema-graph\">{\"@context\":\"https:\/\/schema.org\",\"@graph\":[{\"@type\":\"WebPage\",\"@id\":\"https:\/\/lacasitaeducativa.shop\/index.php\/quien-hay-detras-de-la-casita-educativa-conocenos-mejor\/\",\"url\":\"https:\/\/lacasitaeducativa.shop\/index.php\/quien-hay-detras-de-la-casita-educativa-conocenos-mejor\/\",\"name\":\"\u00bfQui\u00e9n hay detr\u00e1s de La Casita Educativa? - Con\u00f3cenos mejor - La Casita Educativa\",\"isPartOf\":{\"@id\":\"https:\/\/lacasitaeducativa.shop\/#website\"},\"datePublished\":\"2021-01-19T16:36:57+00:00\",\"dateModified\":\"2025-08-09T10:14:23+00:00\",\"breadcrumb\":{\"@id\":\"https:\/\/lacasitaeducativa.shop\/index.php\/quien-hay-detras-de-la-casita-educativa-conocenos-mejor\/#breadcrumb\"},\"inLanguage\":\"es\",\"potentialAction\":[{\"@type\":\"ReadAction\",\"target\":[\"https:\/\/lacasitaeducativa.shop\/index.php\/quien-hay-detras-de-la-casita-educativa-conocenos-mejor\/\"]}]},{\"@type\":\"BreadcrumbList\",\"@id\":\"https:\/\/lacasitaeducativa.shop\/index.php\/quien-hay-detras-de-la-casita-educativa-conocenos-mejor\/#breadcrumb\",\"itemListElement\":[{\"@type\":\"ListItem\",\"position\":1,\"name\":\"Portada\",\"item\":\"https:\/\/lacasitaeducativa.shop\/\"},{\"@type\":\"ListItem\",\"position\":2,\"name\":\"\u00bfQui\u00e9n hay detr\u00e1s de La Casita Educativa? &#8211; Con\u00f3cenos mejor\"}]},{\"@type\":\"WebSite\",\"@id\":\"https:\/\/lacasitaeducativa.shop\/#website\",\"url\":\"https:\/\/lacasitaeducativa.shop\/\",\"name\":\"La Casita Educativa\",\"description\":\"En esta casita encontrar\u00e9is todo tipo de recursos educativos infantiles, desde manualidades hasta actividades, juegos, cuentos, idiomas, adivinanzas y otros.\",\"publisher\":{\"@id\":\"https:\/\/lacasitaeducativa.shop\/#organization\"},\"potentialAction\":[{\"@type\":\"SearchAction\",\"target\":{\"@type\":\"EntryPoint\",\"urlTemplate\":\"https:\/\/lacasitaeducativa.shop\/?s={search_term_string}\"},\"query-input\":{\"@type\":\"PropertyValueSpecification\",\"valueRequired\":true,\"valueName\":\"search_term_string\"}}],\"inLanguage\":\"es\"},{\"@type\":\"Organization\",\"@id\":\"https:\/\/lacasitaeducativa.shop\/#organization\",\"name\":\"La Casita Educativa - LACASITAEDUCATIVA.SHOP\",\"url\":\"https:\/\/lacasitaeducativa.shop\/\",\"logo\":{\"@type\":\"ImageObject\",\"inLanguage\":\"es\",\"@id\":\"https:\/\/lacasitaeducativa.shop\/#\/schema\/logo\/image\/\",\"url\":\"https:\/\/lacasitaeducativa.shop\/wp-content\/uploads\/2020\/08\/Logos-la-casita-educativa-2-1.png\",\"contentUrl\":\"https:\/\/lacasitaeducativa.shop\/wp-content\/uploads\/2020\/08\/Logos-la-casita-educativa-2-1.png\",\"width\":500,\"height\":500,\"caption\":\"La Casita Educativa - LACASITAEDUCATIVA.SHOP\"},\"image\":{\"@id\":\"https:\/\/lacasitaeducativa.shop\/#\/schema\/logo\/image\/\"}}]}<\/script>\n<!-- \/ Yoast SEO plugin. -->","yoast_head_json":{"title":"\u00bfQui\u00e9n hay detr\u00e1s de La Casita Educativa? - Con\u00f3cenos mejor - La Casita Educativa","robots":{"index":"index","follow":"follow","max-snippet":"max-snippet:-1","max-image-preview":"max-image-preview:large","max-video-preview":"max-video-preview:-1"},"canonical":"https:\/\/lacasitaeducativa.shop\/index.php\/quien-hay-detras-de-la-casita-educativa-conocenos-mejor\/","og_locale":"es_ES","og_type":"article","og_title":"\u00bfQui\u00e9n hay detr\u00e1s de La Casita Educativa? - Con\u00f3cenos mejor - La Casita Educativa","og_description":"La Casita Educativa est\u00e1 formada por una familia de 4, Aida (Mam\u00e1), Sergio (Pap\u00e1) y 2 peques (Luc\u00eda y L\u00eda). Empezamos a crear material did\u00e1ctico para que nuestras peque\u00f1as aprendiesen jugando. Como vimos que les encantaba y quer\u00edan m\u00e1s y m\u00e1s, decidimos compartir nuestro trabajo con vosotros para que tambi\u00e9n pudieseis disfrutarlo. Empezamos en abril [&hellip;]","og_url":"https:\/\/lacasitaeducativa.shop\/index.php\/quien-hay-detras-de-la-casita-educativa-conocenos-mejor\/","og_site_name":"La Casita Educativa","article_modified_time":"2025-08-09T10:14:23+00:00","twitter_card":"summary_large_image","twitter_misc":{"Tiempo de lectura":"1 minuto"},"schema":{"@context":"https:\/\/schema.org","@graph":[{"@type":"WebPage","@id":"https:\/\/lacasitaeducativa.shop\/index.php\/quien-hay-detras-de-la-casita-educativa-conocenos-mejor\/","url":"https:\/\/lacasitaeducativa.shop\/index.php\/quien-hay-detras-de-la-casita-educativa-conocenos-mejor\/","name":"\u00bfQui\u00e9n hay detr\u00e1s de La Casita Educativa? - Con\u00f3cenos mejor - La Casita Educativa","isPartOf":{"@id":"https:\/\/lacasitaeducativa.shop\/#website"},"datePublished":"2021-01-19T16:36:57+00:00","dateModified":"2025-08-09T10:14:23+00:00","breadcrumb":{"@id":"https:\/\/lacasitaeducativa.shop\/index.php\/quien-hay-detras-de-la-casita-educativa-conocenos-mejor\/#breadcrumb"},"inLanguage":"es","potentialAction":[{"@type":"ReadAction","target":["https:\/\/lacasitaeducativa.shop\/index.php\/quien-hay-detras-de-la-casita-educativa-conocenos-mejor\/"]}]},{"@type":"BreadcrumbList","@id":"https:\/\/lacasitaeducativa.shop\/index.php\/quien-hay-detras-de-la-casita-educativa-conocenos-mejor\/#breadcrumb","itemListElement":[{"@type":"ListItem","position":1,"name":"Portada","item":"https:\/\/lacasitaeducativa.shop\/"},{"@type":"ListItem","position":2,"name":"\u00bfQui\u00e9n hay detr\u00e1s de La Casita Educativa? &#8211; Con\u00f3cenos mejor"}]},{"@type":"WebSite","@id":"https:\/\/lacasitaeducativa.shop\/#website","url":"https:\/\/lacasitaeducativa.shop\/","name":"La Casita Educativa","description":"En esta casita encontrar\u00e9is todo tipo de recursos educativos infantiles, desde manualidades hasta actividades, juegos, cuentos, idiomas, adivinanzas y otros.","publisher":{"@id":"https:\/\/lacasitaeducativa.shop\/#organization"},"potentialAction":[{"@type":"SearchAction","target":{"@type":"EntryPoint","urlTemplate":"https:\/\/lacasitaeducativa.shop\/?s={search_term_string}"},"query-input":{"@type":"PropertyValueSpecification","valueRequired":true,"valueName":"search_term_string"}}],"inLanguage":"es"},{"@type":"Organization","@id":"https:\/\/lacasitaeducativa.shop\/#organization","name":"La Casita Educativa - LACASITAEDUCATIVA.SHOP","url":"https:\/\/lacasitaeducativa.shop\/","logo":{"@type":"ImageObject","inLanguage":"es","@id":"https:\/\/lacasitaeducativa.shop\/#\/schema\/logo\/image\/","url":"https:\/\/lacasitaeducativa.shop\/wp-content\/uploads\/2020\/08\/Logos-la-casita-educativa-2-1.png","contentUrl":"https:\/\/lacasitaeducativa.shop\/wp-content\/uploads\/2020\/08\/Logos-la-casita-educativa-2-1.png","width":500,"height":500,"caption":"La Casita Educativa - LACASITAEDUCATIVA.SHOP"},"image":{"@id":"https:\/\/lacasitaeducativa.shop\/#\/schema\/logo\/image\/"}}]}},"_links":{"self":[{"href":"https:\/\/lacasitaeducativa.shop\/index.php\/wp-json\/wp\/v2\/pages\/8659","targetHints":{"allow":["GET"]}}],"collection":[{"href":"https:\/\/lacasitaeducativa.shop\/index.php\/wp-json\/wp\/v2\/pages"}],"about":[{"href":"https:\/\/lacasitaeducativa.shop\/index.php\/wp-json\/wp\/v2\/types\/page"}],"author":[{"embeddable":true,"href":"https:\/\/lacasitaeducativa.shop\/index.php\/wp-json\/wp\/v2\/users\/19745"}],"replies":[{"embeddable":true,"href":"https:\/\/lacasitaeducativa.shop\/index.php\/wp-json\/wp\/v2\/comments?post=8659"}],"version-history":[{"count":13,"href":"https:\/\/lacasitaeducativa.shop\/index.php\/wp-json\/wp\/v2\/pages\/8659\/revisions"}],"predecessor-version":[{"id":460177,"href":"https:\/\/lacasitaeducativa.shop\/index.php\/wp-json\/wp\/v2\/pages\/8659\/revisions\/460177"}],"wp:attachment":[{"href":"https:\/\/lacasitaeducativa.shop\/index.php\/wp-json\/wp\/v2\/media?parent=8659"}],"curies":[{"name":"wp","href":"https:\/\/api.w.org\/{rel}","templated":true}]}}