{"id":11407,"date":"2020-11-08T10:09:29","date_gmt":"2020-11-08T10:09:29","guid":{"rendered":"https:\/\/lacasitaeducativa.shop\/?post_type=product&#038;p=11407"},"modified":"2026-03-19T08:32:55","modified_gmt":"2026-03-19T08:32:55","slug":"learning-animals","status":"publish","type":"product","link":"https:\/\/lacasitaeducativa.shop\/index.php\/producto\/learning-animals\/","title":{"rendered":"Animales en ingl\u00e9s para ni\u00f1os"},"content":{"rendered":"<h3 data-section-id=\"1fm38yj\" data-start=\"847\" data-end=\"880\">\ud83e\udde0 \u00bfQu\u00e9 aprender\u00e1n los ni\u00f1os?<\/h3>\n<p data-start=\"882\" data-end=\"928\">Este recurso educativo de <strong data-start=\"720\" data-end=\"753\">animales en ingl\u00e9s para ni\u00f1os<\/strong> es ideal para aprender jugando\u2026, los peques podr\u00e1n:<\/p>\n<ul data-start=\"930\" data-end=\"1160\">\n<li data-section-id=\"aumt5r\" data-start=\"930\" data-end=\"992\">\n<p data-start=\"932\" data-end=\"992\">Aprender y reforzar el <strong data-start=\"955\" data-end=\"992\">vocabulario de animales en ingl\u00e9s<\/strong><\/p>\n<\/li>\n<li data-section-id=\"1cmnbzk\" data-start=\"993\" data-end=\"1038\">\n<p data-start=\"995\" data-end=\"1038\">Mejorar la <strong data-start=\"1006\" data-end=\"1038\">memoria visual y la atenci\u00f3n<\/strong><\/p>\n<\/li>\n<li data-section-id=\"67u19c\" data-start=\"1039\" data-end=\"1098\">\n<p data-start=\"1041\" data-end=\"1098\">Desarrollar habilidades de <strong data-start=\"1068\" data-end=\"1098\">asociaci\u00f3n y clasificaci\u00f3n<\/strong><\/p>\n<\/li>\n<li data-section-id=\"1chfp7u\" data-start=\"1099\" data-end=\"1160\">\n<p data-start=\"1101\" data-end=\"1160\">Fomentar el aprendizaje a trav\u00e9s del <strong data-start=\"1138\" data-end=\"1160\">juego manipulativo<\/strong><\/p>\n<\/li>\n<\/ul>\n<h3 data-section-id=\"1b3gufl\" data-start=\"1167\" data-end=\"1187\">\ud83d\udce6 \u00bfQu\u00e9 incluye?<\/h3>\n<p>Este juego de <strong data-start=\"1152\" data-end=\"1185\">animales en ingl\u00e9s para ni\u00f1os<\/strong> contiene:<\/p>\n<ul data-start=\"1189\" data-end=\"1296\">\n<li data-section-id=\"3ienl6\" data-start=\"1189\" data-end=\"1215\">\n<p data-start=\"1191\" data-end=\"1215\">12 tarjetas educativas<\/p>\n<\/li>\n<li data-section-id=\"1yoe8ox\" data-start=\"1216\" data-end=\"1242\">\n<p data-start=\"1218\" data-end=\"1242\">48 animales diferentes<\/p>\n<\/li>\n<li data-section-id=\"105in5x\" data-start=\"1243\" data-end=\"1296\">\n<p data-start=\"1245\" data-end=\"1296\">Dise\u00f1o atractivo y adaptado a infantil y primaria<\/p>\n<\/li>\n<\/ul>\n<h3 data-section-id=\"1h6jumy\" data-start=\"1303\" data-end=\"1327\">\ud83c\udfb2 \u00bfC\u00f3mo se utiliza?<\/h3>\n<p data-start=\"1329\" data-end=\"1377\">Este material permite m\u00faltiples formas de juego:<\/p>\n<ul data-start=\"1379\" data-end=\"1528\">\n<li data-section-id=\"1myvpz\" data-start=\"1379\" data-end=\"1423\">\n<p data-start=\"1381\" data-end=\"1423\">Identificar y nombrar animales en ingl\u00e9s<\/p>\n<\/li>\n<li data-section-id=\"269q0t\" data-start=\"1460\" data-end=\"1492\">\n<p data-start=\"1462\" data-end=\"1492\">Clasificaci\u00f3n por categor\u00edas<\/p>\n<\/li>\n<li data-section-id=\"1shd457\" data-start=\"1493\" data-end=\"1528\">\n<p data-start=\"1495\" data-end=\"1528\">Actividades de vocabulario oral<\/p>\n<\/li>\n<\/ul>\n<p data-start=\"1530\" data-end=\"1573\">Perfecto tanto para el aula como para casa.<\/p>\n<h3 data-section-id=\"1s06t6c\" data-start=\"1580\" data-end=\"1603\">\ud83d\udc76 Edad recomendada<\/h3>\n<p data-start=\"1605\" data-end=\"1713\">Ideal para ni\u00f1os y ni\u00f1as de <strong data-start=\"1633\" data-end=\"1647\">3 a 8 a\u00f1os<\/strong>, tanto en educaci\u00f3n infantil como en primeros cursos de primaria.<\/p>\n<h3 data-section-id=\"hza55e\" data-start=\"1720\" data-end=\"1749\">\ud83c\udf1f Beneficios del recurso<\/h3>\n<p data-start=\"1751\" data-end=\"1928\">\u2714 Aprendizaje l\u00fadico y significativo<br data-start=\"1787\" data-end=\"1790\" \/>\u2714 Material imprimible y f\u00e1cil de preparar<br data-start=\"1831\" data-end=\"1834\" \/>\u2714 Favorece la autonom\u00eda del alumno<br data-start=\"1868\" data-end=\"1871\" \/>\u2714 Perfecto para rincones, estaciones o refuerzo en casa<\/p>\n<h3 data-section-id=\"7726mo\" data-start=\"1935\" data-end=\"1953\">\ud83c\udfeb Ideal para\u2026<\/h3>\n<ul data-start=\"1955\" data-end=\"2116\">\n<li data-section-id=\"1ldp776\" data-start=\"1955\" data-end=\"1990\">\n<p data-start=\"1957\" data-end=\"1990\">Maestros de infantil y primaria<\/p>\n<\/li>\n<li data-section-id=\"129bfh\" data-start=\"1991\" data-end=\"2039\">\n<p data-start=\"1993\" data-end=\"2039\">Familias que quieren aprender ingl\u00e9s jugando<\/p>\n<\/li>\n<li data-section-id=\"1xwk37r\" data-start=\"2040\" data-end=\"2070\">\n<p data-start=\"2042\" data-end=\"2070\">Refuerzo educativo en casa<\/p>\n<\/li>\n<li data-section-id=\"1ofnw0s\" data-start=\"2071\" data-end=\"2116\">\n<p data-start=\"2073\" data-end=\"2116\">Rincones de aula o centros de aprendizaje<\/p>\n<\/li>\n<\/ul>\n","protected":false},"excerpt":{"rendered":"<p>\u00bfBuscas un recurso educativo divertido y manipulativo para aprender los animales en ingl\u00e9s?<br data-start=\"702\" data-end=\"705\" \/><strong data-start=\"705\" data-end=\"725\">Learning Animals<\/strong> es un material did\u00e1ctico ideal para trabajar el vocabulario de animales de forma visual, din\u00e1mica y significativa.<\/p>\n<p>Contiene m\u00e1s de 40 animales diferentes.<\/p>\n<p><script async src=\"https:\/\/pagead2.googlesyndication.com\/pagead\/js\/adsbygoogle.js\"><\/script><br \/>\n<!-- Horizontal-Adaptable --><br \/>\n<ins class=\"adsbygoogle\" style=\"display: block;\" data-ad-client=\"ca-pub-1103545772104863\" data-ad-slot=\"5194289265\" data-ad-format=\"auto\" data-full-width-responsive=\"true\"><\/ins><br \/>\n<script>\n     (adsbygoogle = window.adsbygoogle || []).push({});\n<\/script><\/p>\n","protected":false},"featured_media":11408,"comment_status":"open","ping_status":"closed","template":"","meta":{"site-sidebar-layout":"default","site-content-layout":"default","ast-site-content-layout":"default","site-content-style":"default","site-sidebar-style":"default","ast-global-header-display":"","ast-banner-title-visibility":"","ast-main-header-display":"","ast-hfb-above-header-display":"","ast-hfb-below-header-display":"","ast-hfb-mobile-header-display":"","site-post-title":"","ast-breadcrumbs-content":"","ast-featured-img":"","footer-sml-layout":"","ast-disable-related-posts":"","theme-transparent-header-meta":"default","adv-header-id-meta":"","stick-header-meta":"","header-above-stick-meta":"","header-main-stick-meta":"","header-below-stick-meta":"","astra-migrate-meta-layouts":"set","ast-page-background-enabled":"default","ast-page-background-meta":{"desktop":{"background-color":"","background-image":"","background-repeat":"repeat","background-position":"center center","background-size":"auto","background-attachment":"scroll","background-type":"","background-media":"","overlay-type":"","overlay-color":"","overlay-opacity":"","overlay-gradient":""},"tablet":{"background-color":"","background-image":"","background-repeat":"repeat","background-position":"center center","background-size":"auto","background-attachment":"scroll","background-type":"","background-media":"","overlay-type":"","overlay-color":"","overlay-opacity":"","overlay-gradient":""},"mobile":{"background-color":"","background-image":"","background-repeat":"repeat","background-position":"center center","background-size":"auto","background-attachment":"scroll","background-type":"","background-media":"","overlay-type":"","overlay-color":"","overlay-opacity":"","overlay-gradient":""}},"ast-content-background-meta":{"desktop":{"background-color":"var(--ast-global-color-5)","background-image":"","background-repeat":"repeat","background-position":"center center","background-size":"auto","background-attachment":"scroll","background-type":"","background-media":"","overlay-type":"","overlay-color":"","overlay-opacity":"","overlay-gradient":""},"tablet":{"background-color":"var(--ast-global-color-5)","background-image":"","background-repeat":"repeat","background-position":"center center","background-size":"auto","background-attachment":"scroll","background-type":"","background-media":"","overlay-type":"","overlay-color":"","overlay-opacity":"","overlay-gradient":""},"mobile":{"background-color":"var(--ast-global-color-5)","background-image":"","background-repeat":"repeat","background-position":"center center","background-size":"auto","background-attachment":"scroll","background-type":"","background-media":"","overlay-type":"","overlay-color":"","overlay-opacity":"","overlay-gradient":""}}},"product_brand":[],"product_cat":[86,79],"product_tag":[821,816,817,818,819,820],"class_list":{"0":"post-11407","1":"product","2":"type-product","3":"status-publish","4":"has-post-thumbnail","6":"product_cat-animales","7":"product_cat-ingles","8":"product_tag-actividades-animales-infantil","9":"product_tag-animales-en-ingles-ninos","10":"product_tag-juego-animales-ingles-infantil","11":"product_tag-material-manipulativo-animales","12":"product_tag-recurso-educativo-animales-ingles","13":"product_tag-vocabulario-animales-ingles-ninos","14":"desktop-align-left","15":"tablet-align-left","16":"mobile-align-left","18":"first","19":"instock","20":"downloadable","21":"virtual","22":"taxable","23":"purchasable","24":"product-type-simple"},"yoast_head":"<!-- This site is optimized with the Yoast SEO plugin v26.8 - https:\/\/yoast.com\/product\/yoast-seo-wordpress\/ -->\n<title>animales en ingl\u00e9s - Animales en ingl\u00e9s para ni\u00f1os - La Casita Educativa<\/title>\n<meta name=\"description\" content=\"Aprende los animales en ingl\u00e9s con este juego educativo imprimible. Recurso manipulativo ideal para infantil y primaria. \u00a1Aprender jugando!\" \/>\n<meta name=\"robots\" content=\"index, follow, max-snippet:-1, max-image-preview:large, max-video-preview:-1\" \/>\n<link rel=\"canonical\" href=\"https:\/\/lacasitaeducativa.shop\/index.php\/producto\/learning-animals\/\" \/>\n<meta property=\"og:locale\" content=\"es_ES\" \/>\n<meta property=\"og:type\" content=\"article\" \/>\n<meta property=\"og:title\" content=\"animales en ingl\u00e9s - Animales en ingl\u00e9s para ni\u00f1os - La Casita Educativa\" \/>\n<meta property=\"og:description\" content=\"Aprende los animales en ingl\u00e9s con este juego educativo imprimible. Recurso manipulativo ideal para infantil y primaria. \u00a1Aprender jugando!\" \/>\n<meta property=\"og:url\" content=\"https:\/\/lacasitaeducativa.shop\/index.php\/producto\/learning-animals\/\" \/>\n<meta property=\"og:site_name\" content=\"La Casita Educativa\" \/>\n<meta property=\"article:modified_time\" content=\"2026-03-19T08:32:55+00:00\" \/>\n<meta property=\"og:image\" content=\"https:\/\/lacasitaeducativa.shop\/wp-content\/uploads\/2020\/11\/Animals-english.jpg\" \/>\n\t<meta property=\"og:image:width\" content=\"1080\" \/>\n\t<meta property=\"og:image:height\" content=\"1080\" \/>\n\t<meta property=\"og:image:type\" content=\"image\/jpeg\" \/>\n<meta name=\"twitter:card\" content=\"summary_large_image\" \/>\n<meta name=\"twitter:label1\" content=\"Tiempo de lectura\" \/>\n\t<meta name=\"twitter:data1\" content=\"2 minutos\" \/>\n<script type=\"application\/ld+json\" class=\"yoast-schema-graph\">{\"@context\":\"https:\/\/schema.org\",\"@graph\":[{\"@type\":\"WebPage\",\"@id\":\"https:\/\/lacasitaeducativa.shop\/index.php\/producto\/learning-animals\/\",\"url\":\"https:\/\/lacasitaeducativa.shop\/index.php\/producto\/learning-animals\/\",\"name\":\"animales en ingl\u00e9s - Animales en ingl\u00e9s para ni\u00f1os - La Casita Educativa\",\"isPartOf\":{\"@id\":\"https:\/\/lacasitaeducativa.shop\/#website\"},\"primaryImageOfPage\":{\"@id\":\"https:\/\/lacasitaeducativa.shop\/index.php\/producto\/learning-animals\/#primaryimage\"},\"image\":{\"@id\":\"https:\/\/lacasitaeducativa.shop\/index.php\/producto\/learning-animals\/#primaryimage\"},\"thumbnailUrl\":\"https:\/\/lacasitaeducativa.shop\/wp-content\/uploads\/2020\/11\/Animals-english.jpg\",\"datePublished\":\"2020-11-08T10:09:29+00:00\",\"dateModified\":\"2026-03-19T08:32:55+00:00\",\"description\":\"Aprende los animales en ingl\u00e9s con este juego educativo imprimible. Recurso manipulativo ideal para infantil y primaria. \u00a1Aprender jugando!\",\"breadcrumb\":{\"@id\":\"https:\/\/lacasitaeducativa.shop\/index.php\/producto\/learning-animals\/#breadcrumb\"},\"inLanguage\":\"es\",\"potentialAction\":[{\"@type\":\"ReadAction\",\"target\":[\"https:\/\/lacasitaeducativa.shop\/index.php\/producto\/learning-animals\/\"]}]},{\"@type\":\"ImageObject\",\"inLanguage\":\"es\",\"@id\":\"https:\/\/lacasitaeducativa.shop\/index.php\/producto\/learning-animals\/#primaryimage\",\"url\":\"https:\/\/lacasitaeducativa.shop\/wp-content\/uploads\/2020\/11\/Animals-english.jpg\",\"contentUrl\":\"https:\/\/lacasitaeducativa.shop\/wp-content\/uploads\/2020\/11\/Animals-english.jpg\",\"width\":1080,\"height\":1080,\"caption\":\"Animales en ingl\u00e9s\"},{\"@type\":\"BreadcrumbList\",\"@id\":\"https:\/\/lacasitaeducativa.shop\/index.php\/producto\/learning-animals\/#breadcrumb\",\"itemListElement\":[{\"@type\":\"ListItem\",\"position\":1,\"name\":\"Portada\",\"item\":\"https:\/\/lacasitaeducativa.shop\/\"},{\"@type\":\"ListItem\",\"position\":2,\"name\":\"Recursos\",\"item\":\"https:\/\/lacasitaeducativa.shop\/index.php\/tienda\/\"},{\"@type\":\"ListItem\",\"position\":3,\"name\":\"Animales en ingl\u00e9s para ni\u00f1os\"}]},{\"@type\":\"WebSite\",\"@id\":\"https:\/\/lacasitaeducativa.shop\/#website\",\"url\":\"https:\/\/lacasitaeducativa.shop\/\",\"name\":\"La Casita Educativa\",\"description\":\"En esta casita encontrar\u00e9is todo tipo de recursos educativos infantiles, desde manualidades hasta actividades, juegos, cuentos, idiomas, adivinanzas y otros.\",\"publisher\":{\"@id\":\"https:\/\/lacasitaeducativa.shop\/#organization\"},\"potentialAction\":[{\"@type\":\"SearchAction\",\"target\":{\"@type\":\"EntryPoint\",\"urlTemplate\":\"https:\/\/lacasitaeducativa.shop\/?s={search_term_string}\"},\"query-input\":{\"@type\":\"PropertyValueSpecification\",\"valueRequired\":true,\"valueName\":\"search_term_string\"}}],\"inLanguage\":\"es\"},{\"@type\":\"Organization\",\"@id\":\"https:\/\/lacasitaeducativa.shop\/#organization\",\"name\":\"La Casita Educativa - LACASITAEDUCATIVA.SHOP\",\"url\":\"https:\/\/lacasitaeducativa.shop\/\",\"logo\":{\"@type\":\"ImageObject\",\"inLanguage\":\"es\",\"@id\":\"https:\/\/lacasitaeducativa.shop\/#\/schema\/logo\/image\/\",\"url\":\"https:\/\/lacasitaeducativa.shop\/wp-content\/uploads\/2020\/08\/Logos-la-casita-educativa-2-1.png\",\"contentUrl\":\"https:\/\/lacasitaeducativa.shop\/wp-content\/uploads\/2020\/08\/Logos-la-casita-educativa-2-1.png\",\"width\":500,\"height\":500,\"caption\":\"La Casita Educativa - LACASITAEDUCATIVA.SHOP\"},\"image\":{\"@id\":\"https:\/\/lacasitaeducativa.shop\/#\/schema\/logo\/image\/\"}}]}<\/script>\n<!-- \/ Yoast SEO plugin. -->","yoast_head_json":{"title":"animales en ingl\u00e9s - Animales en ingl\u00e9s para ni\u00f1os - La Casita Educativa","description":"Aprende los animales en ingl\u00e9s con este juego educativo imprimible. Recurso manipulativo ideal para infantil y primaria. \u00a1Aprender jugando!","robots":{"index":"index","follow":"follow","max-snippet":"max-snippet:-1","max-image-preview":"max-image-preview:large","max-video-preview":"max-video-preview:-1"},"canonical":"https:\/\/lacasitaeducativa.shop\/index.php\/producto\/learning-animals\/","og_locale":"es_ES","og_type":"article","og_title":"animales en ingl\u00e9s - Animales en ingl\u00e9s para ni\u00f1os - La Casita Educativa","og_description":"Aprende los animales en ingl\u00e9s con este juego educativo imprimible. Recurso manipulativo ideal para infantil y primaria. \u00a1Aprender jugando!","og_url":"https:\/\/lacasitaeducativa.shop\/index.php\/producto\/learning-animals\/","og_site_name":"La Casita Educativa","article_modified_time":"2026-03-19T08:32:55+00:00","og_image":[{"width":1080,"height":1080,"url":"https:\/\/lacasitaeducativa.shop\/wp-content\/uploads\/2020\/11\/Animals-english.jpg","type":"image\/jpeg"}],"twitter_card":"summary_large_image","twitter_misc":{"Tiempo de lectura":"2 minutos"},"schema":{"@context":"https:\/\/schema.org","@graph":[{"@type":"WebPage","@id":"https:\/\/lacasitaeducativa.shop\/index.php\/producto\/learning-animals\/","url":"https:\/\/lacasitaeducativa.shop\/index.php\/producto\/learning-animals\/","name":"animales en ingl\u00e9s - Animales en ingl\u00e9s para ni\u00f1os - La Casita Educativa","isPartOf":{"@id":"https:\/\/lacasitaeducativa.shop\/#website"},"primaryImageOfPage":{"@id":"https:\/\/lacasitaeducativa.shop\/index.php\/producto\/learning-animals\/#primaryimage"},"image":{"@id":"https:\/\/lacasitaeducativa.shop\/index.php\/producto\/learning-animals\/#primaryimage"},"thumbnailUrl":"https:\/\/lacasitaeducativa.shop\/wp-content\/uploads\/2020\/11\/Animals-english.jpg","datePublished":"2020-11-08T10:09:29+00:00","dateModified":"2026-03-19T08:32:55+00:00","description":"Aprende los animales en ingl\u00e9s con este juego educativo imprimible. Recurso manipulativo ideal para infantil y primaria. \u00a1Aprender jugando!","breadcrumb":{"@id":"https:\/\/lacasitaeducativa.shop\/index.php\/producto\/learning-animals\/#breadcrumb"},"inLanguage":"es","potentialAction":[{"@type":"ReadAction","target":["https:\/\/lacasitaeducativa.shop\/index.php\/producto\/learning-animals\/"]}]},{"@type":"ImageObject","inLanguage":"es","@id":"https:\/\/lacasitaeducativa.shop\/index.php\/producto\/learning-animals\/#primaryimage","url":"https:\/\/lacasitaeducativa.shop\/wp-content\/uploads\/2020\/11\/Animals-english.jpg","contentUrl":"https:\/\/lacasitaeducativa.shop\/wp-content\/uploads\/2020\/11\/Animals-english.jpg","width":1080,"height":1080,"caption":"Animales en ingl\u00e9s"},{"@type":"BreadcrumbList","@id":"https:\/\/lacasitaeducativa.shop\/index.php\/producto\/learning-animals\/#breadcrumb","itemListElement":[{"@type":"ListItem","position":1,"name":"Portada","item":"https:\/\/lacasitaeducativa.shop\/"},{"@type":"ListItem","position":2,"name":"Recursos","item":"https:\/\/lacasitaeducativa.shop\/index.php\/tienda\/"},{"@type":"ListItem","position":3,"name":"Animales en ingl\u00e9s para ni\u00f1os"}]},{"@type":"WebSite","@id":"https:\/\/lacasitaeducativa.shop\/#website","url":"https:\/\/lacasitaeducativa.shop\/","name":"La Casita Educativa","description":"En esta casita encontrar\u00e9is todo tipo de recursos educativos infantiles, desde manualidades hasta actividades, juegos, cuentos, idiomas, adivinanzas y otros.","publisher":{"@id":"https:\/\/lacasitaeducativa.shop\/#organization"},"potentialAction":[{"@type":"SearchAction","target":{"@type":"EntryPoint","urlTemplate":"https:\/\/lacasitaeducativa.shop\/?s={search_term_string}"},"query-input":{"@type":"PropertyValueSpecification","valueRequired":true,"valueName":"search_term_string"}}],"inLanguage":"es"},{"@type":"Organization","@id":"https:\/\/lacasitaeducativa.shop\/#organization","name":"La Casita Educativa - LACASITAEDUCATIVA.SHOP","url":"https:\/\/lacasitaeducativa.shop\/","logo":{"@type":"ImageObject","inLanguage":"es","@id":"https:\/\/lacasitaeducativa.shop\/#\/schema\/logo\/image\/","url":"https:\/\/lacasitaeducativa.shop\/wp-content\/uploads\/2020\/08\/Logos-la-casita-educativa-2-1.png","contentUrl":"https:\/\/lacasitaeducativa.shop\/wp-content\/uploads\/2020\/08\/Logos-la-casita-educativa-2-1.png","width":500,"height":500,"caption":"La Casita Educativa - LACASITAEDUCATIVA.SHOP"},"image":{"@id":"https:\/\/lacasitaeducativa.shop\/#\/schema\/logo\/image\/"}}]}},"_links":{"self":[{"href":"https:\/\/lacasitaeducativa.shop\/index.php\/wp-json\/wp\/v2\/product\/11407","targetHints":{"allow":["GET"]}}],"collection":[{"href":"https:\/\/lacasitaeducativa.shop\/index.php\/wp-json\/wp\/v2\/product"}],"about":[{"href":"https:\/\/lacasitaeducativa.shop\/index.php\/wp-json\/wp\/v2\/types\/product"}],"replies":[{"embeddable":true,"href":"https:\/\/lacasitaeducativa.shop\/index.php\/wp-json\/wp\/v2\/comments?post=11407"}],"wp:featuredmedia":[{"embeddable":true,"href":"https:\/\/lacasitaeducativa.shop\/index.php\/wp-json\/wp\/v2\/media\/11408"}],"wp:attachment":[{"href":"https:\/\/lacasitaeducativa.shop\/index.php\/wp-json\/wp\/v2\/media?parent=11407"}],"wp:term":[{"taxonomy":"product_brand","embeddable":true,"href":"https:\/\/lacasitaeducativa.shop\/index.php\/wp-json\/wp\/v2\/product_brand?post=11407"},{"taxonomy":"product_cat","embeddable":true,"href":"https:\/\/lacasitaeducativa.shop\/index.php\/wp-json\/wp\/v2\/product_cat?post=11407"},{"taxonomy":"product_tag","embeddable":true,"href":"https:\/\/lacasitaeducativa.shop\/index.php\/wp-json\/wp\/v2\/product_tag?post=11407"}],"curies":[{"name":"wp","href":"https:\/\/api.w.org\/{rel}","templated":true}]}}