{"id":12171,"date":"2020-11-14T18:34:06","date_gmt":"2020-11-14T18:34:06","guid":{"rendered":"https:\/\/lacasitaeducativa.shop\/?post_type=product&#038;p=12171"},"modified":"2026-03-24T14:41:50","modified_gmt":"2026-03-24T14:41:50","slug":"juego-educativo-aprender-las-horas","status":"publish","type":"product","link":"https:\/\/lacasitaeducativa.shop\/index.php\/producto\/juego-educativo-aprender-las-horas\/","title":{"rendered":"Aprender las horas \u2013 Juego educativo con reloj anal\u00f3gico y digital para primaria"},"content":{"rendered":"<h3>\ud83d\udcda \u00bfQu\u00e9 incluye este material de aprender las horas?<\/h3>\n<p>El juego manipulativo de aprender las horas contiene:<\/p>\n<ul>\n<li>Tablero tama\u00f1o A3<\/li>\n<li>8 fichas en forma de reloj<\/li>\n<li>24 tarjetas con preguntas relacionadas con las horas<\/li>\n<li>Reloj manipulativo, en dos colores para elegir.<\/li>\n<\/ul>\n<h2 data-section-id=\"6ip827\" data-start=\"2039\" data-end=\"2061\">\ud83c\udfaf \u00bfQu\u00e9 aprender\u00e1n?<\/h2>\n<p data-start=\"2063\" data-end=\"2107\">Con este recurso educativo para aprender las horas los ni\u00f1os podr\u00e1n:<\/p>\n<ul data-start=\"2109\" data-end=\"2270\">\n<li data-section-id=\"12uhx7w\" data-start=\"2109\" data-end=\"2150\">Aprender las horas en reloj anal\u00f3gico<\/li>\n<li data-section-id=\"16mezk5\" data-start=\"2151\" data-end=\"2190\">Aprender las horas en reloj digital<\/li>\n<li data-section-id=\"1itul84\" data-start=\"2191\" data-end=\"2236\">Relacionar las horas con su rutina diaria<\/li>\n<li data-section-id=\"q1yflc\" data-start=\"2237\" data-end=\"2270\">Comprender el paso del tiempo<\/li>\n<\/ul>\n<h2 data-section-id=\"8p8za\" data-start=\"2277\" data-end=\"2297\">\ud83d\udc69\u200d\ud83c\udfeb Ideal para:<\/h2>\n<ul data-start=\"2299\" data-end=\"2354\">\n<li data-section-id=\"1g7ew2f\" data-start=\"2299\" data-end=\"2311\">Infantil<\/li>\n<li data-section-id=\"ci37qt\" data-start=\"2312\" data-end=\"2324\">Primaria<\/li>\n<li data-section-id=\"1x2pwz9\" data-start=\"2325\" data-end=\"2345\">Refuerzo en casa<\/li>\n<li data-section-id=\"1wjp9ip\" data-start=\"2346\" data-end=\"2354\">Aula<\/li>\n<\/ul>\n<h2 data-section-id=\"1201xir\" data-start=\"2361\" data-end=\"2411\">\ud83d\udca1 Beneficios del juego para aprender las horas<\/h2>\n<ul data-start=\"2413\" data-end=\"2519\">\n<li data-section-id=\"c049qb\" data-start=\"2413\" data-end=\"2438\">Aprendizaje divertido<\/li>\n<li data-section-id=\"1rv7xg\" data-start=\"2439\" data-end=\"2464\">Material manipulativo<\/li>\n<li data-section-id=\"fceyal\" data-start=\"2465\" data-end=\"2482\">F\u00e1cil de usar<\/li>\n<li data-section-id=\"1nf0pn7\" data-start=\"2483\" data-end=\"2519\">Mejora la comprensi\u00f3n del tiempo<\/li>\n<\/ul>\n<p>\u201cAprender las horas es una de las habilidades m\u00e1s importantes en primaria, ya que permite a los ni\u00f1os organizar su d\u00eda y entender el paso del tiempo.\u201d<\/p>\n<h2 data-section-id=\"t7i0j5\" data-start=\"2526\" data-end=\"2539\">\ud83d\udce5 Formato<\/h2>\n<p data-start=\"2541\" data-end=\"2571\">PDF imprimible listo para usar<\/p>\n<h2 data-section-id=\"t7i0j5\" data-start=\"2526\" data-end=\"2539\">\ud83d\udce5 Idioma<\/h2>\n<p>Castellano y catal\u00e1n<\/p>\n<p>&nbsp;<\/p>\n<p>&nbsp;<\/p>\n","protected":false},"excerpt":{"rendered":"<p data-start=\"1344\" data-end=\"1424\">\u00bfBuscas una forma divertida y efectiva de ense\u00f1ar a tus alumnos a leer el reloj?<\/p>\n<p data-start=\"1426\" data-end=\"1639\">Este <strong data-start=\"1431\" data-end=\"1474\">juego educativo para aprender las horas<\/strong> est\u00e1 dise\u00f1ado para que los ni\u00f1os comprendan el paso del tiempo de manera visual, manipulativa y significativa, trabajando tanto el <strong data-start=\"1606\" data-end=\"1638\">reloj anal\u00f3gico como digital<\/strong>.<\/p>\n<p><script async src=\"https:\/\/pagead2.googlesyndication.com\/pagead\/js\/adsbygoogle.js\"><\/script><br \/>\n<!-- Horizontal-Adaptable --><br \/>\n<ins class=\"adsbygoogle\" style=\"display: block;\" data-ad-client=\"ca-pub-1103545772104863\" data-ad-slot=\"5194289265\" data-ad-format=\"auto\" data-full-width-responsive=\"true\"><\/ins><br \/>\n<script>\n     (adsbygoogle = window.adsbygoogle || []).push({});\n<\/script><\/p>\n","protected":false},"featured_media":113324,"comment_status":"open","ping_status":"closed","template":"","meta":{"site-sidebar-layout":"default","site-content-layout":"default","ast-site-content-layout":"default","site-content-style":"default","site-sidebar-style":"default","ast-global-header-display":"","ast-banner-title-visibility":"","ast-main-header-display":"","ast-hfb-above-header-display":"","ast-hfb-below-header-display":"","ast-hfb-mobile-header-display":"","site-post-title":"","ast-breadcrumbs-content":"","ast-featured-img":"","footer-sml-layout":"","ast-disable-related-posts":"","theme-transparent-header-meta":"default","adv-header-id-meta":"","stick-header-meta":"","header-above-stick-meta":"","header-main-stick-meta":"","header-below-stick-meta":"","astra-migrate-meta-layouts":"set","ast-page-background-enabled":"default","ast-page-background-meta":{"desktop":{"background-color":"","background-image":"","background-repeat":"repeat","background-position":"center center","background-size":"auto","background-attachment":"scroll","background-type":"","background-media":"","overlay-type":"","overlay-color":"","overlay-opacity":"","overlay-gradient":""},"tablet":{"background-color":"","background-image":"","background-repeat":"repeat","background-position":"center center","background-size":"auto","background-attachment":"scroll","background-type":"","background-media":"","overlay-type":"","overlay-color":"","overlay-opacity":"","overlay-gradient":""},"mobile":{"background-color":"","background-image":"","background-repeat":"repeat","background-position":"center center","background-size":"auto","background-attachment":"scroll","background-type":"","background-media":"","overlay-type":"","overlay-color":"","overlay-opacity":"","overlay-gradient":""}},"ast-content-background-meta":{"desktop":{"background-color":"var(--ast-global-color-5)","background-image":"","background-repeat":"repeat","background-position":"center center","background-size":"auto","background-attachment":"scroll","background-type":"","background-media":"","overlay-type":"","overlay-color":"","overlay-opacity":"","overlay-gradient":""},"tablet":{"background-color":"var(--ast-global-color-5)","background-image":"","background-repeat":"repeat","background-position":"center center","background-size":"auto","background-attachment":"scroll","background-type":"","background-media":"","overlay-type":"","overlay-color":"","overlay-opacity":"","overlay-gradient":""},"mobile":{"background-color":"var(--ast-global-color-5)","background-image":"","background-repeat":"repeat","background-position":"center center","background-size":"auto","background-attachment":"scroll","background-type":"","background-media":"","overlay-type":"","overlay-color":"","overlay-opacity":"","overlay-gradient":""}}},"product_brand":[],"product_cat":[83,84],"product_tag":[847,849,431,183,311,848,846],"class_list":{"0":"post-12171","1":"product","2":"type-product","3":"status-publish","4":"has-post-thumbnail","6":"product_cat-aprender-las-horas","7":"product_cat-juegos-educativos","8":"product_tag-actividadeslashorasprimaria","9":"product_tag-aprenderlahora","10":"product_tag-aprenderlashoras","11":"product_tag-educacionprimaria","12":"product_tag-horas","13":"product_tag-juegoaprenderlashoras","14":"product_tag-relojanalogiconinos","15":"desktop-align-left","16":"tablet-align-left","17":"mobile-align-left","19":"first","20":"instock","21":"downloadable","22":"virtual","23":"taxable","24":"purchasable","25":"product-type-simple"},"yoast_head":"<!-- This site is optimized with the Yoast SEO plugin v26.8 - https:\/\/yoast.com\/product\/yoast-seo-wordpress\/ -->\n<title>Juego educativo para aprender las horas<\/title>\n<meta name=\"description\" content=\"Aprender las horas con juego educativo manipulativo. Reloj anal\u00f3gico y digital para infantil y primaria. Material imprimible divertido y f\u00e1cil de usar.\" \/>\n<meta name=\"robots\" content=\"index, follow, max-snippet:-1, max-image-preview:large, max-video-preview:-1\" \/>\n<link rel=\"canonical\" href=\"https:\/\/lacasitaeducativa.shop\/index.php\/producto\/juego-educativo-aprender-las-horas\/\" \/>\n<meta property=\"og:locale\" content=\"es_ES\" \/>\n<meta property=\"og:type\" content=\"article\" \/>\n<meta property=\"og:title\" content=\"Juego educativo para aprender las horas\" \/>\n<meta property=\"og:description\" content=\"Aprender las horas con juego educativo manipulativo. Reloj anal\u00f3gico y digital para infantil y primaria. Material imprimible divertido y f\u00e1cil de usar.\" \/>\n<meta property=\"og:url\" content=\"https:\/\/lacasitaeducativa.shop\/index.php\/producto\/juego-educativo-aprender-las-horas\/\" \/>\n<meta property=\"og:site_name\" content=\"La Casita Educativa\" \/>\n<meta property=\"article:modified_time\" content=\"2026-03-24T14:41:50+00:00\" \/>\n<meta property=\"og:image\" content=\"https:\/\/lacasitaeducativa.shop\/wp-content\/uploads\/2020\/11\/Diseno-sin-titulo-1-1.jpg\" \/>\n\t<meta property=\"og:image:width\" content=\"1080\" \/>\n\t<meta property=\"og:image:height\" content=\"1080\" \/>\n\t<meta property=\"og:image:type\" content=\"image\/jpeg\" \/>\n<meta name=\"twitter:card\" content=\"summary_large_image\" \/>\n<meta name=\"twitter:label1\" content=\"Tiempo de lectura\" \/>\n\t<meta name=\"twitter:data1\" content=\"1 minuto\" \/>\n<script type=\"application\/ld+json\" class=\"yoast-schema-graph\">{\"@context\":\"https:\/\/schema.org\",\"@graph\":[{\"@type\":\"WebPage\",\"@id\":\"https:\/\/lacasitaeducativa.shop\/index.php\/producto\/juego-educativo-aprender-las-horas\/\",\"url\":\"https:\/\/lacasitaeducativa.shop\/index.php\/producto\/juego-educativo-aprender-las-horas\/\",\"name\":\"Juego educativo para aprender las horas\",\"isPartOf\":{\"@id\":\"https:\/\/lacasitaeducativa.shop\/#website\"},\"primaryImageOfPage\":{\"@id\":\"https:\/\/lacasitaeducativa.shop\/index.php\/producto\/juego-educativo-aprender-las-horas\/#primaryimage\"},\"image\":{\"@id\":\"https:\/\/lacasitaeducativa.shop\/index.php\/producto\/juego-educativo-aprender-las-horas\/#primaryimage\"},\"thumbnailUrl\":\"https:\/\/lacasitaeducativa.shop\/wp-content\/uploads\/2020\/11\/Diseno-sin-titulo-1-1.jpg\",\"datePublished\":\"2020-11-14T18:34:06+00:00\",\"dateModified\":\"2026-03-24T14:41:50+00:00\",\"description\":\"Aprender las horas con juego educativo manipulativo. Reloj anal\u00f3gico y digital para infantil y primaria. Material imprimible divertido y f\u00e1cil de usar.\",\"breadcrumb\":{\"@id\":\"https:\/\/lacasitaeducativa.shop\/index.php\/producto\/juego-educativo-aprender-las-horas\/#breadcrumb\"},\"inLanguage\":\"es\",\"potentialAction\":[{\"@type\":\"ReadAction\",\"target\":[\"https:\/\/lacasitaeducativa.shop\/index.php\/producto\/juego-educativo-aprender-las-horas\/\"]}]},{\"@type\":\"ImageObject\",\"inLanguage\":\"es\",\"@id\":\"https:\/\/lacasitaeducativa.shop\/index.php\/producto\/juego-educativo-aprender-las-horas\/#primaryimage\",\"url\":\"https:\/\/lacasitaeducativa.shop\/wp-content\/uploads\/2020\/11\/Diseno-sin-titulo-1-1.jpg\",\"contentUrl\":\"https:\/\/lacasitaeducativa.shop\/wp-content\/uploads\/2020\/11\/Diseno-sin-titulo-1-1.jpg\",\"width\":1080,\"height\":1080,\"caption\":\"juego aprender horas\"},{\"@type\":\"BreadcrumbList\",\"@id\":\"https:\/\/lacasitaeducativa.shop\/index.php\/producto\/juego-educativo-aprender-las-horas\/#breadcrumb\",\"itemListElement\":[{\"@type\":\"ListItem\",\"position\":1,\"name\":\"Portada\",\"item\":\"https:\/\/lacasitaeducativa.shop\/\"},{\"@type\":\"ListItem\",\"position\":2,\"name\":\"Recursos\",\"item\":\"https:\/\/lacasitaeducativa.shop\/index.php\/tienda\/\"},{\"@type\":\"ListItem\",\"position\":3,\"name\":\"Aprender las horas \u2013 Juego educativo con reloj anal\u00f3gico y digital para primaria\"}]},{\"@type\":\"WebSite\",\"@id\":\"https:\/\/lacasitaeducativa.shop\/#website\",\"url\":\"https:\/\/lacasitaeducativa.shop\/\",\"name\":\"La Casita Educativa\",\"description\":\"En esta casita encontrar\u00e9is todo tipo de recursos educativos infantiles, desde manualidades hasta actividades, juegos, cuentos, idiomas, adivinanzas y otros.\",\"publisher\":{\"@id\":\"https:\/\/lacasitaeducativa.shop\/#organization\"},\"potentialAction\":[{\"@type\":\"SearchAction\",\"target\":{\"@type\":\"EntryPoint\",\"urlTemplate\":\"https:\/\/lacasitaeducativa.shop\/?s={search_term_string}\"},\"query-input\":{\"@type\":\"PropertyValueSpecification\",\"valueRequired\":true,\"valueName\":\"search_term_string\"}}],\"inLanguage\":\"es\"},{\"@type\":\"Organization\",\"@id\":\"https:\/\/lacasitaeducativa.shop\/#organization\",\"name\":\"La Casita Educativa - LACASITAEDUCATIVA.SHOP\",\"url\":\"https:\/\/lacasitaeducativa.shop\/\",\"logo\":{\"@type\":\"ImageObject\",\"inLanguage\":\"es\",\"@id\":\"https:\/\/lacasitaeducativa.shop\/#\/schema\/logo\/image\/\",\"url\":\"https:\/\/lacasitaeducativa.shop\/wp-content\/uploads\/2020\/08\/Logos-la-casita-educativa-2-1.png\",\"contentUrl\":\"https:\/\/lacasitaeducativa.shop\/wp-content\/uploads\/2020\/08\/Logos-la-casita-educativa-2-1.png\",\"width\":500,\"height\":500,\"caption\":\"La Casita Educativa - LACASITAEDUCATIVA.SHOP\"},\"image\":{\"@id\":\"https:\/\/lacasitaeducativa.shop\/#\/schema\/logo\/image\/\"}}]}<\/script>\n<!-- \/ Yoast SEO plugin. -->","yoast_head_json":{"title":"Juego educativo para aprender las horas","description":"Aprender las horas con juego educativo manipulativo. Reloj anal\u00f3gico y digital para infantil y primaria. Material imprimible divertido y f\u00e1cil de usar.","robots":{"index":"index","follow":"follow","max-snippet":"max-snippet:-1","max-image-preview":"max-image-preview:large","max-video-preview":"max-video-preview:-1"},"canonical":"https:\/\/lacasitaeducativa.shop\/index.php\/producto\/juego-educativo-aprender-las-horas\/","og_locale":"es_ES","og_type":"article","og_title":"Juego educativo para aprender las horas","og_description":"Aprender las horas con juego educativo manipulativo. Reloj anal\u00f3gico y digital para infantil y primaria. Material imprimible divertido y f\u00e1cil de usar.","og_url":"https:\/\/lacasitaeducativa.shop\/index.php\/producto\/juego-educativo-aprender-las-horas\/","og_site_name":"La Casita Educativa","article_modified_time":"2026-03-24T14:41:50+00:00","og_image":[{"width":1080,"height":1080,"url":"https:\/\/lacasitaeducativa.shop\/wp-content\/uploads\/2020\/11\/Diseno-sin-titulo-1-1.jpg","type":"image\/jpeg"}],"twitter_card":"summary_large_image","twitter_misc":{"Tiempo de lectura":"1 minuto"},"schema":{"@context":"https:\/\/schema.org","@graph":[{"@type":"WebPage","@id":"https:\/\/lacasitaeducativa.shop\/index.php\/producto\/juego-educativo-aprender-las-horas\/","url":"https:\/\/lacasitaeducativa.shop\/index.php\/producto\/juego-educativo-aprender-las-horas\/","name":"Juego educativo para aprender las horas","isPartOf":{"@id":"https:\/\/lacasitaeducativa.shop\/#website"},"primaryImageOfPage":{"@id":"https:\/\/lacasitaeducativa.shop\/index.php\/producto\/juego-educativo-aprender-las-horas\/#primaryimage"},"image":{"@id":"https:\/\/lacasitaeducativa.shop\/index.php\/producto\/juego-educativo-aprender-las-horas\/#primaryimage"},"thumbnailUrl":"https:\/\/lacasitaeducativa.shop\/wp-content\/uploads\/2020\/11\/Diseno-sin-titulo-1-1.jpg","datePublished":"2020-11-14T18:34:06+00:00","dateModified":"2026-03-24T14:41:50+00:00","description":"Aprender las horas con juego educativo manipulativo. Reloj anal\u00f3gico y digital para infantil y primaria. Material imprimible divertido y f\u00e1cil de usar.","breadcrumb":{"@id":"https:\/\/lacasitaeducativa.shop\/index.php\/producto\/juego-educativo-aprender-las-horas\/#breadcrumb"},"inLanguage":"es","potentialAction":[{"@type":"ReadAction","target":["https:\/\/lacasitaeducativa.shop\/index.php\/producto\/juego-educativo-aprender-las-horas\/"]}]},{"@type":"ImageObject","inLanguage":"es","@id":"https:\/\/lacasitaeducativa.shop\/index.php\/producto\/juego-educativo-aprender-las-horas\/#primaryimage","url":"https:\/\/lacasitaeducativa.shop\/wp-content\/uploads\/2020\/11\/Diseno-sin-titulo-1-1.jpg","contentUrl":"https:\/\/lacasitaeducativa.shop\/wp-content\/uploads\/2020\/11\/Diseno-sin-titulo-1-1.jpg","width":1080,"height":1080,"caption":"juego aprender horas"},{"@type":"BreadcrumbList","@id":"https:\/\/lacasitaeducativa.shop\/index.php\/producto\/juego-educativo-aprender-las-horas\/#breadcrumb","itemListElement":[{"@type":"ListItem","position":1,"name":"Portada","item":"https:\/\/lacasitaeducativa.shop\/"},{"@type":"ListItem","position":2,"name":"Recursos","item":"https:\/\/lacasitaeducativa.shop\/index.php\/tienda\/"},{"@type":"ListItem","position":3,"name":"Aprender las horas \u2013 Juego educativo con reloj anal\u00f3gico y digital para primaria"}]},{"@type":"WebSite","@id":"https:\/\/lacasitaeducativa.shop\/#website","url":"https:\/\/lacasitaeducativa.shop\/","name":"La Casita Educativa","description":"En esta casita encontrar\u00e9is todo tipo de recursos educativos infantiles, desde manualidades hasta actividades, juegos, cuentos, idiomas, adivinanzas y otros.","publisher":{"@id":"https:\/\/lacasitaeducativa.shop\/#organization"},"potentialAction":[{"@type":"SearchAction","target":{"@type":"EntryPoint","urlTemplate":"https:\/\/lacasitaeducativa.shop\/?s={search_term_string}"},"query-input":{"@type":"PropertyValueSpecification","valueRequired":true,"valueName":"search_term_string"}}],"inLanguage":"es"},{"@type":"Organization","@id":"https:\/\/lacasitaeducativa.shop\/#organization","name":"La Casita Educativa - LACASITAEDUCATIVA.SHOP","url":"https:\/\/lacasitaeducativa.shop\/","logo":{"@type":"ImageObject","inLanguage":"es","@id":"https:\/\/lacasitaeducativa.shop\/#\/schema\/logo\/image\/","url":"https:\/\/lacasitaeducativa.shop\/wp-content\/uploads\/2020\/08\/Logos-la-casita-educativa-2-1.png","contentUrl":"https:\/\/lacasitaeducativa.shop\/wp-content\/uploads\/2020\/08\/Logos-la-casita-educativa-2-1.png","width":500,"height":500,"caption":"La Casita Educativa - LACASITAEDUCATIVA.SHOP"},"image":{"@id":"https:\/\/lacasitaeducativa.shop\/#\/schema\/logo\/image\/"}}]}},"_links":{"self":[{"href":"https:\/\/lacasitaeducativa.shop\/index.php\/wp-json\/wp\/v2\/product\/12171","targetHints":{"allow":["GET"]}}],"collection":[{"href":"https:\/\/lacasitaeducativa.shop\/index.php\/wp-json\/wp\/v2\/product"}],"about":[{"href":"https:\/\/lacasitaeducativa.shop\/index.php\/wp-json\/wp\/v2\/types\/product"}],"replies":[{"embeddable":true,"href":"https:\/\/lacasitaeducativa.shop\/index.php\/wp-json\/wp\/v2\/comments?post=12171"}],"wp:featuredmedia":[{"embeddable":true,"href":"https:\/\/lacasitaeducativa.shop\/index.php\/wp-json\/wp\/v2\/media\/113324"}],"wp:attachment":[{"href":"https:\/\/lacasitaeducativa.shop\/index.php\/wp-json\/wp\/v2\/media?parent=12171"}],"wp:term":[{"taxonomy":"product_brand","embeddable":true,"href":"https:\/\/lacasitaeducativa.shop\/index.php\/wp-json\/wp\/v2\/product_brand?post=12171"},{"taxonomy":"product_cat","embeddable":true,"href":"https:\/\/lacasitaeducativa.shop\/index.php\/wp-json\/wp\/v2\/product_cat?post=12171"},{"taxonomy":"product_tag","embeddable":true,"href":"https:\/\/lacasitaeducativa.shop\/index.php\/wp-json\/wp\/v2\/product_tag?post=12171"}],"curies":[{"name":"wp","href":"https:\/\/api.w.org\/{rel}","templated":true}]}}