{"id":12951,"date":"2020-11-20T13:57:47","date_gmt":"2020-11-20T13:57:47","guid":{"rendered":"https:\/\/lacasitaeducativa.shop\/?post_type=product&#038;p=12951"},"modified":"2024-12-20T10:43:15","modified_gmt":"2024-12-20T10:43:15","slug":"cartas-a-papa-noel","status":"publish","type":"product","link":"https:\/\/lacasitaeducativa.shop\/index.php\/producto\/cartas-a-papa-noel\/","title":{"rendered":"CARTAS A PAP\u00c1 NOEL (Disponible CAST\/CAT)"},"content":{"rendered":"<p style=\"padding-left: 40px;\"><strong>CONTENIDO<\/strong><\/p>\n<p>1 Instrucciones<\/p>\n<p>7 Cartas navide\u00f1as<\/p>\n<p>3 Pap\u00e1 Noel con su saco<\/p>\n<p>4 Trineos<\/p>\n<p>24 tarjetas circulares con ilustraciones<\/p>\n<p><strong>FUNCIONAMIENTO:<\/strong><\/p>\n<p>1) Se reparte un pap\u00e1 noel o trineo por jugador.<\/p>\n<p>2) Se ponen boca abajo las mini tarjetas de cosas para regalar en navidad.<\/p>\n<p>3) Empieza el jugador de menor edad. Tendr\u00e1 que levantar una tarjetita, si el dibujo que sale en la tarjeta lo tiene escrito en su carta de navidad, se la queda y la a\u00f1ade a su saco o trineo. Y sigue levantando tarjetas hasta que levante una que no est\u00e9 en su carta. Entonces deja esa tarjeta de nuevo boca abajo. Y el resto de jugadores tienen que ir haciendo memoria de esas im\u00e1genes para que cuando llegue su turno pueda conseguirlas si este lo tiene en su carta.<\/p>\n<p>5) Y as\u00ed hasta que un jugador consiga tener todos los regalos en su saco\/trineo y este ser\u00e1 el GANADOR\/A.<\/p>\n<p><strong>IDIOMA<\/strong><\/p>\n<p>Castellano y catal\u00e1n.<\/p>\n<p><strong>EDAD RECOMENDADA<\/strong><\/p>\n<p>Juego recomendado a ni\u00f1os a partir de 2 a\u00f1itos y medio.<\/p>\n<div>Nuestr@s peque\u00f1@s se lo pasan en grande jugando con pap\u00e1 noel.<\/div>\n<div><\/div>\n<div><\/div>\n<div><\/div>\n","protected":false},"excerpt":{"rendered":"<p><strong>Juego navide\u00f1o<\/strong> cuyo objetivo es preparar los <strong>regalos<\/strong> que nos piden los ni\u00f1os a trav\u00e9s de las <strong>cartas<\/strong> recibidas a <strong>Pap\u00e1 noel<\/strong>.<\/p>\n<p>Con \u00e9l podremos trabajar la <strong>lectoescritura<\/strong>, <strong>comprensi\u00f3n lectora<\/strong>, <strong>motricidad fina<\/strong>, <strong>atenci\u00f3n visual<\/strong> entre otros.<\/p>\n<p>Recomendado <strong>a partir de 2 a\u00f1itos y medio<\/strong>.<\/p>\n<p><script async src=\"https:\/\/pagead2.googlesyndication.com\/pagead\/js\/adsbygoogle.js\"><\/script><br \/>\n<!-- Horizontal-Adaptable --><br \/>\n<ins class=\"adsbygoogle\" style=\"display: block;\" data-ad-client=\"ca-pub-1103545772104863\" data-ad-slot=\"5194289265\" data-ad-format=\"auto\" data-full-width-responsive=\"true\"><\/ins><br \/>\n<script>\n(adsbygoogle = window.adsbygoogle || []).push({});\n<\/script><\/p>\n","protected":false},"featured_media":12954,"comment_status":"open","ping_status":"closed","template":"","meta":{"site-sidebar-layout":"default","site-content-layout":"default","ast-site-content-layout":"default","site-content-style":"default","site-sidebar-style":"default","ast-global-header-display":"","ast-banner-title-visibility":"","ast-main-header-display":"","ast-hfb-above-header-display":"","ast-hfb-below-header-display":"","ast-hfb-mobile-header-display":"","site-post-title":"","ast-breadcrumbs-content":"","ast-featured-img":"","footer-sml-layout":"","ast-disable-related-posts":"","theme-transparent-header-meta":"default","adv-header-id-meta":"","stick-header-meta":"","header-above-stick-meta":"","header-main-stick-meta":"","header-below-stick-meta":"","astra-migrate-meta-layouts":"set","ast-page-background-enabled":"default","ast-page-background-meta":{"desktop":{"background-color":"","background-image":"","background-repeat":"repeat","background-position":"center center","background-size":"auto","background-attachment":"scroll","background-type":"","background-media":"","overlay-type":"","overlay-color":"","overlay-opacity":"","overlay-gradient":""},"tablet":{"background-color":"","background-image":"","background-repeat":"repeat","background-position":"center center","background-size":"auto","background-attachment":"scroll","background-type":"","background-media":"","overlay-type":"","overlay-color":"","overlay-opacity":"","overlay-gradient":""},"mobile":{"background-color":"","background-image":"","background-repeat":"repeat","background-position":"center center","background-size":"auto","background-attachment":"scroll","background-type":"","background-media":"","overlay-type":"","overlay-color":"","overlay-opacity":"","overlay-gradient":""}},"ast-content-background-meta":{"desktop":{"background-color":"var(--ast-global-color-5)","background-image":"","background-repeat":"repeat","background-position":"center center","background-size":"auto","background-attachment":"scroll","background-type":"","background-media":"","overlay-type":"","overlay-color":"","overlay-opacity":"","overlay-gradient":""},"tablet":{"background-color":"var(--ast-global-color-5)","background-image":"","background-repeat":"repeat","background-position":"center center","background-size":"auto","background-attachment":"scroll","background-type":"","background-media":"","overlay-type":"","overlay-color":"","overlay-opacity":"","overlay-gradient":""},"mobile":{"background-color":"var(--ast-global-color-5)","background-image":"","background-repeat":"repeat","background-position":"center center","background-size":"auto","background-attachment":"scroll","background-type":"","background-media":"","overlay-type":"","overlay-color":"","overlay-opacity":"","overlay-gradient":""}}},"product_brand":[],"product_cat":[153],"product_tag":[396,118,108,132,135,154],"class_list":{"0":"post-12951","1":"product","2":"type-product","3":"status-publish","4":"has-post-thumbnail","6":"product_cat-navidad","7":"product_tag-comprensionlectora","8":"product_tag-educacion-infantil","9":"product_tag-educacion-primaria","10":"product_tag-juego-educativo","11":"product_tag-lectoescritura","12":"product_tag-navidad","13":"desktop-align-left","14":"tablet-align-left","15":"mobile-align-left","17":"first","18":"instock","19":"downloadable","20":"virtual","21":"taxable","22":"purchasable","23":"product-type-simple"},"yoast_head":"<!-- This site is optimized with the Yoast SEO plugin v26.8 - https:\/\/yoast.com\/product\/yoast-seo-wordpress\/ -->\n<title>Cartas de pap\u00e1 noel - Juego navide\u00f1o La Casita Educativa<\/title>\n<meta name=\"description\" content=\"Juego navide\u00f1o cuyo objetivo es preparar los regalos que nos piden los ni\u00f1os a trav\u00e9s de las cartas recibidas a Pap\u00e1 noel.\" \/>\n<meta name=\"robots\" content=\"index, follow, max-snippet:-1, max-image-preview:large, max-video-preview:-1\" \/>\n<link rel=\"canonical\" href=\"https:\/\/lacasitaeducativa.shop\/index.php\/producto\/cartas-a-papa-noel\/\" \/>\n<meta property=\"og:locale\" content=\"es_ES\" \/>\n<meta property=\"og:type\" content=\"article\" \/>\n<meta property=\"og:title\" content=\"Cartas de pap\u00e1 noel - Juego navide\u00f1o La Casita Educativa\" \/>\n<meta property=\"og:description\" content=\"Juego navide\u00f1o cuyo objetivo es preparar los regalos que nos piden los ni\u00f1os a trav\u00e9s de las cartas recibidas a Pap\u00e1 noel.\" \/>\n<meta property=\"og:url\" content=\"https:\/\/lacasitaeducativa.shop\/index.php\/producto\/cartas-a-papa-noel\/\" \/>\n<meta property=\"og:site_name\" content=\"La Casita Educativa\" \/>\n<meta property=\"article:modified_time\" content=\"2024-12-20T10:43:15+00:00\" \/>\n<meta property=\"og:image\" content=\"https:\/\/lacasitaeducativa.shop\/wp-content\/uploads\/2020\/11\/1-4.jpg\" \/>\n\t<meta property=\"og:image:width\" content=\"1080\" \/>\n\t<meta property=\"og:image:height\" content=\"1080\" \/>\n\t<meta property=\"og:image:type\" content=\"image\/jpeg\" \/>\n<meta name=\"twitter:card\" content=\"summary_large_image\" \/>\n<meta name=\"twitter:label1\" content=\"Tiempo de lectura\" \/>\n\t<meta name=\"twitter:data1\" content=\"2 minutos\" \/>\n<script type=\"application\/ld+json\" class=\"yoast-schema-graph\">{\"@context\":\"https:\/\/schema.org\",\"@graph\":[{\"@type\":\"WebPage\",\"@id\":\"https:\/\/lacasitaeducativa.shop\/index.php\/producto\/cartas-a-papa-noel\/\",\"url\":\"https:\/\/lacasitaeducativa.shop\/index.php\/producto\/cartas-a-papa-noel\/\",\"name\":\"Cartas de pap\u00e1 noel - Juego navide\u00f1o La Casita Educativa\",\"isPartOf\":{\"@id\":\"https:\/\/lacasitaeducativa.shop\/#website\"},\"primaryImageOfPage\":{\"@id\":\"https:\/\/lacasitaeducativa.shop\/index.php\/producto\/cartas-a-papa-noel\/#primaryimage\"},\"image\":{\"@id\":\"https:\/\/lacasitaeducativa.shop\/index.php\/producto\/cartas-a-papa-noel\/#primaryimage\"},\"thumbnailUrl\":\"https:\/\/lacasitaeducativa.shop\/wp-content\/uploads\/2020\/11\/1-4.jpg\",\"datePublished\":\"2020-11-20T13:57:47+00:00\",\"dateModified\":\"2024-12-20T10:43:15+00:00\",\"description\":\"Juego navide\u00f1o cuyo objetivo es preparar los regalos que nos piden los ni\u00f1os a trav\u00e9s de las cartas recibidas a Pap\u00e1 noel.\",\"breadcrumb\":{\"@id\":\"https:\/\/lacasitaeducativa.shop\/index.php\/producto\/cartas-a-papa-noel\/#breadcrumb\"},\"inLanguage\":\"es\",\"potentialAction\":[{\"@type\":\"ReadAction\",\"target\":[\"https:\/\/lacasitaeducativa.shop\/index.php\/producto\/cartas-a-papa-noel\/\"]}]},{\"@type\":\"ImageObject\",\"inLanguage\":\"es\",\"@id\":\"https:\/\/lacasitaeducativa.shop\/index.php\/producto\/cartas-a-papa-noel\/#primaryimage\",\"url\":\"https:\/\/lacasitaeducativa.shop\/wp-content\/uploads\/2020\/11\/1-4.jpg\",\"contentUrl\":\"https:\/\/lacasitaeducativa.shop\/wp-content\/uploads\/2020\/11\/1-4.jpg\",\"width\":1080,\"height\":1080,\"caption\":\"Cartas a pap\u00e1 noel\"},{\"@type\":\"BreadcrumbList\",\"@id\":\"https:\/\/lacasitaeducativa.shop\/index.php\/producto\/cartas-a-papa-noel\/#breadcrumb\",\"itemListElement\":[{\"@type\":\"ListItem\",\"position\":1,\"name\":\"Portada\",\"item\":\"https:\/\/lacasitaeducativa.shop\/\"},{\"@type\":\"ListItem\",\"position\":2,\"name\":\"Recursos\",\"item\":\"https:\/\/lacasitaeducativa.shop\/index.php\/tienda\/\"},{\"@type\":\"ListItem\",\"position\":3,\"name\":\"CARTAS A PAP\u00c1 NOEL (Disponible CAST\/CAT)\"}]},{\"@type\":\"WebSite\",\"@id\":\"https:\/\/lacasitaeducativa.shop\/#website\",\"url\":\"https:\/\/lacasitaeducativa.shop\/\",\"name\":\"La Casita Educativa\",\"description\":\"En esta casita encontrar\u00e9is todo tipo de recursos educativos infantiles, desde manualidades hasta actividades, juegos, cuentos, idiomas, adivinanzas y otros.\",\"publisher\":{\"@id\":\"https:\/\/lacasitaeducativa.shop\/#organization\"},\"potentialAction\":[{\"@type\":\"SearchAction\",\"target\":{\"@type\":\"EntryPoint\",\"urlTemplate\":\"https:\/\/lacasitaeducativa.shop\/?s={search_term_string}\"},\"query-input\":{\"@type\":\"PropertyValueSpecification\",\"valueRequired\":true,\"valueName\":\"search_term_string\"}}],\"inLanguage\":\"es\"},{\"@type\":\"Organization\",\"@id\":\"https:\/\/lacasitaeducativa.shop\/#organization\",\"name\":\"La Casita Educativa - LACASITAEDUCATIVA.SHOP\",\"url\":\"https:\/\/lacasitaeducativa.shop\/\",\"logo\":{\"@type\":\"ImageObject\",\"inLanguage\":\"es\",\"@id\":\"https:\/\/lacasitaeducativa.shop\/#\/schema\/logo\/image\/\",\"url\":\"https:\/\/lacasitaeducativa.shop\/wp-content\/uploads\/2020\/08\/Logos-la-casita-educativa-2-1.png\",\"contentUrl\":\"https:\/\/lacasitaeducativa.shop\/wp-content\/uploads\/2020\/08\/Logos-la-casita-educativa-2-1.png\",\"width\":500,\"height\":500,\"caption\":\"La Casita Educativa - LACASITAEDUCATIVA.SHOP\"},\"image\":{\"@id\":\"https:\/\/lacasitaeducativa.shop\/#\/schema\/logo\/image\/\"}}]}<\/script>\n<!-- \/ Yoast SEO plugin. -->","yoast_head_json":{"title":"Cartas de pap\u00e1 noel - Juego navide\u00f1o La Casita Educativa","description":"Juego navide\u00f1o cuyo objetivo es preparar los regalos que nos piden los ni\u00f1os a trav\u00e9s de las cartas recibidas a Pap\u00e1 noel.","robots":{"index":"index","follow":"follow","max-snippet":"max-snippet:-1","max-image-preview":"max-image-preview:large","max-video-preview":"max-video-preview:-1"},"canonical":"https:\/\/lacasitaeducativa.shop\/index.php\/producto\/cartas-a-papa-noel\/","og_locale":"es_ES","og_type":"article","og_title":"Cartas de pap\u00e1 noel - Juego navide\u00f1o La Casita Educativa","og_description":"Juego navide\u00f1o cuyo objetivo es preparar los regalos que nos piden los ni\u00f1os a trav\u00e9s de las cartas recibidas a Pap\u00e1 noel.","og_url":"https:\/\/lacasitaeducativa.shop\/index.php\/producto\/cartas-a-papa-noel\/","og_site_name":"La Casita Educativa","article_modified_time":"2024-12-20T10:43:15+00:00","og_image":[{"width":1080,"height":1080,"url":"https:\/\/lacasitaeducativa.shop\/wp-content\/uploads\/2020\/11\/1-4.jpg","type":"image\/jpeg"}],"twitter_card":"summary_large_image","twitter_misc":{"Tiempo de lectura":"2 minutos"},"schema":{"@context":"https:\/\/schema.org","@graph":[{"@type":"WebPage","@id":"https:\/\/lacasitaeducativa.shop\/index.php\/producto\/cartas-a-papa-noel\/","url":"https:\/\/lacasitaeducativa.shop\/index.php\/producto\/cartas-a-papa-noel\/","name":"Cartas de pap\u00e1 noel - Juego navide\u00f1o La Casita Educativa","isPartOf":{"@id":"https:\/\/lacasitaeducativa.shop\/#website"},"primaryImageOfPage":{"@id":"https:\/\/lacasitaeducativa.shop\/index.php\/producto\/cartas-a-papa-noel\/#primaryimage"},"image":{"@id":"https:\/\/lacasitaeducativa.shop\/index.php\/producto\/cartas-a-papa-noel\/#primaryimage"},"thumbnailUrl":"https:\/\/lacasitaeducativa.shop\/wp-content\/uploads\/2020\/11\/1-4.jpg","datePublished":"2020-11-20T13:57:47+00:00","dateModified":"2024-12-20T10:43:15+00:00","description":"Juego navide\u00f1o cuyo objetivo es preparar los regalos que nos piden los ni\u00f1os a trav\u00e9s de las cartas recibidas a Pap\u00e1 noel.","breadcrumb":{"@id":"https:\/\/lacasitaeducativa.shop\/index.php\/producto\/cartas-a-papa-noel\/#breadcrumb"},"inLanguage":"es","potentialAction":[{"@type":"ReadAction","target":["https:\/\/lacasitaeducativa.shop\/index.php\/producto\/cartas-a-papa-noel\/"]}]},{"@type":"ImageObject","inLanguage":"es","@id":"https:\/\/lacasitaeducativa.shop\/index.php\/producto\/cartas-a-papa-noel\/#primaryimage","url":"https:\/\/lacasitaeducativa.shop\/wp-content\/uploads\/2020\/11\/1-4.jpg","contentUrl":"https:\/\/lacasitaeducativa.shop\/wp-content\/uploads\/2020\/11\/1-4.jpg","width":1080,"height":1080,"caption":"Cartas a pap\u00e1 noel"},{"@type":"BreadcrumbList","@id":"https:\/\/lacasitaeducativa.shop\/index.php\/producto\/cartas-a-papa-noel\/#breadcrumb","itemListElement":[{"@type":"ListItem","position":1,"name":"Portada","item":"https:\/\/lacasitaeducativa.shop\/"},{"@type":"ListItem","position":2,"name":"Recursos","item":"https:\/\/lacasitaeducativa.shop\/index.php\/tienda\/"},{"@type":"ListItem","position":3,"name":"CARTAS A PAP\u00c1 NOEL (Disponible CAST\/CAT)"}]},{"@type":"WebSite","@id":"https:\/\/lacasitaeducativa.shop\/#website","url":"https:\/\/lacasitaeducativa.shop\/","name":"La Casita Educativa","description":"En esta casita encontrar\u00e9is todo tipo de recursos educativos infantiles, desde manualidades hasta actividades, juegos, cuentos, idiomas, adivinanzas y otros.","publisher":{"@id":"https:\/\/lacasitaeducativa.shop\/#organization"},"potentialAction":[{"@type":"SearchAction","target":{"@type":"EntryPoint","urlTemplate":"https:\/\/lacasitaeducativa.shop\/?s={search_term_string}"},"query-input":{"@type":"PropertyValueSpecification","valueRequired":true,"valueName":"search_term_string"}}],"inLanguage":"es"},{"@type":"Organization","@id":"https:\/\/lacasitaeducativa.shop\/#organization","name":"La Casita Educativa - LACASITAEDUCATIVA.SHOP","url":"https:\/\/lacasitaeducativa.shop\/","logo":{"@type":"ImageObject","inLanguage":"es","@id":"https:\/\/lacasitaeducativa.shop\/#\/schema\/logo\/image\/","url":"https:\/\/lacasitaeducativa.shop\/wp-content\/uploads\/2020\/08\/Logos-la-casita-educativa-2-1.png","contentUrl":"https:\/\/lacasitaeducativa.shop\/wp-content\/uploads\/2020\/08\/Logos-la-casita-educativa-2-1.png","width":500,"height":500,"caption":"La Casita Educativa - LACASITAEDUCATIVA.SHOP"},"image":{"@id":"https:\/\/lacasitaeducativa.shop\/#\/schema\/logo\/image\/"}}]}},"_links":{"self":[{"href":"https:\/\/lacasitaeducativa.shop\/index.php\/wp-json\/wp\/v2\/product\/12951","targetHints":{"allow":["GET"]}}],"collection":[{"href":"https:\/\/lacasitaeducativa.shop\/index.php\/wp-json\/wp\/v2\/product"}],"about":[{"href":"https:\/\/lacasitaeducativa.shop\/index.php\/wp-json\/wp\/v2\/types\/product"}],"replies":[{"embeddable":true,"href":"https:\/\/lacasitaeducativa.shop\/index.php\/wp-json\/wp\/v2\/comments?post=12951"}],"wp:featuredmedia":[{"embeddable":true,"href":"https:\/\/lacasitaeducativa.shop\/index.php\/wp-json\/wp\/v2\/media\/12954"}],"wp:attachment":[{"href":"https:\/\/lacasitaeducativa.shop\/index.php\/wp-json\/wp\/v2\/media?parent=12951"}],"wp:term":[{"taxonomy":"product_brand","embeddable":true,"href":"https:\/\/lacasitaeducativa.shop\/index.php\/wp-json\/wp\/v2\/product_brand?post=12951"},{"taxonomy":"product_cat","embeddable":true,"href":"https:\/\/lacasitaeducativa.shop\/index.php\/wp-json\/wp\/v2\/product_cat?post=12951"},{"taxonomy":"product_tag","embeddable":true,"href":"https:\/\/lacasitaeducativa.shop\/index.php\/wp-json\/wp\/v2\/product_tag?post=12951"}],"curies":[{"name":"wp","href":"https:\/\/api.w.org\/{rel}","templated":true}]}}