{"id":19352,"date":"2021-01-08T18:45:26","date_gmt":"2021-01-08T18:45:26","guid":{"rendered":"https:\/\/lacasitaeducativa.shop\/?post_type=product&#038;p=19352"},"modified":"2021-01-08T19:17:57","modified_gmt":"2021-01-08T19:17:57","slug":"cuento-infantil-ponte-mis-gafas","status":"publish","type":"product","link":"https:\/\/lacasitaeducativa.shop\/index.php\/producto\/cuento-infantil-ponte-mis-gafas\/","title":{"rendered":"Ponte mis gafas"},"content":{"rendered":"<p>Es un cuento infantil educativo precioso<strong> contra el acoso escolar<\/strong>. Luc\u00eda es una ni\u00f1a que empieza a tener problemas de visi\u00f3n y tiene que ponerse gafas.\u00a0Ella est\u00e1 muy preocupada y no quiere llevarlas porque puede ser objeto de burlas en clase y tiene miedo a perder a sus amigos.\u00a0Al pon\u00e9rselas, Luc\u00eda\u00a0ve como algunos de sus compa\u00f1eros se burlan de ella. Otros se dan cuenta y deciden apoyarla.<\/p>\n<p>Es una historia que ense\u00f1a a no guardar silencio y a no apoyar ning\u00fan acto de humillaci\u00f3n ni desprecio hacia ninguna persona.<br \/>\nCon este libro, se transmiten valores como el compa\u00f1erismo, la solidaridad y la empat\u00eda. <strong>Valores muy necesarios<\/strong> dentro de un aula y en la sociedad.<br \/>\nEs un cuento imprescindible para tener en casa y en todas las escuelas.<\/p>\n<p>Si os interesa el cuento ten\u00e9is que ir a la web\u00a0<strong>lapizarradeaurora.com<\/strong>\u00a0y con el <strong>c\u00f3digo detalle21<\/strong>\u00a0os a\u00f1adir\u00e1n un peque\u00f1o obsequio.<\/p>\n<p>\u00bfQu\u00e9 os parece de primera impresi\u00f3n?<\/p>\n<p><strong>Escrito por:<\/strong>\u00a0Aurora Soto\u00a0 y Jos\u00e9 Losa<br \/>\n<strong>Ilustradora:<\/strong>\u00a0Esther Volt\u00e0<br \/>\n<strong>Medida:\u00a0<\/strong>25\u00d721 horizontal con 48 p\u00e1ginas<br \/>\n<strong>Formato:<\/strong>\u00a0Tapa dura<br \/>\n<strong>Editor\/Distribuidor:<\/strong>\u00a0Jos\u00e9 Losa P\u00e9rez<br \/>\n<strong>Maquetadora:\u00a0<\/strong>Desiree Arancibia<strong><br \/>\nEdad recomendada:\u00a0<\/strong>ni\u00f1os de 5-10 a\u00f1os y a quienes le gusta la literatura infantil.<\/p>\n","protected":false},"excerpt":{"rendered":"<p>Cuento infantil educativo contra el acoso escolar. Luc\u00eda es una ni\u00f1a que empieza a tener problemas de visi\u00f3n y tiene que ponerse gafas.\u00a0Ella est\u00e1 muy preocupada y no quiere llevarlas porque puede ser objeto de burlas en clase y tiene miedo a perder a sus amigos.<\/p>\n<p><script async src=\"https:\/\/pagead2.googlesyndication.com\/pagead\/js\/adsbygoogle.js\"><\/script><br \/>\n<!-- Horizontal-Adaptable --><br \/>\n<ins class=\"adsbygoogle\" style=\"display: block;\" data-ad-client=\"ca-pub-1103545772104863\" data-ad-slot=\"5194289265\" data-ad-format=\"auto\" data-full-width-responsive=\"true\"><\/ins><br \/>\n<script>\n     (adsbygoogle = window.adsbygoogle || []).push({});\n<\/script><\/p>\n","protected":false},"featured_media":19371,"comment_status":"open","ping_status":"closed","template":"","meta":{"site-sidebar-layout":"default","site-content-layout":"default","ast-site-content-layout":"default","site-content-style":"default","site-sidebar-style":"default","ast-global-header-display":"","ast-banner-title-visibility":"","ast-main-header-display":"","ast-hfb-above-header-display":"","ast-hfb-below-header-display":"","ast-hfb-mobile-header-display":"","site-post-title":"","ast-breadcrumbs-content":"","ast-featured-img":"","footer-sml-layout":"","ast-disable-related-posts":"","theme-transparent-header-meta":"default","adv-header-id-meta":"","stick-header-meta":"","header-above-stick-meta":"","header-main-stick-meta":"","header-below-stick-meta":"","astra-migrate-meta-layouts":"default","ast-page-background-enabled":"default","ast-page-background-meta":{"desktop":{"background-color":"","background-image":"","background-repeat":"repeat","background-position":"center center","background-size":"auto","background-attachment":"scroll","background-type":"","background-media":"","overlay-type":"","overlay-color":"","overlay-opacity":"","overlay-gradient":""},"tablet":{"background-color":"","background-image":"","background-repeat":"repeat","background-position":"center center","background-size":"auto","background-attachment":"scroll","background-type":"","background-media":"","overlay-type":"","overlay-color":"","overlay-opacity":"","overlay-gradient":""},"mobile":{"background-color":"","background-image":"","background-repeat":"repeat","background-position":"center center","background-size":"auto","background-attachment":"scroll","background-type":"","background-media":"","overlay-type":"","overlay-color":"","overlay-opacity":"","overlay-gradient":""}},"ast-content-background-meta":{"desktop":{"background-color":"var(--ast-global-color-5)","background-image":"","background-repeat":"repeat","background-position":"center center","background-size":"auto","background-attachment":"scroll","background-type":"","background-media":"","overlay-type":"","overlay-color":"","overlay-opacity":"","overlay-gradient":""},"tablet":{"background-color":"var(--ast-global-color-5)","background-image":"","background-repeat":"repeat","background-position":"center center","background-size":"auto","background-attachment":"scroll","background-type":"","background-media":"","overlay-type":"","overlay-color":"","overlay-opacity":"","overlay-gradient":""},"mobile":{"background-color":"var(--ast-global-color-5)","background-image":"","background-repeat":"repeat","background-position":"center center","background-size":"auto","background-attachment":"scroll","background-type":"","background-media":"","overlay-type":"","overlay-color":"","overlay-opacity":"","overlay-gradient":""}}},"product_brand":[],"product_cat":[189],"product_tag":[193,191,190],"class_list":{"0":"post-19352","1":"product","2":"type-product","3":"status-publish","4":"has-post-thumbnail","6":"product_cat-cuentos-infantiles","7":"product_tag-acoso-escolar","8":"product_tag-cuento","9":"product_tag-cuento-infantil","10":"desktop-align-left","11":"tablet-align-left","12":"mobile-align-left","14":"first","15":"instock","16":"taxable","17":"shipping-taxable","18":"product-type-external"},"yoast_head":"<!-- This site is optimized with the Yoast SEO plugin v26.8 - https:\/\/yoast.com\/product\/yoast-seo-wordpress\/ -->\n<title>Ponte mis gafas - La Casita Educativa<\/title>\n<meta name=\"description\" content=\"Cuento infantil educativo contra el acoso escolar. Luc\u00eda es una ni\u00f1a que empieza a tener problemas de visi\u00f3n y tiene que ponerse gafas.\u00a0Ella est\u00e1 muy preocupada y no quiere llevarlas porque puede ser objeto de burlas en clase y tiene miedo a perder a sus amigos.\" \/>\n<meta name=\"robots\" content=\"index, follow, max-snippet:-1, max-image-preview:large, max-video-preview:-1\" \/>\n<link rel=\"canonical\" href=\"https:\/\/lacasitaeducativa.shop\/index.php\/producto\/cuento-infantil-ponte-mis-gafas\/\" \/>\n<meta property=\"og:locale\" content=\"es_ES\" \/>\n<meta property=\"og:type\" content=\"article\" \/>\n<meta property=\"og:title\" content=\"Ponte mis gafas - La Casita Educativa\" \/>\n<meta property=\"og:description\" content=\"Cuento infantil educativo contra el acoso escolar. Luc\u00eda es una ni\u00f1a que empieza a tener problemas de visi\u00f3n y tiene que ponerse gafas.\u00a0Ella est\u00e1 muy preocupada y no quiere llevarlas porque puede ser objeto de burlas en clase y tiene miedo a perder a sus amigos.\" \/>\n<meta property=\"og:url\" content=\"https:\/\/lacasitaeducativa.shop\/index.php\/producto\/cuento-infantil-ponte-mis-gafas\/\" \/>\n<meta property=\"og:site_name\" content=\"La Casita Educativa\" \/>\n<meta property=\"article:modified_time\" content=\"2021-01-08T19:17:57+00:00\" \/>\n<meta property=\"og:image\" content=\"https:\/\/lacasitaeducativa.shop\/wp-content\/uploads\/2021\/01\/Ponte-mis-gafas.jpg\" \/>\n\t<meta property=\"og:image:width\" content=\"1080\" \/>\n\t<meta property=\"og:image:height\" content=\"1080\" \/>\n\t<meta property=\"og:image:type\" content=\"image\/jpeg\" \/>\n<meta name=\"twitter:card\" content=\"summary_large_image\" \/>\n<meta name=\"twitter:label1\" content=\"Tiempo de lectura\" \/>\n\t<meta name=\"twitter:data1\" content=\"1 minuto\" \/>\n<script type=\"application\/ld+json\" class=\"yoast-schema-graph\">{\"@context\":\"https:\/\/schema.org\",\"@graph\":[{\"@type\":\"WebPage\",\"@id\":\"https:\/\/lacasitaeducativa.shop\/index.php\/producto\/cuento-infantil-ponte-mis-gafas\/\",\"url\":\"https:\/\/lacasitaeducativa.shop\/index.php\/producto\/cuento-infantil-ponte-mis-gafas\/\",\"name\":\"Ponte mis gafas - La Casita Educativa\",\"isPartOf\":{\"@id\":\"https:\/\/lacasitaeducativa.shop\/#website\"},\"primaryImageOfPage\":{\"@id\":\"https:\/\/lacasitaeducativa.shop\/index.php\/producto\/cuento-infantil-ponte-mis-gafas\/#primaryimage\"},\"image\":{\"@id\":\"https:\/\/lacasitaeducativa.shop\/index.php\/producto\/cuento-infantil-ponte-mis-gafas\/#primaryimage\"},\"thumbnailUrl\":\"https:\/\/lacasitaeducativa.shop\/wp-content\/uploads\/2021\/01\/Ponte-mis-gafas.jpg\",\"datePublished\":\"2021-01-08T18:45:26+00:00\",\"dateModified\":\"2021-01-08T19:17:57+00:00\",\"description\":\"Cuento infantil educativo contra el acoso escolar. Luc\u00eda es una ni\u00f1a que empieza a tener problemas de visi\u00f3n y tiene que ponerse gafas.\u00a0Ella est\u00e1 muy preocupada y no quiere llevarlas porque puede ser objeto de burlas en clase y tiene miedo a perder a sus amigos.\",\"breadcrumb\":{\"@id\":\"https:\/\/lacasitaeducativa.shop\/index.php\/producto\/cuento-infantil-ponte-mis-gafas\/#breadcrumb\"},\"inLanguage\":\"es\",\"potentialAction\":[{\"@type\":\"ReadAction\",\"target\":[\"https:\/\/lacasitaeducativa.shop\/index.php\/producto\/cuento-infantil-ponte-mis-gafas\/\"]}]},{\"@type\":\"ImageObject\",\"inLanguage\":\"es\",\"@id\":\"https:\/\/lacasitaeducativa.shop\/index.php\/producto\/cuento-infantil-ponte-mis-gafas\/#primaryimage\",\"url\":\"https:\/\/lacasitaeducativa.shop\/wp-content\/uploads\/2021\/01\/Ponte-mis-gafas.jpg\",\"contentUrl\":\"https:\/\/lacasitaeducativa.shop\/wp-content\/uploads\/2021\/01\/Ponte-mis-gafas.jpg\",\"width\":1080,\"height\":1080,\"caption\":\"Ponte mis gafas\"},{\"@type\":\"BreadcrumbList\",\"@id\":\"https:\/\/lacasitaeducativa.shop\/index.php\/producto\/cuento-infantil-ponte-mis-gafas\/#breadcrumb\",\"itemListElement\":[{\"@type\":\"ListItem\",\"position\":1,\"name\":\"Portada\",\"item\":\"https:\/\/lacasitaeducativa.shop\/\"},{\"@type\":\"ListItem\",\"position\":2,\"name\":\"Recursos\",\"item\":\"https:\/\/lacasitaeducativa.shop\/index.php\/tienda\/\"},{\"@type\":\"ListItem\",\"position\":3,\"name\":\"Ponte mis gafas\"}]},{\"@type\":\"WebSite\",\"@id\":\"https:\/\/lacasitaeducativa.shop\/#website\",\"url\":\"https:\/\/lacasitaeducativa.shop\/\",\"name\":\"La Casita Educativa\",\"description\":\"En esta casita encontrar\u00e9is todo tipo de recursos educativos infantiles, desde manualidades hasta actividades, juegos, cuentos, idiomas, adivinanzas y otros.\",\"publisher\":{\"@id\":\"https:\/\/lacasitaeducativa.shop\/#organization\"},\"potentialAction\":[{\"@type\":\"SearchAction\",\"target\":{\"@type\":\"EntryPoint\",\"urlTemplate\":\"https:\/\/lacasitaeducativa.shop\/?s={search_term_string}\"},\"query-input\":{\"@type\":\"PropertyValueSpecification\",\"valueRequired\":true,\"valueName\":\"search_term_string\"}}],\"inLanguage\":\"es\"},{\"@type\":\"Organization\",\"@id\":\"https:\/\/lacasitaeducativa.shop\/#organization\",\"name\":\"La Casita Educativa - LACASITAEDUCATIVA.SHOP\",\"url\":\"https:\/\/lacasitaeducativa.shop\/\",\"logo\":{\"@type\":\"ImageObject\",\"inLanguage\":\"es\",\"@id\":\"https:\/\/lacasitaeducativa.shop\/#\/schema\/logo\/image\/\",\"url\":\"https:\/\/lacasitaeducativa.shop\/wp-content\/uploads\/2020\/08\/Logos-la-casita-educativa-2-1.png\",\"contentUrl\":\"https:\/\/lacasitaeducativa.shop\/wp-content\/uploads\/2020\/08\/Logos-la-casita-educativa-2-1.png\",\"width\":500,\"height\":500,\"caption\":\"La Casita Educativa - LACASITAEDUCATIVA.SHOP\"},\"image\":{\"@id\":\"https:\/\/lacasitaeducativa.shop\/#\/schema\/logo\/image\/\"}}]}<\/script>\n<!-- \/ Yoast SEO plugin. -->","yoast_head_json":{"title":"Ponte mis gafas - La Casita Educativa","description":"Cuento infantil educativo contra el acoso escolar. Luc\u00eda es una ni\u00f1a que empieza a tener problemas de visi\u00f3n y tiene que ponerse gafas.\u00a0Ella est\u00e1 muy preocupada y no quiere llevarlas porque puede ser objeto de burlas en clase y tiene miedo a perder a sus amigos.","robots":{"index":"index","follow":"follow","max-snippet":"max-snippet:-1","max-image-preview":"max-image-preview:large","max-video-preview":"max-video-preview:-1"},"canonical":"https:\/\/lacasitaeducativa.shop\/index.php\/producto\/cuento-infantil-ponte-mis-gafas\/","og_locale":"es_ES","og_type":"article","og_title":"Ponte mis gafas - La Casita Educativa","og_description":"Cuento infantil educativo contra el acoso escolar. Luc\u00eda es una ni\u00f1a que empieza a tener problemas de visi\u00f3n y tiene que ponerse gafas.\u00a0Ella est\u00e1 muy preocupada y no quiere llevarlas porque puede ser objeto de burlas en clase y tiene miedo a perder a sus amigos.","og_url":"https:\/\/lacasitaeducativa.shop\/index.php\/producto\/cuento-infantil-ponte-mis-gafas\/","og_site_name":"La Casita Educativa","article_modified_time":"2021-01-08T19:17:57+00:00","og_image":[{"width":1080,"height":1080,"url":"https:\/\/lacasitaeducativa.shop\/wp-content\/uploads\/2021\/01\/Ponte-mis-gafas.jpg","type":"image\/jpeg"}],"twitter_card":"summary_large_image","twitter_misc":{"Tiempo de lectura":"1 minuto"},"schema":{"@context":"https:\/\/schema.org","@graph":[{"@type":"WebPage","@id":"https:\/\/lacasitaeducativa.shop\/index.php\/producto\/cuento-infantil-ponte-mis-gafas\/","url":"https:\/\/lacasitaeducativa.shop\/index.php\/producto\/cuento-infantil-ponte-mis-gafas\/","name":"Ponte mis gafas - La Casita Educativa","isPartOf":{"@id":"https:\/\/lacasitaeducativa.shop\/#website"},"primaryImageOfPage":{"@id":"https:\/\/lacasitaeducativa.shop\/index.php\/producto\/cuento-infantil-ponte-mis-gafas\/#primaryimage"},"image":{"@id":"https:\/\/lacasitaeducativa.shop\/index.php\/producto\/cuento-infantil-ponte-mis-gafas\/#primaryimage"},"thumbnailUrl":"https:\/\/lacasitaeducativa.shop\/wp-content\/uploads\/2021\/01\/Ponte-mis-gafas.jpg","datePublished":"2021-01-08T18:45:26+00:00","dateModified":"2021-01-08T19:17:57+00:00","description":"Cuento infantil educativo contra el acoso escolar. Luc\u00eda es una ni\u00f1a que empieza a tener problemas de visi\u00f3n y tiene que ponerse gafas.\u00a0Ella est\u00e1 muy preocupada y no quiere llevarlas porque puede ser objeto de burlas en clase y tiene miedo a perder a sus amigos.","breadcrumb":{"@id":"https:\/\/lacasitaeducativa.shop\/index.php\/producto\/cuento-infantil-ponte-mis-gafas\/#breadcrumb"},"inLanguage":"es","potentialAction":[{"@type":"ReadAction","target":["https:\/\/lacasitaeducativa.shop\/index.php\/producto\/cuento-infantil-ponte-mis-gafas\/"]}]},{"@type":"ImageObject","inLanguage":"es","@id":"https:\/\/lacasitaeducativa.shop\/index.php\/producto\/cuento-infantil-ponte-mis-gafas\/#primaryimage","url":"https:\/\/lacasitaeducativa.shop\/wp-content\/uploads\/2021\/01\/Ponte-mis-gafas.jpg","contentUrl":"https:\/\/lacasitaeducativa.shop\/wp-content\/uploads\/2021\/01\/Ponte-mis-gafas.jpg","width":1080,"height":1080,"caption":"Ponte mis gafas"},{"@type":"BreadcrumbList","@id":"https:\/\/lacasitaeducativa.shop\/index.php\/producto\/cuento-infantil-ponte-mis-gafas\/#breadcrumb","itemListElement":[{"@type":"ListItem","position":1,"name":"Portada","item":"https:\/\/lacasitaeducativa.shop\/"},{"@type":"ListItem","position":2,"name":"Recursos","item":"https:\/\/lacasitaeducativa.shop\/index.php\/tienda\/"},{"@type":"ListItem","position":3,"name":"Ponte mis gafas"}]},{"@type":"WebSite","@id":"https:\/\/lacasitaeducativa.shop\/#website","url":"https:\/\/lacasitaeducativa.shop\/","name":"La Casita Educativa","description":"En esta casita encontrar\u00e9is todo tipo de recursos educativos infantiles, desde manualidades hasta actividades, juegos, cuentos, idiomas, adivinanzas y otros.","publisher":{"@id":"https:\/\/lacasitaeducativa.shop\/#organization"},"potentialAction":[{"@type":"SearchAction","target":{"@type":"EntryPoint","urlTemplate":"https:\/\/lacasitaeducativa.shop\/?s={search_term_string}"},"query-input":{"@type":"PropertyValueSpecification","valueRequired":true,"valueName":"search_term_string"}}],"inLanguage":"es"},{"@type":"Organization","@id":"https:\/\/lacasitaeducativa.shop\/#organization","name":"La Casita Educativa - LACASITAEDUCATIVA.SHOP","url":"https:\/\/lacasitaeducativa.shop\/","logo":{"@type":"ImageObject","inLanguage":"es","@id":"https:\/\/lacasitaeducativa.shop\/#\/schema\/logo\/image\/","url":"https:\/\/lacasitaeducativa.shop\/wp-content\/uploads\/2020\/08\/Logos-la-casita-educativa-2-1.png","contentUrl":"https:\/\/lacasitaeducativa.shop\/wp-content\/uploads\/2020\/08\/Logos-la-casita-educativa-2-1.png","width":500,"height":500,"caption":"La Casita Educativa - LACASITAEDUCATIVA.SHOP"},"image":{"@id":"https:\/\/lacasitaeducativa.shop\/#\/schema\/logo\/image\/"}}]}},"_links":{"self":[{"href":"https:\/\/lacasitaeducativa.shop\/index.php\/wp-json\/wp\/v2\/product\/19352","targetHints":{"allow":["GET"]}}],"collection":[{"href":"https:\/\/lacasitaeducativa.shop\/index.php\/wp-json\/wp\/v2\/product"}],"about":[{"href":"https:\/\/lacasitaeducativa.shop\/index.php\/wp-json\/wp\/v2\/types\/product"}],"replies":[{"embeddable":true,"href":"https:\/\/lacasitaeducativa.shop\/index.php\/wp-json\/wp\/v2\/comments?post=19352"}],"wp:featuredmedia":[{"embeddable":true,"href":"https:\/\/lacasitaeducativa.shop\/index.php\/wp-json\/wp\/v2\/media\/19371"}],"wp:attachment":[{"href":"https:\/\/lacasitaeducativa.shop\/index.php\/wp-json\/wp\/v2\/media?parent=19352"}],"wp:term":[{"taxonomy":"product_brand","embeddable":true,"href":"https:\/\/lacasitaeducativa.shop\/index.php\/wp-json\/wp\/v2\/product_brand?post=19352"},{"taxonomy":"product_cat","embeddable":true,"href":"https:\/\/lacasitaeducativa.shop\/index.php\/wp-json\/wp\/v2\/product_cat?post=19352"},{"taxonomy":"product_tag","embeddable":true,"href":"https:\/\/lacasitaeducativa.shop\/index.php\/wp-json\/wp\/v2\/product_tag?post=19352"}],"curies":[{"name":"wp","href":"https:\/\/api.w.org\/{rel}","templated":true}]}}