{"id":19378,"date":"2021-01-08T19:37:06","date_gmt":"2021-01-08T19:37:06","guid":{"rendered":"https:\/\/lacasitaeducativa.shop\/?post_type=product&#038;p=19378"},"modified":"2021-01-08T19:37:06","modified_gmt":"2021-01-08T19:37:06","slug":"cuento-infantil-noa-quinoa","status":"publish","type":"product","link":"https:\/\/lacasitaeducativa.shop\/index.php\/producto\/cuento-infantil-noa-quinoa\/","title":{"rendered":"Noa Quinoa"},"content":{"rendered":"<p>Noa Quinoa es nuevo en el colegio y tiene miedo de no encajar con sus distintos compa\u00f1eros de clase. Noa es un alimento muy diferente al resto de los de su clase, por eso teme no gustarles.<br \/>\n\u00bfCre\u00e9is que habr\u00e1 alg\u00fan hueco para este peque\u00f1o superalimento?<\/p>\n<p>Es un libro que atrae tanto a ni\u00f1os como a mayores. Sus ilustraciones son bell\u00edsimas, nada m\u00e1s hay que ver a Noa Quinoa, enamora al momento. Adem\u00e1s el mensaje que transmite es esencial para todas las edades.<br \/>\nCon \u00e9l la autora nos quiere transmitir que es importante llevar una dieta equilibrada, que conozcamos un poquito los grupos de alimentos que hay y tambi\u00e9n que por muy distinto que uno sea respecto a los dem\u00e1s no pasa nada, cada uno es c\u00f3mo es y no hay que avergonzarse por nada.<\/p>\n<p>A mi personalmente este libro me ha cautivado desde el primer momento, lo recomiendo \ud83d\udcaf%<\/p>\n<p>\u00bfA vosotros qu\u00e9 os parece?<br \/>\n\u00bfOs atrae Noa Quinoa?<\/p>\n<p><strong>Escrito<\/strong> por Rebeca P\u00e9rez Rodr\u00edguez <a class=\"notranslate\" tabindex=\"0\" href=\"https:\/\/www.instagram.com\/noa.quinoa\/\">@noa.quinoa<\/a><br \/>\n<strong>Ilustraciones<\/strong> de <a class=\"notranslate\" tabindex=\"0\" href=\"https:\/\/www.instagram.com\/sra.cabezona\/\">@sra.cabezona<\/a><br \/>\n<strong>Editorial<\/strong> infantil: mr.momo <a class=\"notranslate\" tabindex=\"0\" href=\"https:\/\/www.instagram.com\/mrmomoeditorial\/\">@mrmomoeditorial<\/a><\/p>\n","protected":false},"excerpt":{"rendered":"<p>NOA QUINOA es nuevo en el colegio y tiene miedo de no encajar con sus distintos compa\u00f1eros de clase. Noa es un alimento muy diferente al resto de los de su clase, por eso teme no gustarles.<br \/>\n\u00bfCre\u00e9is que habr\u00e1 alg\u00fan hueco para este peque\u00f1o superalimento?<\/p>\n<p>&nbsp;<\/p>\n<p><script async src=\"https:\/\/pagead2.googlesyndication.com\/pagead\/js\/adsbygoogle.js\"><\/script><br \/>\n<!-- Horizontal-Adaptable --><br \/>\n<ins class=\"adsbygoogle\"\n     style=\"display:block\"\n     data-ad-client=\"ca-pub-1103545772104863\"\n     data-ad-slot=\"5194289265\"\n     data-ad-format=\"auto\"\n     data-full-width-responsive=\"true\"><\/ins><br \/>\n<script>\n     (adsbygoogle = window.adsbygoogle || []).push({});\n<\/script><\/p>\n","protected":false},"featured_media":19381,"comment_status":"open","ping_status":"closed","template":"","meta":{"site-sidebar-layout":"default","site-content-layout":"default","ast-site-content-layout":"default","site-content-style":"default","site-sidebar-style":"default","ast-global-header-display":"","ast-banner-title-visibility":"","ast-main-header-display":"","ast-hfb-above-header-display":"","ast-hfb-below-header-display":"","ast-hfb-mobile-header-display":"","site-post-title":"","ast-breadcrumbs-content":"","ast-featured-img":"","footer-sml-layout":"","ast-disable-related-posts":"","theme-transparent-header-meta":"default","adv-header-id-meta":"","stick-header-meta":"","header-above-stick-meta":"","header-main-stick-meta":"","header-below-stick-meta":"","astra-migrate-meta-layouts":"default","ast-page-background-enabled":"default","ast-page-background-meta":{"desktop":{"background-color":"","background-image":"","background-repeat":"repeat","background-position":"center center","background-size":"auto","background-attachment":"scroll","background-type":"","background-media":"","overlay-type":"","overlay-color":"","overlay-opacity":"","overlay-gradient":""},"tablet":{"background-color":"","background-image":"","background-repeat":"repeat","background-position":"center center","background-size":"auto","background-attachment":"scroll","background-type":"","background-media":"","overlay-type":"","overlay-color":"","overlay-opacity":"","overlay-gradient":""},"mobile":{"background-color":"","background-image":"","background-repeat":"repeat","background-position":"center center","background-size":"auto","background-attachment":"scroll","background-type":"","background-media":"","overlay-type":"","overlay-color":"","overlay-opacity":"","overlay-gradient":""}},"ast-content-background-meta":{"desktop":{"background-color":"var(--ast-global-color-5)","background-image":"","background-repeat":"repeat","background-position":"center center","background-size":"auto","background-attachment":"scroll","background-type":"","background-media":"","overlay-type":"","overlay-color":"","overlay-opacity":"","overlay-gradient":""},"tablet":{"background-color":"var(--ast-global-color-5)","background-image":"","background-repeat":"repeat","background-position":"center center","background-size":"auto","background-attachment":"scroll","background-type":"","background-media":"","overlay-type":"","overlay-color":"","overlay-opacity":"","overlay-gradient":""},"mobile":{"background-color":"var(--ast-global-color-5)","background-image":"","background-repeat":"repeat","background-position":"center center","background-size":"auto","background-attachment":"scroll","background-type":"","background-media":"","overlay-type":"","overlay-color":"","overlay-opacity":"","overlay-gradient":""}}},"product_brand":[],"product_cat":[189],"product_tag":[196,158,191,190,194,195,197],"class_list":{"0":"post-19378","1":"product","2":"type-product","3":"status-publish","4":"has-post-thumbnail","6":"product_cat-cuentos-infantiles","7":"product_tag-alimentacion","8":"product_tag-alimentos","9":"product_tag-cuento","10":"product_tag-cuento-infantil","11":"product_tag-cuentos","12":"product_tag-cuentos-infantiles","13":"product_tag-nutricion","14":"desktop-align-left","15":"tablet-align-left","16":"mobile-align-left","18":"first","19":"instock","20":"taxable","21":"shipping-taxable","22":"product-type-external"},"yoast_head":"<!-- This site is optimized with the Yoast SEO plugin v26.8 - https:\/\/yoast.com\/product\/yoast-seo-wordpress\/ -->\n<title>Noa Quinoa - La Casita Educativa<\/title>\n<meta name=\"description\" content=\"NOA QUINOA es nuevo en el colegio y tiene miedo de no encajar con sus distintos compa\u00f1eros de clase. Noa es un alimento muy diferente al resto de los de su clase, por eso teme no gustarles.\u00bfCre\u00e9is que habr\u00e1 alg\u00fan hueco para este peque\u00f1o superalimento?\" \/>\n<meta name=\"robots\" content=\"index, follow, max-snippet:-1, max-image-preview:large, max-video-preview:-1\" \/>\n<link rel=\"canonical\" href=\"https:\/\/lacasitaeducativa.shop\/index.php\/producto\/cuento-infantil-noa-quinoa\/\" \/>\n<meta property=\"og:locale\" content=\"es_ES\" \/>\n<meta property=\"og:type\" content=\"article\" \/>\n<meta property=\"og:title\" content=\"Noa Quinoa - La Casita Educativa\" \/>\n<meta property=\"og:description\" content=\"NOA QUINOA es nuevo en el colegio y tiene miedo de no encajar con sus distintos compa\u00f1eros de clase. Noa es un alimento muy diferente al resto de los de su clase, por eso teme no gustarles.\u00bfCre\u00e9is que habr\u00e1 alg\u00fan hueco para este peque\u00f1o superalimento?\" \/>\n<meta property=\"og:url\" content=\"https:\/\/lacasitaeducativa.shop\/index.php\/producto\/cuento-infantil-noa-quinoa\/\" \/>\n<meta property=\"og:site_name\" content=\"La Casita Educativa\" \/>\n<meta property=\"og:image\" content=\"https:\/\/lacasitaeducativa.shop\/wp-content\/uploads\/2021\/01\/noa.jpg\" \/>\n\t<meta property=\"og:image:width\" content=\"260\" \/>\n\t<meta property=\"og:image:height\" content=\"260\" \/>\n\t<meta property=\"og:image:type\" content=\"image\/jpeg\" \/>\n<meta name=\"twitter:card\" content=\"summary_large_image\" \/>\n<meta name=\"twitter:label1\" content=\"Tiempo de lectura\" \/>\n\t<meta name=\"twitter:data1\" content=\"1 minuto\" \/>\n<script type=\"application\/ld+json\" class=\"yoast-schema-graph\">{\"@context\":\"https:\/\/schema.org\",\"@graph\":[{\"@type\":\"WebPage\",\"@id\":\"https:\/\/lacasitaeducativa.shop\/index.php\/producto\/cuento-infantil-noa-quinoa\/\",\"url\":\"https:\/\/lacasitaeducativa.shop\/index.php\/producto\/cuento-infantil-noa-quinoa\/\",\"name\":\"Noa Quinoa - La Casita Educativa\",\"isPartOf\":{\"@id\":\"https:\/\/lacasitaeducativa.shop\/#website\"},\"primaryImageOfPage\":{\"@id\":\"https:\/\/lacasitaeducativa.shop\/index.php\/producto\/cuento-infantil-noa-quinoa\/#primaryimage\"},\"image\":{\"@id\":\"https:\/\/lacasitaeducativa.shop\/index.php\/producto\/cuento-infantil-noa-quinoa\/#primaryimage\"},\"thumbnailUrl\":\"https:\/\/lacasitaeducativa.shop\/wp-content\/uploads\/2021\/01\/noa.jpg\",\"datePublished\":\"2021-01-08T19:37:06+00:00\",\"description\":\"NOA QUINOA es nuevo en el colegio y tiene miedo de no encajar con sus distintos compa\u00f1eros de clase. Noa es un alimento muy diferente al resto de los de su clase, por eso teme no gustarles.\u00bfCre\u00e9is que habr\u00e1 alg\u00fan hueco para este peque\u00f1o superalimento?\",\"breadcrumb\":{\"@id\":\"https:\/\/lacasitaeducativa.shop\/index.php\/producto\/cuento-infantil-noa-quinoa\/#breadcrumb\"},\"inLanguage\":\"es\",\"potentialAction\":[{\"@type\":\"ReadAction\",\"target\":[\"https:\/\/lacasitaeducativa.shop\/index.php\/producto\/cuento-infantil-noa-quinoa\/\"]}]},{\"@type\":\"ImageObject\",\"inLanguage\":\"es\",\"@id\":\"https:\/\/lacasitaeducativa.shop\/index.php\/producto\/cuento-infantil-noa-quinoa\/#primaryimage\",\"url\":\"https:\/\/lacasitaeducativa.shop\/wp-content\/uploads\/2021\/01\/noa.jpg\",\"contentUrl\":\"https:\/\/lacasitaeducativa.shop\/wp-content\/uploads\/2021\/01\/noa.jpg\",\"width\":260,\"height\":260,\"caption\":\"Noa quinoa\"},{\"@type\":\"BreadcrumbList\",\"@id\":\"https:\/\/lacasitaeducativa.shop\/index.php\/producto\/cuento-infantil-noa-quinoa\/#breadcrumb\",\"itemListElement\":[{\"@type\":\"ListItem\",\"position\":1,\"name\":\"Portada\",\"item\":\"https:\/\/lacasitaeducativa.shop\/\"},{\"@type\":\"ListItem\",\"position\":2,\"name\":\"Recursos\",\"item\":\"https:\/\/lacasitaeducativa.shop\/index.php\/tienda\/\"},{\"@type\":\"ListItem\",\"position\":3,\"name\":\"Noa Quinoa\"}]},{\"@type\":\"WebSite\",\"@id\":\"https:\/\/lacasitaeducativa.shop\/#website\",\"url\":\"https:\/\/lacasitaeducativa.shop\/\",\"name\":\"La Casita Educativa\",\"description\":\"En esta casita encontrar\u00e9is todo tipo de recursos educativos infantiles, desde manualidades hasta actividades, juegos, cuentos, idiomas, adivinanzas y otros.\",\"publisher\":{\"@id\":\"https:\/\/lacasitaeducativa.shop\/#organization\"},\"potentialAction\":[{\"@type\":\"SearchAction\",\"target\":{\"@type\":\"EntryPoint\",\"urlTemplate\":\"https:\/\/lacasitaeducativa.shop\/?s={search_term_string}\"},\"query-input\":{\"@type\":\"PropertyValueSpecification\",\"valueRequired\":true,\"valueName\":\"search_term_string\"}}],\"inLanguage\":\"es\"},{\"@type\":\"Organization\",\"@id\":\"https:\/\/lacasitaeducativa.shop\/#organization\",\"name\":\"La Casita Educativa - LACASITAEDUCATIVA.SHOP\",\"url\":\"https:\/\/lacasitaeducativa.shop\/\",\"logo\":{\"@type\":\"ImageObject\",\"inLanguage\":\"es\",\"@id\":\"https:\/\/lacasitaeducativa.shop\/#\/schema\/logo\/image\/\",\"url\":\"https:\/\/lacasitaeducativa.shop\/wp-content\/uploads\/2020\/08\/Logos-la-casita-educativa-2-1.png\",\"contentUrl\":\"https:\/\/lacasitaeducativa.shop\/wp-content\/uploads\/2020\/08\/Logos-la-casita-educativa-2-1.png\",\"width\":500,\"height\":500,\"caption\":\"La Casita Educativa - LACASITAEDUCATIVA.SHOP\"},\"image\":{\"@id\":\"https:\/\/lacasitaeducativa.shop\/#\/schema\/logo\/image\/\"}}]}<\/script>\n<!-- \/ Yoast SEO plugin. -->","yoast_head_json":{"title":"Noa Quinoa - La Casita Educativa","description":"NOA QUINOA es nuevo en el colegio y tiene miedo de no encajar con sus distintos compa\u00f1eros de clase. Noa es un alimento muy diferente al resto de los de su clase, por eso teme no gustarles.\u00bfCre\u00e9is que habr\u00e1 alg\u00fan hueco para este peque\u00f1o superalimento?","robots":{"index":"index","follow":"follow","max-snippet":"max-snippet:-1","max-image-preview":"max-image-preview:large","max-video-preview":"max-video-preview:-1"},"canonical":"https:\/\/lacasitaeducativa.shop\/index.php\/producto\/cuento-infantil-noa-quinoa\/","og_locale":"es_ES","og_type":"article","og_title":"Noa Quinoa - La Casita Educativa","og_description":"NOA QUINOA es nuevo en el colegio y tiene miedo de no encajar con sus distintos compa\u00f1eros de clase. Noa es un alimento muy diferente al resto de los de su clase, por eso teme no gustarles.\u00bfCre\u00e9is que habr\u00e1 alg\u00fan hueco para este peque\u00f1o superalimento?","og_url":"https:\/\/lacasitaeducativa.shop\/index.php\/producto\/cuento-infantil-noa-quinoa\/","og_site_name":"La Casita Educativa","og_image":[{"width":260,"height":260,"url":"https:\/\/lacasitaeducativa.shop\/wp-content\/uploads\/2021\/01\/noa.jpg","type":"image\/jpeg"}],"twitter_card":"summary_large_image","twitter_misc":{"Tiempo de lectura":"1 minuto"},"schema":{"@context":"https:\/\/schema.org","@graph":[{"@type":"WebPage","@id":"https:\/\/lacasitaeducativa.shop\/index.php\/producto\/cuento-infantil-noa-quinoa\/","url":"https:\/\/lacasitaeducativa.shop\/index.php\/producto\/cuento-infantil-noa-quinoa\/","name":"Noa Quinoa - La Casita Educativa","isPartOf":{"@id":"https:\/\/lacasitaeducativa.shop\/#website"},"primaryImageOfPage":{"@id":"https:\/\/lacasitaeducativa.shop\/index.php\/producto\/cuento-infantil-noa-quinoa\/#primaryimage"},"image":{"@id":"https:\/\/lacasitaeducativa.shop\/index.php\/producto\/cuento-infantil-noa-quinoa\/#primaryimage"},"thumbnailUrl":"https:\/\/lacasitaeducativa.shop\/wp-content\/uploads\/2021\/01\/noa.jpg","datePublished":"2021-01-08T19:37:06+00:00","description":"NOA QUINOA es nuevo en el colegio y tiene miedo de no encajar con sus distintos compa\u00f1eros de clase. Noa es un alimento muy diferente al resto de los de su clase, por eso teme no gustarles.\u00bfCre\u00e9is que habr\u00e1 alg\u00fan hueco para este peque\u00f1o superalimento?","breadcrumb":{"@id":"https:\/\/lacasitaeducativa.shop\/index.php\/producto\/cuento-infantil-noa-quinoa\/#breadcrumb"},"inLanguage":"es","potentialAction":[{"@type":"ReadAction","target":["https:\/\/lacasitaeducativa.shop\/index.php\/producto\/cuento-infantil-noa-quinoa\/"]}]},{"@type":"ImageObject","inLanguage":"es","@id":"https:\/\/lacasitaeducativa.shop\/index.php\/producto\/cuento-infantil-noa-quinoa\/#primaryimage","url":"https:\/\/lacasitaeducativa.shop\/wp-content\/uploads\/2021\/01\/noa.jpg","contentUrl":"https:\/\/lacasitaeducativa.shop\/wp-content\/uploads\/2021\/01\/noa.jpg","width":260,"height":260,"caption":"Noa quinoa"},{"@type":"BreadcrumbList","@id":"https:\/\/lacasitaeducativa.shop\/index.php\/producto\/cuento-infantil-noa-quinoa\/#breadcrumb","itemListElement":[{"@type":"ListItem","position":1,"name":"Portada","item":"https:\/\/lacasitaeducativa.shop\/"},{"@type":"ListItem","position":2,"name":"Recursos","item":"https:\/\/lacasitaeducativa.shop\/index.php\/tienda\/"},{"@type":"ListItem","position":3,"name":"Noa Quinoa"}]},{"@type":"WebSite","@id":"https:\/\/lacasitaeducativa.shop\/#website","url":"https:\/\/lacasitaeducativa.shop\/","name":"La Casita Educativa","description":"En esta casita encontrar\u00e9is todo tipo de recursos educativos infantiles, desde manualidades hasta actividades, juegos, cuentos, idiomas, adivinanzas y otros.","publisher":{"@id":"https:\/\/lacasitaeducativa.shop\/#organization"},"potentialAction":[{"@type":"SearchAction","target":{"@type":"EntryPoint","urlTemplate":"https:\/\/lacasitaeducativa.shop\/?s={search_term_string}"},"query-input":{"@type":"PropertyValueSpecification","valueRequired":true,"valueName":"search_term_string"}}],"inLanguage":"es"},{"@type":"Organization","@id":"https:\/\/lacasitaeducativa.shop\/#organization","name":"La Casita Educativa - LACASITAEDUCATIVA.SHOP","url":"https:\/\/lacasitaeducativa.shop\/","logo":{"@type":"ImageObject","inLanguage":"es","@id":"https:\/\/lacasitaeducativa.shop\/#\/schema\/logo\/image\/","url":"https:\/\/lacasitaeducativa.shop\/wp-content\/uploads\/2020\/08\/Logos-la-casita-educativa-2-1.png","contentUrl":"https:\/\/lacasitaeducativa.shop\/wp-content\/uploads\/2020\/08\/Logos-la-casita-educativa-2-1.png","width":500,"height":500,"caption":"La Casita Educativa - LACASITAEDUCATIVA.SHOP"},"image":{"@id":"https:\/\/lacasitaeducativa.shop\/#\/schema\/logo\/image\/"}}]}},"_links":{"self":[{"href":"https:\/\/lacasitaeducativa.shop\/index.php\/wp-json\/wp\/v2\/product\/19378","targetHints":{"allow":["GET"]}}],"collection":[{"href":"https:\/\/lacasitaeducativa.shop\/index.php\/wp-json\/wp\/v2\/product"}],"about":[{"href":"https:\/\/lacasitaeducativa.shop\/index.php\/wp-json\/wp\/v2\/types\/product"}],"replies":[{"embeddable":true,"href":"https:\/\/lacasitaeducativa.shop\/index.php\/wp-json\/wp\/v2\/comments?post=19378"}],"wp:featuredmedia":[{"embeddable":true,"href":"https:\/\/lacasitaeducativa.shop\/index.php\/wp-json\/wp\/v2\/media\/19381"}],"wp:attachment":[{"href":"https:\/\/lacasitaeducativa.shop\/index.php\/wp-json\/wp\/v2\/media?parent=19378"}],"wp:term":[{"taxonomy":"product_brand","embeddable":true,"href":"https:\/\/lacasitaeducativa.shop\/index.php\/wp-json\/wp\/v2\/product_brand?post=19378"},{"taxonomy":"product_cat","embeddable":true,"href":"https:\/\/lacasitaeducativa.shop\/index.php\/wp-json\/wp\/v2\/product_cat?post=19378"},{"taxonomy":"product_tag","embeddable":true,"href":"https:\/\/lacasitaeducativa.shop\/index.php\/wp-json\/wp\/v2\/product_tag?post=19378"}],"curies":[{"name":"wp","href":"https:\/\/api.w.org\/{rel}","templated":true}]}}