{"id":200832,"date":"2023-02-01T14:49:17","date_gmt":"2023-02-01T14:49:17","guid":{"rendered":"https:\/\/lacasitaeducativa.shop\/?post_type=product&#038;p=200832"},"modified":"2026-02-10T14:33:55","modified_gmt":"2026-02-10T14:33:55","slug":"malabares-con-el-payaso","status":"publish","type":"product","link":"https:\/\/lacasitaeducativa.shop\/index.php\/producto\/malabares-con-el-payaso\/","title":{"rendered":"Malabares con el payaso"},"content":{"rendered":"<p><strong>CONTENIDO<\/strong><\/p>\n<p>El material contiene:<\/p>\n<ul>\n<li>1 plantilla DINA4 con la ilustraci\u00f3n del payaso.<\/li>\n<li>18 tarjetas<\/li>\n<li>42 c\u00edrculos de diferentes colores<\/li>\n<\/ul>\n<p><strong>FUNCIONAMIENTO<\/strong><\/p>\n<p>Los ni\u00f1os tendr\u00e1n que a\u00f1adir los pompones o c\u00edrculos de colores en la plantilla del payaso haciendo malabares tal cu\u00e1l muestran las diferentes tarjetas.<\/p>\n<p data-start=\"871\" data-end=\"1035\">Este material es ideal para incorporar en el aula como actividad din\u00e1mica, rinc\u00f3n manipulativo o propuesta de ayuda en momentos de concentraci\u00f3n y trabajo aut\u00f3nomo. Tambi\u00e9n es ideal para trabajar des de casa.<\/p>\n<h3 data-start=\"1042\" data-end=\"1082\">\ud83c\udfaf \u00bfQu\u00e9 se trabaja con este recurso?<\/h3>\n<ul data-start=\"1083\" data-end=\"1273\">\n<li data-start=\"1083\" data-end=\"1111\">\n<p data-start=\"1085\" data-end=\"1111\">Atenci\u00f3n y concentraci\u00f3n<\/p>\n<\/li>\n<li data-start=\"1112\" data-end=\"1141\">\n<p data-start=\"1114\" data-end=\"1141\">Coordinaci\u00f3n \u00f3culo-manual<\/p>\n<\/li>\n<li data-start=\"1142\" data-end=\"1161\">\n<p data-start=\"1144\" data-end=\"1161\">Motricidad fina<\/p>\n<\/li>\n<li data-start=\"1162\" data-end=\"1188\">\n<p data-start=\"1164\" data-end=\"1188\">Conteo y l\u00f3gica b\u00e1sica<\/p>\n<\/li>\n<li data-start=\"1189\" data-end=\"1232\">\n<p data-start=\"1191\" data-end=\"1232\">Juego manipulativo y aprendizaje activo<\/p>\n<\/li>\n<li data-start=\"1233\" data-end=\"1273\">\n<p data-start=\"1235\" data-end=\"1273\">Desarrollo de habilidades cognitivas<\/p>\n<\/li>\n<\/ul>\n<h3 data-start=\"1543\" data-end=\"1569\">\ud83d\udc67\ud83d\udc66 Recomendado para:<\/h3>\n<ul data-start=\"1570\" data-end=\"1734\">\n<li data-start=\"1570\" data-end=\"1592\">\n<p data-start=\"1572\" data-end=\"1592\">Educaci\u00f3n Infantil<\/p>\n<\/li>\n<li data-start=\"1593\" data-end=\"1631\">\n<p data-start=\"1595\" data-end=\"1631\">Primer ciclo de Educaci\u00f3n Primaria<\/p>\n<\/li>\n<li data-start=\"1632\" data-end=\"1681\">\n<p data-start=\"1634\" data-end=\"1681\">Docentes que buscan actividades manipulativas<\/p>\n<\/li>\n<li data-start=\"1682\" data-end=\"1734\">\n<p data-start=\"1684\" data-end=\"1734\">Familias que desean propuestas l\u00fadicas para casa<\/p>\n<\/li>\n<\/ul>\n<h3 data-start=\"1741\" data-end=\"1771\">\ud83c\udfeb Ideas de uso en el aula o en casa<\/h3>\n<p data-start=\"1772\" data-end=\"2001\">Este recurso es perfecto para:<br \/>\n\u2714\ufe0f Rincones de motricidad y atenci\u00f3n<br data-start=\"1839\" data-end=\"1842\" \/>\u2714\ufe0f Actividades tem\u00e1ticas de circo<br data-start=\"1875\" data-end=\"1878\" \/>\u2714\ufe0f Trabajo aut\u00f3nomo y estructurado<br data-start=\"1912\" data-end=\"1915\" \/>\u2714\ufe0f Juegos de coordinaci\u00f3n y concentraci\u00f3n<br data-start=\"1956\" data-end=\"1959\" \/>\u2714\ufe0f Refuerzo educativo a trav\u00e9s del juego<\/p>\n<h3 data-start=\"2008\" data-end=\"2038\">\ud83c\udf1f Beneficios del material<\/h3>\n<p data-start=\"2039\" data-end=\"2273\">\u2714\ufe0f Motiva a los peques con una tem\u00e1tica divertida<br data-start=\"2087\" data-end=\"2090\" \/>\u2714\ufe0f Desarrolla habilidades motoras y cognitivas<br data-start=\"2136\" data-end=\"2139\" \/>\u2714\ufe0f Favorece el aprendizaje significativo<\/p>\n<p><strong>IDIOMA<\/strong><\/p>\n<p>&#8212;&#8212;&#8211;<\/p>\n<p><strong>EDAD RECOMENDADA<\/strong><\/p>\n<p>Este material puede empezar a utilizarse desde bien peque\u00f1ito, a partir de 2 a\u00f1itos.<\/p>\n<p>*Si quieres m\u00e1s materiales para trabajar la motricidad fina, puedes mirar\u00a0<a href=\"https:\/\/lacasitaeducativa.shop\/?s=motricidad+fina&amp;post_type=product\" target=\"_blank\" rel=\"noopener\">AQU\u00cd<\/a><\/p>\n","protected":false},"excerpt":{"rendered":"<p>Recurso educativo con tem\u00e1tica circo y\/o carnaval para trabajar atenci\u00f3n, coordinaci\u00f3n y motricidad fina en infantil. Actividad muy divertida y entretenida para los peques.<\/p>\n<p>Recomendado a partir de 2 a\u00f1itos.<\/p>\n<p><script async src=\"https:\/\/pagead2.googlesyndication.com\/pagead\/js\/adsbygoogle.js\"><\/script><br \/>\n<!-- Horizontal-Adaptable --><br \/>\n<ins class=\"adsbygoogle\" style=\"display: block;\" data-ad-client=\"ca-pub-1103545772104863\" data-ad-slot=\"5194289265\" data-ad-format=\"auto\" data-full-width-responsive=\"true\"><\/ins><br \/>\n<script>\n     (adsbygoogle = window.adsbygoogle || []).push({});\n<\/script><\/p>\n","protected":false},"featured_media":205741,"comment_status":"open","ping_status":"closed","template":"","meta":{"site-sidebar-layout":"default","site-content-layout":"default","ast-site-content-layout":"default","site-content-style":"default","site-sidebar-style":"default","ast-global-header-display":"","ast-banner-title-visibility":"","ast-main-header-display":"","ast-hfb-above-header-display":"","ast-hfb-below-header-display":"","ast-hfb-mobile-header-display":"","site-post-title":"","ast-breadcrumbs-content":"","ast-featured-img":"","footer-sml-layout":"","ast-disable-related-posts":"","theme-transparent-header-meta":"default","adv-header-id-meta":"","stick-header-meta":"","header-above-stick-meta":"","header-main-stick-meta":"","header-below-stick-meta":"","astra-migrate-meta-layouts":"set","ast-page-background-enabled":"default","ast-page-background-meta":{"desktop":{"background-color":"","background-image":"","background-repeat":"repeat","background-position":"center center","background-size":"auto","background-attachment":"scroll","background-type":"","background-media":"","overlay-type":"","overlay-color":"","overlay-opacity":"","overlay-gradient":""},"tablet":{"background-color":"","background-image":"","background-repeat":"repeat","background-position":"center center","background-size":"auto","background-attachment":"scroll","background-type":"","background-media":"","overlay-type":"","overlay-color":"","overlay-opacity":"","overlay-gradient":""},"mobile":{"background-color":"","background-image":"","background-repeat":"repeat","background-position":"center center","background-size":"auto","background-attachment":"scroll","background-type":"","background-media":"","overlay-type":"","overlay-color":"","overlay-opacity":"","overlay-gradient":""}},"ast-content-background-meta":{"desktop":{"background-color":"var(--ast-global-color-5)","background-image":"","background-repeat":"repeat","background-position":"center center","background-size":"auto","background-attachment":"scroll","background-type":"","background-media":"","overlay-type":"","overlay-color":"","overlay-opacity":"","overlay-gradient":""},"tablet":{"background-color":"var(--ast-global-color-5)","background-image":"","background-repeat":"repeat","background-position":"center center","background-size":"auto","background-attachment":"scroll","background-type":"","background-media":"","overlay-type":"","overlay-color":"","overlay-opacity":"","overlay-gradient":""},"mobile":{"background-color":"var(--ast-global-color-5)","background-image":"","background-repeat":"repeat","background-position":"center center","background-size":"auto","background-attachment":"scroll","background-type":"","background-media":"","overlay-type":"","overlay-color":"","overlay-opacity":"","overlay-gradient":""}}},"product_brand":[],"product_cat":[246],"product_tag":[247,746,156,307,482],"class_list":{"0":"post-200832","1":"product","2":"type-product","3":"status-publish","4":"has-post-thumbnail","6":"product_cat-carnaval","7":"product_tag-carnaval","8":"product_tag-circo","9":"product_tag-colores","10":"product_tag-motricidadfina","11":"product_tag-payaso","12":"desktop-align-left","13":"tablet-align-left","14":"mobile-align-left","16":"first","17":"instock","18":"downloadable","19":"virtual","20":"taxable","21":"purchasable","22":"product-type-simple"},"yoast_head":"<!-- This site is optimized with the Yoast SEO plugin v26.8 - https:\/\/yoast.com\/product\/yoast-seo-wordpress\/ -->\n<title>Malabares con el payaso - La Casita Educativa<\/title>\n<meta name=\"description\" content=\"Recurso educativo imprimible para trabajar atenci\u00f3n, coordinaci\u00f3n y motricidad fina en infantil. Actividad divertida de malabares con payaso.\" \/>\n<meta name=\"robots\" content=\"index, follow, max-snippet:-1, max-image-preview:large, max-video-preview:-1\" \/>\n<link rel=\"canonical\" href=\"https:\/\/lacasitaeducativa.shop\/index.php\/producto\/malabares-con-el-payaso\/\" \/>\n<meta property=\"og:locale\" content=\"es_ES\" \/>\n<meta property=\"og:type\" content=\"article\" \/>\n<meta property=\"og:title\" content=\"Malabares con el payaso - La Casita Educativa\" \/>\n<meta property=\"og:description\" content=\"Recurso educativo imprimible para trabajar atenci\u00f3n, coordinaci\u00f3n y motricidad fina en infantil. Actividad divertida de malabares con payaso.\" \/>\n<meta property=\"og:url\" content=\"https:\/\/lacasitaeducativa.shop\/index.php\/producto\/malabares-con-el-payaso\/\" \/>\n<meta property=\"og:site_name\" content=\"La Casita Educativa\" \/>\n<meta property=\"article:modified_time\" content=\"2026-02-10T14:33:55+00:00\" \/>\n<meta property=\"og:image\" content=\"https:\/\/lacasitaeducativa.shop\/wp-content\/uploads\/2023\/01\/1-2.jpg\" \/>\n\t<meta property=\"og:image:width\" content=\"1080\" \/>\n\t<meta property=\"og:image:height\" content=\"1080\" \/>\n\t<meta property=\"og:image:type\" content=\"image\/jpeg\" \/>\n<meta name=\"twitter:card\" content=\"summary_large_image\" \/>\n<meta name=\"twitter:label1\" content=\"Tiempo de lectura\" \/>\n\t<meta name=\"twitter:data1\" content=\"2 minutos\" \/>\n<script type=\"application\/ld+json\" class=\"yoast-schema-graph\">{\"@context\":\"https:\/\/schema.org\",\"@graph\":[{\"@type\":\"WebPage\",\"@id\":\"https:\/\/lacasitaeducativa.shop\/index.php\/producto\/malabares-con-el-payaso\/\",\"url\":\"https:\/\/lacasitaeducativa.shop\/index.php\/producto\/malabares-con-el-payaso\/\",\"name\":\"Malabares con el payaso - La Casita Educativa\",\"isPartOf\":{\"@id\":\"https:\/\/lacasitaeducativa.shop\/#website\"},\"primaryImageOfPage\":{\"@id\":\"https:\/\/lacasitaeducativa.shop\/index.php\/producto\/malabares-con-el-payaso\/#primaryimage\"},\"image\":{\"@id\":\"https:\/\/lacasitaeducativa.shop\/index.php\/producto\/malabares-con-el-payaso\/#primaryimage\"},\"thumbnailUrl\":\"https:\/\/lacasitaeducativa.shop\/wp-content\/uploads\/2023\/01\/1-2.jpg\",\"datePublished\":\"2023-02-01T14:49:17+00:00\",\"dateModified\":\"2026-02-10T14:33:55+00:00\",\"description\":\"Recurso educativo imprimible para trabajar atenci\u00f3n, coordinaci\u00f3n y motricidad fina en infantil. Actividad divertida de malabares con payaso.\",\"breadcrumb\":{\"@id\":\"https:\/\/lacasitaeducativa.shop\/index.php\/producto\/malabares-con-el-payaso\/#breadcrumb\"},\"inLanguage\":\"es\",\"potentialAction\":[{\"@type\":\"ReadAction\",\"target\":[\"https:\/\/lacasitaeducativa.shop\/index.php\/producto\/malabares-con-el-payaso\/\"]}]},{\"@type\":\"ImageObject\",\"inLanguage\":\"es\",\"@id\":\"https:\/\/lacasitaeducativa.shop\/index.php\/producto\/malabares-con-el-payaso\/#primaryimage\",\"url\":\"https:\/\/lacasitaeducativa.shop\/wp-content\/uploads\/2023\/01\/1-2.jpg\",\"contentUrl\":\"https:\/\/lacasitaeducativa.shop\/wp-content\/uploads\/2023\/01\/1-2.jpg\",\"width\":1080,\"height\":1080,\"caption\":\"Payaso malabares\"},{\"@type\":\"BreadcrumbList\",\"@id\":\"https:\/\/lacasitaeducativa.shop\/index.php\/producto\/malabares-con-el-payaso\/#breadcrumb\",\"itemListElement\":[{\"@type\":\"ListItem\",\"position\":1,\"name\":\"Portada\",\"item\":\"https:\/\/lacasitaeducativa.shop\/\"},{\"@type\":\"ListItem\",\"position\":2,\"name\":\"Recursos\",\"item\":\"https:\/\/lacasitaeducativa.shop\/index.php\/tienda\/\"},{\"@type\":\"ListItem\",\"position\":3,\"name\":\"Malabares con el payaso\"}]},{\"@type\":\"WebSite\",\"@id\":\"https:\/\/lacasitaeducativa.shop\/#website\",\"url\":\"https:\/\/lacasitaeducativa.shop\/\",\"name\":\"La Casita Educativa\",\"description\":\"En esta casita encontrar\u00e9is todo tipo de recursos educativos infantiles, desde manualidades hasta actividades, juegos, cuentos, idiomas, adivinanzas y otros.\",\"publisher\":{\"@id\":\"https:\/\/lacasitaeducativa.shop\/#organization\"},\"potentialAction\":[{\"@type\":\"SearchAction\",\"target\":{\"@type\":\"EntryPoint\",\"urlTemplate\":\"https:\/\/lacasitaeducativa.shop\/?s={search_term_string}\"},\"query-input\":{\"@type\":\"PropertyValueSpecification\",\"valueRequired\":true,\"valueName\":\"search_term_string\"}}],\"inLanguage\":\"es\"},{\"@type\":\"Organization\",\"@id\":\"https:\/\/lacasitaeducativa.shop\/#organization\",\"name\":\"La Casita Educativa - LACASITAEDUCATIVA.SHOP\",\"url\":\"https:\/\/lacasitaeducativa.shop\/\",\"logo\":{\"@type\":\"ImageObject\",\"inLanguage\":\"es\",\"@id\":\"https:\/\/lacasitaeducativa.shop\/#\/schema\/logo\/image\/\",\"url\":\"https:\/\/lacasitaeducativa.shop\/wp-content\/uploads\/2020\/08\/Logos-la-casita-educativa-2-1.png\",\"contentUrl\":\"https:\/\/lacasitaeducativa.shop\/wp-content\/uploads\/2020\/08\/Logos-la-casita-educativa-2-1.png\",\"width\":500,\"height\":500,\"caption\":\"La Casita Educativa - LACASITAEDUCATIVA.SHOP\"},\"image\":{\"@id\":\"https:\/\/lacasitaeducativa.shop\/#\/schema\/logo\/image\/\"}}]}<\/script>\n<!-- \/ Yoast SEO plugin. -->","yoast_head_json":{"title":"Malabares con el payaso - La Casita Educativa","description":"Recurso educativo imprimible para trabajar atenci\u00f3n, coordinaci\u00f3n y motricidad fina en infantil. Actividad divertida de malabares con payaso.","robots":{"index":"index","follow":"follow","max-snippet":"max-snippet:-1","max-image-preview":"max-image-preview:large","max-video-preview":"max-video-preview:-1"},"canonical":"https:\/\/lacasitaeducativa.shop\/index.php\/producto\/malabares-con-el-payaso\/","og_locale":"es_ES","og_type":"article","og_title":"Malabares con el payaso - La Casita Educativa","og_description":"Recurso educativo imprimible para trabajar atenci\u00f3n, coordinaci\u00f3n y motricidad fina en infantil. Actividad divertida de malabares con payaso.","og_url":"https:\/\/lacasitaeducativa.shop\/index.php\/producto\/malabares-con-el-payaso\/","og_site_name":"La Casita Educativa","article_modified_time":"2026-02-10T14:33:55+00:00","og_image":[{"width":1080,"height":1080,"url":"https:\/\/lacasitaeducativa.shop\/wp-content\/uploads\/2023\/01\/1-2.jpg","type":"image\/jpeg"}],"twitter_card":"summary_large_image","twitter_misc":{"Tiempo de lectura":"2 minutos"},"schema":{"@context":"https:\/\/schema.org","@graph":[{"@type":"WebPage","@id":"https:\/\/lacasitaeducativa.shop\/index.php\/producto\/malabares-con-el-payaso\/","url":"https:\/\/lacasitaeducativa.shop\/index.php\/producto\/malabares-con-el-payaso\/","name":"Malabares con el payaso - La Casita Educativa","isPartOf":{"@id":"https:\/\/lacasitaeducativa.shop\/#website"},"primaryImageOfPage":{"@id":"https:\/\/lacasitaeducativa.shop\/index.php\/producto\/malabares-con-el-payaso\/#primaryimage"},"image":{"@id":"https:\/\/lacasitaeducativa.shop\/index.php\/producto\/malabares-con-el-payaso\/#primaryimage"},"thumbnailUrl":"https:\/\/lacasitaeducativa.shop\/wp-content\/uploads\/2023\/01\/1-2.jpg","datePublished":"2023-02-01T14:49:17+00:00","dateModified":"2026-02-10T14:33:55+00:00","description":"Recurso educativo imprimible para trabajar atenci\u00f3n, coordinaci\u00f3n y motricidad fina en infantil. Actividad divertida de malabares con payaso.","breadcrumb":{"@id":"https:\/\/lacasitaeducativa.shop\/index.php\/producto\/malabares-con-el-payaso\/#breadcrumb"},"inLanguage":"es","potentialAction":[{"@type":"ReadAction","target":["https:\/\/lacasitaeducativa.shop\/index.php\/producto\/malabares-con-el-payaso\/"]}]},{"@type":"ImageObject","inLanguage":"es","@id":"https:\/\/lacasitaeducativa.shop\/index.php\/producto\/malabares-con-el-payaso\/#primaryimage","url":"https:\/\/lacasitaeducativa.shop\/wp-content\/uploads\/2023\/01\/1-2.jpg","contentUrl":"https:\/\/lacasitaeducativa.shop\/wp-content\/uploads\/2023\/01\/1-2.jpg","width":1080,"height":1080,"caption":"Payaso malabares"},{"@type":"BreadcrumbList","@id":"https:\/\/lacasitaeducativa.shop\/index.php\/producto\/malabares-con-el-payaso\/#breadcrumb","itemListElement":[{"@type":"ListItem","position":1,"name":"Portada","item":"https:\/\/lacasitaeducativa.shop\/"},{"@type":"ListItem","position":2,"name":"Recursos","item":"https:\/\/lacasitaeducativa.shop\/index.php\/tienda\/"},{"@type":"ListItem","position":3,"name":"Malabares con el payaso"}]},{"@type":"WebSite","@id":"https:\/\/lacasitaeducativa.shop\/#website","url":"https:\/\/lacasitaeducativa.shop\/","name":"La Casita Educativa","description":"En esta casita encontrar\u00e9is todo tipo de recursos educativos infantiles, desde manualidades hasta actividades, juegos, cuentos, idiomas, adivinanzas y otros.","publisher":{"@id":"https:\/\/lacasitaeducativa.shop\/#organization"},"potentialAction":[{"@type":"SearchAction","target":{"@type":"EntryPoint","urlTemplate":"https:\/\/lacasitaeducativa.shop\/?s={search_term_string}"},"query-input":{"@type":"PropertyValueSpecification","valueRequired":true,"valueName":"search_term_string"}}],"inLanguage":"es"},{"@type":"Organization","@id":"https:\/\/lacasitaeducativa.shop\/#organization","name":"La Casita Educativa - LACASITAEDUCATIVA.SHOP","url":"https:\/\/lacasitaeducativa.shop\/","logo":{"@type":"ImageObject","inLanguage":"es","@id":"https:\/\/lacasitaeducativa.shop\/#\/schema\/logo\/image\/","url":"https:\/\/lacasitaeducativa.shop\/wp-content\/uploads\/2020\/08\/Logos-la-casita-educativa-2-1.png","contentUrl":"https:\/\/lacasitaeducativa.shop\/wp-content\/uploads\/2020\/08\/Logos-la-casita-educativa-2-1.png","width":500,"height":500,"caption":"La Casita Educativa - LACASITAEDUCATIVA.SHOP"},"image":{"@id":"https:\/\/lacasitaeducativa.shop\/#\/schema\/logo\/image\/"}}]}},"_links":{"self":[{"href":"https:\/\/lacasitaeducativa.shop\/index.php\/wp-json\/wp\/v2\/product\/200832","targetHints":{"allow":["GET"]}}],"collection":[{"href":"https:\/\/lacasitaeducativa.shop\/index.php\/wp-json\/wp\/v2\/product"}],"about":[{"href":"https:\/\/lacasitaeducativa.shop\/index.php\/wp-json\/wp\/v2\/types\/product"}],"replies":[{"embeddable":true,"href":"https:\/\/lacasitaeducativa.shop\/index.php\/wp-json\/wp\/v2\/comments?post=200832"}],"wp:featuredmedia":[{"embeddable":true,"href":"https:\/\/lacasitaeducativa.shop\/index.php\/wp-json\/wp\/v2\/media\/205741"}],"wp:attachment":[{"href":"https:\/\/lacasitaeducativa.shop\/index.php\/wp-json\/wp\/v2\/media?parent=200832"}],"wp:term":[{"taxonomy":"product_brand","embeddable":true,"href":"https:\/\/lacasitaeducativa.shop\/index.php\/wp-json\/wp\/v2\/product_brand?post=200832"},{"taxonomy":"product_cat","embeddable":true,"href":"https:\/\/lacasitaeducativa.shop\/index.php\/wp-json\/wp\/v2\/product_cat?post=200832"},{"taxonomy":"product_tag","embeddable":true,"href":"https:\/\/lacasitaeducativa.shop\/index.php\/wp-json\/wp\/v2\/product_tag?post=200832"}],"curies":[{"name":"wp","href":"https:\/\/api.w.org\/{rel}","templated":true}]}}