{"id":21559,"date":"2021-01-18T14:47:46","date_gmt":"2021-01-18T14:47:46","guid":{"rendered":"https:\/\/lacasitaeducativa.shop\/?post_type=product&#038;p=21559"},"modified":"2026-02-01T08:51:36","modified_gmt":"2026-02-01T08:51:36","slug":"formas-y-colores","status":"publish","type":"product","link":"https:\/\/lacasitaeducativa.shop\/index.php\/producto\/formas-y-colores\/","title":{"rendered":"Formas y colores con Mu\u00f1ecos de nieve"},"content":{"rendered":"<p data-start=\"479\" data-end=\"733\">Este material combina actividades visuales, manipulativas y divertidas que facilitan el aprendizaje de conceptos esenciales, fundamentales para el desarrollo del pensamiento l\u00f3gico, la percepci\u00f3n visual y el vocabulario en las primeras etapas educativas.<\/p>\n<hr data-start=\"735\" data-end=\"738\" \/>\n<h3 data-start=\"740\" data-end=\"780\">\ud83d\udfe6 \u00bfQu\u00e9 se trabaja con este recurso?<\/h3>\n<ul data-start=\"781\" data-end=\"1065\">\n<li data-start=\"781\" data-end=\"874\">\n<p data-start=\"783\" data-end=\"874\">Identificaci\u00f3n de <strong data-start=\"801\" data-end=\"823\">formas geom\u00e9tricas<\/strong> (c\u00edrculo, cuadrado, tri\u00e1ngulo, rect\u00e1ngulo, etc.)<\/p>\n<\/li>\n<li data-start=\"875\" data-end=\"916\">\n<p data-start=\"877\" data-end=\"916\">Reconocimiento de <strong data-start=\"895\" data-end=\"914\">colores b\u00e1sicos<\/strong><\/p>\n<\/li>\n<li data-start=\"917\" data-end=\"943\">\n<p data-start=\"919\" data-end=\"943\">Asociaci\u00f3n forma\u2013color<\/p>\n<\/li>\n<li data-start=\"944\" data-end=\"974\">\n<p data-start=\"946\" data-end=\"974\">Clasificaci\u00f3n y agrupaci\u00f3n<\/p>\n<\/li>\n<li data-start=\"975\" data-end=\"1016\">\n<p data-start=\"977\" data-end=\"1016\">Desarrollo de habilidades perceptivas<\/p>\n<\/li>\n<li data-start=\"1017\" data-end=\"1065\">\n<p data-start=\"1019\" data-end=\"1065\">Vocabulario espec\u00edfico de matem\u00e1ticas y arte<\/p>\n<\/li>\n<\/ul>\n<h3 data-start=\"1396\" data-end=\"1434\">\ud83d\udc67\ud83d\udc66 \u00bfPara qui\u00e9n est\u00e1 recomendado?<\/h3>\n<ul data-start=\"1435\" data-end=\"1654\">\n<li data-start=\"1435\" data-end=\"1457\">\n<p data-start=\"1437\" data-end=\"1457\">Educaci\u00f3n Infantil<\/p>\n<\/li>\n<li data-start=\"1458\" data-end=\"1486\">\n<p data-start=\"1460\" data-end=\"1486\">Primer ciclo de Primaria<\/p>\n<\/li>\n<li data-start=\"1487\" data-end=\"1534\">\n<p data-start=\"1489\" data-end=\"1534\">Docentes en busca de recursos manipulativos<\/p>\n<\/li>\n<li data-start=\"1535\" data-end=\"1593\">\n<p data-start=\"1537\" data-end=\"1593\">Familias que desean reforzar conceptos b\u00e1sicos en casa<\/p>\n<\/li>\n<li data-start=\"1594\" data-end=\"1654\">\n<p data-start=\"1596\" data-end=\"1654\">Alumnado que necesita actividades visuales.<\/p>\n<\/li>\n<\/ul>\n<h3 data-start=\"2005\" data-end=\"2034\">\ud83c\udf1f Beneficios del recurso<\/h3>\n<p data-start=\"2035\" data-end=\"2272\">\u2714\ufe0f Favorece la comprensi\u00f3n visual y l\u00f3gica<br data-start=\"2077\" data-end=\"2080\" \/>\u2714\ufe0f Potencia la adquisici\u00f3n de vocabulario b\u00e1sico<br data-start=\"2128\" data-end=\"2131\" \/>\u2714\ufe0f Facilita la atenci\u00f3n y concentraci\u00f3n<br data-start=\"2170\" data-end=\"2173\" \/>\u2714\ufe0f Introduce conceptos geom\u00e9tricos desde edades tempranas<br data-start=\"2230\" data-end=\"2233\" \/>\u2714\ufe0f Permite aprender mientras se juega<\/p>\n<p>*Si necesitas m\u00e1s materiales relacionados con la tem\u00e1tica de Invierno, mira\u00a0<a href=\"https:\/\/lacasitaeducativa.shop\/?s=invierno&amp;post_type=product\" target=\"_blank\" rel=\"noopener\">AQU\u00cd<\/a><\/p>\n<p>&nbsp;<\/p>\n","protected":false},"excerpt":{"rendered":"<p><strong data-start=\"220\" data-end=\"240\">Formas y colores<\/strong> es un <strong data-start=\"247\" data-end=\"279\">recurso educativo imprimible<\/strong> dise\u00f1ado para ayudar al alumnado de <strong data-start=\"316\" data-end=\"365\">Educaci\u00f3n Infantil y primer ciclo de Primaria<\/strong> a reconocer, identificar y clasificar <strong data-start=\"404\" data-end=\"444\">formas geom\u00e9tricas y colores b\u00e1sicos<\/strong> de forma l\u00fadica y significativa.<\/p>\n<p><script async src=\"https:\/\/pagead2.googlesyndication.com\/pagead\/js\/adsbygoogle.js\"><\/script><br \/>\n<!-- Horizontal-Adaptable --><br \/>\n<ins class=\"adsbygoogle\" style=\"display: block;\" data-ad-client=\"ca-pub-1103545772104863\" data-ad-slot=\"5194289265\" data-ad-format=\"auto\" data-full-width-responsive=\"true\"><\/ins><br \/>\n<script>\n     (adsbygoogle = window.adsbygoogle || []).push({});\n<\/script><\/p>\n","protected":false},"featured_media":21562,"comment_status":"open","ping_status":"closed","template":"","meta":{"site-sidebar-layout":"default","site-content-layout":"default","ast-site-content-layout":"default","site-content-style":"default","site-sidebar-style":"default","ast-global-header-display":"","ast-banner-title-visibility":"","ast-main-header-display":"","ast-hfb-above-header-display":"","ast-hfb-below-header-display":"","ast-hfb-mobile-header-display":"","site-post-title":"","ast-breadcrumbs-content":"","ast-featured-img":"","footer-sml-layout":"","ast-disable-related-posts":"","theme-transparent-header-meta":"default","adv-header-id-meta":"","stick-header-meta":"","header-above-stick-meta":"","header-main-stick-meta":"","header-below-stick-meta":"","astra-migrate-meta-layouts":"set","ast-page-background-enabled":"default","ast-page-background-meta":{"desktop":{"background-color":"","background-image":"","background-repeat":"repeat","background-position":"center center","background-size":"auto","background-attachment":"scroll","background-type":"","background-media":"","overlay-type":"","overlay-color":"","overlay-opacity":"","overlay-gradient":""},"tablet":{"background-color":"","background-image":"","background-repeat":"repeat","background-position":"center center","background-size":"auto","background-attachment":"scroll","background-type":"","background-media":"","overlay-type":"","overlay-color":"","overlay-opacity":"","overlay-gradient":""},"mobile":{"background-color":"","background-image":"","background-repeat":"repeat","background-position":"center center","background-size":"auto","background-attachment":"scroll","background-type":"","background-media":"","overlay-type":"","overlay-color":"","overlay-opacity":"","overlay-gradient":""}},"ast-content-background-meta":{"desktop":{"background-color":"var(--ast-global-color-5)","background-image":"","background-repeat":"repeat","background-position":"center center","background-size":"auto","background-attachment":"scroll","background-type":"","background-media":"","overlay-type":"","overlay-color":"","overlay-opacity":"","overlay-gradient":""},"tablet":{"background-color":"var(--ast-global-color-5)","background-image":"","background-repeat":"repeat","background-position":"center center","background-size":"auto","background-attachment":"scroll","background-type":"","background-media":"","overlay-type":"","overlay-color":"","overlay-opacity":"","overlay-gradient":""},"mobile":{"background-color":"var(--ast-global-color-5)","background-image":"","background-repeat":"repeat","background-position":"center center","background-size":"auto","background-attachment":"scroll","background-type":"","background-media":"","overlay-type":"","overlay-color":"","overlay-opacity":"","overlay-gradient":""}}},"product_brand":[],"product_cat":[745],"product_tag":[156,166,208,209],"class_list":{"0":"post-21559","1":"product","2":"type-product","3":"status-publish","4":"has-post-thumbnail","6":"product_cat-muneco-de-nieve","7":"product_tag-colores","8":"product_tag-formas-geometricas","9":"product_tag-invierno","10":"product_tag-munecodenieve","11":"desktop-align-left","12":"tablet-align-left","13":"mobile-align-left","15":"first","16":"instock","17":"downloadable","18":"virtual","19":"taxable","20":"purchasable","21":"product-type-simple"},"yoast_head":"<!-- This site is optimized with the Yoast SEO plugin v26.8 - https:\/\/yoast.com\/product\/yoast-seo-wordpress\/ -->\n<title>Formas y colores con Mu\u00f1ecos de nieve - La Casita Educativa<\/title>\n<meta name=\"description\" content=\"Material did\u00e1ctico para aprender los colores y algunas formas geom\u00e9tricas. Tendran que asociar cada uno con su color y forma correspondiente.\" \/>\n<meta name=\"robots\" content=\"index, follow, max-snippet:-1, max-image-preview:large, max-video-preview:-1\" \/>\n<link rel=\"canonical\" href=\"https:\/\/lacasitaeducativa.shop\/index.php\/producto\/formas-y-colores\/\" \/>\n<meta property=\"og:locale\" content=\"es_ES\" \/>\n<meta property=\"og:type\" content=\"article\" \/>\n<meta property=\"og:title\" content=\"Formas y colores con Mu\u00f1ecos de nieve - La Casita Educativa\" \/>\n<meta property=\"og:description\" content=\"Material did\u00e1ctico para aprender los colores y algunas formas geom\u00e9tricas. Tendran que asociar cada uno con su color y forma correspondiente.\" \/>\n<meta property=\"og:url\" content=\"https:\/\/lacasitaeducativa.shop\/index.php\/producto\/formas-y-colores\/\" \/>\n<meta property=\"og:site_name\" content=\"La Casita Educativa\" \/>\n<meta property=\"article:modified_time\" content=\"2026-02-01T08:51:36+00:00\" \/>\n<meta property=\"og:image\" content=\"https:\/\/lacasitaeducativa.shop\/wp-content\/uploads\/2021\/01\/1-3.jpg\" \/>\n\t<meta property=\"og:image:width\" content=\"1080\" \/>\n\t<meta property=\"og:image:height\" content=\"1080\" \/>\n\t<meta property=\"og:image:type\" content=\"image\/jpeg\" \/>\n<meta name=\"twitter:card\" content=\"summary_large_image\" \/>\n<meta name=\"twitter:label1\" content=\"Tiempo de lectura\" \/>\n\t<meta name=\"twitter:data1\" content=\"1 minuto\" \/>\n<script type=\"application\/ld+json\" class=\"yoast-schema-graph\">{\"@context\":\"https:\/\/schema.org\",\"@graph\":[{\"@type\":\"WebPage\",\"@id\":\"https:\/\/lacasitaeducativa.shop\/index.php\/producto\/formas-y-colores\/\",\"url\":\"https:\/\/lacasitaeducativa.shop\/index.php\/producto\/formas-y-colores\/\",\"name\":\"Formas y colores con Mu\u00f1ecos de nieve - La Casita Educativa\",\"isPartOf\":{\"@id\":\"https:\/\/lacasitaeducativa.shop\/#website\"},\"primaryImageOfPage\":{\"@id\":\"https:\/\/lacasitaeducativa.shop\/index.php\/producto\/formas-y-colores\/#primaryimage\"},\"image\":{\"@id\":\"https:\/\/lacasitaeducativa.shop\/index.php\/producto\/formas-y-colores\/#primaryimage\"},\"thumbnailUrl\":\"https:\/\/lacasitaeducativa.shop\/wp-content\/uploads\/2021\/01\/1-3.jpg\",\"datePublished\":\"2021-01-18T14:47:46+00:00\",\"dateModified\":\"2026-02-01T08:51:36+00:00\",\"description\":\"Material did\u00e1ctico para aprender los colores y algunas formas geom\u00e9tricas. Tendran que asociar cada uno con su color y forma correspondiente.\",\"breadcrumb\":{\"@id\":\"https:\/\/lacasitaeducativa.shop\/index.php\/producto\/formas-y-colores\/#breadcrumb\"},\"inLanguage\":\"es\",\"potentialAction\":[{\"@type\":\"ReadAction\",\"target\":[\"https:\/\/lacasitaeducativa.shop\/index.php\/producto\/formas-y-colores\/\"]}]},{\"@type\":\"ImageObject\",\"inLanguage\":\"es\",\"@id\":\"https:\/\/lacasitaeducativa.shop\/index.php\/producto\/formas-y-colores\/#primaryimage\",\"url\":\"https:\/\/lacasitaeducativa.shop\/wp-content\/uploads\/2021\/01\/1-3.jpg\",\"contentUrl\":\"https:\/\/lacasitaeducativa.shop\/wp-content\/uploads\/2021\/01\/1-3.jpg\",\"width\":1080,\"height\":1080,\"caption\":\"mu\u00f1ecos de nieve\"},{\"@type\":\"BreadcrumbList\",\"@id\":\"https:\/\/lacasitaeducativa.shop\/index.php\/producto\/formas-y-colores\/#breadcrumb\",\"itemListElement\":[{\"@type\":\"ListItem\",\"position\":1,\"name\":\"Portada\",\"item\":\"https:\/\/lacasitaeducativa.shop\/\"},{\"@type\":\"ListItem\",\"position\":2,\"name\":\"Recursos\",\"item\":\"https:\/\/lacasitaeducativa.shop\/index.php\/tienda\/\"},{\"@type\":\"ListItem\",\"position\":3,\"name\":\"Formas y colores con Mu\u00f1ecos de nieve\"}]},{\"@type\":\"WebSite\",\"@id\":\"https:\/\/lacasitaeducativa.shop\/#website\",\"url\":\"https:\/\/lacasitaeducativa.shop\/\",\"name\":\"La Casita Educativa\",\"description\":\"En esta casita encontrar\u00e9is todo tipo de recursos educativos infantiles, desde manualidades hasta actividades, juegos, cuentos, idiomas, adivinanzas y otros.\",\"publisher\":{\"@id\":\"https:\/\/lacasitaeducativa.shop\/#organization\"},\"potentialAction\":[{\"@type\":\"SearchAction\",\"target\":{\"@type\":\"EntryPoint\",\"urlTemplate\":\"https:\/\/lacasitaeducativa.shop\/?s={search_term_string}\"},\"query-input\":{\"@type\":\"PropertyValueSpecification\",\"valueRequired\":true,\"valueName\":\"search_term_string\"}}],\"inLanguage\":\"es\"},{\"@type\":\"Organization\",\"@id\":\"https:\/\/lacasitaeducativa.shop\/#organization\",\"name\":\"La Casita Educativa - LACASITAEDUCATIVA.SHOP\",\"url\":\"https:\/\/lacasitaeducativa.shop\/\",\"logo\":{\"@type\":\"ImageObject\",\"inLanguage\":\"es\",\"@id\":\"https:\/\/lacasitaeducativa.shop\/#\/schema\/logo\/image\/\",\"url\":\"https:\/\/lacasitaeducativa.shop\/wp-content\/uploads\/2020\/08\/Logos-la-casita-educativa-2-1.png\",\"contentUrl\":\"https:\/\/lacasitaeducativa.shop\/wp-content\/uploads\/2020\/08\/Logos-la-casita-educativa-2-1.png\",\"width\":500,\"height\":500,\"caption\":\"La Casita Educativa - LACASITAEDUCATIVA.SHOP\"},\"image\":{\"@id\":\"https:\/\/lacasitaeducativa.shop\/#\/schema\/logo\/image\/\"}}]}<\/script>\n<!-- \/ Yoast SEO plugin. -->","yoast_head_json":{"title":"Formas y colores con Mu\u00f1ecos de nieve - La Casita Educativa","description":"Material did\u00e1ctico para aprender los colores y algunas formas geom\u00e9tricas. Tendran que asociar cada uno con su color y forma correspondiente.","robots":{"index":"index","follow":"follow","max-snippet":"max-snippet:-1","max-image-preview":"max-image-preview:large","max-video-preview":"max-video-preview:-1"},"canonical":"https:\/\/lacasitaeducativa.shop\/index.php\/producto\/formas-y-colores\/","og_locale":"es_ES","og_type":"article","og_title":"Formas y colores con Mu\u00f1ecos de nieve - La Casita Educativa","og_description":"Material did\u00e1ctico para aprender los colores y algunas formas geom\u00e9tricas. Tendran que asociar cada uno con su color y forma correspondiente.","og_url":"https:\/\/lacasitaeducativa.shop\/index.php\/producto\/formas-y-colores\/","og_site_name":"La Casita Educativa","article_modified_time":"2026-02-01T08:51:36+00:00","og_image":[{"width":1080,"height":1080,"url":"https:\/\/lacasitaeducativa.shop\/wp-content\/uploads\/2021\/01\/1-3.jpg","type":"image\/jpeg"}],"twitter_card":"summary_large_image","twitter_misc":{"Tiempo de lectura":"1 minuto"},"schema":{"@context":"https:\/\/schema.org","@graph":[{"@type":"WebPage","@id":"https:\/\/lacasitaeducativa.shop\/index.php\/producto\/formas-y-colores\/","url":"https:\/\/lacasitaeducativa.shop\/index.php\/producto\/formas-y-colores\/","name":"Formas y colores con Mu\u00f1ecos de nieve - La Casita Educativa","isPartOf":{"@id":"https:\/\/lacasitaeducativa.shop\/#website"},"primaryImageOfPage":{"@id":"https:\/\/lacasitaeducativa.shop\/index.php\/producto\/formas-y-colores\/#primaryimage"},"image":{"@id":"https:\/\/lacasitaeducativa.shop\/index.php\/producto\/formas-y-colores\/#primaryimage"},"thumbnailUrl":"https:\/\/lacasitaeducativa.shop\/wp-content\/uploads\/2021\/01\/1-3.jpg","datePublished":"2021-01-18T14:47:46+00:00","dateModified":"2026-02-01T08:51:36+00:00","description":"Material did\u00e1ctico para aprender los colores y algunas formas geom\u00e9tricas. Tendran que asociar cada uno con su color y forma correspondiente.","breadcrumb":{"@id":"https:\/\/lacasitaeducativa.shop\/index.php\/producto\/formas-y-colores\/#breadcrumb"},"inLanguage":"es","potentialAction":[{"@type":"ReadAction","target":["https:\/\/lacasitaeducativa.shop\/index.php\/producto\/formas-y-colores\/"]}]},{"@type":"ImageObject","inLanguage":"es","@id":"https:\/\/lacasitaeducativa.shop\/index.php\/producto\/formas-y-colores\/#primaryimage","url":"https:\/\/lacasitaeducativa.shop\/wp-content\/uploads\/2021\/01\/1-3.jpg","contentUrl":"https:\/\/lacasitaeducativa.shop\/wp-content\/uploads\/2021\/01\/1-3.jpg","width":1080,"height":1080,"caption":"mu\u00f1ecos de nieve"},{"@type":"BreadcrumbList","@id":"https:\/\/lacasitaeducativa.shop\/index.php\/producto\/formas-y-colores\/#breadcrumb","itemListElement":[{"@type":"ListItem","position":1,"name":"Portada","item":"https:\/\/lacasitaeducativa.shop\/"},{"@type":"ListItem","position":2,"name":"Recursos","item":"https:\/\/lacasitaeducativa.shop\/index.php\/tienda\/"},{"@type":"ListItem","position":3,"name":"Formas y colores con Mu\u00f1ecos de nieve"}]},{"@type":"WebSite","@id":"https:\/\/lacasitaeducativa.shop\/#website","url":"https:\/\/lacasitaeducativa.shop\/","name":"La Casita Educativa","description":"En esta casita encontrar\u00e9is todo tipo de recursos educativos infantiles, desde manualidades hasta actividades, juegos, cuentos, idiomas, adivinanzas y otros.","publisher":{"@id":"https:\/\/lacasitaeducativa.shop\/#organization"},"potentialAction":[{"@type":"SearchAction","target":{"@type":"EntryPoint","urlTemplate":"https:\/\/lacasitaeducativa.shop\/?s={search_term_string}"},"query-input":{"@type":"PropertyValueSpecification","valueRequired":true,"valueName":"search_term_string"}}],"inLanguage":"es"},{"@type":"Organization","@id":"https:\/\/lacasitaeducativa.shop\/#organization","name":"La Casita Educativa - LACASITAEDUCATIVA.SHOP","url":"https:\/\/lacasitaeducativa.shop\/","logo":{"@type":"ImageObject","inLanguage":"es","@id":"https:\/\/lacasitaeducativa.shop\/#\/schema\/logo\/image\/","url":"https:\/\/lacasitaeducativa.shop\/wp-content\/uploads\/2020\/08\/Logos-la-casita-educativa-2-1.png","contentUrl":"https:\/\/lacasitaeducativa.shop\/wp-content\/uploads\/2020\/08\/Logos-la-casita-educativa-2-1.png","width":500,"height":500,"caption":"La Casita Educativa - LACASITAEDUCATIVA.SHOP"},"image":{"@id":"https:\/\/lacasitaeducativa.shop\/#\/schema\/logo\/image\/"}}]}},"_links":{"self":[{"href":"https:\/\/lacasitaeducativa.shop\/index.php\/wp-json\/wp\/v2\/product\/21559","targetHints":{"allow":["GET"]}}],"collection":[{"href":"https:\/\/lacasitaeducativa.shop\/index.php\/wp-json\/wp\/v2\/product"}],"about":[{"href":"https:\/\/lacasitaeducativa.shop\/index.php\/wp-json\/wp\/v2\/types\/product"}],"replies":[{"embeddable":true,"href":"https:\/\/lacasitaeducativa.shop\/index.php\/wp-json\/wp\/v2\/comments?post=21559"}],"wp:featuredmedia":[{"embeddable":true,"href":"https:\/\/lacasitaeducativa.shop\/index.php\/wp-json\/wp\/v2\/media\/21562"}],"wp:attachment":[{"href":"https:\/\/lacasitaeducativa.shop\/index.php\/wp-json\/wp\/v2\/media?parent=21559"}],"wp:term":[{"taxonomy":"product_brand","embeddable":true,"href":"https:\/\/lacasitaeducativa.shop\/index.php\/wp-json\/wp\/v2\/product_brand?post=21559"},{"taxonomy":"product_cat","embeddable":true,"href":"https:\/\/lacasitaeducativa.shop\/index.php\/wp-json\/wp\/v2\/product_cat?post=21559"},{"taxonomy":"product_tag","embeddable":true,"href":"https:\/\/lacasitaeducativa.shop\/index.php\/wp-json\/wp\/v2\/product_tag?post=21559"}],"curies":[{"name":"wp","href":"https:\/\/api.w.org\/{rel}","templated":true}]}}