{"id":23710,"date":"2021-01-29T09:40:02","date_gmt":"2021-01-29T09:40:02","guid":{"rendered":"https:\/\/lacasitaeducativa.shop\/?post_type=product&#038;p=23710"},"modified":"2021-01-29T09:44:24","modified_gmt":"2021-01-29T09:44:24","slug":"la-verdadera-historia-de-la-bruja-piruja","status":"publish","type":"product","link":"https:\/\/lacasitaeducativa.shop\/index.php\/producto\/la-verdadera-historia-de-la-bruja-piruja\/","title":{"rendered":"La verdadera historia de la bruja piruja"},"content":{"rendered":"<div>Una bruja que practica zumba y una ni\u00f1a risue\u00f1a de imaginaci\u00f3n infinita son las protagonistas de este cuento, con el que te reir\u00e1s como si estuvieras hechizado y que disfrutar\u00e1s tanto si tienes cinco a\u00f1os como trescientos setenta. Si siempre has cre\u00eddo que las brujas no comen ni\u00f1os, sino que alientan sus fantas\u00edas; que mirar a la luna no es de locos, sino de so\u00f1adores, este es tu cuento.<\/div>\n<div><\/div>\n<div>Cuento de Silvia Becerra y Fanny Yusta.<\/div>\n<div>Cuenta de Instagram: @cuentosdetitania<\/div>\n<div>Ilustraciones: Gaby Thiery<\/div>\n","protected":false},"excerpt":{"rendered":"<p>\u00bfAlguna vez te has preguntado qui\u00e9nes son las brujas? \u00bfO c\u00f3mo se llega a ser bruja?<\/p>\n<div>En este cuento tenemos la respuesta a estas preguntas, y lo que es m\u00e1s, te cuentan c\u00f3mo lleg\u00f3 a ser bruja la mism\u00edsima BRUJA PIRUJA.<\/div>\n<div><\/div>\n<p><script async src=\"https:\/\/pagead2.googlesyndication.com\/pagead\/js\/adsbygoogle.js\"><\/script><br \/>\n<!-- Horizontal-Adaptable --><br \/>\n<ins class=\"adsbygoogle\" style=\"display: block;\" data-ad-client=\"ca-pub-1103545772104863\" data-ad-slot=\"5194289265\" data-ad-format=\"auto\" data-full-width-responsive=\"true\"><\/ins><br \/>\n<script>\n     (adsbygoogle = window.adsbygoogle || []).push({});\n<\/script><\/p>\n","protected":false},"featured_media":23713,"comment_status":"open","ping_status":"closed","template":"","meta":{"site-sidebar-layout":"default","site-content-layout":"default","ast-site-content-layout":"default","site-content-style":"default","site-sidebar-style":"default","ast-global-header-display":"","ast-banner-title-visibility":"","ast-main-header-display":"","ast-hfb-above-header-display":"","ast-hfb-below-header-display":"","ast-hfb-mobile-header-display":"","site-post-title":"","ast-breadcrumbs-content":"","ast-featured-img":"","footer-sml-layout":"","ast-disable-related-posts":"","theme-transparent-header-meta":"default","adv-header-id-meta":"","stick-header-meta":"","header-above-stick-meta":"","header-main-stick-meta":"","header-below-stick-meta":"","astra-migrate-meta-layouts":"default","ast-page-background-enabled":"default","ast-page-background-meta":{"desktop":{"background-color":"","background-image":"","background-repeat":"repeat","background-position":"center center","background-size":"auto","background-attachment":"scroll","background-type":"","background-media":"","overlay-type":"","overlay-color":"","overlay-opacity":"","overlay-gradient":""},"tablet":{"background-color":"","background-image":"","background-repeat":"repeat","background-position":"center center","background-size":"auto","background-attachment":"scroll","background-type":"","background-media":"","overlay-type":"","overlay-color":"","overlay-opacity":"","overlay-gradient":""},"mobile":{"background-color":"","background-image":"","background-repeat":"repeat","background-position":"center center","background-size":"auto","background-attachment":"scroll","background-type":"","background-media":"","overlay-type":"","overlay-color":"","overlay-opacity":"","overlay-gradient":""}},"ast-content-background-meta":{"desktop":{"background-color":"var(--ast-global-color-5)","background-image":"","background-repeat":"repeat","background-position":"center center","background-size":"auto","background-attachment":"scroll","background-type":"","background-media":"","overlay-type":"","overlay-color":"","overlay-opacity":"","overlay-gradient":""},"tablet":{"background-color":"var(--ast-global-color-5)","background-image":"","background-repeat":"repeat","background-position":"center center","background-size":"auto","background-attachment":"scroll","background-type":"","background-media":"","overlay-type":"","overlay-color":"","overlay-opacity":"","overlay-gradient":""},"mobile":{"background-color":"var(--ast-global-color-5)","background-image":"","background-repeat":"repeat","background-position":"center center","background-size":"auto","background-attachment":"scroll","background-type":"","background-media":"","overlay-type":"","overlay-color":"","overlay-opacity":"","overlay-gradient":""}}},"product_brand":[],"product_cat":[189],"product_tag":[228,229,191,227],"class_list":{"0":"post-23710","1":"product","2":"type-product","3":"status-publish","4":"has-post-thumbnail","6":"product_cat-cuentos-infantiles","7":"product_tag-bruja","8":"product_tag-brujapiruja","9":"product_tag-cuento","10":"product_tag-cuentoinfantil","11":"desktop-align-left","12":"tablet-align-left","13":"mobile-align-left","15":"first","16":"instock","17":"taxable","18":"shipping-taxable","19":"product-type-external"},"yoast_head":"<!-- This site is optimized with the Yoast SEO plugin v26.8 - https:\/\/yoast.com\/product\/yoast-seo-wordpress\/ -->\n<title>La verdadera historia de la bruja piruja - La Casita Educativa<\/title>\n<meta name=\"description\" content=\"\u00bfAlguna vez te has preguntado qui\u00e9nes son las brujas? \u00bfO c\u00f3mo se llega a ser bruja? En este cuento tenemos la respuesta, adem\u00e1s te cuentan c\u00f3mo lleg\u00f3 a ser bruja la mism\u00edsima BRUJA PIRUJA.\" \/>\n<meta name=\"robots\" content=\"index, follow, max-snippet:-1, max-image-preview:large, max-video-preview:-1\" \/>\n<link rel=\"canonical\" href=\"https:\/\/lacasitaeducativa.shop\/index.php\/producto\/la-verdadera-historia-de-la-bruja-piruja\/\" \/>\n<meta property=\"og:locale\" content=\"es_ES\" \/>\n<meta property=\"og:type\" content=\"article\" \/>\n<meta property=\"og:title\" content=\"La verdadera historia de la bruja piruja - La Casita Educativa\" \/>\n<meta property=\"og:description\" content=\"\u00bfAlguna vez te has preguntado qui\u00e9nes son las brujas? \u00bfO c\u00f3mo se llega a ser bruja? En este cuento tenemos la respuesta, adem\u00e1s te cuentan c\u00f3mo lleg\u00f3 a ser bruja la mism\u00edsima BRUJA PIRUJA.\" \/>\n<meta property=\"og:url\" content=\"https:\/\/lacasitaeducativa.shop\/index.php\/producto\/la-verdadera-historia-de-la-bruja-piruja\/\" \/>\n<meta property=\"og:site_name\" content=\"La Casita Educativa\" \/>\n<meta property=\"article:modified_time\" content=\"2021-01-29T09:44:24+00:00\" \/>\n<meta property=\"og:image\" content=\"https:\/\/lacasitaeducativa.shop\/wp-content\/uploads\/2021\/01\/1-4.jpg\" \/>\n\t<meta property=\"og:image:width\" content=\"1080\" \/>\n\t<meta property=\"og:image:height\" content=\"1080\" \/>\n\t<meta property=\"og:image:type\" content=\"image\/jpeg\" \/>\n<meta name=\"twitter:card\" content=\"summary_large_image\" \/>\n<script type=\"application\/ld+json\" class=\"yoast-schema-graph\">{\"@context\":\"https:\/\/schema.org\",\"@graph\":[{\"@type\":\"WebPage\",\"@id\":\"https:\/\/lacasitaeducativa.shop\/index.php\/producto\/la-verdadera-historia-de-la-bruja-piruja\/\",\"url\":\"https:\/\/lacasitaeducativa.shop\/index.php\/producto\/la-verdadera-historia-de-la-bruja-piruja\/\",\"name\":\"La verdadera historia de la bruja piruja - La Casita Educativa\",\"isPartOf\":{\"@id\":\"https:\/\/lacasitaeducativa.shop\/#website\"},\"primaryImageOfPage\":{\"@id\":\"https:\/\/lacasitaeducativa.shop\/index.php\/producto\/la-verdadera-historia-de-la-bruja-piruja\/#primaryimage\"},\"image\":{\"@id\":\"https:\/\/lacasitaeducativa.shop\/index.php\/producto\/la-verdadera-historia-de-la-bruja-piruja\/#primaryimage\"},\"thumbnailUrl\":\"https:\/\/lacasitaeducativa.shop\/wp-content\/uploads\/2021\/01\/1-4.jpg\",\"datePublished\":\"2021-01-29T09:40:02+00:00\",\"dateModified\":\"2021-01-29T09:44:24+00:00\",\"description\":\"\u00bfAlguna vez te has preguntado qui\u00e9nes son las brujas? \u00bfO c\u00f3mo se llega a ser bruja? En este cuento tenemos la respuesta, adem\u00e1s te cuentan c\u00f3mo lleg\u00f3 a ser bruja la mism\u00edsima BRUJA PIRUJA.\",\"breadcrumb\":{\"@id\":\"https:\/\/lacasitaeducativa.shop\/index.php\/producto\/la-verdadera-historia-de-la-bruja-piruja\/#breadcrumb\"},\"inLanguage\":\"es\",\"potentialAction\":[{\"@type\":\"ReadAction\",\"target\":[\"https:\/\/lacasitaeducativa.shop\/index.php\/producto\/la-verdadera-historia-de-la-bruja-piruja\/\"]}]},{\"@type\":\"ImageObject\",\"inLanguage\":\"es\",\"@id\":\"https:\/\/lacasitaeducativa.shop\/index.php\/producto\/la-verdadera-historia-de-la-bruja-piruja\/#primaryimage\",\"url\":\"https:\/\/lacasitaeducativa.shop\/wp-content\/uploads\/2021\/01\/1-4.jpg\",\"contentUrl\":\"https:\/\/lacasitaeducativa.shop\/wp-content\/uploads\/2021\/01\/1-4.jpg\",\"width\":1080,\"height\":1080,\"caption\":\"cuento bruja piruja\"},{\"@type\":\"BreadcrumbList\",\"@id\":\"https:\/\/lacasitaeducativa.shop\/index.php\/producto\/la-verdadera-historia-de-la-bruja-piruja\/#breadcrumb\",\"itemListElement\":[{\"@type\":\"ListItem\",\"position\":1,\"name\":\"Portada\",\"item\":\"https:\/\/lacasitaeducativa.shop\/\"},{\"@type\":\"ListItem\",\"position\":2,\"name\":\"Recursos\",\"item\":\"https:\/\/lacasitaeducativa.shop\/index.php\/tienda\/\"},{\"@type\":\"ListItem\",\"position\":3,\"name\":\"La verdadera historia de la bruja piruja\"}]},{\"@type\":\"WebSite\",\"@id\":\"https:\/\/lacasitaeducativa.shop\/#website\",\"url\":\"https:\/\/lacasitaeducativa.shop\/\",\"name\":\"La Casita Educativa\",\"description\":\"En esta casita encontrar\u00e9is todo tipo de recursos educativos infantiles, desde manualidades hasta actividades, juegos, cuentos, idiomas, adivinanzas y otros.\",\"publisher\":{\"@id\":\"https:\/\/lacasitaeducativa.shop\/#organization\"},\"potentialAction\":[{\"@type\":\"SearchAction\",\"target\":{\"@type\":\"EntryPoint\",\"urlTemplate\":\"https:\/\/lacasitaeducativa.shop\/?s={search_term_string}\"},\"query-input\":{\"@type\":\"PropertyValueSpecification\",\"valueRequired\":true,\"valueName\":\"search_term_string\"}}],\"inLanguage\":\"es\"},{\"@type\":\"Organization\",\"@id\":\"https:\/\/lacasitaeducativa.shop\/#organization\",\"name\":\"La Casita Educativa - LACASITAEDUCATIVA.SHOP\",\"url\":\"https:\/\/lacasitaeducativa.shop\/\",\"logo\":{\"@type\":\"ImageObject\",\"inLanguage\":\"es\",\"@id\":\"https:\/\/lacasitaeducativa.shop\/#\/schema\/logo\/image\/\",\"url\":\"https:\/\/lacasitaeducativa.shop\/wp-content\/uploads\/2020\/08\/Logos-la-casita-educativa-2-1.png\",\"contentUrl\":\"https:\/\/lacasitaeducativa.shop\/wp-content\/uploads\/2020\/08\/Logos-la-casita-educativa-2-1.png\",\"width\":500,\"height\":500,\"caption\":\"La Casita Educativa - LACASITAEDUCATIVA.SHOP\"},\"image\":{\"@id\":\"https:\/\/lacasitaeducativa.shop\/#\/schema\/logo\/image\/\"}}]}<\/script>\n<!-- \/ Yoast SEO plugin. -->","yoast_head_json":{"title":"La verdadera historia de la bruja piruja - La Casita Educativa","description":"\u00bfAlguna vez te has preguntado qui\u00e9nes son las brujas? \u00bfO c\u00f3mo se llega a ser bruja? En este cuento tenemos la respuesta, adem\u00e1s te cuentan c\u00f3mo lleg\u00f3 a ser bruja la mism\u00edsima BRUJA PIRUJA.","robots":{"index":"index","follow":"follow","max-snippet":"max-snippet:-1","max-image-preview":"max-image-preview:large","max-video-preview":"max-video-preview:-1"},"canonical":"https:\/\/lacasitaeducativa.shop\/index.php\/producto\/la-verdadera-historia-de-la-bruja-piruja\/","og_locale":"es_ES","og_type":"article","og_title":"La verdadera historia de la bruja piruja - La Casita Educativa","og_description":"\u00bfAlguna vez te has preguntado qui\u00e9nes son las brujas? \u00bfO c\u00f3mo se llega a ser bruja? En este cuento tenemos la respuesta, adem\u00e1s te cuentan c\u00f3mo lleg\u00f3 a ser bruja la mism\u00edsima BRUJA PIRUJA.","og_url":"https:\/\/lacasitaeducativa.shop\/index.php\/producto\/la-verdadera-historia-de-la-bruja-piruja\/","og_site_name":"La Casita Educativa","article_modified_time":"2021-01-29T09:44:24+00:00","og_image":[{"width":1080,"height":1080,"url":"https:\/\/lacasitaeducativa.shop\/wp-content\/uploads\/2021\/01\/1-4.jpg","type":"image\/jpeg"}],"twitter_card":"summary_large_image","schema":{"@context":"https:\/\/schema.org","@graph":[{"@type":"WebPage","@id":"https:\/\/lacasitaeducativa.shop\/index.php\/producto\/la-verdadera-historia-de-la-bruja-piruja\/","url":"https:\/\/lacasitaeducativa.shop\/index.php\/producto\/la-verdadera-historia-de-la-bruja-piruja\/","name":"La verdadera historia de la bruja piruja - La Casita Educativa","isPartOf":{"@id":"https:\/\/lacasitaeducativa.shop\/#website"},"primaryImageOfPage":{"@id":"https:\/\/lacasitaeducativa.shop\/index.php\/producto\/la-verdadera-historia-de-la-bruja-piruja\/#primaryimage"},"image":{"@id":"https:\/\/lacasitaeducativa.shop\/index.php\/producto\/la-verdadera-historia-de-la-bruja-piruja\/#primaryimage"},"thumbnailUrl":"https:\/\/lacasitaeducativa.shop\/wp-content\/uploads\/2021\/01\/1-4.jpg","datePublished":"2021-01-29T09:40:02+00:00","dateModified":"2021-01-29T09:44:24+00:00","description":"\u00bfAlguna vez te has preguntado qui\u00e9nes son las brujas? \u00bfO c\u00f3mo se llega a ser bruja? En este cuento tenemos la respuesta, adem\u00e1s te cuentan c\u00f3mo lleg\u00f3 a ser bruja la mism\u00edsima BRUJA PIRUJA.","breadcrumb":{"@id":"https:\/\/lacasitaeducativa.shop\/index.php\/producto\/la-verdadera-historia-de-la-bruja-piruja\/#breadcrumb"},"inLanguage":"es","potentialAction":[{"@type":"ReadAction","target":["https:\/\/lacasitaeducativa.shop\/index.php\/producto\/la-verdadera-historia-de-la-bruja-piruja\/"]}]},{"@type":"ImageObject","inLanguage":"es","@id":"https:\/\/lacasitaeducativa.shop\/index.php\/producto\/la-verdadera-historia-de-la-bruja-piruja\/#primaryimage","url":"https:\/\/lacasitaeducativa.shop\/wp-content\/uploads\/2021\/01\/1-4.jpg","contentUrl":"https:\/\/lacasitaeducativa.shop\/wp-content\/uploads\/2021\/01\/1-4.jpg","width":1080,"height":1080,"caption":"cuento bruja piruja"},{"@type":"BreadcrumbList","@id":"https:\/\/lacasitaeducativa.shop\/index.php\/producto\/la-verdadera-historia-de-la-bruja-piruja\/#breadcrumb","itemListElement":[{"@type":"ListItem","position":1,"name":"Portada","item":"https:\/\/lacasitaeducativa.shop\/"},{"@type":"ListItem","position":2,"name":"Recursos","item":"https:\/\/lacasitaeducativa.shop\/index.php\/tienda\/"},{"@type":"ListItem","position":3,"name":"La verdadera historia de la bruja piruja"}]},{"@type":"WebSite","@id":"https:\/\/lacasitaeducativa.shop\/#website","url":"https:\/\/lacasitaeducativa.shop\/","name":"La Casita Educativa","description":"En esta casita encontrar\u00e9is todo tipo de recursos educativos infantiles, desde manualidades hasta actividades, juegos, cuentos, idiomas, adivinanzas y otros.","publisher":{"@id":"https:\/\/lacasitaeducativa.shop\/#organization"},"potentialAction":[{"@type":"SearchAction","target":{"@type":"EntryPoint","urlTemplate":"https:\/\/lacasitaeducativa.shop\/?s={search_term_string}"},"query-input":{"@type":"PropertyValueSpecification","valueRequired":true,"valueName":"search_term_string"}}],"inLanguage":"es"},{"@type":"Organization","@id":"https:\/\/lacasitaeducativa.shop\/#organization","name":"La Casita Educativa - LACASITAEDUCATIVA.SHOP","url":"https:\/\/lacasitaeducativa.shop\/","logo":{"@type":"ImageObject","inLanguage":"es","@id":"https:\/\/lacasitaeducativa.shop\/#\/schema\/logo\/image\/","url":"https:\/\/lacasitaeducativa.shop\/wp-content\/uploads\/2020\/08\/Logos-la-casita-educativa-2-1.png","contentUrl":"https:\/\/lacasitaeducativa.shop\/wp-content\/uploads\/2020\/08\/Logos-la-casita-educativa-2-1.png","width":500,"height":500,"caption":"La Casita Educativa - LACASITAEDUCATIVA.SHOP"},"image":{"@id":"https:\/\/lacasitaeducativa.shop\/#\/schema\/logo\/image\/"}}]}},"_links":{"self":[{"href":"https:\/\/lacasitaeducativa.shop\/index.php\/wp-json\/wp\/v2\/product\/23710","targetHints":{"allow":["GET"]}}],"collection":[{"href":"https:\/\/lacasitaeducativa.shop\/index.php\/wp-json\/wp\/v2\/product"}],"about":[{"href":"https:\/\/lacasitaeducativa.shop\/index.php\/wp-json\/wp\/v2\/types\/product"}],"replies":[{"embeddable":true,"href":"https:\/\/lacasitaeducativa.shop\/index.php\/wp-json\/wp\/v2\/comments?post=23710"}],"wp:featuredmedia":[{"embeddable":true,"href":"https:\/\/lacasitaeducativa.shop\/index.php\/wp-json\/wp\/v2\/media\/23713"}],"wp:attachment":[{"href":"https:\/\/lacasitaeducativa.shop\/index.php\/wp-json\/wp\/v2\/media?parent=23710"}],"wp:term":[{"taxonomy":"product_brand","embeddable":true,"href":"https:\/\/lacasitaeducativa.shop\/index.php\/wp-json\/wp\/v2\/product_brand?post=23710"},{"taxonomy":"product_cat","embeddable":true,"href":"https:\/\/lacasitaeducativa.shop\/index.php\/wp-json\/wp\/v2\/product_cat?post=23710"},{"taxonomy":"product_tag","embeddable":true,"href":"https:\/\/lacasitaeducativa.shop\/index.php\/wp-json\/wp\/v2\/product_tag?post=23710"}],"curies":[{"name":"wp","href":"https:\/\/api.w.org\/{rel}","templated":true}]}}