{"id":24944,"date":"2021-02-05T09:45:25","date_gmt":"2021-02-05T09:45:25","guid":{"rendered":"https:\/\/lacasitaeducativa.shop\/?post_type=product&#038;p=24944"},"modified":"2021-02-05T09:45:25","modified_gmt":"2021-02-05T09:45:25","slug":"historias-para-aprender-a-quererte-bien-volumen-i","status":"publish","type":"product","link":"https:\/\/lacasitaeducativa.shop\/index.php\/producto\/historias-para-aprender-a-quererte-bien-volumen-i\/","title":{"rendered":"Historias para aprender a quererte bien. Volumen I"},"content":{"rendered":"<p>\u00bfQuieres saber m\u00e1s del cuento?<\/p>\n<p><img decoding=\"async\" src=\"https:\/\/mail.google.com\/mail\/e\/1f499\" alt=\"\ud83d\udc99\" data-goomoji=\"1f499\" data-image-whitelisted=\"\" \/> Dicen que tenemos que aprender a querernos bien. Hay quienes piensan que es importante quererse mucho pero, la realidad es que en el amor importa m\u00e1s la calidad que la cantidad. Ser capaces de aceptarnos tal y como somos, de respetar a los dem\u00e1s, de entender que la perfecci\u00f3n no existe, que cometeremos errores y que eso no significa que debamos dejar de intentar cumplir nuestros sue\u00f1os.<\/p>\n<p><img decoding=\"async\" src=\"https:\/\/mail.google.com\/mail\/e\/1f4d6\" alt=\"\ud83d\udcd6\" data-goomoji=\"1f4d6\" data-image-whitelisted=\"\" \/> Un libro con 15 cuentos que trabajan diferentes aspectos de inteligencia emocional tales como la el respeto por los dem\u00e1s, la autoestima, la toma de decisiones, el esfuerzo y el trabajo para lograr tus sue\u00f1os, el control de la ansiedad entre otros muchos.<\/p>\n<div>Escrito por Aurora Soto D\u00edaz y Jos\u00e9 Losa con la colaboraci\u00f3n de tres autoras: Mar\u00eda M\u00e1rquez, Marta Cardona y Ana Gonz\u00e1lez.<\/div>\n<div>Ilustrado por Jes\u00fas Ortiz.<\/p>\n<p>Un libro que te ayudar\u00e1 a brillar <img decoding=\"async\" src=\"https:\/\/mail.google.com\/mail\/e\/2728\" alt=\"\u2728\" data-goomoji=\"2728\" data-image-whitelisted=\"\" \/> y a sentirte orgulloso\/a de ser como eres y de entender que somos \u00fanicos e irrepetibles. <img decoding=\"async\" src=\"https:\/\/mail.google.com\/mail\/e\/1f49c\" alt=\"\ud83d\udc9c\" data-goomoji=\"1f49c\" data-image-whitelisted=\"\" \/><\/div>\n<div><\/div>\n<div>\u00a1No te lo puedes perder, es un libro espectacular que nos puede ayudar en muchas ocasiones!<\/div>\n","protected":false},"excerpt":{"rendered":"<div>Cons\u00edguelo con nuestro c\u00f3digo: <strong>detalla21<\/strong> y obtendr\u00e1s un peque\u00f1o obsequio!<\/div>\n<div><\/div>\n<div>15 historias para ense\u00f1arte que uno de los amores m\u00e1s importantes en esta vi<span style=\"font-size: 16px;\">da es el amor propio y que todos somos especiales.<\/span><\/div>\n<div><\/div>\n<p>Es ideal para trabajar la INTELIGENCIA EMOCIONAL.<\/p>\n","protected":false},"featured_media":24946,"comment_status":"open","ping_status":"closed","template":"","meta":{"site-sidebar-layout":"default","site-content-layout":"default","ast-site-content-layout":"default","site-content-style":"default","site-sidebar-style":"default","ast-global-header-display":"","ast-banner-title-visibility":"","ast-main-header-display":"","ast-hfb-above-header-display":"","ast-hfb-below-header-display":"","ast-hfb-mobile-header-display":"","site-post-title":"","ast-breadcrumbs-content":"","ast-featured-img":"","footer-sml-layout":"","ast-disable-related-posts":"","theme-transparent-header-meta":"default","adv-header-id-meta":"","stick-header-meta":"","header-above-stick-meta":"","header-main-stick-meta":"","header-below-stick-meta":"","astra-migrate-meta-layouts":"default","ast-page-background-enabled":"default","ast-page-background-meta":{"desktop":{"background-color":"","background-image":"","background-repeat":"repeat","background-position":"center center","background-size":"auto","background-attachment":"scroll","background-type":"","background-media":"","overlay-type":"","overlay-color":"","overlay-opacity":"","overlay-gradient":""},"tablet":{"background-color":"","background-image":"","background-repeat":"repeat","background-position":"center center","background-size":"auto","background-attachment":"scroll","background-type":"","background-media":"","overlay-type":"","overlay-color":"","overlay-opacity":"","overlay-gradient":""},"mobile":{"background-color":"","background-image":"","background-repeat":"repeat","background-position":"center center","background-size":"auto","background-attachment":"scroll","background-type":"","background-media":"","overlay-type":"","overlay-color":"","overlay-opacity":"","overlay-gradient":""}},"ast-content-background-meta":{"desktop":{"background-color":"var(--ast-global-color-5)","background-image":"","background-repeat":"repeat","background-position":"center center","background-size":"auto","background-attachment":"scroll","background-type":"","background-media":"","overlay-type":"","overlay-color":"","overlay-opacity":"","overlay-gradient":""},"tablet":{"background-color":"var(--ast-global-color-5)","background-image":"","background-repeat":"repeat","background-position":"center center","background-size":"auto","background-attachment":"scroll","background-type":"","background-media":"","overlay-type":"","overlay-color":"","overlay-opacity":"","overlay-gradient":""},"mobile":{"background-color":"var(--ast-global-color-5)","background-image":"","background-repeat":"repeat","background-position":"center center","background-size":"auto","background-attachment":"scroll","background-type":"","background-media":"","overlay-type":"","overlay-color":"","overlay-opacity":"","overlay-gradient":""}}},"product_brand":[],"product_cat":[189],"product_tag":[191,244,139,243,245],"class_list":{"0":"post-24944","1":"product","2":"type-product","3":"status-publish","4":"has-post-thumbnail","6":"product_cat-cuentos-infantiles","7":"product_tag-cuento","8":"product_tag-educacionemocional","9":"product_tag-emociones","10":"product_tag-inteligenciaemocional","11":"product_tag-miedos","12":"desktop-align-left","13":"tablet-align-left","14":"mobile-align-left","16":"first","17":"instock","18":"taxable","19":"shipping-taxable","20":"product-type-external"},"yoast_head":"<!-- This site is optimized with the Yoast SEO plugin v26.8 - https:\/\/yoast.com\/product\/yoast-seo-wordpress\/ -->\n<title>Historias para aprender a quererte bien. Volumen I - La Casita Educativa<\/title>\n<meta name=\"description\" content=\"15 historias para ense\u00f1arte que uno de los amores m\u00e1s importantes en esta vida es el amor propio y que todos somos especiales.\" \/>\n<meta name=\"robots\" content=\"index, follow, max-snippet:-1, max-image-preview:large, max-video-preview:-1\" \/>\n<link rel=\"canonical\" href=\"https:\/\/lacasitaeducativa.shop\/index.php\/producto\/historias-para-aprender-a-quererte-bien-volumen-i\/\" \/>\n<meta property=\"og:locale\" content=\"es_ES\" \/>\n<meta property=\"og:type\" content=\"article\" \/>\n<meta property=\"og:title\" content=\"Historias para aprender a quererte bien. Volumen I - La Casita Educativa\" \/>\n<meta property=\"og:description\" content=\"15 historias para ense\u00f1arte que uno de los amores m\u00e1s importantes en esta vida es el amor propio y que todos somos especiales.\" \/>\n<meta property=\"og:url\" content=\"https:\/\/lacasitaeducativa.shop\/index.php\/producto\/historias-para-aprender-a-quererte-bien-volumen-i\/\" \/>\n<meta property=\"og:site_name\" content=\"La Casita Educativa\" \/>\n<meta property=\"og:image\" content=\"https:\/\/lacasitaeducativa.shop\/wp-content\/uploads\/2021\/02\/1.jpg\" \/>\n\t<meta property=\"og:image:width\" content=\"1080\" \/>\n\t<meta property=\"og:image:height\" content=\"1080\" \/>\n\t<meta property=\"og:image:type\" content=\"image\/jpeg\" \/>\n<meta name=\"twitter:card\" content=\"summary_large_image\" \/>\n<meta name=\"twitter:label1\" content=\"Tiempo de lectura\" \/>\n\t<meta name=\"twitter:data1\" content=\"1 minuto\" \/>\n<script type=\"application\/ld+json\" class=\"yoast-schema-graph\">{\"@context\":\"https:\/\/schema.org\",\"@graph\":[{\"@type\":\"WebPage\",\"@id\":\"https:\/\/lacasitaeducativa.shop\/index.php\/producto\/historias-para-aprender-a-quererte-bien-volumen-i\/\",\"url\":\"https:\/\/lacasitaeducativa.shop\/index.php\/producto\/historias-para-aprender-a-quererte-bien-volumen-i\/\",\"name\":\"Historias para aprender a quererte bien. Volumen I - La Casita Educativa\",\"isPartOf\":{\"@id\":\"https:\/\/lacasitaeducativa.shop\/#website\"},\"primaryImageOfPage\":{\"@id\":\"https:\/\/lacasitaeducativa.shop\/index.php\/producto\/historias-para-aprender-a-quererte-bien-volumen-i\/#primaryimage\"},\"image\":{\"@id\":\"https:\/\/lacasitaeducativa.shop\/index.php\/producto\/historias-para-aprender-a-quererte-bien-volumen-i\/#primaryimage\"},\"thumbnailUrl\":\"https:\/\/lacasitaeducativa.shop\/wp-content\/uploads\/2021\/02\/1.jpg\",\"datePublished\":\"2021-02-05T09:45:25+00:00\",\"description\":\"15 historias para ense\u00f1arte que uno de los amores m\u00e1s importantes en esta vida es el amor propio y que todos somos especiales.\",\"breadcrumb\":{\"@id\":\"https:\/\/lacasitaeducativa.shop\/index.php\/producto\/historias-para-aprender-a-quererte-bien-volumen-i\/#breadcrumb\"},\"inLanguage\":\"es\",\"potentialAction\":[{\"@type\":\"ReadAction\",\"target\":[\"https:\/\/lacasitaeducativa.shop\/index.php\/producto\/historias-para-aprender-a-quererte-bien-volumen-i\/\"]}]},{\"@type\":\"ImageObject\",\"inLanguage\":\"es\",\"@id\":\"https:\/\/lacasitaeducativa.shop\/index.php\/producto\/historias-para-aprender-a-quererte-bien-volumen-i\/#primaryimage\",\"url\":\"https:\/\/lacasitaeducativa.shop\/wp-content\/uploads\/2021\/02\/1.jpg\",\"contentUrl\":\"https:\/\/lacasitaeducativa.shop\/wp-content\/uploads\/2021\/02\/1.jpg\",\"width\":1080,\"height\":1080,\"caption\":\"Historias para aprender a quererte bien\"},{\"@type\":\"BreadcrumbList\",\"@id\":\"https:\/\/lacasitaeducativa.shop\/index.php\/producto\/historias-para-aprender-a-quererte-bien-volumen-i\/#breadcrumb\",\"itemListElement\":[{\"@type\":\"ListItem\",\"position\":1,\"name\":\"Portada\",\"item\":\"https:\/\/lacasitaeducativa.shop\/\"},{\"@type\":\"ListItem\",\"position\":2,\"name\":\"Recursos\",\"item\":\"https:\/\/lacasitaeducativa.shop\/index.php\/tienda\/\"},{\"@type\":\"ListItem\",\"position\":3,\"name\":\"Historias para aprender a quererte bien. Volumen I\"}]},{\"@type\":\"WebSite\",\"@id\":\"https:\/\/lacasitaeducativa.shop\/#website\",\"url\":\"https:\/\/lacasitaeducativa.shop\/\",\"name\":\"La Casita Educativa\",\"description\":\"En esta casita encontrar\u00e9is todo tipo de recursos educativos infantiles, desde manualidades hasta actividades, juegos, cuentos, idiomas, adivinanzas y otros.\",\"publisher\":{\"@id\":\"https:\/\/lacasitaeducativa.shop\/#organization\"},\"potentialAction\":[{\"@type\":\"SearchAction\",\"target\":{\"@type\":\"EntryPoint\",\"urlTemplate\":\"https:\/\/lacasitaeducativa.shop\/?s={search_term_string}\"},\"query-input\":{\"@type\":\"PropertyValueSpecification\",\"valueRequired\":true,\"valueName\":\"search_term_string\"}}],\"inLanguage\":\"es\"},{\"@type\":\"Organization\",\"@id\":\"https:\/\/lacasitaeducativa.shop\/#organization\",\"name\":\"La Casita Educativa - LACASITAEDUCATIVA.SHOP\",\"url\":\"https:\/\/lacasitaeducativa.shop\/\",\"logo\":{\"@type\":\"ImageObject\",\"inLanguage\":\"es\",\"@id\":\"https:\/\/lacasitaeducativa.shop\/#\/schema\/logo\/image\/\",\"url\":\"https:\/\/lacasitaeducativa.shop\/wp-content\/uploads\/2020\/08\/Logos-la-casita-educativa-2-1.png\",\"contentUrl\":\"https:\/\/lacasitaeducativa.shop\/wp-content\/uploads\/2020\/08\/Logos-la-casita-educativa-2-1.png\",\"width\":500,\"height\":500,\"caption\":\"La Casita Educativa - LACASITAEDUCATIVA.SHOP\"},\"image\":{\"@id\":\"https:\/\/lacasitaeducativa.shop\/#\/schema\/logo\/image\/\"}}]}<\/script>\n<!-- \/ Yoast SEO plugin. -->","yoast_head_json":{"title":"Historias para aprender a quererte bien. Volumen I - La Casita Educativa","description":"15 historias para ense\u00f1arte que uno de los amores m\u00e1s importantes en esta vida es el amor propio y que todos somos especiales.","robots":{"index":"index","follow":"follow","max-snippet":"max-snippet:-1","max-image-preview":"max-image-preview:large","max-video-preview":"max-video-preview:-1"},"canonical":"https:\/\/lacasitaeducativa.shop\/index.php\/producto\/historias-para-aprender-a-quererte-bien-volumen-i\/","og_locale":"es_ES","og_type":"article","og_title":"Historias para aprender a quererte bien. Volumen I - La Casita Educativa","og_description":"15 historias para ense\u00f1arte que uno de los amores m\u00e1s importantes en esta vida es el amor propio y que todos somos especiales.","og_url":"https:\/\/lacasitaeducativa.shop\/index.php\/producto\/historias-para-aprender-a-quererte-bien-volumen-i\/","og_site_name":"La Casita Educativa","og_image":[{"width":1080,"height":1080,"url":"https:\/\/lacasitaeducativa.shop\/wp-content\/uploads\/2021\/02\/1.jpg","type":"image\/jpeg"}],"twitter_card":"summary_large_image","twitter_misc":{"Tiempo de lectura":"1 minuto"},"schema":{"@context":"https:\/\/schema.org","@graph":[{"@type":"WebPage","@id":"https:\/\/lacasitaeducativa.shop\/index.php\/producto\/historias-para-aprender-a-quererte-bien-volumen-i\/","url":"https:\/\/lacasitaeducativa.shop\/index.php\/producto\/historias-para-aprender-a-quererte-bien-volumen-i\/","name":"Historias para aprender a quererte bien. Volumen I - La Casita Educativa","isPartOf":{"@id":"https:\/\/lacasitaeducativa.shop\/#website"},"primaryImageOfPage":{"@id":"https:\/\/lacasitaeducativa.shop\/index.php\/producto\/historias-para-aprender-a-quererte-bien-volumen-i\/#primaryimage"},"image":{"@id":"https:\/\/lacasitaeducativa.shop\/index.php\/producto\/historias-para-aprender-a-quererte-bien-volumen-i\/#primaryimage"},"thumbnailUrl":"https:\/\/lacasitaeducativa.shop\/wp-content\/uploads\/2021\/02\/1.jpg","datePublished":"2021-02-05T09:45:25+00:00","description":"15 historias para ense\u00f1arte que uno de los amores m\u00e1s importantes en esta vida es el amor propio y que todos somos especiales.","breadcrumb":{"@id":"https:\/\/lacasitaeducativa.shop\/index.php\/producto\/historias-para-aprender-a-quererte-bien-volumen-i\/#breadcrumb"},"inLanguage":"es","potentialAction":[{"@type":"ReadAction","target":["https:\/\/lacasitaeducativa.shop\/index.php\/producto\/historias-para-aprender-a-quererte-bien-volumen-i\/"]}]},{"@type":"ImageObject","inLanguage":"es","@id":"https:\/\/lacasitaeducativa.shop\/index.php\/producto\/historias-para-aprender-a-quererte-bien-volumen-i\/#primaryimage","url":"https:\/\/lacasitaeducativa.shop\/wp-content\/uploads\/2021\/02\/1.jpg","contentUrl":"https:\/\/lacasitaeducativa.shop\/wp-content\/uploads\/2021\/02\/1.jpg","width":1080,"height":1080,"caption":"Historias para aprender a quererte bien"},{"@type":"BreadcrumbList","@id":"https:\/\/lacasitaeducativa.shop\/index.php\/producto\/historias-para-aprender-a-quererte-bien-volumen-i\/#breadcrumb","itemListElement":[{"@type":"ListItem","position":1,"name":"Portada","item":"https:\/\/lacasitaeducativa.shop\/"},{"@type":"ListItem","position":2,"name":"Recursos","item":"https:\/\/lacasitaeducativa.shop\/index.php\/tienda\/"},{"@type":"ListItem","position":3,"name":"Historias para aprender a quererte bien. Volumen I"}]},{"@type":"WebSite","@id":"https:\/\/lacasitaeducativa.shop\/#website","url":"https:\/\/lacasitaeducativa.shop\/","name":"La Casita Educativa","description":"En esta casita encontrar\u00e9is todo tipo de recursos educativos infantiles, desde manualidades hasta actividades, juegos, cuentos, idiomas, adivinanzas y otros.","publisher":{"@id":"https:\/\/lacasitaeducativa.shop\/#organization"},"potentialAction":[{"@type":"SearchAction","target":{"@type":"EntryPoint","urlTemplate":"https:\/\/lacasitaeducativa.shop\/?s={search_term_string}"},"query-input":{"@type":"PropertyValueSpecification","valueRequired":true,"valueName":"search_term_string"}}],"inLanguage":"es"},{"@type":"Organization","@id":"https:\/\/lacasitaeducativa.shop\/#organization","name":"La Casita Educativa - LACASITAEDUCATIVA.SHOP","url":"https:\/\/lacasitaeducativa.shop\/","logo":{"@type":"ImageObject","inLanguage":"es","@id":"https:\/\/lacasitaeducativa.shop\/#\/schema\/logo\/image\/","url":"https:\/\/lacasitaeducativa.shop\/wp-content\/uploads\/2020\/08\/Logos-la-casita-educativa-2-1.png","contentUrl":"https:\/\/lacasitaeducativa.shop\/wp-content\/uploads\/2020\/08\/Logos-la-casita-educativa-2-1.png","width":500,"height":500,"caption":"La Casita Educativa - LACASITAEDUCATIVA.SHOP"},"image":{"@id":"https:\/\/lacasitaeducativa.shop\/#\/schema\/logo\/image\/"}}]}},"_links":{"self":[{"href":"https:\/\/lacasitaeducativa.shop\/index.php\/wp-json\/wp\/v2\/product\/24944","targetHints":{"allow":["GET"]}}],"collection":[{"href":"https:\/\/lacasitaeducativa.shop\/index.php\/wp-json\/wp\/v2\/product"}],"about":[{"href":"https:\/\/lacasitaeducativa.shop\/index.php\/wp-json\/wp\/v2\/types\/product"}],"replies":[{"embeddable":true,"href":"https:\/\/lacasitaeducativa.shop\/index.php\/wp-json\/wp\/v2\/comments?post=24944"}],"wp:featuredmedia":[{"embeddable":true,"href":"https:\/\/lacasitaeducativa.shop\/index.php\/wp-json\/wp\/v2\/media\/24946"}],"wp:attachment":[{"href":"https:\/\/lacasitaeducativa.shop\/index.php\/wp-json\/wp\/v2\/media?parent=24944"}],"wp:term":[{"taxonomy":"product_brand","embeddable":true,"href":"https:\/\/lacasitaeducativa.shop\/index.php\/wp-json\/wp\/v2\/product_brand?post=24944"},{"taxonomy":"product_cat","embeddable":true,"href":"https:\/\/lacasitaeducativa.shop\/index.php\/wp-json\/wp\/v2\/product_cat?post=24944"},{"taxonomy":"product_tag","embeddable":true,"href":"https:\/\/lacasitaeducativa.shop\/index.php\/wp-json\/wp\/v2\/product_tag?post=24944"}],"curies":[{"name":"wp","href":"https:\/\/api.w.org\/{rel}","templated":true}]}}