{"id":271382,"date":"2023-09-02T17:37:47","date_gmt":"2023-09-02T17:37:47","guid":{"rendered":"https:\/\/lacasitaeducativa.shop\/?post_type=product&#038;p=271382"},"modified":"2025-01-28T15:52:05","modified_gmt":"2025-01-28T15:52:05","slug":"caja-infantil","status":"publish","type":"product","link":"https:\/\/lacasitaeducativa.shop\/index.php\/producto\/caja-infantil\/","title":{"rendered":"Caja Infantil"},"content":{"rendered":"<p><strong>CONTENIDO<\/strong><\/p>\n<p>La\u00a0<b>caja de infantil<\/b>\u00a0incluye:<\/p>\n<ul>\n<li style=\"list-style-type: none;\">\n<ul>\n<li>1 L\u00e1mina de Abecedario<\/li>\n<li>12 L\u00e1minas de l\u00e1pices de colores para trabajar de manera manipulativa los diferentes colores.<\/li>\n<li>4 Plantillas para trabajar las formas geom\u00e9tricas: tri\u00e1ngulo, cuadrado, c\u00edrculo y rect\u00e1ngulo.<\/li>\n<li>27 L\u00e1minas de Llavero de letras para trabajar los trazos.<\/li>\n<li>9 L\u00e1minas de Llavero con los n\u00fameros del 0 al 9.<\/li>\n<li>12 Tarjetas + depresores de colores<\/li>\n<li>16 Tarjetas para trabajar la grafomotricidad con cuentos cl\u00e1sicos.<\/li>\n<\/ul>\n<\/li>\n<\/ul>\n<p><strong>IDIOMA<\/strong><\/p>\n<p>Disponible en Castellano<\/p>\n<p>*Si se quiere en catal\u00e1n o ingl\u00e9s escribir a <strong>educacion@lacasitaeducativa.com<\/strong><\/p>\n<p><span style=\"color: #ff0000;\"><strong>Importante<\/strong>: <\/span><\/p>\n<ul>\n<li><span style=\"color: #ff0000;\">Deber\u00e1s <strong>incluir la direcci\u00f3n de env\u00edo<\/strong> en la que quieres recibir la caja + un <strong>n\u00famero de tel\u00e9fono<\/strong> en las notas de tu pedido.<\/span><\/li>\n<li><span style=\"color: #ff0000;\">S\u00f3lo se realizan env\u00edos <strong>dentro de la pen\u00ednsula ib\u00e9rica<\/strong>.<\/span><\/li>\n<\/ul>\n","protected":false},"excerpt":{"rendered":"<p><strong><em><span style=\"color: #ff0000;\">Env\u00edo a domicilio incluido en el precio <span style=\"color: #3366ff;\">(a\u00f1adir la direcci\u00f3n + n\u00ba de tel\u00e9fono en Notas de pedido)<\/span><\/span><\/em><\/strong><\/p>\n<p>Caja de <b>recursos educativos <\/b>y<b> manipulativos <\/b>muy llamativos para<b> infantil <\/b>en<b> formato f\u00edsico<\/b>, recomendado para ni\u00f1os de 3 a 6 a\u00f1os aproximadamente.<\/p>\n<p>Disponible en castellano.<\/p>\n<p>Si se quiere en catal\u00e1n o ingl\u00e9s escribir a: <strong>educacion@lacasitaeducativa.com<\/strong><\/p>\n","protected":false},"featured_media":279359,"comment_status":"open","ping_status":"closed","template":"","meta":{"site-sidebar-layout":"default","site-content-layout":"default","ast-site-content-layout":"default","site-content-style":"default","site-sidebar-style":"default","ast-global-header-display":"","ast-banner-title-visibility":"","ast-main-header-display":"","ast-hfb-above-header-display":"","ast-hfb-below-header-display":"","ast-hfb-mobile-header-display":"","site-post-title":"","ast-breadcrumbs-content":"","ast-featured-img":"","footer-sml-layout":"","ast-disable-related-posts":"","theme-transparent-header-meta":"default","adv-header-id-meta":"","stick-header-meta":"","header-above-stick-meta":"","header-main-stick-meta":"","header-below-stick-meta":"","astra-migrate-meta-layouts":"set","ast-page-background-enabled":"default","ast-page-background-meta":{"desktop":{"background-color":"","background-image":"","background-repeat":"repeat","background-position":"center center","background-size":"auto","background-attachment":"scroll","background-type":"","background-media":"","overlay-type":"","overlay-color":"","overlay-opacity":"","overlay-gradient":""},"tablet":{"background-color":"","background-image":"","background-repeat":"repeat","background-position":"center center","background-size":"auto","background-attachment":"scroll","background-type":"","background-media":"","overlay-type":"","overlay-color":"","overlay-opacity":"","overlay-gradient":""},"mobile":{"background-color":"","background-image":"","background-repeat":"repeat","background-position":"center center","background-size":"auto","background-attachment":"scroll","background-type":"","background-media":"","overlay-type":"","overlay-color":"","overlay-opacity":"","overlay-gradient":""}},"ast-content-background-meta":{"desktop":{"background-color":"var(--ast-global-color-5)","background-image":"","background-repeat":"repeat","background-position":"center center","background-size":"auto","background-attachment":"scroll","background-type":"","background-media":"","overlay-type":"","overlay-color":"","overlay-opacity":"","overlay-gradient":""},"tablet":{"background-color":"var(--ast-global-color-5)","background-image":"","background-repeat":"repeat","background-position":"center center","background-size":"auto","background-attachment":"scroll","background-type":"","background-media":"","overlay-type":"","overlay-color":"","overlay-opacity":"","overlay-gradient":""},"mobile":{"background-color":"var(--ast-global-color-5)","background-image":"","background-repeat":"repeat","background-position":"center center","background-size":"auto","background-attachment":"scroll","background-type":"","background-media":"","overlay-type":"","overlay-color":"","overlay-opacity":"","overlay-gradient":""}}},"product_brand":[],"product_cat":[15],"product_tag":[156,251,167,110],"class_list":{"0":"post-271382","1":"product","2":"type-product","3":"status-publish","4":"has-post-thumbnail","6":"product_cat-educacion-infantil","7":"product_tag-colores","8":"product_tag-infantil","9":"product_tag-letras","10":"product_tag-numeros","11":"desktop-align-left","12":"tablet-align-left","13":"mobile-align-left","15":"first","16":"outofstock","17":"sale","18":"taxable","19":"shipping-taxable","20":"purchasable","21":"product-type-simple"},"yoast_head":"<!-- This site is optimized with the Yoast SEO plugin v26.8 - https:\/\/yoast.com\/product\/yoast-seo-wordpress\/ -->\n<title>Caja Infantil - La Casita Educativa<\/title>\n<meta name=\"description\" content=\"Caja de recursos educativos y manipulativos muy llamativos para infantil, recomendado para ni\u00f1os de 3 a 6 a\u00f1os aproximadamente.\" \/>\n<meta name=\"robots\" content=\"index, follow, max-snippet:-1, max-image-preview:large, max-video-preview:-1\" \/>\n<link rel=\"canonical\" href=\"https:\/\/lacasitaeducativa.shop\/index.php\/producto\/caja-infantil\/\" \/>\n<meta property=\"og:locale\" content=\"es_ES\" \/>\n<meta property=\"og:type\" content=\"article\" \/>\n<meta property=\"og:title\" content=\"Caja Infantil - La Casita Educativa\" \/>\n<meta property=\"og:description\" content=\"Caja de recursos educativos y manipulativos muy llamativos para infantil, recomendado para ni\u00f1os de 3 a 6 a\u00f1os aproximadamente.\" \/>\n<meta property=\"og:url\" content=\"https:\/\/lacasitaeducativa.shop\/index.php\/producto\/caja-infantil\/\" \/>\n<meta property=\"og:site_name\" content=\"La Casita Educativa\" \/>\n<meta property=\"article:modified_time\" content=\"2025-01-28T15:52:05+00:00\" \/>\n<meta property=\"og:image\" content=\"https:\/\/lacasitaeducativa.shop\/wp-content\/uploads\/2023\/09\/Caja-asamblea-2.jpg\" \/>\n\t<meta property=\"og:image:width\" content=\"1080\" \/>\n\t<meta property=\"og:image:height\" content=\"1080\" \/>\n\t<meta property=\"og:image:type\" content=\"image\/jpeg\" \/>\n<meta name=\"twitter:card\" content=\"summary_large_image\" \/>\n<meta name=\"twitter:label1\" content=\"Tiempo de lectura\" \/>\n\t<meta name=\"twitter:data1\" content=\"1 minuto\" \/>\n<script type=\"application\/ld+json\" class=\"yoast-schema-graph\">{\"@context\":\"https:\/\/schema.org\",\"@graph\":[{\"@type\":\"WebPage\",\"@id\":\"https:\/\/lacasitaeducativa.shop\/index.php\/producto\/caja-infantil\/\",\"url\":\"https:\/\/lacasitaeducativa.shop\/index.php\/producto\/caja-infantil\/\",\"name\":\"Caja Infantil - La Casita Educativa\",\"isPartOf\":{\"@id\":\"https:\/\/lacasitaeducativa.shop\/#website\"},\"primaryImageOfPage\":{\"@id\":\"https:\/\/lacasitaeducativa.shop\/index.php\/producto\/caja-infantil\/#primaryimage\"},\"image\":{\"@id\":\"https:\/\/lacasitaeducativa.shop\/index.php\/producto\/caja-infantil\/#primaryimage\"},\"thumbnailUrl\":\"https:\/\/lacasitaeducativa.shop\/wp-content\/uploads\/2023\/09\/Caja-asamblea-2.jpg\",\"datePublished\":\"2023-09-02T17:37:47+00:00\",\"dateModified\":\"2025-01-28T15:52:05+00:00\",\"description\":\"Caja de recursos educativos y manipulativos muy llamativos para infantil, recomendado para ni\u00f1os de 3 a 6 a\u00f1os aproximadamente.\",\"breadcrumb\":{\"@id\":\"https:\/\/lacasitaeducativa.shop\/index.php\/producto\/caja-infantil\/#breadcrumb\"},\"inLanguage\":\"es\",\"potentialAction\":[{\"@type\":\"ReadAction\",\"target\":[\"https:\/\/lacasitaeducativa.shop\/index.php\/producto\/caja-infantil\/\"]}]},{\"@type\":\"ImageObject\",\"inLanguage\":\"es\",\"@id\":\"https:\/\/lacasitaeducativa.shop\/index.php\/producto\/caja-infantil\/#primaryimage\",\"url\":\"https:\/\/lacasitaeducativa.shop\/wp-content\/uploads\/2023\/09\/Caja-asamblea-2.jpg\",\"contentUrl\":\"https:\/\/lacasitaeducativa.shop\/wp-content\/uploads\/2023\/09\/Caja-asamblea-2.jpg\",\"width\":1080,\"height\":1080,\"caption\":\"Caja infantil\"},{\"@type\":\"BreadcrumbList\",\"@id\":\"https:\/\/lacasitaeducativa.shop\/index.php\/producto\/caja-infantil\/#breadcrumb\",\"itemListElement\":[{\"@type\":\"ListItem\",\"position\":1,\"name\":\"Portada\",\"item\":\"https:\/\/lacasitaeducativa.shop\/\"},{\"@type\":\"ListItem\",\"position\":2,\"name\":\"Recursos\",\"item\":\"https:\/\/lacasitaeducativa.shop\/index.php\/tienda\/\"},{\"@type\":\"ListItem\",\"position\":3,\"name\":\"Caja Infantil\"}]},{\"@type\":\"WebSite\",\"@id\":\"https:\/\/lacasitaeducativa.shop\/#website\",\"url\":\"https:\/\/lacasitaeducativa.shop\/\",\"name\":\"La Casita Educativa\",\"description\":\"En esta casita encontrar\u00e9is todo tipo de recursos educativos infantiles, desde manualidades hasta actividades, juegos, cuentos, idiomas, adivinanzas y otros.\",\"publisher\":{\"@id\":\"https:\/\/lacasitaeducativa.shop\/#organization\"},\"potentialAction\":[{\"@type\":\"SearchAction\",\"target\":{\"@type\":\"EntryPoint\",\"urlTemplate\":\"https:\/\/lacasitaeducativa.shop\/?s={search_term_string}\"},\"query-input\":{\"@type\":\"PropertyValueSpecification\",\"valueRequired\":true,\"valueName\":\"search_term_string\"}}],\"inLanguage\":\"es\"},{\"@type\":\"Organization\",\"@id\":\"https:\/\/lacasitaeducativa.shop\/#organization\",\"name\":\"La Casita Educativa - LACASITAEDUCATIVA.SHOP\",\"url\":\"https:\/\/lacasitaeducativa.shop\/\",\"logo\":{\"@type\":\"ImageObject\",\"inLanguage\":\"es\",\"@id\":\"https:\/\/lacasitaeducativa.shop\/#\/schema\/logo\/image\/\",\"url\":\"https:\/\/lacasitaeducativa.shop\/wp-content\/uploads\/2020\/08\/Logos-la-casita-educativa-2-1.png\",\"contentUrl\":\"https:\/\/lacasitaeducativa.shop\/wp-content\/uploads\/2020\/08\/Logos-la-casita-educativa-2-1.png\",\"width\":500,\"height\":500,\"caption\":\"La Casita Educativa - LACASITAEDUCATIVA.SHOP\"},\"image\":{\"@id\":\"https:\/\/lacasitaeducativa.shop\/#\/schema\/logo\/image\/\"}}]}<\/script>\n<!-- \/ Yoast SEO plugin. -->","yoast_head_json":{"title":"Caja Infantil - La Casita Educativa","description":"Caja de recursos educativos y manipulativos muy llamativos para infantil, recomendado para ni\u00f1os de 3 a 6 a\u00f1os aproximadamente.","robots":{"index":"index","follow":"follow","max-snippet":"max-snippet:-1","max-image-preview":"max-image-preview:large","max-video-preview":"max-video-preview:-1"},"canonical":"https:\/\/lacasitaeducativa.shop\/index.php\/producto\/caja-infantil\/","og_locale":"es_ES","og_type":"article","og_title":"Caja Infantil - La Casita Educativa","og_description":"Caja de recursos educativos y manipulativos muy llamativos para infantil, recomendado para ni\u00f1os de 3 a 6 a\u00f1os aproximadamente.","og_url":"https:\/\/lacasitaeducativa.shop\/index.php\/producto\/caja-infantil\/","og_site_name":"La Casita Educativa","article_modified_time":"2025-01-28T15:52:05+00:00","og_image":[{"width":1080,"height":1080,"url":"https:\/\/lacasitaeducativa.shop\/wp-content\/uploads\/2023\/09\/Caja-asamblea-2.jpg","type":"image\/jpeg"}],"twitter_card":"summary_large_image","twitter_misc":{"Tiempo de lectura":"1 minuto"},"schema":{"@context":"https:\/\/schema.org","@graph":[{"@type":"WebPage","@id":"https:\/\/lacasitaeducativa.shop\/index.php\/producto\/caja-infantil\/","url":"https:\/\/lacasitaeducativa.shop\/index.php\/producto\/caja-infantil\/","name":"Caja Infantil - La Casita Educativa","isPartOf":{"@id":"https:\/\/lacasitaeducativa.shop\/#website"},"primaryImageOfPage":{"@id":"https:\/\/lacasitaeducativa.shop\/index.php\/producto\/caja-infantil\/#primaryimage"},"image":{"@id":"https:\/\/lacasitaeducativa.shop\/index.php\/producto\/caja-infantil\/#primaryimage"},"thumbnailUrl":"https:\/\/lacasitaeducativa.shop\/wp-content\/uploads\/2023\/09\/Caja-asamblea-2.jpg","datePublished":"2023-09-02T17:37:47+00:00","dateModified":"2025-01-28T15:52:05+00:00","description":"Caja de recursos educativos y manipulativos muy llamativos para infantil, recomendado para ni\u00f1os de 3 a 6 a\u00f1os aproximadamente.","breadcrumb":{"@id":"https:\/\/lacasitaeducativa.shop\/index.php\/producto\/caja-infantil\/#breadcrumb"},"inLanguage":"es","potentialAction":[{"@type":"ReadAction","target":["https:\/\/lacasitaeducativa.shop\/index.php\/producto\/caja-infantil\/"]}]},{"@type":"ImageObject","inLanguage":"es","@id":"https:\/\/lacasitaeducativa.shop\/index.php\/producto\/caja-infantil\/#primaryimage","url":"https:\/\/lacasitaeducativa.shop\/wp-content\/uploads\/2023\/09\/Caja-asamblea-2.jpg","contentUrl":"https:\/\/lacasitaeducativa.shop\/wp-content\/uploads\/2023\/09\/Caja-asamblea-2.jpg","width":1080,"height":1080,"caption":"Caja infantil"},{"@type":"BreadcrumbList","@id":"https:\/\/lacasitaeducativa.shop\/index.php\/producto\/caja-infantil\/#breadcrumb","itemListElement":[{"@type":"ListItem","position":1,"name":"Portada","item":"https:\/\/lacasitaeducativa.shop\/"},{"@type":"ListItem","position":2,"name":"Recursos","item":"https:\/\/lacasitaeducativa.shop\/index.php\/tienda\/"},{"@type":"ListItem","position":3,"name":"Caja Infantil"}]},{"@type":"WebSite","@id":"https:\/\/lacasitaeducativa.shop\/#website","url":"https:\/\/lacasitaeducativa.shop\/","name":"La Casita Educativa","description":"En esta casita encontrar\u00e9is todo tipo de recursos educativos infantiles, desde manualidades hasta actividades, juegos, cuentos, idiomas, adivinanzas y otros.","publisher":{"@id":"https:\/\/lacasitaeducativa.shop\/#organization"},"potentialAction":[{"@type":"SearchAction","target":{"@type":"EntryPoint","urlTemplate":"https:\/\/lacasitaeducativa.shop\/?s={search_term_string}"},"query-input":{"@type":"PropertyValueSpecification","valueRequired":true,"valueName":"search_term_string"}}],"inLanguage":"es"},{"@type":"Organization","@id":"https:\/\/lacasitaeducativa.shop\/#organization","name":"La Casita Educativa - LACASITAEDUCATIVA.SHOP","url":"https:\/\/lacasitaeducativa.shop\/","logo":{"@type":"ImageObject","inLanguage":"es","@id":"https:\/\/lacasitaeducativa.shop\/#\/schema\/logo\/image\/","url":"https:\/\/lacasitaeducativa.shop\/wp-content\/uploads\/2020\/08\/Logos-la-casita-educativa-2-1.png","contentUrl":"https:\/\/lacasitaeducativa.shop\/wp-content\/uploads\/2020\/08\/Logos-la-casita-educativa-2-1.png","width":500,"height":500,"caption":"La Casita Educativa - LACASITAEDUCATIVA.SHOP"},"image":{"@id":"https:\/\/lacasitaeducativa.shop\/#\/schema\/logo\/image\/"}}]}},"_links":{"self":[{"href":"https:\/\/lacasitaeducativa.shop\/index.php\/wp-json\/wp\/v2\/product\/271382","targetHints":{"allow":["GET"]}}],"collection":[{"href":"https:\/\/lacasitaeducativa.shop\/index.php\/wp-json\/wp\/v2\/product"}],"about":[{"href":"https:\/\/lacasitaeducativa.shop\/index.php\/wp-json\/wp\/v2\/types\/product"}],"replies":[{"embeddable":true,"href":"https:\/\/lacasitaeducativa.shop\/index.php\/wp-json\/wp\/v2\/comments?post=271382"}],"wp:featuredmedia":[{"embeddable":true,"href":"https:\/\/lacasitaeducativa.shop\/index.php\/wp-json\/wp\/v2\/media\/279359"}],"wp:attachment":[{"href":"https:\/\/lacasitaeducativa.shop\/index.php\/wp-json\/wp\/v2\/media?parent=271382"}],"wp:term":[{"taxonomy":"product_brand","embeddable":true,"href":"https:\/\/lacasitaeducativa.shop\/index.php\/wp-json\/wp\/v2\/product_brand?post=271382"},{"taxonomy":"product_cat","embeddable":true,"href":"https:\/\/lacasitaeducativa.shop\/index.php\/wp-json\/wp\/v2\/product_cat?post=271382"},{"taxonomy":"product_tag","embeddable":true,"href":"https:\/\/lacasitaeducativa.shop\/index.php\/wp-json\/wp\/v2\/product_tag?post=271382"}],"curies":[{"name":"wp","href":"https:\/\/api.w.org\/{rel}","templated":true}]}}