{"id":279,"date":"2020-08-29T09:24:40","date_gmt":"2020-08-29T09:24:40","guid":{"rendered":"http:\/\/45.131.80.30\/~condenom\/lacasitaeducativa\/?post_type=product&#038;p=279"},"modified":"2024-05-16T19:03:33","modified_gmt":"2024-05-16T19:03:33","slug":"cada-pez-a-su-pecera","status":"publish","type":"product","link":"https:\/\/lacasitaeducativa.shop\/index.php\/producto\/cada-pez-a-su-pecera\/","title":{"rendered":"Pecera de colores"},"content":{"rendered":"<p><strong>CONTENIDO<\/strong><\/p>\n<p>El material contiene:<\/p>\n<ul>\n<li>4 Peceras de diferentes colores: una azul, otra verde, amarilla y roja.<\/li>\n<li>4 Peceras en blanco para que puedan pintar del color que necesit\u00e9is trabajar.<\/li>\n<li>24 Peces de diferentes colores.<\/li>\n<\/ul>\n<p><strong>FUNCIONAMIENTO<\/strong><\/p>\n<p>Ense\u00f1ar a los m\u00e1s peque\u00f1os los colores no tiene porque ser aburrido como demuestra esta actividad que hemos preparado para aprender los colores.<\/p>\n<p>La actividad consiste en clasificar los diferentes peces en su pecera de color correspondiente.<\/p>\n<p>\u00bfQu\u00e9 te parece?<\/p>\n<p>*D\u00e9jame una valoraci\u00f3n para poder seguir mejorando. \ud83d\ude42<\/p>\n<p><strong>IDIOMA<\/strong><\/p>\n<p>&#8212;&#8212;&#8212;-<\/p>\n<p><strong>EDAD RECOMENDADA<\/strong><\/p>\n<p>Material recomendado de 2 a 5 a\u00f1os aproximadamente.<\/p>\n<p>&nbsp;<\/p>\n","protected":false},"excerpt":{"rendered":"<p>Ense\u00f1ar a los m\u00e1s peque\u00f1os los colores no tiene porque ser aburrido como demuestra esta actividad casera que hemos preparado para aprender los colores m\u00e1s b\u00e1sicos.<\/p>\n<p>Recomendado a partir de 2 a\u00f1os.<\/p>\n<p><script async src=\"https:\/\/pagead2.googlesyndication.com\/pagead\/js\/adsbygoogle.js\"><\/script><br \/>\n<!-- Horizontal-Adaptable --><br \/>\n<ins class=\"adsbygoogle\" style=\"display: block;\" data-ad-client=\"ca-pub-1103545772104863\" data-ad-slot=\"5194289265\" data-ad-format=\"auto\" data-full-width-responsive=\"true\"><\/ins><br \/>\n<script>\n     (adsbygoogle = window.adsbygoogle || []).push({});\n<\/script><\/p>\n<p>El actividad consiste en ir cogiendo pececitos uno a uno y colocarlos sobre la pecera de su color correspondiente.<br \/>\nA su vez decir el nombre del color para que se les vaya quedando.<\/p>\n<p>Las peceras son pintadas a mano as\u00ed\u00a0que pod\u00e9is hacerlas de tantos colores c\u00f3mo quer\u00e1is.<\/p>\n<p>\u00bfQu\u00e9 os parece?<\/p>\n<p>A mis peques les gusta mucho<\/p>\n","protected":false},"featured_media":356681,"comment_status":"open","ping_status":"closed","template":"","meta":{"site-sidebar-layout":"default","site-content-layout":"default","ast-site-content-layout":"default","site-content-style":"default","site-sidebar-style":"default","ast-global-header-display":"","ast-banner-title-visibility":"","ast-main-header-display":"","ast-hfb-above-header-display":"","ast-hfb-below-header-display":"","ast-hfb-mobile-header-display":"","site-post-title":"","ast-breadcrumbs-content":"","ast-featured-img":"","footer-sml-layout":"","ast-disable-related-posts":"","theme-transparent-header-meta":"default","adv-header-id-meta":"","stick-header-meta":"","header-above-stick-meta":"","header-main-stick-meta":"","header-below-stick-meta":"","astra-migrate-meta-layouts":"set","ast-page-background-enabled":"default","ast-page-background-meta":{"desktop":{"background-color":"","background-image":"","background-repeat":"repeat","background-position":"center center","background-size":"auto","background-attachment":"scroll","background-type":"","background-media":"","overlay-type":"","overlay-color":"","overlay-opacity":"","overlay-gradient":""},"tablet":{"background-color":"","background-image":"","background-repeat":"repeat","background-position":"center center","background-size":"auto","background-attachment":"scroll","background-type":"","background-media":"","overlay-type":"","overlay-color":"","overlay-opacity":"","overlay-gradient":""},"mobile":{"background-color":"","background-image":"","background-repeat":"repeat","background-position":"center center","background-size":"auto","background-attachment":"scroll","background-type":"","background-media":"","overlay-type":"","overlay-color":"","overlay-opacity":"","overlay-gradient":""}},"ast-content-background-meta":{"desktop":{"background-color":"var(--ast-global-color-5)","background-image":"","background-repeat":"repeat","background-position":"center center","background-size":"auto","background-attachment":"scroll","background-type":"","background-media":"","overlay-type":"","overlay-color":"","overlay-opacity":"","overlay-gradient":""},"tablet":{"background-color":"var(--ast-global-color-5)","background-image":"","background-repeat":"repeat","background-position":"center center","background-size":"auto","background-attachment":"scroll","background-type":"","background-media":"","overlay-type":"","overlay-color":"","overlay-opacity":"","overlay-gradient":""},"mobile":{"background-color":"var(--ast-global-color-5)","background-image":"","background-repeat":"repeat","background-position":"center center","background-size":"auto","background-attachment":"scroll","background-type":"","background-media":"","overlay-type":"","overlay-color":"","overlay-opacity":"","overlay-gradient":""}}},"product_brand":[],"product_cat":[15],"product_tag":[156,639],"class_list":{"0":"post-279","1":"product","2":"type-product","3":"status-publish","4":"has-post-thumbnail","6":"product_cat-educacion-infantil","7":"product_tag-colores","8":"product_tag-pecera","9":"desktop-align-left","10":"tablet-align-left","11":"mobile-align-left","13":"first","14":"instock","15":"downloadable","16":"virtual","17":"taxable","18":"purchasable","19":"product-type-simple"},"yoast_head":"<!-- This site is optimized with the Yoast SEO plugin v26.8 - https:\/\/yoast.com\/product\/yoast-seo-wordpress\/ -->\n<title>Cada pez a su pecera<\/title>\n<meta name=\"description\" content=\"Recurso manipulativo ideal para ense\u00f1ar los colores m\u00e1s b\u00e1sicos a los ni\u00f1os con unas peceras muy llamativas. Recomendado a partir de 2 a\u00f1os.\" \/>\n<meta name=\"robots\" content=\"index, follow, max-snippet:-1, max-image-preview:large, max-video-preview:-1\" \/>\n<link rel=\"canonical\" href=\"https:\/\/lacasitaeducativa.shop\/index.php\/producto\/cada-pez-a-su-pecera\/\" \/>\n<meta property=\"og:locale\" content=\"es_ES\" \/>\n<meta property=\"og:type\" content=\"article\" \/>\n<meta property=\"og:title\" content=\"Cada pez a su pecera\" \/>\n<meta property=\"og:description\" content=\"Recurso manipulativo ideal para ense\u00f1ar los colores m\u00e1s b\u00e1sicos a los ni\u00f1os con unas peceras muy llamativas. Recomendado a partir de 2 a\u00f1os.\" \/>\n<meta property=\"og:url\" content=\"https:\/\/lacasitaeducativa.shop\/index.php\/producto\/cada-pez-a-su-pecera\/\" \/>\n<meta property=\"og:site_name\" content=\"La Casita Educativa\" \/>\n<meta property=\"article:modified_time\" content=\"2024-05-16T19:03:33+00:00\" \/>\n<meta property=\"og:image\" content=\"https:\/\/lacasitaeducativa.shop\/wp-content\/uploads\/2020\/08\/Pecera.jpg\" \/>\n\t<meta property=\"og:image:width\" content=\"1080\" \/>\n\t<meta property=\"og:image:height\" content=\"1080\" \/>\n\t<meta property=\"og:image:type\" content=\"image\/jpeg\" \/>\n<meta name=\"twitter:card\" content=\"summary_large_image\" \/>\n<meta name=\"twitter:label1\" content=\"Tiempo de lectura\" \/>\n\t<meta name=\"twitter:data1\" content=\"1 minuto\" \/>\n<script type=\"application\/ld+json\" class=\"yoast-schema-graph\">{\"@context\":\"https:\/\/schema.org\",\"@graph\":[{\"@type\":\"WebPage\",\"@id\":\"https:\/\/lacasitaeducativa.shop\/index.php\/producto\/cada-pez-a-su-pecera\/\",\"url\":\"https:\/\/lacasitaeducativa.shop\/index.php\/producto\/cada-pez-a-su-pecera\/\",\"name\":\"Cada pez a su pecera\",\"isPartOf\":{\"@id\":\"https:\/\/lacasitaeducativa.shop\/#website\"},\"primaryImageOfPage\":{\"@id\":\"https:\/\/lacasitaeducativa.shop\/index.php\/producto\/cada-pez-a-su-pecera\/#primaryimage\"},\"image\":{\"@id\":\"https:\/\/lacasitaeducativa.shop\/index.php\/producto\/cada-pez-a-su-pecera\/#primaryimage\"},\"thumbnailUrl\":\"https:\/\/lacasitaeducativa.shop\/wp-content\/uploads\/2020\/08\/Pecera.jpg\",\"datePublished\":\"2020-08-29T09:24:40+00:00\",\"dateModified\":\"2024-05-16T19:03:33+00:00\",\"description\":\"Recurso manipulativo ideal para ense\u00f1ar los colores m\u00e1s b\u00e1sicos a los ni\u00f1os con unas peceras muy llamativas. Recomendado a partir de 2 a\u00f1os.\",\"breadcrumb\":{\"@id\":\"https:\/\/lacasitaeducativa.shop\/index.php\/producto\/cada-pez-a-su-pecera\/#breadcrumb\"},\"inLanguage\":\"es\",\"potentialAction\":[{\"@type\":\"ReadAction\",\"target\":[\"https:\/\/lacasitaeducativa.shop\/index.php\/producto\/cada-pez-a-su-pecera\/\"]}]},{\"@type\":\"ImageObject\",\"inLanguage\":\"es\",\"@id\":\"https:\/\/lacasitaeducativa.shop\/index.php\/producto\/cada-pez-a-su-pecera\/#primaryimage\",\"url\":\"https:\/\/lacasitaeducativa.shop\/wp-content\/uploads\/2020\/08\/Pecera.jpg\",\"contentUrl\":\"https:\/\/lacasitaeducativa.shop\/wp-content\/uploads\/2020\/08\/Pecera.jpg\",\"width\":1080,\"height\":1080,\"caption\":\"Aprende los colores con peces\"},{\"@type\":\"BreadcrumbList\",\"@id\":\"https:\/\/lacasitaeducativa.shop\/index.php\/producto\/cada-pez-a-su-pecera\/#breadcrumb\",\"itemListElement\":[{\"@type\":\"ListItem\",\"position\":1,\"name\":\"Portada\",\"item\":\"https:\/\/lacasitaeducativa.shop\/\"},{\"@type\":\"ListItem\",\"position\":2,\"name\":\"Recursos\",\"item\":\"https:\/\/lacasitaeducativa.shop\/index.php\/tienda\/\"},{\"@type\":\"ListItem\",\"position\":3,\"name\":\"Pecera de colores\"}]},{\"@type\":\"WebSite\",\"@id\":\"https:\/\/lacasitaeducativa.shop\/#website\",\"url\":\"https:\/\/lacasitaeducativa.shop\/\",\"name\":\"La Casita Educativa\",\"description\":\"En esta casita encontrar\u00e9is todo tipo de recursos educativos infantiles, desde manualidades hasta actividades, juegos, cuentos, idiomas, adivinanzas y otros.\",\"publisher\":{\"@id\":\"https:\/\/lacasitaeducativa.shop\/#organization\"},\"potentialAction\":[{\"@type\":\"SearchAction\",\"target\":{\"@type\":\"EntryPoint\",\"urlTemplate\":\"https:\/\/lacasitaeducativa.shop\/?s={search_term_string}\"},\"query-input\":{\"@type\":\"PropertyValueSpecification\",\"valueRequired\":true,\"valueName\":\"search_term_string\"}}],\"inLanguage\":\"es\"},{\"@type\":\"Organization\",\"@id\":\"https:\/\/lacasitaeducativa.shop\/#organization\",\"name\":\"La Casita Educativa - LACASITAEDUCATIVA.SHOP\",\"url\":\"https:\/\/lacasitaeducativa.shop\/\",\"logo\":{\"@type\":\"ImageObject\",\"inLanguage\":\"es\",\"@id\":\"https:\/\/lacasitaeducativa.shop\/#\/schema\/logo\/image\/\",\"url\":\"https:\/\/lacasitaeducativa.shop\/wp-content\/uploads\/2020\/08\/Logos-la-casita-educativa-2-1.png\",\"contentUrl\":\"https:\/\/lacasitaeducativa.shop\/wp-content\/uploads\/2020\/08\/Logos-la-casita-educativa-2-1.png\",\"width\":500,\"height\":500,\"caption\":\"La Casita Educativa - LACASITAEDUCATIVA.SHOP\"},\"image\":{\"@id\":\"https:\/\/lacasitaeducativa.shop\/#\/schema\/logo\/image\/\"}}]}<\/script>\n<!-- \/ Yoast SEO plugin. -->","yoast_head_json":{"title":"Cada pez a su pecera","description":"Recurso manipulativo ideal para ense\u00f1ar los colores m\u00e1s b\u00e1sicos a los ni\u00f1os con unas peceras muy llamativas. Recomendado a partir de 2 a\u00f1os.","robots":{"index":"index","follow":"follow","max-snippet":"max-snippet:-1","max-image-preview":"max-image-preview:large","max-video-preview":"max-video-preview:-1"},"canonical":"https:\/\/lacasitaeducativa.shop\/index.php\/producto\/cada-pez-a-su-pecera\/","og_locale":"es_ES","og_type":"article","og_title":"Cada pez a su pecera","og_description":"Recurso manipulativo ideal para ense\u00f1ar los colores m\u00e1s b\u00e1sicos a los ni\u00f1os con unas peceras muy llamativas. Recomendado a partir de 2 a\u00f1os.","og_url":"https:\/\/lacasitaeducativa.shop\/index.php\/producto\/cada-pez-a-su-pecera\/","og_site_name":"La Casita Educativa","article_modified_time":"2024-05-16T19:03:33+00:00","og_image":[{"width":1080,"height":1080,"url":"https:\/\/lacasitaeducativa.shop\/wp-content\/uploads\/2020\/08\/Pecera.jpg","type":"image\/jpeg"}],"twitter_card":"summary_large_image","twitter_misc":{"Tiempo de lectura":"1 minuto"},"schema":{"@context":"https:\/\/schema.org","@graph":[{"@type":"WebPage","@id":"https:\/\/lacasitaeducativa.shop\/index.php\/producto\/cada-pez-a-su-pecera\/","url":"https:\/\/lacasitaeducativa.shop\/index.php\/producto\/cada-pez-a-su-pecera\/","name":"Cada pez a su pecera","isPartOf":{"@id":"https:\/\/lacasitaeducativa.shop\/#website"},"primaryImageOfPage":{"@id":"https:\/\/lacasitaeducativa.shop\/index.php\/producto\/cada-pez-a-su-pecera\/#primaryimage"},"image":{"@id":"https:\/\/lacasitaeducativa.shop\/index.php\/producto\/cada-pez-a-su-pecera\/#primaryimage"},"thumbnailUrl":"https:\/\/lacasitaeducativa.shop\/wp-content\/uploads\/2020\/08\/Pecera.jpg","datePublished":"2020-08-29T09:24:40+00:00","dateModified":"2024-05-16T19:03:33+00:00","description":"Recurso manipulativo ideal para ense\u00f1ar los colores m\u00e1s b\u00e1sicos a los ni\u00f1os con unas peceras muy llamativas. Recomendado a partir de 2 a\u00f1os.","breadcrumb":{"@id":"https:\/\/lacasitaeducativa.shop\/index.php\/producto\/cada-pez-a-su-pecera\/#breadcrumb"},"inLanguage":"es","potentialAction":[{"@type":"ReadAction","target":["https:\/\/lacasitaeducativa.shop\/index.php\/producto\/cada-pez-a-su-pecera\/"]}]},{"@type":"ImageObject","inLanguage":"es","@id":"https:\/\/lacasitaeducativa.shop\/index.php\/producto\/cada-pez-a-su-pecera\/#primaryimage","url":"https:\/\/lacasitaeducativa.shop\/wp-content\/uploads\/2020\/08\/Pecera.jpg","contentUrl":"https:\/\/lacasitaeducativa.shop\/wp-content\/uploads\/2020\/08\/Pecera.jpg","width":1080,"height":1080,"caption":"Aprende los colores con peces"},{"@type":"BreadcrumbList","@id":"https:\/\/lacasitaeducativa.shop\/index.php\/producto\/cada-pez-a-su-pecera\/#breadcrumb","itemListElement":[{"@type":"ListItem","position":1,"name":"Portada","item":"https:\/\/lacasitaeducativa.shop\/"},{"@type":"ListItem","position":2,"name":"Recursos","item":"https:\/\/lacasitaeducativa.shop\/index.php\/tienda\/"},{"@type":"ListItem","position":3,"name":"Pecera de colores"}]},{"@type":"WebSite","@id":"https:\/\/lacasitaeducativa.shop\/#website","url":"https:\/\/lacasitaeducativa.shop\/","name":"La Casita Educativa","description":"En esta casita encontrar\u00e9is todo tipo de recursos educativos infantiles, desde manualidades hasta actividades, juegos, cuentos, idiomas, adivinanzas y otros.","publisher":{"@id":"https:\/\/lacasitaeducativa.shop\/#organization"},"potentialAction":[{"@type":"SearchAction","target":{"@type":"EntryPoint","urlTemplate":"https:\/\/lacasitaeducativa.shop\/?s={search_term_string}"},"query-input":{"@type":"PropertyValueSpecification","valueRequired":true,"valueName":"search_term_string"}}],"inLanguage":"es"},{"@type":"Organization","@id":"https:\/\/lacasitaeducativa.shop\/#organization","name":"La Casita Educativa - LACASITAEDUCATIVA.SHOP","url":"https:\/\/lacasitaeducativa.shop\/","logo":{"@type":"ImageObject","inLanguage":"es","@id":"https:\/\/lacasitaeducativa.shop\/#\/schema\/logo\/image\/","url":"https:\/\/lacasitaeducativa.shop\/wp-content\/uploads\/2020\/08\/Logos-la-casita-educativa-2-1.png","contentUrl":"https:\/\/lacasitaeducativa.shop\/wp-content\/uploads\/2020\/08\/Logos-la-casita-educativa-2-1.png","width":500,"height":500,"caption":"La Casita Educativa - LACASITAEDUCATIVA.SHOP"},"image":{"@id":"https:\/\/lacasitaeducativa.shop\/#\/schema\/logo\/image\/"}}]}},"_links":{"self":[{"href":"https:\/\/lacasitaeducativa.shop\/index.php\/wp-json\/wp\/v2\/product\/279","targetHints":{"allow":["GET"]}}],"collection":[{"href":"https:\/\/lacasitaeducativa.shop\/index.php\/wp-json\/wp\/v2\/product"}],"about":[{"href":"https:\/\/lacasitaeducativa.shop\/index.php\/wp-json\/wp\/v2\/types\/product"}],"replies":[{"embeddable":true,"href":"https:\/\/lacasitaeducativa.shop\/index.php\/wp-json\/wp\/v2\/comments?post=279"}],"wp:featuredmedia":[{"embeddable":true,"href":"https:\/\/lacasitaeducativa.shop\/index.php\/wp-json\/wp\/v2\/media\/356681"}],"wp:attachment":[{"href":"https:\/\/lacasitaeducativa.shop\/index.php\/wp-json\/wp\/v2\/media?parent=279"}],"wp:term":[{"taxonomy":"product_brand","embeddable":true,"href":"https:\/\/lacasitaeducativa.shop\/index.php\/wp-json\/wp\/v2\/product_brand?post=279"},{"taxonomy":"product_cat","embeddable":true,"href":"https:\/\/lacasitaeducativa.shop\/index.php\/wp-json\/wp\/v2\/product_cat?post=279"},{"taxonomy":"product_tag","embeddable":true,"href":"https:\/\/lacasitaeducativa.shop\/index.php\/wp-json\/wp\/v2\/product_tag?post=279"}],"curies":[{"name":"wp","href":"https:\/\/api.w.org\/{rel}","templated":true}]}}