{"id":281870,"date":"2023-09-12T17:29:56","date_gmt":"2023-09-12T17:29:56","guid":{"rendered":"https:\/\/lacasitaeducativa.shop\/?post_type=product&#038;p=281870"},"modified":"2026-02-02T11:35:46","modified_gmt":"2026-02-02T11:35:46","slug":"permiso-bano","status":"publish","type":"product","link":"https:\/\/lacasitaeducativa.shop\/index.php\/producto\/permiso-bano\/","title":{"rendered":"Las llaves del colegio"},"content":{"rendered":"<p><strong>CONTENIDO<\/strong><\/p>\n<p>El material contiene:<\/p>\n<ul>\n<li>10 Llaves con acceso a diferentes espacios, como:\n<p data-start=\"1664\" data-end=\"1811\">\ud83d\udd11 Secretar\u00eda<br data-start=\"1677\" data-end=\"1680\" \/>\ud83d\udd11 Comedor<br data-start=\"1690\" data-end=\"1693\" \/>\ud83d\udd11 Biblioteca<br data-start=\"1706\" data-end=\"1709\" \/>\ud83d\udd11 Gimnasio<br data-start=\"1720\" data-end=\"1723\" \/>\ud83d\udd11 Conserjer\u00eda<br data-start=\"1737\" data-end=\"1740\" \/>\ud83d\udd11 Patio<br data-start=\"1748\" data-end=\"1751\" \/>\ud83d\udd11 Huerto<br data-start=\"1760\" data-end=\"1763\" \/>\ud83d\udd11 Ba\u00f1os<\/p>\n<\/li>\n<li>2 Llaves en blanco por si se necesita a\u00f1adir alg\u00fan espacio m\u00e1s.<\/li>\n<\/ul>\n<p>A trav\u00e9s de llaves visuales y manejables, los ni\u00f1os y ni\u00f1as identifican espacios como el comedor, la biblioteca o el patio, fomentando el <strong data-start=\"745\" data-end=\"760\">vocabulario<\/strong>, la <strong data-start=\"765\" data-end=\"789\">orientaci\u00f3n espacial<\/strong> y la <strong data-start=\"795\" data-end=\"808\">autonom\u00eda.<\/strong><\/p>\n<h3 data-start=\"1818\" data-end=\"1858\">\ud83c\udfaf \u00bfQu\u00e9 se trabaja con este recurso?<\/h3>\n<ul data-start=\"1859\" data-end=\"2058\">\n<li data-start=\"1859\" data-end=\"1895\">\n<p data-start=\"1861\" data-end=\"1895\">Conocimiento del entorno escolar<\/p>\n<\/li>\n<li data-start=\"1896\" data-end=\"1938\">\n<p data-start=\"1898\" data-end=\"1938\">Vocabulario relacionado con el colegio<\/p>\n<\/li>\n<li data-start=\"1939\" data-end=\"1968\">\n<p data-start=\"1941\" data-end=\"1968\">Rutinas y normas del aula<\/p>\n<\/li>\n<li data-start=\"1969\" data-end=\"1991\">\n<p data-start=\"1971\" data-end=\"1991\">Autonom\u00eda personal<\/p>\n<\/li>\n<li data-start=\"1992\" data-end=\"2026\">\n<p data-start=\"1994\" data-end=\"2026\">Organizaci\u00f3n y responsabilidad<\/p>\n<\/li>\n<li data-start=\"2027\" data-end=\"2058\">\n<p data-start=\"2029\" data-end=\"2058\">Lenguaje oral y comprensi\u00f3n<\/p>\n<\/li>\n<\/ul>\n<hr data-start=\"2060\" data-end=\"2063\" \/>\n<h3 data-start=\"2065\" data-end=\"2099\">\u2728 Caracter\u00edsticas del material<\/h3>\n<ul data-start=\"2100\" data-end=\"2334\">\n<li data-start=\"2100\" data-end=\"2144\">\n<p data-start=\"2102\" data-end=\"2144\">Recurso manipulativo, visual y funcional<\/p>\n<\/li>\n<li data-start=\"2145\" data-end=\"2189\">\n<p data-start=\"2147\" data-end=\"2189\">Ideal para asambleas, rincones y rutinas<\/p>\n<\/li>\n<li data-start=\"2190\" data-end=\"2222\">\n<p data-start=\"2192\" data-end=\"2222\">Facilita la gesti\u00f3n del aula<\/p>\n<\/li>\n<li data-start=\"2223\" data-end=\"2273\">\n<p data-start=\"2225\" data-end=\"2273\">Favorece la convivencia y el respeto de turnos<\/p>\n<\/li>\n<li data-start=\"2274\" data-end=\"2334\">\n<p data-start=\"2276\" data-end=\"2334\">Adaptado a Educaci\u00f3n Infantil y Primer Ciclo de Primaria<\/p>\n<\/li>\n<\/ul>\n<hr data-start=\"2336\" data-end=\"2339\" \/>\n<h3 data-start=\"2341\" data-end=\"2371\">\ud83e\udde0 Ideas de uso en el aula<\/h3>\n<ul data-start=\"2372\" data-end=\"2588\">\n<li data-start=\"2372\" data-end=\"2418\">\n<p data-start=\"2374\" data-end=\"2418\">Control de salidas al ba\u00f1o mediante llaves<\/p>\n<\/li>\n<li data-start=\"2419\" data-end=\"2463\">\n<p data-start=\"2421\" data-end=\"2463\">Presentaci\u00f3n de los espacios del colegio<\/p>\n<\/li>\n<li data-start=\"2464\" data-end=\"2503\">\n<p data-start=\"2466\" data-end=\"2503\">Juegos de conversaci\u00f3n y asociaci\u00f3n<\/p>\n<\/li>\n<li data-start=\"2504\" data-end=\"2548\">\n<p data-start=\"2506\" data-end=\"2548\">Acompa\u00f1ar procesos de adaptaci\u00f3n escolar<\/p>\n<\/li>\n<li data-start=\"2549\" data-end=\"2588\">\n<p data-start=\"2551\" data-end=\"2588\">Trabajo de normas y rutinas diarias<\/p>\n<\/li>\n<\/ul>\n<p><strong>IDIOMA<\/strong><\/p>\n<p>Castellano y catal\u00e1n.<\/p>\n","protected":false},"excerpt":{"rendered":"<p><strong data-start=\"358\" data-end=\"384\">Las llaves del colegio<\/strong> es un recurso educativo manipulativo pensado para ayudar al alumnado a <strong data-start=\"456\" data-end=\"510\">conocer los diferentes espacios del centro escolar<\/strong> y, al mismo tiempo, facilitar la <strong data-start=\"544\" data-end=\"604\">organizaci\u00f3n y gesti\u00f3n de las rutinas diarias en el aula<\/strong>.<\/p>\n<p><script async src=\"https:\/\/pagead2.googlesyndication.com\/pagead\/js\/adsbygoogle.js\"><\/script><br \/>\n<!-- Horizontal-Adaptable --><br \/>\n<ins class=\"adsbygoogle\" style=\"display: block;\" data-ad-client=\"ca-pub-1103545772104863\" data-ad-slot=\"5194289265\" data-ad-format=\"auto\" data-full-width-responsive=\"true\"><\/ins><br \/>\n<script>\n     (adsbygoogle = window.adsbygoogle || []).push({});\n<\/script><\/p>\n","protected":false},"featured_media":423365,"comment_status":"open","ping_status":"closed","template":"","meta":{"site-sidebar-layout":"default","site-content-layout":"default","ast-site-content-layout":"default","site-content-style":"default","site-sidebar-style":"default","ast-global-header-display":"","ast-banner-title-visibility":"","ast-main-header-display":"","ast-hfb-above-header-display":"","ast-hfb-below-header-display":"","ast-hfb-mobile-header-display":"","site-post-title":"","ast-breadcrumbs-content":"","ast-featured-img":"","footer-sml-layout":"","ast-disable-related-posts":"","theme-transparent-header-meta":"default","adv-header-id-meta":"","stick-header-meta":"","header-above-stick-meta":"","header-main-stick-meta":"","header-below-stick-meta":"","astra-migrate-meta-layouts":"set","ast-page-background-enabled":"default","ast-page-background-meta":{"desktop":{"background-color":"","background-image":"","background-repeat":"repeat","background-position":"center center","background-size":"auto","background-attachment":"scroll","background-type":"","background-media":"","overlay-type":"","overlay-color":"","overlay-opacity":"","overlay-gradient":""},"tablet":{"background-color":"","background-image":"","background-repeat":"repeat","background-position":"center center","background-size":"auto","background-attachment":"scroll","background-type":"","background-media":"","overlay-type":"","overlay-color":"","overlay-opacity":"","overlay-gradient":""},"mobile":{"background-color":"","background-image":"","background-repeat":"repeat","background-position":"center center","background-size":"auto","background-attachment":"scroll","background-type":"","background-media":"","overlay-type":"","overlay-color":"","overlay-opacity":"","overlay-gradient":""}},"ast-content-background-meta":{"desktop":{"background-color":"var(--ast-global-color-5)","background-image":"","background-repeat":"repeat","background-position":"center center","background-size":"auto","background-attachment":"scroll","background-type":"","background-media":"","overlay-type":"","overlay-color":"","overlay-opacity":"","overlay-gradient":""},"tablet":{"background-color":"var(--ast-global-color-5)","background-image":"","background-repeat":"repeat","background-position":"center center","background-size":"auto","background-attachment":"scroll","background-type":"","background-media":"","overlay-type":"","overlay-color":"","overlay-opacity":"","overlay-gradient":""},"mobile":{"background-color":"var(--ast-global-color-5)","background-image":"","background-repeat":"repeat","background-position":"center center","background-size":"auto","background-attachment":"scroll","background-type":"","background-media":"","overlay-type":"","overlay-color":"","overlay-opacity":"","overlay-gradient":""}}},"product_brand":[],"product_cat":[15],"product_tag":[569,571,570,700,568],"class_list":{"0":"post-281870","1":"product","2":"type-product","3":"status-publish","4":"has-post-thumbnail","6":"product_cat-educacion-infantil","7":"product_tag-bano","8":"product_tag-colegio","9":"product_tag-lavabo","10":"product_tag-llaves","11":"product_tag-normas","12":"desktop-align-left","13":"tablet-align-left","14":"mobile-align-left","16":"first","17":"instock","18":"downloadable","19":"virtual","20":"taxable","21":"purchasable","22":"product-type-simple"},"yoast_head":"<!-- This site is optimized with the Yoast SEO plugin v26.8 - https:\/\/yoast.com\/product\/yoast-seo-wordpress\/ -->\n<title>Las llaves del colegio - La Casita Educativa<\/title>\n<meta name=\"description\" content=\"Llaves llamativas ideales para llevar una mejor gesti\u00f3n de las idas y venidas al ba\u00f1o de los ni\u00f1os durante las clases. \u00bfTe parece buena idea?\" \/>\n<meta name=\"robots\" content=\"index, follow, max-snippet:-1, max-image-preview:large, max-video-preview:-1\" \/>\n<link rel=\"canonical\" href=\"https:\/\/lacasitaeducativa.shop\/index.php\/producto\/permiso-bano\/\" \/>\n<meta property=\"og:locale\" content=\"es_ES\" \/>\n<meta property=\"og:type\" content=\"article\" \/>\n<meta property=\"og:title\" content=\"Las llaves del colegio - La Casita Educativa\" \/>\n<meta property=\"og:description\" content=\"Llaves llamativas ideales para llevar una mejor gesti\u00f3n de las idas y venidas al ba\u00f1o de los ni\u00f1os durante las clases. \u00bfTe parece buena idea?\" \/>\n<meta property=\"og:url\" content=\"https:\/\/lacasitaeducativa.shop\/index.php\/producto\/permiso-bano\/\" \/>\n<meta property=\"og:site_name\" content=\"La Casita Educativa\" \/>\n<meta property=\"article:modified_time\" content=\"2026-02-02T11:35:46+00:00\" \/>\n<meta property=\"og:image\" content=\"https:\/\/lacasitaeducativa.shop\/wp-content\/uploads\/2023\/09\/Llaves.jpg\" \/>\n\t<meta property=\"og:image:width\" content=\"1080\" \/>\n\t<meta property=\"og:image:height\" content=\"1080\" \/>\n\t<meta property=\"og:image:type\" content=\"image\/jpeg\" \/>\n<meta name=\"twitter:card\" content=\"summary_large_image\" \/>\n<meta name=\"twitter:label1\" content=\"Tiempo de lectura\" \/>\n\t<meta name=\"twitter:data1\" content=\"2 minutos\" \/>\n<script type=\"application\/ld+json\" class=\"yoast-schema-graph\">{\"@context\":\"https:\/\/schema.org\",\"@graph\":[{\"@type\":\"WebPage\",\"@id\":\"https:\/\/lacasitaeducativa.shop\/index.php\/producto\/permiso-bano\/\",\"url\":\"https:\/\/lacasitaeducativa.shop\/index.php\/producto\/permiso-bano\/\",\"name\":\"Las llaves del colegio - La Casita Educativa\",\"isPartOf\":{\"@id\":\"https:\/\/lacasitaeducativa.shop\/#website\"},\"primaryImageOfPage\":{\"@id\":\"https:\/\/lacasitaeducativa.shop\/index.php\/producto\/permiso-bano\/#primaryimage\"},\"image\":{\"@id\":\"https:\/\/lacasitaeducativa.shop\/index.php\/producto\/permiso-bano\/#primaryimage\"},\"thumbnailUrl\":\"https:\/\/lacasitaeducativa.shop\/wp-content\/uploads\/2023\/09\/Llaves.jpg\",\"datePublished\":\"2023-09-12T17:29:56+00:00\",\"dateModified\":\"2026-02-02T11:35:46+00:00\",\"description\":\"Llaves llamativas ideales para llevar una mejor gesti\u00f3n de las idas y venidas al ba\u00f1o de los ni\u00f1os durante las clases. \u00bfTe parece buena idea?\",\"breadcrumb\":{\"@id\":\"https:\/\/lacasitaeducativa.shop\/index.php\/producto\/permiso-bano\/#breadcrumb\"},\"inLanguage\":\"es\",\"potentialAction\":[{\"@type\":\"ReadAction\",\"target\":[\"https:\/\/lacasitaeducativa.shop\/index.php\/producto\/permiso-bano\/\"]}]},{\"@type\":\"ImageObject\",\"inLanguage\":\"es\",\"@id\":\"https:\/\/lacasitaeducativa.shop\/index.php\/producto\/permiso-bano\/#primaryimage\",\"url\":\"https:\/\/lacasitaeducativa.shop\/wp-content\/uploads\/2023\/09\/Llaves.jpg\",\"contentUrl\":\"https:\/\/lacasitaeducativa.shop\/wp-content\/uploads\/2023\/09\/Llaves.jpg\",\"width\":1080,\"height\":1080,\"caption\":\"Llaves ir al ba\u00f1o\"},{\"@type\":\"BreadcrumbList\",\"@id\":\"https:\/\/lacasitaeducativa.shop\/index.php\/producto\/permiso-bano\/#breadcrumb\",\"itemListElement\":[{\"@type\":\"ListItem\",\"position\":1,\"name\":\"Portada\",\"item\":\"https:\/\/lacasitaeducativa.shop\/\"},{\"@type\":\"ListItem\",\"position\":2,\"name\":\"Recursos\",\"item\":\"https:\/\/lacasitaeducativa.shop\/index.php\/tienda\/\"},{\"@type\":\"ListItem\",\"position\":3,\"name\":\"Las llaves del colegio\"}]},{\"@type\":\"WebSite\",\"@id\":\"https:\/\/lacasitaeducativa.shop\/#website\",\"url\":\"https:\/\/lacasitaeducativa.shop\/\",\"name\":\"La Casita Educativa\",\"description\":\"En esta casita encontrar\u00e9is todo tipo de recursos educativos infantiles, desde manualidades hasta actividades, juegos, cuentos, idiomas, adivinanzas y otros.\",\"publisher\":{\"@id\":\"https:\/\/lacasitaeducativa.shop\/#organization\"},\"potentialAction\":[{\"@type\":\"SearchAction\",\"target\":{\"@type\":\"EntryPoint\",\"urlTemplate\":\"https:\/\/lacasitaeducativa.shop\/?s={search_term_string}\"},\"query-input\":{\"@type\":\"PropertyValueSpecification\",\"valueRequired\":true,\"valueName\":\"search_term_string\"}}],\"inLanguage\":\"es\"},{\"@type\":\"Organization\",\"@id\":\"https:\/\/lacasitaeducativa.shop\/#organization\",\"name\":\"La Casita Educativa - LACASITAEDUCATIVA.SHOP\",\"url\":\"https:\/\/lacasitaeducativa.shop\/\",\"logo\":{\"@type\":\"ImageObject\",\"inLanguage\":\"es\",\"@id\":\"https:\/\/lacasitaeducativa.shop\/#\/schema\/logo\/image\/\",\"url\":\"https:\/\/lacasitaeducativa.shop\/wp-content\/uploads\/2020\/08\/Logos-la-casita-educativa-2-1.png\",\"contentUrl\":\"https:\/\/lacasitaeducativa.shop\/wp-content\/uploads\/2020\/08\/Logos-la-casita-educativa-2-1.png\",\"width\":500,\"height\":500,\"caption\":\"La Casita Educativa - LACASITAEDUCATIVA.SHOP\"},\"image\":{\"@id\":\"https:\/\/lacasitaeducativa.shop\/#\/schema\/logo\/image\/\"}}]}<\/script>\n<!-- \/ Yoast SEO plugin. -->","yoast_head_json":{"title":"Las llaves del colegio - La Casita Educativa","description":"Llaves llamativas ideales para llevar una mejor gesti\u00f3n de las idas y venidas al ba\u00f1o de los ni\u00f1os durante las clases. \u00bfTe parece buena idea?","robots":{"index":"index","follow":"follow","max-snippet":"max-snippet:-1","max-image-preview":"max-image-preview:large","max-video-preview":"max-video-preview:-1"},"canonical":"https:\/\/lacasitaeducativa.shop\/index.php\/producto\/permiso-bano\/","og_locale":"es_ES","og_type":"article","og_title":"Las llaves del colegio - La Casita Educativa","og_description":"Llaves llamativas ideales para llevar una mejor gesti\u00f3n de las idas y venidas al ba\u00f1o de los ni\u00f1os durante las clases. \u00bfTe parece buena idea?","og_url":"https:\/\/lacasitaeducativa.shop\/index.php\/producto\/permiso-bano\/","og_site_name":"La Casita Educativa","article_modified_time":"2026-02-02T11:35:46+00:00","og_image":[{"width":1080,"height":1080,"url":"https:\/\/lacasitaeducativa.shop\/wp-content\/uploads\/2023\/09\/Llaves.jpg","type":"image\/jpeg"}],"twitter_card":"summary_large_image","twitter_misc":{"Tiempo de lectura":"2 minutos"},"schema":{"@context":"https:\/\/schema.org","@graph":[{"@type":"WebPage","@id":"https:\/\/lacasitaeducativa.shop\/index.php\/producto\/permiso-bano\/","url":"https:\/\/lacasitaeducativa.shop\/index.php\/producto\/permiso-bano\/","name":"Las llaves del colegio - La Casita Educativa","isPartOf":{"@id":"https:\/\/lacasitaeducativa.shop\/#website"},"primaryImageOfPage":{"@id":"https:\/\/lacasitaeducativa.shop\/index.php\/producto\/permiso-bano\/#primaryimage"},"image":{"@id":"https:\/\/lacasitaeducativa.shop\/index.php\/producto\/permiso-bano\/#primaryimage"},"thumbnailUrl":"https:\/\/lacasitaeducativa.shop\/wp-content\/uploads\/2023\/09\/Llaves.jpg","datePublished":"2023-09-12T17:29:56+00:00","dateModified":"2026-02-02T11:35:46+00:00","description":"Llaves llamativas ideales para llevar una mejor gesti\u00f3n de las idas y venidas al ba\u00f1o de los ni\u00f1os durante las clases. \u00bfTe parece buena idea?","breadcrumb":{"@id":"https:\/\/lacasitaeducativa.shop\/index.php\/producto\/permiso-bano\/#breadcrumb"},"inLanguage":"es","potentialAction":[{"@type":"ReadAction","target":["https:\/\/lacasitaeducativa.shop\/index.php\/producto\/permiso-bano\/"]}]},{"@type":"ImageObject","inLanguage":"es","@id":"https:\/\/lacasitaeducativa.shop\/index.php\/producto\/permiso-bano\/#primaryimage","url":"https:\/\/lacasitaeducativa.shop\/wp-content\/uploads\/2023\/09\/Llaves.jpg","contentUrl":"https:\/\/lacasitaeducativa.shop\/wp-content\/uploads\/2023\/09\/Llaves.jpg","width":1080,"height":1080,"caption":"Llaves ir al ba\u00f1o"},{"@type":"BreadcrumbList","@id":"https:\/\/lacasitaeducativa.shop\/index.php\/producto\/permiso-bano\/#breadcrumb","itemListElement":[{"@type":"ListItem","position":1,"name":"Portada","item":"https:\/\/lacasitaeducativa.shop\/"},{"@type":"ListItem","position":2,"name":"Recursos","item":"https:\/\/lacasitaeducativa.shop\/index.php\/tienda\/"},{"@type":"ListItem","position":3,"name":"Las llaves del colegio"}]},{"@type":"WebSite","@id":"https:\/\/lacasitaeducativa.shop\/#website","url":"https:\/\/lacasitaeducativa.shop\/","name":"La Casita Educativa","description":"En esta casita encontrar\u00e9is todo tipo de recursos educativos infantiles, desde manualidades hasta actividades, juegos, cuentos, idiomas, adivinanzas y otros.","publisher":{"@id":"https:\/\/lacasitaeducativa.shop\/#organization"},"potentialAction":[{"@type":"SearchAction","target":{"@type":"EntryPoint","urlTemplate":"https:\/\/lacasitaeducativa.shop\/?s={search_term_string}"},"query-input":{"@type":"PropertyValueSpecification","valueRequired":true,"valueName":"search_term_string"}}],"inLanguage":"es"},{"@type":"Organization","@id":"https:\/\/lacasitaeducativa.shop\/#organization","name":"La Casita Educativa - LACASITAEDUCATIVA.SHOP","url":"https:\/\/lacasitaeducativa.shop\/","logo":{"@type":"ImageObject","inLanguage":"es","@id":"https:\/\/lacasitaeducativa.shop\/#\/schema\/logo\/image\/","url":"https:\/\/lacasitaeducativa.shop\/wp-content\/uploads\/2020\/08\/Logos-la-casita-educativa-2-1.png","contentUrl":"https:\/\/lacasitaeducativa.shop\/wp-content\/uploads\/2020\/08\/Logos-la-casita-educativa-2-1.png","width":500,"height":500,"caption":"La Casita Educativa - LACASITAEDUCATIVA.SHOP"},"image":{"@id":"https:\/\/lacasitaeducativa.shop\/#\/schema\/logo\/image\/"}}]}},"_links":{"self":[{"href":"https:\/\/lacasitaeducativa.shop\/index.php\/wp-json\/wp\/v2\/product\/281870","targetHints":{"allow":["GET"]}}],"collection":[{"href":"https:\/\/lacasitaeducativa.shop\/index.php\/wp-json\/wp\/v2\/product"}],"about":[{"href":"https:\/\/lacasitaeducativa.shop\/index.php\/wp-json\/wp\/v2\/types\/product"}],"replies":[{"embeddable":true,"href":"https:\/\/lacasitaeducativa.shop\/index.php\/wp-json\/wp\/v2\/comments?post=281870"}],"wp:featuredmedia":[{"embeddable":true,"href":"https:\/\/lacasitaeducativa.shop\/index.php\/wp-json\/wp\/v2\/media\/423365"}],"wp:attachment":[{"href":"https:\/\/lacasitaeducativa.shop\/index.php\/wp-json\/wp\/v2\/media?parent=281870"}],"wp:term":[{"taxonomy":"product_brand","embeddable":true,"href":"https:\/\/lacasitaeducativa.shop\/index.php\/wp-json\/wp\/v2\/product_brand?post=281870"},{"taxonomy":"product_cat","embeddable":true,"href":"https:\/\/lacasitaeducativa.shop\/index.php\/wp-json\/wp\/v2\/product_cat?post=281870"},{"taxonomy":"product_tag","embeddable":true,"href":"https:\/\/lacasitaeducativa.shop\/index.php\/wp-json\/wp\/v2\/product_tag?post=281870"}],"curies":[{"name":"wp","href":"https:\/\/api.w.org\/{rel}","templated":true}]}}