{"id":312,"date":"2020-08-29T10:02:05","date_gmt":"2020-08-29T10:02:05","guid":{"rendered":"http:\/\/45.131.80.30\/~condenom\/lacasitaeducativa\/?post_type=product&#038;p=312"},"modified":"2026-02-01T12:46:49","modified_gmt":"2026-02-01T12:46:49","slug":"letras-espaciales","status":"publish","type":"product","link":"https:\/\/lacasitaeducativa.shop\/index.php\/producto\/letras-espaciales\/","title":{"rendered":"Naves did\u00e1cticas"},"content":{"rendered":"<p style=\"text-align: left; padding-left: 40px;\"><strong>CONTENIDO<\/strong><\/p>\n<p>El material contiene:<\/p>\n<ul>\n<li>26 Naves espaciales con letras may\u00fasculas y min\u00fasculas.<\/li>\n<li>2 Plantillas de C\u00f3digo secreto<\/li>\n<li>24 Estrellas con ilustraciones para descifrar.<\/li>\n<\/ul>\n<p data-start=\"755\" data-end=\"979\">Este material ayuda a los ni\u00f1os a identificar y diferenciar <strong data-start=\"883\" data-end=\"917\">letras may\u00fasculas y min\u00fasculas<\/strong>, reforzando el vocabulario, la atenci\u00f3n y la motricidad fina.<\/p>\n<p>Las plantillas de las naves espaciales y los ovnis contienen X letra may\u00fascula y varias opciones de letras en min\u00fascula, los ni\u00f1os tienen que asociar la letra may\u00fascula con su min\u00fascula correspondiente.<\/p>\n<p>Y despu\u00e9s tendr\u00e1n que averiguar cuales son las palabras secretas que se esconden en las diferentes estrellas, revisando bien las plantillas de c\u00f3digo secreto.<\/p>\n<h3 data-start=\"986\" data-end=\"1025\">\u2728 \u00bfQu\u00e9 se trabaja con este recurso?<\/h3>\n<ul data-start=\"1026\" data-end=\"1219\">\n<li data-start=\"1026\" data-end=\"1069\">\n<p data-start=\"1028\" data-end=\"1069\">Reconocimiento de letras del abecedario<\/p>\n<\/li>\n<li data-start=\"1070\" data-end=\"1104\">\n<p data-start=\"1072\" data-end=\"1104\">Letras may\u00fasculas y min\u00fasculas<\/p>\n<\/li>\n<li data-start=\"1105\" data-end=\"1139\">\n<p data-start=\"1107\" data-end=\"1139\">Iniciaci\u00f3n a la lectoescritura<\/p>\n<\/li>\n<li data-start=\"1140\" data-end=\"1176\">\n<p data-start=\"1142\" data-end=\"1176\">Atenci\u00f3n visual y discriminaci\u00f3n<\/p>\n<\/li>\n<li data-start=\"1177\" data-end=\"1196\">\n<p data-start=\"1179\" data-end=\"1196\">Motricidad fina<\/p>\n<\/li>\n<li data-start=\"1197\" data-end=\"1219\">\n<p data-start=\"1199\" data-end=\"1219\">Vocabulario b\u00e1sico<\/p>\n<\/li>\n<\/ul>\n<h3 data-start=\"1226\" data-end=\"1261\">\ud83d\udef8 Caracter\u00edsticas del material<\/h3>\n<ul data-start=\"1262\" data-end=\"1476\">\n<li data-start=\"1262\" data-end=\"1295\">\n<p data-start=\"1264\" data-end=\"1295\">Recurso <strong data-start=\"1272\" data-end=\"1293\">imprimible en PDF<\/strong><\/p>\n<\/li>\n<li data-start=\"1296\" data-end=\"1331\">\n<p data-start=\"1298\" data-end=\"1331\">Letras en may\u00fascula y min\u00fascula<\/p>\n<\/li>\n<li data-start=\"1332\" data-end=\"1373\">\n<p data-start=\"1334\" data-end=\"1373\">Dise\u00f1o infantil con tem\u00e1tica espacial<\/p>\n<\/li>\n<li data-start=\"1374\" data-end=\"1441\">\n<p data-start=\"1376\" data-end=\"1441\">Ideal para juegos manipulativos, rincones y actividades de aula<\/p>\n<\/li>\n<li data-start=\"1442\" data-end=\"1476\">\n<p data-start=\"1444\" data-end=\"1476\">F\u00e1cil de preparar y reutilizar<\/p>\n<\/li>\n<\/ul>\n<h3 data-start=\"1483\" data-end=\"1509\">\ud83d\udc67\ud83d\udc66 Recomendado para:<\/h3>\n<ul data-start=\"1510\" data-end=\"1690\">\n<li data-start=\"1510\" data-end=\"1532\">\n<p data-start=\"1512\" data-end=\"1532\">Educaci\u00f3n Infantil<\/p>\n<\/li>\n<li data-start=\"1533\" data-end=\"1571\">\n<p data-start=\"1535\" data-end=\"1571\">Primer ciclo de Educaci\u00f3n Primaria<\/p>\n<\/li>\n<li data-start=\"1572\" data-end=\"1620\">\n<p data-start=\"1574\" data-end=\"1620\">Docentes que trabajan lectoescritura inicial<\/p>\n<\/li>\n<li data-start=\"1621\" data-end=\"1690\">\n<p data-start=\"1623\" data-end=\"1690\">Familias que desean reforzar el aprendizaje de las letras en casa<\/p>\n<\/li>\n<li data-start=\"1621\" data-end=\"1690\">\n<p data-start=\"1623\" data-end=\"1690\"><span style=\"font-size: 1.5em; font-weight: bold;\">\ud83c\udf1f Beneficios del recurso<\/span><\/p>\n<\/li>\n<\/ul>\n<p data-start=\"2005\" data-end=\"2259\">\u2714\ufe0f Motiva al alumnado gracias a su tem\u00e1tica espacial.<br data-start=\"2057\" data-end=\"2060\" \/>\u2714\ufe0f Facilita el aprendizaje de las letras desde el juego.<br data-start=\"2115\" data-end=\"2118\" \/>\u2714\ufe0f Refuerza la discriminaci\u00f3n visual y la atenci\u00f3n.<br data-start=\"2168\" data-end=\"2171\" \/>\u2714\ufe0f Ideal para trabajar may\u00fasculas y min\u00fasculas.<br data-start=\"2217\" data-end=\"2220\" \/>\u2714\ufe0f Recurso imprimible listo para usar.<\/p>\n<p><strong>IDIOMA<\/strong><\/p>\n<p>Castellano y catal\u00e1n<\/p>\n<p><strong>EDAD RECOMENDADA<\/strong><\/p>\n<p>Este material est\u00e1 pensado para ni\u00f1os a partir de 5 a\u00f1os.<\/p>\n<p>*Si quieres ver otros materiales relacionados con letras, revisa\u00a0<a href=\"https:\/\/lacasitaeducativa.shop\/?s=letras&amp;post_type=product\" target=\"_blank\" rel=\"noopener\">AQU\u00cd<\/a><\/p>\n<p>&nbsp;<\/p>\n<h2>Quiz\u00e1s te pueda interesar:<\/h2>\n<table>\n<tbody>\n<tr>\n<td><iframe style=\"width: 120px; height: 240px;\" src=\"\/\/rcm-eu.amazon-adsystem.com\/e\/cm?lt1=_blank&amp;bc1=000000&amp;IS2=1&amp;bg1=FFFFFF&amp;fc1=000000&amp;lc1=0000FF&amp;t=lacasitaeduca-21&amp;language=es_ES&amp;o=30&amp;p=8&amp;l=as4&amp;m=amazon&amp;f=ifr&amp;ref=as_ss_li_til&amp;asins=B0068A96N8&amp;linkId=03dbe833709f39bdd6cb6e9a43a9e208\" frameborder=\"0\" marginwidth=\"0\" marginheight=\"0\" scrolling=\"no\"><\/iframe><\/td>\n<td><iframe style=\"width: 120px; height: 240px;\" src=\"\/\/rcm-eu.amazon-adsystem.com\/e\/cm?lt1=_blank&amp;bc1=000000&amp;IS2=1&amp;bg1=FFFFFF&amp;fc1=000000&amp;lc1=0000FF&amp;t=lacasitaeduca-21&amp;language=es_ES&amp;o=30&amp;p=8&amp;l=as4&amp;m=amazon&amp;f=ifr&amp;ref=as_ss_li_til&amp;asins=B0068A975U&amp;linkId=a983748b1367de95656a9f917ac9c0f1\" frameborder=\"0\" marginwidth=\"0\" marginheight=\"0\" scrolling=\"no\"><\/iframe><\/td>\n<td><iframe style=\"width: 120px; height: 240px;\" src=\"\/\/rcm-eu.amazon-adsystem.com\/e\/cm?lt1=_blank&amp;bc1=000000&amp;IS2=1&amp;bg1=FFFFFF&amp;fc1=000000&amp;lc1=0000FF&amp;t=lacasitaeduca-21&amp;language=es_ES&amp;o=30&amp;p=8&amp;l=as4&amp;m=amazon&amp;f=ifr&amp;ref=as_ss_li_til&amp;asins=B0851SC26M&amp;linkId=f9cf39d132229f1494a6a5583d3079c5\" frameborder=\"0\" marginwidth=\"0\" marginheight=\"0\" scrolling=\"no\"><\/iframe><\/td>\n<\/tr>\n<\/tbody>\n<\/table>\n","protected":false},"excerpt":{"rendered":"<p><strong data-start=\"394\" data-end=\"415\">Letras Espaciales<\/strong> es un <strong data-start=\"422\" data-end=\"454\">recurso educativo imprimible<\/strong> dise\u00f1ado para trabajar el reconocimiento y aprendizaje de las <strong data-start=\"517\" data-end=\"542\">letras del abecedario<\/strong> de forma divertida, visual y motivadora. A trav\u00e9s de una tem\u00e1tica espacial con <strong data-start=\"622\" data-end=\"662\">naves, ovnis y elementos del espacio<\/strong>, los ni\u00f1os y ni\u00f1as se acercan a la lectoescritura inicial desde el juego y la exploraci\u00f3n.<\/p>\n<p><script async src=\"https:\/\/pagead2.googlesyndication.com\/pagead\/js\/adsbygoogle.js\"><\/script><br \/>\n<!-- Horizontal-Adaptable --><br \/>\n<ins class=\"adsbygoogle\" style=\"display: block;\" data-ad-client=\"ca-pub-1103545772104863\" data-ad-slot=\"5194289265\" data-ad-format=\"auto\" data-full-width-responsive=\"true\"><\/ins><br \/>\n<script>\n     (adsbygoogle = window.adsbygoogle || []).push({});\n<\/script><\/p>\n","protected":false},"featured_media":499119,"comment_status":"open","ping_status":"closed","template":"","meta":{"site-sidebar-layout":"default","site-content-layout":"default","ast-site-content-layout":"default","site-content-style":"default","site-sidebar-style":"default","ast-global-header-display":"","ast-banner-title-visibility":"","ast-main-header-display":"","ast-hfb-above-header-display":"","ast-hfb-below-header-display":"","ast-hfb-mobile-header-display":"","site-post-title":"","ast-breadcrumbs-content":"","ast-featured-img":"","footer-sml-layout":"","ast-disable-related-posts":"","theme-transparent-header-meta":"default","adv-header-id-meta":"","stick-header-meta":"","header-above-stick-meta":"","header-main-stick-meta":"","header-below-stick-meta":"","astra-migrate-meta-layouts":"set","ast-page-background-enabled":"default","ast-page-background-meta":{"desktop":{"background-color":"","background-image":"","background-repeat":"repeat","background-position":"center center","background-size":"auto","background-attachment":"scroll","background-type":"","background-media":"","overlay-type":"","overlay-color":"","overlay-opacity":"","overlay-gradient":""},"tablet":{"background-color":"","background-image":"","background-repeat":"repeat","background-position":"center center","background-size":"auto","background-attachment":"scroll","background-type":"","background-media":"","overlay-type":"","overlay-color":"","overlay-opacity":"","overlay-gradient":""},"mobile":{"background-color":"","background-image":"","background-repeat":"repeat","background-position":"center center","background-size":"auto","background-attachment":"scroll","background-type":"","background-media":"","overlay-type":"","overlay-color":"","overlay-opacity":"","overlay-gradient":""}},"ast-content-background-meta":{"desktop":{"background-color":"var(--ast-global-color-5)","background-image":"","background-repeat":"repeat","background-position":"center center","background-size":"auto","background-attachment":"scroll","background-type":"","background-media":"","overlay-type":"","overlay-color":"","overlay-opacity":"","overlay-gradient":""},"tablet":{"background-color":"var(--ast-global-color-5)","background-image":"","background-repeat":"repeat","background-position":"center center","background-size":"auto","background-attachment":"scroll","background-type":"","background-media":"","overlay-type":"","overlay-color":"","overlay-opacity":"","overlay-gradient":""},"mobile":{"background-color":"var(--ast-global-color-5)","background-image":"","background-repeat":"repeat","background-position":"center center","background-size":"auto","background-attachment":"scroll","background-type":"","background-media":"","overlay-type":"","overlay-color":"","overlay-opacity":"","overlay-gradient":""}}},"product_brand":[],"product_cat":[77],"product_tag":[233,135,167,235,234],"class_list":{"0":"post-312","1":"product","2":"type-product","3":"status-publish","4":"has-post-thumbnail","6":"product_cat-lectoescritura","7":"product_tag-espacio","8":"product_tag-lectoescritura","9":"product_tag-letras","10":"product_tag-mayusculas","11":"product_tag-minusculas","12":"desktop-align-left","13":"tablet-align-left","14":"mobile-align-left","16":"first","17":"instock","18":"downloadable","19":"virtual","20":"taxable","21":"purchasable","22":"product-type-simple"},"yoast_head":"<!-- This site is optimized with the Yoast SEO plugin v26.8 - https:\/\/yoast.com\/product\/yoast-seo-wordpress\/ -->\n<title>Letras Espaciales<\/title>\n<meta name=\"description\" content=\"Es un recurso educativo dise\u00f1ado para trabajar el reconocimiento y aprendizaje de las letras del abecedario de forma divertida, visual y motivadora.\" \/>\n<meta name=\"robots\" content=\"index, follow, max-snippet:-1, max-image-preview:large, max-video-preview:-1\" \/>\n<link rel=\"canonical\" href=\"https:\/\/lacasitaeducativa.shop\/index.php\/producto\/letras-espaciales\/\" \/>\n<meta property=\"og:locale\" content=\"es_ES\" \/>\n<meta property=\"og:type\" content=\"article\" \/>\n<meta property=\"og:title\" content=\"Letras Espaciales\" \/>\n<meta property=\"og:description\" content=\"Es un recurso educativo dise\u00f1ado para trabajar el reconocimiento y aprendizaje de las letras del abecedario de forma divertida, visual y motivadora.\" \/>\n<meta property=\"og:url\" content=\"https:\/\/lacasitaeducativa.shop\/index.php\/producto\/letras-espaciales\/\" \/>\n<meta property=\"og:site_name\" content=\"La Casita Educativa\" \/>\n<meta property=\"article:modified_time\" content=\"2026-02-01T12:46:49+00:00\" \/>\n<meta property=\"og:image\" content=\"https:\/\/lacasitaeducativa.shop\/wp-content\/uploads\/2020\/08\/Naves-didacticas.jpg\" \/>\n\t<meta property=\"og:image:width\" content=\"1080\" \/>\n\t<meta property=\"og:image:height\" content=\"1080\" \/>\n\t<meta property=\"og:image:type\" content=\"image\/jpeg\" \/>\n<meta name=\"twitter:card\" content=\"summary_large_image\" \/>\n<meta name=\"twitter:label1\" content=\"Tiempo de lectura\" \/>\n\t<meta name=\"twitter:data1\" content=\"2 minutos\" \/>\n<script type=\"application\/ld+json\" class=\"yoast-schema-graph\">{\"@context\":\"https:\/\/schema.org\",\"@graph\":[{\"@type\":\"WebPage\",\"@id\":\"https:\/\/lacasitaeducativa.shop\/index.php\/producto\/letras-espaciales\/\",\"url\":\"https:\/\/lacasitaeducativa.shop\/index.php\/producto\/letras-espaciales\/\",\"name\":\"Letras Espaciales\",\"isPartOf\":{\"@id\":\"https:\/\/lacasitaeducativa.shop\/#website\"},\"primaryImageOfPage\":{\"@id\":\"https:\/\/lacasitaeducativa.shop\/index.php\/producto\/letras-espaciales\/#primaryimage\"},\"image\":{\"@id\":\"https:\/\/lacasitaeducativa.shop\/index.php\/producto\/letras-espaciales\/#primaryimage\"},\"thumbnailUrl\":\"https:\/\/lacasitaeducativa.shop\/wp-content\/uploads\/2020\/08\/Naves-didacticas.jpg\",\"datePublished\":\"2020-08-29T10:02:05+00:00\",\"dateModified\":\"2026-02-01T12:46:49+00:00\",\"description\":\"Es un recurso educativo dise\u00f1ado para trabajar el reconocimiento y aprendizaje de las letras del abecedario de forma divertida, visual y motivadora.\",\"breadcrumb\":{\"@id\":\"https:\/\/lacasitaeducativa.shop\/index.php\/producto\/letras-espaciales\/#breadcrumb\"},\"inLanguage\":\"es\",\"potentialAction\":[{\"@type\":\"ReadAction\",\"target\":[\"https:\/\/lacasitaeducativa.shop\/index.php\/producto\/letras-espaciales\/\"]}]},{\"@type\":\"ImageObject\",\"inLanguage\":\"es\",\"@id\":\"https:\/\/lacasitaeducativa.shop\/index.php\/producto\/letras-espaciales\/#primaryimage\",\"url\":\"https:\/\/lacasitaeducativa.shop\/wp-content\/uploads\/2020\/08\/Naves-didacticas.jpg\",\"contentUrl\":\"https:\/\/lacasitaeducativa.shop\/wp-content\/uploads\/2020\/08\/Naves-didacticas.jpg\",\"width\":1080,\"height\":1080,\"caption\":\"Naves did\u00e1cticas\"},{\"@type\":\"BreadcrumbList\",\"@id\":\"https:\/\/lacasitaeducativa.shop\/index.php\/producto\/letras-espaciales\/#breadcrumb\",\"itemListElement\":[{\"@type\":\"ListItem\",\"position\":1,\"name\":\"Portada\",\"item\":\"https:\/\/lacasitaeducativa.shop\/\"},{\"@type\":\"ListItem\",\"position\":2,\"name\":\"Recursos\",\"item\":\"https:\/\/lacasitaeducativa.shop\/index.php\/tienda\/\"},{\"@type\":\"ListItem\",\"position\":3,\"name\":\"Naves did\u00e1cticas\"}]},{\"@type\":\"WebSite\",\"@id\":\"https:\/\/lacasitaeducativa.shop\/#website\",\"url\":\"https:\/\/lacasitaeducativa.shop\/\",\"name\":\"La Casita Educativa\",\"description\":\"En esta casita encontrar\u00e9is todo tipo de recursos educativos infantiles, desde manualidades hasta actividades, juegos, cuentos, idiomas, adivinanzas y otros.\",\"publisher\":{\"@id\":\"https:\/\/lacasitaeducativa.shop\/#organization\"},\"potentialAction\":[{\"@type\":\"SearchAction\",\"target\":{\"@type\":\"EntryPoint\",\"urlTemplate\":\"https:\/\/lacasitaeducativa.shop\/?s={search_term_string}\"},\"query-input\":{\"@type\":\"PropertyValueSpecification\",\"valueRequired\":true,\"valueName\":\"search_term_string\"}}],\"inLanguage\":\"es\"},{\"@type\":\"Organization\",\"@id\":\"https:\/\/lacasitaeducativa.shop\/#organization\",\"name\":\"La Casita Educativa - LACASITAEDUCATIVA.SHOP\",\"url\":\"https:\/\/lacasitaeducativa.shop\/\",\"logo\":{\"@type\":\"ImageObject\",\"inLanguage\":\"es\",\"@id\":\"https:\/\/lacasitaeducativa.shop\/#\/schema\/logo\/image\/\",\"url\":\"https:\/\/lacasitaeducativa.shop\/wp-content\/uploads\/2020\/08\/Logos-la-casita-educativa-2-1.png\",\"contentUrl\":\"https:\/\/lacasitaeducativa.shop\/wp-content\/uploads\/2020\/08\/Logos-la-casita-educativa-2-1.png\",\"width\":500,\"height\":500,\"caption\":\"La Casita Educativa - LACASITAEDUCATIVA.SHOP\"},\"image\":{\"@id\":\"https:\/\/lacasitaeducativa.shop\/#\/schema\/logo\/image\/\"}}]}<\/script>\n<!-- \/ Yoast SEO plugin. -->","yoast_head_json":{"title":"Letras Espaciales","description":"Es un recurso educativo dise\u00f1ado para trabajar el reconocimiento y aprendizaje de las letras del abecedario de forma divertida, visual y motivadora.","robots":{"index":"index","follow":"follow","max-snippet":"max-snippet:-1","max-image-preview":"max-image-preview:large","max-video-preview":"max-video-preview:-1"},"canonical":"https:\/\/lacasitaeducativa.shop\/index.php\/producto\/letras-espaciales\/","og_locale":"es_ES","og_type":"article","og_title":"Letras Espaciales","og_description":"Es un recurso educativo dise\u00f1ado para trabajar el reconocimiento y aprendizaje de las letras del abecedario de forma divertida, visual y motivadora.","og_url":"https:\/\/lacasitaeducativa.shop\/index.php\/producto\/letras-espaciales\/","og_site_name":"La Casita Educativa","article_modified_time":"2026-02-01T12:46:49+00:00","og_image":[{"width":1080,"height":1080,"url":"https:\/\/lacasitaeducativa.shop\/wp-content\/uploads\/2020\/08\/Naves-didacticas.jpg","type":"image\/jpeg"}],"twitter_card":"summary_large_image","twitter_misc":{"Tiempo de lectura":"2 minutos"},"schema":{"@context":"https:\/\/schema.org","@graph":[{"@type":"WebPage","@id":"https:\/\/lacasitaeducativa.shop\/index.php\/producto\/letras-espaciales\/","url":"https:\/\/lacasitaeducativa.shop\/index.php\/producto\/letras-espaciales\/","name":"Letras Espaciales","isPartOf":{"@id":"https:\/\/lacasitaeducativa.shop\/#website"},"primaryImageOfPage":{"@id":"https:\/\/lacasitaeducativa.shop\/index.php\/producto\/letras-espaciales\/#primaryimage"},"image":{"@id":"https:\/\/lacasitaeducativa.shop\/index.php\/producto\/letras-espaciales\/#primaryimage"},"thumbnailUrl":"https:\/\/lacasitaeducativa.shop\/wp-content\/uploads\/2020\/08\/Naves-didacticas.jpg","datePublished":"2020-08-29T10:02:05+00:00","dateModified":"2026-02-01T12:46:49+00:00","description":"Es un recurso educativo dise\u00f1ado para trabajar el reconocimiento y aprendizaje de las letras del abecedario de forma divertida, visual y motivadora.","breadcrumb":{"@id":"https:\/\/lacasitaeducativa.shop\/index.php\/producto\/letras-espaciales\/#breadcrumb"},"inLanguage":"es","potentialAction":[{"@type":"ReadAction","target":["https:\/\/lacasitaeducativa.shop\/index.php\/producto\/letras-espaciales\/"]}]},{"@type":"ImageObject","inLanguage":"es","@id":"https:\/\/lacasitaeducativa.shop\/index.php\/producto\/letras-espaciales\/#primaryimage","url":"https:\/\/lacasitaeducativa.shop\/wp-content\/uploads\/2020\/08\/Naves-didacticas.jpg","contentUrl":"https:\/\/lacasitaeducativa.shop\/wp-content\/uploads\/2020\/08\/Naves-didacticas.jpg","width":1080,"height":1080,"caption":"Naves did\u00e1cticas"},{"@type":"BreadcrumbList","@id":"https:\/\/lacasitaeducativa.shop\/index.php\/producto\/letras-espaciales\/#breadcrumb","itemListElement":[{"@type":"ListItem","position":1,"name":"Portada","item":"https:\/\/lacasitaeducativa.shop\/"},{"@type":"ListItem","position":2,"name":"Recursos","item":"https:\/\/lacasitaeducativa.shop\/index.php\/tienda\/"},{"@type":"ListItem","position":3,"name":"Naves did\u00e1cticas"}]},{"@type":"WebSite","@id":"https:\/\/lacasitaeducativa.shop\/#website","url":"https:\/\/lacasitaeducativa.shop\/","name":"La Casita Educativa","description":"En esta casita encontrar\u00e9is todo tipo de recursos educativos infantiles, desde manualidades hasta actividades, juegos, cuentos, idiomas, adivinanzas y otros.","publisher":{"@id":"https:\/\/lacasitaeducativa.shop\/#organization"},"potentialAction":[{"@type":"SearchAction","target":{"@type":"EntryPoint","urlTemplate":"https:\/\/lacasitaeducativa.shop\/?s={search_term_string}"},"query-input":{"@type":"PropertyValueSpecification","valueRequired":true,"valueName":"search_term_string"}}],"inLanguage":"es"},{"@type":"Organization","@id":"https:\/\/lacasitaeducativa.shop\/#organization","name":"La Casita Educativa - LACASITAEDUCATIVA.SHOP","url":"https:\/\/lacasitaeducativa.shop\/","logo":{"@type":"ImageObject","inLanguage":"es","@id":"https:\/\/lacasitaeducativa.shop\/#\/schema\/logo\/image\/","url":"https:\/\/lacasitaeducativa.shop\/wp-content\/uploads\/2020\/08\/Logos-la-casita-educativa-2-1.png","contentUrl":"https:\/\/lacasitaeducativa.shop\/wp-content\/uploads\/2020\/08\/Logos-la-casita-educativa-2-1.png","width":500,"height":500,"caption":"La Casita Educativa - LACASITAEDUCATIVA.SHOP"},"image":{"@id":"https:\/\/lacasitaeducativa.shop\/#\/schema\/logo\/image\/"}}]}},"_links":{"self":[{"href":"https:\/\/lacasitaeducativa.shop\/index.php\/wp-json\/wp\/v2\/product\/312","targetHints":{"allow":["GET"]}}],"collection":[{"href":"https:\/\/lacasitaeducativa.shop\/index.php\/wp-json\/wp\/v2\/product"}],"about":[{"href":"https:\/\/lacasitaeducativa.shop\/index.php\/wp-json\/wp\/v2\/types\/product"}],"replies":[{"embeddable":true,"href":"https:\/\/lacasitaeducativa.shop\/index.php\/wp-json\/wp\/v2\/comments?post=312"}],"wp:featuredmedia":[{"embeddable":true,"href":"https:\/\/lacasitaeducativa.shop\/index.php\/wp-json\/wp\/v2\/media\/499119"}],"wp:attachment":[{"href":"https:\/\/lacasitaeducativa.shop\/index.php\/wp-json\/wp\/v2\/media?parent=312"}],"wp:term":[{"taxonomy":"product_brand","embeddable":true,"href":"https:\/\/lacasitaeducativa.shop\/index.php\/wp-json\/wp\/v2\/product_brand?post=312"},{"taxonomy":"product_cat","embeddable":true,"href":"https:\/\/lacasitaeducativa.shop\/index.php\/wp-json\/wp\/v2\/product_cat?post=312"},{"taxonomy":"product_tag","embeddable":true,"href":"https:\/\/lacasitaeducativa.shop\/index.php\/wp-json\/wp\/v2\/product_tag?post=312"}],"curies":[{"name":"wp","href":"https:\/\/api.w.org\/{rel}","templated":true}]}}