{"id":347,"date":"2020-08-29T16:09:22","date_gmt":"2020-08-29T16:09:22","guid":{"rendered":"http:\/\/45.131.80.30\/~condenom\/lacasitaeducativa\/?post_type=product&#038;p=347"},"modified":"2026-03-27T15:36:37","modified_gmt":"2026-03-27T15:36:37","slug":"productos-naturales-o-elaborados","status":"publish","type":"product","link":"https:\/\/lacasitaeducativa.shop\/index.php\/producto\/productos-naturales-o-elaborados\/","title":{"rendered":"Alimentos naturales y procesados primaria \u2013 Actividad de alimentaci\u00f3n saludable"},"content":{"rendered":"<p data-start=\"498\" data-end=\"704\">A trav\u00e9s de esta propuesta, el alumnado aprender\u00e1 a diferenciar entre <strong data-start=\"568\" data-end=\"614\">alimentos naturales y alimentos procesados<\/strong>, comprendiendo mejor su origen y desarrollando h\u00e1bitos saludables desde edades tempranas.<\/p>\n<h2 data-section-id=\"3c16ht\" data-start=\"711\" data-end=\"753\">\ud83c\udf4e \u00bfQu\u00e9 incluye este recurso educativo de alimentos naturales y procesados?<\/h2>\n<p data-start=\"755\" data-end=\"831\">Este material est\u00e1 dise\u00f1ado para facilitar el aprendizaje activo y contiene:<\/p>\n<ul data-start=\"833\" data-end=\"1026\">\n<li data-section-id=\"b4woov\" data-start=\"833\" data-end=\"869\">\n<p data-start=\"835\" data-end=\"869\">40 Tarjetas de alimentos, entre ellos hay algunos alimentos naturales y otros alimentos procesados.<\/p>\n<\/li>\n<li data-section-id=\"v56g9m\" data-start=\"870\" data-end=\"935\">\n<p data-start=\"872\" data-end=\"935\">1 cesto de la compra para a\u00f1adir alimentos naturales.<\/p>\n<\/li>\n<li>1 cesto de la compra para a\u00f1adir alimentos procesados.<\/li>\n<li data-section-id=\"191cjp5\" data-start=\"936\" data-end=\"987\">\n<p data-start=\"938\" data-end=\"987\">Material visual atractivo y adaptado a primaria<\/p>\n<\/li>\n<li data-section-id=\"15pd60t\" data-start=\"988\" data-end=\"1026\">\n<p data-start=\"990\" data-end=\"1026\">Recurso listo para imprimir y usar<\/p>\n<\/li>\n<\/ul>\n<h2 data-section-id=\"13snzoi\" data-start=\"1033\" data-end=\"1074\">\ud83c\udfaf \u00bfQu\u00e9 se trabaja con esta actividad?<\/h2>\n<p data-start=\"1076\" data-end=\"1167\">Con esta actividad de <strong data-start=\"1098\" data-end=\"1146\">alimentos naturales y elaborados en primaria<\/strong>, los alumnos podr\u00e1n:<\/p>\n<ul data-start=\"1169\" data-end=\"1480\">\n<li data-section-id=\"iuvlc1\" data-start=\"1169\" data-end=\"1226\">\n<p data-start=\"1171\" data-end=\"1226\">Identificar y clasificar distintos tipos de alimentos<\/p>\n<\/li>\n<li data-section-id=\"1x0ced7\" data-start=\"1227\" data-end=\"1281\">\n<p data-start=\"1229\" data-end=\"1281\">Diferenciar entre alimentos naturales y procesados<\/p>\n<\/li>\n<li data-section-id=\"scvsgp\" data-start=\"1282\" data-end=\"1323\">\n<p data-start=\"1284\" data-end=\"1323\">Comprender el origen de los alimentos<\/p>\n<\/li>\n<li data-section-id=\"101k0qx\" data-start=\"1324\" data-end=\"1377\">\n<p data-start=\"1326\" data-end=\"1377\">Desarrollar h\u00e1bitos de <strong data-start=\"1349\" data-end=\"1375\">alimentaci\u00f3n saludable<\/strong><\/p>\n<\/li>\n<li data-section-id=\"owjt2m\" data-start=\"1378\" data-end=\"1427\">\n<p data-start=\"1380\" data-end=\"1427\">Ampliar vocabulario relacionado con la comida<\/p>\n<\/li>\n<li data-section-id=\"1ccb3j9\" data-start=\"1428\" data-end=\"1480\">\n<p data-start=\"1430\" data-end=\"1480\">Potenciar el pensamiento l\u00f3gico y la observaci\u00f3n<\/p>\n<\/li>\n<\/ul>\n<h2 data-section-id=\"1a9u9xx\" data-start=\"1487\" data-end=\"1566\">\ud83d\udc69\u200d\ud83c\udfeb Actividad de alimentos naturales y elaborados para primaria en el aula<\/h2>\n<p data-start=\"1568\" data-end=\"1741\">Este recurso es perfecto para trabajar contenidos de <strong data-start=\"1621\" data-end=\"1655\">ciencias naturales en primaria<\/strong>, especialmente en unidades relacionadas con la alimentaci\u00f3n y los h\u00e1bitos saludables.<\/p>\n<p data-start=\"1743\" data-end=\"1764\">Se puede utilizar en:<\/p>\n<ul data-start=\"1766\" data-end=\"1920\">\n<li data-section-id=\"1sl20jd\" data-start=\"1766\" data-end=\"1793\">\n<p data-start=\"1768\" data-end=\"1793\">Rincones de aprendizaje<\/p>\n<\/li>\n<li data-section-id=\"qosdu0\" data-start=\"1794\" data-end=\"1817\">\n<p data-start=\"1796\" data-end=\"1817\">Trabajo cooperativo<\/p>\n<\/li>\n<li data-section-id=\"1fmedpc\" data-start=\"1818\" data-end=\"1846\">\n<p data-start=\"1820\" data-end=\"1846\">Actividades individuales<\/p>\n<\/li>\n<li data-section-id=\"64s07p\" data-start=\"1847\" data-end=\"1880\">\n<p data-start=\"1849\" data-end=\"1880\">Refuerzo o evaluaci\u00f3n inicial<\/p>\n<\/li>\n<li data-section-id=\"10ozgl6\" data-start=\"1881\" data-end=\"1920\">\n<p data-start=\"1883\" data-end=\"1920\">Din\u00e1micas de clasificaci\u00f3n y debate<\/p>\n<\/li>\n<\/ul>\n<p data-start=\"1922\" data-end=\"2018\">Adem\u00e1s, es una actividad muy vers\u00e1til que permite adaptar el nivel de dificultad seg\u00fan el curso.<\/p>\n<h2 data-section-id=\"65kc4p\" data-start=\"2025\" data-end=\"2067\">\ud83d\udca1 Ideas para sacarle el m\u00e1ximo partido<\/h2>\n<ul data-start=\"2069\" data-end=\"2262\">\n<li data-section-id=\"rtg42k\" data-start=\"2069\" data-end=\"2107\">\n<p data-start=\"2071\" data-end=\"2107\">Juego de clasificaci\u00f3n por equipos<\/p>\n<\/li>\n<li data-section-id=\"8d3xpo\" data-start=\"2108\" data-end=\"2179\">\n<p data-start=\"2110\" data-end=\"2179\">Actividad oral: explicar por qu\u00e9 un alimento es natural o elaborado<\/p>\n<\/li>\n<li data-section-id=\"fvt5yc\" data-start=\"2180\" data-end=\"2223\">\n<p data-start=\"2182\" data-end=\"2223\">Crear men\u00fas saludables con las tarjetas<\/p>\n<\/li>\n<li data-section-id=\"9rnt24\" data-start=\"2224\" data-end=\"2262\">\n<p data-start=\"2226\" data-end=\"2262\">Relacionar alimentos con su origen<\/p>\n<\/li>\n<\/ul>\n<h2 data-section-id=\"ki47\" data-start=\"2269\" data-end=\"2295\">\ud83d\udce5 Formato del material<\/h2>\n<ul data-start=\"2297\" data-end=\"2379\">\n<li data-section-id=\"1yk6imu\" data-start=\"2297\" data-end=\"2329\">\n<p data-start=\"2299\" data-end=\"2329\">Material digital descargable<\/p>\n<\/li>\n<li data-section-id=\"1s4cgn2\" data-start=\"2330\" data-end=\"2353\">\n<p data-start=\"2332\" data-end=\"2353\">Listo para imprimir<\/p>\n<\/li>\n<li data-section-id=\"gn65rb\" data-start=\"2354\" data-end=\"2379\">\n<p data-start=\"2356\" data-end=\"2379\">Uso en aula o en casa<\/p>\n<\/li>\n<\/ul>\n<h2 data-section-id=\"1g29kqk\" data-start=\"2386\" data-end=\"2423\">\u2764\ufe0f \u00bfPor qu\u00e9 elegir esta actividad?<\/h2>\n<p data-start=\"2425\" data-end=\"2593\">Porque es un recurso sencillo, visual y eficaz que ayuda a trabajar un contenido fundamental: la <strong data-start=\"2522\" data-end=\"2592\">clasificaci\u00f3n de alimentos y la alimentaci\u00f3n saludable en primaria<\/strong>.<\/p>\n<p data-start=\"2595\" data-end=\"2719\">Adem\u00e1s, fomenta la participaci\u00f3n activa del alumnado y convierte el aprendizaje en una experiencia din\u00e1mica y significativa.<\/p>\n<h2 data-section-id=\"1ggqnnp\" data-start=\"2726\" data-end=\"2751\">\u2753 Preguntas frecuentes<\/h2>\n<h3 data-section-id=\"1cmey4z\" data-start=\"2753\" data-end=\"2803\">\u00bfQu\u00e9 son los alimentos naturales y procesados?<\/h3>\n<p data-start=\"2804\" data-end=\"2978\">Los alimentos naturales son aquellos que provienen directamente de la naturaleza, mientras que los procesados han sido transformados mediante procesos industriales o caseros.<\/p>\n<h3 data-section-id=\"wj0llt\" data-start=\"2980\" data-end=\"3017\">\u00bfPara qu\u00e9 curso est\u00e1 recomendado?<\/h3>\n<p data-start=\"3018\" data-end=\"3116\">Este recurso est\u00e1 pensado principalmente para <strong data-start=\"3064\" data-end=\"3086\">educaci\u00f3n primaria<\/strong>, especialmente 1\u00ba y 2\u00ba ciclo.<\/p>\n<ul>\n<li data-start=\"2058\" data-end=\"2221\">Si quieres ver m\u00e1s recursos relacionados con los alimentos, mira\u00a0<a href=\"https:\/\/lacasitaeducativa.shop\/?s=alimentos&amp;post_type=product\">AQU\u00cd<\/a><\/li>\n<\/ul>\n","protected":false},"excerpt":{"rendered":"<p data-start=\"637\" data-end=\"730\">\u00bfBuscas una forma divertida y visual de trabajar la <strong data-start=\"689\" data-end=\"727\">alimentaci\u00f3n saludable en primaria<\/strong>?<\/p>\n<p data-start=\"732\" data-end=\"943\">Este recurso educativo es una <strong data-start=\"762\" data-end=\"801\">actividad manipulativa e imprimible<\/strong> ideal para aprender a diferenciar entre <strong data-start=\"842\" data-end=\"888\">alimentos naturales y alimentos elaborados<\/strong>, fomentando h\u00e1bitos saludables desde edades tempranas.<\/p>\n<p><script async src=\"https:\/\/pagead2.googlesyndication.com\/pagead\/js\/adsbygoogle.js\"><\/script><br \/>\n<!-- Horizontal-Adaptable --><br \/>\n<ins class=\"adsbygoogle\" style=\"display: block;\" data-ad-client=\"ca-pub-1103545772104863\" data-ad-slot=\"5194289265\" data-ad-format=\"auto\" data-full-width-responsive=\"true\"><\/ins><br \/>\n<script>\n     (adsbygoogle = window.adsbygoogle || []).push({});\n<\/script><\/p>\n","protected":false},"featured_media":509038,"comment_status":"open","ping_status":"closed","template":"","meta":{"site-sidebar-layout":"default","site-content-layout":"default","ast-site-content-layout":"default","site-content-style":"default","site-sidebar-style":"default","ast-global-header-display":"","ast-banner-title-visibility":"","ast-main-header-display":"","ast-hfb-above-header-display":"","ast-hfb-below-header-display":"","ast-hfb-mobile-header-display":"","site-post-title":"","ast-breadcrumbs-content":"","ast-featured-img":"","footer-sml-layout":"","ast-disable-related-posts":"","theme-transparent-header-meta":"default","adv-header-id-meta":"","stick-header-meta":"","header-above-stick-meta":"","header-main-stick-meta":"","header-below-stick-meta":"","astra-migrate-meta-layouts":"set","ast-page-background-enabled":"default","ast-page-background-meta":{"desktop":{"background-color":"","background-image":"","background-repeat":"repeat","background-position":"center center","background-size":"auto","background-attachment":"scroll","background-type":"","background-media":"","overlay-type":"","overlay-color":"","overlay-opacity":"","overlay-gradient":""},"tablet":{"background-color":"","background-image":"","background-repeat":"repeat","background-position":"center center","background-size":"auto","background-attachment":"scroll","background-type":"","background-media":"","overlay-type":"","overlay-color":"","overlay-opacity":"","overlay-gradient":""},"mobile":{"background-color":"","background-image":"","background-repeat":"repeat","background-position":"center center","background-size":"auto","background-attachment":"scroll","background-type":"","background-media":"","overlay-type":"","overlay-color":"","overlay-opacity":"","overlay-gradient":""}},"ast-content-background-meta":{"desktop":{"background-color":"var(--ast-global-color-5)","background-image":"","background-repeat":"repeat","background-position":"center center","background-size":"auto","background-attachment":"scroll","background-type":"","background-media":"","overlay-type":"","overlay-color":"","overlay-opacity":"","overlay-gradient":""},"tablet":{"background-color":"var(--ast-global-color-5)","background-image":"","background-repeat":"repeat","background-position":"center center","background-size":"auto","background-attachment":"scroll","background-type":"","background-media":"","overlay-type":"","overlay-color":"","overlay-opacity":"","overlay-gradient":""},"mobile":{"background-color":"var(--ast-global-color-5)","background-image":"","background-repeat":"repeat","background-position":"center center","background-size":"auto","background-attachment":"scroll","background-type":"","background-media":"","overlay-type":"","overlay-color":"","overlay-opacity":"","overlay-gradient":""}}},"product_brand":[],"product_cat":[478,17],"product_tag":[812,811,810,813,815,814],"class_list":{"0":"post-347","1":"product","2":"type-product","3":"status-publish","4":"has-post-thumbnail","6":"product_cat-alimentacion","7":"product_cat-educacion-primaria","8":"product_tag-actividad-primaria","9":"product_tag-alimentacion-saludable","10":"product_tag-alimentos-naturales-y-procesados","11":"product_tag-ciencias-naturales-primaria","12":"product_tag-clasificacion-de-alimentos","13":"product_tag-habitos-saludables","14":"desktop-align-left","15":"tablet-align-left","16":"mobile-align-left","18":"first","19":"instock","20":"downloadable","21":"virtual","22":"taxable","23":"purchasable","24":"product-type-simple"},"yoast_head":"<!-- This site is optimized with the Yoast SEO plugin v26.8 - https:\/\/yoast.com\/product\/yoast-seo-wordpress\/ -->\n<title>Alimentos naturales o elaborados - La Casita Educativa<\/title>\n<meta name=\"description\" content=\"Actividad de alimentos naturales y elaborados para primaria. Recurso imprimible para trabajar la alimentaci\u00f3n saludable en el aula de forma divertida.\" \/>\n<meta name=\"robots\" content=\"index, follow, max-snippet:-1, max-image-preview:large, max-video-preview:-1\" \/>\n<link rel=\"canonical\" href=\"https:\/\/lacasitaeducativa.shop\/index.php\/producto\/productos-naturales-o-elaborados\/\" \/>\n<meta property=\"og:locale\" content=\"es_ES\" \/>\n<meta property=\"og:type\" content=\"article\" \/>\n<meta property=\"og:title\" content=\"Alimentos naturales o elaborados - La Casita Educativa\" \/>\n<meta property=\"og:description\" content=\"Actividad de alimentos naturales y elaborados para primaria. Recurso imprimible para trabajar la alimentaci\u00f3n saludable en el aula de forma divertida.\" \/>\n<meta property=\"og:url\" content=\"https:\/\/lacasitaeducativa.shop\/index.php\/producto\/productos-naturales-o-elaborados\/\" \/>\n<meta property=\"og:site_name\" content=\"La Casita Educativa\" \/>\n<meta property=\"article:modified_time\" content=\"2026-03-27T15:36:37+00:00\" \/>\n<meta property=\"og:image\" content=\"https:\/\/lacasitaeducativa.shop\/wp-content\/uploads\/2020\/08\/Alimentos-naturales-y-procesados.jpg\" \/>\n\t<meta property=\"og:image:width\" content=\"500\" \/>\n\t<meta property=\"og:image:height\" content=\"500\" \/>\n\t<meta property=\"og:image:type\" content=\"image\/jpeg\" \/>\n<meta name=\"twitter:card\" content=\"summary_large_image\" \/>\n<meta name=\"twitter:label1\" content=\"Tiempo de lectura\" \/>\n\t<meta name=\"twitter:data1\" content=\"2 minutos\" \/>\n<script type=\"application\/ld+json\" class=\"yoast-schema-graph\">{\"@context\":\"https:\/\/schema.org\",\"@graph\":[{\"@type\":\"WebPage\",\"@id\":\"https:\/\/lacasitaeducativa.shop\/index.php\/producto\/productos-naturales-o-elaborados\/\",\"url\":\"https:\/\/lacasitaeducativa.shop\/index.php\/producto\/productos-naturales-o-elaborados\/\",\"name\":\"Alimentos naturales o elaborados - La Casita Educativa\",\"isPartOf\":{\"@id\":\"https:\/\/lacasitaeducativa.shop\/#website\"},\"primaryImageOfPage\":{\"@id\":\"https:\/\/lacasitaeducativa.shop\/index.php\/producto\/productos-naturales-o-elaborados\/#primaryimage\"},\"image\":{\"@id\":\"https:\/\/lacasitaeducativa.shop\/index.php\/producto\/productos-naturales-o-elaborados\/#primaryimage\"},\"thumbnailUrl\":\"https:\/\/lacasitaeducativa.shop\/wp-content\/uploads\/2020\/08\/Alimentos-naturales-y-procesados.jpg\",\"datePublished\":\"2020-08-29T16:09:22+00:00\",\"dateModified\":\"2026-03-27T15:36:37+00:00\",\"description\":\"Actividad de alimentos naturales y elaborados para primaria. Recurso imprimible para trabajar la alimentaci\u00f3n saludable en el aula de forma divertida.\",\"breadcrumb\":{\"@id\":\"https:\/\/lacasitaeducativa.shop\/index.php\/producto\/productos-naturales-o-elaborados\/#breadcrumb\"},\"inLanguage\":\"es\",\"potentialAction\":[{\"@type\":\"ReadAction\",\"target\":[\"https:\/\/lacasitaeducativa.shop\/index.php\/producto\/productos-naturales-o-elaborados\/\"]}]},{\"@type\":\"ImageObject\",\"inLanguage\":\"es\",\"@id\":\"https:\/\/lacasitaeducativa.shop\/index.php\/producto\/productos-naturales-o-elaborados\/#primaryimage\",\"url\":\"https:\/\/lacasitaeducativa.shop\/wp-content\/uploads\/2020\/08\/Alimentos-naturales-y-procesados.jpg\",\"contentUrl\":\"https:\/\/lacasitaeducativa.shop\/wp-content\/uploads\/2020\/08\/Alimentos-naturales-y-procesados.jpg\",\"width\":500,\"height\":500,\"caption\":\"Alimentos naturales y procesados\"},{\"@type\":\"BreadcrumbList\",\"@id\":\"https:\/\/lacasitaeducativa.shop\/index.php\/producto\/productos-naturales-o-elaborados\/#breadcrumb\",\"itemListElement\":[{\"@type\":\"ListItem\",\"position\":1,\"name\":\"Portada\",\"item\":\"https:\/\/lacasitaeducativa.shop\/\"},{\"@type\":\"ListItem\",\"position\":2,\"name\":\"Recursos\",\"item\":\"https:\/\/lacasitaeducativa.shop\/index.php\/tienda\/\"},{\"@type\":\"ListItem\",\"position\":3,\"name\":\"Alimentos naturales y procesados primaria \u2013 Actividad de alimentaci\u00f3n saludable\"}]},{\"@type\":\"WebSite\",\"@id\":\"https:\/\/lacasitaeducativa.shop\/#website\",\"url\":\"https:\/\/lacasitaeducativa.shop\/\",\"name\":\"La Casita Educativa\",\"description\":\"En esta casita encontrar\u00e9is todo tipo de recursos educativos infantiles, desde manualidades hasta actividades, juegos, cuentos, idiomas, adivinanzas y otros.\",\"publisher\":{\"@id\":\"https:\/\/lacasitaeducativa.shop\/#organization\"},\"potentialAction\":[{\"@type\":\"SearchAction\",\"target\":{\"@type\":\"EntryPoint\",\"urlTemplate\":\"https:\/\/lacasitaeducativa.shop\/?s={search_term_string}\"},\"query-input\":{\"@type\":\"PropertyValueSpecification\",\"valueRequired\":true,\"valueName\":\"search_term_string\"}}],\"inLanguage\":\"es\"},{\"@type\":\"Organization\",\"@id\":\"https:\/\/lacasitaeducativa.shop\/#organization\",\"name\":\"La Casita Educativa - LACASITAEDUCATIVA.SHOP\",\"url\":\"https:\/\/lacasitaeducativa.shop\/\",\"logo\":{\"@type\":\"ImageObject\",\"inLanguage\":\"es\",\"@id\":\"https:\/\/lacasitaeducativa.shop\/#\/schema\/logo\/image\/\",\"url\":\"https:\/\/lacasitaeducativa.shop\/wp-content\/uploads\/2020\/08\/Logos-la-casita-educativa-2-1.png\",\"contentUrl\":\"https:\/\/lacasitaeducativa.shop\/wp-content\/uploads\/2020\/08\/Logos-la-casita-educativa-2-1.png\",\"width\":500,\"height\":500,\"caption\":\"La Casita Educativa - LACASITAEDUCATIVA.SHOP\"},\"image\":{\"@id\":\"https:\/\/lacasitaeducativa.shop\/#\/schema\/logo\/image\/\"}}]}<\/script>\n<!-- \/ Yoast SEO plugin. -->","yoast_head_json":{"title":"Alimentos naturales o elaborados - La Casita Educativa","description":"Actividad de alimentos naturales y elaborados para primaria. Recurso imprimible para trabajar la alimentaci\u00f3n saludable en el aula de forma divertida.","robots":{"index":"index","follow":"follow","max-snippet":"max-snippet:-1","max-image-preview":"max-image-preview:large","max-video-preview":"max-video-preview:-1"},"canonical":"https:\/\/lacasitaeducativa.shop\/index.php\/producto\/productos-naturales-o-elaborados\/","og_locale":"es_ES","og_type":"article","og_title":"Alimentos naturales o elaborados - La Casita Educativa","og_description":"Actividad de alimentos naturales y elaborados para primaria. Recurso imprimible para trabajar la alimentaci\u00f3n saludable en el aula de forma divertida.","og_url":"https:\/\/lacasitaeducativa.shop\/index.php\/producto\/productos-naturales-o-elaborados\/","og_site_name":"La Casita Educativa","article_modified_time":"2026-03-27T15:36:37+00:00","og_image":[{"width":500,"height":500,"url":"https:\/\/lacasitaeducativa.shop\/wp-content\/uploads\/2020\/08\/Alimentos-naturales-y-procesados.jpg","type":"image\/jpeg"}],"twitter_card":"summary_large_image","twitter_misc":{"Tiempo de lectura":"2 minutos"},"schema":{"@context":"https:\/\/schema.org","@graph":[{"@type":"WebPage","@id":"https:\/\/lacasitaeducativa.shop\/index.php\/producto\/productos-naturales-o-elaborados\/","url":"https:\/\/lacasitaeducativa.shop\/index.php\/producto\/productos-naturales-o-elaborados\/","name":"Alimentos naturales o elaborados - La Casita Educativa","isPartOf":{"@id":"https:\/\/lacasitaeducativa.shop\/#website"},"primaryImageOfPage":{"@id":"https:\/\/lacasitaeducativa.shop\/index.php\/producto\/productos-naturales-o-elaborados\/#primaryimage"},"image":{"@id":"https:\/\/lacasitaeducativa.shop\/index.php\/producto\/productos-naturales-o-elaborados\/#primaryimage"},"thumbnailUrl":"https:\/\/lacasitaeducativa.shop\/wp-content\/uploads\/2020\/08\/Alimentos-naturales-y-procesados.jpg","datePublished":"2020-08-29T16:09:22+00:00","dateModified":"2026-03-27T15:36:37+00:00","description":"Actividad de alimentos naturales y elaborados para primaria. Recurso imprimible para trabajar la alimentaci\u00f3n saludable en el aula de forma divertida.","breadcrumb":{"@id":"https:\/\/lacasitaeducativa.shop\/index.php\/producto\/productos-naturales-o-elaborados\/#breadcrumb"},"inLanguage":"es","potentialAction":[{"@type":"ReadAction","target":["https:\/\/lacasitaeducativa.shop\/index.php\/producto\/productos-naturales-o-elaborados\/"]}]},{"@type":"ImageObject","inLanguage":"es","@id":"https:\/\/lacasitaeducativa.shop\/index.php\/producto\/productos-naturales-o-elaborados\/#primaryimage","url":"https:\/\/lacasitaeducativa.shop\/wp-content\/uploads\/2020\/08\/Alimentos-naturales-y-procesados.jpg","contentUrl":"https:\/\/lacasitaeducativa.shop\/wp-content\/uploads\/2020\/08\/Alimentos-naturales-y-procesados.jpg","width":500,"height":500,"caption":"Alimentos naturales y procesados"},{"@type":"BreadcrumbList","@id":"https:\/\/lacasitaeducativa.shop\/index.php\/producto\/productos-naturales-o-elaborados\/#breadcrumb","itemListElement":[{"@type":"ListItem","position":1,"name":"Portada","item":"https:\/\/lacasitaeducativa.shop\/"},{"@type":"ListItem","position":2,"name":"Recursos","item":"https:\/\/lacasitaeducativa.shop\/index.php\/tienda\/"},{"@type":"ListItem","position":3,"name":"Alimentos naturales y procesados primaria \u2013 Actividad de alimentaci\u00f3n saludable"}]},{"@type":"WebSite","@id":"https:\/\/lacasitaeducativa.shop\/#website","url":"https:\/\/lacasitaeducativa.shop\/","name":"La Casita Educativa","description":"En esta casita encontrar\u00e9is todo tipo de recursos educativos infantiles, desde manualidades hasta actividades, juegos, cuentos, idiomas, adivinanzas y otros.","publisher":{"@id":"https:\/\/lacasitaeducativa.shop\/#organization"},"potentialAction":[{"@type":"SearchAction","target":{"@type":"EntryPoint","urlTemplate":"https:\/\/lacasitaeducativa.shop\/?s={search_term_string}"},"query-input":{"@type":"PropertyValueSpecification","valueRequired":true,"valueName":"search_term_string"}}],"inLanguage":"es"},{"@type":"Organization","@id":"https:\/\/lacasitaeducativa.shop\/#organization","name":"La Casita Educativa - LACASITAEDUCATIVA.SHOP","url":"https:\/\/lacasitaeducativa.shop\/","logo":{"@type":"ImageObject","inLanguage":"es","@id":"https:\/\/lacasitaeducativa.shop\/#\/schema\/logo\/image\/","url":"https:\/\/lacasitaeducativa.shop\/wp-content\/uploads\/2020\/08\/Logos-la-casita-educativa-2-1.png","contentUrl":"https:\/\/lacasitaeducativa.shop\/wp-content\/uploads\/2020\/08\/Logos-la-casita-educativa-2-1.png","width":500,"height":500,"caption":"La Casita Educativa - LACASITAEDUCATIVA.SHOP"},"image":{"@id":"https:\/\/lacasitaeducativa.shop\/#\/schema\/logo\/image\/"}}]}},"_links":{"self":[{"href":"https:\/\/lacasitaeducativa.shop\/index.php\/wp-json\/wp\/v2\/product\/347","targetHints":{"allow":["GET"]}}],"collection":[{"href":"https:\/\/lacasitaeducativa.shop\/index.php\/wp-json\/wp\/v2\/product"}],"about":[{"href":"https:\/\/lacasitaeducativa.shop\/index.php\/wp-json\/wp\/v2\/types\/product"}],"replies":[{"embeddable":true,"href":"https:\/\/lacasitaeducativa.shop\/index.php\/wp-json\/wp\/v2\/comments?post=347"}],"wp:featuredmedia":[{"embeddable":true,"href":"https:\/\/lacasitaeducativa.shop\/index.php\/wp-json\/wp\/v2\/media\/509038"}],"wp:attachment":[{"href":"https:\/\/lacasitaeducativa.shop\/index.php\/wp-json\/wp\/v2\/media?parent=347"}],"wp:term":[{"taxonomy":"product_brand","embeddable":true,"href":"https:\/\/lacasitaeducativa.shop\/index.php\/wp-json\/wp\/v2\/product_brand?post=347"},{"taxonomy":"product_cat","embeddable":true,"href":"https:\/\/lacasitaeducativa.shop\/index.php\/wp-json\/wp\/v2\/product_cat?post=347"},{"taxonomy":"product_tag","embeddable":true,"href":"https:\/\/lacasitaeducativa.shop\/index.php\/wp-json\/wp\/v2\/product_tag?post=347"}],"curies":[{"name":"wp","href":"https:\/\/api.w.org\/{rel}","templated":true}]}}