{"id":35600,"date":"2021-03-10T20:47:33","date_gmt":"2021-03-10T20:47:33","guid":{"rendered":"https:\/\/lacasitaeducativa.shop\/?post_type=product&#038;p=35600"},"modified":"2026-04-16T05:22:05","modified_gmt":"2026-04-16T05:22:05","slug":"5-sentidos","status":"publish","type":"product","link":"https:\/\/lacasitaeducativa.shop\/index.php\/producto\/5-sentidos\/","title":{"rendered":"5 Sentidos infantil"},"content":{"rendered":"<h2 data-section-id=\"g9544s\" data-start=\"1371\" data-end=\"1433\">\ud83c\udfaf \u00bfPara qu\u00e9 sirve este recurso de los 5 sentidos infantil?<\/h2>\n<p data-start=\"1435\" data-end=\"1488\">Este material de <strong data-start=\"1452\" data-end=\"1479\">los 5 sentidos infantil<\/strong> permite:<\/p>\n<ul data-start=\"1490\" data-end=\"1648\">\n<li data-section-id=\"1u1mtd5\" data-start=\"1490\" data-end=\"1524\">Identificar los cinco sentidos<\/li>\n<li data-section-id=\"3q2afh\" data-start=\"1525\" data-end=\"1561\">Asociar objetos con cada sentido<\/li>\n<li data-section-id=\"1bg87ry\" data-start=\"1562\" data-end=\"1606\">Desarrollar la observaci\u00f3n y la atenci\u00f3n<\/li>\n<li data-section-id=\"4pg362\" data-start=\"1607\" data-end=\"1648\">Favorecer el aprendizaje manipulativo<\/li>\n<\/ul>\n<p data-start=\"1650\" data-end=\"1726\">Es perfecto para trabajar proyectos del cuerpo humano o ciencias en el aula.<\/p>\n<h2 data-section-id=\"1lmt0yc\" data-start=\"2053\" data-end=\"2113\">\ud83d\udca1 Beneficios del material manipulativo de los 5 sentidos<\/h2>\n<ul data-start=\"2115\" data-end=\"2294\">\n<li data-section-id=\"18gh5f9\" data-start=\"2115\" data-end=\"2153\">Aprendizaje activo y significativo<\/li>\n<li data-section-id=\"1qaplrj\" data-start=\"2154\" data-end=\"2185\">Material visual y atractivo<\/li>\n<li data-section-id=\"pdri6t\" data-start=\"2186\" data-end=\"2220\">F\u00e1cil de preparar y reutilizar<\/li>\n<li data-section-id=\"vqktw\" data-start=\"2221\" data-end=\"2255\">Ideal para infantil y primaria<\/li>\n<li data-section-id=\"ameex\" data-start=\"2256\" data-end=\"2294\">Favorece la autonom\u00eda del alumnado<\/li>\n<\/ul>\n<h2 data-section-id=\"ev8cpd\" data-start=\"2301\" data-end=\"2337\">\ud83d\udc69\u200d\ud83c\udfeb C\u00f3mo utilizar este material<\/h2>\n<p>El material consta de una plantilla DINA4 con diferentes elementos que podemos clasificar entre los cinco sentidos, el olfato, el gusto, la vista, el o\u00eddo o el tacto.<\/p>\n<p>\u00bfC\u00f3mo necesitamos para preparar el recurso?<\/p>\n<p>1. Funda de plastificar<br \/>\n2. Pinzas o un rotulador<br \/>\n3. Tijeras<br \/>\n4. Pegamento<\/p>\n<p>\u00bfC\u00f3mo prepararlo?<\/p>\n<p>1. Recortar el recuadro blanco de la plantilla de las ilustraciones.<br \/>\n2. Pegar el recuadro de las ilustraciones a la funda de plastificar.<br \/>\n3. Listo, ya podremos ir a\u00f1adiendo y quitando el sentido que queramos poner en pr\u00e1ctica.<\/p>\n<p>Los ni\u00f1os deber\u00e1n poner con pinzas o bien marcar con rotulador aquellos elementos que est\u00e9n relacionados con el sentido correspondiente.<\/p>\n<p>\u00bfQu\u00e9 te parece?<\/p>\n<h2 data-section-id=\"19pmt8v\" data-start=\"2593\" data-end=\"2615\">\ud83c\udfaf Edad recomendada<\/h2>\n<p data-start=\"2617\" data-end=\"2805\">Este recurso de <strong data-start=\"2633\" data-end=\"2660\">los 5 sentidos infantil<\/strong> est\u00e1 recomendado a partir de los 5 a\u00f1os, siendo ideal para educaci\u00f3n infantil y primer ciclo de primaria<\/p>\n<h2 data-section-id=\"1e8pqh7\" data-start=\"2812\" data-end=\"2855\">\ud83e\udde0 Recurso educativo para el aula o casa<\/h2>\n<p data-start=\"2857\" data-end=\"3024\">Si buscas un material sencillo, visual y efectivo, este recurso de <strong data-start=\"2924\" data-end=\"2951\">los 5 sentidos infantil<\/strong> es perfecto para trabajar el cuerpo humano de forma l\u00fadica y motivadora.<\/p>\n<p>&nbsp;<\/p>\n<p>&nbsp;<\/p>\n","protected":false},"excerpt":{"rendered":"<p data-start=\"1004\" data-end=\"1225\">Este material de <strong data-start=\"1021\" data-end=\"1048\">los 5 sentidos infantil<\/strong> es un recurso educativo manipulativo ideal para que los ni\u00f1os y ni\u00f1as aprendan a identificar y diferenciar el tacto, la vista, el o\u00eddo, el gusto y el olfato de forma divertida.<\/p>\n<p data-start=\"1227\" data-end=\"1364\">A trav\u00e9s del juego, el alumnado podr\u00e1 relacionar diferentes elementos con cada sentido y reforzar su aprendizaje de manera significativa.<\/p>\n<p><script async src=\"https:\/\/pagead2.googlesyndication.com\/pagead\/js\/adsbygoogle.js\"><\/script><br \/>\n<!-- Horizontal-Adaptable --><br \/>\n<ins class=\"adsbygoogle\" style=\"display: block;\" data-ad-client=\"ca-pub-1103545772104863\" data-ad-slot=\"5194289265\" data-ad-format=\"auto\" data-full-width-responsive=\"true\"><\/ins><br \/>\n<script>\n     (adsbygoogle = window.adsbygoogle || []).push({});\n<\/script><\/p>\n","protected":false},"featured_media":35607,"comment_status":"open","ping_status":"closed","template":"","meta":{"site-sidebar-layout":"default","site-content-layout":"default","ast-site-content-layout":"default","site-content-style":"default","site-sidebar-style":"default","ast-global-header-display":"","ast-banner-title-visibility":"","ast-main-header-display":"","ast-hfb-above-header-display":"","ast-hfb-below-header-display":"","ast-hfb-mobile-header-display":"","site-post-title":"","ast-breadcrumbs-content":"","ast-featured-img":"","footer-sml-layout":"","ast-disable-related-posts":"","theme-transparent-header-meta":"default","adv-header-id-meta":"","stick-header-meta":"","header-above-stick-meta":"","header-main-stick-meta":"","header-below-stick-meta":"","astra-migrate-meta-layouts":"set","ast-page-background-enabled":"default","ast-page-background-meta":{"desktop":{"background-color":"","background-image":"","background-repeat":"repeat","background-position":"center center","background-size":"auto","background-attachment":"scroll","background-type":"","background-media":"","overlay-type":"","overlay-color":"","overlay-opacity":"","overlay-gradient":""},"tablet":{"background-color":"","background-image":"","background-repeat":"repeat","background-position":"center center","background-size":"auto","background-attachment":"scroll","background-type":"","background-media":"","overlay-type":"","overlay-color":"","overlay-opacity":"","overlay-gradient":""},"mobile":{"background-color":"","background-image":"","background-repeat":"repeat","background-position":"center center","background-size":"auto","background-attachment":"scroll","background-type":"","background-media":"","overlay-type":"","overlay-color":"","overlay-opacity":"","overlay-gradient":""}},"ast-content-background-meta":{"desktop":{"background-color":"var(--ast-global-color-5)","background-image":"","background-repeat":"repeat","background-position":"center center","background-size":"auto","background-attachment":"scroll","background-type":"","background-media":"","overlay-type":"","overlay-color":"","overlay-opacity":"","overlay-gradient":""},"tablet":{"background-color":"var(--ast-global-color-5)","background-image":"","background-repeat":"repeat","background-position":"center center","background-size":"auto","background-attachment":"scroll","background-type":"","background-media":"","overlay-type":"","overlay-color":"","overlay-opacity":"","overlay-gradient":""},"mobile":{"background-color":"var(--ast-global-color-5)","background-image":"","background-repeat":"repeat","background-position":"center center","background-size":"auto","background-attachment":"scroll","background-type":"","background-media":"","overlay-type":"","overlay-color":"","overlay-opacity":"","overlay-gradient":""}}},"product_brand":[],"product_cat":[17],"product_tag":[295,879,880,878,881,294],"class_list":{"0":"post-35600","1":"product","2":"type-product","3":"status-publish","4":"has-post-thumbnail","6":"product_cat-educacion-primaria","7":"product_tag-5sentidos","8":"product_tag-actividades5sentidos","9":"product_tag-ficha5sentidos","10":"product_tag-los5sentidosinfantil","11":"product_tag-recursoeducativosentidos","12":"product_tag-sentidos","13":"desktop-align-left","14":"tablet-align-left","15":"mobile-align-left","17":"first","18":"instock","19":"downloadable","20":"virtual","21":"taxable","22":"purchasable","23":"product-type-simple"},"yoast_head":"<!-- This site is optimized with the Yoast SEO plugin v26.8 - https:\/\/yoast.com\/product\/yoast-seo-wordpress\/ -->\n<title>Los 5 sentidos infantil \u2013 Material manipulativo5 Sentidos infantil - La Casita Educativa<\/title>\n<meta name=\"description\" content=\"Material educativo de los 5 sentidos para infantil y primaria. Recurso manipulativo imprimible para trabajar vista, o\u00eddo, tacto, gusto y olfato.\" \/>\n<meta name=\"robots\" content=\"index, follow, max-snippet:-1, max-image-preview:large, max-video-preview:-1\" \/>\n<link rel=\"canonical\" href=\"https:\/\/lacasitaeducativa.shop\/index.php\/producto\/5-sentidos\/\" \/>\n<meta property=\"og:locale\" content=\"es_ES\" \/>\n<meta property=\"og:type\" content=\"article\" \/>\n<meta property=\"og:title\" content=\"Los 5 sentidos infantil \u2013 Material manipulativo5 Sentidos infantil - La Casita Educativa\" \/>\n<meta property=\"og:description\" content=\"Material educativo de los 5 sentidos para infantil y primaria. Recurso manipulativo imprimible para trabajar vista, o\u00eddo, tacto, gusto y olfato.\" \/>\n<meta property=\"og:url\" content=\"https:\/\/lacasitaeducativa.shop\/index.php\/producto\/5-sentidos\/\" \/>\n<meta property=\"og:site_name\" content=\"La Casita Educativa\" \/>\n<meta property=\"article:modified_time\" content=\"2026-04-16T05:22:05+00:00\" \/>\n<meta property=\"og:image\" content=\"https:\/\/lacasitaeducativa.shop\/wp-content\/uploads\/2021\/03\/5-S-E-N-T-I-D-O-S.jpg\" \/>\n\t<meta property=\"og:image:width\" content=\"1080\" \/>\n\t<meta property=\"og:image:height\" content=\"1080\" \/>\n\t<meta property=\"og:image:type\" content=\"image\/jpeg\" \/>\n<meta name=\"twitter:card\" content=\"summary_large_image\" \/>\n<meta name=\"twitter:label1\" content=\"Tiempo de lectura\" \/>\n\t<meta name=\"twitter:data1\" content=\"2 minutos\" \/>\n<script type=\"application\/ld+json\" class=\"yoast-schema-graph\">{\"@context\":\"https:\/\/schema.org\",\"@graph\":[{\"@type\":\"WebPage\",\"@id\":\"https:\/\/lacasitaeducativa.shop\/index.php\/producto\/5-sentidos\/\",\"url\":\"https:\/\/lacasitaeducativa.shop\/index.php\/producto\/5-sentidos\/\",\"name\":\"Los 5 sentidos infantil \u2013 Material manipulativo5 Sentidos infantil - La Casita Educativa\",\"isPartOf\":{\"@id\":\"https:\/\/lacasitaeducativa.shop\/#website\"},\"primaryImageOfPage\":{\"@id\":\"https:\/\/lacasitaeducativa.shop\/index.php\/producto\/5-sentidos\/#primaryimage\"},\"image\":{\"@id\":\"https:\/\/lacasitaeducativa.shop\/index.php\/producto\/5-sentidos\/#primaryimage\"},\"thumbnailUrl\":\"https:\/\/lacasitaeducativa.shop\/wp-content\/uploads\/2021\/03\/5-S-E-N-T-I-D-O-S.jpg\",\"datePublished\":\"2021-03-10T20:47:33+00:00\",\"dateModified\":\"2026-04-16T05:22:05+00:00\",\"description\":\"Material educativo de los 5 sentidos para infantil y primaria. Recurso manipulativo imprimible para trabajar vista, o\u00eddo, tacto, gusto y olfato.\",\"breadcrumb\":{\"@id\":\"https:\/\/lacasitaeducativa.shop\/index.php\/producto\/5-sentidos\/#breadcrumb\"},\"inLanguage\":\"es\",\"potentialAction\":[{\"@type\":\"ReadAction\",\"target\":[\"https:\/\/lacasitaeducativa.shop\/index.php\/producto\/5-sentidos\/\"]}]},{\"@type\":\"ImageObject\",\"inLanguage\":\"es\",\"@id\":\"https:\/\/lacasitaeducativa.shop\/index.php\/producto\/5-sentidos\/#primaryimage\",\"url\":\"https:\/\/lacasitaeducativa.shop\/wp-content\/uploads\/2021\/03\/5-S-E-N-T-I-D-O-S.jpg\",\"contentUrl\":\"https:\/\/lacasitaeducativa.shop\/wp-content\/uploads\/2021\/03\/5-S-E-N-T-I-D-O-S.jpg\",\"width\":1080,\"height\":1080,\"caption\":\"5 S E N T I D O S\"},{\"@type\":\"BreadcrumbList\",\"@id\":\"https:\/\/lacasitaeducativa.shop\/index.php\/producto\/5-sentidos\/#breadcrumb\",\"itemListElement\":[{\"@type\":\"ListItem\",\"position\":1,\"name\":\"Portada\",\"item\":\"https:\/\/lacasitaeducativa.shop\/\"},{\"@type\":\"ListItem\",\"position\":2,\"name\":\"Recursos\",\"item\":\"https:\/\/lacasitaeducativa.shop\/index.php\/tienda\/\"},{\"@type\":\"ListItem\",\"position\":3,\"name\":\"5 Sentidos infantil\"}]},{\"@type\":\"WebSite\",\"@id\":\"https:\/\/lacasitaeducativa.shop\/#website\",\"url\":\"https:\/\/lacasitaeducativa.shop\/\",\"name\":\"La Casita Educativa\",\"description\":\"En esta casita encontrar\u00e9is todo tipo de recursos educativos infantiles, desde manualidades hasta actividades, juegos, cuentos, idiomas, adivinanzas y otros.\",\"publisher\":{\"@id\":\"https:\/\/lacasitaeducativa.shop\/#organization\"},\"potentialAction\":[{\"@type\":\"SearchAction\",\"target\":{\"@type\":\"EntryPoint\",\"urlTemplate\":\"https:\/\/lacasitaeducativa.shop\/?s={search_term_string}\"},\"query-input\":{\"@type\":\"PropertyValueSpecification\",\"valueRequired\":true,\"valueName\":\"search_term_string\"}}],\"inLanguage\":\"es\"},{\"@type\":\"Organization\",\"@id\":\"https:\/\/lacasitaeducativa.shop\/#organization\",\"name\":\"La Casita Educativa - LACASITAEDUCATIVA.SHOP\",\"url\":\"https:\/\/lacasitaeducativa.shop\/\",\"logo\":{\"@type\":\"ImageObject\",\"inLanguage\":\"es\",\"@id\":\"https:\/\/lacasitaeducativa.shop\/#\/schema\/logo\/image\/\",\"url\":\"https:\/\/lacasitaeducativa.shop\/wp-content\/uploads\/2020\/08\/Logos-la-casita-educativa-2-1.png\",\"contentUrl\":\"https:\/\/lacasitaeducativa.shop\/wp-content\/uploads\/2020\/08\/Logos-la-casita-educativa-2-1.png\",\"width\":500,\"height\":500,\"caption\":\"La Casita Educativa - LACASITAEDUCATIVA.SHOP\"},\"image\":{\"@id\":\"https:\/\/lacasitaeducativa.shop\/#\/schema\/logo\/image\/\"}}]}<\/script>\n<!-- \/ Yoast SEO plugin. -->","yoast_head_json":{"title":"Los 5 sentidos infantil \u2013 Material manipulativo5 Sentidos infantil - La Casita Educativa","description":"Material educativo de los 5 sentidos para infantil y primaria. Recurso manipulativo imprimible para trabajar vista, o\u00eddo, tacto, gusto y olfato.","robots":{"index":"index","follow":"follow","max-snippet":"max-snippet:-1","max-image-preview":"max-image-preview:large","max-video-preview":"max-video-preview:-1"},"canonical":"https:\/\/lacasitaeducativa.shop\/index.php\/producto\/5-sentidos\/","og_locale":"es_ES","og_type":"article","og_title":"Los 5 sentidos infantil \u2013 Material manipulativo5 Sentidos infantil - La Casita Educativa","og_description":"Material educativo de los 5 sentidos para infantil y primaria. Recurso manipulativo imprimible para trabajar vista, o\u00eddo, tacto, gusto y olfato.","og_url":"https:\/\/lacasitaeducativa.shop\/index.php\/producto\/5-sentidos\/","og_site_name":"La Casita Educativa","article_modified_time":"2026-04-16T05:22:05+00:00","og_image":[{"width":1080,"height":1080,"url":"https:\/\/lacasitaeducativa.shop\/wp-content\/uploads\/2021\/03\/5-S-E-N-T-I-D-O-S.jpg","type":"image\/jpeg"}],"twitter_card":"summary_large_image","twitter_misc":{"Tiempo de lectura":"2 minutos"},"schema":{"@context":"https:\/\/schema.org","@graph":[{"@type":"WebPage","@id":"https:\/\/lacasitaeducativa.shop\/index.php\/producto\/5-sentidos\/","url":"https:\/\/lacasitaeducativa.shop\/index.php\/producto\/5-sentidos\/","name":"Los 5 sentidos infantil \u2013 Material manipulativo5 Sentidos infantil - La Casita Educativa","isPartOf":{"@id":"https:\/\/lacasitaeducativa.shop\/#website"},"primaryImageOfPage":{"@id":"https:\/\/lacasitaeducativa.shop\/index.php\/producto\/5-sentidos\/#primaryimage"},"image":{"@id":"https:\/\/lacasitaeducativa.shop\/index.php\/producto\/5-sentidos\/#primaryimage"},"thumbnailUrl":"https:\/\/lacasitaeducativa.shop\/wp-content\/uploads\/2021\/03\/5-S-E-N-T-I-D-O-S.jpg","datePublished":"2021-03-10T20:47:33+00:00","dateModified":"2026-04-16T05:22:05+00:00","description":"Material educativo de los 5 sentidos para infantil y primaria. Recurso manipulativo imprimible para trabajar vista, o\u00eddo, tacto, gusto y olfato.","breadcrumb":{"@id":"https:\/\/lacasitaeducativa.shop\/index.php\/producto\/5-sentidos\/#breadcrumb"},"inLanguage":"es","potentialAction":[{"@type":"ReadAction","target":["https:\/\/lacasitaeducativa.shop\/index.php\/producto\/5-sentidos\/"]}]},{"@type":"ImageObject","inLanguage":"es","@id":"https:\/\/lacasitaeducativa.shop\/index.php\/producto\/5-sentidos\/#primaryimage","url":"https:\/\/lacasitaeducativa.shop\/wp-content\/uploads\/2021\/03\/5-S-E-N-T-I-D-O-S.jpg","contentUrl":"https:\/\/lacasitaeducativa.shop\/wp-content\/uploads\/2021\/03\/5-S-E-N-T-I-D-O-S.jpg","width":1080,"height":1080,"caption":"5 S E N T I D O S"},{"@type":"BreadcrumbList","@id":"https:\/\/lacasitaeducativa.shop\/index.php\/producto\/5-sentidos\/#breadcrumb","itemListElement":[{"@type":"ListItem","position":1,"name":"Portada","item":"https:\/\/lacasitaeducativa.shop\/"},{"@type":"ListItem","position":2,"name":"Recursos","item":"https:\/\/lacasitaeducativa.shop\/index.php\/tienda\/"},{"@type":"ListItem","position":3,"name":"5 Sentidos infantil"}]},{"@type":"WebSite","@id":"https:\/\/lacasitaeducativa.shop\/#website","url":"https:\/\/lacasitaeducativa.shop\/","name":"La Casita Educativa","description":"En esta casita encontrar\u00e9is todo tipo de recursos educativos infantiles, desde manualidades hasta actividades, juegos, cuentos, idiomas, adivinanzas y otros.","publisher":{"@id":"https:\/\/lacasitaeducativa.shop\/#organization"},"potentialAction":[{"@type":"SearchAction","target":{"@type":"EntryPoint","urlTemplate":"https:\/\/lacasitaeducativa.shop\/?s={search_term_string}"},"query-input":{"@type":"PropertyValueSpecification","valueRequired":true,"valueName":"search_term_string"}}],"inLanguage":"es"},{"@type":"Organization","@id":"https:\/\/lacasitaeducativa.shop\/#organization","name":"La Casita Educativa - LACASITAEDUCATIVA.SHOP","url":"https:\/\/lacasitaeducativa.shop\/","logo":{"@type":"ImageObject","inLanguage":"es","@id":"https:\/\/lacasitaeducativa.shop\/#\/schema\/logo\/image\/","url":"https:\/\/lacasitaeducativa.shop\/wp-content\/uploads\/2020\/08\/Logos-la-casita-educativa-2-1.png","contentUrl":"https:\/\/lacasitaeducativa.shop\/wp-content\/uploads\/2020\/08\/Logos-la-casita-educativa-2-1.png","width":500,"height":500,"caption":"La Casita Educativa - LACASITAEDUCATIVA.SHOP"},"image":{"@id":"https:\/\/lacasitaeducativa.shop\/#\/schema\/logo\/image\/"}}]}},"_links":{"self":[{"href":"https:\/\/lacasitaeducativa.shop\/index.php\/wp-json\/wp\/v2\/product\/35600","targetHints":{"allow":["GET"]}}],"collection":[{"href":"https:\/\/lacasitaeducativa.shop\/index.php\/wp-json\/wp\/v2\/product"}],"about":[{"href":"https:\/\/lacasitaeducativa.shop\/index.php\/wp-json\/wp\/v2\/types\/product"}],"replies":[{"embeddable":true,"href":"https:\/\/lacasitaeducativa.shop\/index.php\/wp-json\/wp\/v2\/comments?post=35600"}],"wp:featuredmedia":[{"embeddable":true,"href":"https:\/\/lacasitaeducativa.shop\/index.php\/wp-json\/wp\/v2\/media\/35607"}],"wp:attachment":[{"href":"https:\/\/lacasitaeducativa.shop\/index.php\/wp-json\/wp\/v2\/media?parent=35600"}],"wp:term":[{"taxonomy":"product_brand","embeddable":true,"href":"https:\/\/lacasitaeducativa.shop\/index.php\/wp-json\/wp\/v2\/product_brand?post=35600"},{"taxonomy":"product_cat","embeddable":true,"href":"https:\/\/lacasitaeducativa.shop\/index.php\/wp-json\/wp\/v2\/product_cat?post=35600"},{"taxonomy":"product_tag","embeddable":true,"href":"https:\/\/lacasitaeducativa.shop\/index.php\/wp-json\/wp\/v2\/product_tag?post=35600"}],"curies":[{"name":"wp","href":"https:\/\/api.w.org\/{rel}","templated":true}]}}