{"id":363122,"date":"2024-06-04T13:12:09","date_gmt":"2024-06-04T13:12:09","guid":{"rendered":"https:\/\/lacasitaeducativa.shop\/?post_type=product&#038;p=363122"},"modified":"2026-04-12T17:24:25","modified_gmt":"2026-04-12T17:24:25","slug":"caja-registradora-con-sumas","status":"publish","type":"product","link":"https:\/\/lacasitaeducativa.shop\/index.php\/producto\/caja-registradora-con-sumas\/","title":{"rendered":"Caja registradora con sumas"},"content":{"rendered":"<h3 data-section-id=\"1vlo1k2\" data-start=\"1808\" data-end=\"1849\">\ud83c\udfaf \u00bfQu\u00e9 aprender\u00e1n con la caja registradora?<\/h3>\n<ul data-start=\"1851\" data-end=\"1988\">\n<li data-section-id=\"is0rp6\" data-start=\"1851\" data-end=\"1879\">Sumas con y sin llevadas<\/li>\n<li data-section-id=\"1mbmtr8\" data-start=\"1880\" data-end=\"1920\">Comprensi\u00f3n del algoritmo de la suma<\/li>\n<li data-section-id=\"1mpltzn\" data-start=\"1921\" data-end=\"1956\">Resoluci\u00f3n de problemas b\u00e1sicos<\/li>\n<li data-section-id=\"1jzw7zo\" data-start=\"1957\" data-end=\"1988\">Autonom\u00eda en el aprendizaje<\/li>\n<\/ul>\n<p data-start=\"1990\" data-end=\"2093\">Este recurso es ideal para <strong data-start=\"2017\" data-end=\"2060\">educaci\u00f3n primaria (a partir de 6 a\u00f1os)<\/strong> y tambi\u00e9n como refuerzo en casa.<\/p>\n<h3 data-section-id=\"r9r2n1\" data-start=\"2100\" data-end=\"2144\">\u2702\ufe0f Material manipulativo listo para usar<\/h3>\n<p data-start=\"2146\" data-end=\"2154\">Incluye:<\/p>\n<ul data-start=\"2156\" data-end=\"2267\">\n<li data-section-id=\"18w21eh\" data-start=\"2156\" data-end=\"2210\">1 plantilla de <strong data-start=\"2173\" data-end=\"2208\">caja registradora en formato A4<\/strong><\/li>\n<li data-section-id=\"13nu3sm\" data-start=\"2211\" data-end=\"2267\">Opci\u00f3n de plastificar o usar como ficha reutilizable<\/li>\n<\/ul>\n<p data-start=\"2269\" data-end=\"2312\">Solo tienes que imprimir y empezar a jugar.<\/p>\n<h3 data-section-id=\"889wv8\" data-start=\"2319\" data-end=\"2367\">\ud83d\udca1 Beneficios de usar esta caja registradora<\/h3>\n<ul data-start=\"2369\" data-end=\"2498\">\n<li data-section-id=\"1m0dq4s\" data-start=\"2369\" data-end=\"2403\">Aprendizaje a trav\u00e9s del juego<\/li>\n<li data-section-id=\"jtxy5l\" data-start=\"2404\" data-end=\"2439\">Mayor motivaci\u00f3n en matem\u00e1ticas<\/li>\n<li data-section-id=\"1qaplrj\" data-start=\"2440\" data-end=\"2471\">Material visual y atractivo<\/li>\n<li data-section-id=\"oks2x\" data-start=\"2472\" data-end=\"2498\">Ideal para aula o casa<\/li>\n<\/ul>\n<h3 data-section-id=\"1gqregq\" data-start=\"2505\" data-end=\"2548\">\ud83d\udc69\u200d\ud83c\udfeb Perfecto para docentes y familias<\/h3>\n<p data-start=\"2550\" data-end=\"2699\">Este <strong data-start=\"2555\" data-end=\"2584\">juego de sumas imprimible<\/strong> convierte el aprendizaje en una experiencia divertida.<br data-start=\"2639\" data-end=\"2642\" \/>A los ni\u00f1os les encanta y quieren repetir una y otra vez.<\/p>\n<p><strong>IDIOMA<\/strong><\/p>\n<p>Castellano<\/p>\n<p>*Si quieres ver m\u00e1s materiales de sumas con llevadas, mira\u00a0<a href=\"https:\/\/lacasitaeducativa.shop\/?s=llevadas&amp;post_type=product\">AQU\u00cd<\/a><\/p>\n","protected":false},"excerpt":{"rendered":"<p data-section-id=\"wzkkvy\" data-start=\"1396\" data-end=\"1459\">Caja registradora para trabajar sumas de forma divertida<\/p>\n<p data-start=\"1461\" data-end=\"1669\">\u00bfBuscas un <strong data-start=\"1472\" data-end=\"1511\">recurso manipulativo de matem\u00e1ticas<\/strong> que motive a tu alumnado?<br data-start=\"1537\" data-end=\"1540\" \/>Esta <strong data-start=\"1545\" data-end=\"1586\">caja registradora para sumas infantil<\/strong> y primaria es perfecta para trabajar las operaciones b\u00e1sicas de forma l\u00fadica y significativa.<\/p>\n<p data-start=\"1671\" data-end=\"1801\">Los ni\u00f1os y ni\u00f1as aprender\u00e1n a realizar <strong data-start=\"1711\" data-end=\"1733\">sumas con llevadas<\/strong> mientras juegan, aumentando su motivaci\u00f3n y comprensi\u00f3n matem\u00e1tica.<\/p>\n<p><script async src=\"https:\/\/pagead2.googlesyndication.com\/pagead\/js\/adsbygoogle.js\"><\/script><br \/>\n<!-- Horizontal-Adaptable --><br \/>\n<ins class=\"adsbygoogle\" style=\"display: block;\" data-ad-client=\"ca-pub-1103545772104863\" data-ad-slot=\"5194289265\" data-ad-format=\"auto\" data-full-width-responsive=\"true\"><\/ins><br \/>\n<script>\n     (adsbygoogle = window.adsbygoogle || []).push({});\n<\/script><\/p>\n","protected":false},"featured_media":363127,"comment_status":"open","ping_status":"closed","template":"","meta":{"site-sidebar-layout":"default","site-content-layout":"","ast-site-content-layout":"default","site-content-style":"default","site-sidebar-style":"default","ast-global-header-display":"","ast-banner-title-visibility":"","ast-main-header-display":"","ast-hfb-above-header-display":"","ast-hfb-below-header-display":"","ast-hfb-mobile-header-display":"","site-post-title":"","ast-breadcrumbs-content":"","ast-featured-img":"","footer-sml-layout":"","ast-disable-related-posts":"","theme-transparent-header-meta":"default","adv-header-id-meta":"","stick-header-meta":"","header-above-stick-meta":"","header-main-stick-meta":"","header-below-stick-meta":"","astra-migrate-meta-layouts":"set","ast-page-background-enabled":"default","ast-page-background-meta":{"desktop":{"background-color":"","background-image":"","background-repeat":"repeat","background-position":"center center","background-size":"auto","background-attachment":"scroll","background-type":"","background-media":"","overlay-type":"","overlay-color":"","overlay-opacity":"","overlay-gradient":""},"tablet":{"background-color":"","background-image":"","background-repeat":"repeat","background-position":"center center","background-size":"auto","background-attachment":"scroll","background-type":"","background-media":"","overlay-type":"","overlay-color":"","overlay-opacity":"","overlay-gradient":""},"mobile":{"background-color":"","background-image":"","background-repeat":"repeat","background-position":"center center","background-size":"auto","background-attachment":"scroll","background-type":"","background-media":"","overlay-type":"","overlay-color":"","overlay-opacity":"","overlay-gradient":""}},"ast-content-background-meta":{"desktop":{"background-color":"var(--ast-global-color-5)","background-image":"","background-repeat":"repeat","background-position":"center center","background-size":"auto","background-attachment":"scroll","background-type":"","background-media":"","overlay-type":"","overlay-color":"","overlay-opacity":"","overlay-gradient":""},"tablet":{"background-color":"var(--ast-global-color-5)","background-image":"","background-repeat":"repeat","background-position":"center center","background-size":"auto","background-attachment":"scroll","background-type":"","background-media":"","overlay-type":"","overlay-color":"","overlay-opacity":"","overlay-gradient":""},"mobile":{"background-color":"var(--ast-global-color-5)","background-image":"","background-repeat":"repeat","background-position":"center center","background-size":"auto","background-attachment":"scroll","background-type":"","background-media":"","overlay-type":"","overlay-color":"","overlay-opacity":"","overlay-gradient":""}}},"product_brand":[],"product_cat":[78],"product_tag":[870,871,874,873,96,872],"class_list":{"0":"post-363122","1":"product","2":"type-product","3":"status-publish","4":"has-post-thumbnail","6":"product_cat-matematicas","7":"product_tag-cajaregistradora","8":"product_tag-cajaregistradorasumas","9":"product_tag-juegodesumasimprimible","10":"product_tag-materialmanipulaivamatematicas","11":"product_tag-sumas","12":"product_tag-sumasconllevadas","13":"desktop-align-left","14":"tablet-align-left","15":"mobile-align-left","17":"first","18":"instock","19":"downloadable","20":"virtual","21":"taxable","22":"purchasable","23":"product-type-simple"},"yoast_head":"<!-- This site is optimized with the Yoast SEO plugin v26.8 - https:\/\/yoast.com\/product\/yoast-seo-wordpress\/ -->\n<title>Caja registradora con sumas<\/title>\n<meta name=\"description\" content=\"Recurso manipulativo de caja registradora para trabajar sumas con llevadas en primaria. Actividad divertida, imprimible y educativa.\" \/>\n<meta name=\"robots\" content=\"index, follow, max-snippet:-1, max-image-preview:large, max-video-preview:-1\" \/>\n<link rel=\"canonical\" href=\"https:\/\/lacasitaeducativa.shop\/index.php\/producto\/caja-registradora-con-sumas\/\" \/>\n<meta property=\"og:locale\" content=\"es_ES\" \/>\n<meta property=\"og:type\" content=\"article\" \/>\n<meta property=\"og:title\" content=\"Caja registradora con sumas\" \/>\n<meta property=\"og:description\" content=\"Recurso manipulativo de caja registradora para trabajar sumas con llevadas en primaria. Actividad divertida, imprimible y educativa.\" \/>\n<meta property=\"og:url\" content=\"https:\/\/lacasitaeducativa.shop\/index.php\/producto\/caja-registradora-con-sumas\/\" \/>\n<meta property=\"og:site_name\" content=\"La Casita Educativa\" \/>\n<meta property=\"article:modified_time\" content=\"2026-04-12T17:24:25+00:00\" \/>\n<meta property=\"og:image\" content=\"https:\/\/lacasitaeducativa.shop\/wp-content\/uploads\/2024\/06\/Caja-registradora.jpg\" \/>\n\t<meta property=\"og:image:width\" content=\"1080\" \/>\n\t<meta property=\"og:image:height\" content=\"1080\" \/>\n\t<meta property=\"og:image:type\" content=\"image\/jpeg\" \/>\n<meta name=\"twitter:card\" content=\"summary_large_image\" \/>\n<meta name=\"twitter:label1\" content=\"Tiempo de lectura\" \/>\n\t<meta name=\"twitter:data1\" content=\"1 minuto\" \/>\n<script type=\"application\/ld+json\" class=\"yoast-schema-graph\">{\"@context\":\"https:\/\/schema.org\",\"@graph\":[{\"@type\":\"WebPage\",\"@id\":\"https:\/\/lacasitaeducativa.shop\/index.php\/producto\/caja-registradora-con-sumas\/\",\"url\":\"https:\/\/lacasitaeducativa.shop\/index.php\/producto\/caja-registradora-con-sumas\/\",\"name\":\"Caja registradora con sumas\",\"isPartOf\":{\"@id\":\"https:\/\/lacasitaeducativa.shop\/#website\"},\"primaryImageOfPage\":{\"@id\":\"https:\/\/lacasitaeducativa.shop\/index.php\/producto\/caja-registradora-con-sumas\/#primaryimage\"},\"image\":{\"@id\":\"https:\/\/lacasitaeducativa.shop\/index.php\/producto\/caja-registradora-con-sumas\/#primaryimage\"},\"thumbnailUrl\":\"https:\/\/lacasitaeducativa.shop\/wp-content\/uploads\/2024\/06\/Caja-registradora.jpg\",\"datePublished\":\"2024-06-04T13:12:09+00:00\",\"dateModified\":\"2026-04-12T17:24:25+00:00\",\"description\":\"Recurso manipulativo de caja registradora para trabajar sumas con llevadas en primaria. Actividad divertida, imprimible y educativa.\",\"breadcrumb\":{\"@id\":\"https:\/\/lacasitaeducativa.shop\/index.php\/producto\/caja-registradora-con-sumas\/#breadcrumb\"},\"inLanguage\":\"es\",\"potentialAction\":[{\"@type\":\"ReadAction\",\"target\":[\"https:\/\/lacasitaeducativa.shop\/index.php\/producto\/caja-registradora-con-sumas\/\"]}]},{\"@type\":\"ImageObject\",\"inLanguage\":\"es\",\"@id\":\"https:\/\/lacasitaeducativa.shop\/index.php\/producto\/caja-registradora-con-sumas\/#primaryimage\",\"url\":\"https:\/\/lacasitaeducativa.shop\/wp-content\/uploads\/2024\/06\/Caja-registradora.jpg\",\"contentUrl\":\"https:\/\/lacasitaeducativa.shop\/wp-content\/uploads\/2024\/06\/Caja-registradora.jpg\",\"width\":1080,\"height\":1080,\"caption\":\"Caja registradora\"},{\"@type\":\"BreadcrumbList\",\"@id\":\"https:\/\/lacasitaeducativa.shop\/index.php\/producto\/caja-registradora-con-sumas\/#breadcrumb\",\"itemListElement\":[{\"@type\":\"ListItem\",\"position\":1,\"name\":\"Portada\",\"item\":\"https:\/\/lacasitaeducativa.shop\/\"},{\"@type\":\"ListItem\",\"position\":2,\"name\":\"Recursos\",\"item\":\"https:\/\/lacasitaeducativa.shop\/index.php\/tienda\/\"},{\"@type\":\"ListItem\",\"position\":3,\"name\":\"Caja registradora con sumas\"}]},{\"@type\":\"WebSite\",\"@id\":\"https:\/\/lacasitaeducativa.shop\/#website\",\"url\":\"https:\/\/lacasitaeducativa.shop\/\",\"name\":\"La Casita Educativa\",\"description\":\"En esta casita encontrar\u00e9is todo tipo de recursos educativos infantiles, desde manualidades hasta actividades, juegos, cuentos, idiomas, adivinanzas y otros.\",\"publisher\":{\"@id\":\"https:\/\/lacasitaeducativa.shop\/#organization\"},\"potentialAction\":[{\"@type\":\"SearchAction\",\"target\":{\"@type\":\"EntryPoint\",\"urlTemplate\":\"https:\/\/lacasitaeducativa.shop\/?s={search_term_string}\"},\"query-input\":{\"@type\":\"PropertyValueSpecification\",\"valueRequired\":true,\"valueName\":\"search_term_string\"}}],\"inLanguage\":\"es\"},{\"@type\":\"Organization\",\"@id\":\"https:\/\/lacasitaeducativa.shop\/#organization\",\"name\":\"La Casita Educativa - LACASITAEDUCATIVA.SHOP\",\"url\":\"https:\/\/lacasitaeducativa.shop\/\",\"logo\":{\"@type\":\"ImageObject\",\"inLanguage\":\"es\",\"@id\":\"https:\/\/lacasitaeducativa.shop\/#\/schema\/logo\/image\/\",\"url\":\"https:\/\/lacasitaeducativa.shop\/wp-content\/uploads\/2020\/08\/Logos-la-casita-educativa-2-1.png\",\"contentUrl\":\"https:\/\/lacasitaeducativa.shop\/wp-content\/uploads\/2020\/08\/Logos-la-casita-educativa-2-1.png\",\"width\":500,\"height\":500,\"caption\":\"La Casita Educativa - LACASITAEDUCATIVA.SHOP\"},\"image\":{\"@id\":\"https:\/\/lacasitaeducativa.shop\/#\/schema\/logo\/image\/\"}}]}<\/script>\n<!-- \/ Yoast SEO plugin. -->","yoast_head_json":{"title":"Caja registradora con sumas","description":"Recurso manipulativo de caja registradora para trabajar sumas con llevadas en primaria. Actividad divertida, imprimible y educativa.","robots":{"index":"index","follow":"follow","max-snippet":"max-snippet:-1","max-image-preview":"max-image-preview:large","max-video-preview":"max-video-preview:-1"},"canonical":"https:\/\/lacasitaeducativa.shop\/index.php\/producto\/caja-registradora-con-sumas\/","og_locale":"es_ES","og_type":"article","og_title":"Caja registradora con sumas","og_description":"Recurso manipulativo de caja registradora para trabajar sumas con llevadas en primaria. Actividad divertida, imprimible y educativa.","og_url":"https:\/\/lacasitaeducativa.shop\/index.php\/producto\/caja-registradora-con-sumas\/","og_site_name":"La Casita Educativa","article_modified_time":"2026-04-12T17:24:25+00:00","og_image":[{"width":1080,"height":1080,"url":"https:\/\/lacasitaeducativa.shop\/wp-content\/uploads\/2024\/06\/Caja-registradora.jpg","type":"image\/jpeg"}],"twitter_card":"summary_large_image","twitter_misc":{"Tiempo de lectura":"1 minuto"},"schema":{"@context":"https:\/\/schema.org","@graph":[{"@type":"WebPage","@id":"https:\/\/lacasitaeducativa.shop\/index.php\/producto\/caja-registradora-con-sumas\/","url":"https:\/\/lacasitaeducativa.shop\/index.php\/producto\/caja-registradora-con-sumas\/","name":"Caja registradora con sumas","isPartOf":{"@id":"https:\/\/lacasitaeducativa.shop\/#website"},"primaryImageOfPage":{"@id":"https:\/\/lacasitaeducativa.shop\/index.php\/producto\/caja-registradora-con-sumas\/#primaryimage"},"image":{"@id":"https:\/\/lacasitaeducativa.shop\/index.php\/producto\/caja-registradora-con-sumas\/#primaryimage"},"thumbnailUrl":"https:\/\/lacasitaeducativa.shop\/wp-content\/uploads\/2024\/06\/Caja-registradora.jpg","datePublished":"2024-06-04T13:12:09+00:00","dateModified":"2026-04-12T17:24:25+00:00","description":"Recurso manipulativo de caja registradora para trabajar sumas con llevadas en primaria. Actividad divertida, imprimible y educativa.","breadcrumb":{"@id":"https:\/\/lacasitaeducativa.shop\/index.php\/producto\/caja-registradora-con-sumas\/#breadcrumb"},"inLanguage":"es","potentialAction":[{"@type":"ReadAction","target":["https:\/\/lacasitaeducativa.shop\/index.php\/producto\/caja-registradora-con-sumas\/"]}]},{"@type":"ImageObject","inLanguage":"es","@id":"https:\/\/lacasitaeducativa.shop\/index.php\/producto\/caja-registradora-con-sumas\/#primaryimage","url":"https:\/\/lacasitaeducativa.shop\/wp-content\/uploads\/2024\/06\/Caja-registradora.jpg","contentUrl":"https:\/\/lacasitaeducativa.shop\/wp-content\/uploads\/2024\/06\/Caja-registradora.jpg","width":1080,"height":1080,"caption":"Caja registradora"},{"@type":"BreadcrumbList","@id":"https:\/\/lacasitaeducativa.shop\/index.php\/producto\/caja-registradora-con-sumas\/#breadcrumb","itemListElement":[{"@type":"ListItem","position":1,"name":"Portada","item":"https:\/\/lacasitaeducativa.shop\/"},{"@type":"ListItem","position":2,"name":"Recursos","item":"https:\/\/lacasitaeducativa.shop\/index.php\/tienda\/"},{"@type":"ListItem","position":3,"name":"Caja registradora con sumas"}]},{"@type":"WebSite","@id":"https:\/\/lacasitaeducativa.shop\/#website","url":"https:\/\/lacasitaeducativa.shop\/","name":"La Casita Educativa","description":"En esta casita encontrar\u00e9is todo tipo de recursos educativos infantiles, desde manualidades hasta actividades, juegos, cuentos, idiomas, adivinanzas y otros.","publisher":{"@id":"https:\/\/lacasitaeducativa.shop\/#organization"},"potentialAction":[{"@type":"SearchAction","target":{"@type":"EntryPoint","urlTemplate":"https:\/\/lacasitaeducativa.shop\/?s={search_term_string}"},"query-input":{"@type":"PropertyValueSpecification","valueRequired":true,"valueName":"search_term_string"}}],"inLanguage":"es"},{"@type":"Organization","@id":"https:\/\/lacasitaeducativa.shop\/#organization","name":"La Casita Educativa - LACASITAEDUCATIVA.SHOP","url":"https:\/\/lacasitaeducativa.shop\/","logo":{"@type":"ImageObject","inLanguage":"es","@id":"https:\/\/lacasitaeducativa.shop\/#\/schema\/logo\/image\/","url":"https:\/\/lacasitaeducativa.shop\/wp-content\/uploads\/2020\/08\/Logos-la-casita-educativa-2-1.png","contentUrl":"https:\/\/lacasitaeducativa.shop\/wp-content\/uploads\/2020\/08\/Logos-la-casita-educativa-2-1.png","width":500,"height":500,"caption":"La Casita Educativa - LACASITAEDUCATIVA.SHOP"},"image":{"@id":"https:\/\/lacasitaeducativa.shop\/#\/schema\/logo\/image\/"}}]}},"_links":{"self":[{"href":"https:\/\/lacasitaeducativa.shop\/index.php\/wp-json\/wp\/v2\/product\/363122","targetHints":{"allow":["GET"]}}],"collection":[{"href":"https:\/\/lacasitaeducativa.shop\/index.php\/wp-json\/wp\/v2\/product"}],"about":[{"href":"https:\/\/lacasitaeducativa.shop\/index.php\/wp-json\/wp\/v2\/types\/product"}],"replies":[{"embeddable":true,"href":"https:\/\/lacasitaeducativa.shop\/index.php\/wp-json\/wp\/v2\/comments?post=363122"}],"wp:featuredmedia":[{"embeddable":true,"href":"https:\/\/lacasitaeducativa.shop\/index.php\/wp-json\/wp\/v2\/media\/363127"}],"wp:attachment":[{"href":"https:\/\/lacasitaeducativa.shop\/index.php\/wp-json\/wp\/v2\/media?parent=363122"}],"wp:term":[{"taxonomy":"product_brand","embeddable":true,"href":"https:\/\/lacasitaeducativa.shop\/index.php\/wp-json\/wp\/v2\/product_brand?post=363122"},{"taxonomy":"product_cat","embeddable":true,"href":"https:\/\/lacasitaeducativa.shop\/index.php\/wp-json\/wp\/v2\/product_cat?post=363122"},{"taxonomy":"product_tag","embeddable":true,"href":"https:\/\/lacasitaeducativa.shop\/index.php\/wp-json\/wp\/v2\/product_tag?post=363122"}],"curies":[{"name":"wp","href":"https:\/\/api.w.org\/{rel}","templated":true}]}}