{"id":370,"date":"2020-08-29T17:04:42","date_gmt":"2020-08-29T17:04:42","guid":{"rendered":"http:\/\/45.131.80.30\/~condenom\/lacasitaeducativa\/?post_type=product&#038;p=370"},"modified":"2026-04-28T10:05:27","modified_gmt":"2026-04-28T10:05:27","slug":"familias-numeros","status":"publish","type":"product","link":"https:\/\/lacasitaeducativa.shop\/index.php\/producto\/familias-numeros\/","title":{"rendered":"Aprender los n\u00fameros &#8211; Familias de n\u00fameros"},"content":{"rendered":"<p data-start=\"475\" data-end=\"873\">Este material did\u00e1ctico presenta los n\u00fameros organizados en forma de casitas, facilitando que el alumnado comprenda c\u00f3mo se agrupan y se relacionan entre s\u00ed. A trav\u00e9s del juego y la manipulaci\u00f3n, los ni\u00f1os y ni\u00f1as desarrollan una base s\u00f3lida en matem\u00e1ticas, favoreciendo el aprendizaje del conteo, la secuencia num\u00e9rica y conceptos como anterior y posterior.<\/p>\n<p data-start=\"875\" data-end=\"1240\">Perfecto para trabajar en el aula o en casa, este recurso permite m\u00faltiples formas de uso: escribir, completar, manipular o jugar con n\u00fameros, adapt\u00e1ndose al ritmo de cada alumno\/a. Adem\u00e1s, su formato visual y atractivo aumenta la motivaci\u00f3n y la participaci\u00f3n activa, haciendo que el aprendizaje sea m\u00e1s efectivo y duradero.<\/p>\n<p><strong>CONTENIDO<\/strong><\/p>\n<p>El material de las casitas num\u00e9ricas contiene:<\/p>\n<ul>\n<li>10 Plantillas en forma de casa<\/li>\n<li>10 Plantillas en forma de casa con la numeraci\u00f3n en linea discontinua para poder trazar.<\/li>\n<\/ul>\n<h3 data-section-id=\"jcrdk5\" data-start=\"1242\" data-end=\"1291\">\u270f\ufe0f \u00bfQu\u00e9 se trabaja con las casitas num\u00e9ricas?<\/h3>\n<ul data-start=\"1292\" data-end=\"1473\">\n<li data-section-id=\"1ynjo94\" data-start=\"1292\" data-end=\"1334\">Reconocimiento y graf\u00eda de los n\u00fameros<\/li>\n<li data-section-id=\"4yd93e\" data-start=\"1335\" data-end=\"1358\">Ordenaci\u00f3n num\u00e9rica<\/li>\n<li data-section-id=\"1aruv91\" data-start=\"1359\" data-end=\"1392\">Familias de n\u00fameros (decenas)<\/li>\n<li data-section-id=\"iof757\" data-start=\"1393\" data-end=\"1424\">Conteo y secuencia num\u00e9rica<\/li>\n<li data-section-id=\"p43o8r\" data-start=\"1425\" data-end=\"1473\">Desarrollo del pensamiento l\u00f3gico-matem\u00e1tico<\/li>\n<\/ul>\n<h3 data-section-id=\"1bp9xn4\" data-start=\"1475\" data-end=\"1514\">\ud83d\udc69\u200d\ud83c\udfeb \u00bfPara qui\u00e9n est\u00e1 recomendado?<\/h3>\n<ul data-start=\"1515\" data-end=\"1597\">\n<li data-section-id=\"4udwc6\" data-start=\"1515\" data-end=\"1537\">Educaci\u00f3n Infantil<\/li>\n<li data-section-id=\"s4y0zz\" data-start=\"1538\" data-end=\"1566\">Primer ciclo de Primaria<\/li>\n<li data-section-id=\"1xwk37r\" data-start=\"1567\" data-end=\"1597\">Refuerzo educativo en casa<\/li>\n<\/ul>\n<p data-start=\"1599\" data-end=\"1862\">Las <strong data-start=\"1603\" data-end=\"1624\">casitas num\u00e9ricas<\/strong> son un recurso imprescindible para docentes y familias que buscan ense\u00f1ar matem\u00e1ticas de forma manipulativa, l\u00fadica y eficaz, sentando las bases para futuros aprendizajes matem\u00e1ticos m\u00e1s complejos.<\/p>\n<p>Tambi\u00e9n tenemos otros recursos relacionados con los n\u00fameros, pod\u00e9is echarles un vistazo a trav\u00e9s de los siguientes enlaces:<\/p>\n<p><a href=\"https:\/\/lacasitaeducativa.shop\/index.php\/producto\/crea-numeros\/\" target=\"_blank\" rel=\"noopener noreferrer\">Crea n\u00fameros<\/a><\/p>\n<p><a href=\"https:\/\/lacasitaeducativa.shop\/index.php\/producto\/memory-numeros\/\" target=\"_blank\" rel=\"noopener noreferrer\">Memory n\u00fameros<\/a><\/p>\n<p><a href=\"https:\/\/lacasitaeducativa.shop\/index.php\/producto\/aprende-los-numeros-del-1-al-20\/\" target=\"_blank\" rel=\"noopener noreferrer\">N\u00fameros del 1 al 20<\/a><\/p>\n<p><a href=\"https:\/\/lacasitaeducativa.shop\/index.php\/producto\/ratoncito-numerico\/\" target=\"_blank\" rel=\"noopener noreferrer\">Ratoncito num\u00e9rico<\/a><\/p>\n","protected":false},"excerpt":{"rendered":"<p>Las <strong data-start=\"249\" data-end=\"270\">casitas num\u00e9ricas<\/strong> son un recurso educativo manipulativo ideal para trabajar la <strong data-start=\"332\" data-end=\"396\">numeraci\u00f3n, el orden de los n\u00fameros y las familias num\u00e9ricas<\/strong> de forma visual, divertida y significativa en Educaci\u00f3n Infantil y Primaria.<\/p>\n<p>Recomendado a partir de 6-7 a\u00f1os.<\/p>\n<p><script async src=\"https:\/\/pagead2.googlesyndication.com\/pagead\/js\/adsbygoogle.js\"><\/script><br \/>\n<!-- Horizontal-Adaptable --><br \/>\n<ins class=\"adsbygoogle\" style=\"display: block;\" data-ad-client=\"ca-pub-1103545772104863\" data-ad-slot=\"5194289265\" data-ad-format=\"auto\" data-full-width-responsive=\"true\"><\/ins><br \/>\n<script>\n     (adsbygoogle = window.adsbygoogle || []).push({});\n<\/script><\/p>\n","protected":false},"featured_media":517692,"comment_status":"open","ping_status":"closed","template":"","meta":{"site-sidebar-layout":"default","site-content-layout":"default","ast-site-content-layout":"default","site-content-style":"default","site-sidebar-style":"default","ast-global-header-display":"","ast-banner-title-visibility":"","ast-main-header-display":"","ast-hfb-above-header-display":"","ast-hfb-below-header-display":"","ast-hfb-mobile-header-display":"","site-post-title":"","ast-breadcrumbs-content":"","ast-featured-img":"","footer-sml-layout":"","ast-disable-related-posts":"","theme-transparent-header-meta":"default","adv-header-id-meta":"","stick-header-meta":"","header-above-stick-meta":"","header-main-stick-meta":"","header-below-stick-meta":"","astra-migrate-meta-layouts":"set","ast-page-background-enabled":"default","ast-page-background-meta":{"desktop":{"background-color":"","background-image":"","background-repeat":"repeat","background-position":"center center","background-size":"auto","background-attachment":"scroll","background-type":"","background-media":"","overlay-type":"","overlay-color":"","overlay-opacity":"","overlay-gradient":""},"tablet":{"background-color":"","background-image":"","background-repeat":"repeat","background-position":"center center","background-size":"auto","background-attachment":"scroll","background-type":"","background-media":"","overlay-type":"","overlay-color":"","overlay-opacity":"","overlay-gradient":""},"mobile":{"background-color":"","background-image":"","background-repeat":"repeat","background-position":"center center","background-size":"auto","background-attachment":"scroll","background-type":"","background-media":"","overlay-type":"","overlay-color":"","overlay-opacity":"","overlay-gradient":""}},"ast-content-background-meta":{"desktop":{"background-color":"var(--ast-global-color-5)","background-image":"","background-repeat":"repeat","background-position":"center center","background-size":"auto","background-attachment":"scroll","background-type":"","background-media":"","overlay-type":"","overlay-color":"","overlay-opacity":"","overlay-gradient":""},"tablet":{"background-color":"var(--ast-global-color-5)","background-image":"","background-repeat":"repeat","background-position":"center center","background-size":"auto","background-attachment":"scroll","background-type":"","background-media":"","overlay-type":"","overlay-color":"","overlay-opacity":"","overlay-gradient":""},"mobile":{"background-color":"var(--ast-global-color-5)","background-image":"","background-repeat":"repeat","background-position":"center center","background-size":"auto","background-attachment":"scroll","background-type":"","background-media":"","overlay-type":"","overlay-color":"","overlay-opacity":"","overlay-gradient":""}}},"product_brand":[],"product_cat":[91],"product_tag":[939,938,150,895,937,110,940],"class_list":{"0":"post-370","1":"product","2":"type-product","3":"status-publish","4":"has-post-thumbnail","6":"product_cat-numeros","7":"product_tag-aprendernumerosinfantil","8":"product_tag-familiasdenumeros","9":"product_tag-matematicas","10":"product_tag-materialmanipulativomatematicas","11":"product_tag-numeracionprimaria","12":"product_tag-numeros","13":"product_tag-numeros1al100","14":"desktop-align-left","15":"tablet-align-left","16":"mobile-align-left","18":"first","19":"instock","20":"downloadable","21":"virtual","22":"taxable","23":"purchasable","24":"product-type-simple"},"yoast_head":"<!-- This site is optimized with the Yoast SEO plugin v26.8 - https:\/\/yoast.com\/product\/yoast-seo-wordpress\/ -->\n<title>Aprender los n\u00fameros - Casitas num\u00e9ricas -La Casita Educativa<\/title>\n<meta name=\"description\" content=\"Recurso manipulativo de casitas num\u00e9ricas para aprender n\u00fameros y familias num\u00e9ricas en infantil y primaria. Material educativo imprimible y divertido.\" \/>\n<meta name=\"robots\" content=\"index, follow, max-snippet:-1, max-image-preview:large, max-video-preview:-1\" \/>\n<link rel=\"canonical\" href=\"https:\/\/lacasitaeducativa.shop\/index.php\/producto\/familias-numeros\/\" \/>\n<meta property=\"og:locale\" content=\"es_ES\" \/>\n<meta property=\"og:type\" content=\"article\" \/>\n<meta property=\"og:title\" content=\"Aprender los n\u00fameros - Casitas num\u00e9ricas -La Casita Educativa\" \/>\n<meta property=\"og:description\" content=\"Recurso manipulativo de casitas num\u00e9ricas para aprender n\u00fameros y familias num\u00e9ricas en infantil y primaria. Material educativo imprimible y divertido.\" \/>\n<meta property=\"og:url\" content=\"https:\/\/lacasitaeducativa.shop\/index.php\/producto\/familias-numeros\/\" \/>\n<meta property=\"og:site_name\" content=\"La Casita Educativa\" \/>\n<meta property=\"article:modified_time\" content=\"2026-04-28T10:05:27+00:00\" \/>\n<meta property=\"og:image\" content=\"https:\/\/lacasitaeducativa.shop\/wp-content\/uploads\/2020\/08\/Numeros-del-0-al-100.jpg\" \/>\n\t<meta property=\"og:image:width\" content=\"500\" \/>\n\t<meta property=\"og:image:height\" content=\"500\" \/>\n\t<meta property=\"og:image:type\" content=\"image\/jpeg\" \/>\n<meta name=\"twitter:card\" content=\"summary_large_image\" \/>\n<meta name=\"twitter:label1\" content=\"Tiempo de lectura\" \/>\n\t<meta name=\"twitter:data1\" content=\"2 minutos\" \/>\n<script type=\"application\/ld+json\" class=\"yoast-schema-graph\">{\"@context\":\"https:\/\/schema.org\",\"@graph\":[{\"@type\":\"WebPage\",\"@id\":\"https:\/\/lacasitaeducativa.shop\/index.php\/producto\/familias-numeros\/\",\"url\":\"https:\/\/lacasitaeducativa.shop\/index.php\/producto\/familias-numeros\/\",\"name\":\"Aprender los n\u00fameros - Casitas num\u00e9ricas -La Casita Educativa\",\"isPartOf\":{\"@id\":\"https:\/\/lacasitaeducativa.shop\/#website\"},\"primaryImageOfPage\":{\"@id\":\"https:\/\/lacasitaeducativa.shop\/index.php\/producto\/familias-numeros\/#primaryimage\"},\"image\":{\"@id\":\"https:\/\/lacasitaeducativa.shop\/index.php\/producto\/familias-numeros\/#primaryimage\"},\"thumbnailUrl\":\"https:\/\/lacasitaeducativa.shop\/wp-content\/uploads\/2020\/08\/Numeros-del-0-al-100.jpg\",\"datePublished\":\"2020-08-29T17:04:42+00:00\",\"dateModified\":\"2026-04-28T10:05:27+00:00\",\"description\":\"Recurso manipulativo de casitas num\u00e9ricas para aprender n\u00fameros y familias num\u00e9ricas en infantil y primaria. Material educativo imprimible y divertido.\",\"breadcrumb\":{\"@id\":\"https:\/\/lacasitaeducativa.shop\/index.php\/producto\/familias-numeros\/#breadcrumb\"},\"inLanguage\":\"es\",\"potentialAction\":[{\"@type\":\"ReadAction\",\"target\":[\"https:\/\/lacasitaeducativa.shop\/index.php\/producto\/familias-numeros\/\"]}]},{\"@type\":\"ImageObject\",\"inLanguage\":\"es\",\"@id\":\"https:\/\/lacasitaeducativa.shop\/index.php\/producto\/familias-numeros\/#primaryimage\",\"url\":\"https:\/\/lacasitaeducativa.shop\/wp-content\/uploads\/2020\/08\/Numeros-del-0-al-100.jpg\",\"contentUrl\":\"https:\/\/lacasitaeducativa.shop\/wp-content\/uploads\/2020\/08\/Numeros-del-0-al-100.jpg\",\"width\":500,\"height\":500,\"caption\":\"Aprender los n\u00fameros\"},{\"@type\":\"BreadcrumbList\",\"@id\":\"https:\/\/lacasitaeducativa.shop\/index.php\/producto\/familias-numeros\/#breadcrumb\",\"itemListElement\":[{\"@type\":\"ListItem\",\"position\":1,\"name\":\"Portada\",\"item\":\"https:\/\/lacasitaeducativa.shop\/\"},{\"@type\":\"ListItem\",\"position\":2,\"name\":\"Recursos\",\"item\":\"https:\/\/lacasitaeducativa.shop\/index.php\/tienda\/\"},{\"@type\":\"ListItem\",\"position\":3,\"name\":\"Aprender los n\u00fameros &#8211; Familias de n\u00fameros\"}]},{\"@type\":\"WebSite\",\"@id\":\"https:\/\/lacasitaeducativa.shop\/#website\",\"url\":\"https:\/\/lacasitaeducativa.shop\/\",\"name\":\"La Casita Educativa\",\"description\":\"En esta casita encontrar\u00e9is todo tipo de recursos educativos infantiles, desde manualidades hasta actividades, juegos, cuentos, idiomas, adivinanzas y otros.\",\"publisher\":{\"@id\":\"https:\/\/lacasitaeducativa.shop\/#organization\"},\"potentialAction\":[{\"@type\":\"SearchAction\",\"target\":{\"@type\":\"EntryPoint\",\"urlTemplate\":\"https:\/\/lacasitaeducativa.shop\/?s={search_term_string}\"},\"query-input\":{\"@type\":\"PropertyValueSpecification\",\"valueRequired\":true,\"valueName\":\"search_term_string\"}}],\"inLanguage\":\"es\"},{\"@type\":\"Organization\",\"@id\":\"https:\/\/lacasitaeducativa.shop\/#organization\",\"name\":\"La Casita Educativa - LACASITAEDUCATIVA.SHOP\",\"url\":\"https:\/\/lacasitaeducativa.shop\/\",\"logo\":{\"@type\":\"ImageObject\",\"inLanguage\":\"es\",\"@id\":\"https:\/\/lacasitaeducativa.shop\/#\/schema\/logo\/image\/\",\"url\":\"https:\/\/lacasitaeducativa.shop\/wp-content\/uploads\/2020\/08\/Logos-la-casita-educativa-2-1.png\",\"contentUrl\":\"https:\/\/lacasitaeducativa.shop\/wp-content\/uploads\/2020\/08\/Logos-la-casita-educativa-2-1.png\",\"width\":500,\"height\":500,\"caption\":\"La Casita Educativa - LACASITAEDUCATIVA.SHOP\"},\"image\":{\"@id\":\"https:\/\/lacasitaeducativa.shop\/#\/schema\/logo\/image\/\"}}]}<\/script>\n<!-- \/ Yoast SEO plugin. -->","yoast_head_json":{"title":"Aprender los n\u00fameros - Casitas num\u00e9ricas -La Casita Educativa","description":"Recurso manipulativo de casitas num\u00e9ricas para aprender n\u00fameros y familias num\u00e9ricas en infantil y primaria. Material educativo imprimible y divertido.","robots":{"index":"index","follow":"follow","max-snippet":"max-snippet:-1","max-image-preview":"max-image-preview:large","max-video-preview":"max-video-preview:-1"},"canonical":"https:\/\/lacasitaeducativa.shop\/index.php\/producto\/familias-numeros\/","og_locale":"es_ES","og_type":"article","og_title":"Aprender los n\u00fameros - Casitas num\u00e9ricas -La Casita Educativa","og_description":"Recurso manipulativo de casitas num\u00e9ricas para aprender n\u00fameros y familias num\u00e9ricas en infantil y primaria. Material educativo imprimible y divertido.","og_url":"https:\/\/lacasitaeducativa.shop\/index.php\/producto\/familias-numeros\/","og_site_name":"La Casita Educativa","article_modified_time":"2026-04-28T10:05:27+00:00","og_image":[{"width":500,"height":500,"url":"https:\/\/lacasitaeducativa.shop\/wp-content\/uploads\/2020\/08\/Numeros-del-0-al-100.jpg","type":"image\/jpeg"}],"twitter_card":"summary_large_image","twitter_misc":{"Tiempo de lectura":"2 minutos"},"schema":{"@context":"https:\/\/schema.org","@graph":[{"@type":"WebPage","@id":"https:\/\/lacasitaeducativa.shop\/index.php\/producto\/familias-numeros\/","url":"https:\/\/lacasitaeducativa.shop\/index.php\/producto\/familias-numeros\/","name":"Aprender los n\u00fameros - Casitas num\u00e9ricas -La Casita Educativa","isPartOf":{"@id":"https:\/\/lacasitaeducativa.shop\/#website"},"primaryImageOfPage":{"@id":"https:\/\/lacasitaeducativa.shop\/index.php\/producto\/familias-numeros\/#primaryimage"},"image":{"@id":"https:\/\/lacasitaeducativa.shop\/index.php\/producto\/familias-numeros\/#primaryimage"},"thumbnailUrl":"https:\/\/lacasitaeducativa.shop\/wp-content\/uploads\/2020\/08\/Numeros-del-0-al-100.jpg","datePublished":"2020-08-29T17:04:42+00:00","dateModified":"2026-04-28T10:05:27+00:00","description":"Recurso manipulativo de casitas num\u00e9ricas para aprender n\u00fameros y familias num\u00e9ricas en infantil y primaria. Material educativo imprimible y divertido.","breadcrumb":{"@id":"https:\/\/lacasitaeducativa.shop\/index.php\/producto\/familias-numeros\/#breadcrumb"},"inLanguage":"es","potentialAction":[{"@type":"ReadAction","target":["https:\/\/lacasitaeducativa.shop\/index.php\/producto\/familias-numeros\/"]}]},{"@type":"ImageObject","inLanguage":"es","@id":"https:\/\/lacasitaeducativa.shop\/index.php\/producto\/familias-numeros\/#primaryimage","url":"https:\/\/lacasitaeducativa.shop\/wp-content\/uploads\/2020\/08\/Numeros-del-0-al-100.jpg","contentUrl":"https:\/\/lacasitaeducativa.shop\/wp-content\/uploads\/2020\/08\/Numeros-del-0-al-100.jpg","width":500,"height":500,"caption":"Aprender los n\u00fameros"},{"@type":"BreadcrumbList","@id":"https:\/\/lacasitaeducativa.shop\/index.php\/producto\/familias-numeros\/#breadcrumb","itemListElement":[{"@type":"ListItem","position":1,"name":"Portada","item":"https:\/\/lacasitaeducativa.shop\/"},{"@type":"ListItem","position":2,"name":"Recursos","item":"https:\/\/lacasitaeducativa.shop\/index.php\/tienda\/"},{"@type":"ListItem","position":3,"name":"Aprender los n\u00fameros &#8211; Familias de n\u00fameros"}]},{"@type":"WebSite","@id":"https:\/\/lacasitaeducativa.shop\/#website","url":"https:\/\/lacasitaeducativa.shop\/","name":"La Casita Educativa","description":"En esta casita encontrar\u00e9is todo tipo de recursos educativos infantiles, desde manualidades hasta actividades, juegos, cuentos, idiomas, adivinanzas y otros.","publisher":{"@id":"https:\/\/lacasitaeducativa.shop\/#organization"},"potentialAction":[{"@type":"SearchAction","target":{"@type":"EntryPoint","urlTemplate":"https:\/\/lacasitaeducativa.shop\/?s={search_term_string}"},"query-input":{"@type":"PropertyValueSpecification","valueRequired":true,"valueName":"search_term_string"}}],"inLanguage":"es"},{"@type":"Organization","@id":"https:\/\/lacasitaeducativa.shop\/#organization","name":"La Casita Educativa - LACASITAEDUCATIVA.SHOP","url":"https:\/\/lacasitaeducativa.shop\/","logo":{"@type":"ImageObject","inLanguage":"es","@id":"https:\/\/lacasitaeducativa.shop\/#\/schema\/logo\/image\/","url":"https:\/\/lacasitaeducativa.shop\/wp-content\/uploads\/2020\/08\/Logos-la-casita-educativa-2-1.png","contentUrl":"https:\/\/lacasitaeducativa.shop\/wp-content\/uploads\/2020\/08\/Logos-la-casita-educativa-2-1.png","width":500,"height":500,"caption":"La Casita Educativa - LACASITAEDUCATIVA.SHOP"},"image":{"@id":"https:\/\/lacasitaeducativa.shop\/#\/schema\/logo\/image\/"}}]}},"_links":{"self":[{"href":"https:\/\/lacasitaeducativa.shop\/index.php\/wp-json\/wp\/v2\/product\/370","targetHints":{"allow":["GET"]}}],"collection":[{"href":"https:\/\/lacasitaeducativa.shop\/index.php\/wp-json\/wp\/v2\/product"}],"about":[{"href":"https:\/\/lacasitaeducativa.shop\/index.php\/wp-json\/wp\/v2\/types\/product"}],"replies":[{"embeddable":true,"href":"https:\/\/lacasitaeducativa.shop\/index.php\/wp-json\/wp\/v2\/comments?post=370"}],"wp:featuredmedia":[{"embeddable":true,"href":"https:\/\/lacasitaeducativa.shop\/index.php\/wp-json\/wp\/v2\/media\/517692"}],"wp:attachment":[{"href":"https:\/\/lacasitaeducativa.shop\/index.php\/wp-json\/wp\/v2\/media?parent=370"}],"wp:term":[{"taxonomy":"product_brand","embeddable":true,"href":"https:\/\/lacasitaeducativa.shop\/index.php\/wp-json\/wp\/v2\/product_brand?post=370"},{"taxonomy":"product_cat","embeddable":true,"href":"https:\/\/lacasitaeducativa.shop\/index.php\/wp-json\/wp\/v2\/product_cat?post=370"},{"taxonomy":"product_tag","embeddable":true,"href":"https:\/\/lacasitaeducativa.shop\/index.php\/wp-json\/wp\/v2\/product_tag?post=370"}],"curies":[{"name":"wp","href":"https:\/\/api.w.org\/{rel}","templated":true}]}}