{"id":379551,"date":"2024-08-11T06:37:32","date_gmt":"2024-08-11T06:37:32","guid":{"rendered":"https:\/\/lacasitaeducativa.shop\/?post_type=product&#038;p=379551"},"modified":"2026-03-20T15:13:00","modified_gmt":"2026-03-20T15:13:00","slug":"lince-conciencia-fonologica","status":"publish","type":"product","link":"https:\/\/lacasitaeducativa.shop\/index.php\/producto\/lince-conciencia-fonologica\/","title":{"rendered":"Lince de conciencia fonol\u00f3gica para infantil"},"content":{"rendered":"<h3 data-section-id=\"hy2hiu\" data-start=\"1098\" data-end=\"1131\">\ud83c\udfaf \u00bfQu\u00e9 aprender\u00e1n los ni\u00f1os?<\/h3>\n<p data-start=\"1133\" data-end=\"1178\">Con este juego educativo, los alumnos podr\u00e1n:<\/p>\n<ul data-start=\"1180\" data-end=\"1412\">\n<li data-section-id=\"pocu9l\" data-start=\"1180\" data-end=\"1222\">\n<p data-start=\"1182\" data-end=\"1222\">Desarrollar la <strong data-start=\"1197\" data-end=\"1222\">conciencia fonol\u00f3gica<\/strong><\/p>\n<\/li>\n<li data-section-id=\"191lqw7\" data-start=\"1223\" data-end=\"1261\">\n<p data-start=\"1225\" data-end=\"1261\">Mejorar la <strong data-start=\"1236\" data-end=\"1261\">discriminaci\u00f3n visual<\/strong><\/p>\n<\/li>\n<li data-section-id=\"jttizi\" data-start=\"1262\" data-end=\"1290\">\n<p data-start=\"1264\" data-end=\"1290\">Ampliar el <strong data-start=\"1275\" data-end=\"1290\">vocabulario<\/strong><\/p>\n<\/li>\n<li data-section-id=\"1px3u8y\" data-start=\"1291\" data-end=\"1327\">\n<p data-start=\"1293\" data-end=\"1327\">Iniciarse en la <strong data-start=\"1309\" data-end=\"1327\">lectoescritura<\/strong><\/p>\n<\/li>\n<li data-section-id=\"cdoowl\" data-start=\"1328\" data-end=\"1367\">\n<p data-start=\"1330\" data-end=\"1367\">Trabajar la <strong data-start=\"1342\" data-end=\"1367\">atenci\u00f3n y la memoria<\/strong><\/p>\n<\/li>\n<li data-section-id=\"12ukhei\" data-start=\"1368\" data-end=\"1412\">\n<p data-start=\"1370\" data-end=\"1412\">Fomentar la <strong data-start=\"1382\" data-end=\"1412\">velocidad de procesamiento<\/strong><\/p>\n<\/li>\n<\/ul>\n<p data-start=\"1414\" data-end=\"1507\">\ud83d\udc49 Todo ello a trav\u00e9s del juego, lo que aumenta la motivaci\u00f3n y el aprendizaje significativo.<\/p>\n<h3 data-section-id=\"rybnfz\" data-start=\"1514\" data-end=\"1547\">\ud83c\udfb2 \u00bfEn qu\u00e9 consiste el juego?<\/h3>\n<p data-start=\"1549\" data-end=\"1661\">El objetivo es muy sencillo:<br data-start=\"1577\" data-end=\"1580\" \/>ser el primero en encontrar en el tablero la imagen correspondiente a la tarjeta.<\/p>\n<p data-start=\"1663\" data-end=\"1766\">Este formato tipo <em data-start=\"1681\" data-end=\"1688\">lince<\/em> convierte el aprendizaje en una experiencia din\u00e1mica, ideal para trabajar en:<\/p>\n<ul data-start=\"1768\" data-end=\"1842\">\n<li data-section-id=\"17ungsr\" data-start=\"1768\" data-end=\"1799\">\n<p data-start=\"1770\" data-end=\"1799\">Aula de infantil y primaria<\/p>\n<\/li>\n<li data-section-id=\"19la3fg\" data-start=\"1800\" data-end=\"1822\">\n<p data-start=\"1802\" data-end=\"1822\">Refuerzo educativo<\/p>\n<\/li>\n<li data-section-id=\"lemtrm\" data-start=\"1823\" data-end=\"1842\">\n<p data-start=\"1825\" data-end=\"1842\">Trabajo en casa<\/p>\n<\/li>\n<\/ul>\n<h3 data-section-id=\"tuwdac\" data-start=\"1849\" data-end=\"1878\">\ud83d\udce6 Contenido del material<\/h3>\n<p data-start=\"1880\" data-end=\"1888\">Incluye:<\/p>\n<ul data-start=\"1890\" data-end=\"1971\">\n<li data-section-id=\"j46u5n\" data-start=\"1890\" data-end=\"1912\">\n<p data-start=\"1892\" data-end=\"1912\">1 tablero circular<\/p>\n<\/li>\n<li data-section-id=\"1atm1h7\" data-start=\"1913\" data-end=\"1946\">\n<p data-start=\"1915\" data-end=\"1946\">24 tarjetas con ilustraciones<\/p>\n<\/li>\n<li data-section-id=\"1ijv89\" data-start=\"1947\" data-end=\"1971\">\n<p data-start=\"1949\" data-end=\"1971\">Instrucciones de uso<\/p>\n<\/li>\n<\/ul>\n<p data-start=\"1973\" data-end=\"2010\">(Material imprimible listo para usar)<\/p>\n<h3 data-section-id=\"1s06t6c\" data-start=\"2017\" data-end=\"2040\">\ud83d\udc76 Edad recomendada<\/h3>\n<p data-start=\"2042\" data-end=\"2144\">A partir de 4 a\u00f1os, adapt\u00e1ndose al ritmo y nivel de cada ni\u00f1o.<\/p>\n<h3 data-section-id=\"1rw9bao\" data-start=\"2151\" data-end=\"2164\">\ud83c\udf0d Idioma<\/h3>\n<p data-start=\"2166\" data-end=\"2241\">Disponible en castellano y catal\u00e1n.<\/p>\n<h3 data-section-id=\"s0nvdu\" data-start=\"2248\" data-end=\"2284\">\ud83d\udca1 \u00bfPor qu\u00e9 elegir este recurso?<\/h3>\n<p data-start=\"2286\" data-end=\"2469\">Porque combina <strong data-start=\"2301\" data-end=\"2337\">aprendizaje + juego + motivaci\u00f3n<\/strong>, convirti\u00e9ndose en una herramienta perfecta para docentes y familias que quieren trabajar la base de la lectura de forma divertida.<\/p>\n<h2 data-section-id=\"1ggqnnp\" data-start=\"3516\" data-end=\"3541\">\u2753 Preguntas frecuentes<\/h2>\n<p data-start=\"3543\" data-end=\"3694\"><strong data-start=\"3543\" data-end=\"3589\">\u00bfQu\u00e9 es la conciencia fonol\u00f3gica infantil?<\/strong><br data-start=\"3589\" data-end=\"3592\" \/>Es la habilidad para reconocer y manipular los sonidos del lenguaje, fundamental para aprender a leer.<\/p>\n<p data-start=\"3696\" data-end=\"3819\"><strong data-start=\"3696\" data-end=\"3727\">\u00bfPara qu\u00e9 sirve este juego?<\/strong><br data-start=\"3727\" data-end=\"3730\" \/>Este lince ayuda a trabajar la conciencia fonol\u00f3gica infantil de forma l\u00fadica y efectiva.<\/p>\n","protected":false},"excerpt":{"rendered":"<p data-start=\"658\" data-end=\"904\">\u00bfBuscas un <strong data-start=\"669\" data-end=\"748\">juego divertido y eficaz para trabajar la conciencia fonol\u00f3gica en infantil<\/strong>?<br data-start=\"749\" data-end=\"752\" \/>Este <strong data-start=\"757\" data-end=\"791\">Lince de conciencia fonol\u00f3gica<\/strong> es un recurso educativo ideal para desarrollar habilidades clave de la lectoescritura mientras los ni\u00f1os juegan.<\/p>\n<p data-start=\"906\" data-end=\"1091\">A trav\u00e9s de la observaci\u00f3n y la rapidez visual, los peques aprender\u00e1n a <strong data-start=\"978\" data-end=\"1060\">reconocer palabras, mejorar su vocabulario y fortalecer la comprensi\u00f3n lectora<\/strong> de forma natural y motivadora.<\/p>\n<p><script async src=\"https:\/\/pagead2.googlesyndication.com\/pagead\/js\/adsbygoogle.js\"><\/script><br \/>\n<!-- Horizontal-Adaptable --><br \/>\n<ins class=\"adsbygoogle\" style=\"display: block;\" data-ad-client=\"ca-pub-1103545772104863\" data-ad-slot=\"5194289265\" data-ad-format=\"auto\" data-full-width-responsive=\"true\"><\/ins><br \/>\n<script>\n     (adsbygoogle = window.adsbygoogle || []).push({});\n<\/script><\/p>\n","protected":false},"featured_media":380007,"comment_status":"open","ping_status":"closed","template":"","meta":{"site-sidebar-layout":"default","site-content-layout":"","ast-site-content-layout":"default","site-content-style":"default","site-sidebar-style":"default","ast-global-header-display":"","ast-banner-title-visibility":"","ast-main-header-display":"","ast-hfb-above-header-display":"","ast-hfb-below-header-display":"","ast-hfb-mobile-header-display":"","site-post-title":"","ast-breadcrumbs-content":"","ast-featured-img":"","footer-sml-layout":"","ast-disable-related-posts":"","theme-transparent-header-meta":"default","adv-header-id-meta":"","stick-header-meta":"","header-above-stick-meta":"","header-main-stick-meta":"","header-below-stick-meta":"","astra-migrate-meta-layouts":"set","ast-page-background-enabled":"default","ast-page-background-meta":{"desktop":{"background-color":"","background-image":"","background-repeat":"repeat","background-position":"center center","background-size":"auto","background-attachment":"scroll","background-type":"","background-media":"","overlay-type":"","overlay-color":"","overlay-opacity":"","overlay-gradient":""},"tablet":{"background-color":"","background-image":"","background-repeat":"repeat","background-position":"center center","background-size":"auto","background-attachment":"scroll","background-type":"","background-media":"","overlay-type":"","overlay-color":"","overlay-opacity":"","overlay-gradient":""},"mobile":{"background-color":"","background-image":"","background-repeat":"repeat","background-position":"center center","background-size":"auto","background-attachment":"scroll","background-type":"","background-media":"","overlay-type":"","overlay-color":"","overlay-opacity":"","overlay-gradient":""}},"ast-content-background-meta":{"desktop":{"background-color":"var(--ast-global-color-5)","background-image":"","background-repeat":"repeat","background-position":"center center","background-size":"auto","background-attachment":"scroll","background-type":"","background-media":"","overlay-type":"","overlay-color":"","overlay-opacity":"","overlay-gradient":""},"tablet":{"background-color":"var(--ast-global-color-5)","background-image":"","background-repeat":"repeat","background-position":"center center","background-size":"auto","background-attachment":"scroll","background-type":"","background-media":"","overlay-type":"","overlay-color":"","overlay-opacity":"","overlay-gradient":""},"mobile":{"background-color":"var(--ast-global-color-5)","background-image":"","background-repeat":"repeat","background-position":"center center","background-size":"auto","background-attachment":"scroll","background-type":"","background-media":"","overlay-type":"","overlay-color":"","overlay-opacity":"","overlay-gradient":""}}},"product_brand":[],"product_cat":[84],"product_tag":[832,828,829,830,831],"class_list":{"0":"post-379551","1":"product","2":"type-product","3":"status-publish","4":"has-post-thumbnail","6":"product_cat-juegos-educativos","7":"product_tag-actividades-conciencia-fonologica","8":"product_tag-conciencia-fonologica-infantil","9":"product_tag-juego-de-lectoescritura","10":"product_tag-material-educativo-imprimible","11":"product_tag-recursos-para-aprender-a-leer","12":"desktop-align-left","13":"tablet-align-left","14":"mobile-align-left","16":"first","17":"instock","18":"downloadable","19":"virtual","20":"taxable","21":"purchasable","22":"product-type-simple"},"yoast_head":"<!-- This site is optimized with the Yoast SEO plugin v26.8 - https:\/\/yoast.com\/product\/yoast-seo-wordpress\/ -->\n<title>Lince de conciencia fonol\u00f3gica para infantil - La Casita Educativa<\/title>\n<meta name=\"description\" content=\"Juego educativo tipo lince para trabajar la conciencia fonol\u00f3gica, vocabulario y lectoescritura en infantil. Recurso imprimible a partir de 4 a\u00f1os.\" \/>\n<meta name=\"robots\" content=\"index, follow, max-snippet:-1, max-image-preview:large, max-video-preview:-1\" \/>\n<link rel=\"canonical\" href=\"https:\/\/lacasitaeducativa.shop\/index.php\/producto\/lince-conciencia-fonologica\/\" \/>\n<meta property=\"og:locale\" content=\"es_ES\" \/>\n<meta property=\"og:type\" content=\"article\" \/>\n<meta property=\"og:title\" content=\"Lince de conciencia fonol\u00f3gica para infantil - La Casita Educativa\" \/>\n<meta property=\"og:description\" content=\"Juego educativo tipo lince para trabajar la conciencia fonol\u00f3gica, vocabulario y lectoescritura en infantil. Recurso imprimible a partir de 4 a\u00f1os.\" \/>\n<meta property=\"og:url\" content=\"https:\/\/lacasitaeducativa.shop\/index.php\/producto\/lince-conciencia-fonologica\/\" \/>\n<meta property=\"og:site_name\" content=\"La Casita Educativa\" \/>\n<meta property=\"article:modified_time\" content=\"2026-03-20T15:13:00+00:00\" \/>\n<meta property=\"og:image\" content=\"https:\/\/lacasitaeducativa.shop\/wp-content\/uploads\/2024\/07\/Tablero-lince-conciencia.jpg\" \/>\n\t<meta property=\"og:image:width\" content=\"1080\" \/>\n\t<meta property=\"og:image:height\" content=\"1080\" \/>\n\t<meta property=\"og:image:type\" content=\"image\/jpeg\" \/>\n<meta name=\"twitter:card\" content=\"summary_large_image\" \/>\n<meta name=\"twitter:label1\" content=\"Tiempo de lectura\" \/>\n\t<meta name=\"twitter:data1\" content=\"2 minutos\" \/>\n<script type=\"application\/ld+json\" class=\"yoast-schema-graph\">{\"@context\":\"https:\/\/schema.org\",\"@graph\":[{\"@type\":\"WebPage\",\"@id\":\"https:\/\/lacasitaeducativa.shop\/index.php\/producto\/lince-conciencia-fonologica\/\",\"url\":\"https:\/\/lacasitaeducativa.shop\/index.php\/producto\/lince-conciencia-fonologica\/\",\"name\":\"Lince de conciencia fonol\u00f3gica para infantil - La Casita Educativa\",\"isPartOf\":{\"@id\":\"https:\/\/lacasitaeducativa.shop\/#website\"},\"primaryImageOfPage\":{\"@id\":\"https:\/\/lacasitaeducativa.shop\/index.php\/producto\/lince-conciencia-fonologica\/#primaryimage\"},\"image\":{\"@id\":\"https:\/\/lacasitaeducativa.shop\/index.php\/producto\/lince-conciencia-fonologica\/#primaryimage\"},\"thumbnailUrl\":\"https:\/\/lacasitaeducativa.shop\/wp-content\/uploads\/2024\/07\/Tablero-lince-conciencia.jpg\",\"datePublished\":\"2024-08-11T06:37:32+00:00\",\"dateModified\":\"2026-03-20T15:13:00+00:00\",\"description\":\"Juego educativo tipo lince para trabajar la conciencia fonol\u00f3gica, vocabulario y lectoescritura en infantil. Recurso imprimible a partir de 4 a\u00f1os.\",\"breadcrumb\":{\"@id\":\"https:\/\/lacasitaeducativa.shop\/index.php\/producto\/lince-conciencia-fonologica\/#breadcrumb\"},\"inLanguage\":\"es\",\"potentialAction\":[{\"@type\":\"ReadAction\",\"target\":[\"https:\/\/lacasitaeducativa.shop\/index.php\/producto\/lince-conciencia-fonologica\/\"]}]},{\"@type\":\"ImageObject\",\"inLanguage\":\"es\",\"@id\":\"https:\/\/lacasitaeducativa.shop\/index.php\/producto\/lince-conciencia-fonologica\/#primaryimage\",\"url\":\"https:\/\/lacasitaeducativa.shop\/wp-content\/uploads\/2024\/07\/Tablero-lince-conciencia.jpg\",\"contentUrl\":\"https:\/\/lacasitaeducativa.shop\/wp-content\/uploads\/2024\/07\/Tablero-lince-conciencia.jpg\",\"width\":1080,\"height\":1080,\"caption\":\"Tablero lince conciencia\"},{\"@type\":\"BreadcrumbList\",\"@id\":\"https:\/\/lacasitaeducativa.shop\/index.php\/producto\/lince-conciencia-fonologica\/#breadcrumb\",\"itemListElement\":[{\"@type\":\"ListItem\",\"position\":1,\"name\":\"Portada\",\"item\":\"https:\/\/lacasitaeducativa.shop\/\"},{\"@type\":\"ListItem\",\"position\":2,\"name\":\"Recursos\",\"item\":\"https:\/\/lacasitaeducativa.shop\/index.php\/tienda\/\"},{\"@type\":\"ListItem\",\"position\":3,\"name\":\"Lince de conciencia fonol\u00f3gica para infantil\"}]},{\"@type\":\"WebSite\",\"@id\":\"https:\/\/lacasitaeducativa.shop\/#website\",\"url\":\"https:\/\/lacasitaeducativa.shop\/\",\"name\":\"La Casita Educativa\",\"description\":\"En esta casita encontrar\u00e9is todo tipo de recursos educativos infantiles, desde manualidades hasta actividades, juegos, cuentos, idiomas, adivinanzas y otros.\",\"publisher\":{\"@id\":\"https:\/\/lacasitaeducativa.shop\/#organization\"},\"potentialAction\":[{\"@type\":\"SearchAction\",\"target\":{\"@type\":\"EntryPoint\",\"urlTemplate\":\"https:\/\/lacasitaeducativa.shop\/?s={search_term_string}\"},\"query-input\":{\"@type\":\"PropertyValueSpecification\",\"valueRequired\":true,\"valueName\":\"search_term_string\"}}],\"inLanguage\":\"es\"},{\"@type\":\"Organization\",\"@id\":\"https:\/\/lacasitaeducativa.shop\/#organization\",\"name\":\"La Casita Educativa - LACASITAEDUCATIVA.SHOP\",\"url\":\"https:\/\/lacasitaeducativa.shop\/\",\"logo\":{\"@type\":\"ImageObject\",\"inLanguage\":\"es\",\"@id\":\"https:\/\/lacasitaeducativa.shop\/#\/schema\/logo\/image\/\",\"url\":\"https:\/\/lacasitaeducativa.shop\/wp-content\/uploads\/2020\/08\/Logos-la-casita-educativa-2-1.png\",\"contentUrl\":\"https:\/\/lacasitaeducativa.shop\/wp-content\/uploads\/2020\/08\/Logos-la-casita-educativa-2-1.png\",\"width\":500,\"height\":500,\"caption\":\"La Casita Educativa - LACASITAEDUCATIVA.SHOP\"},\"image\":{\"@id\":\"https:\/\/lacasitaeducativa.shop\/#\/schema\/logo\/image\/\"}}]}<\/script>\n<!-- \/ Yoast SEO plugin. -->","yoast_head_json":{"title":"Lince de conciencia fonol\u00f3gica para infantil - La Casita Educativa","description":"Juego educativo tipo lince para trabajar la conciencia fonol\u00f3gica, vocabulario y lectoescritura en infantil. Recurso imprimible a partir de 4 a\u00f1os.","robots":{"index":"index","follow":"follow","max-snippet":"max-snippet:-1","max-image-preview":"max-image-preview:large","max-video-preview":"max-video-preview:-1"},"canonical":"https:\/\/lacasitaeducativa.shop\/index.php\/producto\/lince-conciencia-fonologica\/","og_locale":"es_ES","og_type":"article","og_title":"Lince de conciencia fonol\u00f3gica para infantil - La Casita Educativa","og_description":"Juego educativo tipo lince para trabajar la conciencia fonol\u00f3gica, vocabulario y lectoescritura en infantil. Recurso imprimible a partir de 4 a\u00f1os.","og_url":"https:\/\/lacasitaeducativa.shop\/index.php\/producto\/lince-conciencia-fonologica\/","og_site_name":"La Casita Educativa","article_modified_time":"2026-03-20T15:13:00+00:00","og_image":[{"width":1080,"height":1080,"url":"https:\/\/lacasitaeducativa.shop\/wp-content\/uploads\/2024\/07\/Tablero-lince-conciencia.jpg","type":"image\/jpeg"}],"twitter_card":"summary_large_image","twitter_misc":{"Tiempo de lectura":"2 minutos"},"schema":{"@context":"https:\/\/schema.org","@graph":[{"@type":"WebPage","@id":"https:\/\/lacasitaeducativa.shop\/index.php\/producto\/lince-conciencia-fonologica\/","url":"https:\/\/lacasitaeducativa.shop\/index.php\/producto\/lince-conciencia-fonologica\/","name":"Lince de conciencia fonol\u00f3gica para infantil - La Casita Educativa","isPartOf":{"@id":"https:\/\/lacasitaeducativa.shop\/#website"},"primaryImageOfPage":{"@id":"https:\/\/lacasitaeducativa.shop\/index.php\/producto\/lince-conciencia-fonologica\/#primaryimage"},"image":{"@id":"https:\/\/lacasitaeducativa.shop\/index.php\/producto\/lince-conciencia-fonologica\/#primaryimage"},"thumbnailUrl":"https:\/\/lacasitaeducativa.shop\/wp-content\/uploads\/2024\/07\/Tablero-lince-conciencia.jpg","datePublished":"2024-08-11T06:37:32+00:00","dateModified":"2026-03-20T15:13:00+00:00","description":"Juego educativo tipo lince para trabajar la conciencia fonol\u00f3gica, vocabulario y lectoescritura en infantil. Recurso imprimible a partir de 4 a\u00f1os.","breadcrumb":{"@id":"https:\/\/lacasitaeducativa.shop\/index.php\/producto\/lince-conciencia-fonologica\/#breadcrumb"},"inLanguage":"es","potentialAction":[{"@type":"ReadAction","target":["https:\/\/lacasitaeducativa.shop\/index.php\/producto\/lince-conciencia-fonologica\/"]}]},{"@type":"ImageObject","inLanguage":"es","@id":"https:\/\/lacasitaeducativa.shop\/index.php\/producto\/lince-conciencia-fonologica\/#primaryimage","url":"https:\/\/lacasitaeducativa.shop\/wp-content\/uploads\/2024\/07\/Tablero-lince-conciencia.jpg","contentUrl":"https:\/\/lacasitaeducativa.shop\/wp-content\/uploads\/2024\/07\/Tablero-lince-conciencia.jpg","width":1080,"height":1080,"caption":"Tablero lince conciencia"},{"@type":"BreadcrumbList","@id":"https:\/\/lacasitaeducativa.shop\/index.php\/producto\/lince-conciencia-fonologica\/#breadcrumb","itemListElement":[{"@type":"ListItem","position":1,"name":"Portada","item":"https:\/\/lacasitaeducativa.shop\/"},{"@type":"ListItem","position":2,"name":"Recursos","item":"https:\/\/lacasitaeducativa.shop\/index.php\/tienda\/"},{"@type":"ListItem","position":3,"name":"Lince de conciencia fonol\u00f3gica para infantil"}]},{"@type":"WebSite","@id":"https:\/\/lacasitaeducativa.shop\/#website","url":"https:\/\/lacasitaeducativa.shop\/","name":"La Casita Educativa","description":"En esta casita encontrar\u00e9is todo tipo de recursos educativos infantiles, desde manualidades hasta actividades, juegos, cuentos, idiomas, adivinanzas y otros.","publisher":{"@id":"https:\/\/lacasitaeducativa.shop\/#organization"},"potentialAction":[{"@type":"SearchAction","target":{"@type":"EntryPoint","urlTemplate":"https:\/\/lacasitaeducativa.shop\/?s={search_term_string}"},"query-input":{"@type":"PropertyValueSpecification","valueRequired":true,"valueName":"search_term_string"}}],"inLanguage":"es"},{"@type":"Organization","@id":"https:\/\/lacasitaeducativa.shop\/#organization","name":"La Casita Educativa - LACASITAEDUCATIVA.SHOP","url":"https:\/\/lacasitaeducativa.shop\/","logo":{"@type":"ImageObject","inLanguage":"es","@id":"https:\/\/lacasitaeducativa.shop\/#\/schema\/logo\/image\/","url":"https:\/\/lacasitaeducativa.shop\/wp-content\/uploads\/2020\/08\/Logos-la-casita-educativa-2-1.png","contentUrl":"https:\/\/lacasitaeducativa.shop\/wp-content\/uploads\/2020\/08\/Logos-la-casita-educativa-2-1.png","width":500,"height":500,"caption":"La Casita Educativa - LACASITAEDUCATIVA.SHOP"},"image":{"@id":"https:\/\/lacasitaeducativa.shop\/#\/schema\/logo\/image\/"}}]}},"_links":{"self":[{"href":"https:\/\/lacasitaeducativa.shop\/index.php\/wp-json\/wp\/v2\/product\/379551","targetHints":{"allow":["GET"]}}],"collection":[{"href":"https:\/\/lacasitaeducativa.shop\/index.php\/wp-json\/wp\/v2\/product"}],"about":[{"href":"https:\/\/lacasitaeducativa.shop\/index.php\/wp-json\/wp\/v2\/types\/product"}],"replies":[{"embeddable":true,"href":"https:\/\/lacasitaeducativa.shop\/index.php\/wp-json\/wp\/v2\/comments?post=379551"}],"wp:featuredmedia":[{"embeddable":true,"href":"https:\/\/lacasitaeducativa.shop\/index.php\/wp-json\/wp\/v2\/media\/380007"}],"wp:attachment":[{"href":"https:\/\/lacasitaeducativa.shop\/index.php\/wp-json\/wp\/v2\/media?parent=379551"}],"wp:term":[{"taxonomy":"product_brand","embeddable":true,"href":"https:\/\/lacasitaeducativa.shop\/index.php\/wp-json\/wp\/v2\/product_brand?post=379551"},{"taxonomy":"product_cat","embeddable":true,"href":"https:\/\/lacasitaeducativa.shop\/index.php\/wp-json\/wp\/v2\/product_cat?post=379551"},{"taxonomy":"product_tag","embeddable":true,"href":"https:\/\/lacasitaeducativa.shop\/index.php\/wp-json\/wp\/v2\/product_tag?post=379551"}],"curies":[{"name":"wp","href":"https:\/\/api.w.org\/{rel}","templated":true}]}}