{"id":387621,"date":"2024-09-03T12:18:52","date_gmt":"2024-09-03T12:18:52","guid":{"rendered":"https:\/\/lacasitaeducativa.shop\/?post_type=product&#038;p=387621"},"modified":"2026-05-04T14:21:36","modified_gmt":"2026-05-04T14:21:36","slug":"actividad-soplo-infantil-3-cerditos","status":"publish","type":"product","link":"https:\/\/lacasitaeducativa.shop\/index.php\/producto\/actividad-soplo-infantil-3-cerditos\/","title":{"rendered":"Actividad de soplo infantil: Los 3 cerditos y el lobo"},"content":{"rendered":"<h3 data-section-id=\"qugynt\" data-start=\"1283\" data-end=\"1333\">\u00bfQu\u00e9 incluye esta actividad de soplo infantil?<\/h3>\n<ul data-start=\"1335\" data-end=\"1491\">\n<li data-section-id=\"iq9skj\" data-start=\"1335\" data-end=\"1363\">Casa de paja con cerdito<\/li>\n<li data-section-id=\"1i35csn\" data-start=\"1364\" data-end=\"1394\">Casa de madera con cerdito<\/li>\n<li data-section-id=\"gqt56f\" data-start=\"1395\" data-end=\"1428\">Casa de ladrillos con cerdito<\/li>\n<li data-section-id=\"22np6\" data-start=\"1429\" data-end=\"1491\">Lobo adaptado para realizar ejercicios de soplo (con pajita)<\/li>\n<\/ul>\n<p data-start=\"1493\" data-end=\"1610\">Este material de <strong data-start=\"1510\" data-end=\"1530\">soplo para ni\u00f1os<\/strong> est\u00e1 pensado para ser f\u00e1cil de preparar y reutilizar tantas veces como quieras.<\/p>\n<h3 data-section-id=\"uzjupz\" data-start=\"1617\" data-end=\"1655\">\u00bfC\u00f3mo trabajar el soplo con ni\u00f1os?<\/h3>\n<p data-start=\"1657\" data-end=\"1725\">Para realizar esta <strong data-start=\"1676\" data-end=\"1707\">actividad de soplo infantil<\/strong>, solo tienes que:<\/p>\n<ol data-start=\"1727\" data-end=\"1910\">\n<li data-section-id=\"tc8eux\" data-start=\"1727\" data-end=\"1771\">Recortar las casas de los tres cerditos<\/li>\n<li data-section-id=\"c8up0i\" data-start=\"1772\" data-end=\"1835\">Colocarlas en vertical (puedes usar plastilina o soportes)<\/li>\n<li data-section-id=\"1sw6lfr\" data-start=\"1836\" data-end=\"1865\">Pegar una pajita al lobo<\/li>\n<li data-section-id=\"1dq9m51\" data-start=\"1866\" data-end=\"1910\">Soplar para intentar derribar las casas<\/li>\n<\/ol>\n<p data-start=\"1912\" data-end=\"2048\">Este tipo de <strong data-start=\"1925\" data-end=\"1959\">ejercicios de soplo para ni\u00f1os<\/strong> favorece el aprendizaje a trav\u00e9s del juego, aumentando la motivaci\u00f3n y la participaci\u00f3n.<\/p>\n<h3 data-section-id=\"6hmz3r\" data-start=\"2055\" data-end=\"2105\">Beneficios de los ejercicios de soplo infantil<\/h3>\n<p data-start=\"2107\" data-end=\"2230\">Trabajar el soplo es fundamental en el desarrollo del lenguaje. Con esta <strong data-start=\"2180\" data-end=\"2211\">actividad de soplo infantil<\/strong>, los ni\u00f1os pueden:<\/p>\n<ul data-start=\"2232\" data-end=\"2448\">\n<li data-section-id=\"1y76phk\" data-start=\"2232\" data-end=\"2264\">Mejorar el control del soplo<\/li>\n<li data-section-id=\"1t9lc4m\" data-start=\"2265\" data-end=\"2304\">Fortalecer la musculatura orofacial<\/li>\n<li data-section-id=\"pjfxvw\" data-start=\"2305\" data-end=\"2357\">Desarrollar habilidades necesarias para el habla<\/li>\n<li data-section-id=\"1b1s1ih\" data-start=\"2358\" data-end=\"2400\">Aumentar la atenci\u00f3n y la coordinaci\u00f3n<\/li>\n<li data-section-id=\"1y3phzg\" data-start=\"2401\" data-end=\"2448\">Disfrutar del aprendizaje mediante el juego<\/li>\n<\/ul>\n<p data-start=\"2450\" data-end=\"2569\">Los <strong data-start=\"2454\" data-end=\"2488\">ejercicios de soplo para ni\u00f1os<\/strong> son especialmente recomendados en educaci\u00f3n infantil y en sesiones de logopedia.<\/p>\n<h3 data-section-id=\"ihfr04\" data-start=\"2576\" data-end=\"2609\">\u00bfPara qui\u00e9n es este material?<\/h3>\n<p data-start=\"2611\" data-end=\"2663\">Este recurso de <strong data-start=\"2627\" data-end=\"2645\">soplo infantil<\/strong> es perfecto para:<\/p>\n<ul data-start=\"2665\" data-end=\"2807\">\n<li data-section-id=\"kik1uf\" data-start=\"2665\" data-end=\"2699\">Maestros de educaci\u00f3n infantil<\/li>\n<li data-section-id=\"sppqbu\" data-start=\"2700\" data-end=\"2756\">Familias que quieren reforzar el aprendizaje en casa<\/li>\n<li data-section-id=\"12gc16b\" data-start=\"2757\" data-end=\"2807\">Logopedas y especialistas en atenci\u00f3n temprana<\/li>\n<\/ul>\n<hr data-start=\"2809\" data-end=\"2812\" \/>\n<h3 data-section-id=\"wig2lb\" data-start=\"2814\" data-end=\"2834\">Edad recomendada<\/h3>\n<p data-start=\"2836\" data-end=\"2894\">Actividad de soplo infantil recomendada a partir de 1 a\u00f1o.<\/p>\n<p>* D\u00e9jame una valoraci\u00f3n para poder seguir mejorando. \ud83d\ude09<\/p>\n","protected":false},"excerpt":{"rendered":"<p>Este material educativo basado en el cuento cl\u00e1sico de <em data-start=\"327\" data-end=\"353\">Los 3 cerditos y el lobo<\/em> es una actividad divertida y motivadora para trabajar el <strong data-start=\"411\" data-end=\"429\">soplo en ni\u00f1os<\/strong> de forma l\u00fadica. Ideal para utilizar en el aula, en casa o en sesiones de logopedia, ayuda a desarrollar habilidades fundamentales como el control respiratorio y la motricidad orofacial.<\/p>\n<p>A trav\u00e9s del juego, los ni\u00f1os deber\u00e1n soplar para derribar las casas de los cerditos, recreando la historia del lobo feroz. Una propuesta sencilla, econ\u00f3mica y muy atractiva para los m\u00e1s peque\u00f1os.<\/p>\n<p><script async src=\"https:\/\/pagead2.googlesyndication.com\/pagead\/js\/adsbygoogle.js\"><\/script><br \/>\n<!-- Horizontal-Adaptable --><br \/>\n<ins class=\"adsbygoogle\" style=\"display: block;\" data-ad-client=\"ca-pub-1103545772104863\" data-ad-slot=\"5194289265\" data-ad-format=\"auto\" data-full-width-responsive=\"true\"><\/ins><br \/>\n<script>\n     (adsbygoogle = window.adsbygoogle || []).push({});\n<\/script><\/p>\n","protected":false},"featured_media":387623,"comment_status":"open","ping_status":"closed","template":"","meta":{"site-sidebar-layout":"default","site-content-layout":"","ast-site-content-layout":"default","site-content-style":"default","site-sidebar-style":"default","ast-global-header-display":"","ast-banner-title-visibility":"","ast-main-header-display":"","ast-hfb-above-header-display":"","ast-hfb-below-header-display":"","ast-hfb-mobile-header-display":"","site-post-title":"","ast-breadcrumbs-content":"","ast-featured-img":"","footer-sml-layout":"","ast-disable-related-posts":"","theme-transparent-header-meta":"default","adv-header-id-meta":"","stick-header-meta":"","header-above-stick-meta":"","header-main-stick-meta":"","header-below-stick-meta":"","astra-migrate-meta-layouts":"set","ast-page-background-enabled":"default","ast-page-background-meta":{"desktop":{"background-color":"","background-image":"","background-repeat":"repeat","background-position":"center center","background-size":"auto","background-attachment":"scroll","background-type":"","background-media":"","overlay-type":"","overlay-color":"","overlay-opacity":"","overlay-gradient":""},"tablet":{"background-color":"","background-image":"","background-repeat":"repeat","background-position":"center center","background-size":"auto","background-attachment":"scroll","background-type":"","background-media":"","overlay-type":"","overlay-color":"","overlay-opacity":"","overlay-gradient":""},"mobile":{"background-color":"","background-image":"","background-repeat":"repeat","background-position":"center center","background-size":"auto","background-attachment":"scroll","background-type":"","background-media":"","overlay-type":"","overlay-color":"","overlay-opacity":"","overlay-gradient":""}},"ast-content-background-meta":{"desktop":{"background-color":"var(--ast-global-color-5)","background-image":"","background-repeat":"repeat","background-position":"center center","background-size":"auto","background-attachment":"scroll","background-type":"","background-media":"","overlay-type":"","overlay-color":"","overlay-opacity":"","overlay-gradient":""},"tablet":{"background-color":"var(--ast-global-color-5)","background-image":"","background-repeat":"repeat","background-position":"center center","background-size":"auto","background-attachment":"scroll","background-type":"","background-media":"","overlay-type":"","overlay-color":"","overlay-opacity":"","overlay-gradient":""},"mobile":{"background-color":"var(--ast-global-color-5)","background-image":"","background-repeat":"repeat","background-position":"center center","background-size":"auto","background-attachment":"scroll","background-type":"","background-media":"","overlay-type":"","overlay-color":"","overlay-opacity":"","overlay-gradient":""}}},"product_brand":[],"product_cat":[15],"product_tag":[948,114,949],"class_list":{"0":"post-387621","1":"product","2":"type-product","3":"status-publish","4":"has-post-thumbnail","6":"product_cat-educacion-infantil","7":"product_tag-actividadessoplo","8":"product_tag-educacioninfantil","9":"product_tag-trescerditosyellobo","10":"desktop-align-left","11":"tablet-align-left","12":"mobile-align-left","14":"first","15":"instock","16":"downloadable","17":"virtual","18":"taxable","19":"purchasable","20":"product-type-simple"},"yoast_head":"<!-- This site is optimized with the Yoast SEO plugin v26.8 - https:\/\/yoast.com\/product\/yoast-seo-wordpress\/ -->\n<title>Actividad de soplo infantil: Los 3 cerditos y el lobo - La Casita Educativa<\/title>\n<meta name=\"description\" content=\"Actividad de soplo infantil basada en Los 3 cerditos. Recurso educativo para trabajar el soplo en ni\u00f1os de forma divertida en infantil y logopedia.\" \/>\n<meta name=\"robots\" content=\"index, follow, max-snippet:-1, max-image-preview:large, max-video-preview:-1\" \/>\n<link rel=\"canonical\" href=\"https:\/\/lacasitaeducativa.shop\/index.php\/producto\/actividad-soplo-infantil-3-cerditos\/\" \/>\n<meta property=\"og:locale\" content=\"es_ES\" \/>\n<meta property=\"og:type\" content=\"article\" \/>\n<meta property=\"og:title\" content=\"Actividad de soplo infantil: Los 3 cerditos y el lobo - La Casita Educativa\" \/>\n<meta property=\"og:description\" content=\"Actividad de soplo infantil basada en Los 3 cerditos. Recurso educativo para trabajar el soplo en ni\u00f1os de forma divertida en infantil y logopedia.\" \/>\n<meta property=\"og:url\" content=\"https:\/\/lacasitaeducativa.shop\/index.php\/producto\/actividad-soplo-infantil-3-cerditos\/\" \/>\n<meta property=\"og:site_name\" content=\"La Casita Educativa\" \/>\n<meta property=\"article:modified_time\" content=\"2026-05-04T14:21:36+00:00\" \/>\n<meta property=\"og:image\" content=\"https:\/\/lacasitaeducativa.shop\/wp-content\/uploads\/2024\/08\/soplo.jpg\" \/>\n\t<meta property=\"og:image:width\" content=\"1080\" \/>\n\t<meta property=\"og:image:height\" content=\"1080\" \/>\n\t<meta property=\"og:image:type\" content=\"image\/jpeg\" \/>\n<meta name=\"twitter:card\" content=\"summary_large_image\" \/>\n<meta name=\"twitter:label1\" content=\"Tiempo de lectura\" \/>\n\t<meta name=\"twitter:data1\" content=\"2 minutos\" \/>\n<script type=\"application\/ld+json\" class=\"yoast-schema-graph\">{\"@context\":\"https:\/\/schema.org\",\"@graph\":[{\"@type\":\"WebPage\",\"@id\":\"https:\/\/lacasitaeducativa.shop\/index.php\/producto\/actividad-soplo-infantil-3-cerditos\/\",\"url\":\"https:\/\/lacasitaeducativa.shop\/index.php\/producto\/actividad-soplo-infantil-3-cerditos\/\",\"name\":\"Actividad de soplo infantil: Los 3 cerditos y el lobo - La Casita Educativa\",\"isPartOf\":{\"@id\":\"https:\/\/lacasitaeducativa.shop\/#website\"},\"primaryImageOfPage\":{\"@id\":\"https:\/\/lacasitaeducativa.shop\/index.php\/producto\/actividad-soplo-infantil-3-cerditos\/#primaryimage\"},\"image\":{\"@id\":\"https:\/\/lacasitaeducativa.shop\/index.php\/producto\/actividad-soplo-infantil-3-cerditos\/#primaryimage\"},\"thumbnailUrl\":\"https:\/\/lacasitaeducativa.shop\/wp-content\/uploads\/2024\/08\/soplo.jpg\",\"datePublished\":\"2024-09-03T12:18:52+00:00\",\"dateModified\":\"2026-05-04T14:21:36+00:00\",\"description\":\"Actividad de soplo infantil basada en Los 3 cerditos. Recurso educativo para trabajar el soplo en ni\u00f1os de forma divertida en infantil y logopedia.\",\"breadcrumb\":{\"@id\":\"https:\/\/lacasitaeducativa.shop\/index.php\/producto\/actividad-soplo-infantil-3-cerditos\/#breadcrumb\"},\"inLanguage\":\"es\",\"potentialAction\":[{\"@type\":\"ReadAction\",\"target\":[\"https:\/\/lacasitaeducativa.shop\/index.php\/producto\/actividad-soplo-infantil-3-cerditos\/\"]}]},{\"@type\":\"ImageObject\",\"inLanguage\":\"es\",\"@id\":\"https:\/\/lacasitaeducativa.shop\/index.php\/producto\/actividad-soplo-infantil-3-cerditos\/#primaryimage\",\"url\":\"https:\/\/lacasitaeducativa.shop\/wp-content\/uploads\/2024\/08\/soplo.jpg\",\"contentUrl\":\"https:\/\/lacasitaeducativa.shop\/wp-content\/uploads\/2024\/08\/soplo.jpg\",\"width\":1080,\"height\":1080,\"caption\":\"Los 3 cerditos y el lobo soplo\"},{\"@type\":\"BreadcrumbList\",\"@id\":\"https:\/\/lacasitaeducativa.shop\/index.php\/producto\/actividad-soplo-infantil-3-cerditos\/#breadcrumb\",\"itemListElement\":[{\"@type\":\"ListItem\",\"position\":1,\"name\":\"Portada\",\"item\":\"https:\/\/lacasitaeducativa.shop\/\"},{\"@type\":\"ListItem\",\"position\":2,\"name\":\"Recursos\",\"item\":\"https:\/\/lacasitaeducativa.shop\/index.php\/tienda\/\"},{\"@type\":\"ListItem\",\"position\":3,\"name\":\"Actividad de soplo infantil: Los 3 cerditos y el lobo\"}]},{\"@type\":\"WebSite\",\"@id\":\"https:\/\/lacasitaeducativa.shop\/#website\",\"url\":\"https:\/\/lacasitaeducativa.shop\/\",\"name\":\"La Casita Educativa\",\"description\":\"En esta casita encontrar\u00e9is todo tipo de recursos educativos infantiles, desde manualidades hasta actividades, juegos, cuentos, idiomas, adivinanzas y otros.\",\"publisher\":{\"@id\":\"https:\/\/lacasitaeducativa.shop\/#organization\"},\"potentialAction\":[{\"@type\":\"SearchAction\",\"target\":{\"@type\":\"EntryPoint\",\"urlTemplate\":\"https:\/\/lacasitaeducativa.shop\/?s={search_term_string}\"},\"query-input\":{\"@type\":\"PropertyValueSpecification\",\"valueRequired\":true,\"valueName\":\"search_term_string\"}}],\"inLanguage\":\"es\"},{\"@type\":\"Organization\",\"@id\":\"https:\/\/lacasitaeducativa.shop\/#organization\",\"name\":\"La Casita Educativa - LACASITAEDUCATIVA.SHOP\",\"url\":\"https:\/\/lacasitaeducativa.shop\/\",\"logo\":{\"@type\":\"ImageObject\",\"inLanguage\":\"es\",\"@id\":\"https:\/\/lacasitaeducativa.shop\/#\/schema\/logo\/image\/\",\"url\":\"https:\/\/lacasitaeducativa.shop\/wp-content\/uploads\/2020\/08\/Logos-la-casita-educativa-2-1.png\",\"contentUrl\":\"https:\/\/lacasitaeducativa.shop\/wp-content\/uploads\/2020\/08\/Logos-la-casita-educativa-2-1.png\",\"width\":500,\"height\":500,\"caption\":\"La Casita Educativa - LACASITAEDUCATIVA.SHOP\"},\"image\":{\"@id\":\"https:\/\/lacasitaeducativa.shop\/#\/schema\/logo\/image\/\"}}]}<\/script>\n<!-- \/ Yoast SEO plugin. -->","yoast_head_json":{"title":"Actividad de soplo infantil: Los 3 cerditos y el lobo - La Casita Educativa","description":"Actividad de soplo infantil basada en Los 3 cerditos. Recurso educativo para trabajar el soplo en ni\u00f1os de forma divertida en infantil y logopedia.","robots":{"index":"index","follow":"follow","max-snippet":"max-snippet:-1","max-image-preview":"max-image-preview:large","max-video-preview":"max-video-preview:-1"},"canonical":"https:\/\/lacasitaeducativa.shop\/index.php\/producto\/actividad-soplo-infantil-3-cerditos\/","og_locale":"es_ES","og_type":"article","og_title":"Actividad de soplo infantil: Los 3 cerditos y el lobo - La Casita Educativa","og_description":"Actividad de soplo infantil basada en Los 3 cerditos. Recurso educativo para trabajar el soplo en ni\u00f1os de forma divertida en infantil y logopedia.","og_url":"https:\/\/lacasitaeducativa.shop\/index.php\/producto\/actividad-soplo-infantil-3-cerditos\/","og_site_name":"La Casita Educativa","article_modified_time":"2026-05-04T14:21:36+00:00","og_image":[{"width":1080,"height":1080,"url":"https:\/\/lacasitaeducativa.shop\/wp-content\/uploads\/2024\/08\/soplo.jpg","type":"image\/jpeg"}],"twitter_card":"summary_large_image","twitter_misc":{"Tiempo de lectura":"2 minutos"},"schema":{"@context":"https:\/\/schema.org","@graph":[{"@type":"WebPage","@id":"https:\/\/lacasitaeducativa.shop\/index.php\/producto\/actividad-soplo-infantil-3-cerditos\/","url":"https:\/\/lacasitaeducativa.shop\/index.php\/producto\/actividad-soplo-infantil-3-cerditos\/","name":"Actividad de soplo infantil: Los 3 cerditos y el lobo - La Casita Educativa","isPartOf":{"@id":"https:\/\/lacasitaeducativa.shop\/#website"},"primaryImageOfPage":{"@id":"https:\/\/lacasitaeducativa.shop\/index.php\/producto\/actividad-soplo-infantil-3-cerditos\/#primaryimage"},"image":{"@id":"https:\/\/lacasitaeducativa.shop\/index.php\/producto\/actividad-soplo-infantil-3-cerditos\/#primaryimage"},"thumbnailUrl":"https:\/\/lacasitaeducativa.shop\/wp-content\/uploads\/2024\/08\/soplo.jpg","datePublished":"2024-09-03T12:18:52+00:00","dateModified":"2026-05-04T14:21:36+00:00","description":"Actividad de soplo infantil basada en Los 3 cerditos. Recurso educativo para trabajar el soplo en ni\u00f1os de forma divertida en infantil y logopedia.","breadcrumb":{"@id":"https:\/\/lacasitaeducativa.shop\/index.php\/producto\/actividad-soplo-infantil-3-cerditos\/#breadcrumb"},"inLanguage":"es","potentialAction":[{"@type":"ReadAction","target":["https:\/\/lacasitaeducativa.shop\/index.php\/producto\/actividad-soplo-infantil-3-cerditos\/"]}]},{"@type":"ImageObject","inLanguage":"es","@id":"https:\/\/lacasitaeducativa.shop\/index.php\/producto\/actividad-soplo-infantil-3-cerditos\/#primaryimage","url":"https:\/\/lacasitaeducativa.shop\/wp-content\/uploads\/2024\/08\/soplo.jpg","contentUrl":"https:\/\/lacasitaeducativa.shop\/wp-content\/uploads\/2024\/08\/soplo.jpg","width":1080,"height":1080,"caption":"Los 3 cerditos y el lobo soplo"},{"@type":"BreadcrumbList","@id":"https:\/\/lacasitaeducativa.shop\/index.php\/producto\/actividad-soplo-infantil-3-cerditos\/#breadcrumb","itemListElement":[{"@type":"ListItem","position":1,"name":"Portada","item":"https:\/\/lacasitaeducativa.shop\/"},{"@type":"ListItem","position":2,"name":"Recursos","item":"https:\/\/lacasitaeducativa.shop\/index.php\/tienda\/"},{"@type":"ListItem","position":3,"name":"Actividad de soplo infantil: Los 3 cerditos y el lobo"}]},{"@type":"WebSite","@id":"https:\/\/lacasitaeducativa.shop\/#website","url":"https:\/\/lacasitaeducativa.shop\/","name":"La Casita Educativa","description":"En esta casita encontrar\u00e9is todo tipo de recursos educativos infantiles, desde manualidades hasta actividades, juegos, cuentos, idiomas, adivinanzas y otros.","publisher":{"@id":"https:\/\/lacasitaeducativa.shop\/#organization"},"potentialAction":[{"@type":"SearchAction","target":{"@type":"EntryPoint","urlTemplate":"https:\/\/lacasitaeducativa.shop\/?s={search_term_string}"},"query-input":{"@type":"PropertyValueSpecification","valueRequired":true,"valueName":"search_term_string"}}],"inLanguage":"es"},{"@type":"Organization","@id":"https:\/\/lacasitaeducativa.shop\/#organization","name":"La Casita Educativa - LACASITAEDUCATIVA.SHOP","url":"https:\/\/lacasitaeducativa.shop\/","logo":{"@type":"ImageObject","inLanguage":"es","@id":"https:\/\/lacasitaeducativa.shop\/#\/schema\/logo\/image\/","url":"https:\/\/lacasitaeducativa.shop\/wp-content\/uploads\/2020\/08\/Logos-la-casita-educativa-2-1.png","contentUrl":"https:\/\/lacasitaeducativa.shop\/wp-content\/uploads\/2020\/08\/Logos-la-casita-educativa-2-1.png","width":500,"height":500,"caption":"La Casita Educativa - LACASITAEDUCATIVA.SHOP"},"image":{"@id":"https:\/\/lacasitaeducativa.shop\/#\/schema\/logo\/image\/"}}]}},"_links":{"self":[{"href":"https:\/\/lacasitaeducativa.shop\/index.php\/wp-json\/wp\/v2\/product\/387621","targetHints":{"allow":["GET"]}}],"collection":[{"href":"https:\/\/lacasitaeducativa.shop\/index.php\/wp-json\/wp\/v2\/product"}],"about":[{"href":"https:\/\/lacasitaeducativa.shop\/index.php\/wp-json\/wp\/v2\/types\/product"}],"replies":[{"embeddable":true,"href":"https:\/\/lacasitaeducativa.shop\/index.php\/wp-json\/wp\/v2\/comments?post=387621"}],"wp:featuredmedia":[{"embeddable":true,"href":"https:\/\/lacasitaeducativa.shop\/index.php\/wp-json\/wp\/v2\/media\/387623"}],"wp:attachment":[{"href":"https:\/\/lacasitaeducativa.shop\/index.php\/wp-json\/wp\/v2\/media?parent=387621"}],"wp:term":[{"taxonomy":"product_brand","embeddable":true,"href":"https:\/\/lacasitaeducativa.shop\/index.php\/wp-json\/wp\/v2\/product_brand?post=387621"},{"taxonomy":"product_cat","embeddable":true,"href":"https:\/\/lacasitaeducativa.shop\/index.php\/wp-json\/wp\/v2\/product_cat?post=387621"},{"taxonomy":"product_tag","embeddable":true,"href":"https:\/\/lacasitaeducativa.shop\/index.php\/wp-json\/wp\/v2\/product_tag?post=387621"}],"curies":[{"name":"wp","href":"https:\/\/api.w.org\/{rel}","templated":true}]}}