{"id":39934,"date":"2021-03-22T18:51:57","date_gmt":"2021-03-22T18:51:57","guid":{"rendered":"https:\/\/lacasitaeducativa.shop\/?post_type=product&#038;p=39934"},"modified":"2025-12-07T09:07:42","modified_gmt":"2025-12-07T09:07:42","slug":"bingo-letras","status":"publish","type":"product","link":"https:\/\/lacasitaeducativa.shop\/index.php\/producto\/bingo-letras\/","title":{"rendered":"Bingo letras"},"content":{"rendered":"<p><strong>CONTENIDO<\/strong><\/p>\n<p>El juego contiene:<\/p>\n<ul>\n<li>6 cartones con letras en may\u00fascula<\/li>\n<li>6 cartones con letras en min\u00fascula.<\/li>\n<li>27 tarjetas con las letras del abecedario en may\u00fascula.<\/li>\n<li>27 tarjetas con las letras del abecedario en min\u00fascula.<\/li>\n<\/ul>\n<p><b>FUNCIONAMIENTO<\/b><\/p>\n<p>Los juegos de bingo implican una gran concentraci\u00f3n por parte de los jugadores, ya que deben estar alerta por si salen, en este caso, las letras que tiene cada uno en su cart\u00f3n.<\/p>\n<p>Si salen letras que cada uno tiene en su cart\u00f3n, las deber\u00e1n ir tachando o a\u00f1adiendo alg\u00fan objetivo encima de dichas letras, hasta conseguir hacer una l\u00ednea entera en horizontal o bien conseguir todas las letras del cart\u00f3n.<\/p>\n<p>Es ideal para que los peque\u00f1os aprendan las letras, tanto may\u00fasculas como min\u00fasculas de una manera divertida.<\/p>\n<p><strong>I<\/strong><strong>DIOMA<\/strong><\/p>\n<p><span style=\"font-size: 16px;\">Espa\u00f1ol<\/span><\/p>\n<p><strong>EDAD RECOMENDADA<\/strong><\/p>\n<p>Este material est\u00e1 pensado para ni\u00f1os a partir de 3-4 a\u00f1os.<\/p>\n<p>&nbsp;<\/p>\n<p>&nbsp;<\/p>\n","protected":false},"excerpt":{"rendered":"<p>Es un juego de azar que permite entretener a los m\u00e1s peque\u00f1os y que a su vez aprendan las letras de manera divertida.<\/p>\n<p>Disponible en letras may\u00fasculas y min\u00fasculas.<\/p>\n<p>Recomendado a partir de 3-4 a\u00f1os.<\/p>\n<p><script async src=\"https:\/\/pagead2.googlesyndication.com\/pagead\/js\/adsbygoogle.js\"><\/script><br \/>\n<!-- Horizontal-Adaptable --><br \/>\n<ins class=\"adsbygoogle\" style=\"display: block;\" data-ad-client=\"ca-pub-1103545772104863\" data-ad-slot=\"5194289265\" data-ad-format=\"auto\" data-full-width-responsive=\"true\"><\/ins><br \/>\n<script>\n     (adsbygoogle = window.adsbygoogle || []).push({});\n<\/script><\/p>\n","protected":false},"featured_media":40465,"comment_status":"open","ping_status":"closed","template":"","meta":{"site-sidebar-layout":"default","site-content-layout":"default","ast-site-content-layout":"default","site-content-style":"default","site-sidebar-style":"default","ast-global-header-display":"","ast-banner-title-visibility":"","ast-main-header-display":"","ast-hfb-above-header-display":"","ast-hfb-below-header-display":"","ast-hfb-mobile-header-display":"","site-post-title":"","ast-breadcrumbs-content":"","ast-featured-img":"","footer-sml-layout":"","ast-disable-related-posts":"","theme-transparent-header-meta":"default","adv-header-id-meta":"","stick-header-meta":"","header-above-stick-meta":"","header-main-stick-meta":"","header-below-stick-meta":"","astra-migrate-meta-layouts":"set","ast-page-background-enabled":"default","ast-page-background-meta":{"desktop":{"background-color":"","background-image":"","background-repeat":"repeat","background-position":"center center","background-size":"auto","background-attachment":"scroll","background-type":"","background-media":"","overlay-type":"","overlay-color":"","overlay-opacity":"","overlay-gradient":""},"tablet":{"background-color":"","background-image":"","background-repeat":"repeat","background-position":"center center","background-size":"auto","background-attachment":"scroll","background-type":"","background-media":"","overlay-type":"","overlay-color":"","overlay-opacity":"","overlay-gradient":""},"mobile":{"background-color":"","background-image":"","background-repeat":"repeat","background-position":"center center","background-size":"auto","background-attachment":"scroll","background-type":"","background-media":"","overlay-type":"","overlay-color":"","overlay-opacity":"","overlay-gradient":""}},"ast-content-background-meta":{"desktop":{"background-color":"var(--ast-global-color-5)","background-image":"","background-repeat":"repeat","background-position":"center center","background-size":"auto","background-attachment":"scroll","background-type":"","background-media":"","overlay-type":"","overlay-color":"","overlay-opacity":"","overlay-gradient":""},"tablet":{"background-color":"var(--ast-global-color-5)","background-image":"","background-repeat":"repeat","background-position":"center center","background-size":"auto","background-attachment":"scroll","background-type":"","background-media":"","overlay-type":"","overlay-color":"","overlay-opacity":"","overlay-gradient":""},"mobile":{"background-color":"var(--ast-global-color-5)","background-image":"","background-repeat":"repeat","background-position":"center center","background-size":"auto","background-attachment":"scroll","background-type":"","background-media":"","overlay-type":"","overlay-color":"","overlay-opacity":"","overlay-gradient":""}}},"product_brand":[],"product_cat":[84],"product_tag":[161,121,167,235,234],"class_list":{"0":"post-39934","1":"product","2":"type-product","3":"status-publish","4":"has-post-thumbnail","6":"product_cat-juegos-educativos","7":"product_tag-bingo","8":"product_tag-juegoeducativo","9":"product_tag-letras","10":"product_tag-mayusculas","11":"product_tag-minusculas","12":"desktop-align-left","13":"tablet-align-left","14":"mobile-align-left","16":"first","17":"instock","18":"downloadable","19":"virtual","20":"taxable","21":"purchasable","22":"product-type-simple"},"yoast_head":"<!-- This site is optimized with the Yoast SEO plugin v26.8 - https:\/\/yoast.com\/product\/yoast-seo-wordpress\/ -->\n<title>Bingo letras - La Casita Educativa<\/title>\n<meta name=\"description\" content=\"Es un juego de azar que permite entretener a los m\u00e1s peque\u00f1os y que a su vez aprendan las letras de manera divertida. Recomendado + 3 a\u00f1os.\" \/>\n<meta name=\"robots\" content=\"index, follow, max-snippet:-1, max-image-preview:large, max-video-preview:-1\" \/>\n<link rel=\"canonical\" href=\"https:\/\/lacasitaeducativa.shop\/index.php\/producto\/bingo-letras\/\" \/>\n<meta property=\"og:locale\" content=\"es_ES\" \/>\n<meta property=\"og:type\" content=\"article\" \/>\n<meta property=\"og:title\" content=\"Bingo letras - La Casita Educativa\" \/>\n<meta property=\"og:description\" content=\"Es un juego de azar que permite entretener a los m\u00e1s peque\u00f1os y que a su vez aprendan las letras de manera divertida. Recomendado + 3 a\u00f1os.\" \/>\n<meta property=\"og:url\" content=\"https:\/\/lacasitaeducativa.shop\/index.php\/producto\/bingo-letras\/\" \/>\n<meta property=\"og:site_name\" content=\"La Casita Educativa\" \/>\n<meta property=\"article:modified_time\" content=\"2025-12-07T09:07:42+00:00\" \/>\n<meta property=\"og:image\" content=\"https:\/\/lacasitaeducativa.shop\/wp-content\/uploads\/2021\/03\/BINGO-LETRASS.jpg\" \/>\n\t<meta property=\"og:image:width\" content=\"1080\" \/>\n\t<meta property=\"og:image:height\" content=\"1080\" \/>\n\t<meta property=\"og:image:type\" content=\"image\/jpeg\" \/>\n<meta name=\"twitter:card\" content=\"summary_large_image\" \/>\n<meta name=\"twitter:label1\" content=\"Tiempo de lectura\" \/>\n\t<meta name=\"twitter:data1\" content=\"1 minuto\" \/>\n<script type=\"application\/ld+json\" class=\"yoast-schema-graph\">{\"@context\":\"https:\/\/schema.org\",\"@graph\":[{\"@type\":\"WebPage\",\"@id\":\"https:\/\/lacasitaeducativa.shop\/index.php\/producto\/bingo-letras\/\",\"url\":\"https:\/\/lacasitaeducativa.shop\/index.php\/producto\/bingo-letras\/\",\"name\":\"Bingo letras - La Casita Educativa\",\"isPartOf\":{\"@id\":\"https:\/\/lacasitaeducativa.shop\/#website\"},\"primaryImageOfPage\":{\"@id\":\"https:\/\/lacasitaeducativa.shop\/index.php\/producto\/bingo-letras\/#primaryimage\"},\"image\":{\"@id\":\"https:\/\/lacasitaeducativa.shop\/index.php\/producto\/bingo-letras\/#primaryimage\"},\"thumbnailUrl\":\"https:\/\/lacasitaeducativa.shop\/wp-content\/uploads\/2021\/03\/BINGO-LETRASS.jpg\",\"datePublished\":\"2021-03-22T18:51:57+00:00\",\"dateModified\":\"2025-12-07T09:07:42+00:00\",\"description\":\"Es un juego de azar que permite entretener a los m\u00e1s peque\u00f1os y que a su vez aprendan las letras de manera divertida. Recomendado + 3 a\u00f1os.\",\"breadcrumb\":{\"@id\":\"https:\/\/lacasitaeducativa.shop\/index.php\/producto\/bingo-letras\/#breadcrumb\"},\"inLanguage\":\"es\",\"potentialAction\":[{\"@type\":\"ReadAction\",\"target\":[\"https:\/\/lacasitaeducativa.shop\/index.php\/producto\/bingo-letras\/\"]}]},{\"@type\":\"ImageObject\",\"inLanguage\":\"es\",\"@id\":\"https:\/\/lacasitaeducativa.shop\/index.php\/producto\/bingo-letras\/#primaryimage\",\"url\":\"https:\/\/lacasitaeducativa.shop\/wp-content\/uploads\/2021\/03\/BINGO-LETRASS.jpg\",\"contentUrl\":\"https:\/\/lacasitaeducativa.shop\/wp-content\/uploads\/2021\/03\/BINGO-LETRASS.jpg\",\"width\":1080,\"height\":1080,\"caption\":\"BINGO LETRAS\"},{\"@type\":\"BreadcrumbList\",\"@id\":\"https:\/\/lacasitaeducativa.shop\/index.php\/producto\/bingo-letras\/#breadcrumb\",\"itemListElement\":[{\"@type\":\"ListItem\",\"position\":1,\"name\":\"Portada\",\"item\":\"https:\/\/lacasitaeducativa.shop\/\"},{\"@type\":\"ListItem\",\"position\":2,\"name\":\"Recursos\",\"item\":\"https:\/\/lacasitaeducativa.shop\/index.php\/tienda\/\"},{\"@type\":\"ListItem\",\"position\":3,\"name\":\"Bingo letras\"}]},{\"@type\":\"WebSite\",\"@id\":\"https:\/\/lacasitaeducativa.shop\/#website\",\"url\":\"https:\/\/lacasitaeducativa.shop\/\",\"name\":\"La Casita Educativa\",\"description\":\"En esta casita encontrar\u00e9is todo tipo de recursos educativos infantiles, desde manualidades hasta actividades, juegos, cuentos, idiomas, adivinanzas y otros.\",\"publisher\":{\"@id\":\"https:\/\/lacasitaeducativa.shop\/#organization\"},\"potentialAction\":[{\"@type\":\"SearchAction\",\"target\":{\"@type\":\"EntryPoint\",\"urlTemplate\":\"https:\/\/lacasitaeducativa.shop\/?s={search_term_string}\"},\"query-input\":{\"@type\":\"PropertyValueSpecification\",\"valueRequired\":true,\"valueName\":\"search_term_string\"}}],\"inLanguage\":\"es\"},{\"@type\":\"Organization\",\"@id\":\"https:\/\/lacasitaeducativa.shop\/#organization\",\"name\":\"La Casita Educativa - LACASITAEDUCATIVA.SHOP\",\"url\":\"https:\/\/lacasitaeducativa.shop\/\",\"logo\":{\"@type\":\"ImageObject\",\"inLanguage\":\"es\",\"@id\":\"https:\/\/lacasitaeducativa.shop\/#\/schema\/logo\/image\/\",\"url\":\"https:\/\/lacasitaeducativa.shop\/wp-content\/uploads\/2020\/08\/Logos-la-casita-educativa-2-1.png\",\"contentUrl\":\"https:\/\/lacasitaeducativa.shop\/wp-content\/uploads\/2020\/08\/Logos-la-casita-educativa-2-1.png\",\"width\":500,\"height\":500,\"caption\":\"La Casita Educativa - LACASITAEDUCATIVA.SHOP\"},\"image\":{\"@id\":\"https:\/\/lacasitaeducativa.shop\/#\/schema\/logo\/image\/\"}}]}<\/script>\n<!-- \/ Yoast SEO plugin. -->","yoast_head_json":{"title":"Bingo letras - La Casita Educativa","description":"Es un juego de azar que permite entretener a los m\u00e1s peque\u00f1os y que a su vez aprendan las letras de manera divertida. Recomendado + 3 a\u00f1os.","robots":{"index":"index","follow":"follow","max-snippet":"max-snippet:-1","max-image-preview":"max-image-preview:large","max-video-preview":"max-video-preview:-1"},"canonical":"https:\/\/lacasitaeducativa.shop\/index.php\/producto\/bingo-letras\/","og_locale":"es_ES","og_type":"article","og_title":"Bingo letras - La Casita Educativa","og_description":"Es un juego de azar que permite entretener a los m\u00e1s peque\u00f1os y que a su vez aprendan las letras de manera divertida. Recomendado + 3 a\u00f1os.","og_url":"https:\/\/lacasitaeducativa.shop\/index.php\/producto\/bingo-letras\/","og_site_name":"La Casita Educativa","article_modified_time":"2025-12-07T09:07:42+00:00","og_image":[{"width":1080,"height":1080,"url":"https:\/\/lacasitaeducativa.shop\/wp-content\/uploads\/2021\/03\/BINGO-LETRASS.jpg","type":"image\/jpeg"}],"twitter_card":"summary_large_image","twitter_misc":{"Tiempo de lectura":"1 minuto"},"schema":{"@context":"https:\/\/schema.org","@graph":[{"@type":"WebPage","@id":"https:\/\/lacasitaeducativa.shop\/index.php\/producto\/bingo-letras\/","url":"https:\/\/lacasitaeducativa.shop\/index.php\/producto\/bingo-letras\/","name":"Bingo letras - La Casita Educativa","isPartOf":{"@id":"https:\/\/lacasitaeducativa.shop\/#website"},"primaryImageOfPage":{"@id":"https:\/\/lacasitaeducativa.shop\/index.php\/producto\/bingo-letras\/#primaryimage"},"image":{"@id":"https:\/\/lacasitaeducativa.shop\/index.php\/producto\/bingo-letras\/#primaryimage"},"thumbnailUrl":"https:\/\/lacasitaeducativa.shop\/wp-content\/uploads\/2021\/03\/BINGO-LETRASS.jpg","datePublished":"2021-03-22T18:51:57+00:00","dateModified":"2025-12-07T09:07:42+00:00","description":"Es un juego de azar que permite entretener a los m\u00e1s peque\u00f1os y que a su vez aprendan las letras de manera divertida. Recomendado + 3 a\u00f1os.","breadcrumb":{"@id":"https:\/\/lacasitaeducativa.shop\/index.php\/producto\/bingo-letras\/#breadcrumb"},"inLanguage":"es","potentialAction":[{"@type":"ReadAction","target":["https:\/\/lacasitaeducativa.shop\/index.php\/producto\/bingo-letras\/"]}]},{"@type":"ImageObject","inLanguage":"es","@id":"https:\/\/lacasitaeducativa.shop\/index.php\/producto\/bingo-letras\/#primaryimage","url":"https:\/\/lacasitaeducativa.shop\/wp-content\/uploads\/2021\/03\/BINGO-LETRASS.jpg","contentUrl":"https:\/\/lacasitaeducativa.shop\/wp-content\/uploads\/2021\/03\/BINGO-LETRASS.jpg","width":1080,"height":1080,"caption":"BINGO LETRAS"},{"@type":"BreadcrumbList","@id":"https:\/\/lacasitaeducativa.shop\/index.php\/producto\/bingo-letras\/#breadcrumb","itemListElement":[{"@type":"ListItem","position":1,"name":"Portada","item":"https:\/\/lacasitaeducativa.shop\/"},{"@type":"ListItem","position":2,"name":"Recursos","item":"https:\/\/lacasitaeducativa.shop\/index.php\/tienda\/"},{"@type":"ListItem","position":3,"name":"Bingo letras"}]},{"@type":"WebSite","@id":"https:\/\/lacasitaeducativa.shop\/#website","url":"https:\/\/lacasitaeducativa.shop\/","name":"La Casita Educativa","description":"En esta casita encontrar\u00e9is todo tipo de recursos educativos infantiles, desde manualidades hasta actividades, juegos, cuentos, idiomas, adivinanzas y otros.","publisher":{"@id":"https:\/\/lacasitaeducativa.shop\/#organization"},"potentialAction":[{"@type":"SearchAction","target":{"@type":"EntryPoint","urlTemplate":"https:\/\/lacasitaeducativa.shop\/?s={search_term_string}"},"query-input":{"@type":"PropertyValueSpecification","valueRequired":true,"valueName":"search_term_string"}}],"inLanguage":"es"},{"@type":"Organization","@id":"https:\/\/lacasitaeducativa.shop\/#organization","name":"La Casita Educativa - LACASITAEDUCATIVA.SHOP","url":"https:\/\/lacasitaeducativa.shop\/","logo":{"@type":"ImageObject","inLanguage":"es","@id":"https:\/\/lacasitaeducativa.shop\/#\/schema\/logo\/image\/","url":"https:\/\/lacasitaeducativa.shop\/wp-content\/uploads\/2020\/08\/Logos-la-casita-educativa-2-1.png","contentUrl":"https:\/\/lacasitaeducativa.shop\/wp-content\/uploads\/2020\/08\/Logos-la-casita-educativa-2-1.png","width":500,"height":500,"caption":"La Casita Educativa - LACASITAEDUCATIVA.SHOP"},"image":{"@id":"https:\/\/lacasitaeducativa.shop\/#\/schema\/logo\/image\/"}}]}},"_links":{"self":[{"href":"https:\/\/lacasitaeducativa.shop\/index.php\/wp-json\/wp\/v2\/product\/39934","targetHints":{"allow":["GET"]}}],"collection":[{"href":"https:\/\/lacasitaeducativa.shop\/index.php\/wp-json\/wp\/v2\/product"}],"about":[{"href":"https:\/\/lacasitaeducativa.shop\/index.php\/wp-json\/wp\/v2\/types\/product"}],"replies":[{"embeddable":true,"href":"https:\/\/lacasitaeducativa.shop\/index.php\/wp-json\/wp\/v2\/comments?post=39934"}],"wp:featuredmedia":[{"embeddable":true,"href":"https:\/\/lacasitaeducativa.shop\/index.php\/wp-json\/wp\/v2\/media\/40465"}],"wp:attachment":[{"href":"https:\/\/lacasitaeducativa.shop\/index.php\/wp-json\/wp\/v2\/media?parent=39934"}],"wp:term":[{"taxonomy":"product_brand","embeddable":true,"href":"https:\/\/lacasitaeducativa.shop\/index.php\/wp-json\/wp\/v2\/product_brand?post=39934"},{"taxonomy":"product_cat","embeddable":true,"href":"https:\/\/lacasitaeducativa.shop\/index.php\/wp-json\/wp\/v2\/product_cat?post=39934"},{"taxonomy":"product_tag","embeddable":true,"href":"https:\/\/lacasitaeducativa.shop\/index.php\/wp-json\/wp\/v2\/product_tag?post=39934"}],"curies":[{"name":"wp","href":"https:\/\/api.w.org\/{rel}","templated":true}]}}