{"id":410,"date":"2020-08-30T07:23:37","date_gmt":"2020-08-30T07:23:37","guid":{"rendered":"http:\/\/45.131.80.30\/~condenom\/lacasitaeducativa\/?post_type=product&#038;p=410"},"modified":"2026-03-11T14:26:02","modified_gmt":"2026-03-11T14:26:02","slug":"conciencia-silabica","status":"publish","type":"product","link":"https:\/\/lacasitaeducativa.shop\/index.php\/producto\/conciencia-silabica\/","title":{"rendered":"Conciencia sil\u00e1bica \u2013 Actividades de s\u00edlabas para infantil y primaria"},"content":{"rendered":"<h3 data-section-id=\"prxdpi\" data-start=\"2385\" data-end=\"2420\">\u00bfQu\u00e9 es la conciencia sil\u00e1bica?<\/h3>\n<p data-start=\"2422\" data-end=\"2697\">La conciencia sil\u00e1bica es una habilidad de la conciencia fonol\u00f3gica que permite a los ni\u00f1os identificar y separar las s\u00edlabas que forman una palabra. Trabajar la conciencia sil\u00e1bica ayuda a mejorar el aprendizaje de la lectura y la escritura en educaci\u00f3n infantil y primaria.<\/p>\n<p data-start=\"2699\" data-end=\"2921\">Este material manipulativo permite trabajar la conciencia sil\u00e1bica de forma visual y divertida, favoreciendo que los alumnos formen palabras, identifiquen sus s\u00edlabas y desarrollen habilidades clave para la lectoescritura.<\/p>\n<h3>\u00bfQu\u00e9 incluye este material de conciencia sil\u00e1bica?<\/h3>\n<p>El material contiene:<\/p>\n<ul>\n<li>4 Flores<\/li>\n<li>4 Macetas<\/li>\n<li>60 s\u00edlabas en forma de c\u00edrculo<\/li>\n<\/ul>\n<h1 data-section-id=\"1yu7zaj\" data-start=\"1254\" data-end=\"1300\">\u00bfQu\u00e9 aprender\u00e1n los ni\u00f1os con este material?<\/h1>\n<p data-start=\"1302\" data-end=\"1348\">Con este recurso educativo los alumnos podr\u00e1n:<\/p>\n<ul data-start=\"1350\" data-end=\"1610\">\n<li data-section-id=\"7ixw3i\" data-start=\"1350\" data-end=\"1404\">\n<p data-start=\"1352\" data-end=\"1404\">Identificar las <strong data-start=\"1368\" data-end=\"1402\">s\u00edlabas que forman una palabra<\/strong><\/p>\n<\/li>\n<li data-section-id=\"rp4pg2\" data-start=\"1405\" data-end=\"1460\">\n<p data-start=\"1407\" data-end=\"1460\">Separar palabras en s\u00edlabas (segmentaci\u00f3n sil\u00e1bica)<\/p>\n<\/li>\n<li data-section-id=\"1kf32x4\" data-start=\"1461\" data-end=\"1506\">\n<p data-start=\"1463\" data-end=\"1506\">Contar cu\u00e1ntas s\u00edlabas tiene cada palabra<\/p>\n<\/li>\n<li data-section-id=\"t01gx8\" data-start=\"1507\" data-end=\"1571\">\n<p data-start=\"1509\" data-end=\"1571\">Desarrollar habilidades previas a la <strong data-start=\"1546\" data-end=\"1569\">lectura y escritura<\/strong><\/p>\n<\/li>\n<li data-section-id=\"1do5h3u\" data-start=\"1572\" data-end=\"1610\">\n<p data-start=\"1574\" data-end=\"1610\">Mejorar la <strong data-start=\"1585\" data-end=\"1610\">conciencia fonol\u00f3gica<\/strong><\/p>\n<\/li>\n<\/ul>\n<p data-start=\"1612\" data-end=\"1828\">Trabajar la conciencia sil\u00e1bica favorece la <strong data-start=\"1656\" data-end=\"1731\">fluidez lectora, la comprensi\u00f3n de las palabras y la correcta escritura<\/strong>, siendo una habilidad clave antes de iniciar la lectura.<\/p>\n<h1 data-section-id=\"65rddq\" data-start=\"1835\" data-end=\"1866\">\u00bfPara qui\u00e9n est\u00e1 recomendado?<\/h1>\n<p data-start=\"1868\" data-end=\"1896\">Este material es ideal para:<\/p>\n<ul data-start=\"1898\" data-end=\"2137\">\n<li data-section-id=\"4udwc6\" data-start=\"1898\" data-end=\"1920\">\n<p data-start=\"1900\" data-end=\"1920\">Educaci\u00f3n Infantil<\/p>\n<\/li>\n<li data-section-id=\"1f537zi\" data-start=\"1921\" data-end=\"1959\">\n<p data-start=\"1923\" data-end=\"1959\">Primer ciclo de Educaci\u00f3n Primaria<\/p>\n<\/li>\n<li data-section-id=\"1tede6d\" data-start=\"1960\" data-end=\"2025\">\n<p data-start=\"1962\" data-end=\"2025\">Alumnos que est\u00e1n comenzando el proceso de <strong data-start=\"2005\" data-end=\"2023\">lectoescritura<\/strong><\/p>\n<\/li>\n<li data-section-id=\"13c3mp6\" data-start=\"2026\" data-end=\"2083\">\n<p data-start=\"2028\" data-end=\"2083\">Refuerzo educativo y apoyo en <strong data-start=\"2058\" data-end=\"2081\">audici\u00f3n y lenguaje<\/strong><\/p>\n<\/li>\n<li data-section-id=\"a4lxi1\" data-start=\"2084\" data-end=\"2137\">\n<p data-start=\"2086\" data-end=\"2137\">Intervenci\u00f3n con alumnado con dificultades lectoras<\/p>\n<\/li>\n<\/ul>\n<h1 data-section-id=\"170l9de\" data-start=\"2144\" data-end=\"2173\">C\u00f3mo trabajar la conciencia sil\u00e1bica en el aula o en casa<\/h1>\n<p data-start=\"2175\" data-end=\"2222\">Algunas propuestas de uso en el aula o en casa:<\/p>\n<ul data-start=\"2224\" data-end=\"2437\">\n<li data-section-id=\"ctf2iu\" data-start=\"2224\" data-end=\"2261\">\n<p data-start=\"2226\" data-end=\"2261\">Separar la palabra en <strong data-start=\"2248\" data-end=\"2259\">s\u00edlabas<\/strong><\/p>\n<\/li>\n<li data-section-id=\"1e20a4n\" data-start=\"2262\" data-end=\"2293\">\n<p data-start=\"2264\" data-end=\"2293\">Contar el n\u00famero de s\u00edlabas<\/p>\n<\/li>\n<li data-section-id=\"1dnb0v0\" data-start=\"2294\" data-end=\"2333\">\n<p data-start=\"2296\" data-end=\"2333\">Formar palabras a partir de s\u00edlabas<\/p>\n<\/li>\n<li data-section-id=\"lt6m3i\" data-start=\"2334\" data-end=\"2387\">\n<p data-start=\"2336\" data-end=\"2387\">Identificar la <strong data-start=\"2351\" data-end=\"2385\">s\u00ed\u00adlaba inicial, media o final<\/strong><\/p>\n<\/li>\n<li data-section-id=\"gxvpz6\" data-start=\"2388\" data-end=\"2437\">\n<p data-start=\"2390\" data-end=\"2437\">Jugar a crear nuevas palabras cambiando s\u00edlabas<\/p>\n<\/li>\n<\/ul>\n<p data-start=\"2439\" data-end=\"2632\">Este tipo de actividades ayudan a que los ni\u00f1os <strong data-start=\"2487\" data-end=\"2557\">escuchen, manipulen y comprendan las unidades sonoras del lenguaje<\/strong>, facilitando el desarrollo lector.<\/p>\n<h1 data-section-id=\"g1t0wl\" data-start=\"2639\" data-end=\"2664\">Beneficios de trabajar la conciencia sil\u00e1bica<\/h1>\n<p data-start=\"2666\" data-end=\"2862\">\u2714 Aprendizaje manipulativo<br data-start=\"2692\" data-end=\"2695\" \/>\u2714 Actividad motivadora y visual<br data-start=\"2726\" data-end=\"2729\" \/>\u2714 Ideal para rincones de lectoescritura<br data-start=\"2768\" data-end=\"2771\" \/>\u2714 Perfecto para aula, refuerzo o logopedia<br data-start=\"2813\" data-end=\"2816\" \/>\u2714 Favorece el aprendizaje a trav\u00e9s del juego<\/p>\n<p><strong>IDIOMA<\/strong><\/p>\n<p>Castellano y catal\u00e1n<\/p>\n<p><strong>EDAD RECOMENDADA<\/strong><\/p>\n<p>Este material est\u00e1 recomendado a partir de 6-7 a\u00f1os.<\/p>\n<p>*Si puedes d\u00e9jame un peque\u00f1o comentario o valoraci\u00f3n para poder seguir mejorando. \ud83d\ude42<\/p>\n<p>Y si quieres ver m\u00e1s materiales relacionados con las s\u00edlabas, mira\u00a0<a href=\"https:\/\/lacasitaeducativa.shop\/?s=silabas&amp;post_type=product\" target=\"_blank\" rel=\"noopener\">AQU\u00cd<\/a><\/p>\n<h2>Quiz\u00e1s te pueda interesar:<\/h2>\n<table>\n<tbody>\n<tr>\n<td><iframe style=\"width: 120px; height: 240px;\" src=\"\/\/rcm-eu.amazon-adsystem.com\/e\/cm?lt1=_blank&amp;bc1=000000&amp;IS2=1&amp;bg1=FFFFFF&amp;fc1=000000&amp;lc1=0000FF&amp;t=lacasitaeduca-21&amp;language=es_ES&amp;o=30&amp;p=8&amp;l=as4&amp;m=amazon&amp;f=ifr&amp;ref=as_ss_li_til&amp;asins=B0068A96N8&amp;linkId=03dbe833709f39bdd6cb6e9a43a9e208\" frameborder=\"0\" marginwidth=\"0\" marginheight=\"0\" scrolling=\"no\"><\/iframe><\/td>\n<td><iframe style=\"width: 120px; height: 240px;\" src=\"\/\/rcm-eu.amazon-adsystem.com\/e\/cm?lt1=_blank&amp;bc1=000000&amp;IS2=1&amp;bg1=FFFFFF&amp;fc1=000000&amp;lc1=0000FF&amp;t=lacasitaeduca-21&amp;language=es_ES&amp;o=30&amp;p=8&amp;l=as4&amp;m=amazon&amp;f=ifr&amp;ref=as_ss_li_til&amp;asins=B0068A975U&amp;linkId=a983748b1367de95656a9f917ac9c0f1\" frameborder=\"0\" marginwidth=\"0\" marginheight=\"0\" scrolling=\"no\"><\/iframe><\/td>\n<td><iframe style=\"width: 120px; height: 240px;\" src=\"\/\/rcm-eu.amazon-adsystem.com\/e\/cm?lt1=_blank&amp;bc1=000000&amp;IS2=1&amp;bg1=FFFFFF&amp;fc1=000000&amp;lc1=0000FF&amp;t=lacasitaeduca-21&amp;language=es_ES&amp;o=30&amp;p=8&amp;l=as4&amp;m=amazon&amp;f=ifr&amp;ref=as_ss_li_til&amp;asins=B0851SC26M&amp;linkId=f9cf39d132229f1494a6a5583d3079c5\" frameborder=\"0\" marginwidth=\"0\" marginheight=\"0\" scrolling=\"no\"><\/iframe><\/td>\n<\/tr>\n<\/tbody>\n<\/table>\n","protected":false},"excerpt":{"rendered":"<p>Este material de <strong data-start=\"524\" data-end=\"547\">conciencia sil\u00e1bica<\/strong> est\u00e1 dise\u00f1ado para ayudar a los ni\u00f1os y ni\u00f1as a comprender c\u00f3mo se forman las palabras a partir de <strong data-start=\"647\" data-end=\"658\">s\u00edlabas<\/strong>, una habilidad fundamental en el proceso de aprendizaje de la <strong data-start=\"721\" data-end=\"739\">lectoescritura<\/strong>.<\/p>\n<p>Recomendado a partir de 6-7 a\u00f1os.<\/p>\n<p><script async src=\"https:\/\/pagead2.googlesyndication.com\/pagead\/js\/adsbygoogle.js\"><\/script><br \/>\n<!-- Horizontal-Adaptable --><br \/>\n<ins class=\"adsbygoogle\" style=\"display: block;\" data-ad-client=\"ca-pub-1103545772104863\" data-ad-slot=\"5194289265\" data-ad-format=\"auto\" data-full-width-responsive=\"true\"><\/ins><br \/>\n<script>\n     (adsbygoogle = window.adsbygoogle || []).push({});\n<\/script><\/p>\n","protected":false},"featured_media":435121,"comment_status":"open","ping_status":"closed","template":"","meta":{"site-sidebar-layout":"default","site-content-layout":"default","ast-site-content-layout":"default","site-content-style":"default","site-sidebar-style":"default","ast-global-header-display":"","ast-banner-title-visibility":"","ast-main-header-display":"","ast-hfb-above-header-display":"","ast-hfb-below-header-display":"","ast-hfb-mobile-header-display":"","site-post-title":"","ast-breadcrumbs-content":"","ast-featured-img":"","footer-sml-layout":"","ast-disable-related-posts":"","theme-transparent-header-meta":"default","adv-header-id-meta":"","stick-header-meta":"","header-above-stick-meta":"","header-main-stick-meta":"","header-below-stick-meta":"","astra-migrate-meta-layouts":"set","ast-page-background-enabled":"default","ast-page-background-meta":{"desktop":{"background-color":"","background-image":"","background-repeat":"repeat","background-position":"center center","background-size":"auto","background-attachment":"scroll","background-type":"","background-media":"","overlay-type":"","overlay-color":"","overlay-opacity":"","overlay-gradient":""},"tablet":{"background-color":"","background-image":"","background-repeat":"repeat","background-position":"center center","background-size":"auto","background-attachment":"scroll","background-type":"","background-media":"","overlay-type":"","overlay-color":"","overlay-opacity":"","overlay-gradient":""},"mobile":{"background-color":"","background-image":"","background-repeat":"repeat","background-position":"center center","background-size":"auto","background-attachment":"scroll","background-type":"","background-media":"","overlay-type":"","overlay-color":"","overlay-opacity":"","overlay-gradient":""}},"ast-content-background-meta":{"desktop":{"background-color":"var(--ast-global-color-5)","background-image":"","background-repeat":"repeat","background-position":"center center","background-size":"auto","background-attachment":"scroll","background-type":"","background-media":"","overlay-type":"","overlay-color":"","overlay-opacity":"","overlay-gradient":""},"tablet":{"background-color":"var(--ast-global-color-5)","background-image":"","background-repeat":"repeat","background-position":"center center","background-size":"auto","background-attachment":"scroll","background-type":"","background-media":"","overlay-type":"","overlay-color":"","overlay-opacity":"","overlay-gradient":""},"mobile":{"background-color":"var(--ast-global-color-5)","background-image":"","background-repeat":"repeat","background-position":"center center","background-size":"auto","background-attachment":"scroll","background-type":"","background-media":"","overlay-type":"","overlay-color":"","overlay-opacity":"","overlay-gradient":""}}},"product_brand":[],"product_cat":[17,77],"product_tag":[800,511,136,118,108,135],"class_list":{"0":"post-410","1":"product","2":"type-product","3":"status-publish","4":"has-post-thumbnail","6":"product_cat-educacion-primaria","7":"product_cat-lectoescritura","8":"product_tag-actividades-de-silabas","9":"product_tag-conciencia-fonologica","10":"product_tag-conciencia-silabica","11":"product_tag-educacion-infantil","12":"product_tag-educacion-primaria","13":"product_tag-lectoescritura","14":"desktop-align-left","15":"tablet-align-left","16":"mobile-align-left","18":"first","19":"instock","20":"downloadable","21":"virtual","22":"taxable","23":"purchasable","24":"product-type-simple"},"yoast_head":"<!-- This site is optimized with the Yoast SEO plugin v26.8 - https:\/\/yoast.com\/product\/yoast-seo-wordpress\/ -->\n<title>Palabras - Conciencia sil\u00e1bica - La Casita Educativa<\/title>\n<meta name=\"description\" content=\"Material de conciencia sil\u00e1bica para trabajar las s\u00edlabas de forma manipulativa. Ideal para infantil y primaria en el aprendizaje de la lectoescritura.\" \/>\n<meta name=\"robots\" content=\"index, follow, max-snippet:-1, max-image-preview:large, max-video-preview:-1\" \/>\n<link rel=\"canonical\" href=\"https:\/\/lacasitaeducativa.shop\/index.php\/producto\/conciencia-silabica\/\" \/>\n<meta property=\"og:locale\" content=\"es_ES\" \/>\n<meta property=\"og:type\" content=\"article\" \/>\n<meta property=\"og:title\" content=\"Palabras - Conciencia sil\u00e1bica - La Casita Educativa\" \/>\n<meta property=\"og:description\" content=\"Material de conciencia sil\u00e1bica para trabajar las s\u00edlabas de forma manipulativa. Ideal para infantil y primaria en el aprendizaje de la lectoescritura.\" \/>\n<meta property=\"og:url\" content=\"https:\/\/lacasitaeducativa.shop\/index.php\/producto\/conciencia-silabica\/\" \/>\n<meta property=\"og:site_name\" content=\"La Casita Educativa\" \/>\n<meta property=\"article:modified_time\" content=\"2026-03-11T14:26:02+00:00\" \/>\n<meta property=\"og:image\" content=\"https:\/\/lacasitaeducativa.shop\/wp-content\/uploads\/2020\/08\/Silabas-primavera-4.jpg\" \/>\n\t<meta property=\"og:image:width\" content=\"1080\" \/>\n\t<meta property=\"og:image:height\" content=\"1080\" \/>\n\t<meta property=\"og:image:type\" content=\"image\/jpeg\" \/>\n<meta name=\"twitter:card\" content=\"summary_large_image\" \/>\n<meta name=\"twitter:label1\" content=\"Tiempo de lectura\" \/>\n\t<meta name=\"twitter:data1\" content=\"2 minutos\" \/>\n<script type=\"application\/ld+json\" class=\"yoast-schema-graph\">{\"@context\":\"https:\/\/schema.org\",\"@graph\":[{\"@type\":\"WebPage\",\"@id\":\"https:\/\/lacasitaeducativa.shop\/index.php\/producto\/conciencia-silabica\/\",\"url\":\"https:\/\/lacasitaeducativa.shop\/index.php\/producto\/conciencia-silabica\/\",\"name\":\"Palabras - Conciencia sil\u00e1bica - La Casita Educativa\",\"isPartOf\":{\"@id\":\"https:\/\/lacasitaeducativa.shop\/#website\"},\"primaryImageOfPage\":{\"@id\":\"https:\/\/lacasitaeducativa.shop\/index.php\/producto\/conciencia-silabica\/#primaryimage\"},\"image\":{\"@id\":\"https:\/\/lacasitaeducativa.shop\/index.php\/producto\/conciencia-silabica\/#primaryimage\"},\"thumbnailUrl\":\"https:\/\/lacasitaeducativa.shop\/wp-content\/uploads\/2020\/08\/Silabas-primavera-4.jpg\",\"datePublished\":\"2020-08-30T07:23:37+00:00\",\"dateModified\":\"2026-03-11T14:26:02+00:00\",\"description\":\"Material de conciencia sil\u00e1bica para trabajar las s\u00edlabas de forma manipulativa. Ideal para infantil y primaria en el aprendizaje de la lectoescritura.\",\"breadcrumb\":{\"@id\":\"https:\/\/lacasitaeducativa.shop\/index.php\/producto\/conciencia-silabica\/#breadcrumb\"},\"inLanguage\":\"es\",\"potentialAction\":[{\"@type\":\"ReadAction\",\"target\":[\"https:\/\/lacasitaeducativa.shop\/index.php\/producto\/conciencia-silabica\/\"]}]},{\"@type\":\"ImageObject\",\"inLanguage\":\"es\",\"@id\":\"https:\/\/lacasitaeducativa.shop\/index.php\/producto\/conciencia-silabica\/#primaryimage\",\"url\":\"https:\/\/lacasitaeducativa.shop\/wp-content\/uploads\/2020\/08\/Silabas-primavera-4.jpg\",\"contentUrl\":\"https:\/\/lacasitaeducativa.shop\/wp-content\/uploads\/2020\/08\/Silabas-primavera-4.jpg\",\"width\":1080,\"height\":1080,\"caption\":\"Conciencia sil\u00e1bica en primavera\"},{\"@type\":\"BreadcrumbList\",\"@id\":\"https:\/\/lacasitaeducativa.shop\/index.php\/producto\/conciencia-silabica\/#breadcrumb\",\"itemListElement\":[{\"@type\":\"ListItem\",\"position\":1,\"name\":\"Portada\",\"item\":\"https:\/\/lacasitaeducativa.shop\/\"},{\"@type\":\"ListItem\",\"position\":2,\"name\":\"Recursos\",\"item\":\"https:\/\/lacasitaeducativa.shop\/index.php\/tienda\/\"},{\"@type\":\"ListItem\",\"position\":3,\"name\":\"Conciencia sil\u00e1bica \u2013 Actividades de s\u00edlabas para infantil y primaria\"}]},{\"@type\":\"WebSite\",\"@id\":\"https:\/\/lacasitaeducativa.shop\/#website\",\"url\":\"https:\/\/lacasitaeducativa.shop\/\",\"name\":\"La Casita Educativa\",\"description\":\"En esta casita encontrar\u00e9is todo tipo de recursos educativos infantiles, desde manualidades hasta actividades, juegos, cuentos, idiomas, adivinanzas y otros.\",\"publisher\":{\"@id\":\"https:\/\/lacasitaeducativa.shop\/#organization\"},\"potentialAction\":[{\"@type\":\"SearchAction\",\"target\":{\"@type\":\"EntryPoint\",\"urlTemplate\":\"https:\/\/lacasitaeducativa.shop\/?s={search_term_string}\"},\"query-input\":{\"@type\":\"PropertyValueSpecification\",\"valueRequired\":true,\"valueName\":\"search_term_string\"}}],\"inLanguage\":\"es\"},{\"@type\":\"Organization\",\"@id\":\"https:\/\/lacasitaeducativa.shop\/#organization\",\"name\":\"La Casita Educativa - LACASITAEDUCATIVA.SHOP\",\"url\":\"https:\/\/lacasitaeducativa.shop\/\",\"logo\":{\"@type\":\"ImageObject\",\"inLanguage\":\"es\",\"@id\":\"https:\/\/lacasitaeducativa.shop\/#\/schema\/logo\/image\/\",\"url\":\"https:\/\/lacasitaeducativa.shop\/wp-content\/uploads\/2020\/08\/Logos-la-casita-educativa-2-1.png\",\"contentUrl\":\"https:\/\/lacasitaeducativa.shop\/wp-content\/uploads\/2020\/08\/Logos-la-casita-educativa-2-1.png\",\"width\":500,\"height\":500,\"caption\":\"La Casita Educativa - LACASITAEDUCATIVA.SHOP\"},\"image\":{\"@id\":\"https:\/\/lacasitaeducativa.shop\/#\/schema\/logo\/image\/\"}}]}<\/script>\n<!-- \/ Yoast SEO plugin. -->","yoast_head_json":{"title":"Palabras - Conciencia sil\u00e1bica - La Casita Educativa","description":"Material de conciencia sil\u00e1bica para trabajar las s\u00edlabas de forma manipulativa. Ideal para infantil y primaria en el aprendizaje de la lectoescritura.","robots":{"index":"index","follow":"follow","max-snippet":"max-snippet:-1","max-image-preview":"max-image-preview:large","max-video-preview":"max-video-preview:-1"},"canonical":"https:\/\/lacasitaeducativa.shop\/index.php\/producto\/conciencia-silabica\/","og_locale":"es_ES","og_type":"article","og_title":"Palabras - Conciencia sil\u00e1bica - La Casita Educativa","og_description":"Material de conciencia sil\u00e1bica para trabajar las s\u00edlabas de forma manipulativa. Ideal para infantil y primaria en el aprendizaje de la lectoescritura.","og_url":"https:\/\/lacasitaeducativa.shop\/index.php\/producto\/conciencia-silabica\/","og_site_name":"La Casita Educativa","article_modified_time":"2026-03-11T14:26:02+00:00","og_image":[{"width":1080,"height":1080,"url":"https:\/\/lacasitaeducativa.shop\/wp-content\/uploads\/2020\/08\/Silabas-primavera-4.jpg","type":"image\/jpeg"}],"twitter_card":"summary_large_image","twitter_misc":{"Tiempo de lectura":"2 minutos"},"schema":{"@context":"https:\/\/schema.org","@graph":[{"@type":"WebPage","@id":"https:\/\/lacasitaeducativa.shop\/index.php\/producto\/conciencia-silabica\/","url":"https:\/\/lacasitaeducativa.shop\/index.php\/producto\/conciencia-silabica\/","name":"Palabras - Conciencia sil\u00e1bica - La Casita Educativa","isPartOf":{"@id":"https:\/\/lacasitaeducativa.shop\/#website"},"primaryImageOfPage":{"@id":"https:\/\/lacasitaeducativa.shop\/index.php\/producto\/conciencia-silabica\/#primaryimage"},"image":{"@id":"https:\/\/lacasitaeducativa.shop\/index.php\/producto\/conciencia-silabica\/#primaryimage"},"thumbnailUrl":"https:\/\/lacasitaeducativa.shop\/wp-content\/uploads\/2020\/08\/Silabas-primavera-4.jpg","datePublished":"2020-08-30T07:23:37+00:00","dateModified":"2026-03-11T14:26:02+00:00","description":"Material de conciencia sil\u00e1bica para trabajar las s\u00edlabas de forma manipulativa. Ideal para infantil y primaria en el aprendizaje de la lectoescritura.","breadcrumb":{"@id":"https:\/\/lacasitaeducativa.shop\/index.php\/producto\/conciencia-silabica\/#breadcrumb"},"inLanguage":"es","potentialAction":[{"@type":"ReadAction","target":["https:\/\/lacasitaeducativa.shop\/index.php\/producto\/conciencia-silabica\/"]}]},{"@type":"ImageObject","inLanguage":"es","@id":"https:\/\/lacasitaeducativa.shop\/index.php\/producto\/conciencia-silabica\/#primaryimage","url":"https:\/\/lacasitaeducativa.shop\/wp-content\/uploads\/2020\/08\/Silabas-primavera-4.jpg","contentUrl":"https:\/\/lacasitaeducativa.shop\/wp-content\/uploads\/2020\/08\/Silabas-primavera-4.jpg","width":1080,"height":1080,"caption":"Conciencia sil\u00e1bica en primavera"},{"@type":"BreadcrumbList","@id":"https:\/\/lacasitaeducativa.shop\/index.php\/producto\/conciencia-silabica\/#breadcrumb","itemListElement":[{"@type":"ListItem","position":1,"name":"Portada","item":"https:\/\/lacasitaeducativa.shop\/"},{"@type":"ListItem","position":2,"name":"Recursos","item":"https:\/\/lacasitaeducativa.shop\/index.php\/tienda\/"},{"@type":"ListItem","position":3,"name":"Conciencia sil\u00e1bica \u2013 Actividades de s\u00edlabas para infantil y primaria"}]},{"@type":"WebSite","@id":"https:\/\/lacasitaeducativa.shop\/#website","url":"https:\/\/lacasitaeducativa.shop\/","name":"La Casita Educativa","description":"En esta casita encontrar\u00e9is todo tipo de recursos educativos infantiles, desde manualidades hasta actividades, juegos, cuentos, idiomas, adivinanzas y otros.","publisher":{"@id":"https:\/\/lacasitaeducativa.shop\/#organization"},"potentialAction":[{"@type":"SearchAction","target":{"@type":"EntryPoint","urlTemplate":"https:\/\/lacasitaeducativa.shop\/?s={search_term_string}"},"query-input":{"@type":"PropertyValueSpecification","valueRequired":true,"valueName":"search_term_string"}}],"inLanguage":"es"},{"@type":"Organization","@id":"https:\/\/lacasitaeducativa.shop\/#organization","name":"La Casita Educativa - LACASITAEDUCATIVA.SHOP","url":"https:\/\/lacasitaeducativa.shop\/","logo":{"@type":"ImageObject","inLanguage":"es","@id":"https:\/\/lacasitaeducativa.shop\/#\/schema\/logo\/image\/","url":"https:\/\/lacasitaeducativa.shop\/wp-content\/uploads\/2020\/08\/Logos-la-casita-educativa-2-1.png","contentUrl":"https:\/\/lacasitaeducativa.shop\/wp-content\/uploads\/2020\/08\/Logos-la-casita-educativa-2-1.png","width":500,"height":500,"caption":"La Casita Educativa - LACASITAEDUCATIVA.SHOP"},"image":{"@id":"https:\/\/lacasitaeducativa.shop\/#\/schema\/logo\/image\/"}}]}},"_links":{"self":[{"href":"https:\/\/lacasitaeducativa.shop\/index.php\/wp-json\/wp\/v2\/product\/410","targetHints":{"allow":["GET"]}}],"collection":[{"href":"https:\/\/lacasitaeducativa.shop\/index.php\/wp-json\/wp\/v2\/product"}],"about":[{"href":"https:\/\/lacasitaeducativa.shop\/index.php\/wp-json\/wp\/v2\/types\/product"}],"replies":[{"embeddable":true,"href":"https:\/\/lacasitaeducativa.shop\/index.php\/wp-json\/wp\/v2\/comments?post=410"}],"wp:featuredmedia":[{"embeddable":true,"href":"https:\/\/lacasitaeducativa.shop\/index.php\/wp-json\/wp\/v2\/media\/435121"}],"wp:attachment":[{"href":"https:\/\/lacasitaeducativa.shop\/index.php\/wp-json\/wp\/v2\/media?parent=410"}],"wp:term":[{"taxonomy":"product_brand","embeddable":true,"href":"https:\/\/lacasitaeducativa.shop\/index.php\/wp-json\/wp\/v2\/product_brand?post=410"},{"taxonomy":"product_cat","embeddable":true,"href":"https:\/\/lacasitaeducativa.shop\/index.php\/wp-json\/wp\/v2\/product_cat?post=410"},{"taxonomy":"product_tag","embeddable":true,"href":"https:\/\/lacasitaeducativa.shop\/index.php\/wp-json\/wp\/v2\/product_tag?post=410"}],"curies":[{"name":"wp","href":"https:\/\/api.w.org\/{rel}","templated":true}]}}