{"id":419766,"date":"2025-01-22T14:12:39","date_gmt":"2025-01-22T14:12:39","guid":{"rendered":"https:\/\/lacasitaeducativa.shop\/?post_type=product&#038;p=419766"},"modified":"2025-12-19T08:30:49","modified_gmt":"2025-12-19T08:30:49","slug":"bingo-paz-y-no-violencia","status":"publish","type":"product","link":"https:\/\/lacasitaeducativa.shop\/index.php\/producto\/bingo-paz-y-no-violencia\/","title":{"rendered":"Bingo con valores"},"content":{"rendered":"<p><strong>CONTENIDO<\/strong><\/p>\n<p>El juego contiene:<\/p>\n<ul>\n<li>5 cartones con diferentes palabras relacionadas con valores y 1 cart\u00f3n libre, por si se quieren a\u00f1adir otras palabras.<\/li>\n<li>20 tarjetas con el s\u00edmbolo de la paz con diferentes palabras relacionadas con la paz.<\/li>\n<li>20 tarjetas con el s\u00edmbolo de la paz SIN palabras, por si quer\u00e9is a\u00f1adir otras nuevas.<\/li>\n<\/ul>\n<p><b>FUNCIONAMIENTO<\/b><\/p>\n<p>Los juegos de bingo implican una gran concentraci\u00f3n por parte de los jugadores, ya que deben estar alerta por si salen, en este caso, las palabras con valores que tiene cada uno en su cart\u00f3n.<\/p>\n<p>Si sale la palabra que cada uno tiene en su cart\u00f3n, las deber\u00e1n ir tachando o a\u00f1adiendo alg\u00fan objetivo encima, hasta conseguir hacer una l\u00ednea entera en horizontal o bien conseguir todos los elementos del cart\u00f3n.<\/p>\n<p>Es ideal para trabajar valores fundamentales. Puede\u00a0ser el punto de partida para reflexionar en grupo y crear una atm\u00f3sfera positiva tanto en el aula como en sus relaciones personales. \ud83d\ude0a<\/p>\n<h3 data-start=\"773\" data-end=\"817\">\ud83c\udfaf \u00bfQu\u00e9 objetivos trabaja este material?<\/h3>\n<p data-start=\"818\" data-end=\"1114\">\u2714\ufe0f Promueve el <strong data-start=\"833\" data-end=\"870\">respeto y la convivencia pac\u00edfica<\/strong><br data-start=\"870\" data-end=\"873\" \/>\u2714\ufe0f Refuerza valores como la <strong data-start=\"901\" data-end=\"944\">empat\u00eda, la solidaridad y la tolerancia<\/strong><br data-start=\"944\" data-end=\"947\" \/>\u2714\ufe0f Potencia habilidades sociales y emocionales<br data-start=\"993\" data-end=\"996\" \/>\u2714\ufe0f Favorece el di\u00e1logo, la escucha activa y la colaboraci\u00f3n<br data-start=\"1055\" data-end=\"1058\" \/>\u2714\ufe0f Ideal para asambleas, tutor\u00edas o actividades en grupo<\/p>\n<p data-start=\"1621\" data-end=\"1870\">Este material es un recurso perfecto para enriquecer tu aula con actividades que <strong data-start=\"1702\" data-end=\"1755\">conectan el juego con aprendizajes significativos<\/strong>, ayudando a que los peques reflexionen de forma divertida sobre c\u00f3mo construir relaciones respetuosas y pac\u00edficas.<\/p>\n<p data-start=\"1872\" data-end=\"1932\">\u2728 \u00a1Un bingo diferente que suma en el coraz\u00f3n y en el aula! \u2728<\/p>\n<p><strong>I<\/strong><strong>DIOMA<\/strong><\/p>\n<p>Castellano y catal\u00e1n.<\/p>\n<p><strong>EDAD RECOMENDADA<\/strong><\/p>\n<p>Recomendado a partir de 6-7 a\u00f1os.<\/p>\n","protected":false},"excerpt":{"rendered":"<p>El <strong>bingo con valores<\/strong> es un recurso did\u00e1ctico pensado para trabajar la empat\u00eda, el respeto, la resoluci\u00f3n pac\u00edfica de conflictos y la cultura de paz de forma <strong data-start=\"544\" data-end=\"570\">l\u00fadica y participativa<\/strong>.<\/p>\n<p>Este bingo combina el aprendizaje de valores con el juego cooperativo, ayudando a los ni\u00f1os y ni\u00f1as a interiorizar comportamientos positivos mientras se divierten con compa\u00f1eros o en familia.<\/p>\n<p>Lo recomendamos a partir de 6-7 a\u00f1os.<\/p>\n<p><script async src=\"https:\/\/pagead2.googlesyndication.com\/pagead\/js\/adsbygoogle.js\"><\/script><br \/>\n<!-- Horizontal-Adaptable --><br \/>\n<ins class=\"adsbygoogle\" style=\"display: block;\" data-ad-client=\"ca-pub-1103545772104863\" data-ad-slot=\"5194289265\" data-ad-format=\"auto\" data-full-width-responsive=\"true\"><\/ins><br \/>\n<script>\n     (adsbygoogle = window.adsbygoogle || []).push({});\n<\/script><\/p>\n","protected":false},"featured_media":493217,"comment_status":"open","ping_status":"closed","template":"","meta":{"site-sidebar-layout":"default","site-content-layout":"","ast-site-content-layout":"default","site-content-style":"default","site-sidebar-style":"default","ast-global-header-display":"","ast-banner-title-visibility":"","ast-main-header-display":"","ast-hfb-above-header-display":"","ast-hfb-below-header-display":"","ast-hfb-mobile-header-display":"","site-post-title":"","ast-breadcrumbs-content":"","ast-featured-img":"","footer-sml-layout":"","ast-disable-related-posts":"","theme-transparent-header-meta":"default","adv-header-id-meta":"","stick-header-meta":"","header-above-stick-meta":"","header-main-stick-meta":"","header-below-stick-meta":"","astra-migrate-meta-layouts":"set","ast-page-background-enabled":"default","ast-page-background-meta":{"desktop":{"background-color":"","background-image":"","background-repeat":"repeat","background-position":"center center","background-size":"auto","background-attachment":"scroll","background-type":"","background-media":"","overlay-type":"","overlay-color":"","overlay-opacity":"","overlay-gradient":""},"tablet":{"background-color":"","background-image":"","background-repeat":"repeat","background-position":"center center","background-size":"auto","background-attachment":"scroll","background-type":"","background-media":"","overlay-type":"","overlay-color":"","overlay-opacity":"","overlay-gradient":""},"mobile":{"background-color":"","background-image":"","background-repeat":"repeat","background-position":"center center","background-size":"auto","background-attachment":"scroll","background-type":"","background-media":"","overlay-type":"","overlay-color":"","overlay-opacity":"","overlay-gradient":""}},"ast-content-background-meta":{"desktop":{"background-color":"var(--ast-global-color-5)","background-image":"","background-repeat":"repeat","background-position":"center center","background-size":"auto","background-attachment":"scroll","background-type":"","background-media":"","overlay-type":"","overlay-color":"","overlay-opacity":"","overlay-gradient":""},"tablet":{"background-color":"var(--ast-global-color-5)","background-image":"","background-repeat":"repeat","background-position":"center center","background-size":"auto","background-attachment":"scroll","background-type":"","background-media":"","overlay-type":"","overlay-color":"","overlay-opacity":"","overlay-gradient":""},"mobile":{"background-color":"var(--ast-global-color-5)","background-image":"","background-repeat":"repeat","background-position":"center center","background-size":"auto","background-attachment":"scroll","background-type":"","background-media":"","overlay-type":"","overlay-color":"","overlay-opacity":"","overlay-gradient":""}}},"product_brand":[],"product_cat":[87,84],"product_tag":[161,637,138,231,230,267],"class_list":{"0":"post-419766","1":"product","2":"type-product","3":"status-publish","4":"has-post-thumbnail","6":"product_cat-emociones","7":"product_cat-juegos-educativos","8":"product_tag-bingo","9":"product_tag-educativo","10":"product_tag-juego","11":"product_tag-noviolencia","12":"product_tag-paz","13":"product_tag-valores","14":"desktop-align-left","15":"tablet-align-left","16":"mobile-align-left","18":"first","19":"instock","20":"downloadable","21":"virtual","22":"taxable","23":"purchasable","24":"product-type-simple"},"yoast_head":"<!-- This site is optimized with the Yoast SEO plugin v26.8 - https:\/\/yoast.com\/product\/yoast-seo-wordpress\/ -->\n<title>Bingo con valores - La Casita Educativa<\/title>\n<meta name=\"description\" content=\"El bingo con valores es un recurso did\u00e1ctico para trabajar la empat\u00eda, el respeto, la resoluci\u00f3n pac\u00edfica de conflictos y la cultura de paz de forma l\u00fadica.\" \/>\n<meta name=\"robots\" content=\"index, follow, max-snippet:-1, max-image-preview:large, max-video-preview:-1\" \/>\n<link rel=\"canonical\" href=\"https:\/\/lacasitaeducativa.shop\/index.php\/producto\/bingo-paz-y-no-violencia\/\" \/>\n<meta property=\"og:locale\" content=\"es_ES\" \/>\n<meta property=\"og:type\" content=\"article\" \/>\n<meta property=\"og:title\" content=\"Bingo con valores - La Casita Educativa\" \/>\n<meta property=\"og:description\" content=\"El bingo con valores es un recurso did\u00e1ctico para trabajar la empat\u00eda, el respeto, la resoluci\u00f3n pac\u00edfica de conflictos y la cultura de paz de forma l\u00fadica.\" \/>\n<meta property=\"og:url\" content=\"https:\/\/lacasitaeducativa.shop\/index.php\/producto\/bingo-paz-y-no-violencia\/\" \/>\n<meta property=\"og:site_name\" content=\"La Casita Educativa\" \/>\n<meta property=\"article:modified_time\" content=\"2025-12-19T08:30:49+00:00\" \/>\n<meta property=\"og:image\" content=\"https:\/\/lacasitaeducativa.shop\/wp-content\/uploads\/2025\/01\/Bingo-valores-4.jpg\" \/>\n\t<meta property=\"og:image:width\" content=\"940\" \/>\n\t<meta property=\"og:image:height\" content=\"788\" \/>\n\t<meta property=\"og:image:type\" content=\"image\/jpeg\" \/>\n<meta name=\"twitter:card\" content=\"summary_large_image\" \/>\n<meta name=\"twitter:label1\" content=\"Tiempo de lectura\" \/>\n\t<meta name=\"twitter:data1\" content=\"2 minutos\" \/>\n<script type=\"application\/ld+json\" class=\"yoast-schema-graph\">{\"@context\":\"https:\/\/schema.org\",\"@graph\":[{\"@type\":\"WebPage\",\"@id\":\"https:\/\/lacasitaeducativa.shop\/index.php\/producto\/bingo-paz-y-no-violencia\/\",\"url\":\"https:\/\/lacasitaeducativa.shop\/index.php\/producto\/bingo-paz-y-no-violencia\/\",\"name\":\"Bingo con valores - La Casita Educativa\",\"isPartOf\":{\"@id\":\"https:\/\/lacasitaeducativa.shop\/#website\"},\"primaryImageOfPage\":{\"@id\":\"https:\/\/lacasitaeducativa.shop\/index.php\/producto\/bingo-paz-y-no-violencia\/#primaryimage\"},\"image\":{\"@id\":\"https:\/\/lacasitaeducativa.shop\/index.php\/producto\/bingo-paz-y-no-violencia\/#primaryimage\"},\"thumbnailUrl\":\"https:\/\/lacasitaeducativa.shop\/wp-content\/uploads\/2025\/01\/Bingo-valores-4.jpg\",\"datePublished\":\"2025-01-22T14:12:39+00:00\",\"dateModified\":\"2025-12-19T08:30:49+00:00\",\"description\":\"El bingo con valores es un recurso did\u00e1ctico para trabajar la empat\u00eda, el respeto, la resoluci\u00f3n pac\u00edfica de conflictos y la cultura de paz de forma l\u00fadica.\",\"breadcrumb\":{\"@id\":\"https:\/\/lacasitaeducativa.shop\/index.php\/producto\/bingo-paz-y-no-violencia\/#breadcrumb\"},\"inLanguage\":\"es\",\"potentialAction\":[{\"@type\":\"ReadAction\",\"target\":[\"https:\/\/lacasitaeducativa.shop\/index.php\/producto\/bingo-paz-y-no-violencia\/\"]}]},{\"@type\":\"ImageObject\",\"inLanguage\":\"es\",\"@id\":\"https:\/\/lacasitaeducativa.shop\/index.php\/producto\/bingo-paz-y-no-violencia\/#primaryimage\",\"url\":\"https:\/\/lacasitaeducativa.shop\/wp-content\/uploads\/2025\/01\/Bingo-valores-4.jpg\",\"contentUrl\":\"https:\/\/lacasitaeducativa.shop\/wp-content\/uploads\/2025\/01\/Bingo-valores-4.jpg\",\"width\":940,\"height\":788,\"caption\":\"Bingo de la paz y la no violencia\"},{\"@type\":\"BreadcrumbList\",\"@id\":\"https:\/\/lacasitaeducativa.shop\/index.php\/producto\/bingo-paz-y-no-violencia\/#breadcrumb\",\"itemListElement\":[{\"@type\":\"ListItem\",\"position\":1,\"name\":\"Portada\",\"item\":\"https:\/\/lacasitaeducativa.shop\/\"},{\"@type\":\"ListItem\",\"position\":2,\"name\":\"Recursos\",\"item\":\"https:\/\/lacasitaeducativa.shop\/index.php\/tienda\/\"},{\"@type\":\"ListItem\",\"position\":3,\"name\":\"Bingo con valores\"}]},{\"@type\":\"WebSite\",\"@id\":\"https:\/\/lacasitaeducativa.shop\/#website\",\"url\":\"https:\/\/lacasitaeducativa.shop\/\",\"name\":\"La Casita Educativa\",\"description\":\"En esta casita encontrar\u00e9is todo tipo de recursos educativos infantiles, desde manualidades hasta actividades, juegos, cuentos, idiomas, adivinanzas y otros.\",\"publisher\":{\"@id\":\"https:\/\/lacasitaeducativa.shop\/#organization\"},\"potentialAction\":[{\"@type\":\"SearchAction\",\"target\":{\"@type\":\"EntryPoint\",\"urlTemplate\":\"https:\/\/lacasitaeducativa.shop\/?s={search_term_string}\"},\"query-input\":{\"@type\":\"PropertyValueSpecification\",\"valueRequired\":true,\"valueName\":\"search_term_string\"}}],\"inLanguage\":\"es\"},{\"@type\":\"Organization\",\"@id\":\"https:\/\/lacasitaeducativa.shop\/#organization\",\"name\":\"La Casita Educativa - LACASITAEDUCATIVA.SHOP\",\"url\":\"https:\/\/lacasitaeducativa.shop\/\",\"logo\":{\"@type\":\"ImageObject\",\"inLanguage\":\"es\",\"@id\":\"https:\/\/lacasitaeducativa.shop\/#\/schema\/logo\/image\/\",\"url\":\"https:\/\/lacasitaeducativa.shop\/wp-content\/uploads\/2020\/08\/Logos-la-casita-educativa-2-1.png\",\"contentUrl\":\"https:\/\/lacasitaeducativa.shop\/wp-content\/uploads\/2020\/08\/Logos-la-casita-educativa-2-1.png\",\"width\":500,\"height\":500,\"caption\":\"La Casita Educativa - LACASITAEDUCATIVA.SHOP\"},\"image\":{\"@id\":\"https:\/\/lacasitaeducativa.shop\/#\/schema\/logo\/image\/\"}}]}<\/script>\n<!-- \/ Yoast SEO plugin. -->","yoast_head_json":{"title":"Bingo con valores - La Casita Educativa","description":"El bingo con valores es un recurso did\u00e1ctico para trabajar la empat\u00eda, el respeto, la resoluci\u00f3n pac\u00edfica de conflictos y la cultura de paz de forma l\u00fadica.","robots":{"index":"index","follow":"follow","max-snippet":"max-snippet:-1","max-image-preview":"max-image-preview:large","max-video-preview":"max-video-preview:-1"},"canonical":"https:\/\/lacasitaeducativa.shop\/index.php\/producto\/bingo-paz-y-no-violencia\/","og_locale":"es_ES","og_type":"article","og_title":"Bingo con valores - La Casita Educativa","og_description":"El bingo con valores es un recurso did\u00e1ctico para trabajar la empat\u00eda, el respeto, la resoluci\u00f3n pac\u00edfica de conflictos y la cultura de paz de forma l\u00fadica.","og_url":"https:\/\/lacasitaeducativa.shop\/index.php\/producto\/bingo-paz-y-no-violencia\/","og_site_name":"La Casita Educativa","article_modified_time":"2025-12-19T08:30:49+00:00","og_image":[{"width":940,"height":788,"url":"https:\/\/lacasitaeducativa.shop\/wp-content\/uploads\/2025\/01\/Bingo-valores-4.jpg","type":"image\/jpeg"}],"twitter_card":"summary_large_image","twitter_misc":{"Tiempo de lectura":"2 minutos"},"schema":{"@context":"https:\/\/schema.org","@graph":[{"@type":"WebPage","@id":"https:\/\/lacasitaeducativa.shop\/index.php\/producto\/bingo-paz-y-no-violencia\/","url":"https:\/\/lacasitaeducativa.shop\/index.php\/producto\/bingo-paz-y-no-violencia\/","name":"Bingo con valores - La Casita Educativa","isPartOf":{"@id":"https:\/\/lacasitaeducativa.shop\/#website"},"primaryImageOfPage":{"@id":"https:\/\/lacasitaeducativa.shop\/index.php\/producto\/bingo-paz-y-no-violencia\/#primaryimage"},"image":{"@id":"https:\/\/lacasitaeducativa.shop\/index.php\/producto\/bingo-paz-y-no-violencia\/#primaryimage"},"thumbnailUrl":"https:\/\/lacasitaeducativa.shop\/wp-content\/uploads\/2025\/01\/Bingo-valores-4.jpg","datePublished":"2025-01-22T14:12:39+00:00","dateModified":"2025-12-19T08:30:49+00:00","description":"El bingo con valores es un recurso did\u00e1ctico para trabajar la empat\u00eda, el respeto, la resoluci\u00f3n pac\u00edfica de conflictos y la cultura de paz de forma l\u00fadica.","breadcrumb":{"@id":"https:\/\/lacasitaeducativa.shop\/index.php\/producto\/bingo-paz-y-no-violencia\/#breadcrumb"},"inLanguage":"es","potentialAction":[{"@type":"ReadAction","target":["https:\/\/lacasitaeducativa.shop\/index.php\/producto\/bingo-paz-y-no-violencia\/"]}]},{"@type":"ImageObject","inLanguage":"es","@id":"https:\/\/lacasitaeducativa.shop\/index.php\/producto\/bingo-paz-y-no-violencia\/#primaryimage","url":"https:\/\/lacasitaeducativa.shop\/wp-content\/uploads\/2025\/01\/Bingo-valores-4.jpg","contentUrl":"https:\/\/lacasitaeducativa.shop\/wp-content\/uploads\/2025\/01\/Bingo-valores-4.jpg","width":940,"height":788,"caption":"Bingo de la paz y la no violencia"},{"@type":"BreadcrumbList","@id":"https:\/\/lacasitaeducativa.shop\/index.php\/producto\/bingo-paz-y-no-violencia\/#breadcrumb","itemListElement":[{"@type":"ListItem","position":1,"name":"Portada","item":"https:\/\/lacasitaeducativa.shop\/"},{"@type":"ListItem","position":2,"name":"Recursos","item":"https:\/\/lacasitaeducativa.shop\/index.php\/tienda\/"},{"@type":"ListItem","position":3,"name":"Bingo con valores"}]},{"@type":"WebSite","@id":"https:\/\/lacasitaeducativa.shop\/#website","url":"https:\/\/lacasitaeducativa.shop\/","name":"La Casita Educativa","description":"En esta casita encontrar\u00e9is todo tipo de recursos educativos infantiles, desde manualidades hasta actividades, juegos, cuentos, idiomas, adivinanzas y otros.","publisher":{"@id":"https:\/\/lacasitaeducativa.shop\/#organization"},"potentialAction":[{"@type":"SearchAction","target":{"@type":"EntryPoint","urlTemplate":"https:\/\/lacasitaeducativa.shop\/?s={search_term_string}"},"query-input":{"@type":"PropertyValueSpecification","valueRequired":true,"valueName":"search_term_string"}}],"inLanguage":"es"},{"@type":"Organization","@id":"https:\/\/lacasitaeducativa.shop\/#organization","name":"La Casita Educativa - LACASITAEDUCATIVA.SHOP","url":"https:\/\/lacasitaeducativa.shop\/","logo":{"@type":"ImageObject","inLanguage":"es","@id":"https:\/\/lacasitaeducativa.shop\/#\/schema\/logo\/image\/","url":"https:\/\/lacasitaeducativa.shop\/wp-content\/uploads\/2020\/08\/Logos-la-casita-educativa-2-1.png","contentUrl":"https:\/\/lacasitaeducativa.shop\/wp-content\/uploads\/2020\/08\/Logos-la-casita-educativa-2-1.png","width":500,"height":500,"caption":"La Casita Educativa - LACASITAEDUCATIVA.SHOP"},"image":{"@id":"https:\/\/lacasitaeducativa.shop\/#\/schema\/logo\/image\/"}}]}},"_links":{"self":[{"href":"https:\/\/lacasitaeducativa.shop\/index.php\/wp-json\/wp\/v2\/product\/419766","targetHints":{"allow":["GET"]}}],"collection":[{"href":"https:\/\/lacasitaeducativa.shop\/index.php\/wp-json\/wp\/v2\/product"}],"about":[{"href":"https:\/\/lacasitaeducativa.shop\/index.php\/wp-json\/wp\/v2\/types\/product"}],"replies":[{"embeddable":true,"href":"https:\/\/lacasitaeducativa.shop\/index.php\/wp-json\/wp\/v2\/comments?post=419766"}],"wp:featuredmedia":[{"embeddable":true,"href":"https:\/\/lacasitaeducativa.shop\/index.php\/wp-json\/wp\/v2\/media\/493217"}],"wp:attachment":[{"href":"https:\/\/lacasitaeducativa.shop\/index.php\/wp-json\/wp\/v2\/media?parent=419766"}],"wp:term":[{"taxonomy":"product_brand","embeddable":true,"href":"https:\/\/lacasitaeducativa.shop\/index.php\/wp-json\/wp\/v2\/product_brand?post=419766"},{"taxonomy":"product_cat","embeddable":true,"href":"https:\/\/lacasitaeducativa.shop\/index.php\/wp-json\/wp\/v2\/product_cat?post=419766"},{"taxonomy":"product_tag","embeddable":true,"href":"https:\/\/lacasitaeducativa.shop\/index.php\/wp-json\/wp\/v2\/product_tag?post=419766"}],"curies":[{"name":"wp","href":"https:\/\/api.w.org\/{rel}","templated":true}]}}