{"id":427228,"date":"2025-03-06T18:23:52","date_gmt":"2025-03-06T18:23:52","guid":{"rendered":"https:\/\/lacasitaeducativa.shop\/?post_type=product&#038;p=427228"},"modified":"2026-04-09T13:28:56","modified_gmt":"2026-04-09T13:28:56","slug":"decoracion-primavera","status":"publish","type":"product","link":"https:\/\/lacasitaeducativa.shop\/index.php\/producto\/decoracion-primavera\/","title":{"rendered":"Decoraci\u00f3n primavera aula"},"content":{"rendered":"<h2 data-section-id=\"11maphh\" data-start=\"1255\" data-end=\"1308\">\u00bfPara qu\u00e9 sirve esta decoraci\u00f3n primavera aula?<\/h2>\n<p data-start=\"1310\" data-end=\"1398\">La <strong data-start=\"1313\" data-end=\"1342\">decoraci\u00f3n primavera aula<\/strong> no solo embellece el espacio, sino que tambi\u00e9n ayuda a:<\/p>\n<ul data-start=\"1400\" data-end=\"1531\">\n<li data-section-id=\"3oiqhg\" data-start=\"1400\" data-end=\"1430\">Mejorar la atenci\u00f3n visual<\/li>\n<li data-section-id=\"1iu6mk5\" data-start=\"1431\" data-end=\"1462\">Favorecer la lectoescritura<\/li>\n<li data-section-id=\"gw2hi7\" data-start=\"1463\" data-end=\"1491\">Estimular la creatividad<\/li>\n<li data-section-id=\"yl99n0\" data-start=\"1492\" data-end=\"1531\">Crear un ambiente acogedor en clase<\/li>\n<\/ul>\n<p data-start=\"1533\" data-end=\"1600\">Es ideal para trabajar proyectos de primavera o estaciones del a\u00f1o.<\/p>\n<h2 data-section-id=\"4i9s1y\" data-start=\"1607\" data-end=\"1636\">\u2702\ufe0f Qu\u00e9 incluye el material<\/h2>\n<ul data-start=\"1638\" data-end=\"1794\">\n<li>Banderillas que componen la palabra PRIMAVERA con ilustraciones muy bonitas.<\/li>\n<li>5 Hojas DINA4 que componen la oruga de las 5 vocales.<\/li>\n<li>5 Hojas DINA4 con macetas num\u00e9ricas con tulipanes.<\/li>\n<li>1 regadera<\/li>\n<li>1 gnomo primaveral<\/li>\n<li>4 hojas DINA4 que contienen un \u00e1rbol de primavera, una abeja, una mariposa y un paisaje primaveral.<\/li>\n<\/ul>\n<p data-start=\"1796\" data-end=\"1852\">Solo tienes que imprimir, recortar y colocar en el aula.<\/p>\n<h2 data-section-id=\"4vmd0z\" data-start=\"1859\" data-end=\"1920\">\ud83d\udca1 Beneficios de esta decoraci\u00f3n de primavera para el aula<\/h2>\n<ul data-start=\"1922\" data-end=\"2092\">\n<li data-section-id=\"pco5x9\" data-start=\"1922\" data-end=\"1958\">Aprendizaje a trav\u00e9s del entorno<\/li>\n<li data-section-id=\"11eonmn\" data-start=\"1959\" data-end=\"1990\">Material visual y motivador<\/li>\n<li data-section-id=\"19owcvv\" data-start=\"1991\" data-end=\"2012\">F\u00e1cil preparaci\u00f3n<\/li>\n<li data-section-id=\"25gp1l\" data-start=\"2013\" data-end=\"2049\">Perfecto para rincones o murales<\/li>\n<li data-section-id=\"12ewpac\" data-start=\"2050\" data-end=\"2092\">Favorece la participaci\u00f3n del alumnado<\/li>\n<\/ul>\n<h2 data-section-id=\"t96qkv\" data-start=\"2099\" data-end=\"2146\">\ud83d\udc69\u200d\ud83c\udfeb Recurso ideal para docentes y familias<\/h2>\n<p data-start=\"2148\" data-end=\"2311\">Esta <strong data-start=\"2153\" data-end=\"2182\">decoraci\u00f3n primavera aula<\/strong> es perfecta tanto para el aula como para casa.<br data-start=\"2229\" data-end=\"2232\" \/>Convierte cualquier espacio en un entorno educativo atractivo y lleno de color.<\/p>\n<h2 data-section-id=\"19pmt8v\" data-start=\"2318\" data-end=\"2340\">\ud83c\udfaf Edad recomendada<\/h2>\n<p data-start=\"2342\" data-end=\"2433\">Recurso recomendado para ni\u00f1os y ni\u00f1as de educaci\u00f3n infantil y primeros cursos de primaria.<\/p>\n<p>&nbsp;<\/p>\n","protected":false},"excerpt":{"rendered":"<p data-start=\"975\" data-end=\"1141\">Esta <strong data-start=\"980\" data-end=\"1020\">decoraci\u00f3n de primavera para el aula<\/strong> es un recurso educativo perfecto para crear un ambiente alegre, motivador y lleno de aprendizaje en infantil y primaria.<\/p>\n<p data-start=\"1143\" data-end=\"1248\">Adem\u00e1s de decorar, este material permite trabajar diferentes habilidades de forma l\u00fadica y significativa.<\/p>\n<p><script async src=\"https:\/\/pagead2.googlesyndication.com\/pagead\/js\/adsbygoogle.js\"><\/script><br \/>\n<!-- Horizontal-Adaptable --><br \/>\n<ins class=\"adsbygoogle\" style=\"display: block;\" data-ad-client=\"ca-pub-1103545772104863\" data-ad-slot=\"5194289265\" data-ad-format=\"auto\" data-full-width-responsive=\"true\"><\/ins><br \/>\n<script>\n     (adsbygoogle = window.adsbygoogle || []).push({});\n<\/script><\/p>\n","protected":false},"featured_media":427266,"comment_status":"open","ping_status":"closed","template":"","meta":{"site-sidebar-layout":"default","site-content-layout":"","ast-site-content-layout":"default","site-content-style":"default","site-sidebar-style":"default","ast-global-header-display":"","ast-banner-title-visibility":"","ast-main-header-display":"","ast-hfb-above-header-display":"","ast-hfb-below-header-display":"","ast-hfb-mobile-header-display":"","site-post-title":"","ast-breadcrumbs-content":"","ast-featured-img":"","footer-sml-layout":"","ast-disable-related-posts":"","theme-transparent-header-meta":"default","adv-header-id-meta":"","stick-header-meta":"","header-above-stick-meta":"","header-main-stick-meta":"","header-below-stick-meta":"","astra-migrate-meta-layouts":"set","ast-page-background-enabled":"default","ast-page-background-meta":{"desktop":{"background-color":"","background-image":"","background-repeat":"repeat","background-position":"center center","background-size":"auto","background-attachment":"scroll","background-type":"","background-media":"","overlay-type":"","overlay-color":"","overlay-opacity":"","overlay-gradient":""},"tablet":{"background-color":"","background-image":"","background-repeat":"repeat","background-position":"center center","background-size":"auto","background-attachment":"scroll","background-type":"","background-media":"","overlay-type":"","overlay-color":"","overlay-opacity":"","overlay-gradient":""},"mobile":{"background-color":"","background-image":"","background-repeat":"repeat","background-position":"center center","background-size":"auto","background-attachment":"scroll","background-type":"","background-media":"","overlay-type":"","overlay-color":"","overlay-opacity":"","overlay-gradient":""}},"ast-content-background-meta":{"desktop":{"background-color":"var(--ast-global-color-5)","background-image":"","background-repeat":"repeat","background-position":"center center","background-size":"auto","background-attachment":"scroll","background-type":"","background-media":"","overlay-type":"","overlay-color":"","overlay-opacity":"","overlay-gradient":""},"tablet":{"background-color":"var(--ast-global-color-5)","background-image":"","background-repeat":"repeat","background-position":"center center","background-size":"auto","background-attachment":"scroll","background-type":"","background-media":"","overlay-type":"","overlay-color":"","overlay-opacity":"","overlay-gradient":""},"mobile":{"background-color":"var(--ast-global-color-5)","background-image":"","background-repeat":"repeat","background-position":"center center","background-size":"auto","background-attachment":"scroll","background-type":"","background-media":"","overlay-type":"","overlay-color":"","overlay-opacity":"","overlay-gradient":""}}},"product_brand":[],"product_cat":[15],"product_tag":[856,875,877,876],"class_list":{"0":"post-427228","1":"product","2":"type-product","3":"status-publish","4":"has-post-thumbnail","6":"product_cat-educacion-infantil","7":"product_tag-actividadesprimaveraprimaria","8":"product_tag-decoracionprimavera","9":"product_tag-materialprimaveraimprimible","10":"product_tag-recursosprimaverainfantil","11":"desktop-align-left","12":"tablet-align-left","13":"mobile-align-left","15":"first","16":"instock","17":"downloadable","18":"virtual","19":"taxable","20":"purchasable","21":"product-type-simple"},"yoast_head":"<!-- This site is optimized with the Yoast SEO plugin v26.8 - https:\/\/yoast.com\/product\/yoast-seo-wordpress\/ -->\n<title>Decoraci\u00f3n primavera aula - La Casita Educativa<\/title>\n<meta name=\"description\" content=\"Decoraci\u00f3n de primavera para el aula infantil y primaria. Recurso educativo imprimible para trabajar la atenci\u00f3n, lectoescritura y ambiente primaveral.\" \/>\n<meta name=\"robots\" content=\"index, follow, max-snippet:-1, max-image-preview:large, max-video-preview:-1\" \/>\n<link rel=\"canonical\" href=\"https:\/\/lacasitaeducativa.shop\/index.php\/producto\/decoracion-primavera\/\" \/>\n<meta property=\"og:locale\" content=\"es_ES\" \/>\n<meta property=\"og:type\" content=\"article\" \/>\n<meta property=\"og:title\" content=\"Decoraci\u00f3n primavera aula - La Casita Educativa\" \/>\n<meta property=\"og:description\" content=\"Decoraci\u00f3n de primavera para el aula infantil y primaria. Recurso educativo imprimible para trabajar la atenci\u00f3n, lectoescritura y ambiente primaveral.\" \/>\n<meta property=\"og:url\" content=\"https:\/\/lacasitaeducativa.shop\/index.php\/producto\/decoracion-primavera\/\" \/>\n<meta property=\"og:site_name\" content=\"La Casita Educativa\" \/>\n<meta property=\"article:modified_time\" content=\"2026-04-09T13:28:56+00:00\" \/>\n<meta property=\"og:image\" content=\"https:\/\/lacasitaeducativa.shop\/wp-content\/uploads\/2025\/02\/Decoracion-primavera.jpg\" \/>\n\t<meta property=\"og:image:width\" content=\"1080\" \/>\n\t<meta property=\"og:image:height\" content=\"1080\" \/>\n\t<meta property=\"og:image:type\" content=\"image\/jpeg\" \/>\n<meta name=\"twitter:card\" content=\"summary_large_image\" \/>\n<meta name=\"twitter:label1\" content=\"Tiempo de lectura\" \/>\n\t<meta name=\"twitter:data1\" content=\"2 minutos\" \/>\n<script type=\"application\/ld+json\" class=\"yoast-schema-graph\">{\"@context\":\"https:\/\/schema.org\",\"@graph\":[{\"@type\":\"WebPage\",\"@id\":\"https:\/\/lacasitaeducativa.shop\/index.php\/producto\/decoracion-primavera\/\",\"url\":\"https:\/\/lacasitaeducativa.shop\/index.php\/producto\/decoracion-primavera\/\",\"name\":\"Decoraci\u00f3n primavera aula - La Casita Educativa\",\"isPartOf\":{\"@id\":\"https:\/\/lacasitaeducativa.shop\/#website\"},\"primaryImageOfPage\":{\"@id\":\"https:\/\/lacasitaeducativa.shop\/index.php\/producto\/decoracion-primavera\/#primaryimage\"},\"image\":{\"@id\":\"https:\/\/lacasitaeducativa.shop\/index.php\/producto\/decoracion-primavera\/#primaryimage\"},\"thumbnailUrl\":\"https:\/\/lacasitaeducativa.shop\/wp-content\/uploads\/2025\/02\/Decoracion-primavera.jpg\",\"datePublished\":\"2025-03-06T18:23:52+00:00\",\"dateModified\":\"2026-04-09T13:28:56+00:00\",\"description\":\"Decoraci\u00f3n de primavera para el aula infantil y primaria. Recurso educativo imprimible para trabajar la atenci\u00f3n, lectoescritura y ambiente primaveral.\",\"breadcrumb\":{\"@id\":\"https:\/\/lacasitaeducativa.shop\/index.php\/producto\/decoracion-primavera\/#breadcrumb\"},\"inLanguage\":\"es\",\"potentialAction\":[{\"@type\":\"ReadAction\",\"target\":[\"https:\/\/lacasitaeducativa.shop\/index.php\/producto\/decoracion-primavera\/\"]}]},{\"@type\":\"ImageObject\",\"inLanguage\":\"es\",\"@id\":\"https:\/\/lacasitaeducativa.shop\/index.php\/producto\/decoracion-primavera\/#primaryimage\",\"url\":\"https:\/\/lacasitaeducativa.shop\/wp-content\/uploads\/2025\/02\/Decoracion-primavera.jpg\",\"contentUrl\":\"https:\/\/lacasitaeducativa.shop\/wp-content\/uploads\/2025\/02\/Decoracion-primavera.jpg\",\"width\":1080,\"height\":1080,\"caption\":\"Decoraci\u00f3n primavera\"},{\"@type\":\"BreadcrumbList\",\"@id\":\"https:\/\/lacasitaeducativa.shop\/index.php\/producto\/decoracion-primavera\/#breadcrumb\",\"itemListElement\":[{\"@type\":\"ListItem\",\"position\":1,\"name\":\"Portada\",\"item\":\"https:\/\/lacasitaeducativa.shop\/\"},{\"@type\":\"ListItem\",\"position\":2,\"name\":\"Recursos\",\"item\":\"https:\/\/lacasitaeducativa.shop\/index.php\/tienda\/\"},{\"@type\":\"ListItem\",\"position\":3,\"name\":\"Decoraci\u00f3n primavera aula\"}]},{\"@type\":\"WebSite\",\"@id\":\"https:\/\/lacasitaeducativa.shop\/#website\",\"url\":\"https:\/\/lacasitaeducativa.shop\/\",\"name\":\"La Casita Educativa\",\"description\":\"En esta casita encontrar\u00e9is todo tipo de recursos educativos infantiles, desde manualidades hasta actividades, juegos, cuentos, idiomas, adivinanzas y otros.\",\"publisher\":{\"@id\":\"https:\/\/lacasitaeducativa.shop\/#organization\"},\"potentialAction\":[{\"@type\":\"SearchAction\",\"target\":{\"@type\":\"EntryPoint\",\"urlTemplate\":\"https:\/\/lacasitaeducativa.shop\/?s={search_term_string}\"},\"query-input\":{\"@type\":\"PropertyValueSpecification\",\"valueRequired\":true,\"valueName\":\"search_term_string\"}}],\"inLanguage\":\"es\"},{\"@type\":\"Organization\",\"@id\":\"https:\/\/lacasitaeducativa.shop\/#organization\",\"name\":\"La Casita Educativa - LACASITAEDUCATIVA.SHOP\",\"url\":\"https:\/\/lacasitaeducativa.shop\/\",\"logo\":{\"@type\":\"ImageObject\",\"inLanguage\":\"es\",\"@id\":\"https:\/\/lacasitaeducativa.shop\/#\/schema\/logo\/image\/\",\"url\":\"https:\/\/lacasitaeducativa.shop\/wp-content\/uploads\/2020\/08\/Logos-la-casita-educativa-2-1.png\",\"contentUrl\":\"https:\/\/lacasitaeducativa.shop\/wp-content\/uploads\/2020\/08\/Logos-la-casita-educativa-2-1.png\",\"width\":500,\"height\":500,\"caption\":\"La Casita Educativa - LACASITAEDUCATIVA.SHOP\"},\"image\":{\"@id\":\"https:\/\/lacasitaeducativa.shop\/#\/schema\/logo\/image\/\"}}]}<\/script>\n<!-- \/ Yoast SEO plugin. -->","yoast_head_json":{"title":"Decoraci\u00f3n primavera aula - La Casita Educativa","description":"Decoraci\u00f3n de primavera para el aula infantil y primaria. Recurso educativo imprimible para trabajar la atenci\u00f3n, lectoescritura y ambiente primaveral.","robots":{"index":"index","follow":"follow","max-snippet":"max-snippet:-1","max-image-preview":"max-image-preview:large","max-video-preview":"max-video-preview:-1"},"canonical":"https:\/\/lacasitaeducativa.shop\/index.php\/producto\/decoracion-primavera\/","og_locale":"es_ES","og_type":"article","og_title":"Decoraci\u00f3n primavera aula - La Casita Educativa","og_description":"Decoraci\u00f3n de primavera para el aula infantil y primaria. Recurso educativo imprimible para trabajar la atenci\u00f3n, lectoescritura y ambiente primaveral.","og_url":"https:\/\/lacasitaeducativa.shop\/index.php\/producto\/decoracion-primavera\/","og_site_name":"La Casita Educativa","article_modified_time":"2026-04-09T13:28:56+00:00","og_image":[{"width":1080,"height":1080,"url":"https:\/\/lacasitaeducativa.shop\/wp-content\/uploads\/2025\/02\/Decoracion-primavera.jpg","type":"image\/jpeg"}],"twitter_card":"summary_large_image","twitter_misc":{"Tiempo de lectura":"2 minutos"},"schema":{"@context":"https:\/\/schema.org","@graph":[{"@type":"WebPage","@id":"https:\/\/lacasitaeducativa.shop\/index.php\/producto\/decoracion-primavera\/","url":"https:\/\/lacasitaeducativa.shop\/index.php\/producto\/decoracion-primavera\/","name":"Decoraci\u00f3n primavera aula - La Casita Educativa","isPartOf":{"@id":"https:\/\/lacasitaeducativa.shop\/#website"},"primaryImageOfPage":{"@id":"https:\/\/lacasitaeducativa.shop\/index.php\/producto\/decoracion-primavera\/#primaryimage"},"image":{"@id":"https:\/\/lacasitaeducativa.shop\/index.php\/producto\/decoracion-primavera\/#primaryimage"},"thumbnailUrl":"https:\/\/lacasitaeducativa.shop\/wp-content\/uploads\/2025\/02\/Decoracion-primavera.jpg","datePublished":"2025-03-06T18:23:52+00:00","dateModified":"2026-04-09T13:28:56+00:00","description":"Decoraci\u00f3n de primavera para el aula infantil y primaria. Recurso educativo imprimible para trabajar la atenci\u00f3n, lectoescritura y ambiente primaveral.","breadcrumb":{"@id":"https:\/\/lacasitaeducativa.shop\/index.php\/producto\/decoracion-primavera\/#breadcrumb"},"inLanguage":"es","potentialAction":[{"@type":"ReadAction","target":["https:\/\/lacasitaeducativa.shop\/index.php\/producto\/decoracion-primavera\/"]}]},{"@type":"ImageObject","inLanguage":"es","@id":"https:\/\/lacasitaeducativa.shop\/index.php\/producto\/decoracion-primavera\/#primaryimage","url":"https:\/\/lacasitaeducativa.shop\/wp-content\/uploads\/2025\/02\/Decoracion-primavera.jpg","contentUrl":"https:\/\/lacasitaeducativa.shop\/wp-content\/uploads\/2025\/02\/Decoracion-primavera.jpg","width":1080,"height":1080,"caption":"Decoraci\u00f3n primavera"},{"@type":"BreadcrumbList","@id":"https:\/\/lacasitaeducativa.shop\/index.php\/producto\/decoracion-primavera\/#breadcrumb","itemListElement":[{"@type":"ListItem","position":1,"name":"Portada","item":"https:\/\/lacasitaeducativa.shop\/"},{"@type":"ListItem","position":2,"name":"Recursos","item":"https:\/\/lacasitaeducativa.shop\/index.php\/tienda\/"},{"@type":"ListItem","position":3,"name":"Decoraci\u00f3n primavera aula"}]},{"@type":"WebSite","@id":"https:\/\/lacasitaeducativa.shop\/#website","url":"https:\/\/lacasitaeducativa.shop\/","name":"La Casita Educativa","description":"En esta casita encontrar\u00e9is todo tipo de recursos educativos infantiles, desde manualidades hasta actividades, juegos, cuentos, idiomas, adivinanzas y otros.","publisher":{"@id":"https:\/\/lacasitaeducativa.shop\/#organization"},"potentialAction":[{"@type":"SearchAction","target":{"@type":"EntryPoint","urlTemplate":"https:\/\/lacasitaeducativa.shop\/?s={search_term_string}"},"query-input":{"@type":"PropertyValueSpecification","valueRequired":true,"valueName":"search_term_string"}}],"inLanguage":"es"},{"@type":"Organization","@id":"https:\/\/lacasitaeducativa.shop\/#organization","name":"La Casita Educativa - LACASITAEDUCATIVA.SHOP","url":"https:\/\/lacasitaeducativa.shop\/","logo":{"@type":"ImageObject","inLanguage":"es","@id":"https:\/\/lacasitaeducativa.shop\/#\/schema\/logo\/image\/","url":"https:\/\/lacasitaeducativa.shop\/wp-content\/uploads\/2020\/08\/Logos-la-casita-educativa-2-1.png","contentUrl":"https:\/\/lacasitaeducativa.shop\/wp-content\/uploads\/2020\/08\/Logos-la-casita-educativa-2-1.png","width":500,"height":500,"caption":"La Casita Educativa - LACASITAEDUCATIVA.SHOP"},"image":{"@id":"https:\/\/lacasitaeducativa.shop\/#\/schema\/logo\/image\/"}}]}},"_links":{"self":[{"href":"https:\/\/lacasitaeducativa.shop\/index.php\/wp-json\/wp\/v2\/product\/427228","targetHints":{"allow":["GET"]}}],"collection":[{"href":"https:\/\/lacasitaeducativa.shop\/index.php\/wp-json\/wp\/v2\/product"}],"about":[{"href":"https:\/\/lacasitaeducativa.shop\/index.php\/wp-json\/wp\/v2\/types\/product"}],"replies":[{"embeddable":true,"href":"https:\/\/lacasitaeducativa.shop\/index.php\/wp-json\/wp\/v2\/comments?post=427228"}],"wp:featuredmedia":[{"embeddable":true,"href":"https:\/\/lacasitaeducativa.shop\/index.php\/wp-json\/wp\/v2\/media\/427266"}],"wp:attachment":[{"href":"https:\/\/lacasitaeducativa.shop\/index.php\/wp-json\/wp\/v2\/media?parent=427228"}],"wp:term":[{"taxonomy":"product_brand","embeddable":true,"href":"https:\/\/lacasitaeducativa.shop\/index.php\/wp-json\/wp\/v2\/product_brand?post=427228"},{"taxonomy":"product_cat","embeddable":true,"href":"https:\/\/lacasitaeducativa.shop\/index.php\/wp-json\/wp\/v2\/product_cat?post=427228"},{"taxonomy":"product_tag","embeddable":true,"href":"https:\/\/lacasitaeducativa.shop\/index.php\/wp-json\/wp\/v2\/product_tag?post=427228"}],"curies":[{"name":"wp","href":"https:\/\/api.w.org\/{rel}","templated":true}]}}