{"id":430,"date":"2020-08-30T18:46:35","date_gmt":"2020-08-30T18:46:35","guid":{"rendered":"http:\/\/45.131.80.30\/~condenom\/lacasitaeducativa\/?post_type=product&#038;p=430"},"modified":"2026-01-30T15:31:37","modified_gmt":"2026-01-30T15:31:37","slug":"singular-plural-masculino-femenino","status":"publish","type":"product","link":"https:\/\/lacasitaeducativa.shop\/index.php\/producto\/singular-plural-masculino-femenino\/","title":{"rendered":"SINGULAR &#8211; PLURAL \/ MASCULINO &#8211; FEMENINO"},"content":{"rendered":"<p><strong>CONTENIDO<\/strong><\/p>\n<p>El material contiene:<\/p>\n<ul>\n<li>18 Tarjetas de masculino o femenino.<\/li>\n<li>18 Tarjetas de singular o plural.<\/li>\n<\/ul>\n<p><strong>FUNCIONAMIENTO<\/strong><\/p>\n<p>Los ni\u00f1os deber\u00e1n marcar en las tarjetas si los elementos son masculino o femenino, y\/0 singular o plural. Y en el caso de las tarjetas de g\u00e9nero tambi\u00e9n deber\u00e1n de a\u00f1adir el articulo de cada una de las ilustraciones.<\/p>\n<p data-start=\"672\" data-end=\"808\">Permite al alumnado comprender y practicar la concordancia entre <strong data-start=\"751\" data-end=\"778\">sustantivos y art\u00edculos<\/strong>, identificando correctamente:<\/p>\n<ul data-start=\"810\" data-end=\"900\">\n<li data-start=\"810\" data-end=\"834\">\n<p data-start=\"812\" data-end=\"834\">masculino y femenino<\/p>\n<\/li>\n<li data-start=\"835\" data-end=\"856\">\n<p data-start=\"837\" data-end=\"856\">singular y plural<\/p>\n<\/li>\n<li data-start=\"857\" data-end=\"900\">\n<p data-start=\"859\" data-end=\"900\">el uso de art\u00edculos: <em data-start=\"880\" data-end=\"898\">el, la, los, las<\/em><\/p>\n<\/li>\n<\/ul>\n<p data-start=\"902\" data-end=\"1072\">Gracias a su formato manipulativo con tarjetas, el aprendizaje se convierte en una actividad din\u00e1mica, ideal para rincones de lengua, juegos de aula o refuerzo educativo.<\/p>\n<p data-start=\"1074\" data-end=\"1220\">Adem\u00e1s, el recurso incluye versiones en <strong data-start=\"1114\" data-end=\"1138\">castellano y catal\u00e1n<\/strong>, lo que lo hace perfecto para aulas biling\u00fces.<\/p>\n<p data-start=\"1693\" data-end=\"1741\"><span style=\"font-size: 1.5em; font-weight: bold;\">\ud83d\udc67\ud83d\udc66 Recomendado para:<\/span><\/p>\n<ul data-start=\"1775\" data-end=\"1976\">\n<li data-start=\"1775\" data-end=\"1797\">\n<p data-start=\"1777\" data-end=\"1797\">Educaci\u00f3n Primaria<\/p>\n<\/li>\n<li data-start=\"1798\" data-end=\"1831\">\n<p data-start=\"1800\" data-end=\"1831\">Docentes de lengua y refuerzo<\/p>\n<\/li>\n<li data-start=\"1832\" data-end=\"1872\">\n<p data-start=\"1834\" data-end=\"1872\">Aulas biling\u00fces (castellano\/catal\u00e1n)<\/p>\n<\/li>\n<li data-start=\"1873\" data-end=\"1919\">\n<p data-start=\"1875\" data-end=\"1919\">Familias que apoyan el aprendizaje en casa<\/p>\n<\/li>\n<li data-start=\"1920\" data-end=\"1976\">\n<p data-start=\"1922\" data-end=\"1976\">Alumnado que necesita pr\u00e1ctica visual y manipulativa<\/p>\n<\/li>\n<\/ul>\n<h3 data-start=\"1983\" data-end=\"2013\">\ud83c\udfeb Ideas de uso<\/h3>\n<p data-start=\"2014\" data-end=\"2243\">Este recurso es perfecto para:<br \/>\n\u2714\ufe0f Rincones de lengua<br data-start=\"2066\" data-end=\"2069\" \/>\u2714\ufe0f Juegos de clasificaci\u00f3n y asociaci\u00f3n<br data-start=\"2108\" data-end=\"2111\" \/>\u2714\ufe0f Actividades de concordancia<br data-start=\"2141\" data-end=\"2144\" \/>\u2714\ufe0f Refuerzo educativo individual o en peque\u00f1o grupo<br data-start=\"2195\" data-end=\"2198\" \/>\u2714\ufe0f Material de repaso para ciclos iniciales<\/p>\n<h3 data-start=\"2250\" data-end=\"2279\">\ud83c\udf1f Beneficios del recurso<\/h3>\n<p data-start=\"2280\" data-end=\"2561\">\u2714\ufe0f Facilita el aprendizaje de g\u00e9nero y n\u00famero de forma manipulativa.<br data-start=\"2347\" data-end=\"2350\" \/>\u2714\ufe0f Refuerza la gram\u00e1tica b\u00e1sica con tarjetas visuales.<br data-start=\"2403\" data-end=\"2406\" \/>\u2714\ufe0f Ideal para actividades din\u00e1micas y motivadoras.<br data-start=\"2455\" data-end=\"2458\" \/>\u2714\ufe0f Favorece la autonom\u00eda y la participaci\u00f3n del alumnado.<\/p>\n<p><strong>EDAD RECOMENDADA<\/strong><\/p>\n<p>Este material est\u00e1 pensado para ni\u00f1os a partir de 7 a\u00f1os.<\/p>\n<p>&nbsp;<\/p>\n<p>&nbsp;<\/p>\n<p>&nbsp;<\/p>\n<p>&nbsp;<\/p>\n<h2>Quiz\u00e1s te pueda interesar:<\/h2>\n<table>\n<tbody>\n<tr>\n<td><iframe style=\"width: 120px; height: 240px;\" src=\"\/\/rcm-eu.amazon-adsystem.com\/e\/cm?lt1=_blank&amp;bc1=000000&amp;IS2=1&amp;bg1=FFFFFF&amp;fc1=000000&amp;lc1=0000FF&amp;t=lacasitaeduca-21&amp;language=es_ES&amp;o=30&amp;p=8&amp;l=as4&amp;m=amazon&amp;f=ifr&amp;ref=as_ss_li_til&amp;asins=B079PJVWBK&amp;linkId=16dc29be6a13c0c4b3cbb7a86687e275\" frameborder=\"0\" marginwidth=\"0\" marginheight=\"0\" scrolling=\"no\"><\/iframe><\/td>\n<\/tr>\n<\/tbody>\n<\/table>\n","protected":false},"excerpt":{"rendered":"<p><strong data-start=\"414\" data-end=\"458\">Singular \u2013 Plural \/ Masculino \u2013 Femenino<\/strong> es un <strong data-start=\"465\" data-end=\"512\">recurso educativo manipulativo e imprimible<\/strong> dise\u00f1ado para trabajar de forma visual y pr\u00e1ctica los conceptos b\u00e1sicos de <strong data-start=\"588\" data-end=\"607\">g\u00e9nero y n\u00famero<\/strong> en el \u00e1rea de Lengua, especialmente en <strong data-start=\"647\" data-end=\"669\">Educaci\u00f3n Primaria<\/strong>.<\/p>\n<p><script async src=\"https:\/\/pagead2.googlesyndication.com\/pagead\/js\/adsbygoogle.js\"><\/script><br \/>\n<!-- Horizontal-Adaptable --><br \/>\n<ins class=\"adsbygoogle\" style=\"display: block;\" data-ad-client=\"ca-pub-1103545772104863\" data-ad-slot=\"5194289265\" data-ad-format=\"auto\" data-full-width-responsive=\"true\"><\/ins><br \/>\n<script>\n     (adsbygoogle = window.adsbygoogle || []).push({});\n<\/script><\/p>\n","protected":false},"featured_media":180121,"comment_status":"open","ping_status":"closed","template":"","meta":{"site-sidebar-layout":"default","site-content-layout":"default","ast-site-content-layout":"default","site-content-style":"default","site-sidebar-style":"default","ast-global-header-display":"","ast-banner-title-visibility":"","ast-main-header-display":"","ast-hfb-above-header-display":"","ast-hfb-below-header-display":"","ast-hfb-mobile-header-display":"","site-post-title":"","ast-breadcrumbs-content":"","ast-featured-img":"","footer-sml-layout":"","ast-disable-related-posts":"","theme-transparent-header-meta":"default","adv-header-id-meta":"","stick-header-meta":"","header-above-stick-meta":"","header-main-stick-meta":"","header-below-stick-meta":"","astra-migrate-meta-layouts":"set","ast-page-background-enabled":"default","ast-page-background-meta":{"desktop":{"background-color":"","background-image":"","background-repeat":"repeat","background-position":"center center","background-size":"auto","background-attachment":"scroll","background-type":"","background-media":"","overlay-type":"","overlay-color":"","overlay-opacity":"","overlay-gradient":""},"tablet":{"background-color":"","background-image":"","background-repeat":"repeat","background-position":"center center","background-size":"auto","background-attachment":"scroll","background-type":"","background-media":"","overlay-type":"","overlay-color":"","overlay-opacity":"","overlay-gradient":""},"mobile":{"background-color":"","background-image":"","background-repeat":"repeat","background-position":"center center","background-size":"auto","background-attachment":"scroll","background-type":"","background-media":"","overlay-type":"","overlay-color":"","overlay-opacity":"","overlay-gradient":""}},"ast-content-background-meta":{"desktop":{"background-color":"var(--ast-global-color-5)","background-image":"","background-repeat":"repeat","background-position":"center center","background-size":"auto","background-attachment":"scroll","background-type":"","background-media":"","overlay-type":"","overlay-color":"","overlay-opacity":"","overlay-gradient":""},"tablet":{"background-color":"var(--ast-global-color-5)","background-image":"","background-repeat":"repeat","background-position":"center center","background-size":"auto","background-attachment":"scroll","background-type":"","background-media":"","overlay-type":"","overlay-color":"","overlay-opacity":"","overlay-gradient":""},"mobile":{"background-color":"var(--ast-global-color-5)","background-image":"","background-repeat":"repeat","background-position":"center center","background-size":"auto","background-attachment":"scroll","background-type":"","background-media":"","overlay-type":"","overlay-color":"","overlay-opacity":"","overlay-gradient":""}}},"product_brand":[],"product_cat":[17],"product_tag":[261,747,260,259,258],"class_list":{"0":"post-430","1":"product","2":"type-product","3":"status-publish","4":"has-post-thumbnail","6":"product_cat-educacion-primaria","7":"product_tag-femenino","8":"product_tag-lengua","9":"product_tag-masculino","10":"product_tag-plural","11":"product_tag-singular","12":"desktop-align-left","13":"tablet-align-left","14":"mobile-align-left","16":"first","17":"instock","18":"downloadable","19":"virtual","20":"taxable","21":"purchasable","22":"product-type-simple"},"yoast_head":"<!-- This site is optimized with the Yoast SEO plugin v26.8 - https:\/\/yoast.com\/product\/yoast-seo-wordpress\/ -->\n<title>SINGULAR - PLURAL \/ MASCULINO - FEMENINO<\/title>\n<meta name=\"description\" content=\"Con estas plantillas los peques podr\u00e1n aprender los conceptos singular - plural y los conceptos masculino - femenino de una manera m\u00e1s amena.\" \/>\n<meta name=\"robots\" content=\"index, follow, max-snippet:-1, max-image-preview:large, max-video-preview:-1\" \/>\n<link rel=\"canonical\" href=\"https:\/\/lacasitaeducativa.shop\/index.php\/producto\/singular-plural-masculino-femenino\/\" \/>\n<meta property=\"og:locale\" content=\"es_ES\" \/>\n<meta property=\"og:type\" content=\"article\" \/>\n<meta property=\"og:title\" content=\"SINGULAR - PLURAL \/ MASCULINO - FEMENINO\" \/>\n<meta property=\"og:description\" content=\"Con estas plantillas los peques podr\u00e1n aprender los conceptos singular - plural y los conceptos masculino - femenino de una manera m\u00e1s amena.\" \/>\n<meta property=\"og:url\" content=\"https:\/\/lacasitaeducativa.shop\/index.php\/producto\/singular-plural-masculino-femenino\/\" \/>\n<meta property=\"og:site_name\" content=\"La Casita Educativa\" \/>\n<meta property=\"article:modified_time\" content=\"2026-01-30T15:31:37+00:00\" \/>\n<meta property=\"og:image\" content=\"https:\/\/lacasitaeducativa.shop\/wp-content\/uploads\/2020\/08\/1-6.jpg\" \/>\n\t<meta property=\"og:image:width\" content=\"1080\" \/>\n\t<meta property=\"og:image:height\" content=\"1080\" \/>\n\t<meta property=\"og:image:type\" content=\"image\/jpeg\" \/>\n<meta name=\"twitter:card\" content=\"summary_large_image\" \/>\n<meta name=\"twitter:label1\" content=\"Tiempo de lectura\" \/>\n\t<meta name=\"twitter:data1\" content=\"2 minutos\" \/>\n<script type=\"application\/ld+json\" class=\"yoast-schema-graph\">{\"@context\":\"https:\/\/schema.org\",\"@graph\":[{\"@type\":\"WebPage\",\"@id\":\"https:\/\/lacasitaeducativa.shop\/index.php\/producto\/singular-plural-masculino-femenino\/\",\"url\":\"https:\/\/lacasitaeducativa.shop\/index.php\/producto\/singular-plural-masculino-femenino\/\",\"name\":\"SINGULAR - PLURAL \/ MASCULINO - FEMENINO\",\"isPartOf\":{\"@id\":\"https:\/\/lacasitaeducativa.shop\/#website\"},\"primaryImageOfPage\":{\"@id\":\"https:\/\/lacasitaeducativa.shop\/index.php\/producto\/singular-plural-masculino-femenino\/#primaryimage\"},\"image\":{\"@id\":\"https:\/\/lacasitaeducativa.shop\/index.php\/producto\/singular-plural-masculino-femenino\/#primaryimage\"},\"thumbnailUrl\":\"https:\/\/lacasitaeducativa.shop\/wp-content\/uploads\/2020\/08\/1-6.jpg\",\"datePublished\":\"2020-08-30T18:46:35+00:00\",\"dateModified\":\"2026-01-30T15:31:37+00:00\",\"description\":\"Con estas plantillas los peques podr\u00e1n aprender los conceptos singular - plural y los conceptos masculino - femenino de una manera m\u00e1s amena.\",\"breadcrumb\":{\"@id\":\"https:\/\/lacasitaeducativa.shop\/index.php\/producto\/singular-plural-masculino-femenino\/#breadcrumb\"},\"inLanguage\":\"es\",\"potentialAction\":[{\"@type\":\"ReadAction\",\"target\":[\"https:\/\/lacasitaeducativa.shop\/index.php\/producto\/singular-plural-masculino-femenino\/\"]}]},{\"@type\":\"ImageObject\",\"inLanguage\":\"es\",\"@id\":\"https:\/\/lacasitaeducativa.shop\/index.php\/producto\/singular-plural-masculino-femenino\/#primaryimage\",\"url\":\"https:\/\/lacasitaeducativa.shop\/wp-content\/uploads\/2020\/08\/1-6.jpg\",\"contentUrl\":\"https:\/\/lacasitaeducativa.shop\/wp-content\/uploads\/2020\/08\/1-6.jpg\",\"width\":1080,\"height\":1080},{\"@type\":\"BreadcrumbList\",\"@id\":\"https:\/\/lacasitaeducativa.shop\/index.php\/producto\/singular-plural-masculino-femenino\/#breadcrumb\",\"itemListElement\":[{\"@type\":\"ListItem\",\"position\":1,\"name\":\"Portada\",\"item\":\"https:\/\/lacasitaeducativa.shop\/\"},{\"@type\":\"ListItem\",\"position\":2,\"name\":\"Recursos\",\"item\":\"https:\/\/lacasitaeducativa.shop\/index.php\/tienda\/\"},{\"@type\":\"ListItem\",\"position\":3,\"name\":\"SINGULAR &#8211; PLURAL \/ MASCULINO &#8211; FEMENINO\"}]},{\"@type\":\"WebSite\",\"@id\":\"https:\/\/lacasitaeducativa.shop\/#website\",\"url\":\"https:\/\/lacasitaeducativa.shop\/\",\"name\":\"La Casita Educativa\",\"description\":\"En esta casita encontrar\u00e9is todo tipo de recursos educativos infantiles, desde manualidades hasta actividades, juegos, cuentos, idiomas, adivinanzas y otros.\",\"publisher\":{\"@id\":\"https:\/\/lacasitaeducativa.shop\/#organization\"},\"potentialAction\":[{\"@type\":\"SearchAction\",\"target\":{\"@type\":\"EntryPoint\",\"urlTemplate\":\"https:\/\/lacasitaeducativa.shop\/?s={search_term_string}\"},\"query-input\":{\"@type\":\"PropertyValueSpecification\",\"valueRequired\":true,\"valueName\":\"search_term_string\"}}],\"inLanguage\":\"es\"},{\"@type\":\"Organization\",\"@id\":\"https:\/\/lacasitaeducativa.shop\/#organization\",\"name\":\"La Casita Educativa - LACASITAEDUCATIVA.SHOP\",\"url\":\"https:\/\/lacasitaeducativa.shop\/\",\"logo\":{\"@type\":\"ImageObject\",\"inLanguage\":\"es\",\"@id\":\"https:\/\/lacasitaeducativa.shop\/#\/schema\/logo\/image\/\",\"url\":\"https:\/\/lacasitaeducativa.shop\/wp-content\/uploads\/2020\/08\/Logos-la-casita-educativa-2-1.png\",\"contentUrl\":\"https:\/\/lacasitaeducativa.shop\/wp-content\/uploads\/2020\/08\/Logos-la-casita-educativa-2-1.png\",\"width\":500,\"height\":500,\"caption\":\"La Casita Educativa - LACASITAEDUCATIVA.SHOP\"},\"image\":{\"@id\":\"https:\/\/lacasitaeducativa.shop\/#\/schema\/logo\/image\/\"}}]}<\/script>\n<!-- \/ Yoast SEO plugin. -->","yoast_head_json":{"title":"SINGULAR - PLURAL \/ MASCULINO - FEMENINO","description":"Con estas plantillas los peques podr\u00e1n aprender los conceptos singular - plural y los conceptos masculino - femenino de una manera m\u00e1s amena.","robots":{"index":"index","follow":"follow","max-snippet":"max-snippet:-1","max-image-preview":"max-image-preview:large","max-video-preview":"max-video-preview:-1"},"canonical":"https:\/\/lacasitaeducativa.shop\/index.php\/producto\/singular-plural-masculino-femenino\/","og_locale":"es_ES","og_type":"article","og_title":"SINGULAR - PLURAL \/ MASCULINO - FEMENINO","og_description":"Con estas plantillas los peques podr\u00e1n aprender los conceptos singular - plural y los conceptos masculino - femenino de una manera m\u00e1s amena.","og_url":"https:\/\/lacasitaeducativa.shop\/index.php\/producto\/singular-plural-masculino-femenino\/","og_site_name":"La Casita Educativa","article_modified_time":"2026-01-30T15:31:37+00:00","og_image":[{"width":1080,"height":1080,"url":"https:\/\/lacasitaeducativa.shop\/wp-content\/uploads\/2020\/08\/1-6.jpg","type":"image\/jpeg"}],"twitter_card":"summary_large_image","twitter_misc":{"Tiempo de lectura":"2 minutos"},"schema":{"@context":"https:\/\/schema.org","@graph":[{"@type":"WebPage","@id":"https:\/\/lacasitaeducativa.shop\/index.php\/producto\/singular-plural-masculino-femenino\/","url":"https:\/\/lacasitaeducativa.shop\/index.php\/producto\/singular-plural-masculino-femenino\/","name":"SINGULAR - PLURAL \/ MASCULINO - FEMENINO","isPartOf":{"@id":"https:\/\/lacasitaeducativa.shop\/#website"},"primaryImageOfPage":{"@id":"https:\/\/lacasitaeducativa.shop\/index.php\/producto\/singular-plural-masculino-femenino\/#primaryimage"},"image":{"@id":"https:\/\/lacasitaeducativa.shop\/index.php\/producto\/singular-plural-masculino-femenino\/#primaryimage"},"thumbnailUrl":"https:\/\/lacasitaeducativa.shop\/wp-content\/uploads\/2020\/08\/1-6.jpg","datePublished":"2020-08-30T18:46:35+00:00","dateModified":"2026-01-30T15:31:37+00:00","description":"Con estas plantillas los peques podr\u00e1n aprender los conceptos singular - plural y los conceptos masculino - femenino de una manera m\u00e1s amena.","breadcrumb":{"@id":"https:\/\/lacasitaeducativa.shop\/index.php\/producto\/singular-plural-masculino-femenino\/#breadcrumb"},"inLanguage":"es","potentialAction":[{"@type":"ReadAction","target":["https:\/\/lacasitaeducativa.shop\/index.php\/producto\/singular-plural-masculino-femenino\/"]}]},{"@type":"ImageObject","inLanguage":"es","@id":"https:\/\/lacasitaeducativa.shop\/index.php\/producto\/singular-plural-masculino-femenino\/#primaryimage","url":"https:\/\/lacasitaeducativa.shop\/wp-content\/uploads\/2020\/08\/1-6.jpg","contentUrl":"https:\/\/lacasitaeducativa.shop\/wp-content\/uploads\/2020\/08\/1-6.jpg","width":1080,"height":1080},{"@type":"BreadcrumbList","@id":"https:\/\/lacasitaeducativa.shop\/index.php\/producto\/singular-plural-masculino-femenino\/#breadcrumb","itemListElement":[{"@type":"ListItem","position":1,"name":"Portada","item":"https:\/\/lacasitaeducativa.shop\/"},{"@type":"ListItem","position":2,"name":"Recursos","item":"https:\/\/lacasitaeducativa.shop\/index.php\/tienda\/"},{"@type":"ListItem","position":3,"name":"SINGULAR &#8211; PLURAL \/ MASCULINO &#8211; FEMENINO"}]},{"@type":"WebSite","@id":"https:\/\/lacasitaeducativa.shop\/#website","url":"https:\/\/lacasitaeducativa.shop\/","name":"La Casita Educativa","description":"En esta casita encontrar\u00e9is todo tipo de recursos educativos infantiles, desde manualidades hasta actividades, juegos, cuentos, idiomas, adivinanzas y otros.","publisher":{"@id":"https:\/\/lacasitaeducativa.shop\/#organization"},"potentialAction":[{"@type":"SearchAction","target":{"@type":"EntryPoint","urlTemplate":"https:\/\/lacasitaeducativa.shop\/?s={search_term_string}"},"query-input":{"@type":"PropertyValueSpecification","valueRequired":true,"valueName":"search_term_string"}}],"inLanguage":"es"},{"@type":"Organization","@id":"https:\/\/lacasitaeducativa.shop\/#organization","name":"La Casita Educativa - LACASITAEDUCATIVA.SHOP","url":"https:\/\/lacasitaeducativa.shop\/","logo":{"@type":"ImageObject","inLanguage":"es","@id":"https:\/\/lacasitaeducativa.shop\/#\/schema\/logo\/image\/","url":"https:\/\/lacasitaeducativa.shop\/wp-content\/uploads\/2020\/08\/Logos-la-casita-educativa-2-1.png","contentUrl":"https:\/\/lacasitaeducativa.shop\/wp-content\/uploads\/2020\/08\/Logos-la-casita-educativa-2-1.png","width":500,"height":500,"caption":"La Casita Educativa - LACASITAEDUCATIVA.SHOP"},"image":{"@id":"https:\/\/lacasitaeducativa.shop\/#\/schema\/logo\/image\/"}}]}},"_links":{"self":[{"href":"https:\/\/lacasitaeducativa.shop\/index.php\/wp-json\/wp\/v2\/product\/430","targetHints":{"allow":["GET"]}}],"collection":[{"href":"https:\/\/lacasitaeducativa.shop\/index.php\/wp-json\/wp\/v2\/product"}],"about":[{"href":"https:\/\/lacasitaeducativa.shop\/index.php\/wp-json\/wp\/v2\/types\/product"}],"replies":[{"embeddable":true,"href":"https:\/\/lacasitaeducativa.shop\/index.php\/wp-json\/wp\/v2\/comments?post=430"}],"wp:featuredmedia":[{"embeddable":true,"href":"https:\/\/lacasitaeducativa.shop\/index.php\/wp-json\/wp\/v2\/media\/180121"}],"wp:attachment":[{"href":"https:\/\/lacasitaeducativa.shop\/index.php\/wp-json\/wp\/v2\/media?parent=430"}],"wp:term":[{"taxonomy":"product_brand","embeddable":true,"href":"https:\/\/lacasitaeducativa.shop\/index.php\/wp-json\/wp\/v2\/product_brand?post=430"},{"taxonomy":"product_cat","embeddable":true,"href":"https:\/\/lacasitaeducativa.shop\/index.php\/wp-json\/wp\/v2\/product_cat?post=430"},{"taxonomy":"product_tag","embeddable":true,"href":"https:\/\/lacasitaeducativa.shop\/index.php\/wp-json\/wp\/v2\/product_tag?post=430"}],"curies":[{"name":"wp","href":"https:\/\/api.w.org\/{rel}","templated":true}]}}