{"id":433,"date":"2020-08-30T18:55:31","date_gmt":"2020-08-30T18:55:31","guid":{"rendered":"http:\/\/45.131.80.30\/~condenom\/lacasitaeducativa\/?post_type=product&#038;p=433"},"modified":"2024-08-17T10:13:53","modified_gmt":"2024-08-17T10:13:53","slug":"juego-dia-dia","status":"publish","type":"product","link":"https:\/\/lacasitaeducativa.shop\/index.php\/producto\/juego-dia-dia\/","title":{"rendered":"Juego educativo d\u00eda d\u00eda"},"content":{"rendered":"<p><strong>CONTENIDO<\/strong><\/p>\n<p>El juego contiene:<\/p>\n<ul>\n<li>Instrucciones<\/li>\n<li>1 tablero dividido en dos documentos A4 (se tienen que unir plastificando en un A3).<\/li>\n<li>18 tarjetas sorpresa<\/li>\n<li>20 articulos<\/li>\n<li>6 fichas de jugadores<\/li>\n<li>Billetes de 5, 10, 20, 50 y 100\u20ac<\/li>\n<li>Monedas de 50 c\u00e9ntimos, de 1 y 2\u20ac<\/li>\n<li>6 Tickets de restaurante<\/li>\n<li>2 tickets entrada de cine<\/li>\n<\/ul>\n<div><strong>FUNCIONAMIENTO<\/strong><\/div>\n<div><\/div>\n<div>\n<p><span style=\"font-size: 16px;\">Es un juego educativo similar al famoso \u00abMonopoly\u00bb pero en este en concreto pueden jugar ni\u00f1os desde los 3 a\u00f1itos.<\/span><\/p>\n<p>El recurso contiene un tablero en el cual hay una serie de casillas con diferentes establecimientos como por ejemplo, panader\u00eda, fruter\u00eda, carnicer\u00eda, farmacia, entre mucho otros para que los ni\u00f1os vayan viendo lo que podr\u00e1n encontrar en su d\u00eda d\u00eda. Tambi\u00e9n hay casillas con servicios como el colegio, el hospital, correos, etc.<\/p>\n<p>El objetivo del juego es que los ni\u00f1os conozcan la vida cotidiana y aprendan a gestionar un poquito el dinero comprando y vendiendo algunos productos. Con este juego adem\u00e1s aprender\u00e1n a saber d\u00f3nde comprar cada cosa.<\/p>\n<p>El juego tambi\u00e9n contiene tarjetas sorpresa, las cuales nos indicaran acciones a realizar.<\/p>\n<p>Es un juego que da muy buenos resultados y adem\u00e1s a los ni\u00f1os les resulta divertido, no se cansan de jugar. Es ideal para aprender jugando.<\/p>\n<\/div>\n<div>\u00bfQu\u00e9 te parece?<\/div>\n<div><\/div>\n<p><strong>IDIOMA<\/strong><\/p>\n<p>Castellano y catal\u00e1n<\/p>\n<p><strong>EDAD RECOMENDADA<\/strong><\/p>\n<div>* Recomendado a partir de 3 a\u00f1os eliminando la parte del dinero, jugar simplemente para aprender los oficios y servicios.<\/div>\n<div>* Recomendado a partir de 6 a\u00f1os con la gesti\u00f3n del dinero.<\/div>\n<p>&nbsp;<\/p>\n<p>Tambi\u00e9n disponemos de otro juego para aprender a comprar y vender en la web, os dejamos el enlace por si quer\u00e9is echarle un vistazo:\u00a0<a href=\"https:\/\/lacasitaeducativa.shop\/index.php\/producto\/tu-lista-de-la-compra\/\" target=\"_blank\" rel=\"noopener noreferrer\">Tu lista de la compra<\/a><\/p>\n","protected":false},"excerpt":{"rendered":"<p>Juego educativo enfocado a los m\u00e1s peque\u00f1os para aprender a comprar y vender. Adem\u00e1s tambi\u00e9n conocer\u00e1n diferentes oficios que podemos encontrar en la vida cotidiana. Adem\u00e1s conocer\u00e1n las monedas y los billetes y aprender\u00e1n a gestionarlo comprando y vendiendo diferentes art\u00edculos de distintos establecimientos.<\/p>\n<p>Disponible en castellano y catal\u00e1n.<\/p>\n<p>Recomendado a partir de 6 a\u00f1os.<\/p>\n<p><script async src=\"https:\/\/pagead2.googlesyndication.com\/pagead\/js\/adsbygoogle.js\"><\/script><br \/>\n<!-- Horizontal-Adaptable --><br \/>\n<ins class=\"adsbygoogle\" style=\"display: block;\" data-ad-client=\"ca-pub-1103545772104863\" data-ad-slot=\"5194289265\" data-ad-format=\"auto\" data-full-width-responsive=\"true\"><\/ins><br \/>\n<script>\n     (adsbygoogle = window.adsbygoogle || []).push({});\n<\/script><\/p>\n<p>&nbsp;<\/p>\n","protected":false},"featured_media":119114,"comment_status":"open","ping_status":"closed","template":"","meta":{"site-sidebar-layout":"default","site-content-layout":"default","ast-site-content-layout":"default","site-content-style":"default","site-sidebar-style":"default","ast-global-header-display":"","ast-banner-title-visibility":"","ast-main-header-display":"","ast-hfb-above-header-display":"","ast-hfb-below-header-display":"","ast-hfb-mobile-header-display":"","site-post-title":"","ast-breadcrumbs-content":"","ast-featured-img":"","footer-sml-layout":"","ast-disable-related-posts":"","theme-transparent-header-meta":"default","adv-header-id-meta":"","stick-header-meta":"","header-above-stick-meta":"","header-main-stick-meta":"","header-below-stick-meta":"","astra-migrate-meta-layouts":"set","ast-page-background-enabled":"default","ast-page-background-meta":{"desktop":{"background-color":"","background-image":"","background-repeat":"repeat","background-position":"center center","background-size":"auto","background-attachment":"scroll","background-type":"","background-media":"","overlay-type":"","overlay-color":"","overlay-opacity":"","overlay-gradient":""},"tablet":{"background-color":"","background-image":"","background-repeat":"repeat","background-position":"center center","background-size":"auto","background-attachment":"scroll","background-type":"","background-media":"","overlay-type":"","overlay-color":"","overlay-opacity":"","overlay-gradient":""},"mobile":{"background-color":"","background-image":"","background-repeat":"repeat","background-position":"center center","background-size":"auto","background-attachment":"scroll","background-type":"","background-media":"","overlay-type":"","overlay-color":"","overlay-opacity":"","overlay-gradient":""}},"ast-content-background-meta":{"desktop":{"background-color":"var(--ast-global-color-5)","background-image":"","background-repeat":"repeat","background-position":"center center","background-size":"auto","background-attachment":"scroll","background-type":"","background-media":"","overlay-type":"","overlay-color":"","overlay-opacity":"","overlay-gradient":""},"tablet":{"background-color":"var(--ast-global-color-5)","background-image":"","background-repeat":"repeat","background-position":"center center","background-size":"auto","background-attachment":"scroll","background-type":"","background-media":"","overlay-type":"","overlay-color":"","overlay-opacity":"","overlay-gradient":""},"mobile":{"background-color":"var(--ast-global-color-5)","background-image":"","background-repeat":"repeat","background-position":"center center","background-size":"auto","background-attachment":"scroll","background-type":"","background-media":"","overlay-type":"","overlay-color":"","overlay-opacity":"","overlay-gradient":""}}},"product_brand":[],"product_cat":[17,84],"product_tag":[225,149,108,132,211,212,226],"class_list":{"0":"post-433","1":"product","2":"type-product","3":"status-publish","4":"has-post-thumbnail","6":"product_cat-educacion-primaria","7":"product_cat-juegos-educativos","8":"product_tag-comprar","9":"product_tag-dinero","10":"product_tag-educacion-primaria","11":"product_tag-juego-educativo","12":"product_tag-oficios","13":"product_tag-profesiones","14":"product_tag-vender","15":"desktop-align-left","16":"tablet-align-left","17":"mobile-align-left","19":"first","20":"instock","21":"downloadable","22":"virtual","23":"taxable","24":"purchasable","25":"product-type-simple"},"yoast_head":"<!-- This site is optimized with the Yoast SEO plugin v26.8 - https:\/\/yoast.com\/product\/yoast-seo-wordpress\/ -->\n<title>\ud83d\udc5c Juego educativo para comprar y vender - La Casita Educativa<\/title>\n<meta name=\"description\" content=\"Juego educativo para aprender a comprar y vender. Adem\u00e1s tambi\u00e9n conocer\u00e1n diferentes oficios que podemos encontrar en la vida cotidiana.\" \/>\n<meta name=\"robots\" content=\"index, follow, max-snippet:-1, max-image-preview:large, max-video-preview:-1\" \/>\n<link rel=\"canonical\" href=\"https:\/\/lacasitaeducativa.shop\/index.php\/producto\/juego-dia-dia\/\" \/>\n<meta property=\"og:locale\" content=\"es_ES\" \/>\n<meta property=\"og:type\" content=\"article\" \/>\n<meta property=\"og:title\" content=\"\ud83d\udc5c Juego educativo para comprar y vender - La Casita Educativa\" \/>\n<meta property=\"og:description\" content=\"Juego educativo para aprender a comprar y vender. Adem\u00e1s tambi\u00e9n conocer\u00e1n diferentes oficios que podemos encontrar en la vida cotidiana.\" \/>\n<meta property=\"og:url\" content=\"https:\/\/lacasitaeducativa.shop\/index.php\/producto\/juego-dia-dia\/\" \/>\n<meta property=\"og:site_name\" content=\"La Casita Educativa\" \/>\n<meta property=\"article:modified_time\" content=\"2024-08-17T10:13:53+00:00\" \/>\n<meta property=\"og:image\" content=\"https:\/\/lacasitaeducativa.shop\/wp-content\/uploads\/2020\/08\/jUEGO-DIA-DIA.jpg\" \/>\n\t<meta property=\"og:image:width\" content=\"1080\" \/>\n\t<meta property=\"og:image:height\" content=\"1080\" \/>\n\t<meta property=\"og:image:type\" content=\"image\/jpeg\" \/>\n<meta name=\"twitter:card\" content=\"summary_large_image\" \/>\n<meta name=\"twitter:label1\" content=\"Tiempo de lectura\" \/>\n\t<meta name=\"twitter:data1\" content=\"2 minutos\" \/>\n<script type=\"application\/ld+json\" class=\"yoast-schema-graph\">{\"@context\":\"https:\/\/schema.org\",\"@graph\":[{\"@type\":\"WebPage\",\"@id\":\"https:\/\/lacasitaeducativa.shop\/index.php\/producto\/juego-dia-dia\/\",\"url\":\"https:\/\/lacasitaeducativa.shop\/index.php\/producto\/juego-dia-dia\/\",\"name\":\"\ud83d\udc5c Juego educativo para comprar y vender - La Casita Educativa\",\"isPartOf\":{\"@id\":\"https:\/\/lacasitaeducativa.shop\/#website\"},\"primaryImageOfPage\":{\"@id\":\"https:\/\/lacasitaeducativa.shop\/index.php\/producto\/juego-dia-dia\/#primaryimage\"},\"image\":{\"@id\":\"https:\/\/lacasitaeducativa.shop\/index.php\/producto\/juego-dia-dia\/#primaryimage\"},\"thumbnailUrl\":\"https:\/\/lacasitaeducativa.shop\/wp-content\/uploads\/2020\/08\/jUEGO-DIA-DIA.jpg\",\"datePublished\":\"2020-08-30T18:55:31+00:00\",\"dateModified\":\"2024-08-17T10:13:53+00:00\",\"description\":\"Juego educativo para aprender a comprar y vender. Adem\u00e1s tambi\u00e9n conocer\u00e1n diferentes oficios que podemos encontrar en la vida cotidiana.\",\"breadcrumb\":{\"@id\":\"https:\/\/lacasitaeducativa.shop\/index.php\/producto\/juego-dia-dia\/#breadcrumb\"},\"inLanguage\":\"es\",\"potentialAction\":[{\"@type\":\"ReadAction\",\"target\":[\"https:\/\/lacasitaeducativa.shop\/index.php\/producto\/juego-dia-dia\/\"]}]},{\"@type\":\"ImageObject\",\"inLanguage\":\"es\",\"@id\":\"https:\/\/lacasitaeducativa.shop\/index.php\/producto\/juego-dia-dia\/#primaryimage\",\"url\":\"https:\/\/lacasitaeducativa.shop\/wp-content\/uploads\/2020\/08\/jUEGO-DIA-DIA.jpg\",\"contentUrl\":\"https:\/\/lacasitaeducativa.shop\/wp-content\/uploads\/2020\/08\/jUEGO-DIA-DIA.jpg\",\"width\":1080,\"height\":1080,\"caption\":\"jUEGO DIA DIA\"},{\"@type\":\"BreadcrumbList\",\"@id\":\"https:\/\/lacasitaeducativa.shop\/index.php\/producto\/juego-dia-dia\/#breadcrumb\",\"itemListElement\":[{\"@type\":\"ListItem\",\"position\":1,\"name\":\"Portada\",\"item\":\"https:\/\/lacasitaeducativa.shop\/\"},{\"@type\":\"ListItem\",\"position\":2,\"name\":\"Recursos\",\"item\":\"https:\/\/lacasitaeducativa.shop\/index.php\/tienda\/\"},{\"@type\":\"ListItem\",\"position\":3,\"name\":\"Juego educativo d\u00eda d\u00eda\"}]},{\"@type\":\"WebSite\",\"@id\":\"https:\/\/lacasitaeducativa.shop\/#website\",\"url\":\"https:\/\/lacasitaeducativa.shop\/\",\"name\":\"La Casita Educativa\",\"description\":\"En esta casita encontrar\u00e9is todo tipo de recursos educativos infantiles, desde manualidades hasta actividades, juegos, cuentos, idiomas, adivinanzas y otros.\",\"publisher\":{\"@id\":\"https:\/\/lacasitaeducativa.shop\/#organization\"},\"potentialAction\":[{\"@type\":\"SearchAction\",\"target\":{\"@type\":\"EntryPoint\",\"urlTemplate\":\"https:\/\/lacasitaeducativa.shop\/?s={search_term_string}\"},\"query-input\":{\"@type\":\"PropertyValueSpecification\",\"valueRequired\":true,\"valueName\":\"search_term_string\"}}],\"inLanguage\":\"es\"},{\"@type\":\"Organization\",\"@id\":\"https:\/\/lacasitaeducativa.shop\/#organization\",\"name\":\"La Casita Educativa - LACASITAEDUCATIVA.SHOP\",\"url\":\"https:\/\/lacasitaeducativa.shop\/\",\"logo\":{\"@type\":\"ImageObject\",\"inLanguage\":\"es\",\"@id\":\"https:\/\/lacasitaeducativa.shop\/#\/schema\/logo\/image\/\",\"url\":\"https:\/\/lacasitaeducativa.shop\/wp-content\/uploads\/2020\/08\/Logos-la-casita-educativa-2-1.png\",\"contentUrl\":\"https:\/\/lacasitaeducativa.shop\/wp-content\/uploads\/2020\/08\/Logos-la-casita-educativa-2-1.png\",\"width\":500,\"height\":500,\"caption\":\"La Casita Educativa - LACASITAEDUCATIVA.SHOP\"},\"image\":{\"@id\":\"https:\/\/lacasitaeducativa.shop\/#\/schema\/logo\/image\/\"}}]}<\/script>\n<!-- \/ Yoast SEO plugin. -->","yoast_head_json":{"title":"\ud83d\udc5c Juego educativo para comprar y vender - La Casita Educativa","description":"Juego educativo para aprender a comprar y vender. Adem\u00e1s tambi\u00e9n conocer\u00e1n diferentes oficios que podemos encontrar en la vida cotidiana.","robots":{"index":"index","follow":"follow","max-snippet":"max-snippet:-1","max-image-preview":"max-image-preview:large","max-video-preview":"max-video-preview:-1"},"canonical":"https:\/\/lacasitaeducativa.shop\/index.php\/producto\/juego-dia-dia\/","og_locale":"es_ES","og_type":"article","og_title":"\ud83d\udc5c Juego educativo para comprar y vender - La Casita Educativa","og_description":"Juego educativo para aprender a comprar y vender. Adem\u00e1s tambi\u00e9n conocer\u00e1n diferentes oficios que podemos encontrar en la vida cotidiana.","og_url":"https:\/\/lacasitaeducativa.shop\/index.php\/producto\/juego-dia-dia\/","og_site_name":"La Casita Educativa","article_modified_time":"2024-08-17T10:13:53+00:00","og_image":[{"width":1080,"height":1080,"url":"https:\/\/lacasitaeducativa.shop\/wp-content\/uploads\/2020\/08\/jUEGO-DIA-DIA.jpg","type":"image\/jpeg"}],"twitter_card":"summary_large_image","twitter_misc":{"Tiempo de lectura":"2 minutos"},"schema":{"@context":"https:\/\/schema.org","@graph":[{"@type":"WebPage","@id":"https:\/\/lacasitaeducativa.shop\/index.php\/producto\/juego-dia-dia\/","url":"https:\/\/lacasitaeducativa.shop\/index.php\/producto\/juego-dia-dia\/","name":"\ud83d\udc5c Juego educativo para comprar y vender - La Casita Educativa","isPartOf":{"@id":"https:\/\/lacasitaeducativa.shop\/#website"},"primaryImageOfPage":{"@id":"https:\/\/lacasitaeducativa.shop\/index.php\/producto\/juego-dia-dia\/#primaryimage"},"image":{"@id":"https:\/\/lacasitaeducativa.shop\/index.php\/producto\/juego-dia-dia\/#primaryimage"},"thumbnailUrl":"https:\/\/lacasitaeducativa.shop\/wp-content\/uploads\/2020\/08\/jUEGO-DIA-DIA.jpg","datePublished":"2020-08-30T18:55:31+00:00","dateModified":"2024-08-17T10:13:53+00:00","description":"Juego educativo para aprender a comprar y vender. Adem\u00e1s tambi\u00e9n conocer\u00e1n diferentes oficios que podemos encontrar en la vida cotidiana.","breadcrumb":{"@id":"https:\/\/lacasitaeducativa.shop\/index.php\/producto\/juego-dia-dia\/#breadcrumb"},"inLanguage":"es","potentialAction":[{"@type":"ReadAction","target":["https:\/\/lacasitaeducativa.shop\/index.php\/producto\/juego-dia-dia\/"]}]},{"@type":"ImageObject","inLanguage":"es","@id":"https:\/\/lacasitaeducativa.shop\/index.php\/producto\/juego-dia-dia\/#primaryimage","url":"https:\/\/lacasitaeducativa.shop\/wp-content\/uploads\/2020\/08\/jUEGO-DIA-DIA.jpg","contentUrl":"https:\/\/lacasitaeducativa.shop\/wp-content\/uploads\/2020\/08\/jUEGO-DIA-DIA.jpg","width":1080,"height":1080,"caption":"jUEGO DIA DIA"},{"@type":"BreadcrumbList","@id":"https:\/\/lacasitaeducativa.shop\/index.php\/producto\/juego-dia-dia\/#breadcrumb","itemListElement":[{"@type":"ListItem","position":1,"name":"Portada","item":"https:\/\/lacasitaeducativa.shop\/"},{"@type":"ListItem","position":2,"name":"Recursos","item":"https:\/\/lacasitaeducativa.shop\/index.php\/tienda\/"},{"@type":"ListItem","position":3,"name":"Juego educativo d\u00eda d\u00eda"}]},{"@type":"WebSite","@id":"https:\/\/lacasitaeducativa.shop\/#website","url":"https:\/\/lacasitaeducativa.shop\/","name":"La Casita Educativa","description":"En esta casita encontrar\u00e9is todo tipo de recursos educativos infantiles, desde manualidades hasta actividades, juegos, cuentos, idiomas, adivinanzas y otros.","publisher":{"@id":"https:\/\/lacasitaeducativa.shop\/#organization"},"potentialAction":[{"@type":"SearchAction","target":{"@type":"EntryPoint","urlTemplate":"https:\/\/lacasitaeducativa.shop\/?s={search_term_string}"},"query-input":{"@type":"PropertyValueSpecification","valueRequired":true,"valueName":"search_term_string"}}],"inLanguage":"es"},{"@type":"Organization","@id":"https:\/\/lacasitaeducativa.shop\/#organization","name":"La Casita Educativa - LACASITAEDUCATIVA.SHOP","url":"https:\/\/lacasitaeducativa.shop\/","logo":{"@type":"ImageObject","inLanguage":"es","@id":"https:\/\/lacasitaeducativa.shop\/#\/schema\/logo\/image\/","url":"https:\/\/lacasitaeducativa.shop\/wp-content\/uploads\/2020\/08\/Logos-la-casita-educativa-2-1.png","contentUrl":"https:\/\/lacasitaeducativa.shop\/wp-content\/uploads\/2020\/08\/Logos-la-casita-educativa-2-1.png","width":500,"height":500,"caption":"La Casita Educativa - LACASITAEDUCATIVA.SHOP"},"image":{"@id":"https:\/\/lacasitaeducativa.shop\/#\/schema\/logo\/image\/"}}]}},"_links":{"self":[{"href":"https:\/\/lacasitaeducativa.shop\/index.php\/wp-json\/wp\/v2\/product\/433","targetHints":{"allow":["GET"]}}],"collection":[{"href":"https:\/\/lacasitaeducativa.shop\/index.php\/wp-json\/wp\/v2\/product"}],"about":[{"href":"https:\/\/lacasitaeducativa.shop\/index.php\/wp-json\/wp\/v2\/types\/product"}],"replies":[{"embeddable":true,"href":"https:\/\/lacasitaeducativa.shop\/index.php\/wp-json\/wp\/v2\/comments?post=433"}],"wp:featuredmedia":[{"embeddable":true,"href":"https:\/\/lacasitaeducativa.shop\/index.php\/wp-json\/wp\/v2\/media\/119114"}],"wp:attachment":[{"href":"https:\/\/lacasitaeducativa.shop\/index.php\/wp-json\/wp\/v2\/media?parent=433"}],"wp:term":[{"taxonomy":"product_brand","embeddable":true,"href":"https:\/\/lacasitaeducativa.shop\/index.php\/wp-json\/wp\/v2\/product_brand?post=433"},{"taxonomy":"product_cat","embeddable":true,"href":"https:\/\/lacasitaeducativa.shop\/index.php\/wp-json\/wp\/v2\/product_cat?post=433"},{"taxonomy":"product_tag","embeddable":true,"href":"https:\/\/lacasitaeducativa.shop\/index.php\/wp-json\/wp\/v2\/product_tag?post=433"}],"curies":[{"name":"wp","href":"https:\/\/api.w.org\/{rel}","templated":true}]}}