{"id":435440,"date":"2025-04-06T17:29:36","date_gmt":"2025-04-06T17:29:36","guid":{"rendered":"https:\/\/lacasitaeducativa.shop\/?post_type=product&#038;p=435440"},"modified":"2026-03-14T10:55:22","modified_gmt":"2026-03-14T10:55:22","slug":"conejo-de-colores","status":"publish","type":"product","link":"https:\/\/lacasitaeducativa.shop\/index.php\/producto\/conejo-de-colores\/","title":{"rendered":"El conejo de colores"},"content":{"rendered":"<p>El conejo de colores es perfecto para utilizar en <strong data-start=\"1247\" data-end=\"1349\">rincones de aprendizaje, estaciones de trabajo, centros de mesa, actividades de primavera o Pascua<\/strong>, o como propuesta manipulativa dentro del aula o en casa.<\/p>\n<h6><strong>\u00bfQU\u00c9 INCLUYE EL MATERIAL?<\/strong><\/h6>\n<p>El material contiene:<\/p>\n<ul>\n<li>1 plantilla DINA4 con ilustraci\u00f3n de conejo.<\/li>\n<li>12 tarjetas<\/li>\n<\/ul>\n<p>*Necesitar\u00e1s pinzas de la ropa de colores.<\/p>\n<h2 data-section-id=\"t9bzjl\" data-start=\"1665\" data-end=\"1688\">Objetivos educativos<\/h2>\n<p data-start=\"1690\" data-end=\"1737\">Con esta actividad los alumnos podr\u00e1n trabajar:<\/p>\n<ul data-start=\"1739\" data-end=\"1956\">\n<li data-section-id=\"xxactu\" data-start=\"1739\" data-end=\"1771\">\n<p data-start=\"1741\" data-end=\"1771\">\ud83c\udfa8 Reconocimiento de colores<\/p>\n<\/li>\n<li data-section-id=\"16oi488\" data-start=\"1772\" data-end=\"1811\">\n<p data-start=\"1774\" data-end=\"1811\">\ud83e\udde0 Atenci\u00f3n y discriminaci\u00f3n visual<\/p>\n<\/li>\n<li data-section-id=\"lvj18j\" data-start=\"1812\" data-end=\"1862\">\n<p data-start=\"1814\" data-end=\"1862\">\u270b Motricidad fina (recortar, manipular piezas)<\/p>\n<\/li>\n<li data-section-id=\"m67tjh\" data-start=\"1863\" data-end=\"1896\">\n<p data-start=\"1865\" data-end=\"1896\">\ud83d\udd0e Clasificaci\u00f3n y asociaci\u00f3n<\/p>\n<\/li>\n<li data-section-id=\"1ho0hsv\" data-start=\"1897\" data-end=\"1956\">\n<p data-start=\"1899\" data-end=\"1956\">\ud83d\udde3 Desarrollo del vocabulario relacionado con los colores<\/p>\n<\/li>\n<\/ul>\n<h2 data-section-id=\"1x69d25\" data-start=\"1963\" data-end=\"1995\">\u00bfPara qui\u00e9n est\u00e1 recomendado?<\/h2>\n<p data-start=\"1997\" data-end=\"2029\">Este material est\u00e1 pensado para:<\/p>\n<ul data-start=\"2031\" data-end=\"2166\">\n<li data-section-id=\"1rb43rn\" data-start=\"2031\" data-end=\"2064\">\n<p data-start=\"2033\" data-end=\"2064\">Educaci\u00f3n infantil (3-6 a\u00f1os)<\/p>\n<\/li>\n<li data-section-id=\"1lks2cv\" data-start=\"2065\" data-end=\"2093\">\n<p data-start=\"2067\" data-end=\"2093\">Primer ciclo de primaria<\/p>\n<\/li>\n<li data-section-id=\"omquax\" data-start=\"2094\" data-end=\"2128\">\n<p data-start=\"2096\" data-end=\"2128\">Aulas TEA o refuerzo educativo<\/p>\n<\/li>\n<li data-section-id=\"ydnrug\" data-start=\"2129\" data-end=\"2166\">\n<p data-start=\"2131\" data-end=\"2166\">Aprendizaje en casa (homeschooling)<\/p>\n<\/li>\n<\/ul>\n<h2 data-section-id=\"bqry8i\" data-start=\"2173\" data-end=\"2223\">Ideas para usar el Conejo de colores en el aula<\/h2>\n<ul data-start=\"2225\" data-end=\"2414\">\n<li data-section-id=\"oaeg0\" data-start=\"2225\" data-end=\"2269\">\n<p data-start=\"2227\" data-end=\"2269\">Actividad de <strong data-start=\"2240\" data-end=\"2269\">clasificaci\u00f3n por colores<\/strong><\/p>\n<\/li>\n<li data-section-id=\"ldii87\" data-start=\"2270\" data-end=\"2321\">\n<p data-start=\"2272\" data-end=\"2321\">Juego manipulativo en <strong data-start=\"2294\" data-end=\"2321\">rincones de aprendizaje<\/strong><\/p>\n<\/li>\n<li data-section-id=\"18u7xhz\" data-start=\"2322\" data-end=\"2368\">\n<p data-start=\"2324\" data-end=\"2368\">Actividad tem\u00e1tica de <strong data-start=\"2346\" data-end=\"2368\">primavera o Pascua<\/strong><\/p>\n<\/li>\n<li data-section-id=\"159omp1\" data-start=\"2369\" data-end=\"2414\">\n<p data-start=\"2371\" data-end=\"2414\">Juego de <strong data-start=\"2380\" data-end=\"2414\">b\u00fasqueda de colores en el aula<\/strong><\/p>\n<\/li>\n<\/ul>\n<h2 data-section-id=\"c2kabs\" data-start=\"2421\" data-end=\"2446\">Recomendaciones de uso<\/h2>\n<p data-start=\"2448\" data-end=\"2488\">Para una mayor durabilidad del material:<\/p>\n<ol data-start=\"2490\" data-end=\"2607\">\n<li data-section-id=\"4yt1r5\" data-start=\"2490\" data-end=\"2529\">\n<p data-start=\"2493\" data-end=\"2529\">Imprime las plantillas en cartulina.<\/p>\n<\/li>\n<li data-section-id=\"saltfn\" data-start=\"2530\" data-end=\"2555\">\n<p data-start=\"2533\" data-end=\"2555\">Plastifica las piezas.<\/p>\n<\/li>\n<\/ol>\n<p data-start=\"2609\" data-end=\"2672\">As\u00ed podr\u00e1s reutilizar el material muchas veces con tu alumnado.<\/p>\n<p data-start=\"2679\" data-end=\"2823\">\ud83d\udca1 <strong data-start=\"2682\" data-end=\"2702\">Consejo docente:<\/strong> puedes ampliar la actividad pidiendo a los alumnos que nombren objetos del aula que tengan el mismo color que el conejo.<\/p>\n<p data-start=\"2830\" data-end=\"2977\">\u2705 <strong data-start=\"2832\" data-end=\"2852\">Tipo de recurso:<\/strong> material educativo imprimible<br data-start=\"2882\" data-end=\"2885\" \/>\ud83d\udcda <strong data-start=\"2888\" data-end=\"2898\">Etapa:<\/strong> Educaci\u00f3n infantil<br data-start=\"2928\" data-end=\"2931\" \/>\ud83c\udfa8 <strong data-start=\"2934\" data-end=\"2943\">\u00c1rea:<\/strong> l\u00f3gica, clasificaci\u00f3n y colores<\/p>\n<p>&nbsp;<\/p>\n","protected":false},"excerpt":{"rendered":"<p data-start=\"708\" data-end=\"933\">El <strong data-start=\"711\" data-end=\"732\">Conejo de colores<\/strong> es un recurso educativo manipulativo dise\u00f1ado para trabajar el <strong data-start=\"796\" data-end=\"844\">reconocimiento y la clasificaci\u00f3n de colores<\/strong> de forma divertida y significativa en <strong data-start=\"883\" data-end=\"932\">educaci\u00f3n infantil.<\/strong><\/p>\n<p data-start=\"935\" data-end=\"1203\">A trav\u00e9s de esta actividad, los ni\u00f1os y ni\u00f1as deber\u00e1n <strong data-start=\"989\" data-end=\"1042\">asociar y clasificar los elementos seg\u00fan su color<\/strong>, ayudando al conejo a completar su colecci\u00f3n. Es un material ideal para aprender jugando, estimular la observaci\u00f3n y desarrollar habilidades cognitivas b\u00e1sicas.<\/p>\n<p>Recomendado a partir de 2 a\u00f1os.<\/p>\n<p><script async src=\"https:\/\/pagead2.googlesyndication.com\/pagead\/js\/adsbygoogle.js\"><\/script><br \/>\n<!-- Horizontal-Adaptable --><br \/>\n<ins class=\"adsbygoogle\" style=\"display: block;\" data-ad-client=\"ca-pub-1103545772104863\" data-ad-slot=\"5194289265\" data-ad-format=\"auto\" data-full-width-responsive=\"true\"><\/ins><br \/>\n<script>\n     (adsbygoogle = window.adsbygoogle || []).push({});\n<\/script><\/p>\n","protected":false},"featured_media":506425,"comment_status":"open","ping_status":"closed","template":"","meta":{"site-sidebar-layout":"default","site-content-layout":"","ast-site-content-layout":"default","site-content-style":"default","site-sidebar-style":"default","ast-global-header-display":"","ast-banner-title-visibility":"","ast-main-header-display":"","ast-hfb-above-header-display":"","ast-hfb-below-header-display":"","ast-hfb-mobile-header-display":"","site-post-title":"","ast-breadcrumbs-content":"","ast-featured-img":"","footer-sml-layout":"","ast-disable-related-posts":"","theme-transparent-header-meta":"default","adv-header-id-meta":"","stick-header-meta":"","header-above-stick-meta":"","header-main-stick-meta":"","header-below-stick-meta":"","astra-migrate-meta-layouts":"set","ast-page-background-enabled":"default","ast-page-background-meta":{"desktop":{"background-color":"","background-image":"","background-repeat":"repeat","background-position":"center center","background-size":"auto","background-attachment":"scroll","background-type":"","background-media":"","overlay-type":"","overlay-color":"","overlay-opacity":"","overlay-gradient":""},"tablet":{"background-color":"","background-image":"","background-repeat":"repeat","background-position":"center center","background-size":"auto","background-attachment":"scroll","background-type":"","background-media":"","overlay-type":"","overlay-color":"","overlay-opacity":"","overlay-gradient":""},"mobile":{"background-color":"","background-image":"","background-repeat":"repeat","background-position":"center center","background-size":"auto","background-attachment":"scroll","background-type":"","background-media":"","overlay-type":"","overlay-color":"","overlay-opacity":"","overlay-gradient":""}},"ast-content-background-meta":{"desktop":{"background-color":"var(--ast-global-color-5)","background-image":"","background-repeat":"repeat","background-position":"center center","background-size":"auto","background-attachment":"scroll","background-type":"","background-media":"","overlay-type":"","overlay-color":"","overlay-opacity":"","overlay-gradient":""},"tablet":{"background-color":"var(--ast-global-color-5)","background-image":"","background-repeat":"repeat","background-position":"center center","background-size":"auto","background-attachment":"scroll","background-type":"","background-media":"","overlay-type":"","overlay-color":"","overlay-opacity":"","overlay-gradient":""},"mobile":{"background-color":"var(--ast-global-color-5)","background-image":"","background-repeat":"repeat","background-position":"center center","background-size":"auto","background-attachment":"scroll","background-type":"","background-media":"","overlay-type":"","overlay-color":"","overlay-opacity":"","overlay-gradient":""}}},"product_brand":[],"product_cat":[293],"product_tag":[791,793,156,306,792,307,288],"class_list":{"0":"post-435440","1":"product","2":"type-product","3":"status-publish","4":"has-post-thumbnail","6":"product_cat-pascua","7":"product_tag-actividad-colores-infantil","8":"product_tag-actividad-pascua-infantil","9":"product_tag-colores","10":"product_tag-conejodepascua","11":"product_tag-material-manipulativo-colores","12":"product_tag-motricidadfina","13":"product_tag-pascua","14":"desktop-align-left","15":"tablet-align-left","16":"mobile-align-left","18":"first","19":"instock","20":"downloadable","21":"virtual","22":"taxable","23":"purchasable","24":"product-type-simple"},"yoast_head":"<!-- This site is optimized with the Yoast SEO plugin v26.8 - https:\/\/yoast.com\/product\/yoast-seo-wordpress\/ -->\n<title>El conejo de colores - La Casita Educativa<\/title>\n<meta name=\"description\" content=\"Recurso manipulativo muy bonito ideal para los d\u00edas de pascua. Es genial para trabajar los colores, la atenci\u00f3n visual y la motricidad fina.\" \/>\n<meta name=\"robots\" content=\"index, follow, max-snippet:-1, max-image-preview:large, max-video-preview:-1\" \/>\n<link rel=\"canonical\" href=\"https:\/\/lacasitaeducativa.shop\/index.php\/producto\/conejo-de-colores\/\" \/>\n<meta property=\"og:locale\" content=\"es_ES\" \/>\n<meta property=\"og:type\" content=\"article\" \/>\n<meta property=\"og:title\" content=\"El conejo de colores - La Casita Educativa\" \/>\n<meta property=\"og:description\" content=\"Recurso manipulativo muy bonito ideal para los d\u00edas de pascua. Es genial para trabajar los colores, la atenci\u00f3n visual y la motricidad fina.\" \/>\n<meta property=\"og:url\" content=\"https:\/\/lacasitaeducativa.shop\/index.php\/producto\/conejo-de-colores\/\" \/>\n<meta property=\"og:site_name\" content=\"La Casita Educativa\" \/>\n<meta property=\"article:modified_time\" content=\"2026-03-14T10:55:22+00:00\" \/>\n<meta property=\"og:image\" content=\"https:\/\/lacasitaeducativa.shop\/wp-content\/uploads\/2025\/04\/Actividad-pascua-infantil.jpg\" \/>\n\t<meta property=\"og:image:width\" content=\"1080\" \/>\n\t<meta property=\"og:image:height\" content=\"1080\" \/>\n\t<meta property=\"og:image:type\" content=\"image\/jpeg\" \/>\n<meta name=\"twitter:card\" content=\"summary_large_image\" \/>\n<meta name=\"twitter:label1\" content=\"Tiempo de lectura\" \/>\n\t<meta name=\"twitter:data1\" content=\"2 minutos\" \/>\n<script type=\"application\/ld+json\" class=\"yoast-schema-graph\">{\"@context\":\"https:\/\/schema.org\",\"@graph\":[{\"@type\":\"WebPage\",\"@id\":\"https:\/\/lacasitaeducativa.shop\/index.php\/producto\/conejo-de-colores\/\",\"url\":\"https:\/\/lacasitaeducativa.shop\/index.php\/producto\/conejo-de-colores\/\",\"name\":\"El conejo de colores - La Casita Educativa\",\"isPartOf\":{\"@id\":\"https:\/\/lacasitaeducativa.shop\/#website\"},\"primaryImageOfPage\":{\"@id\":\"https:\/\/lacasitaeducativa.shop\/index.php\/producto\/conejo-de-colores\/#primaryimage\"},\"image\":{\"@id\":\"https:\/\/lacasitaeducativa.shop\/index.php\/producto\/conejo-de-colores\/#primaryimage\"},\"thumbnailUrl\":\"https:\/\/lacasitaeducativa.shop\/wp-content\/uploads\/2025\/04\/Actividad-pascua-infantil.jpg\",\"datePublished\":\"2025-04-06T17:29:36+00:00\",\"dateModified\":\"2026-03-14T10:55:22+00:00\",\"description\":\"Recurso manipulativo muy bonito ideal para los d\u00edas de pascua. Es genial para trabajar los colores, la atenci\u00f3n visual y la motricidad fina.\",\"breadcrumb\":{\"@id\":\"https:\/\/lacasitaeducativa.shop\/index.php\/producto\/conejo-de-colores\/#breadcrumb\"},\"inLanguage\":\"es\",\"potentialAction\":[{\"@type\":\"ReadAction\",\"target\":[\"https:\/\/lacasitaeducativa.shop\/index.php\/producto\/conejo-de-colores\/\"]}]},{\"@type\":\"ImageObject\",\"inLanguage\":\"es\",\"@id\":\"https:\/\/lacasitaeducativa.shop\/index.php\/producto\/conejo-de-colores\/#primaryimage\",\"url\":\"https:\/\/lacasitaeducativa.shop\/wp-content\/uploads\/2025\/04\/Actividad-pascua-infantil.jpg\",\"contentUrl\":\"https:\/\/lacasitaeducativa.shop\/wp-content\/uploads\/2025\/04\/Actividad-pascua-infantil.jpg\",\"width\":1080,\"height\":1080,\"caption\":\"Actividad manipulativa pascua\"},{\"@type\":\"BreadcrumbList\",\"@id\":\"https:\/\/lacasitaeducativa.shop\/index.php\/producto\/conejo-de-colores\/#breadcrumb\",\"itemListElement\":[{\"@type\":\"ListItem\",\"position\":1,\"name\":\"Portada\",\"item\":\"https:\/\/lacasitaeducativa.shop\/\"},{\"@type\":\"ListItem\",\"position\":2,\"name\":\"Recursos\",\"item\":\"https:\/\/lacasitaeducativa.shop\/index.php\/tienda\/\"},{\"@type\":\"ListItem\",\"position\":3,\"name\":\"El conejo de colores\"}]},{\"@type\":\"WebSite\",\"@id\":\"https:\/\/lacasitaeducativa.shop\/#website\",\"url\":\"https:\/\/lacasitaeducativa.shop\/\",\"name\":\"La Casita Educativa\",\"description\":\"En esta casita encontrar\u00e9is todo tipo de recursos educativos infantiles, desde manualidades hasta actividades, juegos, cuentos, idiomas, adivinanzas y otros.\",\"publisher\":{\"@id\":\"https:\/\/lacasitaeducativa.shop\/#organization\"},\"potentialAction\":[{\"@type\":\"SearchAction\",\"target\":{\"@type\":\"EntryPoint\",\"urlTemplate\":\"https:\/\/lacasitaeducativa.shop\/?s={search_term_string}\"},\"query-input\":{\"@type\":\"PropertyValueSpecification\",\"valueRequired\":true,\"valueName\":\"search_term_string\"}}],\"inLanguage\":\"es\"},{\"@type\":\"Organization\",\"@id\":\"https:\/\/lacasitaeducativa.shop\/#organization\",\"name\":\"La Casita Educativa - LACASITAEDUCATIVA.SHOP\",\"url\":\"https:\/\/lacasitaeducativa.shop\/\",\"logo\":{\"@type\":\"ImageObject\",\"inLanguage\":\"es\",\"@id\":\"https:\/\/lacasitaeducativa.shop\/#\/schema\/logo\/image\/\",\"url\":\"https:\/\/lacasitaeducativa.shop\/wp-content\/uploads\/2020\/08\/Logos-la-casita-educativa-2-1.png\",\"contentUrl\":\"https:\/\/lacasitaeducativa.shop\/wp-content\/uploads\/2020\/08\/Logos-la-casita-educativa-2-1.png\",\"width\":500,\"height\":500,\"caption\":\"La Casita Educativa - LACASITAEDUCATIVA.SHOP\"},\"image\":{\"@id\":\"https:\/\/lacasitaeducativa.shop\/#\/schema\/logo\/image\/\"}}]}<\/script>\n<!-- \/ Yoast SEO plugin. -->","yoast_head_json":{"title":"El conejo de colores - La Casita Educativa","description":"Recurso manipulativo muy bonito ideal para los d\u00edas de pascua. Es genial para trabajar los colores, la atenci\u00f3n visual y la motricidad fina.","robots":{"index":"index","follow":"follow","max-snippet":"max-snippet:-1","max-image-preview":"max-image-preview:large","max-video-preview":"max-video-preview:-1"},"canonical":"https:\/\/lacasitaeducativa.shop\/index.php\/producto\/conejo-de-colores\/","og_locale":"es_ES","og_type":"article","og_title":"El conejo de colores - La Casita Educativa","og_description":"Recurso manipulativo muy bonito ideal para los d\u00edas de pascua. Es genial para trabajar los colores, la atenci\u00f3n visual y la motricidad fina.","og_url":"https:\/\/lacasitaeducativa.shop\/index.php\/producto\/conejo-de-colores\/","og_site_name":"La Casita Educativa","article_modified_time":"2026-03-14T10:55:22+00:00","og_image":[{"width":1080,"height":1080,"url":"https:\/\/lacasitaeducativa.shop\/wp-content\/uploads\/2025\/04\/Actividad-pascua-infantil.jpg","type":"image\/jpeg"}],"twitter_card":"summary_large_image","twitter_misc":{"Tiempo de lectura":"2 minutos"},"schema":{"@context":"https:\/\/schema.org","@graph":[{"@type":"WebPage","@id":"https:\/\/lacasitaeducativa.shop\/index.php\/producto\/conejo-de-colores\/","url":"https:\/\/lacasitaeducativa.shop\/index.php\/producto\/conejo-de-colores\/","name":"El conejo de colores - La Casita Educativa","isPartOf":{"@id":"https:\/\/lacasitaeducativa.shop\/#website"},"primaryImageOfPage":{"@id":"https:\/\/lacasitaeducativa.shop\/index.php\/producto\/conejo-de-colores\/#primaryimage"},"image":{"@id":"https:\/\/lacasitaeducativa.shop\/index.php\/producto\/conejo-de-colores\/#primaryimage"},"thumbnailUrl":"https:\/\/lacasitaeducativa.shop\/wp-content\/uploads\/2025\/04\/Actividad-pascua-infantil.jpg","datePublished":"2025-04-06T17:29:36+00:00","dateModified":"2026-03-14T10:55:22+00:00","description":"Recurso manipulativo muy bonito ideal para los d\u00edas de pascua. Es genial para trabajar los colores, la atenci\u00f3n visual y la motricidad fina.","breadcrumb":{"@id":"https:\/\/lacasitaeducativa.shop\/index.php\/producto\/conejo-de-colores\/#breadcrumb"},"inLanguage":"es","potentialAction":[{"@type":"ReadAction","target":["https:\/\/lacasitaeducativa.shop\/index.php\/producto\/conejo-de-colores\/"]}]},{"@type":"ImageObject","inLanguage":"es","@id":"https:\/\/lacasitaeducativa.shop\/index.php\/producto\/conejo-de-colores\/#primaryimage","url":"https:\/\/lacasitaeducativa.shop\/wp-content\/uploads\/2025\/04\/Actividad-pascua-infantil.jpg","contentUrl":"https:\/\/lacasitaeducativa.shop\/wp-content\/uploads\/2025\/04\/Actividad-pascua-infantil.jpg","width":1080,"height":1080,"caption":"Actividad manipulativa pascua"},{"@type":"BreadcrumbList","@id":"https:\/\/lacasitaeducativa.shop\/index.php\/producto\/conejo-de-colores\/#breadcrumb","itemListElement":[{"@type":"ListItem","position":1,"name":"Portada","item":"https:\/\/lacasitaeducativa.shop\/"},{"@type":"ListItem","position":2,"name":"Recursos","item":"https:\/\/lacasitaeducativa.shop\/index.php\/tienda\/"},{"@type":"ListItem","position":3,"name":"El conejo de colores"}]},{"@type":"WebSite","@id":"https:\/\/lacasitaeducativa.shop\/#website","url":"https:\/\/lacasitaeducativa.shop\/","name":"La Casita Educativa","description":"En esta casita encontrar\u00e9is todo tipo de recursos educativos infantiles, desde manualidades hasta actividades, juegos, cuentos, idiomas, adivinanzas y otros.","publisher":{"@id":"https:\/\/lacasitaeducativa.shop\/#organization"},"potentialAction":[{"@type":"SearchAction","target":{"@type":"EntryPoint","urlTemplate":"https:\/\/lacasitaeducativa.shop\/?s={search_term_string}"},"query-input":{"@type":"PropertyValueSpecification","valueRequired":true,"valueName":"search_term_string"}}],"inLanguage":"es"},{"@type":"Organization","@id":"https:\/\/lacasitaeducativa.shop\/#organization","name":"La Casita Educativa - LACASITAEDUCATIVA.SHOP","url":"https:\/\/lacasitaeducativa.shop\/","logo":{"@type":"ImageObject","inLanguage":"es","@id":"https:\/\/lacasitaeducativa.shop\/#\/schema\/logo\/image\/","url":"https:\/\/lacasitaeducativa.shop\/wp-content\/uploads\/2020\/08\/Logos-la-casita-educativa-2-1.png","contentUrl":"https:\/\/lacasitaeducativa.shop\/wp-content\/uploads\/2020\/08\/Logos-la-casita-educativa-2-1.png","width":500,"height":500,"caption":"La Casita Educativa - LACASITAEDUCATIVA.SHOP"},"image":{"@id":"https:\/\/lacasitaeducativa.shop\/#\/schema\/logo\/image\/"}}]}},"_links":{"self":[{"href":"https:\/\/lacasitaeducativa.shop\/index.php\/wp-json\/wp\/v2\/product\/435440","targetHints":{"allow":["GET"]}}],"collection":[{"href":"https:\/\/lacasitaeducativa.shop\/index.php\/wp-json\/wp\/v2\/product"}],"about":[{"href":"https:\/\/lacasitaeducativa.shop\/index.php\/wp-json\/wp\/v2\/types\/product"}],"replies":[{"embeddable":true,"href":"https:\/\/lacasitaeducativa.shop\/index.php\/wp-json\/wp\/v2\/comments?post=435440"}],"wp:featuredmedia":[{"embeddable":true,"href":"https:\/\/lacasitaeducativa.shop\/index.php\/wp-json\/wp\/v2\/media\/506425"}],"wp:attachment":[{"href":"https:\/\/lacasitaeducativa.shop\/index.php\/wp-json\/wp\/v2\/media?parent=435440"}],"wp:term":[{"taxonomy":"product_brand","embeddable":true,"href":"https:\/\/lacasitaeducativa.shop\/index.php\/wp-json\/wp\/v2\/product_brand?post=435440"},{"taxonomy":"product_cat","embeddable":true,"href":"https:\/\/lacasitaeducativa.shop\/index.php\/wp-json\/wp\/v2\/product_cat?post=435440"},{"taxonomy":"product_tag","embeddable":true,"href":"https:\/\/lacasitaeducativa.shop\/index.php\/wp-json\/wp\/v2\/product_tag?post=435440"}],"curies":[{"name":"wp","href":"https:\/\/api.w.org\/{rel}","templated":true}]}}