{"id":441437,"date":"2025-05-08T13:21:59","date_gmt":"2025-05-08T13:21:59","guid":{"rendered":"https:\/\/lacasitaeducativa.shop\/?post_type=product&#038;p=441437"},"modified":"2025-09-15T12:28:32","modified_gmt":"2025-09-15T12:28:32","slug":"lectura-piramidal","status":"publish","type":"product","link":"https:\/\/lacasitaeducativa.shop\/index.php\/producto\/lectura-piramidal\/","title":{"rendered":"Lectura piramidal"},"content":{"rendered":"<p><strong>CONTENIDO<\/strong><\/p>\n<p>El material contiene:<\/p>\n<ul>\n<li>Portada Letra may\u00fascula.<\/li>\n<li>50 p\u00e1ginas DINA4 con diferentes textos escritos de forma piramidal en letra may\u00fascula.<\/li>\n<\/ul>\n<ul>\n<li>Portada Letra min\u00fascula (ligada.<\/li>\n<li>50 p\u00e1ginas DINA4 con diferentes textos escritos de forma piramidal en letra min\u00fascula (ligada).<\/li>\n<\/ul>\n<p><strong>FUNCIONAMIENTO<\/strong><\/p>\n<p class=\"\" data-start=\"155\" data-end=\"284\">Este libro est\u00e1 dise\u00f1ado para acompa\u00f1ar a los ni\u00f1os en el aprendizaje de la lectura de una manera visual, progresiva y divertida.<\/p>\n<p class=\"\" data-start=\"286\" data-end=\"639\">Cada frase comienza con una sola palabra y, en cada l\u00ednea siguiente, se a\u00f1ade una nueva palabra, formando una \u00abpir\u00e1mide\u00bb que permite al ni\u00f1o leer de forma gradual, ganando seguridad, comprensi\u00f3n y fluidez a medida que avanza.<br data-start=\"511\" data-end=\"514\" \/>Este formato facilita la anticipaci\u00f3n lectora, reduce la frustraci\u00f3n y refuerza la estructura de las frases de forma natural.<\/p>\n<p data-start=\"286\" data-end=\"639\">Adem\u00e1s contiene dos preguntas al final para verificar que haya comprendido el texto le\u00eddo. Y tambi\u00e9n tienen im\u00e1genes para colorear para que se les haga m\u00e1s ameno.<\/p>\n<p><strong>IDIOMA<\/strong><\/p>\n<p>Castellano y catal\u00e1n<\/p>\n<p><strong>EDAD RECOMENDADA<\/strong><\/p>\n<p>A partir de 5-6 a\u00f1os (\u00faltimo curso de Infantil y primeros cursos de Primaria), ideal para ni\u00f1os que est\u00e1n inici\u00e1ndose en la lectura o que necesitan reforzar su fluidez y comprensi\u00f3n lectora.<\/p>\n<p><strong>VALORACI\u00d3N<\/strong><\/p>\n<p>Si te gusta el material y crees que puede ser \u00fatil para otras personas te agradezco si me puedes dejar una peque\u00f1a valoraci\u00f3n.:)<\/p>\n","protected":false},"excerpt":{"rendered":"<p class=\"\" data-start=\"83\" data-end=\"144\"><strong data-start=\"83\" data-end=\"144\">\u00a1Aprender a leer nunca hab\u00eda sido tan divertido y eficaz!<\/strong><\/p>\n<p class=\"\" data-start=\"146\" data-end=\"484\"><span data-start=\"166\" data-end=\"208\">Nuestro <strong>l<\/strong><\/span><strong data-start=\"166\" data-end=\"208\">ibro <\/strong>descargable de<strong data-start=\"166\" data-end=\"208\"> lectura piramidal <\/strong>es un recurso innovador dise\u00f1ado para que los ni\u00f1os y ni\u00f1as adquieran fluidez lectora de manera progresiva y natural.<br data-start=\"324\" data-end=\"327\" \/>A trav\u00e9s de frases en formato piramidal, el peque\u00f1o lector va incorporando palabras paso a paso, ganando confianza, comprensi\u00f3n y velocidad sin darse cuenta.<\/p>\n<p data-start=\"146\" data-end=\"484\">Se recomienda a partir de 5-6 a\u00f1os.<\/p>\n<p><script async src=\"https:\/\/pagead2.googlesyndication.com\/pagead\/js\/adsbygoogle.js\"><\/script><br \/>\n<!-- Horizontal-Adaptable --><br \/>\n<ins class=\"adsbygoogle\" style=\"display: block;\" data-ad-client=\"ca-pub-1103545772104863\" data-ad-slot=\"5194289265\" data-ad-format=\"auto\" data-full-width-responsive=\"true\"><\/ins><br \/>\n<script>\n     (adsbygoogle = window.adsbygoogle || []).push({});\n<\/script><\/p>\n","protected":false},"featured_media":441981,"comment_status":"open","ping_status":"closed","template":"","meta":{"site-sidebar-layout":"default","site-content-layout":"","ast-site-content-layout":"default","site-content-style":"default","site-sidebar-style":"default","ast-global-header-display":"","ast-banner-title-visibility":"","ast-main-header-display":"","ast-hfb-above-header-display":"","ast-hfb-below-header-display":"","ast-hfb-mobile-header-display":"","site-post-title":"","ast-breadcrumbs-content":"","ast-featured-img":"","footer-sml-layout":"","ast-disable-related-posts":"","theme-transparent-header-meta":"default","adv-header-id-meta":"","stick-header-meta":"","header-above-stick-meta":"","header-main-stick-meta":"","header-below-stick-meta":"","astra-migrate-meta-layouts":"set","ast-page-background-enabled":"default","ast-page-background-meta":{"desktop":{"background-color":"","background-image":"","background-repeat":"repeat","background-position":"center center","background-size":"auto","background-attachment":"scroll","background-type":"","background-media":"","overlay-type":"","overlay-color":"","overlay-opacity":"","overlay-gradient":""},"tablet":{"background-color":"","background-image":"","background-repeat":"repeat","background-position":"center center","background-size":"auto","background-attachment":"scroll","background-type":"","background-media":"","overlay-type":"","overlay-color":"","overlay-opacity":"","overlay-gradient":""},"mobile":{"background-color":"","background-image":"","background-repeat":"repeat","background-position":"center center","background-size":"auto","background-attachment":"scroll","background-type":"","background-media":"","overlay-type":"","overlay-color":"","overlay-opacity":"","overlay-gradient":""}},"ast-content-background-meta":{"desktop":{"background-color":"var(--ast-global-color-5)","background-image":"","background-repeat":"repeat","background-position":"center center","background-size":"auto","background-attachment":"scroll","background-type":"","background-media":"","overlay-type":"","overlay-color":"","overlay-opacity":"","overlay-gradient":""},"tablet":{"background-color":"var(--ast-global-color-5)","background-image":"","background-repeat":"repeat","background-position":"center center","background-size":"auto","background-attachment":"scroll","background-type":"","background-media":"","overlay-type":"","overlay-color":"","overlay-opacity":"","overlay-gradient":""},"mobile":{"background-color":"var(--ast-global-color-5)","background-image":"","background-repeat":"repeat","background-position":"center center","background-size":"auto","background-attachment":"scroll","background-type":"","background-media":"","overlay-type":"","overlay-color":"","overlay-opacity":"","overlay-gradient":""}}},"product_brand":[],"product_cat":[420],"product_tag":[710,708,506,709],"class_list":{"0":"post-441437","1":"product","2":"type-product","3":"status-publish","4":"has-post-thumbnail","6":"product_cat-comprension-lectora","7":"product_tag-fluidez","8":"product_tag-innovador","9":"product_tag-lectura","10":"product_tag-piramidal","11":"desktop-align-left","12":"tablet-align-left","13":"mobile-align-left","15":"first","16":"instock","17":"downloadable","18":"virtual","19":"taxable","20":"purchasable","21":"product-type-simple"},"yoast_head":"<!-- This site is optimized with the Yoast SEO plugin v26.8 - https:\/\/yoast.com\/product\/yoast-seo-wordpress\/ -->\n<title>Lectura piramidal - La Casita Educativa<\/title>\n<meta name=\"description\" content=\"Libro innovador dise\u00f1ado para que los ni\u00f1os adquieran fluidez lectora de manera progresiva y natural en formato piramidal.\" \/>\n<meta name=\"robots\" content=\"index, follow, max-snippet:-1, max-image-preview:large, max-video-preview:-1\" \/>\n<link rel=\"canonical\" href=\"https:\/\/lacasitaeducativa.shop\/index.php\/producto\/lectura-piramidal\/\" \/>\n<meta property=\"og:locale\" content=\"es_ES\" \/>\n<meta property=\"og:type\" content=\"article\" \/>\n<meta property=\"og:title\" content=\"Lectura piramidal - La Casita Educativa\" \/>\n<meta property=\"og:description\" content=\"Libro innovador dise\u00f1ado para que los ni\u00f1os adquieran fluidez lectora de manera progresiva y natural en formato piramidal.\" \/>\n<meta property=\"og:url\" content=\"https:\/\/lacasitaeducativa.shop\/index.php\/producto\/lectura-piramidal\/\" \/>\n<meta property=\"og:site_name\" content=\"La Casita Educativa\" \/>\n<meta property=\"article:modified_time\" content=\"2025-09-15T12:28:32+00:00\" \/>\n<meta property=\"og:image\" content=\"https:\/\/lacasitaeducativa.shop\/wp-content\/uploads\/2025\/04\/fluidez-lectora.jpg\" \/>\n\t<meta property=\"og:image:width\" content=\"1080\" \/>\n\t<meta property=\"og:image:height\" content=\"1080\" \/>\n\t<meta property=\"og:image:type\" content=\"image\/jpeg\" \/>\n<meta name=\"twitter:card\" content=\"summary_large_image\" \/>\n<meta name=\"twitter:label1\" content=\"Tiempo de lectura\" \/>\n\t<meta name=\"twitter:data1\" content=\"2 minutos\" \/>\n<script type=\"application\/ld+json\" class=\"yoast-schema-graph\">{\"@context\":\"https:\/\/schema.org\",\"@graph\":[{\"@type\":\"WebPage\",\"@id\":\"https:\/\/lacasitaeducativa.shop\/index.php\/producto\/lectura-piramidal\/\",\"url\":\"https:\/\/lacasitaeducativa.shop\/index.php\/producto\/lectura-piramidal\/\",\"name\":\"Lectura piramidal - La Casita Educativa\",\"isPartOf\":{\"@id\":\"https:\/\/lacasitaeducativa.shop\/#website\"},\"primaryImageOfPage\":{\"@id\":\"https:\/\/lacasitaeducativa.shop\/index.php\/producto\/lectura-piramidal\/#primaryimage\"},\"image\":{\"@id\":\"https:\/\/lacasitaeducativa.shop\/index.php\/producto\/lectura-piramidal\/#primaryimage\"},\"thumbnailUrl\":\"https:\/\/lacasitaeducativa.shop\/wp-content\/uploads\/2025\/04\/fluidez-lectora.jpg\",\"datePublished\":\"2025-05-08T13:21:59+00:00\",\"dateModified\":\"2025-09-15T12:28:32+00:00\",\"description\":\"Libro innovador dise\u00f1ado para que los ni\u00f1os adquieran fluidez lectora de manera progresiva y natural en formato piramidal.\",\"breadcrumb\":{\"@id\":\"https:\/\/lacasitaeducativa.shop\/index.php\/producto\/lectura-piramidal\/#breadcrumb\"},\"inLanguage\":\"es\",\"potentialAction\":[{\"@type\":\"ReadAction\",\"target\":[\"https:\/\/lacasitaeducativa.shop\/index.php\/producto\/lectura-piramidal\/\"]}]},{\"@type\":\"ImageObject\",\"inLanguage\":\"es\",\"@id\":\"https:\/\/lacasitaeducativa.shop\/index.php\/producto\/lectura-piramidal\/#primaryimage\",\"url\":\"https:\/\/lacasitaeducativa.shop\/wp-content\/uploads\/2025\/04\/fluidez-lectora.jpg\",\"contentUrl\":\"https:\/\/lacasitaeducativa.shop\/wp-content\/uploads\/2025\/04\/fluidez-lectora.jpg\",\"width\":1080,\"height\":1080,\"caption\":\"Lectura piramidal\"},{\"@type\":\"BreadcrumbList\",\"@id\":\"https:\/\/lacasitaeducativa.shop\/index.php\/producto\/lectura-piramidal\/#breadcrumb\",\"itemListElement\":[{\"@type\":\"ListItem\",\"position\":1,\"name\":\"Portada\",\"item\":\"https:\/\/lacasitaeducativa.shop\/\"},{\"@type\":\"ListItem\",\"position\":2,\"name\":\"Recursos\",\"item\":\"https:\/\/lacasitaeducativa.shop\/index.php\/tienda\/\"},{\"@type\":\"ListItem\",\"position\":3,\"name\":\"Lectura piramidal\"}]},{\"@type\":\"WebSite\",\"@id\":\"https:\/\/lacasitaeducativa.shop\/#website\",\"url\":\"https:\/\/lacasitaeducativa.shop\/\",\"name\":\"La Casita Educativa\",\"description\":\"En esta casita encontrar\u00e9is todo tipo de recursos educativos infantiles, desde manualidades hasta actividades, juegos, cuentos, idiomas, adivinanzas y otros.\",\"publisher\":{\"@id\":\"https:\/\/lacasitaeducativa.shop\/#organization\"},\"potentialAction\":[{\"@type\":\"SearchAction\",\"target\":{\"@type\":\"EntryPoint\",\"urlTemplate\":\"https:\/\/lacasitaeducativa.shop\/?s={search_term_string}\"},\"query-input\":{\"@type\":\"PropertyValueSpecification\",\"valueRequired\":true,\"valueName\":\"search_term_string\"}}],\"inLanguage\":\"es\"},{\"@type\":\"Organization\",\"@id\":\"https:\/\/lacasitaeducativa.shop\/#organization\",\"name\":\"La Casita Educativa - LACASITAEDUCATIVA.SHOP\",\"url\":\"https:\/\/lacasitaeducativa.shop\/\",\"logo\":{\"@type\":\"ImageObject\",\"inLanguage\":\"es\",\"@id\":\"https:\/\/lacasitaeducativa.shop\/#\/schema\/logo\/image\/\",\"url\":\"https:\/\/lacasitaeducativa.shop\/wp-content\/uploads\/2020\/08\/Logos-la-casita-educativa-2-1.png\",\"contentUrl\":\"https:\/\/lacasitaeducativa.shop\/wp-content\/uploads\/2020\/08\/Logos-la-casita-educativa-2-1.png\",\"width\":500,\"height\":500,\"caption\":\"La Casita Educativa - LACASITAEDUCATIVA.SHOP\"},\"image\":{\"@id\":\"https:\/\/lacasitaeducativa.shop\/#\/schema\/logo\/image\/\"}}]}<\/script>\n<!-- \/ Yoast SEO plugin. -->","yoast_head_json":{"title":"Lectura piramidal - La Casita Educativa","description":"Libro innovador dise\u00f1ado para que los ni\u00f1os adquieran fluidez lectora de manera progresiva y natural en formato piramidal.","robots":{"index":"index","follow":"follow","max-snippet":"max-snippet:-1","max-image-preview":"max-image-preview:large","max-video-preview":"max-video-preview:-1"},"canonical":"https:\/\/lacasitaeducativa.shop\/index.php\/producto\/lectura-piramidal\/","og_locale":"es_ES","og_type":"article","og_title":"Lectura piramidal - La Casita Educativa","og_description":"Libro innovador dise\u00f1ado para que los ni\u00f1os adquieran fluidez lectora de manera progresiva y natural en formato piramidal.","og_url":"https:\/\/lacasitaeducativa.shop\/index.php\/producto\/lectura-piramidal\/","og_site_name":"La Casita Educativa","article_modified_time":"2025-09-15T12:28:32+00:00","og_image":[{"width":1080,"height":1080,"url":"https:\/\/lacasitaeducativa.shop\/wp-content\/uploads\/2025\/04\/fluidez-lectora.jpg","type":"image\/jpeg"}],"twitter_card":"summary_large_image","twitter_misc":{"Tiempo de lectura":"2 minutos"},"schema":{"@context":"https:\/\/schema.org","@graph":[{"@type":"WebPage","@id":"https:\/\/lacasitaeducativa.shop\/index.php\/producto\/lectura-piramidal\/","url":"https:\/\/lacasitaeducativa.shop\/index.php\/producto\/lectura-piramidal\/","name":"Lectura piramidal - La Casita Educativa","isPartOf":{"@id":"https:\/\/lacasitaeducativa.shop\/#website"},"primaryImageOfPage":{"@id":"https:\/\/lacasitaeducativa.shop\/index.php\/producto\/lectura-piramidal\/#primaryimage"},"image":{"@id":"https:\/\/lacasitaeducativa.shop\/index.php\/producto\/lectura-piramidal\/#primaryimage"},"thumbnailUrl":"https:\/\/lacasitaeducativa.shop\/wp-content\/uploads\/2025\/04\/fluidez-lectora.jpg","datePublished":"2025-05-08T13:21:59+00:00","dateModified":"2025-09-15T12:28:32+00:00","description":"Libro innovador dise\u00f1ado para que los ni\u00f1os adquieran fluidez lectora de manera progresiva y natural en formato piramidal.","breadcrumb":{"@id":"https:\/\/lacasitaeducativa.shop\/index.php\/producto\/lectura-piramidal\/#breadcrumb"},"inLanguage":"es","potentialAction":[{"@type":"ReadAction","target":["https:\/\/lacasitaeducativa.shop\/index.php\/producto\/lectura-piramidal\/"]}]},{"@type":"ImageObject","inLanguage":"es","@id":"https:\/\/lacasitaeducativa.shop\/index.php\/producto\/lectura-piramidal\/#primaryimage","url":"https:\/\/lacasitaeducativa.shop\/wp-content\/uploads\/2025\/04\/fluidez-lectora.jpg","contentUrl":"https:\/\/lacasitaeducativa.shop\/wp-content\/uploads\/2025\/04\/fluidez-lectora.jpg","width":1080,"height":1080,"caption":"Lectura piramidal"},{"@type":"BreadcrumbList","@id":"https:\/\/lacasitaeducativa.shop\/index.php\/producto\/lectura-piramidal\/#breadcrumb","itemListElement":[{"@type":"ListItem","position":1,"name":"Portada","item":"https:\/\/lacasitaeducativa.shop\/"},{"@type":"ListItem","position":2,"name":"Recursos","item":"https:\/\/lacasitaeducativa.shop\/index.php\/tienda\/"},{"@type":"ListItem","position":3,"name":"Lectura piramidal"}]},{"@type":"WebSite","@id":"https:\/\/lacasitaeducativa.shop\/#website","url":"https:\/\/lacasitaeducativa.shop\/","name":"La Casita Educativa","description":"En esta casita encontrar\u00e9is todo tipo de recursos educativos infantiles, desde manualidades hasta actividades, juegos, cuentos, idiomas, adivinanzas y otros.","publisher":{"@id":"https:\/\/lacasitaeducativa.shop\/#organization"},"potentialAction":[{"@type":"SearchAction","target":{"@type":"EntryPoint","urlTemplate":"https:\/\/lacasitaeducativa.shop\/?s={search_term_string}"},"query-input":{"@type":"PropertyValueSpecification","valueRequired":true,"valueName":"search_term_string"}}],"inLanguage":"es"},{"@type":"Organization","@id":"https:\/\/lacasitaeducativa.shop\/#organization","name":"La Casita Educativa - LACASITAEDUCATIVA.SHOP","url":"https:\/\/lacasitaeducativa.shop\/","logo":{"@type":"ImageObject","inLanguage":"es","@id":"https:\/\/lacasitaeducativa.shop\/#\/schema\/logo\/image\/","url":"https:\/\/lacasitaeducativa.shop\/wp-content\/uploads\/2020\/08\/Logos-la-casita-educativa-2-1.png","contentUrl":"https:\/\/lacasitaeducativa.shop\/wp-content\/uploads\/2020\/08\/Logos-la-casita-educativa-2-1.png","width":500,"height":500,"caption":"La Casita Educativa - LACASITAEDUCATIVA.SHOP"},"image":{"@id":"https:\/\/lacasitaeducativa.shop\/#\/schema\/logo\/image\/"}}]}},"_links":{"self":[{"href":"https:\/\/lacasitaeducativa.shop\/index.php\/wp-json\/wp\/v2\/product\/441437","targetHints":{"allow":["GET"]}}],"collection":[{"href":"https:\/\/lacasitaeducativa.shop\/index.php\/wp-json\/wp\/v2\/product"}],"about":[{"href":"https:\/\/lacasitaeducativa.shop\/index.php\/wp-json\/wp\/v2\/types\/product"}],"replies":[{"embeddable":true,"href":"https:\/\/lacasitaeducativa.shop\/index.php\/wp-json\/wp\/v2\/comments?post=441437"}],"wp:featuredmedia":[{"embeddable":true,"href":"https:\/\/lacasitaeducativa.shop\/index.php\/wp-json\/wp\/v2\/media\/441981"}],"wp:attachment":[{"href":"https:\/\/lacasitaeducativa.shop\/index.php\/wp-json\/wp\/v2\/media?parent=441437"}],"wp:term":[{"taxonomy":"product_brand","embeddable":true,"href":"https:\/\/lacasitaeducativa.shop\/index.php\/wp-json\/wp\/v2\/product_brand?post=441437"},{"taxonomy":"product_cat","embeddable":true,"href":"https:\/\/lacasitaeducativa.shop\/index.php\/wp-json\/wp\/v2\/product_cat?post=441437"},{"taxonomy":"product_tag","embeddable":true,"href":"https:\/\/lacasitaeducativa.shop\/index.php\/wp-json\/wp\/v2\/product_tag?post=441437"}],"curies":[{"name":"wp","href":"https:\/\/api.w.org\/{rel}","templated":true}]}}