{"id":476998,"date":"2025-10-23T12:53:15","date_gmt":"2025-10-23T12:53:15","guid":{"rendered":"https:\/\/lacasitaeducativa.shop\/?post_type=product&#038;p=476998"},"modified":"2025-10-23T12:53:15","modified_gmt":"2025-10-23T12:53:15","slug":"pasapalabra-de-otono","status":"publish","type":"product","link":"https:\/\/lacasitaeducativa.shop\/index.php\/producto\/pasapalabra-de-otono\/","title":{"rendered":"Pasapalabra de oto\u00f1o"},"content":{"rendered":"<p><strong>CONTENIDO<\/strong><\/p>\n<p>El juego contiene:<\/p>\n<ul>\n<li>26 Tarjetas con definiciones relacionadas con el oto\u00f1o.<\/li>\n<li>26 hojas de oto\u00f1o de colores con las diferentes letras del abecedario para crear el rosco oto\u00f1al. (El rosco puedes hacerlo como m\u00e1s te guste, con cart\u00f3n, usando un aro, etc).<\/li>\n<\/ul>\n<p><strong>FUNCIONAMIENTO<\/strong><\/p>\n<p data-start=\"40\" data-end=\"71\"><strong data-start=\"40\" data-end=\"71\">\u00bfC\u00f3mo se juega a Pasapalabra oto\u00f1al?<\/strong><\/p>\n<ol data-start=\"72\" data-end=\"533\">\n<li data-start=\"72\" data-end=\"115\">\n<p data-start=\"75\" data-end=\"115\">Preparamos el rosco con las hojas de la A a la Z.<\/p>\n<\/li>\n<li data-start=\"116\" data-end=\"203\">\n<p data-start=\"119\" data-end=\"203\"><span data-start=\"138\" data-end=\"161\">Una persona lee las <strong>p<\/strong><\/span><strong data-start=\"138\" data-end=\"161\">istas\/definiciones<\/strong>: \u201c<strong data-start=\"164\" data-end=\"176\">Con la A<\/strong>\u2026\u201d, \u201c<strong data-start=\"181\" data-end=\"198\">Contiene la \u00d1<\/strong>\u2026\u201d.<\/p>\n<\/li>\n<li data-start=\"204\" data-end=\"330\">\n<p data-start=\"207\" data-end=\"330\">El jugador debe responder <strong data-start=\"233\" data-end=\"247\">la palabra<\/strong> correcta. Si no la sabe, dice <strong data-start=\"278\" data-end=\"295\">\u201cpasapalabra\u201d<\/strong> y se salta a la siguiente letra.<\/p>\n<\/li>\n<li data-start=\"331\" data-end=\"432\">\n<p data-start=\"334\" data-end=\"432\">Al final de la ronda, se vuelve a las letras pendientes hasta agotar <strong data-start=\"403\" data-end=\"413\">tiempo<\/strong> (o 2\u20133 vueltas).<\/p>\n<\/li>\n<li data-start=\"433\" data-end=\"533\">\n<p data-start=\"436\" data-end=\"533\"><strong data-start=\"436\" data-end=\"450\">Puntuaci\u00f3n<\/strong>: +1 por acierto. Gana quien m\u00e1s aciertos tenga (o el equipo con mayor puntuaci\u00f3n).<\/p>\n<\/li>\n<\/ol>\n<p data-start=\"535\" data-end=\"738\"><strong data-start=\"535\" data-end=\"561\">Modo equipos (r\u00e1pido):<\/strong> cada equipo tiene su turno; si falla, <strong data-start=\"600\" data-end=\"610\">rebote<\/strong> al otro.<\/p>\n<p><strong>IDIOMA<\/strong><\/p>\n<p>Castellano y catal\u00e1n<\/p>\n<p><strong>EDAD RECOMENDADA<\/strong><\/p>\n<p>Juego recomendado a partir de 6 a\u00f1os.<\/p>\n","protected":false},"excerpt":{"rendered":"<p>Juego educativo ideal para aprender jugando con tem\u00e1tica de oto\u00f1o. Es como el programa de televisi\u00f3n de \u00abPasapalabra\u00bb pero con palabras y\u00a0 definiciones relacionadas con la estaci\u00f3n del oto\u00f1o.<\/p>\n<p>Recomendado a partir de 6 a\u00f1os.<\/p>\n<p><script async src=\"https:\/\/pagead2.googlesyndication.com\/pagead\/js\/adsbygoogle.js\"><\/script><br \/>\n<!-- Horizontal-Adaptable --><br \/>\n<ins class=\"adsbygoogle\" style=\"display: block;\" data-ad-client=\"ca-pub-1103545772104863\" data-ad-slot=\"5194289265\" data-ad-format=\"auto\" data-full-width-responsive=\"true\"><\/ins><br \/>\n<script>\n     (adsbygoogle = window.adsbygoogle || []).push({});\n<\/script><\/p>\n","protected":false},"featured_media":477006,"comment_status":"open","ping_status":"closed","template":"","meta":{"site-sidebar-layout":"default","site-content-layout":"","ast-site-content-layout":"default","site-content-style":"default","site-sidebar-style":"default","ast-global-header-display":"","ast-banner-title-visibility":"","ast-main-header-display":"","ast-hfb-above-header-display":"","ast-hfb-below-header-display":"","ast-hfb-mobile-header-display":"","site-post-title":"","ast-breadcrumbs-content":"","ast-featured-img":"","footer-sml-layout":"","ast-disable-related-posts":"","theme-transparent-header-meta":"default","adv-header-id-meta":"","stick-header-meta":"","header-above-stick-meta":"","header-main-stick-meta":"","header-below-stick-meta":"","astra-migrate-meta-layouts":"set","ast-page-background-enabled":"default","ast-page-background-meta":{"desktop":{"background-color":"","background-image":"","background-repeat":"repeat","background-position":"center center","background-size":"auto","background-attachment":"scroll","background-type":"","background-media":"","overlay-type":"","overlay-color":"","overlay-opacity":"","overlay-gradient":""},"tablet":{"background-color":"","background-image":"","background-repeat":"repeat","background-position":"center center","background-size":"auto","background-attachment":"scroll","background-type":"","background-media":"","overlay-type":"","overlay-color":"","overlay-opacity":"","overlay-gradient":""},"mobile":{"background-color":"","background-image":"","background-repeat":"repeat","background-position":"center center","background-size":"auto","background-attachment":"scroll","background-type":"","background-media":"","overlay-type":"","overlay-color":"","overlay-opacity":"","overlay-gradient":""}},"ast-content-background-meta":{"desktop":{"background-color":"var(--ast-global-color-5)","background-image":"","background-repeat":"repeat","background-position":"center center","background-size":"auto","background-attachment":"scroll","background-type":"","background-media":"","overlay-type":"","overlay-color":"","overlay-opacity":"","overlay-gradient":""},"tablet":{"background-color":"var(--ast-global-color-5)","background-image":"","background-repeat":"repeat","background-position":"center center","background-size":"auto","background-attachment":"scroll","background-type":"","background-media":"","overlay-type":"","overlay-color":"","overlay-opacity":"","overlay-gradient":""},"mobile":{"background-color":"var(--ast-global-color-5)","background-image":"","background-repeat":"repeat","background-position":"center center","background-size":"auto","background-attachment":"scroll","background-type":"","background-media":"","overlay-type":"","overlay-color":"","overlay-opacity":"","overlay-gradient":""}}},"product_brand":[],"product_cat":[84,92],"product_tag":[138,121,100],"class_list":{"0":"post-476998","1":"product","2":"type-product","3":"status-publish","4":"has-post-thumbnail","6":"product_cat-juegos-educativos","7":"product_cat-aprender-a-contar-con-el-otono","8":"product_tag-juego","9":"product_tag-juegoeducativo","10":"product_tag-otono","11":"desktop-align-left","12":"tablet-align-left","13":"mobile-align-left","15":"first","16":"instock","17":"downloadable","18":"virtual","19":"taxable","20":"purchasable","21":"product-type-simple"},"yoast_head":"<!-- This site is optimized with the Yoast SEO plugin v26.8 - https:\/\/yoast.com\/product\/yoast-seo-wordpress\/ -->\n<title>Pasapalabra de oto\u00f1o - La Casita Educativa<\/title>\n<meta name=\"description\" content=\"Juego educativo como &quot;pasapalabra&quot; pero con tem\u00e1tica de oto\u00f1o. Contiene palabras y\u00a0 definiciones de la estaci\u00f3n del oto\u00f1o.\" \/>\n<meta name=\"robots\" content=\"index, follow, max-snippet:-1, max-image-preview:large, max-video-preview:-1\" \/>\n<link rel=\"canonical\" href=\"https:\/\/lacasitaeducativa.shop\/index.php\/producto\/pasapalabra-de-otono\/\" \/>\n<meta property=\"og:locale\" content=\"es_ES\" \/>\n<meta property=\"og:type\" content=\"article\" \/>\n<meta property=\"og:title\" content=\"Pasapalabra de oto\u00f1o - La Casita Educativa\" \/>\n<meta property=\"og:description\" content=\"Juego educativo como &quot;pasapalabra&quot; pero con tem\u00e1tica de oto\u00f1o. Contiene palabras y\u00a0 definiciones de la estaci\u00f3n del oto\u00f1o.\" \/>\n<meta property=\"og:url\" content=\"https:\/\/lacasitaeducativa.shop\/index.php\/producto\/pasapalabra-de-otono\/\" \/>\n<meta property=\"og:site_name\" content=\"La Casita Educativa\" \/>\n<meta property=\"og:image\" content=\"https:\/\/lacasitaeducativa.shop\/wp-content\/uploads\/2025\/10\/Pasapalabra-otono-3.jpg\" \/>\n\t<meta property=\"og:image:width\" content=\"940\" \/>\n\t<meta property=\"og:image:height\" content=\"788\" \/>\n\t<meta property=\"og:image:type\" content=\"image\/jpeg\" \/>\n<meta name=\"twitter:card\" content=\"summary_large_image\" \/>\n<meta name=\"twitter:label1\" content=\"Tiempo de lectura\" \/>\n\t<meta name=\"twitter:data1\" content=\"1 minuto\" \/>\n<script type=\"application\/ld+json\" class=\"yoast-schema-graph\">{\"@context\":\"https:\/\/schema.org\",\"@graph\":[{\"@type\":\"WebPage\",\"@id\":\"https:\/\/lacasitaeducativa.shop\/index.php\/producto\/pasapalabra-de-otono\/\",\"url\":\"https:\/\/lacasitaeducativa.shop\/index.php\/producto\/pasapalabra-de-otono\/\",\"name\":\"Pasapalabra de oto\u00f1o - La Casita Educativa\",\"isPartOf\":{\"@id\":\"https:\/\/lacasitaeducativa.shop\/#website\"},\"primaryImageOfPage\":{\"@id\":\"https:\/\/lacasitaeducativa.shop\/index.php\/producto\/pasapalabra-de-otono\/#primaryimage\"},\"image\":{\"@id\":\"https:\/\/lacasitaeducativa.shop\/index.php\/producto\/pasapalabra-de-otono\/#primaryimage\"},\"thumbnailUrl\":\"https:\/\/lacasitaeducativa.shop\/wp-content\/uploads\/2025\/10\/Pasapalabra-otono-3.jpg\",\"datePublished\":\"2025-10-23T12:53:15+00:00\",\"description\":\"Juego educativo como \\\"pasapalabra\\\" pero con tem\u00e1tica de oto\u00f1o. Contiene palabras y\u00a0 definiciones de la estaci\u00f3n del oto\u00f1o.\",\"breadcrumb\":{\"@id\":\"https:\/\/lacasitaeducativa.shop\/index.php\/producto\/pasapalabra-de-otono\/#breadcrumb\"},\"inLanguage\":\"es\",\"potentialAction\":[{\"@type\":\"ReadAction\",\"target\":[\"https:\/\/lacasitaeducativa.shop\/index.php\/producto\/pasapalabra-de-otono\/\"]}]},{\"@type\":\"ImageObject\",\"inLanguage\":\"es\",\"@id\":\"https:\/\/lacasitaeducativa.shop\/index.php\/producto\/pasapalabra-de-otono\/#primaryimage\",\"url\":\"https:\/\/lacasitaeducativa.shop\/wp-content\/uploads\/2025\/10\/Pasapalabra-otono-3.jpg\",\"contentUrl\":\"https:\/\/lacasitaeducativa.shop\/wp-content\/uploads\/2025\/10\/Pasapalabra-otono-3.jpg\",\"width\":940,\"height\":788,\"caption\":\"Juego educativo de oto\u00f1o\"},{\"@type\":\"BreadcrumbList\",\"@id\":\"https:\/\/lacasitaeducativa.shop\/index.php\/producto\/pasapalabra-de-otono\/#breadcrumb\",\"itemListElement\":[{\"@type\":\"ListItem\",\"position\":1,\"name\":\"Portada\",\"item\":\"https:\/\/lacasitaeducativa.shop\/\"},{\"@type\":\"ListItem\",\"position\":2,\"name\":\"Recursos\",\"item\":\"https:\/\/lacasitaeducativa.shop\/index.php\/tienda\/\"},{\"@type\":\"ListItem\",\"position\":3,\"name\":\"Pasapalabra de oto\u00f1o\"}]},{\"@type\":\"WebSite\",\"@id\":\"https:\/\/lacasitaeducativa.shop\/#website\",\"url\":\"https:\/\/lacasitaeducativa.shop\/\",\"name\":\"La Casita Educativa\",\"description\":\"En esta casita encontrar\u00e9is todo tipo de recursos educativos infantiles, desde manualidades hasta actividades, juegos, cuentos, idiomas, adivinanzas y otros.\",\"publisher\":{\"@id\":\"https:\/\/lacasitaeducativa.shop\/#organization\"},\"potentialAction\":[{\"@type\":\"SearchAction\",\"target\":{\"@type\":\"EntryPoint\",\"urlTemplate\":\"https:\/\/lacasitaeducativa.shop\/?s={search_term_string}\"},\"query-input\":{\"@type\":\"PropertyValueSpecification\",\"valueRequired\":true,\"valueName\":\"search_term_string\"}}],\"inLanguage\":\"es\"},{\"@type\":\"Organization\",\"@id\":\"https:\/\/lacasitaeducativa.shop\/#organization\",\"name\":\"La Casita Educativa - LACASITAEDUCATIVA.SHOP\",\"url\":\"https:\/\/lacasitaeducativa.shop\/\",\"logo\":{\"@type\":\"ImageObject\",\"inLanguage\":\"es\",\"@id\":\"https:\/\/lacasitaeducativa.shop\/#\/schema\/logo\/image\/\",\"url\":\"https:\/\/lacasitaeducativa.shop\/wp-content\/uploads\/2020\/08\/Logos-la-casita-educativa-2-1.png\",\"contentUrl\":\"https:\/\/lacasitaeducativa.shop\/wp-content\/uploads\/2020\/08\/Logos-la-casita-educativa-2-1.png\",\"width\":500,\"height\":500,\"caption\":\"La Casita Educativa - LACASITAEDUCATIVA.SHOP\"},\"image\":{\"@id\":\"https:\/\/lacasitaeducativa.shop\/#\/schema\/logo\/image\/\"}}]}<\/script>\n<!-- \/ Yoast SEO plugin. -->","yoast_head_json":{"title":"Pasapalabra de oto\u00f1o - La Casita Educativa","description":"Juego educativo como \"pasapalabra\" pero con tem\u00e1tica de oto\u00f1o. Contiene palabras y\u00a0 definiciones de la estaci\u00f3n del oto\u00f1o.","robots":{"index":"index","follow":"follow","max-snippet":"max-snippet:-1","max-image-preview":"max-image-preview:large","max-video-preview":"max-video-preview:-1"},"canonical":"https:\/\/lacasitaeducativa.shop\/index.php\/producto\/pasapalabra-de-otono\/","og_locale":"es_ES","og_type":"article","og_title":"Pasapalabra de oto\u00f1o - La Casita Educativa","og_description":"Juego educativo como \"pasapalabra\" pero con tem\u00e1tica de oto\u00f1o. Contiene palabras y\u00a0 definiciones de la estaci\u00f3n del oto\u00f1o.","og_url":"https:\/\/lacasitaeducativa.shop\/index.php\/producto\/pasapalabra-de-otono\/","og_site_name":"La Casita Educativa","og_image":[{"width":940,"height":788,"url":"https:\/\/lacasitaeducativa.shop\/wp-content\/uploads\/2025\/10\/Pasapalabra-otono-3.jpg","type":"image\/jpeg"}],"twitter_card":"summary_large_image","twitter_misc":{"Tiempo de lectura":"1 minuto"},"schema":{"@context":"https:\/\/schema.org","@graph":[{"@type":"WebPage","@id":"https:\/\/lacasitaeducativa.shop\/index.php\/producto\/pasapalabra-de-otono\/","url":"https:\/\/lacasitaeducativa.shop\/index.php\/producto\/pasapalabra-de-otono\/","name":"Pasapalabra de oto\u00f1o - La Casita Educativa","isPartOf":{"@id":"https:\/\/lacasitaeducativa.shop\/#website"},"primaryImageOfPage":{"@id":"https:\/\/lacasitaeducativa.shop\/index.php\/producto\/pasapalabra-de-otono\/#primaryimage"},"image":{"@id":"https:\/\/lacasitaeducativa.shop\/index.php\/producto\/pasapalabra-de-otono\/#primaryimage"},"thumbnailUrl":"https:\/\/lacasitaeducativa.shop\/wp-content\/uploads\/2025\/10\/Pasapalabra-otono-3.jpg","datePublished":"2025-10-23T12:53:15+00:00","description":"Juego educativo como \"pasapalabra\" pero con tem\u00e1tica de oto\u00f1o. Contiene palabras y\u00a0 definiciones de la estaci\u00f3n del oto\u00f1o.","breadcrumb":{"@id":"https:\/\/lacasitaeducativa.shop\/index.php\/producto\/pasapalabra-de-otono\/#breadcrumb"},"inLanguage":"es","potentialAction":[{"@type":"ReadAction","target":["https:\/\/lacasitaeducativa.shop\/index.php\/producto\/pasapalabra-de-otono\/"]}]},{"@type":"ImageObject","inLanguage":"es","@id":"https:\/\/lacasitaeducativa.shop\/index.php\/producto\/pasapalabra-de-otono\/#primaryimage","url":"https:\/\/lacasitaeducativa.shop\/wp-content\/uploads\/2025\/10\/Pasapalabra-otono-3.jpg","contentUrl":"https:\/\/lacasitaeducativa.shop\/wp-content\/uploads\/2025\/10\/Pasapalabra-otono-3.jpg","width":940,"height":788,"caption":"Juego educativo de oto\u00f1o"},{"@type":"BreadcrumbList","@id":"https:\/\/lacasitaeducativa.shop\/index.php\/producto\/pasapalabra-de-otono\/#breadcrumb","itemListElement":[{"@type":"ListItem","position":1,"name":"Portada","item":"https:\/\/lacasitaeducativa.shop\/"},{"@type":"ListItem","position":2,"name":"Recursos","item":"https:\/\/lacasitaeducativa.shop\/index.php\/tienda\/"},{"@type":"ListItem","position":3,"name":"Pasapalabra de oto\u00f1o"}]},{"@type":"WebSite","@id":"https:\/\/lacasitaeducativa.shop\/#website","url":"https:\/\/lacasitaeducativa.shop\/","name":"La Casita Educativa","description":"En esta casita encontrar\u00e9is todo tipo de recursos educativos infantiles, desde manualidades hasta actividades, juegos, cuentos, idiomas, adivinanzas y otros.","publisher":{"@id":"https:\/\/lacasitaeducativa.shop\/#organization"},"potentialAction":[{"@type":"SearchAction","target":{"@type":"EntryPoint","urlTemplate":"https:\/\/lacasitaeducativa.shop\/?s={search_term_string}"},"query-input":{"@type":"PropertyValueSpecification","valueRequired":true,"valueName":"search_term_string"}}],"inLanguage":"es"},{"@type":"Organization","@id":"https:\/\/lacasitaeducativa.shop\/#organization","name":"La Casita Educativa - LACASITAEDUCATIVA.SHOP","url":"https:\/\/lacasitaeducativa.shop\/","logo":{"@type":"ImageObject","inLanguage":"es","@id":"https:\/\/lacasitaeducativa.shop\/#\/schema\/logo\/image\/","url":"https:\/\/lacasitaeducativa.shop\/wp-content\/uploads\/2020\/08\/Logos-la-casita-educativa-2-1.png","contentUrl":"https:\/\/lacasitaeducativa.shop\/wp-content\/uploads\/2020\/08\/Logos-la-casita-educativa-2-1.png","width":500,"height":500,"caption":"La Casita Educativa - LACASITAEDUCATIVA.SHOP"},"image":{"@id":"https:\/\/lacasitaeducativa.shop\/#\/schema\/logo\/image\/"}}]}},"_links":{"self":[{"href":"https:\/\/lacasitaeducativa.shop\/index.php\/wp-json\/wp\/v2\/product\/476998","targetHints":{"allow":["GET"]}}],"collection":[{"href":"https:\/\/lacasitaeducativa.shop\/index.php\/wp-json\/wp\/v2\/product"}],"about":[{"href":"https:\/\/lacasitaeducativa.shop\/index.php\/wp-json\/wp\/v2\/types\/product"}],"replies":[{"embeddable":true,"href":"https:\/\/lacasitaeducativa.shop\/index.php\/wp-json\/wp\/v2\/comments?post=476998"}],"wp:featuredmedia":[{"embeddable":true,"href":"https:\/\/lacasitaeducativa.shop\/index.php\/wp-json\/wp\/v2\/media\/477006"}],"wp:attachment":[{"href":"https:\/\/lacasitaeducativa.shop\/index.php\/wp-json\/wp\/v2\/media?parent=476998"}],"wp:term":[{"taxonomy":"product_brand","embeddable":true,"href":"https:\/\/lacasitaeducativa.shop\/index.php\/wp-json\/wp\/v2\/product_brand?post=476998"},{"taxonomy":"product_cat","embeddable":true,"href":"https:\/\/lacasitaeducativa.shop\/index.php\/wp-json\/wp\/v2\/product_cat?post=476998"},{"taxonomy":"product_tag","embeddable":true,"href":"https:\/\/lacasitaeducativa.shop\/index.php\/wp-json\/wp\/v2\/product_tag?post=476998"}],"curies":[{"name":"wp","href":"https:\/\/api.w.org\/{rel}","templated":true}]}}