{"id":492013,"date":"2025-12-09T13:10:24","date_gmt":"2025-12-09T13:10:24","guid":{"rendered":"https:\/\/lacasitaeducativa.shop\/?post_type=product&#038;p=492013"},"modified":"2026-04-14T13:25:08","modified_gmt":"2026-04-14T13:25:08","slug":"marcapaginas-para-ninos","status":"publish","type":"product","link":"https:\/\/lacasitaeducativa.shop\/index.php\/producto\/marcapaginas-para-ninos\/","title":{"rendered":"Marcap\u00e1ginas motivadores y creativos para ni\u00f1os"},"content":{"rendered":"<p><strong>CONTENIDO<\/strong><\/p>\n<p>El material contiene:<\/p>\n<ul>\n<li>3 puntos de libro, uno por cada personaje de las guerreras.<\/li>\n<li>2 puntos de libro, uno de Stich y otro de \u00c1ngel.<\/li>\n<\/ul>\n<p data-start=\"922\" data-end=\"956\">\u2728 <strong data-start=\"924\" data-end=\"954\">\u00bfQu\u00e9 incluye este recurso?<\/strong><\/p>\n<ul>\n<li style=\"list-style-type: none;\">\n<ul data-start=\"366\" data-end=\"678\">\n<li data-section-id=\"8095c4\" data-start=\"366\" data-end=\"408\">Puntos de libro con dise\u00f1o \u201cGuerreras\u201d<\/li>\n<li data-section-id=\"1e1krqx\" data-start=\"409\" data-end=\"448\">Ilustraciones modernas y atractivas<\/li>\n<li data-section-id=\"nwj25v\" data-start=\"449\" data-end=\"598\"><strong data-start=\"451\" data-end=\"546\">Incluye tambi\u00e9n algunos puntos de libro inspirados en <span class=\"hover:entity-accent entity-underline inline cursor-pointer align-baseline\"><span class=\"whitespace-normal\">Stitch<\/span><\/span><\/strong>, uno de los personajes m\u00e1s queridos por los ni\u00f1os<\/li>\n<li data-section-id=\"4hpu39\" data-start=\"599\" data-end=\"631\">Material listo para imprimir<\/li>\n<li data-section-id=\"rbhf7t\" data-start=\"632\" data-end=\"678\">Recurso motivador para fomentar la lectura<\/li>\n<\/ul>\n<\/li>\n<\/ul>\n<p data-start=\"1172\" data-end=\"1217\">\ud83d\udca1 <strong data-start=\"1175\" data-end=\"1217\">\u00bfPara qu\u00e9 usarlo en el aula o en casa?<\/strong><\/p>\n<ul data-start=\"1218\" data-end=\"1456\">\n<li data-section-id=\"897lsl\" data-start=\"1218\" data-end=\"1271\">Fomentar el <strong data-start=\"1232\" data-end=\"1249\">h\u00e1bito lector<\/strong> de forma motivadora<\/li>\n<li data-section-id=\"bqhuhd\" data-start=\"1272\" data-end=\"1322\">Trabajar la <strong data-start=\"1286\" data-end=\"1320\">autoestima y el empoderamiento<\/strong><\/li>\n<li data-section-id=\"kkryzw\" data-start=\"1323\" data-end=\"1370\">Actividad creativa para momentos tranquilos<\/li>\n<li data-section-id=\"16mf39\" data-start=\"1371\" data-end=\"1409\">Din\u00e1micas para rincones de lectura<\/li>\n<li data-section-id=\"1ow2oso\" data-start=\"1410\" data-end=\"1456\">Regalo personalizado hecho por los alumnos<\/li>\n<\/ul>\n<h4 data-section-id=\"d104oz\" data-start=\"1463\" data-end=\"1502\">\ud83d\udfe2 BENEFICIOS<\/h4>\n<ul data-start=\"1504\" data-end=\"1770\">\n<li data-section-id=\"a097oh\" data-start=\"1504\" data-end=\"1562\">Promueve el <strong data-start=\"1518\" data-end=\"1560\">empoderamiento infantil y la confianza<\/strong><\/li>\n<li data-section-id=\"1pi4m13\" data-start=\"1563\" data-end=\"1627\">Conecta con intereses actuales<\/li>\n<li data-section-id=\"n1fzvn\" data-start=\"1628\" data-end=\"1677\">Favorece la <strong data-start=\"1642\" data-end=\"1675\">motricidad fina y creatividad<\/strong><\/li>\n<li data-section-id=\"vqktw\" data-start=\"1678\" data-end=\"1712\">Ideal para infantil y primaria<\/li>\n<li data-section-id=\"101bhsr\" data-start=\"1713\" data-end=\"1770\">Recurso r\u00e1pido, atractivo y muy diferente a lo t\u00edpico<\/li>\n<\/ul>\n<p>** \u201cIlustraciones generadas con IA, inspiradas en est\u00e9tica K-Pop, no asociadas a ning\u00fan grupo oficial.\u201d<\/p>\n","protected":false},"excerpt":{"rendered":"<p data-start=\"210\" data-end=\"424\">Puntos de libro \u00fanicos inspirados en el estilo de las guerreras K-Pop, creados con <strong data-start=\"310\" data-end=\"355\">ilustraciones originales generadas con IA<\/strong> y <strong data-start=\"358\" data-end=\"383\">sin derechos de autor. <\/strong>Tambi\u00e9n incluye puntos de libro de Stich.<\/p>\n<p data-start=\"426\" data-end=\"610\">Cada dise\u00f1o muestra personajes poderosos y vibrantes que captan la atenci\u00f3n de ni\u00f1os y ni\u00f1as, convirti\u00e9ndolos en una <strong data-start=\"543\" data-end=\"585\">forma fant\u00e1stica de motivar la lectura<\/strong> y hacerla m\u00e1s divertida.<\/p>\n<p data-start=\"612\" data-end=\"680\">\u00a1El complemento perfecto para animar a leer y disfrutar cada p\u00e1gina!<\/p>\n<p><script async src=\"https:\/\/pagead2.googlesyndication.com\/pagead\/js\/adsbygoogle.js\"><\/script><br \/>\n<!-- Horizontal-Adaptable --><br \/>\n<ins class=\"adsbygoogle\" style=\"display: block;\" data-ad-client=\"ca-pub-1103545772104863\" data-ad-slot=\"5194289265\" data-ad-format=\"auto\" data-full-width-responsive=\"true\"><\/ins><br \/>\n<script>\n     (adsbygoogle = window.adsbygoogle || []).push({});\n<\/script><\/p>\n","protected":false},"featured_media":492026,"comment_status":"open","ping_status":"closed","template":"","meta":{"site-sidebar-layout":"default","site-content-layout":"","ast-site-content-layout":"default","site-content-style":"default","site-sidebar-style":"default","ast-global-header-display":"","ast-banner-title-visibility":"","ast-main-header-display":"","ast-hfb-above-header-display":"","ast-hfb-below-header-display":"","ast-hfb-mobile-header-display":"","site-post-title":"","ast-breadcrumbs-content":"","ast-featured-img":"","footer-sml-layout":"","ast-disable-related-posts":"","theme-transparent-header-meta":"default","adv-header-id-meta":"","stick-header-meta":"","header-above-stick-meta":"","header-main-stick-meta":"","header-below-stick-meta":"","astra-migrate-meta-layouts":"set","ast-page-background-enabled":"default","ast-page-background-meta":{"desktop":{"background-color":"","background-image":"","background-repeat":"repeat","background-position":"center center","background-size":"auto","background-attachment":"scroll","background-type":"","background-media":"","overlay-type":"","overlay-color":"","overlay-opacity":"","overlay-gradient":""},"tablet":{"background-color":"","background-image":"","background-repeat":"repeat","background-position":"center center","background-size":"auto","background-attachment":"scroll","background-type":"","background-media":"","overlay-type":"","overlay-color":"","overlay-opacity":"","overlay-gradient":""},"mobile":{"background-color":"","background-image":"","background-repeat":"repeat","background-position":"center center","background-size":"auto","background-attachment":"scroll","background-type":"","background-media":"","overlay-type":"","overlay-color":"","overlay-opacity":"","overlay-gradient":""}},"ast-content-background-meta":{"desktop":{"background-color":"var(--ast-global-color-5)","background-image":"","background-repeat":"repeat","background-position":"center center","background-size":"auto","background-attachment":"scroll","background-type":"","background-media":"","overlay-type":"","overlay-color":"","overlay-opacity":"","overlay-gradient":""},"tablet":{"background-color":"var(--ast-global-color-5)","background-image":"","background-repeat":"repeat","background-position":"center center","background-size":"auto","background-attachment":"scroll","background-type":"","background-media":"","overlay-type":"","overlay-color":"","overlay-opacity":"","overlay-gradient":""},"mobile":{"background-color":"var(--ast-global-color-5)","background-image":"","background-repeat":"repeat","background-position":"center center","background-size":"auto","background-attachment":"scroll","background-type":"","background-media":"","overlay-type":"","overlay-color":"","overlay-opacity":"","overlay-gradient":""}}},"product_brand":[],"product_cat":[420],"product_tag":[739,913,506,505,912,606,328],"class_list":{"0":"post-492013","1":"product","2":"type-product","3":"status-publish","4":"has-post-thumbnail","6":"product_cat-comprension-lectora","7":"product_tag-guerreras","8":"product_tag-guerreraskpop","9":"product_tag-lectura","10":"product_tag-leer","11":"product_tag-marcapaginasstitch","12":"product_tag-motivacion","13":"product_tag-puntosdelibro","14":"desktop-align-left","15":"tablet-align-left","16":"mobile-align-left","18":"first","19":"instock","20":"downloadable","21":"virtual","22":"taxable","23":"purchasable","24":"product-type-simple"},"yoast_head":"<!-- This site is optimized with the Yoast SEO plugin v26.8 - https:\/\/yoast.com\/product\/yoast-seo-wordpress\/ -->\n<title>Marcap\u00e1ginas motivadores y creativos para ni\u00f1os<\/title>\n<meta name=\"description\" content=\"Puntos de libro \u00fanicos inspirados en el estilo de las guerreras K-Pop, creados con ilustraciones originales generadas con IA y sin derechos de autor.\" \/>\n<meta name=\"robots\" content=\"index, follow, max-snippet:-1, max-image-preview:large, max-video-preview:-1\" \/>\n<link rel=\"canonical\" href=\"https:\/\/lacasitaeducativa.shop\/index.php\/producto\/marcapaginas-para-ninos\/\" \/>\n<meta property=\"og:locale\" content=\"es_ES\" \/>\n<meta property=\"og:type\" content=\"article\" \/>\n<meta property=\"og:title\" content=\"Marcap\u00e1ginas motivadores y creativos para ni\u00f1os\" \/>\n<meta property=\"og:description\" content=\"Puntos de libro \u00fanicos inspirados en el estilo de las guerreras K-Pop, creados con ilustraciones originales generadas con IA y sin derechos de autor.\" \/>\n<meta property=\"og:url\" content=\"https:\/\/lacasitaeducativa.shop\/index.php\/producto\/marcapaginas-para-ninos\/\" \/>\n<meta property=\"og:site_name\" content=\"La Casita Educativa\" \/>\n<meta property=\"article:modified_time\" content=\"2026-04-14T13:25:08+00:00\" \/>\n<meta property=\"og:image\" content=\"https:\/\/lacasitaeducativa.shop\/wp-content\/uploads\/2025\/12\/guerreraas-2.jpg\" \/>\n\t<meta property=\"og:image:width\" content=\"1080\" \/>\n\t<meta property=\"og:image:height\" content=\"1080\" \/>\n\t<meta property=\"og:image:type\" content=\"image\/jpeg\" \/>\n<meta name=\"twitter:card\" content=\"summary_large_image\" \/>\n<meta name=\"twitter:label1\" content=\"Tiempo de lectura\" \/>\n\t<meta name=\"twitter:data1\" content=\"1 minuto\" \/>\n<script type=\"application\/ld+json\" class=\"yoast-schema-graph\">{\"@context\":\"https:\/\/schema.org\",\"@graph\":[{\"@type\":\"WebPage\",\"@id\":\"https:\/\/lacasitaeducativa.shop\/index.php\/producto\/marcapaginas-para-ninos\/\",\"url\":\"https:\/\/lacasitaeducativa.shop\/index.php\/producto\/marcapaginas-para-ninos\/\",\"name\":\"Marcap\u00e1ginas motivadores y creativos para ni\u00f1os\",\"isPartOf\":{\"@id\":\"https:\/\/lacasitaeducativa.shop\/#website\"},\"primaryImageOfPage\":{\"@id\":\"https:\/\/lacasitaeducativa.shop\/index.php\/producto\/marcapaginas-para-ninos\/#primaryimage\"},\"image\":{\"@id\":\"https:\/\/lacasitaeducativa.shop\/index.php\/producto\/marcapaginas-para-ninos\/#primaryimage\"},\"thumbnailUrl\":\"https:\/\/lacasitaeducativa.shop\/wp-content\/uploads\/2025\/12\/guerreraas-2.jpg\",\"datePublished\":\"2025-12-09T13:10:24+00:00\",\"dateModified\":\"2026-04-14T13:25:08+00:00\",\"description\":\"Puntos de libro \u00fanicos inspirados en el estilo de las guerreras K-Pop, creados con ilustraciones originales generadas con IA y sin derechos de autor.\",\"breadcrumb\":{\"@id\":\"https:\/\/lacasitaeducativa.shop\/index.php\/producto\/marcapaginas-para-ninos\/#breadcrumb\"},\"inLanguage\":\"es\",\"potentialAction\":[{\"@type\":\"ReadAction\",\"target\":[\"https:\/\/lacasitaeducativa.shop\/index.php\/producto\/marcapaginas-para-ninos\/\"]}]},{\"@type\":\"ImageObject\",\"inLanguage\":\"es\",\"@id\":\"https:\/\/lacasitaeducativa.shop\/index.php\/producto\/marcapaginas-para-ninos\/#primaryimage\",\"url\":\"https:\/\/lacasitaeducativa.shop\/wp-content\/uploads\/2025\/12\/guerreraas-2.jpg\",\"contentUrl\":\"https:\/\/lacasitaeducativa.shop\/wp-content\/uploads\/2025\/12\/guerreraas-2.jpg\",\"width\":1080,\"height\":1080,\"caption\":\"guerreraas 2\"},{\"@type\":\"BreadcrumbList\",\"@id\":\"https:\/\/lacasitaeducativa.shop\/index.php\/producto\/marcapaginas-para-ninos\/#breadcrumb\",\"itemListElement\":[{\"@type\":\"ListItem\",\"position\":1,\"name\":\"Portada\",\"item\":\"https:\/\/lacasitaeducativa.shop\/\"},{\"@type\":\"ListItem\",\"position\":2,\"name\":\"Recursos\",\"item\":\"https:\/\/lacasitaeducativa.shop\/index.php\/tienda\/\"},{\"@type\":\"ListItem\",\"position\":3,\"name\":\"Marcap\u00e1ginas motivadores y creativos para ni\u00f1os\"}]},{\"@type\":\"WebSite\",\"@id\":\"https:\/\/lacasitaeducativa.shop\/#website\",\"url\":\"https:\/\/lacasitaeducativa.shop\/\",\"name\":\"La Casita Educativa\",\"description\":\"En esta casita encontrar\u00e9is todo tipo de recursos educativos infantiles, desde manualidades hasta actividades, juegos, cuentos, idiomas, adivinanzas y otros.\",\"publisher\":{\"@id\":\"https:\/\/lacasitaeducativa.shop\/#organization\"},\"potentialAction\":[{\"@type\":\"SearchAction\",\"target\":{\"@type\":\"EntryPoint\",\"urlTemplate\":\"https:\/\/lacasitaeducativa.shop\/?s={search_term_string}\"},\"query-input\":{\"@type\":\"PropertyValueSpecification\",\"valueRequired\":true,\"valueName\":\"search_term_string\"}}],\"inLanguage\":\"es\"},{\"@type\":\"Organization\",\"@id\":\"https:\/\/lacasitaeducativa.shop\/#organization\",\"name\":\"La Casita Educativa - LACASITAEDUCATIVA.SHOP\",\"url\":\"https:\/\/lacasitaeducativa.shop\/\",\"logo\":{\"@type\":\"ImageObject\",\"inLanguage\":\"es\",\"@id\":\"https:\/\/lacasitaeducativa.shop\/#\/schema\/logo\/image\/\",\"url\":\"https:\/\/lacasitaeducativa.shop\/wp-content\/uploads\/2020\/08\/Logos-la-casita-educativa-2-1.png\",\"contentUrl\":\"https:\/\/lacasitaeducativa.shop\/wp-content\/uploads\/2020\/08\/Logos-la-casita-educativa-2-1.png\",\"width\":500,\"height\":500,\"caption\":\"La Casita Educativa - LACASITAEDUCATIVA.SHOP\"},\"image\":{\"@id\":\"https:\/\/lacasitaeducativa.shop\/#\/schema\/logo\/image\/\"}}]}<\/script>\n<!-- \/ Yoast SEO plugin. -->","yoast_head_json":{"title":"Marcap\u00e1ginas motivadores y creativos para ni\u00f1os","description":"Puntos de libro \u00fanicos inspirados en el estilo de las guerreras K-Pop, creados con ilustraciones originales generadas con IA y sin derechos de autor.","robots":{"index":"index","follow":"follow","max-snippet":"max-snippet:-1","max-image-preview":"max-image-preview:large","max-video-preview":"max-video-preview:-1"},"canonical":"https:\/\/lacasitaeducativa.shop\/index.php\/producto\/marcapaginas-para-ninos\/","og_locale":"es_ES","og_type":"article","og_title":"Marcap\u00e1ginas motivadores y creativos para ni\u00f1os","og_description":"Puntos de libro \u00fanicos inspirados en el estilo de las guerreras K-Pop, creados con ilustraciones originales generadas con IA y sin derechos de autor.","og_url":"https:\/\/lacasitaeducativa.shop\/index.php\/producto\/marcapaginas-para-ninos\/","og_site_name":"La Casita Educativa","article_modified_time":"2026-04-14T13:25:08+00:00","og_image":[{"width":1080,"height":1080,"url":"https:\/\/lacasitaeducativa.shop\/wp-content\/uploads\/2025\/12\/guerreraas-2.jpg","type":"image\/jpeg"}],"twitter_card":"summary_large_image","twitter_misc":{"Tiempo de lectura":"1 minuto"},"schema":{"@context":"https:\/\/schema.org","@graph":[{"@type":"WebPage","@id":"https:\/\/lacasitaeducativa.shop\/index.php\/producto\/marcapaginas-para-ninos\/","url":"https:\/\/lacasitaeducativa.shop\/index.php\/producto\/marcapaginas-para-ninos\/","name":"Marcap\u00e1ginas motivadores y creativos para ni\u00f1os","isPartOf":{"@id":"https:\/\/lacasitaeducativa.shop\/#website"},"primaryImageOfPage":{"@id":"https:\/\/lacasitaeducativa.shop\/index.php\/producto\/marcapaginas-para-ninos\/#primaryimage"},"image":{"@id":"https:\/\/lacasitaeducativa.shop\/index.php\/producto\/marcapaginas-para-ninos\/#primaryimage"},"thumbnailUrl":"https:\/\/lacasitaeducativa.shop\/wp-content\/uploads\/2025\/12\/guerreraas-2.jpg","datePublished":"2025-12-09T13:10:24+00:00","dateModified":"2026-04-14T13:25:08+00:00","description":"Puntos de libro \u00fanicos inspirados en el estilo de las guerreras K-Pop, creados con ilustraciones originales generadas con IA y sin derechos de autor.","breadcrumb":{"@id":"https:\/\/lacasitaeducativa.shop\/index.php\/producto\/marcapaginas-para-ninos\/#breadcrumb"},"inLanguage":"es","potentialAction":[{"@type":"ReadAction","target":["https:\/\/lacasitaeducativa.shop\/index.php\/producto\/marcapaginas-para-ninos\/"]}]},{"@type":"ImageObject","inLanguage":"es","@id":"https:\/\/lacasitaeducativa.shop\/index.php\/producto\/marcapaginas-para-ninos\/#primaryimage","url":"https:\/\/lacasitaeducativa.shop\/wp-content\/uploads\/2025\/12\/guerreraas-2.jpg","contentUrl":"https:\/\/lacasitaeducativa.shop\/wp-content\/uploads\/2025\/12\/guerreraas-2.jpg","width":1080,"height":1080,"caption":"guerreraas 2"},{"@type":"BreadcrumbList","@id":"https:\/\/lacasitaeducativa.shop\/index.php\/producto\/marcapaginas-para-ninos\/#breadcrumb","itemListElement":[{"@type":"ListItem","position":1,"name":"Portada","item":"https:\/\/lacasitaeducativa.shop\/"},{"@type":"ListItem","position":2,"name":"Recursos","item":"https:\/\/lacasitaeducativa.shop\/index.php\/tienda\/"},{"@type":"ListItem","position":3,"name":"Marcap\u00e1ginas motivadores y creativos para ni\u00f1os"}]},{"@type":"WebSite","@id":"https:\/\/lacasitaeducativa.shop\/#website","url":"https:\/\/lacasitaeducativa.shop\/","name":"La Casita Educativa","description":"En esta casita encontrar\u00e9is todo tipo de recursos educativos infantiles, desde manualidades hasta actividades, juegos, cuentos, idiomas, adivinanzas y otros.","publisher":{"@id":"https:\/\/lacasitaeducativa.shop\/#organization"},"potentialAction":[{"@type":"SearchAction","target":{"@type":"EntryPoint","urlTemplate":"https:\/\/lacasitaeducativa.shop\/?s={search_term_string}"},"query-input":{"@type":"PropertyValueSpecification","valueRequired":true,"valueName":"search_term_string"}}],"inLanguage":"es"},{"@type":"Organization","@id":"https:\/\/lacasitaeducativa.shop\/#organization","name":"La Casita Educativa - LACASITAEDUCATIVA.SHOP","url":"https:\/\/lacasitaeducativa.shop\/","logo":{"@type":"ImageObject","inLanguage":"es","@id":"https:\/\/lacasitaeducativa.shop\/#\/schema\/logo\/image\/","url":"https:\/\/lacasitaeducativa.shop\/wp-content\/uploads\/2020\/08\/Logos-la-casita-educativa-2-1.png","contentUrl":"https:\/\/lacasitaeducativa.shop\/wp-content\/uploads\/2020\/08\/Logos-la-casita-educativa-2-1.png","width":500,"height":500,"caption":"La Casita Educativa - LACASITAEDUCATIVA.SHOP"},"image":{"@id":"https:\/\/lacasitaeducativa.shop\/#\/schema\/logo\/image\/"}}]}},"_links":{"self":[{"href":"https:\/\/lacasitaeducativa.shop\/index.php\/wp-json\/wp\/v2\/product\/492013","targetHints":{"allow":["GET"]}}],"collection":[{"href":"https:\/\/lacasitaeducativa.shop\/index.php\/wp-json\/wp\/v2\/product"}],"about":[{"href":"https:\/\/lacasitaeducativa.shop\/index.php\/wp-json\/wp\/v2\/types\/product"}],"replies":[{"embeddable":true,"href":"https:\/\/lacasitaeducativa.shop\/index.php\/wp-json\/wp\/v2\/comments?post=492013"}],"wp:featuredmedia":[{"embeddable":true,"href":"https:\/\/lacasitaeducativa.shop\/index.php\/wp-json\/wp\/v2\/media\/492026"}],"wp:attachment":[{"href":"https:\/\/lacasitaeducativa.shop\/index.php\/wp-json\/wp\/v2\/media?parent=492013"}],"wp:term":[{"taxonomy":"product_brand","embeddable":true,"href":"https:\/\/lacasitaeducativa.shop\/index.php\/wp-json\/wp\/v2\/product_brand?post=492013"},{"taxonomy":"product_cat","embeddable":true,"href":"https:\/\/lacasitaeducativa.shop\/index.php\/wp-json\/wp\/v2\/product_cat?post=492013"},{"taxonomy":"product_tag","embeddable":true,"href":"https:\/\/lacasitaeducativa.shop\/index.php\/wp-json\/wp\/v2\/product_tag?post=492013"}],"curies":[{"name":"wp","href":"https:\/\/api.w.org\/{rel}","templated":true}]}}