{"id":493617,"date":"2026-01-04T15:04:42","date_gmt":"2026-01-04T15:04:42","guid":{"rendered":"https:\/\/lacasitaeducativa.shop\/?post_type=product&#038;p=493617"},"modified":"2026-01-04T15:04:42","modified_gmt":"2026-01-04T15:04:42","slug":"los-trazos-magicos-de-los-reyes-magos","status":"publish","type":"product","link":"https:\/\/lacasitaeducativa.shop\/index.php\/producto\/los-trazos-magicos-de-los-reyes-magos\/","title":{"rendered":"Los trazos m\u00e1gicos de los Reyes Magos"},"content":{"rendered":"<p style=\"padding-left: 40px;\" data-start=\"668\" data-end=\"1017\">La actividad se basa en ilustraciones infantiles de los <strong data-start=\"724\" data-end=\"739\">Reyes Magos<\/strong> y <strong data-start=\"742\" data-end=\"755\">Pap\u00e1 Noel<\/strong>, donde los ni\u00f1os y ni\u00f1as deben seguir diferentes <strong data-start=\"805\" data-end=\"840\">l\u00edneas discontinuas en la barba<\/strong> (rectas, curvas, en forma de U, espirales\u2026), adaptadas a distintos niveles. Esto permite trabajar progresivamente el control del trazo y la coordinaci\u00f3n ojo-mano.<\/p>\n<p data-start=\"1019\" data-end=\"1173\">Es un material ideal para utilizar en <strong data-start=\"1057\" data-end=\"1089\">\u00e9poca navide\u00f1a o de invierno<\/strong>, pero tambi\u00e9n como propuesta de <strong data-start=\"1122\" data-end=\"1141\">motricidad fina<\/strong> en cualquier momento del curso.<\/p>\n<hr data-start=\"1175\" data-end=\"1178\" \/>\n<h3 data-start=\"1180\" data-end=\"1220\">\ud83c\udfaf \u00bfQu\u00e9 se trabaja con este recurso?<\/h3>\n<ul data-start=\"1221\" data-end=\"1340\">\n<li data-start=\"1221\" data-end=\"1240\">\n<p data-start=\"1223\" data-end=\"1240\">Motricidad fina<\/p>\n<\/li>\n<li data-start=\"1241\" data-end=\"1262\">\n<p data-start=\"1243\" data-end=\"1262\">Control del trazo<\/p>\n<\/li>\n<li data-start=\"1263\" data-end=\"1288\">\n<p data-start=\"1265\" data-end=\"1288\">Coordinaci\u00f3n ojo-mano<\/p>\n<\/li>\n<li data-start=\"1289\" data-end=\"1311\">\n<p data-start=\"1291\" data-end=\"1311\">Uso de las tijeras<\/p>\n<\/li>\n<li data-start=\"1312\" data-end=\"1340\">\n<p data-start=\"1314\" data-end=\"1340\">Atenci\u00f3n y concentraci\u00f3n<\/p>\n<\/li>\n<\/ul>\n<hr data-start=\"1342\" data-end=\"1345\" \/>\n<h3 data-start=\"1347\" data-end=\"1381\">\u2728 Caracter\u00edsticas del material<\/h3>\n<ul data-start=\"1382\" data-end=\"1601\">\n<li data-start=\"1382\" data-end=\"1432\">\n<p data-start=\"1384\" data-end=\"1432\">Ilustraciones infantiles, claras y motivadoras<\/p>\n<\/li>\n<li data-start=\"1433\" data-end=\"1475\">\n<p data-start=\"1435\" data-end=\"1475\">Diferentes tipos de l\u00edneas para trazar<\/p>\n<\/li>\n<li data-start=\"1476\" data-end=\"1512\">\n<p data-start=\"1478\" data-end=\"1512\">Actividad progresiva y adaptable<\/p>\n<\/li>\n<li data-start=\"1513\" data-end=\"1567\">\n<p data-start=\"1515\" data-end=\"1567\">Ideal para trabajar con rotulador, l\u00e1piz o tijeras<\/p>\n<\/li>\n<li data-start=\"1568\" data-end=\"1601\">\n<p data-start=\"1570\" data-end=\"1601\">Recurso manipulativo y visual<\/p>\n<\/li>\n<\/ul>\n<hr data-start=\"1603\" data-end=\"1606\" \/>\n<h3 data-start=\"1608\" data-end=\"1634\">\ud83d\udc67\ud83d\udc66 Recomendado para:<\/h3>\n<ul data-start=\"1635\" data-end=\"1696\">\n<li data-start=\"1635\" data-end=\"1657\">\n<p data-start=\"1637\" data-end=\"1657\">Educaci\u00f3n Infantil<\/p>\n<\/li>\n<li data-start=\"1658\" data-end=\"1696\">\n<p data-start=\"1660\" data-end=\"1696\">Primer ciclo de Educaci\u00f3n Primaria<\/p>\n<\/li>\n<\/ul>\n<hr data-start=\"1698\" data-end=\"1701\" \/>\n<h3 data-start=\"1703\" data-end=\"1724\">\ud83c\udfeb Uso en el aula<\/h3>\n<p data-start=\"1725\" data-end=\"1739\">Perfecto para:<\/p>\n<ul data-start=\"1740\" data-end=\"1883\">\n<li data-start=\"1740\" data-end=\"1771\">\n<p data-start=\"1742\" data-end=\"1771\">Rincones de grafomotricidad<\/p>\n<\/li>\n<li data-start=\"1772\" data-end=\"1803\">\n<p data-start=\"1774\" data-end=\"1803\">Talleres de motricidad fina<\/p>\n<\/li>\n<li data-start=\"1804\" data-end=\"1841\">\n<p data-start=\"1806\" data-end=\"1841\">Actividades de invierno o Navidad<\/p>\n<\/li>\n<li data-start=\"1842\" data-end=\"1883\">\n<p data-start=\"1844\" data-end=\"1883\">Trabajo individual o en peque\u00f1o grupo<\/p>\n<\/li>\n<\/ul>\n<p>&nbsp;<\/p>\n<p>Si quieres ver otros materiales educativos relacionados con los Reyes Magos, mira aqu\u00ed:\u00a0<a href=\"https:\/\/lacasitaeducativa.shop\/?s=reyes+magos&amp;post_type=product\" target=\"_blank\" rel=\"noopener\">M\u00e1s actividades<\/a><\/p>\n","protected":false},"excerpt":{"rendered":"<p><strong data-start=\"376\" data-end=\"417\">Los trazos m\u00e1gicos de los Reyes Magos<\/strong> es un recurso educativo dise\u00f1ado para trabajar la <strong data-start=\"468\" data-end=\"487\">motricidad fina<\/strong>, el <strong data-start=\"492\" data-end=\"501\">trazo<\/strong> y el <strong data-start=\"507\" data-end=\"529\">uso de las tijeras<\/strong> de forma l\u00fadica y motivadora, a trav\u00e9s de una actividad muy atractiva para el alumnado de Educaci\u00f3n Infantil y primer ciclo de Primaria.<\/p>\n<p><script async src=\"https:\/\/pagead2.googlesyndication.com\/pagead\/js\/adsbygoogle.js\"><\/script><br \/>\n<!-- Horizontal-Adaptable --><br \/>\n<ins class=\"adsbygoogle\" style=\"display: block;\" data-ad-client=\"ca-pub-1103545772104863\" data-ad-slot=\"5194289265\" data-ad-format=\"auto\" data-full-width-responsive=\"true\"><\/ins><br \/>\n<script>\n     (adsbygoogle = window.adsbygoogle || []).push({});\n<\/script><\/p>\n","protected":false},"featured_media":494079,"comment_status":"open","ping_status":"closed","template":"","meta":{"site-sidebar-layout":"default","site-content-layout":"","ast-site-content-layout":"default","site-content-style":"default","site-sidebar-style":"default","ast-global-header-display":"","ast-banner-title-visibility":"","ast-main-header-display":"","ast-hfb-above-header-display":"","ast-hfb-below-header-display":"","ast-hfb-mobile-header-display":"","site-post-title":"","ast-breadcrumbs-content":"","ast-featured-img":"","footer-sml-layout":"","ast-disable-related-posts":"","theme-transparent-header-meta":"default","adv-header-id-meta":"","stick-header-meta":"","header-above-stick-meta":"","header-main-stick-meta":"","header-below-stick-meta":"","astra-migrate-meta-layouts":"set","ast-page-background-enabled":"default","ast-page-background-meta":{"desktop":{"background-color":"","background-image":"","background-repeat":"repeat","background-position":"center center","background-size":"auto","background-attachment":"scroll","background-type":"","background-media":"","overlay-type":"","overlay-color":"","overlay-opacity":"","overlay-gradient":""},"tablet":{"background-color":"","background-image":"","background-repeat":"repeat","background-position":"center center","background-size":"auto","background-attachment":"scroll","background-type":"","background-media":"","overlay-type":"","overlay-color":"","overlay-opacity":"","overlay-gradient":""},"mobile":{"background-color":"","background-image":"","background-repeat":"repeat","background-position":"center center","background-size":"auto","background-attachment":"scroll","background-type":"","background-media":"","overlay-type":"","overlay-color":"","overlay-opacity":"","overlay-gradient":""}},"ast-content-background-meta":{"desktop":{"background-color":"var(--ast-global-color-5)","background-image":"","background-repeat":"repeat","background-position":"center center","background-size":"auto","background-attachment":"scroll","background-type":"","background-media":"","overlay-type":"","overlay-color":"","overlay-opacity":"","overlay-gradient":""},"tablet":{"background-color":"var(--ast-global-color-5)","background-image":"","background-repeat":"repeat","background-position":"center center","background-size":"auto","background-attachment":"scroll","background-type":"","background-media":"","overlay-type":"","overlay-color":"","overlay-opacity":"","overlay-gradient":""},"mobile":{"background-color":"var(--ast-global-color-5)","background-image":"","background-repeat":"repeat","background-position":"center center","background-size":"auto","background-attachment":"scroll","background-type":"","background-media":"","overlay-type":"","overlay-color":"","overlay-opacity":"","overlay-gradient":""}}},"product_brand":[],"product_cat":[153],"product_tag":[307,154,173,242],"class_list":{"0":"post-493617","1":"product","2":"type-product","3":"status-publish","4":"has-post-thumbnail","6":"product_cat-navidad","7":"product_tag-motricidadfina","8":"product_tag-navidad","9":"product_tag-reyesmagos","10":"product_tag-trazos","11":"desktop-align-left","12":"tablet-align-left","13":"mobile-align-left","15":"first","16":"instock","17":"downloadable","18":"virtual","19":"taxable","20":"purchasable","21":"product-type-simple"},"yoast_head":"<!-- This site is optimized with the Yoast SEO plugin v26.8 - https:\/\/yoast.com\/product\/yoast-seo-wordpress\/ -->\n<title>Los trazos m\u00e1gicos de los Reyes Magos - La Casita Educativa<\/title>\n<meta name=\"description\" content=\"Es un recurso educativo dise\u00f1ado para trabajar la motricidad fina, el trazo y el uso de las tijeras de forma l\u00fadica y motivadora.\" \/>\n<meta name=\"robots\" content=\"index, follow, max-snippet:-1, max-image-preview:large, max-video-preview:-1\" \/>\n<link rel=\"canonical\" href=\"https:\/\/lacasitaeducativa.shop\/index.php\/producto\/los-trazos-magicos-de-los-reyes-magos\/\" \/>\n<meta property=\"og:locale\" content=\"es_ES\" \/>\n<meta property=\"og:type\" content=\"article\" \/>\n<meta property=\"og:title\" content=\"Los trazos m\u00e1gicos de los Reyes Magos - La Casita Educativa\" \/>\n<meta property=\"og:description\" content=\"Es un recurso educativo dise\u00f1ado para trabajar la motricidad fina, el trazo y el uso de las tijeras de forma l\u00fadica y motivadora.\" \/>\n<meta property=\"og:url\" content=\"https:\/\/lacasitaeducativa.shop\/index.php\/producto\/los-trazos-magicos-de-los-reyes-magos\/\" \/>\n<meta property=\"og:site_name\" content=\"La Casita Educativa\" \/>\n<meta property=\"og:image\" content=\"https:\/\/lacasitaeducativa.shop\/wp-content\/uploads\/2025\/12\/Los-Reyes-magos.jpg\" \/>\n\t<meta property=\"og:image:width\" content=\"1080\" \/>\n\t<meta property=\"og:image:height\" content=\"1080\" \/>\n\t<meta property=\"og:image:type\" content=\"image\/jpeg\" \/>\n<meta name=\"twitter:card\" content=\"summary_large_image\" \/>\n<meta name=\"twitter:label1\" content=\"Tiempo de lectura\" \/>\n\t<meta name=\"twitter:data1\" content=\"2 minutos\" \/>\n<script type=\"application\/ld+json\" class=\"yoast-schema-graph\">{\"@context\":\"https:\/\/schema.org\",\"@graph\":[{\"@type\":\"WebPage\",\"@id\":\"https:\/\/lacasitaeducativa.shop\/index.php\/producto\/los-trazos-magicos-de-los-reyes-magos\/\",\"url\":\"https:\/\/lacasitaeducativa.shop\/index.php\/producto\/los-trazos-magicos-de-los-reyes-magos\/\",\"name\":\"Los trazos m\u00e1gicos de los Reyes Magos - La Casita Educativa\",\"isPartOf\":{\"@id\":\"https:\/\/lacasitaeducativa.shop\/#website\"},\"primaryImageOfPage\":{\"@id\":\"https:\/\/lacasitaeducativa.shop\/index.php\/producto\/los-trazos-magicos-de-los-reyes-magos\/#primaryimage\"},\"image\":{\"@id\":\"https:\/\/lacasitaeducativa.shop\/index.php\/producto\/los-trazos-magicos-de-los-reyes-magos\/#primaryimage\"},\"thumbnailUrl\":\"https:\/\/lacasitaeducativa.shop\/wp-content\/uploads\/2025\/12\/Los-Reyes-magos.jpg\",\"datePublished\":\"2026-01-04T15:04:42+00:00\",\"description\":\"Es un recurso educativo dise\u00f1ado para trabajar la motricidad fina, el trazo y el uso de las tijeras de forma l\u00fadica y motivadora.\",\"breadcrumb\":{\"@id\":\"https:\/\/lacasitaeducativa.shop\/index.php\/producto\/los-trazos-magicos-de-los-reyes-magos\/#breadcrumb\"},\"inLanguage\":\"es\",\"potentialAction\":[{\"@type\":\"ReadAction\",\"target\":[\"https:\/\/lacasitaeducativa.shop\/index.php\/producto\/los-trazos-magicos-de-los-reyes-magos\/\"]}]},{\"@type\":\"ImageObject\",\"inLanguage\":\"es\",\"@id\":\"https:\/\/lacasitaeducativa.shop\/index.php\/producto\/los-trazos-magicos-de-los-reyes-magos\/#primaryimage\",\"url\":\"https:\/\/lacasitaeducativa.shop\/wp-content\/uploads\/2025\/12\/Los-Reyes-magos.jpg\",\"contentUrl\":\"https:\/\/lacasitaeducativa.shop\/wp-content\/uploads\/2025\/12\/Los-Reyes-magos.jpg\",\"width\":1080,\"height\":1080,\"caption\":\"Los Reyes magos y la motricidad fina\"},{\"@type\":\"BreadcrumbList\",\"@id\":\"https:\/\/lacasitaeducativa.shop\/index.php\/producto\/los-trazos-magicos-de-los-reyes-magos\/#breadcrumb\",\"itemListElement\":[{\"@type\":\"ListItem\",\"position\":1,\"name\":\"Portada\",\"item\":\"https:\/\/lacasitaeducativa.shop\/\"},{\"@type\":\"ListItem\",\"position\":2,\"name\":\"Recursos\",\"item\":\"https:\/\/lacasitaeducativa.shop\/index.php\/tienda\/\"},{\"@type\":\"ListItem\",\"position\":3,\"name\":\"Los trazos m\u00e1gicos de los Reyes Magos\"}]},{\"@type\":\"WebSite\",\"@id\":\"https:\/\/lacasitaeducativa.shop\/#website\",\"url\":\"https:\/\/lacasitaeducativa.shop\/\",\"name\":\"La Casita Educativa\",\"description\":\"En esta casita encontrar\u00e9is todo tipo de recursos educativos infantiles, desde manualidades hasta actividades, juegos, cuentos, idiomas, adivinanzas y otros.\",\"publisher\":{\"@id\":\"https:\/\/lacasitaeducativa.shop\/#organization\"},\"potentialAction\":[{\"@type\":\"SearchAction\",\"target\":{\"@type\":\"EntryPoint\",\"urlTemplate\":\"https:\/\/lacasitaeducativa.shop\/?s={search_term_string}\"},\"query-input\":{\"@type\":\"PropertyValueSpecification\",\"valueRequired\":true,\"valueName\":\"search_term_string\"}}],\"inLanguage\":\"es\"},{\"@type\":\"Organization\",\"@id\":\"https:\/\/lacasitaeducativa.shop\/#organization\",\"name\":\"La Casita Educativa - LACASITAEDUCATIVA.SHOP\",\"url\":\"https:\/\/lacasitaeducativa.shop\/\",\"logo\":{\"@type\":\"ImageObject\",\"inLanguage\":\"es\",\"@id\":\"https:\/\/lacasitaeducativa.shop\/#\/schema\/logo\/image\/\",\"url\":\"https:\/\/lacasitaeducativa.shop\/wp-content\/uploads\/2020\/08\/Logos-la-casita-educativa-2-1.png\",\"contentUrl\":\"https:\/\/lacasitaeducativa.shop\/wp-content\/uploads\/2020\/08\/Logos-la-casita-educativa-2-1.png\",\"width\":500,\"height\":500,\"caption\":\"La Casita Educativa - LACASITAEDUCATIVA.SHOP\"},\"image\":{\"@id\":\"https:\/\/lacasitaeducativa.shop\/#\/schema\/logo\/image\/\"}}]}<\/script>\n<!-- \/ Yoast SEO plugin. -->","yoast_head_json":{"title":"Los trazos m\u00e1gicos de los Reyes Magos - La Casita Educativa","description":"Es un recurso educativo dise\u00f1ado para trabajar la motricidad fina, el trazo y el uso de las tijeras de forma l\u00fadica y motivadora.","robots":{"index":"index","follow":"follow","max-snippet":"max-snippet:-1","max-image-preview":"max-image-preview:large","max-video-preview":"max-video-preview:-1"},"canonical":"https:\/\/lacasitaeducativa.shop\/index.php\/producto\/los-trazos-magicos-de-los-reyes-magos\/","og_locale":"es_ES","og_type":"article","og_title":"Los trazos m\u00e1gicos de los Reyes Magos - La Casita Educativa","og_description":"Es un recurso educativo dise\u00f1ado para trabajar la motricidad fina, el trazo y el uso de las tijeras de forma l\u00fadica y motivadora.","og_url":"https:\/\/lacasitaeducativa.shop\/index.php\/producto\/los-trazos-magicos-de-los-reyes-magos\/","og_site_name":"La Casita Educativa","og_image":[{"width":1080,"height":1080,"url":"https:\/\/lacasitaeducativa.shop\/wp-content\/uploads\/2025\/12\/Los-Reyes-magos.jpg","type":"image\/jpeg"}],"twitter_card":"summary_large_image","twitter_misc":{"Tiempo de lectura":"2 minutos"},"schema":{"@context":"https:\/\/schema.org","@graph":[{"@type":"WebPage","@id":"https:\/\/lacasitaeducativa.shop\/index.php\/producto\/los-trazos-magicos-de-los-reyes-magos\/","url":"https:\/\/lacasitaeducativa.shop\/index.php\/producto\/los-trazos-magicos-de-los-reyes-magos\/","name":"Los trazos m\u00e1gicos de los Reyes Magos - La Casita Educativa","isPartOf":{"@id":"https:\/\/lacasitaeducativa.shop\/#website"},"primaryImageOfPage":{"@id":"https:\/\/lacasitaeducativa.shop\/index.php\/producto\/los-trazos-magicos-de-los-reyes-magos\/#primaryimage"},"image":{"@id":"https:\/\/lacasitaeducativa.shop\/index.php\/producto\/los-trazos-magicos-de-los-reyes-magos\/#primaryimage"},"thumbnailUrl":"https:\/\/lacasitaeducativa.shop\/wp-content\/uploads\/2025\/12\/Los-Reyes-magos.jpg","datePublished":"2026-01-04T15:04:42+00:00","description":"Es un recurso educativo dise\u00f1ado para trabajar la motricidad fina, el trazo y el uso de las tijeras de forma l\u00fadica y motivadora.","breadcrumb":{"@id":"https:\/\/lacasitaeducativa.shop\/index.php\/producto\/los-trazos-magicos-de-los-reyes-magos\/#breadcrumb"},"inLanguage":"es","potentialAction":[{"@type":"ReadAction","target":["https:\/\/lacasitaeducativa.shop\/index.php\/producto\/los-trazos-magicos-de-los-reyes-magos\/"]}]},{"@type":"ImageObject","inLanguage":"es","@id":"https:\/\/lacasitaeducativa.shop\/index.php\/producto\/los-trazos-magicos-de-los-reyes-magos\/#primaryimage","url":"https:\/\/lacasitaeducativa.shop\/wp-content\/uploads\/2025\/12\/Los-Reyes-magos.jpg","contentUrl":"https:\/\/lacasitaeducativa.shop\/wp-content\/uploads\/2025\/12\/Los-Reyes-magos.jpg","width":1080,"height":1080,"caption":"Los Reyes magos y la motricidad fina"},{"@type":"BreadcrumbList","@id":"https:\/\/lacasitaeducativa.shop\/index.php\/producto\/los-trazos-magicos-de-los-reyes-magos\/#breadcrumb","itemListElement":[{"@type":"ListItem","position":1,"name":"Portada","item":"https:\/\/lacasitaeducativa.shop\/"},{"@type":"ListItem","position":2,"name":"Recursos","item":"https:\/\/lacasitaeducativa.shop\/index.php\/tienda\/"},{"@type":"ListItem","position":3,"name":"Los trazos m\u00e1gicos de los Reyes Magos"}]},{"@type":"WebSite","@id":"https:\/\/lacasitaeducativa.shop\/#website","url":"https:\/\/lacasitaeducativa.shop\/","name":"La Casita Educativa","description":"En esta casita encontrar\u00e9is todo tipo de recursos educativos infantiles, desde manualidades hasta actividades, juegos, cuentos, idiomas, adivinanzas y otros.","publisher":{"@id":"https:\/\/lacasitaeducativa.shop\/#organization"},"potentialAction":[{"@type":"SearchAction","target":{"@type":"EntryPoint","urlTemplate":"https:\/\/lacasitaeducativa.shop\/?s={search_term_string}"},"query-input":{"@type":"PropertyValueSpecification","valueRequired":true,"valueName":"search_term_string"}}],"inLanguage":"es"},{"@type":"Organization","@id":"https:\/\/lacasitaeducativa.shop\/#organization","name":"La Casita Educativa - LACASITAEDUCATIVA.SHOP","url":"https:\/\/lacasitaeducativa.shop\/","logo":{"@type":"ImageObject","inLanguage":"es","@id":"https:\/\/lacasitaeducativa.shop\/#\/schema\/logo\/image\/","url":"https:\/\/lacasitaeducativa.shop\/wp-content\/uploads\/2020\/08\/Logos-la-casita-educativa-2-1.png","contentUrl":"https:\/\/lacasitaeducativa.shop\/wp-content\/uploads\/2020\/08\/Logos-la-casita-educativa-2-1.png","width":500,"height":500,"caption":"La Casita Educativa - LACASITAEDUCATIVA.SHOP"},"image":{"@id":"https:\/\/lacasitaeducativa.shop\/#\/schema\/logo\/image\/"}}]}},"_links":{"self":[{"href":"https:\/\/lacasitaeducativa.shop\/index.php\/wp-json\/wp\/v2\/product\/493617","targetHints":{"allow":["GET"]}}],"collection":[{"href":"https:\/\/lacasitaeducativa.shop\/index.php\/wp-json\/wp\/v2\/product"}],"about":[{"href":"https:\/\/lacasitaeducativa.shop\/index.php\/wp-json\/wp\/v2\/types\/product"}],"replies":[{"embeddable":true,"href":"https:\/\/lacasitaeducativa.shop\/index.php\/wp-json\/wp\/v2\/comments?post=493617"}],"wp:featuredmedia":[{"embeddable":true,"href":"https:\/\/lacasitaeducativa.shop\/index.php\/wp-json\/wp\/v2\/media\/494079"}],"wp:attachment":[{"href":"https:\/\/lacasitaeducativa.shop\/index.php\/wp-json\/wp\/v2\/media?parent=493617"}],"wp:term":[{"taxonomy":"product_brand","embeddable":true,"href":"https:\/\/lacasitaeducativa.shop\/index.php\/wp-json\/wp\/v2\/product_brand?post=493617"},{"taxonomy":"product_cat","embeddable":true,"href":"https:\/\/lacasitaeducativa.shop\/index.php\/wp-json\/wp\/v2\/product_cat?post=493617"},{"taxonomy":"product_tag","embeddable":true,"href":"https:\/\/lacasitaeducativa.shop\/index.php\/wp-json\/wp\/v2\/product_tag?post=493617"}],"curies":[{"name":"wp","href":"https:\/\/api.w.org\/{rel}","templated":true}]}}