{"id":498939,"date":"2026-01-19T14:42:55","date_gmt":"2026-01-19T14:42:55","guid":{"rendered":"https:\/\/lacasitaeducativa.shop\/?post_type=product&#038;p=498939"},"modified":"2026-01-19T14:42:55","modified_gmt":"2026-01-19T14:42:55","slug":"el-laberinto-de-los-bmath","status":"publish","type":"product","link":"https:\/\/lacasitaeducativa.shop\/index.php\/producto\/el-laberinto-de-los-bmath\/","title":{"rendered":"El laberinto de los Bmath"},"content":{"rendered":"<h3 data-start=\"1072\" data-end=\"1104\">\ud83e\udde0 Contenido<\/h3>\n<p data-start=\"853\" data-end=\"1065\">El material contiene:<\/p>\n<ul>\n<li data-start=\"853\" data-end=\"1065\">25 retos con diferentes niveles.<\/li>\n<li data-start=\"853\" data-end=\"1065\">25 plantillas con las soluciones a los diferentes retos.<\/li>\n<li data-start=\"853\" data-end=\"1065\">Diferentes personajes Bmath para recortar.<\/li>\n<\/ul>\n<h3 data-start=\"1072\" data-end=\"1104\">\ud83e\udde0 \u00bfEn qu\u00e9 consiste el reto?<\/h3>\n<p>En este material, el alumnado debe colocar correctamente a los personajes siguiendo una serie de normas claras, similares a las del sudoku, lo que convierte cada reto en un desaf\u00edo mental estimulante y divertido.<\/p>\n<p data-start=\"1105\" data-end=\"1121\">En cada tablero:<\/p>\n<ul data-start=\"1122\" data-end=\"1367\">\n<li data-start=\"1122\" data-end=\"1195\">\n<p data-start=\"1124\" data-end=\"1195\">En <strong data-start=\"1127\" data-end=\"1156\">cada fila, columna y zona<\/strong> debe aparecer <strong data-start=\"1171\" data-end=\"1193\">un \u00fanico personaje.<\/strong><\/p>\n<\/li>\n<li data-start=\"1196\" data-end=\"1285\">\n<p data-start=\"1198\" data-end=\"1285\">Los personajes <strong data-start=\"1213\" data-end=\"1234\">no pueden tocarse<\/strong> ni en horizontal, ni en vertical, ni en diagonal.<\/p>\n<\/li>\n<li data-start=\"1286\" data-end=\"1367\">\n<p data-start=\"1288\" data-end=\"1367\">El alumnado debe <strong data-start=\"1305\" data-end=\"1333\">pensar, probar y razonar<\/strong> antes de colocar cada personaje.<\/p>\n<\/li>\n<\/ul>\n<p data-start=\"1369\" data-end=\"1489\">Este planteamiento favorece el pensamiento estrat\u00e9gico y el razonamiento deductivo, sin necesidad de c\u00e1lculos num\u00e9ricos.<\/p>\n<h3 data-start=\"1496\" data-end=\"1537\">\ud83d\udcda \u00bfQu\u00e9 se trabaja con este material?<\/h3>\n<ul data-start=\"1538\" data-end=\"1725\">\n<li data-start=\"1538\" data-end=\"1561\">\n<p data-start=\"1540\" data-end=\"1561\">Razonamiento l\u00f3gico<\/p>\n<\/li>\n<li data-start=\"1562\" data-end=\"1589\">\n<p data-start=\"1564\" data-end=\"1589\">Resoluci\u00f3n de problemas<\/p>\n<\/li>\n<li data-start=\"1590\" data-end=\"1618\">\n<p data-start=\"1592\" data-end=\"1618\">Atenci\u00f3n y concentraci\u00f3n<\/p>\n<\/li>\n<li data-start=\"1619\" data-end=\"1644\">\n<p data-start=\"1621\" data-end=\"1644\">Pensamiento deductivo<\/p>\n<\/li>\n<li data-start=\"1645\" data-end=\"1668\">\n<p data-start=\"1647\" data-end=\"1668\">Percepci\u00f3n espacial<\/p>\n<\/li>\n<li data-start=\"1669\" data-end=\"1695\">\n<p data-start=\"1671\" data-end=\"1695\">Estrategias cognitivas<\/p>\n<\/li>\n<li data-start=\"1696\" data-end=\"1725\">\n<p data-start=\"1698\" data-end=\"1725\">Autonom\u00eda y perseverancia<\/p>\n<\/li>\n<\/ul>\n<h3 data-start=\"1732\" data-end=\"1767\">\u270f\ufe0f Caracter\u00edsticas del material<\/h3>\n<ul data-start=\"1768\" data-end=\"2033\">\n<li data-start=\"1768\" data-end=\"1801\">\n<p data-start=\"1770\" data-end=\"1801\">Recurso <strong data-start=\"1778\" data-end=\"1799\">imprimible en PDF<\/strong><\/p>\n<\/li>\n<li data-start=\"1802\" data-end=\"1835\">\n<p data-start=\"1804\" data-end=\"1835\">Retos progresivos tipo sudoku<\/p>\n<\/li>\n<li data-start=\"1836\" data-end=\"1876\">\n<p data-start=\"1838\" data-end=\"1876\">Tableros claros y bien estructurados<\/p>\n<\/li>\n<li data-start=\"1877\" data-end=\"1923\">\n<p data-start=\"1879\" data-end=\"1923\">Personajes de Bmath motivadores y visuales<\/p>\n<\/li>\n<li data-start=\"1924\" data-end=\"1976\">\n<p data-start=\"1926\" data-end=\"1976\">Ideal para trabajo individual o en peque\u00f1o grupo<\/p>\n<\/li>\n<li data-start=\"1977\" data-end=\"2033\">\n<p data-start=\"1979\" data-end=\"2033\">Perfecto para rincones de l\u00f3gica o retos matem\u00e1ticos<\/p>\n<\/li>\n<\/ul>\n<h3 data-start=\"2040\" data-end=\"2066\">\ud83d\udc67\ud83d\udc66 Recomendado para:<\/h3>\n<ul data-start=\"2067\" data-end=\"2257\">\n<li data-start=\"2067\" data-end=\"2089\">\n<p data-start=\"2069\" data-end=\"2089\">Educaci\u00f3n Primaria<\/p>\n<\/li>\n<li data-start=\"2090\" data-end=\"2150\">\n<p data-start=\"2092\" data-end=\"2150\">Docentes que trabajan l\u00f3gica y matem\u00e1ticas manipulativas<\/p>\n<\/li>\n<li data-start=\"2151\" data-end=\"2201\">\n<p data-start=\"2153\" data-end=\"2201\">Alumnado que necesita reforzar el razonamiento<\/p>\n<\/li>\n<li data-start=\"2202\" data-end=\"2257\">\n<p data-start=\"2204\" data-end=\"2257\">Familias que buscan juegos educativos sin pantallas<\/p>\n<\/li>\n<\/ul>\n<h3 data-start=\"2264\" data-end=\"2285\">\ud83c\udfeb Uso en el aula<\/h3>\n<p data-start=\"2286\" data-end=\"2506\">Este material de <strong data-start=\"2303\" data-end=\"2332\">retos l\u00f3gicos tipo sudoku<\/strong> es ideal para:<br \/>\n\u2714\ufe0f Rincones de matem\u00e1ticas<br data-start=\"2374\" data-end=\"2377\" \/>\u2714\ufe0f Actividades de pensamiento l\u00f3gico<br data-start=\"2413\" data-end=\"2416\" \/>\u2714\ufe0f Momentos de trabajo aut\u00f3nomo<br data-start=\"2447\" data-end=\"2450\" \/>\u2714\ufe0f Refuerzo cognitivo<br data-start=\"2471\" data-end=\"2474\" \/>\u2714\ufe0f Juegos de l\u00f3gica en tutor\u00eda<\/p>\n<h3 data-start=\"2513\" data-end=\"2542\">\ud83c\udf1f Beneficios del recurso<\/h3>\n<p data-start=\"2543\" data-end=\"2787\">\u2714\ufe0f Fomenta el pensamiento l\u00f3gico sin n\u00fameros<br data-start=\"2587\" data-end=\"2590\" \/>\u2714\ufe0f Desarrolla la concentraci\u00f3n de forma l\u00fadica<br data-start=\"2636\" data-end=\"2639\" \/>\u2714\ufe0f Mejora la capacidad de an\u00e1lisis y deducci\u00f3n<br data-start=\"2685\" data-end=\"2688\" \/>\u2714\ufe0f Aumenta la motivaci\u00f3n gracias a los personajes<br data-start=\"2737\" data-end=\"2740\" \/>\u2714\ufe0f Favorece el aprendizaje a trav\u00e9s del juego<\/p>\n","protected":false},"excerpt":{"rendered":"<p><strong data-start=\"541\" data-end=\"570\">El laberinto de los Bmath<\/strong> es un <strong data-start=\"577\" data-end=\"609\">recurso educativo imprimible<\/strong> de <strong data-start=\"613\" data-end=\"642\">retos l\u00f3gicos tipo sudoku<\/strong>, dise\u00f1ado para desarrollar el <strong data-start=\"673\" data-end=\"728\">razonamiento l\u00f3gico, la atenci\u00f3n y la concentraci\u00f3n<\/strong> en ni\u00f1os y ni\u00f1as de <strong data-start=\"749\" data-end=\"771\">Educaci\u00f3n Primaria<\/strong>, a trav\u00e9s de un formato visual, motivador y con personajes atractivos de Bmath.<\/p>\n<p><script async src=\"https:\/\/pagead2.googlesyndication.com\/pagead\/js\/adsbygoogle.js\"><\/script><br \/>\n<!-- Horizontal-Adaptable --><br \/>\n<ins class=\"adsbygoogle\" style=\"display: block;\" data-ad-client=\"ca-pub-1103545772104863\" data-ad-slot=\"5194289265\" data-ad-format=\"auto\" data-full-width-responsive=\"true\"><\/ins><br \/>\n<script>\n     (adsbygoogle = window.adsbygoogle || []).push({});\n<\/script><\/p>\n","protected":false},"featured_media":498960,"comment_status":"open","ping_status":"closed","template":"","meta":{"site-sidebar-layout":"default","site-content-layout":"","ast-site-content-layout":"default","site-content-style":"default","site-sidebar-style":"default","ast-global-header-display":"","ast-banner-title-visibility":"","ast-main-header-display":"","ast-hfb-above-header-display":"","ast-hfb-below-header-display":"","ast-hfb-mobile-header-display":"","site-post-title":"","ast-breadcrumbs-content":"","ast-featured-img":"","footer-sml-layout":"","ast-disable-related-posts":"","theme-transparent-header-meta":"default","adv-header-id-meta":"","stick-header-meta":"","header-above-stick-meta":"","header-main-stick-meta":"","header-below-stick-meta":"","astra-migrate-meta-layouts":"set","ast-page-background-enabled":"default","ast-page-background-meta":{"desktop":{"background-color":"","background-image":"","background-repeat":"repeat","background-position":"center center","background-size":"auto","background-attachment":"scroll","background-type":"","background-media":"","overlay-type":"","overlay-color":"","overlay-opacity":"","overlay-gradient":""},"tablet":{"background-color":"","background-image":"","background-repeat":"repeat","background-position":"center center","background-size":"auto","background-attachment":"scroll","background-type":"","background-media":"","overlay-type":"","overlay-color":"","overlay-opacity":"","overlay-gradient":""},"mobile":{"background-color":"","background-image":"","background-repeat":"repeat","background-position":"center center","background-size":"auto","background-attachment":"scroll","background-type":"","background-media":"","overlay-type":"","overlay-color":"","overlay-opacity":"","overlay-gradient":""}},"ast-content-background-meta":{"desktop":{"background-color":"var(--ast-global-color-5)","background-image":"","background-repeat":"repeat","background-position":"center center","background-size":"auto","background-attachment":"scroll","background-type":"","background-media":"","overlay-type":"","overlay-color":"","overlay-opacity":"","overlay-gradient":""},"tablet":{"background-color":"var(--ast-global-color-5)","background-image":"","background-repeat":"repeat","background-position":"center center","background-size":"auto","background-attachment":"scroll","background-type":"","background-media":"","overlay-type":"","overlay-color":"","overlay-opacity":"","overlay-gradient":""},"mobile":{"background-color":"var(--ast-global-color-5)","background-image":"","background-repeat":"repeat","background-position":"center center","background-size":"auto","background-attachment":"scroll","background-type":"","background-media":"","overlay-type":"","overlay-color":"","overlay-opacity":"","overlay-gradient":""}}},"product_brand":[],"product_cat":[84],"product_tag":[743,744,150,253],"class_list":{"0":"post-498939","1":"product","2":"type-product","3":"status-publish","4":"has-post-thumbnail","6":"product_cat-juegos-educativos","7":"product_tag-bmath","8":"product_tag-logica","9":"product_tag-matematicas","10":"product_tag-sudoku","11":"desktop-align-left","12":"tablet-align-left","13":"mobile-align-left","15":"first","16":"instock","17":"downloadable","18":"virtual","19":"taxable","20":"purchasable","21":"product-type-simple"},"yoast_head":"<!-- This site is optimized with the Yoast SEO plugin v26.8 - https:\/\/yoast.com\/product\/yoast-seo-wordpress\/ -->\n<title>El laberinto de los Bmath - La Casita Educativa<\/title>\n<meta name=\"description\" content=\"El laberinto de los Bmath es un recurso educativo de retos l\u00f3gicos, dise\u00f1ado para desarrollar el razonamiento l\u00f3gico, la atenci\u00f3n y la concentraci\u00f3n.\" \/>\n<meta name=\"robots\" content=\"index, follow, max-snippet:-1, max-image-preview:large, max-video-preview:-1\" \/>\n<link rel=\"canonical\" href=\"https:\/\/lacasitaeducativa.shop\/index.php\/producto\/el-laberinto-de-los-bmath\/\" \/>\n<meta property=\"og:locale\" content=\"es_ES\" \/>\n<meta property=\"og:type\" content=\"article\" \/>\n<meta property=\"og:title\" content=\"El laberinto de los Bmath - La Casita Educativa\" \/>\n<meta property=\"og:description\" content=\"El laberinto de los Bmath es un recurso educativo de retos l\u00f3gicos, dise\u00f1ado para desarrollar el razonamiento l\u00f3gico, la atenci\u00f3n y la concentraci\u00f3n.\" \/>\n<meta property=\"og:url\" content=\"https:\/\/lacasitaeducativa.shop\/index.php\/producto\/el-laberinto-de-los-bmath\/\" \/>\n<meta property=\"og:site_name\" content=\"La Casita Educativa\" \/>\n<meta property=\"og:image\" content=\"https:\/\/lacasitaeducativa.shop\/wp-content\/uploads\/2026\/01\/LABERINTOS-BMATH-2.jpg\" \/>\n\t<meta property=\"og:image:width\" content=\"1080\" \/>\n\t<meta property=\"og:image:height\" content=\"1080\" \/>\n\t<meta property=\"og:image:type\" content=\"image\/jpeg\" \/>\n<meta name=\"twitter:card\" content=\"summary_large_image\" \/>\n<meta name=\"twitter:label1\" content=\"Tiempo de lectura\" \/>\n\t<meta name=\"twitter:data1\" content=\"2 minutos\" \/>\n<script type=\"application\/ld+json\" class=\"yoast-schema-graph\">{\"@context\":\"https:\/\/schema.org\",\"@graph\":[{\"@type\":\"WebPage\",\"@id\":\"https:\/\/lacasitaeducativa.shop\/index.php\/producto\/el-laberinto-de-los-bmath\/\",\"url\":\"https:\/\/lacasitaeducativa.shop\/index.php\/producto\/el-laberinto-de-los-bmath\/\",\"name\":\"El laberinto de los Bmath - La Casita Educativa\",\"isPartOf\":{\"@id\":\"https:\/\/lacasitaeducativa.shop\/#website\"},\"primaryImageOfPage\":{\"@id\":\"https:\/\/lacasitaeducativa.shop\/index.php\/producto\/el-laberinto-de-los-bmath\/#primaryimage\"},\"image\":{\"@id\":\"https:\/\/lacasitaeducativa.shop\/index.php\/producto\/el-laberinto-de-los-bmath\/#primaryimage\"},\"thumbnailUrl\":\"https:\/\/lacasitaeducativa.shop\/wp-content\/uploads\/2026\/01\/LABERINTOS-BMATH-2.jpg\",\"datePublished\":\"2026-01-19T14:42:55+00:00\",\"description\":\"El laberinto de los Bmath es un recurso educativo de retos l\u00f3gicos, dise\u00f1ado para desarrollar el razonamiento l\u00f3gico, la atenci\u00f3n y la concentraci\u00f3n.\",\"breadcrumb\":{\"@id\":\"https:\/\/lacasitaeducativa.shop\/index.php\/producto\/el-laberinto-de-los-bmath\/#breadcrumb\"},\"inLanguage\":\"es\",\"potentialAction\":[{\"@type\":\"ReadAction\",\"target\":[\"https:\/\/lacasitaeducativa.shop\/index.php\/producto\/el-laberinto-de-los-bmath\/\"]}]},{\"@type\":\"ImageObject\",\"inLanguage\":\"es\",\"@id\":\"https:\/\/lacasitaeducativa.shop\/index.php\/producto\/el-laberinto-de-los-bmath\/#primaryimage\",\"url\":\"https:\/\/lacasitaeducativa.shop\/wp-content\/uploads\/2026\/01\/LABERINTOS-BMATH-2.jpg\",\"contentUrl\":\"https:\/\/lacasitaeducativa.shop\/wp-content\/uploads\/2026\/01\/LABERINTOS-BMATH-2.jpg\",\"width\":1080,\"height\":1080,\"caption\":\"Retos l\u00f3gicos\"},{\"@type\":\"BreadcrumbList\",\"@id\":\"https:\/\/lacasitaeducativa.shop\/index.php\/producto\/el-laberinto-de-los-bmath\/#breadcrumb\",\"itemListElement\":[{\"@type\":\"ListItem\",\"position\":1,\"name\":\"Portada\",\"item\":\"https:\/\/lacasitaeducativa.shop\/\"},{\"@type\":\"ListItem\",\"position\":2,\"name\":\"Recursos\",\"item\":\"https:\/\/lacasitaeducativa.shop\/index.php\/tienda\/\"},{\"@type\":\"ListItem\",\"position\":3,\"name\":\"El laberinto de los Bmath\"}]},{\"@type\":\"WebSite\",\"@id\":\"https:\/\/lacasitaeducativa.shop\/#website\",\"url\":\"https:\/\/lacasitaeducativa.shop\/\",\"name\":\"La Casita Educativa\",\"description\":\"En esta casita encontrar\u00e9is todo tipo de recursos educativos infantiles, desde manualidades hasta actividades, juegos, cuentos, idiomas, adivinanzas y otros.\",\"publisher\":{\"@id\":\"https:\/\/lacasitaeducativa.shop\/#organization\"},\"potentialAction\":[{\"@type\":\"SearchAction\",\"target\":{\"@type\":\"EntryPoint\",\"urlTemplate\":\"https:\/\/lacasitaeducativa.shop\/?s={search_term_string}\"},\"query-input\":{\"@type\":\"PropertyValueSpecification\",\"valueRequired\":true,\"valueName\":\"search_term_string\"}}],\"inLanguage\":\"es\"},{\"@type\":\"Organization\",\"@id\":\"https:\/\/lacasitaeducativa.shop\/#organization\",\"name\":\"La Casita Educativa - LACASITAEDUCATIVA.SHOP\",\"url\":\"https:\/\/lacasitaeducativa.shop\/\",\"logo\":{\"@type\":\"ImageObject\",\"inLanguage\":\"es\",\"@id\":\"https:\/\/lacasitaeducativa.shop\/#\/schema\/logo\/image\/\",\"url\":\"https:\/\/lacasitaeducativa.shop\/wp-content\/uploads\/2020\/08\/Logos-la-casita-educativa-2-1.png\",\"contentUrl\":\"https:\/\/lacasitaeducativa.shop\/wp-content\/uploads\/2020\/08\/Logos-la-casita-educativa-2-1.png\",\"width\":500,\"height\":500,\"caption\":\"La Casita Educativa - LACASITAEDUCATIVA.SHOP\"},\"image\":{\"@id\":\"https:\/\/lacasitaeducativa.shop\/#\/schema\/logo\/image\/\"}}]}<\/script>\n<!-- \/ Yoast SEO plugin. -->","yoast_head_json":{"title":"El laberinto de los Bmath - La Casita Educativa","description":"El laberinto de los Bmath es un recurso educativo de retos l\u00f3gicos, dise\u00f1ado para desarrollar el razonamiento l\u00f3gico, la atenci\u00f3n y la concentraci\u00f3n.","robots":{"index":"index","follow":"follow","max-snippet":"max-snippet:-1","max-image-preview":"max-image-preview:large","max-video-preview":"max-video-preview:-1"},"canonical":"https:\/\/lacasitaeducativa.shop\/index.php\/producto\/el-laberinto-de-los-bmath\/","og_locale":"es_ES","og_type":"article","og_title":"El laberinto de los Bmath - La Casita Educativa","og_description":"El laberinto de los Bmath es un recurso educativo de retos l\u00f3gicos, dise\u00f1ado para desarrollar el razonamiento l\u00f3gico, la atenci\u00f3n y la concentraci\u00f3n.","og_url":"https:\/\/lacasitaeducativa.shop\/index.php\/producto\/el-laberinto-de-los-bmath\/","og_site_name":"La Casita Educativa","og_image":[{"width":1080,"height":1080,"url":"https:\/\/lacasitaeducativa.shop\/wp-content\/uploads\/2026\/01\/LABERINTOS-BMATH-2.jpg","type":"image\/jpeg"}],"twitter_card":"summary_large_image","twitter_misc":{"Tiempo de lectura":"2 minutos"},"schema":{"@context":"https:\/\/schema.org","@graph":[{"@type":"WebPage","@id":"https:\/\/lacasitaeducativa.shop\/index.php\/producto\/el-laberinto-de-los-bmath\/","url":"https:\/\/lacasitaeducativa.shop\/index.php\/producto\/el-laberinto-de-los-bmath\/","name":"El laberinto de los Bmath - La Casita Educativa","isPartOf":{"@id":"https:\/\/lacasitaeducativa.shop\/#website"},"primaryImageOfPage":{"@id":"https:\/\/lacasitaeducativa.shop\/index.php\/producto\/el-laberinto-de-los-bmath\/#primaryimage"},"image":{"@id":"https:\/\/lacasitaeducativa.shop\/index.php\/producto\/el-laberinto-de-los-bmath\/#primaryimage"},"thumbnailUrl":"https:\/\/lacasitaeducativa.shop\/wp-content\/uploads\/2026\/01\/LABERINTOS-BMATH-2.jpg","datePublished":"2026-01-19T14:42:55+00:00","description":"El laberinto de los Bmath es un recurso educativo de retos l\u00f3gicos, dise\u00f1ado para desarrollar el razonamiento l\u00f3gico, la atenci\u00f3n y la concentraci\u00f3n.","breadcrumb":{"@id":"https:\/\/lacasitaeducativa.shop\/index.php\/producto\/el-laberinto-de-los-bmath\/#breadcrumb"},"inLanguage":"es","potentialAction":[{"@type":"ReadAction","target":["https:\/\/lacasitaeducativa.shop\/index.php\/producto\/el-laberinto-de-los-bmath\/"]}]},{"@type":"ImageObject","inLanguage":"es","@id":"https:\/\/lacasitaeducativa.shop\/index.php\/producto\/el-laberinto-de-los-bmath\/#primaryimage","url":"https:\/\/lacasitaeducativa.shop\/wp-content\/uploads\/2026\/01\/LABERINTOS-BMATH-2.jpg","contentUrl":"https:\/\/lacasitaeducativa.shop\/wp-content\/uploads\/2026\/01\/LABERINTOS-BMATH-2.jpg","width":1080,"height":1080,"caption":"Retos l\u00f3gicos"},{"@type":"BreadcrumbList","@id":"https:\/\/lacasitaeducativa.shop\/index.php\/producto\/el-laberinto-de-los-bmath\/#breadcrumb","itemListElement":[{"@type":"ListItem","position":1,"name":"Portada","item":"https:\/\/lacasitaeducativa.shop\/"},{"@type":"ListItem","position":2,"name":"Recursos","item":"https:\/\/lacasitaeducativa.shop\/index.php\/tienda\/"},{"@type":"ListItem","position":3,"name":"El laberinto de los Bmath"}]},{"@type":"WebSite","@id":"https:\/\/lacasitaeducativa.shop\/#website","url":"https:\/\/lacasitaeducativa.shop\/","name":"La Casita Educativa","description":"En esta casita encontrar\u00e9is todo tipo de recursos educativos infantiles, desde manualidades hasta actividades, juegos, cuentos, idiomas, adivinanzas y otros.","publisher":{"@id":"https:\/\/lacasitaeducativa.shop\/#organization"},"potentialAction":[{"@type":"SearchAction","target":{"@type":"EntryPoint","urlTemplate":"https:\/\/lacasitaeducativa.shop\/?s={search_term_string}"},"query-input":{"@type":"PropertyValueSpecification","valueRequired":true,"valueName":"search_term_string"}}],"inLanguage":"es"},{"@type":"Organization","@id":"https:\/\/lacasitaeducativa.shop\/#organization","name":"La Casita Educativa - LACASITAEDUCATIVA.SHOP","url":"https:\/\/lacasitaeducativa.shop\/","logo":{"@type":"ImageObject","inLanguage":"es","@id":"https:\/\/lacasitaeducativa.shop\/#\/schema\/logo\/image\/","url":"https:\/\/lacasitaeducativa.shop\/wp-content\/uploads\/2020\/08\/Logos-la-casita-educativa-2-1.png","contentUrl":"https:\/\/lacasitaeducativa.shop\/wp-content\/uploads\/2020\/08\/Logos-la-casita-educativa-2-1.png","width":500,"height":500,"caption":"La Casita Educativa - LACASITAEDUCATIVA.SHOP"},"image":{"@id":"https:\/\/lacasitaeducativa.shop\/#\/schema\/logo\/image\/"}}]}},"_links":{"self":[{"href":"https:\/\/lacasitaeducativa.shop\/index.php\/wp-json\/wp\/v2\/product\/498939","targetHints":{"allow":["GET"]}}],"collection":[{"href":"https:\/\/lacasitaeducativa.shop\/index.php\/wp-json\/wp\/v2\/product"}],"about":[{"href":"https:\/\/lacasitaeducativa.shop\/index.php\/wp-json\/wp\/v2\/types\/product"}],"replies":[{"embeddable":true,"href":"https:\/\/lacasitaeducativa.shop\/index.php\/wp-json\/wp\/v2\/comments?post=498939"}],"wp:featuredmedia":[{"embeddable":true,"href":"https:\/\/lacasitaeducativa.shop\/index.php\/wp-json\/wp\/v2\/media\/498960"}],"wp:attachment":[{"href":"https:\/\/lacasitaeducativa.shop\/index.php\/wp-json\/wp\/v2\/media?parent=498939"}],"wp:term":[{"taxonomy":"product_brand","embeddable":true,"href":"https:\/\/lacasitaeducativa.shop\/index.php\/wp-json\/wp\/v2\/product_brand?post=498939"},{"taxonomy":"product_cat","embeddable":true,"href":"https:\/\/lacasitaeducativa.shop\/index.php\/wp-json\/wp\/v2\/product_cat?post=498939"},{"taxonomy":"product_tag","embeddable":true,"href":"https:\/\/lacasitaeducativa.shop\/index.php\/wp-json\/wp\/v2\/product_tag?post=498939"}],"curies":[{"name":"wp","href":"https:\/\/api.w.org\/{rel}","templated":true}]}}