{"id":503440,"date":"2026-02-13T10:24:55","date_gmt":"2026-02-13T10:24:55","guid":{"rendered":"https:\/\/lacasitaeducativa.shop\/?post_type=product&#038;p=503440"},"modified":"2026-02-18T17:39:34","modified_gmt":"2026-02-18T17:39:34","slug":"sumas-y-restas-en-primavera","status":"publish","type":"product","link":"https:\/\/lacasitaeducativa.shop\/index.php\/producto\/sumas-y-restas-en-primavera\/","title":{"rendered":"Sumas y restas en primavera"},"content":{"rendered":"<p data-start=\"539\" data-end=\"667\">Material manipulativo imprimible para trabajar <strong data-start=\"586\" data-end=\"626\">sumas y restas sencillas a<\/strong>\u00a0trav\u00e9s del juego y la motricidad fina.<\/p>\n<p data-start=\"860\" data-end=\"957\">Es perfecto para rincones matem\u00e1ticos, refuerzo educativo y aprendizaje activo en el aula o en casa.<\/p>\n<h2 data-start=\"964\" data-end=\"1024\">\u2728 \u00bfQu\u00e9 incluye este recurso de matem\u00e1ticas manipulativas?<\/h2>\n<ul data-start=\"1026\" data-end=\"1253\">\n<li data-start=\"1026\" data-end=\"1071\">\n<p data-start=\"1028\" data-end=\"1071\">Plantilla principal DINA4 con mariposa llamativa.<\/p>\n<\/li>\n<li data-start=\"1072\" data-end=\"1124\">\n<p data-start=\"1074\" data-end=\"1124\">Dos dados para montar en cartulina preferiblemente con ilustraciones de mariposas.<\/p>\n<\/li>\n<li data-start=\"1205\" data-end=\"1253\">\n<p data-start=\"1207\" data-end=\"1253\">Archivo PDF listo para imprimir y plastificar.<\/p>\n<\/li>\n<\/ul>\n<h2 data-start=\"1260\" data-end=\"1286\">\ud83c\udfaf Objetivos educativos<\/h2>\n<p data-start=\"1288\" data-end=\"1341\">Este material manipulativo de sumas y restas permite:<\/p>\n<ul data-start=\"1343\" data-end=\"1688\">\n<li data-start=\"1343\" data-end=\"1412\">\n<p data-start=\"1345\" data-end=\"1412\">Iniciar el aprendizaje de la suma y la resta en Educaci\u00f3n Infantil.<\/p>\n<\/li>\n<li data-start=\"1413\" data-end=\"1470\">\n<p data-start=\"1415\" data-end=\"1470\">Reforzar el c\u00e1lculo b\u00e1sico en Primer Ciclo de Primaria.<\/p>\n<\/li>\n<li data-start=\"1471\" data-end=\"1529\">\n<p data-start=\"1473\" data-end=\"1529\">Trabajar la comprensi\u00f3n del concepto de a\u00f1adir y quitar.<\/p>\n<\/li>\n<li data-start=\"1530\" data-end=\"1567\">\n<p data-start=\"1532\" data-end=\"1567\">Desarrollar el conteo manipulativo.<\/p>\n<\/li>\n<li data-start=\"1568\" data-end=\"1634\">\n<p data-start=\"1570\" data-end=\"1634\">Estimular la motricidad fina mediante la colocaci\u00f3n de pompones.<\/p>\n<\/li>\n<li data-start=\"1635\" data-end=\"1688\">\n<p data-start=\"1637\" data-end=\"1688\">Mejorar la coordinaci\u00f3n \u00f3culo-manual y la atenci\u00f3n.<\/p>\n<\/li>\n<\/ul>\n<h2 data-start=\"1695\" data-end=\"1721\">\ud83d\udc69\u200d\ud83c\udfeb Recomendado para:<\/h2>\n<ul data-start=\"1723\" data-end=\"1911\">\n<li data-start=\"1723\" data-end=\"1759\">\n<p data-start=\"1725\" data-end=\"1759\">5 a\u00f1os (\u00faltimo curso de Infantil).<\/p>\n<\/li>\n<li data-start=\"1760\" data-end=\"1777\">\n<p data-start=\"1762\" data-end=\"1777\">1\u00ba de Primaria.<\/p>\n<\/li>\n<li data-start=\"1778\" data-end=\"1812\">\n<p data-start=\"1780\" data-end=\"1812\">Refuerzo de matem\u00e1ticas en casa.<\/p>\n<\/li>\n<li data-start=\"1813\" data-end=\"1859\">\n<p data-start=\"1815\" data-end=\"1859\">Alumnado con necesidades de apoyo educativo.<\/p>\n<\/li>\n<li data-start=\"1860\" data-end=\"1911\">\n<p data-start=\"1862\" data-end=\"1911\">Rincones de matem\u00e1ticas y trabajo por estaciones.<\/p>\n<\/li>\n<\/ul>\n<h2 data-start=\"1918\" data-end=\"1978\">\ud83e\udde0 Beneficios del aprendizaje manipulativo en matem\u00e1ticas<\/h2>\n<p data-start=\"1980\" data-end=\"2058\">Trabajar las sumas y restas con material manipulativo permite que el alumnado:<\/p>\n<ul data-start=\"2060\" data-end=\"2242\">\n<li data-start=\"2060\" data-end=\"2089\">\n<p data-start=\"2062\" data-end=\"2089\">Visualice la cantidad real.<\/p>\n<\/li>\n<li data-start=\"2090\" data-end=\"2132\">\n<p data-start=\"2092\" data-end=\"2132\">Comprenda mejor las operaciones b\u00e1sicas.<\/p>\n<\/li>\n<li data-start=\"2133\" data-end=\"2190\">\n<p data-start=\"2135\" data-end=\"2190\">Interiorice el c\u00e1lculo antes de pasar a la abstracci\u00f3n.<\/p>\n<\/li>\n<li data-start=\"2191\" data-end=\"2242\">\n<p data-start=\"2193\" data-end=\"2242\">Aprenda matem\u00e1ticas de forma l\u00fadica y motivadora.<\/p>\n<\/li>\n<\/ul>\n<p data-start=\"2244\" data-end=\"2425\">El uso de pompones favorece adem\u00e1s el desarrollo de la pinza digital y la coordinaci\u00f3n, convirtiendo esta actividad en un recurso completo que combina matem\u00e1ticas y motricidad fina.<\/p>\n<p data-start=\"2565\" data-end=\"2607\">*Si quieres ver otros materiales educativos relacionados con sumas y restas mira\u00a0<a href=\"https:\/\/lacasitaeducativa.shop\/?s=sumas+y+restas&amp;post_type=product\" target=\"_blank\" rel=\"noopener\">AQU\u00cd<\/a><\/p>\n","protected":false},"excerpt":{"rendered":"<p data-start=\"350\" data-end=\"477\">Un recurso visual, atractivo y manipulativo para trabajar <strong data-start=\"408\" data-end=\"436\">sumas y restas sencillas<\/strong> a trav\u00e9s del juego y la experimentaci\u00f3n con tem\u00e1tica de primavera.<\/p>\n<p data-start=\"479\" data-end=\"654\">La mariposa se convierte en el escenario perfecto para que los ni\u00f1os y ni\u00f1as coloquen pompones mientras refuerzan el c\u00e1lculo mental y desarrollan la coordinaci\u00f3n \u00f3culo-manual.<\/p>\n<p><script async src=\"https:\/\/pagead2.googlesyndication.com\/pagead\/js\/adsbygoogle.js\"><\/script><br \/>\n<!-- Horizontal-Adaptable --><br \/>\n<ins class=\"adsbygoogle\" style=\"display: block;\" data-ad-client=\"ca-pub-1103545772104863\" data-ad-slot=\"5194289265\" data-ad-format=\"auto\" data-full-width-responsive=\"true\"><\/ins><br \/>\n<script>\n     (adsbygoogle = window.adsbygoogle || []).push({});\n<\/script><\/p>\n","protected":false},"featured_media":503442,"comment_status":"open","ping_status":"closed","template":"","meta":{"site-sidebar-layout":"default","site-content-layout":"","ast-site-content-layout":"default","site-content-style":"default","site-sidebar-style":"default","ast-global-header-display":"","ast-banner-title-visibility":"","ast-main-header-display":"","ast-hfb-above-header-display":"","ast-hfb-below-header-display":"","ast-hfb-mobile-header-display":"","site-post-title":"","ast-breadcrumbs-content":"","ast-featured-img":"","footer-sml-layout":"","ast-disable-related-posts":"","theme-transparent-header-meta":"default","adv-header-id-meta":"","stick-header-meta":"","header-above-stick-meta":"","header-main-stick-meta":"","header-below-stick-meta":"","astra-migrate-meta-layouts":"set","ast-page-background-enabled":"default","ast-page-background-meta":{"desktop":{"background-color":"","background-image":"","background-repeat":"repeat","background-position":"center center","background-size":"auto","background-attachment":"scroll","background-type":"","background-media":"","overlay-type":"","overlay-color":"","overlay-opacity":"","overlay-gradient":""},"tablet":{"background-color":"","background-image":"","background-repeat":"repeat","background-position":"center center","background-size":"auto","background-attachment":"scroll","background-type":"","background-media":"","overlay-type":"","overlay-color":"","overlay-opacity":"","overlay-gradient":""},"mobile":{"background-color":"","background-image":"","background-repeat":"repeat","background-position":"center center","background-size":"auto","background-attachment":"scroll","background-type":"","background-media":"","overlay-type":"","overlay-color":"","overlay-opacity":"","overlay-gradient":""}},"ast-content-background-meta":{"desktop":{"background-color":"var(--ast-global-color-5)","background-image":"","background-repeat":"repeat","background-position":"center center","background-size":"auto","background-attachment":"scroll","background-type":"","background-media":"","overlay-type":"","overlay-color":"","overlay-opacity":"","overlay-gradient":""},"tablet":{"background-color":"var(--ast-global-color-5)","background-image":"","background-repeat":"repeat","background-position":"center center","background-size":"auto","background-attachment":"scroll","background-type":"","background-media":"","overlay-type":"","overlay-color":"","overlay-opacity":"","overlay-gradient":""},"mobile":{"background-color":"var(--ast-global-color-5)","background-image":"","background-repeat":"repeat","background-position":"center center","background-size":"auto","background-attachment":"scroll","background-type":"","background-media":"","overlay-type":"","overlay-color":"","overlay-opacity":"","overlay-gradient":""}}},"product_brand":[],"product_cat":[78],"product_tag":[750,752,751],"class_list":{"0":"post-503440","1":"product","2":"type-product","3":"status-publish","4":"has-post-thumbnail","6":"product_cat-matematicas","7":"product_tag-material-manipulativo-matematicas","8":"product_tag-rincones-de-matematicas","9":"product_tag-sumas-y-restas-infantil","10":"desktop-align-left","11":"tablet-align-left","12":"mobile-align-left","14":"first","15":"instock","16":"downloadable","17":"virtual","18":"taxable","19":"purchasable","20":"product-type-simple"},"yoast_head":"<!-- This site is optimized with the Yoast SEO plugin v26.8 - https:\/\/yoast.com\/product\/yoast-seo-wordpress\/ -->\n<title>Sumas y restas en primavera - La Casita Educativa<\/title>\n<meta name=\"description\" content=\"Actividad matem\u00e1tica con pompones para reforzar el c\u00e1lculo, sobre todo sumas y restas y la motricidad fina de forma l\u00fadica.\" \/>\n<meta name=\"robots\" content=\"index, follow, max-snippet:-1, max-image-preview:large, max-video-preview:-1\" \/>\n<link rel=\"canonical\" href=\"https:\/\/lacasitaeducativa.shop\/index.php\/producto\/sumas-y-restas-en-primavera\/\" \/>\n<meta property=\"og:locale\" content=\"es_ES\" \/>\n<meta property=\"og:type\" content=\"article\" \/>\n<meta property=\"og:title\" content=\"Sumas y restas en primavera - La Casita Educativa\" \/>\n<meta property=\"og:description\" content=\"Actividad matem\u00e1tica con pompones para reforzar el c\u00e1lculo, sobre todo sumas y restas y la motricidad fina de forma l\u00fadica.\" \/>\n<meta property=\"og:url\" content=\"https:\/\/lacasitaeducativa.shop\/index.php\/producto\/sumas-y-restas-en-primavera\/\" \/>\n<meta property=\"og:site_name\" content=\"La Casita Educativa\" \/>\n<meta property=\"article:modified_time\" content=\"2026-02-18T17:39:34+00:00\" \/>\n<meta property=\"og:image\" content=\"https:\/\/lacasitaeducativa.shop\/wp-content\/uploads\/2026\/02\/Sumas-y-restas-en-primavera.jpg\" \/>\n\t<meta property=\"og:image:width\" content=\"1080\" \/>\n\t<meta property=\"og:image:height\" content=\"1080\" \/>\n\t<meta property=\"og:image:type\" content=\"image\/jpeg\" \/>\n<meta name=\"twitter:card\" content=\"summary_large_image\" \/>\n<meta name=\"twitter:label1\" content=\"Tiempo de lectura\" \/>\n\t<meta name=\"twitter:data1\" content=\"2 minutos\" \/>\n<script type=\"application\/ld+json\" class=\"yoast-schema-graph\">{\"@context\":\"https:\/\/schema.org\",\"@graph\":[{\"@type\":\"WebPage\",\"@id\":\"https:\/\/lacasitaeducativa.shop\/index.php\/producto\/sumas-y-restas-en-primavera\/\",\"url\":\"https:\/\/lacasitaeducativa.shop\/index.php\/producto\/sumas-y-restas-en-primavera\/\",\"name\":\"Sumas y restas en primavera - La Casita Educativa\",\"isPartOf\":{\"@id\":\"https:\/\/lacasitaeducativa.shop\/#website\"},\"primaryImageOfPage\":{\"@id\":\"https:\/\/lacasitaeducativa.shop\/index.php\/producto\/sumas-y-restas-en-primavera\/#primaryimage\"},\"image\":{\"@id\":\"https:\/\/lacasitaeducativa.shop\/index.php\/producto\/sumas-y-restas-en-primavera\/#primaryimage\"},\"thumbnailUrl\":\"https:\/\/lacasitaeducativa.shop\/wp-content\/uploads\/2026\/02\/Sumas-y-restas-en-primavera.jpg\",\"datePublished\":\"2026-02-13T10:24:55+00:00\",\"dateModified\":\"2026-02-18T17:39:34+00:00\",\"description\":\"Actividad matem\u00e1tica con pompones para reforzar el c\u00e1lculo, sobre todo sumas y restas y la motricidad fina de forma l\u00fadica.\",\"breadcrumb\":{\"@id\":\"https:\/\/lacasitaeducativa.shop\/index.php\/producto\/sumas-y-restas-en-primavera\/#breadcrumb\"},\"inLanguage\":\"es\",\"potentialAction\":[{\"@type\":\"ReadAction\",\"target\":[\"https:\/\/lacasitaeducativa.shop\/index.php\/producto\/sumas-y-restas-en-primavera\/\"]}]},{\"@type\":\"ImageObject\",\"inLanguage\":\"es\",\"@id\":\"https:\/\/lacasitaeducativa.shop\/index.php\/producto\/sumas-y-restas-en-primavera\/#primaryimage\",\"url\":\"https:\/\/lacasitaeducativa.shop\/wp-content\/uploads\/2026\/02\/Sumas-y-restas-en-primavera.jpg\",\"contentUrl\":\"https:\/\/lacasitaeducativa.shop\/wp-content\/uploads\/2026\/02\/Sumas-y-restas-en-primavera.jpg\",\"width\":1080,\"height\":1080,\"caption\":\"Material manipulativo de sumas y restas\"},{\"@type\":\"BreadcrumbList\",\"@id\":\"https:\/\/lacasitaeducativa.shop\/index.php\/producto\/sumas-y-restas-en-primavera\/#breadcrumb\",\"itemListElement\":[{\"@type\":\"ListItem\",\"position\":1,\"name\":\"Portada\",\"item\":\"https:\/\/lacasitaeducativa.shop\/\"},{\"@type\":\"ListItem\",\"position\":2,\"name\":\"Recursos\",\"item\":\"https:\/\/lacasitaeducativa.shop\/index.php\/tienda\/\"},{\"@type\":\"ListItem\",\"position\":3,\"name\":\"Sumas y restas en primavera\"}]},{\"@type\":\"WebSite\",\"@id\":\"https:\/\/lacasitaeducativa.shop\/#website\",\"url\":\"https:\/\/lacasitaeducativa.shop\/\",\"name\":\"La Casita Educativa\",\"description\":\"En esta casita encontrar\u00e9is todo tipo de recursos educativos infantiles, desde manualidades hasta actividades, juegos, cuentos, idiomas, adivinanzas y otros.\",\"publisher\":{\"@id\":\"https:\/\/lacasitaeducativa.shop\/#organization\"},\"potentialAction\":[{\"@type\":\"SearchAction\",\"target\":{\"@type\":\"EntryPoint\",\"urlTemplate\":\"https:\/\/lacasitaeducativa.shop\/?s={search_term_string}\"},\"query-input\":{\"@type\":\"PropertyValueSpecification\",\"valueRequired\":true,\"valueName\":\"search_term_string\"}}],\"inLanguage\":\"es\"},{\"@type\":\"Organization\",\"@id\":\"https:\/\/lacasitaeducativa.shop\/#organization\",\"name\":\"La Casita Educativa - LACASITAEDUCATIVA.SHOP\",\"url\":\"https:\/\/lacasitaeducativa.shop\/\",\"logo\":{\"@type\":\"ImageObject\",\"inLanguage\":\"es\",\"@id\":\"https:\/\/lacasitaeducativa.shop\/#\/schema\/logo\/image\/\",\"url\":\"https:\/\/lacasitaeducativa.shop\/wp-content\/uploads\/2020\/08\/Logos-la-casita-educativa-2-1.png\",\"contentUrl\":\"https:\/\/lacasitaeducativa.shop\/wp-content\/uploads\/2020\/08\/Logos-la-casita-educativa-2-1.png\",\"width\":500,\"height\":500,\"caption\":\"La Casita Educativa - LACASITAEDUCATIVA.SHOP\"},\"image\":{\"@id\":\"https:\/\/lacasitaeducativa.shop\/#\/schema\/logo\/image\/\"}}]}<\/script>\n<!-- \/ Yoast SEO plugin. -->","yoast_head_json":{"title":"Sumas y restas en primavera - La Casita Educativa","description":"Actividad matem\u00e1tica con pompones para reforzar el c\u00e1lculo, sobre todo sumas y restas y la motricidad fina de forma l\u00fadica.","robots":{"index":"index","follow":"follow","max-snippet":"max-snippet:-1","max-image-preview":"max-image-preview:large","max-video-preview":"max-video-preview:-1"},"canonical":"https:\/\/lacasitaeducativa.shop\/index.php\/producto\/sumas-y-restas-en-primavera\/","og_locale":"es_ES","og_type":"article","og_title":"Sumas y restas en primavera - La Casita Educativa","og_description":"Actividad matem\u00e1tica con pompones para reforzar el c\u00e1lculo, sobre todo sumas y restas y la motricidad fina de forma l\u00fadica.","og_url":"https:\/\/lacasitaeducativa.shop\/index.php\/producto\/sumas-y-restas-en-primavera\/","og_site_name":"La Casita Educativa","article_modified_time":"2026-02-18T17:39:34+00:00","og_image":[{"width":1080,"height":1080,"url":"https:\/\/lacasitaeducativa.shop\/wp-content\/uploads\/2026\/02\/Sumas-y-restas-en-primavera.jpg","type":"image\/jpeg"}],"twitter_card":"summary_large_image","twitter_misc":{"Tiempo de lectura":"2 minutos"},"schema":{"@context":"https:\/\/schema.org","@graph":[{"@type":"WebPage","@id":"https:\/\/lacasitaeducativa.shop\/index.php\/producto\/sumas-y-restas-en-primavera\/","url":"https:\/\/lacasitaeducativa.shop\/index.php\/producto\/sumas-y-restas-en-primavera\/","name":"Sumas y restas en primavera - La Casita Educativa","isPartOf":{"@id":"https:\/\/lacasitaeducativa.shop\/#website"},"primaryImageOfPage":{"@id":"https:\/\/lacasitaeducativa.shop\/index.php\/producto\/sumas-y-restas-en-primavera\/#primaryimage"},"image":{"@id":"https:\/\/lacasitaeducativa.shop\/index.php\/producto\/sumas-y-restas-en-primavera\/#primaryimage"},"thumbnailUrl":"https:\/\/lacasitaeducativa.shop\/wp-content\/uploads\/2026\/02\/Sumas-y-restas-en-primavera.jpg","datePublished":"2026-02-13T10:24:55+00:00","dateModified":"2026-02-18T17:39:34+00:00","description":"Actividad matem\u00e1tica con pompones para reforzar el c\u00e1lculo, sobre todo sumas y restas y la motricidad fina de forma l\u00fadica.","breadcrumb":{"@id":"https:\/\/lacasitaeducativa.shop\/index.php\/producto\/sumas-y-restas-en-primavera\/#breadcrumb"},"inLanguage":"es","potentialAction":[{"@type":"ReadAction","target":["https:\/\/lacasitaeducativa.shop\/index.php\/producto\/sumas-y-restas-en-primavera\/"]}]},{"@type":"ImageObject","inLanguage":"es","@id":"https:\/\/lacasitaeducativa.shop\/index.php\/producto\/sumas-y-restas-en-primavera\/#primaryimage","url":"https:\/\/lacasitaeducativa.shop\/wp-content\/uploads\/2026\/02\/Sumas-y-restas-en-primavera.jpg","contentUrl":"https:\/\/lacasitaeducativa.shop\/wp-content\/uploads\/2026\/02\/Sumas-y-restas-en-primavera.jpg","width":1080,"height":1080,"caption":"Material manipulativo de sumas y restas"},{"@type":"BreadcrumbList","@id":"https:\/\/lacasitaeducativa.shop\/index.php\/producto\/sumas-y-restas-en-primavera\/#breadcrumb","itemListElement":[{"@type":"ListItem","position":1,"name":"Portada","item":"https:\/\/lacasitaeducativa.shop\/"},{"@type":"ListItem","position":2,"name":"Recursos","item":"https:\/\/lacasitaeducativa.shop\/index.php\/tienda\/"},{"@type":"ListItem","position":3,"name":"Sumas y restas en primavera"}]},{"@type":"WebSite","@id":"https:\/\/lacasitaeducativa.shop\/#website","url":"https:\/\/lacasitaeducativa.shop\/","name":"La Casita Educativa","description":"En esta casita encontrar\u00e9is todo tipo de recursos educativos infantiles, desde manualidades hasta actividades, juegos, cuentos, idiomas, adivinanzas y otros.","publisher":{"@id":"https:\/\/lacasitaeducativa.shop\/#organization"},"potentialAction":[{"@type":"SearchAction","target":{"@type":"EntryPoint","urlTemplate":"https:\/\/lacasitaeducativa.shop\/?s={search_term_string}"},"query-input":{"@type":"PropertyValueSpecification","valueRequired":true,"valueName":"search_term_string"}}],"inLanguage":"es"},{"@type":"Organization","@id":"https:\/\/lacasitaeducativa.shop\/#organization","name":"La Casita Educativa - LACASITAEDUCATIVA.SHOP","url":"https:\/\/lacasitaeducativa.shop\/","logo":{"@type":"ImageObject","inLanguage":"es","@id":"https:\/\/lacasitaeducativa.shop\/#\/schema\/logo\/image\/","url":"https:\/\/lacasitaeducativa.shop\/wp-content\/uploads\/2020\/08\/Logos-la-casita-educativa-2-1.png","contentUrl":"https:\/\/lacasitaeducativa.shop\/wp-content\/uploads\/2020\/08\/Logos-la-casita-educativa-2-1.png","width":500,"height":500,"caption":"La Casita Educativa - LACASITAEDUCATIVA.SHOP"},"image":{"@id":"https:\/\/lacasitaeducativa.shop\/#\/schema\/logo\/image\/"}}]}},"_links":{"self":[{"href":"https:\/\/lacasitaeducativa.shop\/index.php\/wp-json\/wp\/v2\/product\/503440","targetHints":{"allow":["GET"]}}],"collection":[{"href":"https:\/\/lacasitaeducativa.shop\/index.php\/wp-json\/wp\/v2\/product"}],"about":[{"href":"https:\/\/lacasitaeducativa.shop\/index.php\/wp-json\/wp\/v2\/types\/product"}],"replies":[{"embeddable":true,"href":"https:\/\/lacasitaeducativa.shop\/index.php\/wp-json\/wp\/v2\/comments?post=503440"}],"wp:featuredmedia":[{"embeddable":true,"href":"https:\/\/lacasitaeducativa.shop\/index.php\/wp-json\/wp\/v2\/media\/503442"}],"wp:attachment":[{"href":"https:\/\/lacasitaeducativa.shop\/index.php\/wp-json\/wp\/v2\/media?parent=503440"}],"wp:term":[{"taxonomy":"product_brand","embeddable":true,"href":"https:\/\/lacasitaeducativa.shop\/index.php\/wp-json\/wp\/v2\/product_brand?post=503440"},{"taxonomy":"product_cat","embeddable":true,"href":"https:\/\/lacasitaeducativa.shop\/index.php\/wp-json\/wp\/v2\/product_cat?post=503440"},{"taxonomy":"product_tag","embeddable":true,"href":"https:\/\/lacasitaeducativa.shop\/index.php\/wp-json\/wp\/v2\/product_tag?post=503440"}],"curies":[{"name":"wp","href":"https:\/\/api.w.org\/{rel}","templated":true}]}}