{"id":504749,"date":"2026-02-25T14:42:50","date_gmt":"2026-02-25T14:42:50","guid":{"rendered":"https:\/\/lacasitaeducativa.shop\/?post_type=product&#038;p=504749"},"modified":"2026-03-08T17:15:35","modified_gmt":"2026-03-08T17:15:35","slug":"conteo-pirata-juego-manipulativo-de-numeros-del-1-al-10-para-educacion-infantil","status":"publish","type":"product","link":"https:\/\/lacasitaeducativa.shop\/index.php\/producto\/conteo-pirata-juego-manipulativo-de-numeros-del-1-al-10-para-educacion-infantil\/","title":{"rendered":"Conteo Pirata | Juego manipulativo de n\u00fameros del 1 al 10 para Educaci\u00f3n Infantil"},"content":{"rendered":"<h2 data-start=\"930\" data-end=\"992\">\u2693 Material manipulativo para trabajar el conteo en Infantil<\/h2>\n<p data-start=\"994\" data-end=\"1147\"><strong data-start=\"1146\" data-end=\"1183\">Conteo pirata infantil imprimible<\/strong> est\u00e1 dise\u00f1ado para trabajar los n\u00fameros del 1 al 10 mediante un juego manipulativo divertido y motivador para Educaci\u00f3n Infantil. Este recurso permite introducir las matem\u00e1ticas de forma visual, pr\u00e1ctica y motivadora, favoreciendo el aprendizaje significativo desde edades tempranas.<\/p>\n<p data-start=\"1149\" data-end=\"1163\">Perfecto para:<\/p>\n<ul data-start=\"1165\" data-end=\"1309\">\n<li data-start=\"1165\" data-end=\"1187\">\n<p data-start=\"1167\" data-end=\"1187\">rincones matem\u00e1ticos<\/p>\n<\/li>\n<li data-start=\"1188\" data-end=\"1216\">\n<p data-start=\"1190\" data-end=\"1216\">aprendizaje por estaciones<\/p>\n<\/li>\n<li data-start=\"1217\" data-end=\"1235\">\n<p data-start=\"1219\" data-end=\"1235\">trabajo aut\u00f3nomo<\/p>\n<\/li>\n<li data-start=\"1236\" data-end=\"1256\">\n<p data-start=\"1238\" data-end=\"1256\">refuerzo educativo<\/p>\n<\/li>\n<li data-start=\"1257\" data-end=\"1277\">\n<p data-start=\"1259\" data-end=\"1277\">actividades TEACCH<\/p>\n<\/li>\n<li data-start=\"1278\" data-end=\"1293\">\n<p data-start=\"1280\" data-end=\"1293\">apoyo PT y AL<\/p>\n<\/li>\n<li data-start=\"1294\" data-end=\"1309\">\n<p data-start=\"1296\" data-end=\"1309\">homeschooling<\/p>\n<\/li>\n<\/ul>\n<h2 data-start=\"1316\" data-end=\"1346\">\ud83e\udded \u00bfQu\u00e9 incluye el recurso?<\/h2>\n<ul data-start=\"1348\" data-end=\"1538\">\n<li data-start=\"1348\" data-end=\"1381\">\n<p data-start=\"1350\" data-end=\"1381\">\ud83c\udff4\u200d\u2620\ufe0f 18 Tarjetas de conteo pirata<\/p>\n<\/li>\n<\/ul>\n<p data-start=\"1540\" data-end=\"1585\">Material reutilizable ideal para plastificar.<\/p>\n<h2 data-start=\"1592\" data-end=\"1618\">\ud83e\udde0 Objetivos educativos<\/h2>\n<p data-start=\"1620\" data-end=\"1687\">Este material educativo de matem\u00e1ticas infantiles ayuda a trabajar:<\/p>\n<p data-start=\"1689\" data-end=\"1873\">\u2714 Conteo del 1 al 10<br data-start=\"1709\" data-end=\"1712\" \/>\u2714 Reconocimiento de n\u00fameros<br data-start=\"1739\" data-end=\"1742\" \/>\u2714 Correspondencia uno a uno<br data-start=\"1769\" data-end=\"1772\" \/>\u2714 Iniciaci\u00f3n al c\u00e1lculo<br data-start=\"1795\" data-end=\"1798\" \/>\u2714 Atenci\u00f3n y concentraci\u00f3n<br data-start=\"1824\" data-end=\"1827\" \/>\u2714 Motricidad fina<br data-start=\"1844\" data-end=\"1847\" \/>\u2714 Vocabulario pirata<\/p>\n<h2 data-start=\"1880\" data-end=\"1902\">\ud83d\udc67 Edad recomendada<\/h2>\n<ul data-start=\"1904\" data-end=\"2034\">\n<li data-start=\"1904\" data-end=\"1937\">\n<p data-start=\"1906\" data-end=\"1937\">Educaci\u00f3n Infantil (3-6 a\u00f1os)<\/p>\n<\/li>\n<li data-start=\"1938\" data-end=\"1976\">\n<p data-start=\"1940\" data-end=\"1976\">Primer ciclo de Educaci\u00f3n Primaria<\/p>\n<\/li>\n<li data-start=\"1977\" data-end=\"2034\">\n<p data-start=\"1979\" data-end=\"2034\">Alumnado con necesidades espec\u00edficas de apoyo educativo<\/p>\n<\/li>\n<\/ul>\n<h2 data-start=\"2041\" data-end=\"2084\">\ud83d\uddfa\ufe0f Beneficios del material manipulativo<\/h2>\n<p data-start=\"2086\" data-end=\"2241\">El aprendizaje manipulativo facilita la comprensi\u00f3n matem\u00e1tica porque los ni\u00f1os <strong data-start=\"2166\" data-end=\"2199\">tocan, cuentan y experimentan<\/strong> antes de pasar a la abstracci\u00f3n num\u00e9rica.<\/p>\n<p data-start=\"2243\" data-end=\"2330\">La tem\u00e1tica pirata aumenta la motivaci\u00f3n y favorece la participaci\u00f3n activa en el aula.<\/p>\n<h2 data-start=\"2337\" data-end=\"2363\">\ud83d\udce5 Formato del producto<\/h2>\n<ul data-start=\"2365\" data-end=\"2498\">\n<li data-start=\"2365\" data-end=\"2395\">\n<p data-start=\"2367\" data-end=\"2395\">Producto digital descargable<\/p>\n<\/li>\n<li data-start=\"2396\" data-end=\"2409\">\n<p data-start=\"2398\" data-end=\"2409\">Formato PDF<\/p>\n<\/li>\n<li data-start=\"2410\" data-end=\"2442\">\n<p data-start=\"2412\" data-end=\"2442\">Uso ilimitado tras la descarga<\/p>\n<\/li>\n<li data-start=\"2443\" data-end=\"2498\">\n<p data-start=\"2445\" data-end=\"2498\">Imprime, plastifica y juega tantas veces como quieras<\/p>\n<\/li>\n<\/ul>\n","protected":false},"excerpt":{"rendered":"<p><strong data-start=\"476\" data-end=\"493\">Conteo Pirata<\/strong> es un material educativo manipulativo dise\u00f1ado para trabajar el <strong data-start=\"558\" data-end=\"630\">conteo, los n\u00fameros del 1 al 10 y la correspondencia n\u00famero-cantidad<\/strong> mediante el juego y la exploraci\u00f3n con tem\u00e1tica de Piratas.<\/p>\n<p>Ideal para Educaci\u00f3n Infantil y Primer Ciclo de Primaria.<\/p>\n<p><script async src=\"https:\/\/pagead2.googlesyndication.com\/pagead\/js\/adsbygoogle.js\"><\/script><br \/>\n<!-- Horizontal-Adaptable --><br \/>\n<ins class=\"adsbygoogle\" style=\"display: block;\" data-ad-client=\"ca-pub-1103545772104863\" data-ad-slot=\"5194289265\" data-ad-format=\"auto\" data-full-width-responsive=\"true\"><\/ins><br \/>\n<script>\n     (adsbygoogle = window.adsbygoogle || []).push({});\n<\/script><\/p>\n","protected":false},"featured_media":504929,"comment_status":"open","ping_status":"closed","template":"","meta":{"site-sidebar-layout":"default","site-content-layout":"","ast-site-content-layout":"default","site-content-style":"default","site-sidebar-style":"default","ast-global-header-display":"","ast-banner-title-visibility":"","ast-main-header-display":"","ast-hfb-above-header-display":"","ast-hfb-below-header-display":"","ast-hfb-mobile-header-display":"","site-post-title":"","ast-breadcrumbs-content":"","ast-featured-img":"","footer-sml-layout":"","ast-disable-related-posts":"","theme-transparent-header-meta":"default","adv-header-id-meta":"","stick-header-meta":"","header-above-stick-meta":"","header-main-stick-meta":"","header-below-stick-meta":"","astra-migrate-meta-layouts":"set","ast-page-background-enabled":"default","ast-page-background-meta":{"desktop":{"background-color":"","background-image":"","background-repeat":"repeat","background-position":"center center","background-size":"auto","background-attachment":"scroll","background-type":"","background-media":"","overlay-type":"","overlay-color":"","overlay-opacity":"","overlay-gradient":""},"tablet":{"background-color":"","background-image":"","background-repeat":"repeat","background-position":"center center","background-size":"auto","background-attachment":"scroll","background-type":"","background-media":"","overlay-type":"","overlay-color":"","overlay-opacity":"","overlay-gradient":""},"mobile":{"background-color":"","background-image":"","background-repeat":"repeat","background-position":"center center","background-size":"auto","background-attachment":"scroll","background-type":"","background-media":"","overlay-type":"","overlay-color":"","overlay-opacity":"","overlay-gradient":""}},"ast-content-background-meta":{"desktop":{"background-color":"var(--ast-global-color-5)","background-image":"","background-repeat":"repeat","background-position":"center center","background-size":"auto","background-attachment":"scroll","background-type":"","background-media":"","overlay-type":"","overlay-color":"","overlay-opacity":"","overlay-gradient":""},"tablet":{"background-color":"var(--ast-global-color-5)","background-image":"","background-repeat":"repeat","background-position":"center center","background-size":"auto","background-attachment":"scroll","background-type":"","background-media":"","overlay-type":"","overlay-color":"","overlay-opacity":"","overlay-gradient":""},"mobile":{"background-color":"var(--ast-global-color-5)","background-image":"","background-repeat":"repeat","background-position":"center center","background-size":"auto","background-attachment":"scroll","background-type":"","background-media":"","overlay-type":"","overlay-color":"","overlay-opacity":"","overlay-gradient":""}}},"product_brand":[],"product_cat":[91],"product_tag":[781,775,780,778,777,776,779,782],"class_list":{"0":"post-504749","1":"product","2":"type-product","3":"status-publish","4":"has-post-thumbnail","6":"product_cat-numeros","7":"product_tag-actividad-piratas-infantil","8":"product_tag-conteo-infantil","9":"product_tag-educacion-infantil-matematicas","10":"product_tag-juego-matematico-infantil","11":"product_tag-matematicas-infantil","12":"product_tag-numeros-1-al-10","13":"product_tag-recurso-educativo-imprimible","14":"product_tag-recursos-aula-infantil","15":"desktop-align-left","16":"tablet-align-left","17":"mobile-align-left","19":"first","20":"instock","21":"downloadable","22":"virtual","23":"taxable","24":"purchasable","25":"product-type-simple"},"yoast_head":"<!-- This site is optimized with the Yoast SEO plugin v26.8 - https:\/\/yoast.com\/product\/yoast-seo-wordpress\/ -->\n<title>Conteo Pirata | Juego manipulativo de n\u00fameros del 1 al 10 para Educaci\u00f3n Infantil - La Casita Educativa<\/title>\n<meta name=\"description\" content=\"Material de conteo con tem\u00e1tica pirata para trabajar los n\u00fameros del 1 al 10 en Educaci\u00f3n Infantil. Juego matem\u00e1tico imprimible.\" \/>\n<meta name=\"robots\" content=\"index, follow, max-snippet:-1, max-image-preview:large, max-video-preview:-1\" \/>\n<link rel=\"canonical\" href=\"https:\/\/lacasitaeducativa.shop\/index.php\/producto\/conteo-pirata-juego-manipulativo-de-numeros-del-1-al-10-para-educacion-infantil\/\" \/>\n<meta property=\"og:locale\" content=\"es_ES\" \/>\n<meta property=\"og:type\" content=\"article\" \/>\n<meta property=\"og:title\" content=\"Conteo Pirata | Juego manipulativo de n\u00fameros del 1 al 10 para Educaci\u00f3n Infantil - La Casita Educativa\" \/>\n<meta property=\"og:description\" content=\"Material de conteo con tem\u00e1tica pirata para trabajar los n\u00fameros del 1 al 10 en Educaci\u00f3n Infantil. Juego matem\u00e1tico imprimible.\" \/>\n<meta property=\"og:url\" content=\"https:\/\/lacasitaeducativa.shop\/index.php\/producto\/conteo-pirata-juego-manipulativo-de-numeros-del-1-al-10-para-educacion-infantil\/\" \/>\n<meta property=\"og:site_name\" content=\"La Casita Educativa\" \/>\n<meta property=\"article:modified_time\" content=\"2026-03-08T17:15:35+00:00\" \/>\n<meta property=\"og:image\" content=\"https:\/\/lacasitaeducativa.shop\/wp-content\/uploads\/2026\/02\/Aprender-a-contar-con-piratas.jpg\" \/>\n\t<meta property=\"og:image:width\" content=\"1080\" \/>\n\t<meta property=\"og:image:height\" content=\"1080\" \/>\n\t<meta property=\"og:image:type\" content=\"image\/jpeg\" \/>\n<meta name=\"twitter:card\" content=\"summary_large_image\" \/>\n<meta name=\"twitter:label1\" content=\"Tiempo de lectura\" \/>\n\t<meta name=\"twitter:data1\" content=\"2 minutos\" \/>\n<script type=\"application\/ld+json\" class=\"yoast-schema-graph\">{\"@context\":\"https:\/\/schema.org\",\"@graph\":[{\"@type\":\"WebPage\",\"@id\":\"https:\/\/lacasitaeducativa.shop\/index.php\/producto\/conteo-pirata-juego-manipulativo-de-numeros-del-1-al-10-para-educacion-infantil\/\",\"url\":\"https:\/\/lacasitaeducativa.shop\/index.php\/producto\/conteo-pirata-juego-manipulativo-de-numeros-del-1-al-10-para-educacion-infantil\/\",\"name\":\"Conteo Pirata | Juego manipulativo de n\u00fameros del 1 al 10 para Educaci\u00f3n Infantil - La Casita Educativa\",\"isPartOf\":{\"@id\":\"https:\/\/lacasitaeducativa.shop\/#website\"},\"primaryImageOfPage\":{\"@id\":\"https:\/\/lacasitaeducativa.shop\/index.php\/producto\/conteo-pirata-juego-manipulativo-de-numeros-del-1-al-10-para-educacion-infantil\/#primaryimage\"},\"image\":{\"@id\":\"https:\/\/lacasitaeducativa.shop\/index.php\/producto\/conteo-pirata-juego-manipulativo-de-numeros-del-1-al-10-para-educacion-infantil\/#primaryimage\"},\"thumbnailUrl\":\"https:\/\/lacasitaeducativa.shop\/wp-content\/uploads\/2026\/02\/Aprender-a-contar-con-piratas.jpg\",\"datePublished\":\"2026-02-25T14:42:50+00:00\",\"dateModified\":\"2026-03-08T17:15:35+00:00\",\"description\":\"Material de conteo con tem\u00e1tica pirata para trabajar los n\u00fameros del 1 al 10 en Educaci\u00f3n Infantil. Juego matem\u00e1tico imprimible.\",\"breadcrumb\":{\"@id\":\"https:\/\/lacasitaeducativa.shop\/index.php\/producto\/conteo-pirata-juego-manipulativo-de-numeros-del-1-al-10-para-educacion-infantil\/#breadcrumb\"},\"inLanguage\":\"es\",\"potentialAction\":[{\"@type\":\"ReadAction\",\"target\":[\"https:\/\/lacasitaeducativa.shop\/index.php\/producto\/conteo-pirata-juego-manipulativo-de-numeros-del-1-al-10-para-educacion-infantil\/\"]}]},{\"@type\":\"ImageObject\",\"inLanguage\":\"es\",\"@id\":\"https:\/\/lacasitaeducativa.shop\/index.php\/producto\/conteo-pirata-juego-manipulativo-de-numeros-del-1-al-10-para-educacion-infantil\/#primaryimage\",\"url\":\"https:\/\/lacasitaeducativa.shop\/wp-content\/uploads\/2026\/02\/Aprender-a-contar-con-piratas.jpg\",\"contentUrl\":\"https:\/\/lacasitaeducativa.shop\/wp-content\/uploads\/2026\/02\/Aprender-a-contar-con-piratas.jpg\",\"width\":1080,\"height\":1080,\"caption\":\"Aprender a contar con piratas\"},{\"@type\":\"BreadcrumbList\",\"@id\":\"https:\/\/lacasitaeducativa.shop\/index.php\/producto\/conteo-pirata-juego-manipulativo-de-numeros-del-1-al-10-para-educacion-infantil\/#breadcrumb\",\"itemListElement\":[{\"@type\":\"ListItem\",\"position\":1,\"name\":\"Portada\",\"item\":\"https:\/\/lacasitaeducativa.shop\/\"},{\"@type\":\"ListItem\",\"position\":2,\"name\":\"Recursos\",\"item\":\"https:\/\/lacasitaeducativa.shop\/index.php\/tienda\/\"},{\"@type\":\"ListItem\",\"position\":3,\"name\":\"Conteo Pirata | Juego manipulativo de n\u00fameros del 1 al 10 para Educaci\u00f3n Infantil\"}]},{\"@type\":\"WebSite\",\"@id\":\"https:\/\/lacasitaeducativa.shop\/#website\",\"url\":\"https:\/\/lacasitaeducativa.shop\/\",\"name\":\"La Casita Educativa\",\"description\":\"En esta casita encontrar\u00e9is todo tipo de recursos educativos infantiles, desde manualidades hasta actividades, juegos, cuentos, idiomas, adivinanzas y otros.\",\"publisher\":{\"@id\":\"https:\/\/lacasitaeducativa.shop\/#organization\"},\"potentialAction\":[{\"@type\":\"SearchAction\",\"target\":{\"@type\":\"EntryPoint\",\"urlTemplate\":\"https:\/\/lacasitaeducativa.shop\/?s={search_term_string}\"},\"query-input\":{\"@type\":\"PropertyValueSpecification\",\"valueRequired\":true,\"valueName\":\"search_term_string\"}}],\"inLanguage\":\"es\"},{\"@type\":\"Organization\",\"@id\":\"https:\/\/lacasitaeducativa.shop\/#organization\",\"name\":\"La Casita Educativa - LACASITAEDUCATIVA.SHOP\",\"url\":\"https:\/\/lacasitaeducativa.shop\/\",\"logo\":{\"@type\":\"ImageObject\",\"inLanguage\":\"es\",\"@id\":\"https:\/\/lacasitaeducativa.shop\/#\/schema\/logo\/image\/\",\"url\":\"https:\/\/lacasitaeducativa.shop\/wp-content\/uploads\/2020\/08\/Logos-la-casita-educativa-2-1.png\",\"contentUrl\":\"https:\/\/lacasitaeducativa.shop\/wp-content\/uploads\/2020\/08\/Logos-la-casita-educativa-2-1.png\",\"width\":500,\"height\":500,\"caption\":\"La Casita Educativa - LACASITAEDUCATIVA.SHOP\"},\"image\":{\"@id\":\"https:\/\/lacasitaeducativa.shop\/#\/schema\/logo\/image\/\"}}]}<\/script>\n<!-- \/ Yoast SEO plugin. -->","yoast_head_json":{"title":"Conteo Pirata | Juego manipulativo de n\u00fameros del 1 al 10 para Educaci\u00f3n Infantil - La Casita Educativa","description":"Material de conteo con tem\u00e1tica pirata para trabajar los n\u00fameros del 1 al 10 en Educaci\u00f3n Infantil. Juego matem\u00e1tico imprimible.","robots":{"index":"index","follow":"follow","max-snippet":"max-snippet:-1","max-image-preview":"max-image-preview:large","max-video-preview":"max-video-preview:-1"},"canonical":"https:\/\/lacasitaeducativa.shop\/index.php\/producto\/conteo-pirata-juego-manipulativo-de-numeros-del-1-al-10-para-educacion-infantil\/","og_locale":"es_ES","og_type":"article","og_title":"Conteo Pirata | Juego manipulativo de n\u00fameros del 1 al 10 para Educaci\u00f3n Infantil - La Casita Educativa","og_description":"Material de conteo con tem\u00e1tica pirata para trabajar los n\u00fameros del 1 al 10 en Educaci\u00f3n Infantil. Juego matem\u00e1tico imprimible.","og_url":"https:\/\/lacasitaeducativa.shop\/index.php\/producto\/conteo-pirata-juego-manipulativo-de-numeros-del-1-al-10-para-educacion-infantil\/","og_site_name":"La Casita Educativa","article_modified_time":"2026-03-08T17:15:35+00:00","og_image":[{"width":1080,"height":1080,"url":"https:\/\/lacasitaeducativa.shop\/wp-content\/uploads\/2026\/02\/Aprender-a-contar-con-piratas.jpg","type":"image\/jpeg"}],"twitter_card":"summary_large_image","twitter_misc":{"Tiempo de lectura":"2 minutos"},"schema":{"@context":"https:\/\/schema.org","@graph":[{"@type":"WebPage","@id":"https:\/\/lacasitaeducativa.shop\/index.php\/producto\/conteo-pirata-juego-manipulativo-de-numeros-del-1-al-10-para-educacion-infantil\/","url":"https:\/\/lacasitaeducativa.shop\/index.php\/producto\/conteo-pirata-juego-manipulativo-de-numeros-del-1-al-10-para-educacion-infantil\/","name":"Conteo Pirata | Juego manipulativo de n\u00fameros del 1 al 10 para Educaci\u00f3n Infantil - La Casita Educativa","isPartOf":{"@id":"https:\/\/lacasitaeducativa.shop\/#website"},"primaryImageOfPage":{"@id":"https:\/\/lacasitaeducativa.shop\/index.php\/producto\/conteo-pirata-juego-manipulativo-de-numeros-del-1-al-10-para-educacion-infantil\/#primaryimage"},"image":{"@id":"https:\/\/lacasitaeducativa.shop\/index.php\/producto\/conteo-pirata-juego-manipulativo-de-numeros-del-1-al-10-para-educacion-infantil\/#primaryimage"},"thumbnailUrl":"https:\/\/lacasitaeducativa.shop\/wp-content\/uploads\/2026\/02\/Aprender-a-contar-con-piratas.jpg","datePublished":"2026-02-25T14:42:50+00:00","dateModified":"2026-03-08T17:15:35+00:00","description":"Material de conteo con tem\u00e1tica pirata para trabajar los n\u00fameros del 1 al 10 en Educaci\u00f3n Infantil. Juego matem\u00e1tico imprimible.","breadcrumb":{"@id":"https:\/\/lacasitaeducativa.shop\/index.php\/producto\/conteo-pirata-juego-manipulativo-de-numeros-del-1-al-10-para-educacion-infantil\/#breadcrumb"},"inLanguage":"es","potentialAction":[{"@type":"ReadAction","target":["https:\/\/lacasitaeducativa.shop\/index.php\/producto\/conteo-pirata-juego-manipulativo-de-numeros-del-1-al-10-para-educacion-infantil\/"]}]},{"@type":"ImageObject","inLanguage":"es","@id":"https:\/\/lacasitaeducativa.shop\/index.php\/producto\/conteo-pirata-juego-manipulativo-de-numeros-del-1-al-10-para-educacion-infantil\/#primaryimage","url":"https:\/\/lacasitaeducativa.shop\/wp-content\/uploads\/2026\/02\/Aprender-a-contar-con-piratas.jpg","contentUrl":"https:\/\/lacasitaeducativa.shop\/wp-content\/uploads\/2026\/02\/Aprender-a-contar-con-piratas.jpg","width":1080,"height":1080,"caption":"Aprender a contar con piratas"},{"@type":"BreadcrumbList","@id":"https:\/\/lacasitaeducativa.shop\/index.php\/producto\/conteo-pirata-juego-manipulativo-de-numeros-del-1-al-10-para-educacion-infantil\/#breadcrumb","itemListElement":[{"@type":"ListItem","position":1,"name":"Portada","item":"https:\/\/lacasitaeducativa.shop\/"},{"@type":"ListItem","position":2,"name":"Recursos","item":"https:\/\/lacasitaeducativa.shop\/index.php\/tienda\/"},{"@type":"ListItem","position":3,"name":"Conteo Pirata | Juego manipulativo de n\u00fameros del 1 al 10 para Educaci\u00f3n Infantil"}]},{"@type":"WebSite","@id":"https:\/\/lacasitaeducativa.shop\/#website","url":"https:\/\/lacasitaeducativa.shop\/","name":"La Casita Educativa","description":"En esta casita encontrar\u00e9is todo tipo de recursos educativos infantiles, desde manualidades hasta actividades, juegos, cuentos, idiomas, adivinanzas y otros.","publisher":{"@id":"https:\/\/lacasitaeducativa.shop\/#organization"},"potentialAction":[{"@type":"SearchAction","target":{"@type":"EntryPoint","urlTemplate":"https:\/\/lacasitaeducativa.shop\/?s={search_term_string}"},"query-input":{"@type":"PropertyValueSpecification","valueRequired":true,"valueName":"search_term_string"}}],"inLanguage":"es"},{"@type":"Organization","@id":"https:\/\/lacasitaeducativa.shop\/#organization","name":"La Casita Educativa - LACASITAEDUCATIVA.SHOP","url":"https:\/\/lacasitaeducativa.shop\/","logo":{"@type":"ImageObject","inLanguage":"es","@id":"https:\/\/lacasitaeducativa.shop\/#\/schema\/logo\/image\/","url":"https:\/\/lacasitaeducativa.shop\/wp-content\/uploads\/2020\/08\/Logos-la-casita-educativa-2-1.png","contentUrl":"https:\/\/lacasitaeducativa.shop\/wp-content\/uploads\/2020\/08\/Logos-la-casita-educativa-2-1.png","width":500,"height":500,"caption":"La Casita Educativa - LACASITAEDUCATIVA.SHOP"},"image":{"@id":"https:\/\/lacasitaeducativa.shop\/#\/schema\/logo\/image\/"}}]}},"_links":{"self":[{"href":"https:\/\/lacasitaeducativa.shop\/index.php\/wp-json\/wp\/v2\/product\/504749","targetHints":{"allow":["GET"]}}],"collection":[{"href":"https:\/\/lacasitaeducativa.shop\/index.php\/wp-json\/wp\/v2\/product"}],"about":[{"href":"https:\/\/lacasitaeducativa.shop\/index.php\/wp-json\/wp\/v2\/types\/product"}],"replies":[{"embeddable":true,"href":"https:\/\/lacasitaeducativa.shop\/index.php\/wp-json\/wp\/v2\/comments?post=504749"}],"wp:featuredmedia":[{"embeddable":true,"href":"https:\/\/lacasitaeducativa.shop\/index.php\/wp-json\/wp\/v2\/media\/504929"}],"wp:attachment":[{"href":"https:\/\/lacasitaeducativa.shop\/index.php\/wp-json\/wp\/v2\/media?parent=504749"}],"wp:term":[{"taxonomy":"product_brand","embeddable":true,"href":"https:\/\/lacasitaeducativa.shop\/index.php\/wp-json\/wp\/v2\/product_brand?post=504749"},{"taxonomy":"product_cat","embeddable":true,"href":"https:\/\/lacasitaeducativa.shop\/index.php\/wp-json\/wp\/v2\/product_cat?post=504749"},{"taxonomy":"product_tag","embeddable":true,"href":"https:\/\/lacasitaeducativa.shop\/index.php\/wp-json\/wp\/v2\/product_tag?post=504749"}],"curies":[{"name":"wp","href":"https:\/\/api.w.org\/{rel}","templated":true}]}}