{"id":505558,"date":"2026-03-01T18:37:17","date_gmt":"2026-03-01T18:37:17","guid":{"rendered":"https:\/\/lacasitaeducativa.shop\/?post_type=product&#038;p=505558"},"modified":"2026-03-01T18:37:17","modified_gmt":"2026-03-01T18:37:17","slug":"lectoescritura-con-policubos","status":"publish","type":"product","link":"https:\/\/lacasitaeducativa.shop\/index.php\/producto\/lectoescritura-con-policubos\/","title":{"rendered":"Lectoescritura con Policubos"},"content":{"rendered":"<h2 data-start=\"972\" data-end=\"1012\">\ud83c\udfaf \u00bfQu\u00e9 se trabaja con este material?<\/h2>\n<ul data-start=\"1014\" data-end=\"1230\">\n<li data-start=\"1014\" data-end=\"1040\">\n<p data-start=\"1016\" data-end=\"1040\">Lectoescritura inicial<\/p>\n<\/li>\n<li data-start=\"1041\" data-end=\"1066\">\n<p data-start=\"1043\" data-end=\"1066\">Conciencia fonol\u00f3gica<\/p>\n<\/li>\n<li data-start=\"1094\" data-end=\"1119\">\n<p data-start=\"1096\" data-end=\"1119\">Discriminaci\u00f3n visual<\/p>\n<\/li>\n<li data-start=\"1120\" data-end=\"1154\">\n<p data-start=\"1122\" data-end=\"1154\">Atenci\u00f3n y razonamiento l\u00f3gico<\/p>\n<\/li>\n<li data-start=\"1155\" data-end=\"1183\">\n<p data-start=\"1157\" data-end=\"1183\">Construcci\u00f3n de palabras<\/p>\n<\/li>\n<li data-start=\"1184\" data-end=\"1203\">\n<p data-start=\"1186\" data-end=\"1203\">Motricidad fina<\/p>\n<\/li>\n<li data-start=\"1204\" data-end=\"1230\">\n<p data-start=\"1206\" data-end=\"1230\">Aprendizaje manipulativo<\/p>\n<\/li>\n<\/ul>\n<h2 data-start=\"1237\" data-end=\"1257\">\u2728 \u00bfC\u00f3mo funciona?<\/h2>\n<p data-start=\"1259\" data-end=\"1510\">1\ufe0f\u20e3 Observan la plantilla con policubos de colores.<br data-start=\"1310\" data-end=\"1313\" \/>2\ufe0f\u20e3 Cada color en cada plantilla representa una letra.<br data-start=\"1349\" data-end=\"1352\" \/>3\ufe0f\u20e3 Descubren la palabra siguiendo las pistas.<br data-start=\"1398\" data-end=\"1401\" \/>4\ufe0f\u20e3 Escriben la palabra descubierta.<br data-start=\"1437\" data-end=\"1440\" \/>5\ufe0f\u20e3 Construyen la palabra con policubos reales respetando los colores.<\/p>\n<p data-start=\"1512\" data-end=\"1557\">\ud83d\udc49 Aprender leyendo, pensando y construyendo.<\/p>\n<h2 data-start=\"1564\" data-end=\"1591\">\ud83e\udde0 Beneficios educativos<\/h2>\n<p data-start=\"1593\" data-end=\"1794\">\u2714\ufe0f Aprendizaje activo y significativo<br data-start=\"1630\" data-end=\"1633\" \/>\u2714\ufe0f Favorece la comprensi\u00f3n lectora inicial<br data-start=\"1675\" data-end=\"1678\" \/>\u2714\ufe0f Refuerza la memoria visual<br data-start=\"1707\" data-end=\"1710\" \/>\u2714\ufe0f Incrementa la motivaci\u00f3n del alumnado<br data-start=\"1750\" data-end=\"1753\" \/>\u2714\ufe0f Ideal para trabajo aut\u00f3nomo y rincones<\/p>\n<h2 data-start=\"1801\" data-end=\"1825\">\ud83d\udc67\ud83d\udc66 Recomendado para<\/h2>\n<ul data-start=\"1827\" data-end=\"2023\">\n<li data-start=\"1827\" data-end=\"1864\">\n<p data-start=\"1829\" data-end=\"1864\">Educaci\u00f3n Infantil (\u00faltimo curso)<\/p>\n<\/li>\n<li data-start=\"1865\" data-end=\"1903\">\n<p data-start=\"1867\" data-end=\"1903\">Primer ciclo de Educaci\u00f3n Primaria<\/p>\n<\/li>\n<li data-start=\"1904\" data-end=\"1934\">\n<p data-start=\"1906\" data-end=\"1934\">Refuerzo de lectoescritura<\/p>\n<\/li>\n<li data-start=\"1935\" data-end=\"1961\">\n<p data-start=\"1937\" data-end=\"1961\">Rincones manipulativos<\/p>\n<\/li>\n<li data-start=\"1962\" data-end=\"1990\">\n<p data-start=\"1964\" data-end=\"1990\">Atenci\u00f3n a la diversidad<\/p>\n<\/li>\n<li data-start=\"1991\" data-end=\"2023\">\n<p data-start=\"1993\" data-end=\"2023\">Aprendizaje basado en el juego<\/p>\n<\/li>\n<\/ul>\n<h2 data-start=\"2030\" data-end=\"2043\">\ud83d\udce6 Incluye<\/h2>\n<ul data-start=\"2045\" data-end=\"2233\">\n<li data-start=\"2045\" data-end=\"2097\">\n<p data-start=\"2047\" data-end=\"2097\">40 Plantillas con palabras codificadas en policubos<\/p>\n<\/li>\n<li data-start=\"2098\" data-end=\"2140\">\n<p data-start=\"2100\" data-end=\"2140\">Sistema de correspondencia color-letra<\/p>\n<\/li>\n<li data-start=\"2141\" data-end=\"2195\">\n<p data-start=\"2143\" data-end=\"2195\">Actividad de escritura y construcci\u00f3n manipulativa<\/p>\n<\/li>\n<li data-start=\"2196\" data-end=\"2233\">\n<p data-start=\"2198\" data-end=\"2233\">Material listo para imprimir y usar<\/p>\n<\/li>\n<\/ul>\n<h2 data-start=\"2240\" data-end=\"2269\">\ud83c\udfeb Ideas de uso en el aula<\/h2>\n<ul>\n<li data-start=\"2271\" data-end=\"2299\">\n<p data-start=\"2273\" data-end=\"2299\">Rinc\u00f3n de lectoescritura<\/p>\n<\/li>\n<li data-start=\"2300\" data-end=\"2329\">\n<p data-start=\"2302\" data-end=\"2329\">Retos diarios de palabras<\/p>\n<\/li>\n<li data-start=\"2330\" data-end=\"2353\">\n<p data-start=\"2332\" data-end=\"2353\">Trabajo cooperativo<\/p>\n<\/li>\n<li data-start=\"2354\" data-end=\"2380\">\n<p data-start=\"2356\" data-end=\"2380\">Centros de aprendizaje<\/p>\n<\/li>\n<li data-start=\"2381\" data-end=\"2406\">\n<p data-start=\"2383\" data-end=\"2406\">Actividades de refuerzo<\/p>\n<\/li>\n<\/ul>\n<p>*Si quieres ver otros materiales d\u00f3nde se trabaja con policubos, mira\u00a0<a href=\"https:\/\/lacasitaeducativa.shop\/?s=policubos&amp;post_type=product\" target=\"_blank\" rel=\"noopener\">AQU\u00cd<\/a><\/p>\n","protected":false},"excerpt":{"rendered":"<p><strong data-start=\"360\" data-end=\"396\">Adivina la palabra con policubos<\/strong> es un <strong data-start=\"403\" data-end=\"437\">recurso educativo manipulativo<\/strong> dise\u00f1ado para trabajar la <strong data-start=\"464\" data-end=\"520\">lectoescritura, la l\u00f3gica y la conciencia fonol\u00f3gica<\/strong> mediante el juego y la construcci\u00f3n con policubos.<\/p>\n<p data-start=\"573\" data-end=\"839\">Cada plantilla presenta una secuencia de policubos de colores. Cada color corresponde a una letra, por lo que el alumnado deber\u00e1 <strong data-start=\"702\" data-end=\"734\">descifrar la palabra secreta<\/strong>, escribirla y posteriormente <strong data-start=\"764\" data-end=\"807\">construirla utilizando policubos reales<\/strong> siguiendo el c\u00f3digo de colores.<\/p>\n<p data-start=\"841\" data-end=\"965\">Un material altamente motivador que convierte el aprendizaje de la lectura y la escritura en un aut\u00e9ntico reto manipulativo.<\/p>\n<p><script async src=\"https:\/\/pagead2.googlesyndication.com\/pagead\/js\/adsbygoogle.js\"><\/script><br \/>\n<!-- Horizontal-Adaptable --><br \/>\n<ins class=\"adsbygoogle\" style=\"display: block;\" data-ad-client=\"ca-pub-1103545772104863\" data-ad-slot=\"5194289265\" data-ad-format=\"auto\" data-full-width-responsive=\"true\"><\/ins><br \/>\n<script>\n     (adsbygoogle = window.adsbygoogle || []).push({});\n<\/script><\/p>\n","protected":false},"featured_media":505561,"comment_status":"open","ping_status":"closed","template":"","meta":{"site-sidebar-layout":"default","site-content-layout":"","ast-site-content-layout":"default","site-content-style":"default","site-sidebar-style":"default","ast-global-header-display":"","ast-banner-title-visibility":"","ast-main-header-display":"","ast-hfb-above-header-display":"","ast-hfb-below-header-display":"","ast-hfb-mobile-header-display":"","site-post-title":"","ast-breadcrumbs-content":"","ast-featured-img":"","footer-sml-layout":"","ast-disable-related-posts":"","theme-transparent-header-meta":"default","adv-header-id-meta":"","stick-header-meta":"","header-above-stick-meta":"","header-main-stick-meta":"","header-below-stick-meta":"","astra-migrate-meta-layouts":"set","ast-page-background-enabled":"default","ast-page-background-meta":{"desktop":{"background-color":"","background-image":"","background-repeat":"repeat","background-position":"center center","background-size":"auto","background-attachment":"scroll","background-type":"","background-media":"","overlay-type":"","overlay-color":"","overlay-opacity":"","overlay-gradient":""},"tablet":{"background-color":"","background-image":"","background-repeat":"repeat","background-position":"center center","background-size":"auto","background-attachment":"scroll","background-type":"","background-media":"","overlay-type":"","overlay-color":"","overlay-opacity":"","overlay-gradient":""},"mobile":{"background-color":"","background-image":"","background-repeat":"repeat","background-position":"center center","background-size":"auto","background-attachment":"scroll","background-type":"","background-media":"","overlay-type":"","overlay-color":"","overlay-opacity":"","overlay-gradient":""}},"ast-content-background-meta":{"desktop":{"background-color":"var(--ast-global-color-5)","background-image":"","background-repeat":"repeat","background-position":"center center","background-size":"auto","background-attachment":"scroll","background-type":"","background-media":"","overlay-type":"","overlay-color":"","overlay-opacity":"","overlay-gradient":""},"tablet":{"background-color":"var(--ast-global-color-5)","background-image":"","background-repeat":"repeat","background-position":"center center","background-size":"auto","background-attachment":"scroll","background-type":"","background-media":"","overlay-type":"","overlay-color":"","overlay-opacity":"","overlay-gradient":""},"mobile":{"background-color":"var(--ast-global-color-5)","background-image":"","background-repeat":"repeat","background-position":"center center","background-size":"auto","background-attachment":"scroll","background-type":"","background-media":"","overlay-type":"","overlay-color":"","overlay-opacity":"","overlay-gradient":""}}},"product_brand":[],"product_cat":[77],"product_tag":[135,310],"class_list":{"0":"post-505558","1":"product","2":"type-product","3":"status-publish","4":"has-post-thumbnail","6":"product_cat-lectoescritura","7":"product_tag-lectoescritura","8":"product_tag-policubos","9":"desktop-align-left","10":"tablet-align-left","11":"mobile-align-left","13":"first","14":"instock","15":"downloadable","16":"virtual","17":"taxable","18":"purchasable","19":"product-type-simple"},"yoast_head":"<!-- This site is optimized with the Yoast SEO plugin v26.8 - https:\/\/yoast.com\/product\/yoast-seo-wordpress\/ -->\n<title>Lectoescritura con Policubos - La Casita Educativa<\/title>\n<meta name=\"description\" content=\"Recurso manipulativo con policubos para trabajar lectoescritura y conciencia fonol\u00f3gica. Descubre palabras mediante c\u00f3digo de colores y construcci\u00f3n.\" \/>\n<meta name=\"robots\" content=\"index, follow, max-snippet:-1, max-image-preview:large, max-video-preview:-1\" \/>\n<link rel=\"canonical\" href=\"https:\/\/lacasitaeducativa.shop\/index.php\/producto\/lectoescritura-con-policubos\/\" \/>\n<meta property=\"og:locale\" content=\"es_ES\" \/>\n<meta property=\"og:type\" content=\"article\" \/>\n<meta property=\"og:title\" content=\"Lectoescritura con Policubos - La Casita Educativa\" \/>\n<meta property=\"og:description\" content=\"Recurso manipulativo con policubos para trabajar lectoescritura y conciencia fonol\u00f3gica. Descubre palabras mediante c\u00f3digo de colores y construcci\u00f3n.\" \/>\n<meta property=\"og:url\" content=\"https:\/\/lacasitaeducativa.shop\/index.php\/producto\/lectoescritura-con-policubos\/\" \/>\n<meta property=\"og:site_name\" content=\"La Casita Educativa\" \/>\n<meta property=\"og:image\" content=\"https:\/\/lacasitaeducativa.shop\/wp-content\/uploads\/2026\/02\/Policubos-con-palabras-2.jpg\" \/>\n\t<meta property=\"og:image:width\" content=\"1080\" \/>\n\t<meta property=\"og:image:height\" content=\"1080\" \/>\n\t<meta property=\"og:image:type\" content=\"image\/jpeg\" \/>\n<meta name=\"twitter:card\" content=\"summary_large_image\" \/>\n<meta name=\"twitter:label1\" content=\"Tiempo de lectura\" \/>\n\t<meta name=\"twitter:data1\" content=\"2 minutos\" \/>\n<script type=\"application\/ld+json\" class=\"yoast-schema-graph\">{\"@context\":\"https:\/\/schema.org\",\"@graph\":[{\"@type\":\"WebPage\",\"@id\":\"https:\/\/lacasitaeducativa.shop\/index.php\/producto\/lectoescritura-con-policubos\/\",\"url\":\"https:\/\/lacasitaeducativa.shop\/index.php\/producto\/lectoescritura-con-policubos\/\",\"name\":\"Lectoescritura con Policubos - La Casita Educativa\",\"isPartOf\":{\"@id\":\"https:\/\/lacasitaeducativa.shop\/#website\"},\"primaryImageOfPage\":{\"@id\":\"https:\/\/lacasitaeducativa.shop\/index.php\/producto\/lectoescritura-con-policubos\/#primaryimage\"},\"image\":{\"@id\":\"https:\/\/lacasitaeducativa.shop\/index.php\/producto\/lectoescritura-con-policubos\/#primaryimage\"},\"thumbnailUrl\":\"https:\/\/lacasitaeducativa.shop\/wp-content\/uploads\/2026\/02\/Policubos-con-palabras-2.jpg\",\"datePublished\":\"2026-03-01T18:37:17+00:00\",\"description\":\"Recurso manipulativo con policubos para trabajar lectoescritura y conciencia fonol\u00f3gica. Descubre palabras mediante c\u00f3digo de colores y construcci\u00f3n.\",\"breadcrumb\":{\"@id\":\"https:\/\/lacasitaeducativa.shop\/index.php\/producto\/lectoescritura-con-policubos\/#breadcrumb\"},\"inLanguage\":\"es\",\"potentialAction\":[{\"@type\":\"ReadAction\",\"target\":[\"https:\/\/lacasitaeducativa.shop\/index.php\/producto\/lectoescritura-con-policubos\/\"]}]},{\"@type\":\"ImageObject\",\"inLanguage\":\"es\",\"@id\":\"https:\/\/lacasitaeducativa.shop\/index.php\/producto\/lectoescritura-con-policubos\/#primaryimage\",\"url\":\"https:\/\/lacasitaeducativa.shop\/wp-content\/uploads\/2026\/02\/Policubos-con-palabras-2.jpg\",\"contentUrl\":\"https:\/\/lacasitaeducativa.shop\/wp-content\/uploads\/2026\/02\/Policubos-con-palabras-2.jpg\",\"width\":1080,\"height\":1080,\"caption\":\"Juego de palabras con policubos\"},{\"@type\":\"BreadcrumbList\",\"@id\":\"https:\/\/lacasitaeducativa.shop\/index.php\/producto\/lectoescritura-con-policubos\/#breadcrumb\",\"itemListElement\":[{\"@type\":\"ListItem\",\"position\":1,\"name\":\"Portada\",\"item\":\"https:\/\/lacasitaeducativa.shop\/\"},{\"@type\":\"ListItem\",\"position\":2,\"name\":\"Recursos\",\"item\":\"https:\/\/lacasitaeducativa.shop\/index.php\/tienda\/\"},{\"@type\":\"ListItem\",\"position\":3,\"name\":\"Lectoescritura con Policubos\"}]},{\"@type\":\"WebSite\",\"@id\":\"https:\/\/lacasitaeducativa.shop\/#website\",\"url\":\"https:\/\/lacasitaeducativa.shop\/\",\"name\":\"La Casita Educativa\",\"description\":\"En esta casita encontrar\u00e9is todo tipo de recursos educativos infantiles, desde manualidades hasta actividades, juegos, cuentos, idiomas, adivinanzas y otros.\",\"publisher\":{\"@id\":\"https:\/\/lacasitaeducativa.shop\/#organization\"},\"potentialAction\":[{\"@type\":\"SearchAction\",\"target\":{\"@type\":\"EntryPoint\",\"urlTemplate\":\"https:\/\/lacasitaeducativa.shop\/?s={search_term_string}\"},\"query-input\":{\"@type\":\"PropertyValueSpecification\",\"valueRequired\":true,\"valueName\":\"search_term_string\"}}],\"inLanguage\":\"es\"},{\"@type\":\"Organization\",\"@id\":\"https:\/\/lacasitaeducativa.shop\/#organization\",\"name\":\"La Casita Educativa - LACASITAEDUCATIVA.SHOP\",\"url\":\"https:\/\/lacasitaeducativa.shop\/\",\"logo\":{\"@type\":\"ImageObject\",\"inLanguage\":\"es\",\"@id\":\"https:\/\/lacasitaeducativa.shop\/#\/schema\/logo\/image\/\",\"url\":\"https:\/\/lacasitaeducativa.shop\/wp-content\/uploads\/2020\/08\/Logos-la-casita-educativa-2-1.png\",\"contentUrl\":\"https:\/\/lacasitaeducativa.shop\/wp-content\/uploads\/2020\/08\/Logos-la-casita-educativa-2-1.png\",\"width\":500,\"height\":500,\"caption\":\"La Casita Educativa - LACASITAEDUCATIVA.SHOP\"},\"image\":{\"@id\":\"https:\/\/lacasitaeducativa.shop\/#\/schema\/logo\/image\/\"}}]}<\/script>\n<!-- \/ Yoast SEO plugin. -->","yoast_head_json":{"title":"Lectoescritura con Policubos - La Casita Educativa","description":"Recurso manipulativo con policubos para trabajar lectoescritura y conciencia fonol\u00f3gica. Descubre palabras mediante c\u00f3digo de colores y construcci\u00f3n.","robots":{"index":"index","follow":"follow","max-snippet":"max-snippet:-1","max-image-preview":"max-image-preview:large","max-video-preview":"max-video-preview:-1"},"canonical":"https:\/\/lacasitaeducativa.shop\/index.php\/producto\/lectoescritura-con-policubos\/","og_locale":"es_ES","og_type":"article","og_title":"Lectoescritura con Policubos - La Casita Educativa","og_description":"Recurso manipulativo con policubos para trabajar lectoescritura y conciencia fonol\u00f3gica. Descubre palabras mediante c\u00f3digo de colores y construcci\u00f3n.","og_url":"https:\/\/lacasitaeducativa.shop\/index.php\/producto\/lectoescritura-con-policubos\/","og_site_name":"La Casita Educativa","og_image":[{"width":1080,"height":1080,"url":"https:\/\/lacasitaeducativa.shop\/wp-content\/uploads\/2026\/02\/Policubos-con-palabras-2.jpg","type":"image\/jpeg"}],"twitter_card":"summary_large_image","twitter_misc":{"Tiempo de lectura":"2 minutos"},"schema":{"@context":"https:\/\/schema.org","@graph":[{"@type":"WebPage","@id":"https:\/\/lacasitaeducativa.shop\/index.php\/producto\/lectoescritura-con-policubos\/","url":"https:\/\/lacasitaeducativa.shop\/index.php\/producto\/lectoescritura-con-policubos\/","name":"Lectoescritura con Policubos - La Casita Educativa","isPartOf":{"@id":"https:\/\/lacasitaeducativa.shop\/#website"},"primaryImageOfPage":{"@id":"https:\/\/lacasitaeducativa.shop\/index.php\/producto\/lectoescritura-con-policubos\/#primaryimage"},"image":{"@id":"https:\/\/lacasitaeducativa.shop\/index.php\/producto\/lectoescritura-con-policubos\/#primaryimage"},"thumbnailUrl":"https:\/\/lacasitaeducativa.shop\/wp-content\/uploads\/2026\/02\/Policubos-con-palabras-2.jpg","datePublished":"2026-03-01T18:37:17+00:00","description":"Recurso manipulativo con policubos para trabajar lectoescritura y conciencia fonol\u00f3gica. Descubre palabras mediante c\u00f3digo de colores y construcci\u00f3n.","breadcrumb":{"@id":"https:\/\/lacasitaeducativa.shop\/index.php\/producto\/lectoescritura-con-policubos\/#breadcrumb"},"inLanguage":"es","potentialAction":[{"@type":"ReadAction","target":["https:\/\/lacasitaeducativa.shop\/index.php\/producto\/lectoescritura-con-policubos\/"]}]},{"@type":"ImageObject","inLanguage":"es","@id":"https:\/\/lacasitaeducativa.shop\/index.php\/producto\/lectoescritura-con-policubos\/#primaryimage","url":"https:\/\/lacasitaeducativa.shop\/wp-content\/uploads\/2026\/02\/Policubos-con-palabras-2.jpg","contentUrl":"https:\/\/lacasitaeducativa.shop\/wp-content\/uploads\/2026\/02\/Policubos-con-palabras-2.jpg","width":1080,"height":1080,"caption":"Juego de palabras con policubos"},{"@type":"BreadcrumbList","@id":"https:\/\/lacasitaeducativa.shop\/index.php\/producto\/lectoescritura-con-policubos\/#breadcrumb","itemListElement":[{"@type":"ListItem","position":1,"name":"Portada","item":"https:\/\/lacasitaeducativa.shop\/"},{"@type":"ListItem","position":2,"name":"Recursos","item":"https:\/\/lacasitaeducativa.shop\/index.php\/tienda\/"},{"@type":"ListItem","position":3,"name":"Lectoescritura con Policubos"}]},{"@type":"WebSite","@id":"https:\/\/lacasitaeducativa.shop\/#website","url":"https:\/\/lacasitaeducativa.shop\/","name":"La Casita Educativa","description":"En esta casita encontrar\u00e9is todo tipo de recursos educativos infantiles, desde manualidades hasta actividades, juegos, cuentos, idiomas, adivinanzas y otros.","publisher":{"@id":"https:\/\/lacasitaeducativa.shop\/#organization"},"potentialAction":[{"@type":"SearchAction","target":{"@type":"EntryPoint","urlTemplate":"https:\/\/lacasitaeducativa.shop\/?s={search_term_string}"},"query-input":{"@type":"PropertyValueSpecification","valueRequired":true,"valueName":"search_term_string"}}],"inLanguage":"es"},{"@type":"Organization","@id":"https:\/\/lacasitaeducativa.shop\/#organization","name":"La Casita Educativa - LACASITAEDUCATIVA.SHOP","url":"https:\/\/lacasitaeducativa.shop\/","logo":{"@type":"ImageObject","inLanguage":"es","@id":"https:\/\/lacasitaeducativa.shop\/#\/schema\/logo\/image\/","url":"https:\/\/lacasitaeducativa.shop\/wp-content\/uploads\/2020\/08\/Logos-la-casita-educativa-2-1.png","contentUrl":"https:\/\/lacasitaeducativa.shop\/wp-content\/uploads\/2020\/08\/Logos-la-casita-educativa-2-1.png","width":500,"height":500,"caption":"La Casita Educativa - LACASITAEDUCATIVA.SHOP"},"image":{"@id":"https:\/\/lacasitaeducativa.shop\/#\/schema\/logo\/image\/"}}]}},"_links":{"self":[{"href":"https:\/\/lacasitaeducativa.shop\/index.php\/wp-json\/wp\/v2\/product\/505558","targetHints":{"allow":["GET"]}}],"collection":[{"href":"https:\/\/lacasitaeducativa.shop\/index.php\/wp-json\/wp\/v2\/product"}],"about":[{"href":"https:\/\/lacasitaeducativa.shop\/index.php\/wp-json\/wp\/v2\/types\/product"}],"replies":[{"embeddable":true,"href":"https:\/\/lacasitaeducativa.shop\/index.php\/wp-json\/wp\/v2\/comments?post=505558"}],"wp:featuredmedia":[{"embeddable":true,"href":"https:\/\/lacasitaeducativa.shop\/index.php\/wp-json\/wp\/v2\/media\/505561"}],"wp:attachment":[{"href":"https:\/\/lacasitaeducativa.shop\/index.php\/wp-json\/wp\/v2\/media?parent=505558"}],"wp:term":[{"taxonomy":"product_brand","embeddable":true,"href":"https:\/\/lacasitaeducativa.shop\/index.php\/wp-json\/wp\/v2\/product_brand?post=505558"},{"taxonomy":"product_cat","embeddable":true,"href":"https:\/\/lacasitaeducativa.shop\/index.php\/wp-json\/wp\/v2\/product_cat?post=505558"},{"taxonomy":"product_tag","embeddable":true,"href":"https:\/\/lacasitaeducativa.shop\/index.php\/wp-json\/wp\/v2\/product_tag?post=505558"}],"curies":[{"name":"wp","href":"https:\/\/api.w.org\/{rel}","templated":true}]}}