{"id":508196,"date":"2026-03-13T14:29:17","date_gmt":"2026-03-13T14:29:17","guid":{"rendered":"https:\/\/lacasitaeducativa.shop\/?post_type=product&#038;p=508196"},"modified":"2026-03-22T10:17:59","modified_gmt":"2026-03-22T10:17:59","slug":"juego-de-conteo-del-1-al-12-para-infantil","status":"publish","type":"product","link":"https:\/\/lacasitaeducativa.shop\/index.php\/producto\/juego-de-conteo-del-1-al-12-para-infantil\/","title":{"rendered":"Conteo del 1 al 12 para infantil \u2013 Juego manipulativo de piratas"},"content":{"rendered":"<p data-section-id=\"10whnzs\" data-start=\"820\" data-end=\"850\">Este juego manipulativo de piratas es un recurso educativo ideal para trabajar el conteo del 1 al 12 para infantil de forma divertida y manipulativa. Los ni\u00f1os deber\u00e1n lanzar el dado, contar las monedas correspondientes y colocarlas dentro del cofre del pirata.<\/p>\n<h2 data-section-id=\"10whnzs\" data-start=\"820\" data-end=\"850\">\u2693 \u00bfQu\u00e9 incluye el material?<\/h2>\n<ul data-start=\"852\" data-end=\"1054\">\n<li data-section-id=\"zp8xjy\" data-start=\"852\" data-end=\"923\">\n<p data-start=\"854\" data-end=\"923\">1 <strong data-start=\"856\" data-end=\"883\">plantilla tama\u00f1o DIN A4<\/strong> con un <strong data-start=\"891\" data-end=\"923\">pirata y su cofre del tesoro<\/strong><\/p>\n<\/li>\n<li data-section-id=\"s4q8s3\" data-start=\"924\" data-end=\"949\">\n<p data-start=\"926\" data-end=\"949\"><strong data-start=\"926\" data-end=\"949\">Monedas recortables<\/strong><\/p>\n<\/li>\n<li data-section-id=\"nc4ulj\" data-start=\"950\" data-end=\"1054\">\n<p data-start=\"952\" data-end=\"975\"><strong data-start=\"952\" data-end=\"975\">2 dados imprimibles<\/strong><\/p>\n<ul data-start=\"978\" data-end=\"1054\">\n<li data-section-id=\"1vocslb\" data-start=\"978\" data-end=\"1014\">\n<p data-start=\"980\" data-end=\"1014\">\ud83c\udfb2 Dado con n\u00fameros del <strong data-start=\"1004\" data-end=\"1014\">1 al 6<\/strong><\/p>\n<\/li>\n<li data-section-id=\"v459fw\" data-start=\"1017\" data-end=\"1054\">\n<p data-start=\"1019\" data-end=\"1054\">\ud83c\udfb2 Dado con n\u00fameros del <strong data-start=\"1043\" data-end=\"1054\">7 al 12<\/strong><\/p>\n<\/li>\n<\/ul>\n<\/li>\n<\/ul>\n<p data-start=\"1056\" data-end=\"1103\">Todo listo para <strong data-start=\"1072\" data-end=\"1102\">imprimir, recortar y jugar<\/strong>.<\/p>\n<h2 data-section-id=\"1l5wayf\" data-start=\"1110\" data-end=\"1134\">\ud83c\udff4\u200d\u2620\ufe0f \u00bfC\u00f3mo se juega?<\/h2>\n<ol data-start=\"1136\" data-end=\"1304\">\n<li data-section-id=\"shspaz\" data-start=\"1136\" data-end=\"1161\">\n<p data-start=\"1139\" data-end=\"1161\">El ni\u00f1o lanza el dado.<\/p>\n<\/li>\n<li data-section-id=\"phbsyd\" data-start=\"1162\" data-end=\"1197\">\n<p data-start=\"1165\" data-end=\"1197\">Observa el n\u00famero que ha salido.<\/p>\n<\/li>\n<li data-section-id=\"zga3p0\" data-start=\"1198\" data-end=\"1249\">\n<p data-start=\"1201\" data-end=\"1249\">Cuenta el <strong data-start=\"1211\" data-end=\"1248\">n\u00famero correspondiente de monedas<\/strong>.<\/p>\n<\/li>\n<li data-section-id=\"w5543d\" data-start=\"1250\" data-end=\"1304\">\n<p data-start=\"1253\" data-end=\"1304\">Coloca las monedas dentro del <strong data-start=\"1283\" data-end=\"1303\">cofre del pirata<\/strong>.<\/p>\n<\/li>\n<\/ol>\n<p data-start=\"1306\" data-end=\"1436\">Este sencillo juego permite practicar el <strong data-start=\"1347\" data-end=\"1388\">conteo de forma activa y manipulativa<\/strong>, lo que facilita la comprensi\u00f3n de los n\u00fameros.<\/p>\n<h2 data-section-id=\"1h0c3iw\" data-start=\"1443\" data-end=\"1468\">\ud83d\udcda Ideal para trabajar<\/h2>\n<ul data-start=\"1470\" data-end=\"1630\">\n<li data-section-id=\"42ivpi\" data-start=\"1470\" data-end=\"1494\">\n<p data-start=\"1472\" data-end=\"1494\">Conteo del <strong data-start=\"1483\" data-end=\"1494\">1 al 12<\/strong><\/p>\n<\/li>\n<li data-section-id=\"lqlaxn\" data-start=\"1495\" data-end=\"1532\">\n<p data-start=\"1497\" data-end=\"1532\">Correspondencia <strong data-start=\"1513\" data-end=\"1532\">n\u00famero-cantidad<\/strong><\/p>\n<\/li>\n<li data-section-id=\"1py4bwf\" data-start=\"1533\" data-end=\"1560\">\n<p data-start=\"1535\" data-end=\"1560\">Reconocimiento de n\u00fameros<\/p>\n<\/li>\n<li data-section-id=\"i064xu\" data-start=\"1561\" data-end=\"1587\">\n<p data-start=\"1563\" data-end=\"1587\">Atenci\u00f3n y concentraci\u00f3n<\/p>\n<\/li>\n<li data-section-id=\"1xalacz\" data-start=\"1588\" data-end=\"1630\">\n<p data-start=\"1590\" data-end=\"1630\">Motricidad fina al manipular las monedas<\/p>\n<\/li>\n<\/ul>\n<h2 data-section-id=\"1l9m7lh\" data-start=\"1637\" data-end=\"1659\">\ud83d\udc69\u200d\ud83c\udfeb Perfecto para<\/h2>\n<ul data-start=\"1661\" data-end=\"1832\">\n<li data-section-id=\"oeu89g\" data-start=\"1661\" data-end=\"1696\">\n<p data-start=\"1663\" data-end=\"1696\"><strong data-start=\"1663\" data-end=\"1696\">Educaci\u00f3n infantil (4-6 a\u00f1os)<\/strong><\/p>\n<\/li>\n<li data-section-id=\"cfxqwf\" data-start=\"1697\" data-end=\"1727\">\n<p data-start=\"1699\" data-end=\"1727\"><strong data-start=\"1699\" data-end=\"1727\">Primer ciclo de primaria<\/strong><\/p>\n<\/li>\n<li data-section-id=\"5cmqc7\" data-start=\"1728\" data-end=\"1763\">\n<p data-start=\"1730\" data-end=\"1763\">Aula de matem\u00e1ticas manipulativas<\/p>\n<\/li>\n<li data-section-id=\"1hjlmt5\" data-start=\"1764\" data-end=\"1789\">\n<p data-start=\"1766\" data-end=\"1789\">Rincones de aprendizaje<\/p>\n<\/li>\n<li data-section-id=\"89ddcs\" data-start=\"1790\" data-end=\"1810\">\n<p data-start=\"1792\" data-end=\"1810\">Refuerzo educativo<\/p>\n<\/li>\n<li data-section-id=\"1k2wdc2\" data-start=\"1811\" data-end=\"1832\">\n<p data-start=\"1813\" data-end=\"1832\">Aprendizaje en casa<\/p>\n<\/li>\n<\/ul>\n<h2 data-section-id=\"ezxzs3\" data-start=\"1839\" data-end=\"1865\">\u2b50 Ventajas del material<\/h2>\n<p data-start=\"1867\" data-end=\"2048\">\u2714 Aprendizaje a trav\u00e9s del <strong data-start=\"1894\" data-end=\"1903\">juego<\/strong><br data-start=\"1903\" data-end=\"1906\" \/>\u2714 Material <strong data-start=\"1917\" data-end=\"1942\">manipulativo y visual<\/strong><br data-start=\"1942\" data-end=\"1945\" \/>\u2714 F\u00e1cil de preparar (imprimir y listo)<br data-start=\"1983\" data-end=\"1986\" \/>\u2714 Permite <strong data-start=\"1996\" data-end=\"2021\">adaptar la dificultad<\/strong> utilizando uno u otro dado<\/p>\n<h2 data-section-id=\"t7i0j5\" data-start=\"2055\" data-end=\"2068\">\ud83d\udce5 Formato<\/h2>\n<ul data-start=\"2070\" data-end=\"2178\">\n<li data-section-id=\"ueyjst\" data-start=\"2070\" data-end=\"2099\">\n<p data-start=\"2072\" data-end=\"2099\">Archivo <strong data-start=\"2080\" data-end=\"2099\">PDF descargable<\/strong><\/p>\n<\/li>\n<li data-section-id=\"83lnab\" data-start=\"2100\" data-end=\"2125\">\n<p data-start=\"2102\" data-end=\"2125\">Material <strong data-start=\"2111\" data-end=\"2125\">imprimible<\/strong><\/p>\n<\/li>\n<li data-section-id=\"1r1pm40\" data-start=\"2126\" data-end=\"2178\">\n<p data-start=\"2128\" data-end=\"2178\">Recomendado <strong data-start=\"2140\" data-end=\"2155\">plastificar<\/strong> para mayor durabilidad<\/p>\n<\/li>\n<\/ul>\n","protected":false},"excerpt":{"rendered":"<p data-start=\"362\" data-end=\"611\"><strong data-start=\"362\" data-end=\"409\">\u00a1Aprender a contar nunca fue tan divertido!<\/strong><br data-start=\"409\" data-end=\"412\" \/>Este material manipulativo con tem\u00e1tica de <strong data-start=\"455\" data-end=\"466\">piratas<\/strong> es perfecto para trabajar el <strong data-start=\"496\" data-end=\"518\">conteo del 1 al 12<\/strong> de forma l\u00fadica, visual y manipulativa en <strong data-start=\"561\" data-end=\"610\">educaci\u00f3n infantil y primer ciclo de primaria<\/strong>.<\/p>\n<p data-start=\"613\" data-end=\"813\">Los ni\u00f1os se convertir\u00e1n en peque\u00f1os piratas que deber\u00e1n <strong data-start=\"670\" data-end=\"724\">contar monedas y guardarlas en el cofre del tesoro<\/strong>, reforzando el reconocimiento de n\u00fameros y la correspondencia uno a uno mientras juegan.<\/p>\n<p><script async src=\"https:\/\/pagead2.googlesyndication.com\/pagead\/js\/adsbygoogle.js\"><\/script><br \/>\n<!-- Horizontal-Adaptable --><br \/>\n<ins class=\"adsbygoogle\" style=\"display: block;\" data-ad-client=\"ca-pub-1103545772104863\" data-ad-slot=\"5194289265\" data-ad-format=\"auto\" data-full-width-responsive=\"true\"><\/ins><br \/>\n<script>\n     (adsbygoogle = window.adsbygoogle || []).push({});\n<\/script><\/p>\n","protected":false},"featured_media":508254,"comment_status":"open","ping_status":"closed","template":"","meta":{"site-sidebar-layout":"default","site-content-layout":"","ast-site-content-layout":"default","site-content-style":"default","site-sidebar-style":"default","ast-global-header-display":"","ast-banner-title-visibility":"","ast-main-header-display":"","ast-hfb-above-header-display":"","ast-hfb-below-header-display":"","ast-hfb-mobile-header-display":"","site-post-title":"","ast-breadcrumbs-content":"","ast-featured-img":"","footer-sml-layout":"","ast-disable-related-posts":"","theme-transparent-header-meta":"default","adv-header-id-meta":"","stick-header-meta":"","header-above-stick-meta":"","header-main-stick-meta":"","header-below-stick-meta":"","astra-migrate-meta-layouts":"set","ast-page-background-enabled":"default","ast-page-background-meta":{"desktop":{"background-color":"","background-image":"","background-repeat":"repeat","background-position":"center center","background-size":"auto","background-attachment":"scroll","background-type":"","background-media":"","overlay-type":"","overlay-color":"","overlay-opacity":"","overlay-gradient":""},"tablet":{"background-color":"","background-image":"","background-repeat":"repeat","background-position":"center center","background-size":"auto","background-attachment":"scroll","background-type":"","background-media":"","overlay-type":"","overlay-color":"","overlay-opacity":"","overlay-gradient":""},"mobile":{"background-color":"","background-image":"","background-repeat":"repeat","background-position":"center center","background-size":"auto","background-attachment":"scroll","background-type":"","background-media":"","overlay-type":"","overlay-color":"","overlay-opacity":"","overlay-gradient":""}},"ast-content-background-meta":{"desktop":{"background-color":"var(--ast-global-color-5)","background-image":"","background-repeat":"repeat","background-position":"center center","background-size":"auto","background-attachment":"scroll","background-type":"","background-media":"","overlay-type":"","overlay-color":"","overlay-opacity":"","overlay-gradient":""},"tablet":{"background-color":"var(--ast-global-color-5)","background-image":"","background-repeat":"repeat","background-position":"center center","background-size":"auto","background-attachment":"scroll","background-type":"","background-media":"","overlay-type":"","overlay-color":"","overlay-opacity":"","overlay-gradient":""},"mobile":{"background-color":"var(--ast-global-color-5)","background-image":"","background-repeat":"repeat","background-position":"center center","background-size":"auto","background-attachment":"scroll","background-type":"","background-media":"","overlay-type":"","overlay-color":"","overlay-opacity":"","overlay-gradient":""}}},"product_brand":[],"product_cat":[91],"product_tag":[806,807,118,777,764,809,808],"class_list":{"0":"post-508196","1":"product","2":"type-product","3":"status-publish","4":"has-post-thumbnail","6":"product_cat-numeros","7":"product_tag-aprender-a-contar","8":"product_tag-conteo-1-al-12","9":"product_tag-educacion-infantil","10":"product_tag-matematicas-infantil","11":"product_tag-matematicas-manipulativas","12":"product_tag-material-manipulativo","13":"product_tag-numeros-infantil","14":"desktop-align-left","15":"tablet-align-left","16":"mobile-align-left","18":"first","19":"instock","20":"downloadable","21":"virtual","22":"taxable","23":"purchasable","24":"product-type-simple"},"yoast_head":"<!-- This site is optimized with the Yoast SEO plugin v26.8 - https:\/\/yoast.com\/product\/yoast-seo-wordpress\/ -->\n<title>Conteo del 1 al 12 para infantil \u2013 Juego manipulativo de piratas - La Casita Educativa<\/title>\n<meta name=\"description\" content=\"Juego manipulativo de piratas para trabajar el conteo del 1 al 12 para infantil. Actividad educativa imprimible con monedas, dados y cofre del tesoro.\" \/>\n<meta name=\"robots\" content=\"index, follow, max-snippet:-1, max-image-preview:large, max-video-preview:-1\" \/>\n<link rel=\"canonical\" href=\"https:\/\/lacasitaeducativa.shop\/index.php\/producto\/juego-de-conteo-del-1-al-12-para-infantil\/\" \/>\n<meta property=\"og:locale\" content=\"es_ES\" \/>\n<meta property=\"og:type\" content=\"article\" \/>\n<meta property=\"og:title\" content=\"Conteo del 1 al 12 para infantil \u2013 Juego manipulativo de piratas - La Casita Educativa\" \/>\n<meta property=\"og:description\" content=\"Juego manipulativo de piratas para trabajar el conteo del 1 al 12 para infantil. Actividad educativa imprimible con monedas, dados y cofre del tesoro.\" \/>\n<meta property=\"og:url\" content=\"https:\/\/lacasitaeducativa.shop\/index.php\/producto\/juego-de-conteo-del-1-al-12-para-infantil\/\" \/>\n<meta property=\"og:site_name\" content=\"La Casita Educativa\" \/>\n<meta property=\"article:modified_time\" content=\"2026-03-22T10:17:59+00:00\" \/>\n<meta property=\"og:image\" content=\"https:\/\/lacasitaeducativa.shop\/wp-content\/uploads\/2026\/03\/Aprender-a-contar-con-piratas.jpg\" \/>\n\t<meta property=\"og:image:width\" content=\"1080\" \/>\n\t<meta property=\"og:image:height\" content=\"1080\" \/>\n\t<meta property=\"og:image:type\" content=\"image\/jpeg\" \/>\n<meta name=\"twitter:card\" content=\"summary_large_image\" \/>\n<meta name=\"twitter:label1\" content=\"Tiempo de lectura\" \/>\n\t<meta name=\"twitter:data1\" content=\"2 minutos\" \/>\n<script type=\"application\/ld+json\" class=\"yoast-schema-graph\">{\"@context\":\"https:\/\/schema.org\",\"@graph\":[{\"@type\":\"WebPage\",\"@id\":\"https:\/\/lacasitaeducativa.shop\/index.php\/producto\/juego-de-conteo-del-1-al-12-para-infantil\/\",\"url\":\"https:\/\/lacasitaeducativa.shop\/index.php\/producto\/juego-de-conteo-del-1-al-12-para-infantil\/\",\"name\":\"Conteo del 1 al 12 para infantil \u2013 Juego manipulativo de piratas - La Casita Educativa\",\"isPartOf\":{\"@id\":\"https:\/\/lacasitaeducativa.shop\/#website\"},\"primaryImageOfPage\":{\"@id\":\"https:\/\/lacasitaeducativa.shop\/index.php\/producto\/juego-de-conteo-del-1-al-12-para-infantil\/#primaryimage\"},\"image\":{\"@id\":\"https:\/\/lacasitaeducativa.shop\/index.php\/producto\/juego-de-conteo-del-1-al-12-para-infantil\/#primaryimage\"},\"thumbnailUrl\":\"https:\/\/lacasitaeducativa.shop\/wp-content\/uploads\/2026\/03\/Aprender-a-contar-con-piratas.jpg\",\"datePublished\":\"2026-03-13T14:29:17+00:00\",\"dateModified\":\"2026-03-22T10:17:59+00:00\",\"description\":\"Juego manipulativo de piratas para trabajar el conteo del 1 al 12 para infantil. Actividad educativa imprimible con monedas, dados y cofre del tesoro.\",\"breadcrumb\":{\"@id\":\"https:\/\/lacasitaeducativa.shop\/index.php\/producto\/juego-de-conteo-del-1-al-12-para-infantil\/#breadcrumb\"},\"inLanguage\":\"es\",\"potentialAction\":[{\"@type\":\"ReadAction\",\"target\":[\"https:\/\/lacasitaeducativa.shop\/index.php\/producto\/juego-de-conteo-del-1-al-12-para-infantil\/\"]}]},{\"@type\":\"ImageObject\",\"inLanguage\":\"es\",\"@id\":\"https:\/\/lacasitaeducativa.shop\/index.php\/producto\/juego-de-conteo-del-1-al-12-para-infantil\/#primaryimage\",\"url\":\"https:\/\/lacasitaeducativa.shop\/wp-content\/uploads\/2026\/03\/Aprender-a-contar-con-piratas.jpg\",\"contentUrl\":\"https:\/\/lacasitaeducativa.shop\/wp-content\/uploads\/2026\/03\/Aprender-a-contar-con-piratas.jpg\",\"width\":1080,\"height\":1080,\"caption\":\"Aprender a contar con piratas\"},{\"@type\":\"BreadcrumbList\",\"@id\":\"https:\/\/lacasitaeducativa.shop\/index.php\/producto\/juego-de-conteo-del-1-al-12-para-infantil\/#breadcrumb\",\"itemListElement\":[{\"@type\":\"ListItem\",\"position\":1,\"name\":\"Portada\",\"item\":\"https:\/\/lacasitaeducativa.shop\/\"},{\"@type\":\"ListItem\",\"position\":2,\"name\":\"Recursos\",\"item\":\"https:\/\/lacasitaeducativa.shop\/index.php\/tienda\/\"},{\"@type\":\"ListItem\",\"position\":3,\"name\":\"Conteo del 1 al 12 para infantil \u2013 Juego manipulativo de piratas\"}]},{\"@type\":\"WebSite\",\"@id\":\"https:\/\/lacasitaeducativa.shop\/#website\",\"url\":\"https:\/\/lacasitaeducativa.shop\/\",\"name\":\"La Casita Educativa\",\"description\":\"En esta casita encontrar\u00e9is todo tipo de recursos educativos infantiles, desde manualidades hasta actividades, juegos, cuentos, idiomas, adivinanzas y otros.\",\"publisher\":{\"@id\":\"https:\/\/lacasitaeducativa.shop\/#organization\"},\"potentialAction\":[{\"@type\":\"SearchAction\",\"target\":{\"@type\":\"EntryPoint\",\"urlTemplate\":\"https:\/\/lacasitaeducativa.shop\/?s={search_term_string}\"},\"query-input\":{\"@type\":\"PropertyValueSpecification\",\"valueRequired\":true,\"valueName\":\"search_term_string\"}}],\"inLanguage\":\"es\"},{\"@type\":\"Organization\",\"@id\":\"https:\/\/lacasitaeducativa.shop\/#organization\",\"name\":\"La Casita Educativa - LACASITAEDUCATIVA.SHOP\",\"url\":\"https:\/\/lacasitaeducativa.shop\/\",\"logo\":{\"@type\":\"ImageObject\",\"inLanguage\":\"es\",\"@id\":\"https:\/\/lacasitaeducativa.shop\/#\/schema\/logo\/image\/\",\"url\":\"https:\/\/lacasitaeducativa.shop\/wp-content\/uploads\/2020\/08\/Logos-la-casita-educativa-2-1.png\",\"contentUrl\":\"https:\/\/lacasitaeducativa.shop\/wp-content\/uploads\/2020\/08\/Logos-la-casita-educativa-2-1.png\",\"width\":500,\"height\":500,\"caption\":\"La Casita Educativa - LACASITAEDUCATIVA.SHOP\"},\"image\":{\"@id\":\"https:\/\/lacasitaeducativa.shop\/#\/schema\/logo\/image\/\"}}]}<\/script>\n<!-- \/ Yoast SEO plugin. -->","yoast_head_json":{"title":"Conteo del 1 al 12 para infantil \u2013 Juego manipulativo de piratas - La Casita Educativa","description":"Juego manipulativo de piratas para trabajar el conteo del 1 al 12 para infantil. Actividad educativa imprimible con monedas, dados y cofre del tesoro.","robots":{"index":"index","follow":"follow","max-snippet":"max-snippet:-1","max-image-preview":"max-image-preview:large","max-video-preview":"max-video-preview:-1"},"canonical":"https:\/\/lacasitaeducativa.shop\/index.php\/producto\/juego-de-conteo-del-1-al-12-para-infantil\/","og_locale":"es_ES","og_type":"article","og_title":"Conteo del 1 al 12 para infantil \u2013 Juego manipulativo de piratas - La Casita Educativa","og_description":"Juego manipulativo de piratas para trabajar el conteo del 1 al 12 para infantil. Actividad educativa imprimible con monedas, dados y cofre del tesoro.","og_url":"https:\/\/lacasitaeducativa.shop\/index.php\/producto\/juego-de-conteo-del-1-al-12-para-infantil\/","og_site_name":"La Casita Educativa","article_modified_time":"2026-03-22T10:17:59+00:00","og_image":[{"width":1080,"height":1080,"url":"https:\/\/lacasitaeducativa.shop\/wp-content\/uploads\/2026\/03\/Aprender-a-contar-con-piratas.jpg","type":"image\/jpeg"}],"twitter_card":"summary_large_image","twitter_misc":{"Tiempo de lectura":"2 minutos"},"schema":{"@context":"https:\/\/schema.org","@graph":[{"@type":"WebPage","@id":"https:\/\/lacasitaeducativa.shop\/index.php\/producto\/juego-de-conteo-del-1-al-12-para-infantil\/","url":"https:\/\/lacasitaeducativa.shop\/index.php\/producto\/juego-de-conteo-del-1-al-12-para-infantil\/","name":"Conteo del 1 al 12 para infantil \u2013 Juego manipulativo de piratas - La Casita Educativa","isPartOf":{"@id":"https:\/\/lacasitaeducativa.shop\/#website"},"primaryImageOfPage":{"@id":"https:\/\/lacasitaeducativa.shop\/index.php\/producto\/juego-de-conteo-del-1-al-12-para-infantil\/#primaryimage"},"image":{"@id":"https:\/\/lacasitaeducativa.shop\/index.php\/producto\/juego-de-conteo-del-1-al-12-para-infantil\/#primaryimage"},"thumbnailUrl":"https:\/\/lacasitaeducativa.shop\/wp-content\/uploads\/2026\/03\/Aprender-a-contar-con-piratas.jpg","datePublished":"2026-03-13T14:29:17+00:00","dateModified":"2026-03-22T10:17:59+00:00","description":"Juego manipulativo de piratas para trabajar el conteo del 1 al 12 para infantil. Actividad educativa imprimible con monedas, dados y cofre del tesoro.","breadcrumb":{"@id":"https:\/\/lacasitaeducativa.shop\/index.php\/producto\/juego-de-conteo-del-1-al-12-para-infantil\/#breadcrumb"},"inLanguage":"es","potentialAction":[{"@type":"ReadAction","target":["https:\/\/lacasitaeducativa.shop\/index.php\/producto\/juego-de-conteo-del-1-al-12-para-infantil\/"]}]},{"@type":"ImageObject","inLanguage":"es","@id":"https:\/\/lacasitaeducativa.shop\/index.php\/producto\/juego-de-conteo-del-1-al-12-para-infantil\/#primaryimage","url":"https:\/\/lacasitaeducativa.shop\/wp-content\/uploads\/2026\/03\/Aprender-a-contar-con-piratas.jpg","contentUrl":"https:\/\/lacasitaeducativa.shop\/wp-content\/uploads\/2026\/03\/Aprender-a-contar-con-piratas.jpg","width":1080,"height":1080,"caption":"Aprender a contar con piratas"},{"@type":"BreadcrumbList","@id":"https:\/\/lacasitaeducativa.shop\/index.php\/producto\/juego-de-conteo-del-1-al-12-para-infantil\/#breadcrumb","itemListElement":[{"@type":"ListItem","position":1,"name":"Portada","item":"https:\/\/lacasitaeducativa.shop\/"},{"@type":"ListItem","position":2,"name":"Recursos","item":"https:\/\/lacasitaeducativa.shop\/index.php\/tienda\/"},{"@type":"ListItem","position":3,"name":"Conteo del 1 al 12 para infantil \u2013 Juego manipulativo de piratas"}]},{"@type":"WebSite","@id":"https:\/\/lacasitaeducativa.shop\/#website","url":"https:\/\/lacasitaeducativa.shop\/","name":"La Casita Educativa","description":"En esta casita encontrar\u00e9is todo tipo de recursos educativos infantiles, desde manualidades hasta actividades, juegos, cuentos, idiomas, adivinanzas y otros.","publisher":{"@id":"https:\/\/lacasitaeducativa.shop\/#organization"},"potentialAction":[{"@type":"SearchAction","target":{"@type":"EntryPoint","urlTemplate":"https:\/\/lacasitaeducativa.shop\/?s={search_term_string}"},"query-input":{"@type":"PropertyValueSpecification","valueRequired":true,"valueName":"search_term_string"}}],"inLanguage":"es"},{"@type":"Organization","@id":"https:\/\/lacasitaeducativa.shop\/#organization","name":"La Casita Educativa - LACASITAEDUCATIVA.SHOP","url":"https:\/\/lacasitaeducativa.shop\/","logo":{"@type":"ImageObject","inLanguage":"es","@id":"https:\/\/lacasitaeducativa.shop\/#\/schema\/logo\/image\/","url":"https:\/\/lacasitaeducativa.shop\/wp-content\/uploads\/2020\/08\/Logos-la-casita-educativa-2-1.png","contentUrl":"https:\/\/lacasitaeducativa.shop\/wp-content\/uploads\/2020\/08\/Logos-la-casita-educativa-2-1.png","width":500,"height":500,"caption":"La Casita Educativa - LACASITAEDUCATIVA.SHOP"},"image":{"@id":"https:\/\/lacasitaeducativa.shop\/#\/schema\/logo\/image\/"}}]}},"_links":{"self":[{"href":"https:\/\/lacasitaeducativa.shop\/index.php\/wp-json\/wp\/v2\/product\/508196","targetHints":{"allow":["GET"]}}],"collection":[{"href":"https:\/\/lacasitaeducativa.shop\/index.php\/wp-json\/wp\/v2\/product"}],"about":[{"href":"https:\/\/lacasitaeducativa.shop\/index.php\/wp-json\/wp\/v2\/types\/product"}],"replies":[{"embeddable":true,"href":"https:\/\/lacasitaeducativa.shop\/index.php\/wp-json\/wp\/v2\/comments?post=508196"}],"wp:featuredmedia":[{"embeddable":true,"href":"https:\/\/lacasitaeducativa.shop\/index.php\/wp-json\/wp\/v2\/media\/508254"}],"wp:attachment":[{"href":"https:\/\/lacasitaeducativa.shop\/index.php\/wp-json\/wp\/v2\/media?parent=508196"}],"wp:term":[{"taxonomy":"product_brand","embeddable":true,"href":"https:\/\/lacasitaeducativa.shop\/index.php\/wp-json\/wp\/v2\/product_brand?post=508196"},{"taxonomy":"product_cat","embeddable":true,"href":"https:\/\/lacasitaeducativa.shop\/index.php\/wp-json\/wp\/v2\/product_cat?post=508196"},{"taxonomy":"product_tag","embeddable":true,"href":"https:\/\/lacasitaeducativa.shop\/index.php\/wp-json\/wp\/v2\/product_tag?post=508196"}],"curies":[{"name":"wp","href":"https:\/\/api.w.org\/{rel}","templated":true}]}}