{"id":509453,"date":"2026-03-26T14:24:13","date_gmt":"2026-03-26T14:24:13","guid":{"rendered":"https:\/\/lacasitaeducativa.shop\/?post_type=product&#038;p=509453"},"modified":"2026-03-26T14:37:19","modified_gmt":"2026-03-26T14:37:19","slug":"juego-de-construccion-espacial-con-cubos","status":"publish","type":"product","link":"https:\/\/lacasitaeducativa.shop\/index.php\/producto\/juego-de-construccion-espacial-con-cubos\/","title":{"rendered":"\ud83e\udde9 Juego de construcci\u00f3n espacial con cubos \u2013 Reto de las vistas 3D"},"content":{"rendered":"<p data-start=\"1331\" data-end=\"1542\">El reto de las vistas es un material de <strong data-start=\"1371\" data-end=\"1420\">orientaci\u00f3n espacial para educaci\u00f3n primaria <\/strong>dise\u00f1ado para que los ni\u00f1os observen, analicen y construyan modelos tridimensionales a partir de diferentes perspectivas.<\/p>\n<p data-start=\"1544\" data-end=\"1768\">A trav\u00e9s de tarjetas con vistas con colores (verde, amarillo, rojo y azul), los ni\u00f1os desarrollan la <strong data-start=\"1616\" data-end=\"1639\">percepci\u00f3n espacial<\/strong>, interpretan la informaci\u00f3n visual y reproducen correctamente cada estructura utilizando los diferentes cubos Bmath.<\/p>\n<p data-start=\"1770\" data-end=\"1914\">Este recurso convierte el trabajo de la <strong data-start=\"1810\" data-end=\"1855\">orientaci\u00f3n espacial y la geometr\u00eda en 3D<\/strong> en una actividad din\u00e1mica, motivadora y muy significativa.<\/p>\n<p data-start=\"1508\" data-end=\"1534\">Es ideal para trabajar en:<\/p>\n<ul data-start=\"1535\" data-end=\"1695\">\n<li data-section-id=\"1o3w14b\" data-start=\"1535\" data-end=\"1564\">\n<p data-start=\"1537\" data-end=\"1564\">aula de infantil y primaria<\/p>\n<\/li>\n<li data-section-id=\"19qslzu\" data-start=\"1565\" data-end=\"1587\">\n<p data-start=\"1567\" data-end=\"1587\">rincones matem\u00e1ticos<\/p>\n<\/li>\n<li data-section-id=\"1255hie\" data-start=\"1588\" data-end=\"1615\">\n<p data-start=\"1590\" data-end=\"1615\">estaciones de aprendizaje<\/p>\n<\/li>\n<li data-section-id=\"e9husu\" data-start=\"1616\" data-end=\"1650\">\n<p data-start=\"1618\" data-end=\"1650\">trabajo individual o cooperativo<\/p>\n<\/li>\n<li data-section-id=\"1iape5u\" data-start=\"1651\" data-end=\"1695\">\n<p data-start=\"1653\" data-end=\"1695\">propuestas de l\u00f3gica y razonamiento visual<\/p>\n<\/li>\n<\/ul>\n<h2 data-section-id=\"p9bf61\" data-start=\"1697\" data-end=\"1713\">\u00bfQu\u00e9 incluye?<\/h2>\n<ul data-start=\"1714\" data-end=\"1995\">\n<li data-section-id=\"1dtm5ki\" data-start=\"1714\" data-end=\"1775\">\n<p data-start=\"1716\" data-end=\"1775\">Tarjetas de retos con diferentes <strong data-start=\"1749\" data-end=\"1775\">vistas de construcci\u00f3n.<\/strong><\/p>\n<\/li>\n<li data-section-id=\"15c5gfm\" data-start=\"1776\" data-end=\"1837\">\n<p data-start=\"1778\" data-end=\"1837\">Modelos visuales de edificios en <strong data-start=\"1811\" data-end=\"1837\">distintas perspectivas.<\/strong><\/p>\n<\/li>\n<li data-section-id=\"17wy42g\" data-start=\"1838\" data-end=\"1899\">\n<p data-start=\"1840\" data-end=\"1899\">Plantillas de <strong data-start=\"1854\" data-end=\"1875\">cubos recortables<\/strong> para montar y manipular con algunos personajes Bmath.<\/p>\n<\/li>\n<li data-section-id=\"1suylcz\" data-start=\"1900\" data-end=\"1995\">\n<p data-start=\"1902\" data-end=\"1995\">Actividad lista para imprimir y plastificar si se desea.<\/p>\n<\/li>\n<\/ul>\n<h2 data-section-id=\"svi0vt\" data-start=\"1997\" data-end=\"2020\">Objetivos did\u00e1cticos<\/h2>\n<ul data-start=\"2021\" data-end=\"2300\">\n<li data-section-id=\"vgof9z\" data-start=\"2021\" data-end=\"2062\">\n<p data-start=\"2023\" data-end=\"2062\">Desarrollar la <strong data-start=\"2038\" data-end=\"2062\">orientaci\u00f3n espacial<\/strong><\/p>\n<\/li>\n<li data-section-id=\"14grtzi\" data-start=\"2063\" data-end=\"2099\">\n<p data-start=\"2065\" data-end=\"2099\">Potenciar la <strong data-start=\"2078\" data-end=\"2099\">percepci\u00f3n visual<\/strong><\/p>\n<\/li>\n<li data-section-id=\"p6zff6\" data-start=\"2100\" data-end=\"2142\">\n<p data-start=\"2102\" data-end=\"2142\">Trabajar la <strong data-start=\"2114\" data-end=\"2142\">interpretaci\u00f3n de vistas<\/strong><\/p>\n<\/li>\n<li data-section-id=\"assb5o\" data-start=\"2143\" data-end=\"2181\">\n<p data-start=\"2145\" data-end=\"2181\">Favorecer el <strong data-start=\"2158\" data-end=\"2181\">razonamiento l\u00f3gico<\/strong><\/p>\n<\/li>\n<li data-section-id=\"i87dfl\" data-start=\"2182\" data-end=\"2248\">\n<p data-start=\"2184\" data-end=\"2248\">Mejorar la atenci\u00f3n, la observaci\u00f3n y la resoluci\u00f3n de problemas<\/p>\n<\/li>\n<li data-section-id=\"1oj45z\" data-start=\"2249\" data-end=\"2300\">\n<p data-start=\"2251\" data-end=\"2300\">Iniciarse en la <strong data-start=\"2267\" data-end=\"2300\">representaci\u00f3n tridimensional<\/strong><\/p>\n<\/li>\n<\/ul>\n<h2 data-section-id=\"lvaxq4\" data-start=\"2302\" data-end=\"2321\">Edad recomendada<\/h2>\n<p data-start=\"2322\" data-end=\"2429\"><strong data-start=\"2322\" data-end=\"2355\">Desde 1\u00ba a 6\u00ba de primaria<\/strong>, adaptando el nivel de ayuda y la complejidad del reto seg\u00fan el alumnado.<\/p>\n<h2 data-section-id=\"1oe3lh3\" data-start=\"2431\" data-end=\"2449\">C\u00f3mo se utiliza<\/h2>\n<ol data-start=\"2450\" data-end=\"2731\">\n<li data-section-id=\"wji0m\" data-start=\"2450\" data-end=\"2502\">\n<p data-start=\"2453\" data-end=\"2502\">El ni\u00f1o observa las diferentes vistas del modelo.<\/p>\n<\/li>\n<li data-section-id=\"52aba5\" data-start=\"2503\" data-end=\"2557\">\n<p data-start=\"2506\" data-end=\"2557\">Analiza la posici\u00f3n de los cubos seg\u00fan cada \u00e1ngulo.<\/p>\n<\/li>\n<li data-section-id=\"1qgaatj\" data-start=\"2558\" data-end=\"2638\">\n<p data-start=\"2561\" data-end=\"2638\">Intenta reproducir la construcci\u00f3n con cubos.<\/p>\n<\/li>\n<li data-section-id=\"12et5q3\" data-start=\"2639\" data-end=\"2731\">\n<p data-start=\"2642\" data-end=\"2731\">Comprueba el resultado compar\u00e1ndolo con el modelo final o girando su propia construcci\u00f3n.<\/p>\n<\/li>\n<\/ol>\n<h2 data-section-id=\"ntsx86\" data-start=\"2733\" data-end=\"2759\">Beneficios del material<\/h2>\n<p data-start=\"2760\" data-end=\"2983\">\u201cLos beneficios del juego de construcci\u00f3n espacial con cubos en el aula son m\u00faltiples:\u201d<\/p>\n<p data-start=\"204\" data-end=\"338\">Este <strong data-start=\"209\" data-end=\"253\">juego de construcci\u00f3n espacial con cubos<\/strong> no solo es divertido, sino que potencia habilidades clave en el desarrollo infantil:<\/p>\n<p data-section-id=\"k43ztr\" data-start=\"345\" data-end=\"384\">1. Desarrollo de la visi\u00f3n espacial: los ni\u00f1os aprenden a interpretar y reproducir estructuras en 3D, mejorando su capacidad para comprender el espacio y las formas.<\/p>\n<p data-section-id=\"k43ztr\" data-start=\"345\" data-end=\"384\">2. Mejora de la atenci\u00f3n y la concentraci\u00f3n: cada reto requiere observar, analizar y reproducir con precisi\u00f3n, favoreciendo la concentraci\u00f3n sostenida.<\/p>\n<p data-section-id=\"k43ztr\" data-start=\"345\" data-end=\"384\">3. Estimulaci\u00f3n del pensamiento l\u00f3gico: al reconstruir las figuras a partir de diferentes vistas, los alumnos desarrollan habilidades de razonamiento y resoluci\u00f3n de problemas.<\/p>\n<p data-section-id=\"k43ztr\" data-start=\"345\" data-end=\"384\">4. Trabajo de la percepci\u00f3n visual: refuerza la capacidad de diferenciar posiciones, tama\u00f1os y perspectivas (vista frontal, lateral y superior).<\/p>\n<p data-section-id=\"k43ztr\" data-start=\"345\" data-end=\"384\">5. Aprendizaje manipulativo y significativo: El uso de cubos permite que el aprendizaje sea activo, pr\u00e1ctico y mucho m\u00e1s comprensible que en formato abstracto.<\/p>\n<p data-section-id=\"k43ztr\" data-start=\"345\" data-end=\"384\">6. Recurso vers\u00e1til para el aula: Ideal para rincones matem\u00e1ticos, estaciones de aprendizaje, trabajo individual o en peque\u00f1os grupos.<\/p>\n<p data-section-id=\"k43ztr\" data-start=\"345\" data-end=\"384\">7. Refuerzo de contenidos matem\u00e1ticos: perfecto para trabajar conceptos como geometr\u00eda, orientaci\u00f3n espacial y estructuras en educaci\u00f3n primaria.<\/p>\n<h2 data-section-id=\"1hdb7ex\" data-start=\"2985\" data-end=\"2995\">Formato<\/h2>\n<p data-start=\"2996\" data-end=\"3014\">PDF imprimible gratuito.<\/p>\n","protected":false},"excerpt":{"rendered":"<p data-start=\"1109\" data-end=\"1224\">\u00bfBuscas un recurso manipulativo para trabajar la <strong data-start=\"1158\" data-end=\"1200\">orientaci\u00f3n espacial y la visi\u00f3n en 3D<\/strong> en primaria? Este material educativo est\u00e1 dise\u00f1ado para que los ni\u00f1os desarrollen habilidades clave mientras juegan y experimentan con cubos.<\/p>\n<p><script async src=\"https:\/\/pagead2.googlesyndication.com\/pagead\/js\/adsbygoogle.js\"><\/script><br \/>\n<!-- Horizontal-Adaptable --><br \/>\n<ins class=\"adsbygoogle\" style=\"display: block;\" data-ad-client=\"ca-pub-1103545772104863\" data-ad-slot=\"5194289265\" data-ad-format=\"auto\" data-full-width-responsive=\"true\"><\/ins><script>\n     (adsbygoogle = window.adsbygoogle || []).push({});\n<\/script><\/p>\n","protected":false},"featured_media":509568,"comment_status":"open","ping_status":"closed","template":"","meta":{"site-sidebar-layout":"default","site-content-layout":"","ast-site-content-layout":"default","site-content-style":"default","site-sidebar-style":"default","ast-global-header-display":"","ast-banner-title-visibility":"","ast-main-header-display":"","ast-hfb-above-header-display":"","ast-hfb-below-header-display":"","ast-hfb-mobile-header-display":"","site-post-title":"","ast-breadcrumbs-content":"","ast-featured-img":"","footer-sml-layout":"","ast-disable-related-posts":"","theme-transparent-header-meta":"default","adv-header-id-meta":"","stick-header-meta":"","header-above-stick-meta":"","header-main-stick-meta":"","header-below-stick-meta":"","astra-migrate-meta-layouts":"set","ast-page-background-enabled":"default","ast-page-background-meta":{"desktop":{"background-color":"","background-image":"","background-repeat":"repeat","background-position":"center center","background-size":"auto","background-attachment":"scroll","background-type":"","background-media":"","overlay-type":"","overlay-color":"","overlay-opacity":"","overlay-gradient":""},"tablet":{"background-color":"","background-image":"","background-repeat":"repeat","background-position":"center center","background-size":"auto","background-attachment":"scroll","background-type":"","background-media":"","overlay-type":"","overlay-color":"","overlay-opacity":"","overlay-gradient":""},"mobile":{"background-color":"","background-image":"","background-repeat":"repeat","background-position":"center center","background-size":"auto","background-attachment":"scroll","background-type":"","background-media":"","overlay-type":"","overlay-color":"","overlay-opacity":"","overlay-gradient":""}},"ast-content-background-meta":{"desktop":{"background-color":"var(--ast-global-color-5)","background-image":"","background-repeat":"repeat","background-position":"center center","background-size":"auto","background-attachment":"scroll","background-type":"","background-media":"","overlay-type":"","overlay-color":"","overlay-opacity":"","overlay-gradient":""},"tablet":{"background-color":"var(--ast-global-color-5)","background-image":"","background-repeat":"repeat","background-position":"center center","background-size":"auto","background-attachment":"scroll","background-type":"","background-media":"","overlay-type":"","overlay-color":"","overlay-opacity":"","overlay-gradient":""},"mobile":{"background-color":"var(--ast-global-color-5)","background-image":"","background-repeat":"repeat","background-position":"center center","background-size":"auto","background-attachment":"scroll","background-type":"","background-media":"","overlay-type":"","overlay-color":"","overlay-opacity":"","overlay-gradient":""}}},"product_brand":[],"product_cat":[78],"product_tag":[863,862,861,750,436,864],"class_list":{"0":"post-509453","1":"product","2":"type-product","3":"status-publish","4":"has-post-thumbnail","6":"product_cat-matematicas","7":"product_tag-actividadesdelogicaespacial","8":"product_tag-construccionesconcubos","9":"product_tag-juegoconstruccionespacial","10":"product_tag-material-manipulativo-matematicas","11":"product_tag-orientacionespacial","12":"product_tag-recursoimprimible3d","13":"desktop-align-left","14":"tablet-align-left","15":"mobile-align-left","17":"first","18":"instock","19":"downloadable","20":"virtual","21":"taxable","22":"purchasable","23":"product-type-simple"},"yoast_head":"<!-- This site is optimized with the Yoast SEO plugin v26.8 - https:\/\/yoast.com\/product\/yoast-seo-wordpress\/ -->\n<title>juego-construcci\u00f3n-espacial-cubos<\/title>\n<meta name=\"description\" content=\"Juego manipulativo de construcci\u00f3n espacial con cubos para infantil y primaria. Trabaja vistas 3D, orientaci\u00f3n espacial y l\u00f3gica de forma divertida.\" \/>\n<meta name=\"robots\" content=\"index, follow, max-snippet:-1, max-image-preview:large, max-video-preview:-1\" \/>\n<link rel=\"canonical\" href=\"https:\/\/lacasitaeducativa.shop\/index.php\/producto\/juego-de-construccion-espacial-con-cubos\/\" \/>\n<meta property=\"og:locale\" content=\"es_ES\" \/>\n<meta property=\"og:type\" content=\"article\" \/>\n<meta property=\"og:title\" content=\"juego-construcci\u00f3n-espacial-cubos\" \/>\n<meta property=\"og:description\" content=\"Juego manipulativo de construcci\u00f3n espacial con cubos para infantil y primaria. Trabaja vistas 3D, orientaci\u00f3n espacial y l\u00f3gica de forma divertida.\" \/>\n<meta property=\"og:url\" content=\"https:\/\/lacasitaeducativa.shop\/index.php\/producto\/juego-de-construccion-espacial-con-cubos\/\" \/>\n<meta property=\"og:site_name\" content=\"La Casita Educativa\" \/>\n<meta property=\"article:modified_time\" content=\"2026-03-26T14:37:19+00:00\" \/>\n<meta property=\"og:image\" content=\"https:\/\/lacasitaeducativa.shop\/wp-content\/uploads\/2026\/03\/El-reto-de-las-vistas.jpg\" \/>\n\t<meta property=\"og:image:width\" content=\"1080\" \/>\n\t<meta property=\"og:image:height\" content=\"1080\" \/>\n\t<meta property=\"og:image:type\" content=\"image\/jpeg\" \/>\n<meta name=\"twitter:card\" content=\"summary_large_image\" \/>\n<meta name=\"twitter:label1\" content=\"Tiempo de lectura\" \/>\n\t<meta name=\"twitter:data1\" content=\"3 minutos\" \/>\n<script type=\"application\/ld+json\" class=\"yoast-schema-graph\">{\"@context\":\"https:\/\/schema.org\",\"@graph\":[{\"@type\":\"WebPage\",\"@id\":\"https:\/\/lacasitaeducativa.shop\/index.php\/producto\/juego-de-construccion-espacial-con-cubos\/\",\"url\":\"https:\/\/lacasitaeducativa.shop\/index.php\/producto\/juego-de-construccion-espacial-con-cubos\/\",\"name\":\"juego-construcci\u00f3n-espacial-cubos\",\"isPartOf\":{\"@id\":\"https:\/\/lacasitaeducativa.shop\/#website\"},\"primaryImageOfPage\":{\"@id\":\"https:\/\/lacasitaeducativa.shop\/index.php\/producto\/juego-de-construccion-espacial-con-cubos\/#primaryimage\"},\"image\":{\"@id\":\"https:\/\/lacasitaeducativa.shop\/index.php\/producto\/juego-de-construccion-espacial-con-cubos\/#primaryimage\"},\"thumbnailUrl\":\"https:\/\/lacasitaeducativa.shop\/wp-content\/uploads\/2026\/03\/El-reto-de-las-vistas.jpg\",\"datePublished\":\"2026-03-26T14:24:13+00:00\",\"dateModified\":\"2026-03-26T14:37:19+00:00\",\"description\":\"Juego manipulativo de construcci\u00f3n espacial con cubos para infantil y primaria. Trabaja vistas 3D, orientaci\u00f3n espacial y l\u00f3gica de forma divertida.\",\"breadcrumb\":{\"@id\":\"https:\/\/lacasitaeducativa.shop\/index.php\/producto\/juego-de-construccion-espacial-con-cubos\/#breadcrumb\"},\"inLanguage\":\"es\",\"potentialAction\":[{\"@type\":\"ReadAction\",\"target\":[\"https:\/\/lacasitaeducativa.shop\/index.php\/producto\/juego-de-construccion-espacial-con-cubos\/\"]}]},{\"@type\":\"ImageObject\",\"inLanguage\":\"es\",\"@id\":\"https:\/\/lacasitaeducativa.shop\/index.php\/producto\/juego-de-construccion-espacial-con-cubos\/#primaryimage\",\"url\":\"https:\/\/lacasitaeducativa.shop\/wp-content\/uploads\/2026\/03\/El-reto-de-las-vistas.jpg\",\"contentUrl\":\"https:\/\/lacasitaeducativa.shop\/wp-content\/uploads\/2026\/03\/El-reto-de-las-vistas.jpg\",\"width\":1080,\"height\":1080,\"caption\":\"El reto de las vistas\"},{\"@type\":\"BreadcrumbList\",\"@id\":\"https:\/\/lacasitaeducativa.shop\/index.php\/producto\/juego-de-construccion-espacial-con-cubos\/#breadcrumb\",\"itemListElement\":[{\"@type\":\"ListItem\",\"position\":1,\"name\":\"Portada\",\"item\":\"https:\/\/lacasitaeducativa.shop\/\"},{\"@type\":\"ListItem\",\"position\":2,\"name\":\"Recursos\",\"item\":\"https:\/\/lacasitaeducativa.shop\/index.php\/tienda\/\"},{\"@type\":\"ListItem\",\"position\":3,\"name\":\"\ud83e\udde9 Juego de construcci\u00f3n espacial con cubos \u2013 Reto de las vistas 3D\"}]},{\"@type\":\"WebSite\",\"@id\":\"https:\/\/lacasitaeducativa.shop\/#website\",\"url\":\"https:\/\/lacasitaeducativa.shop\/\",\"name\":\"La Casita Educativa\",\"description\":\"En esta casita encontrar\u00e9is todo tipo de recursos educativos infantiles, desde manualidades hasta actividades, juegos, cuentos, idiomas, adivinanzas y otros.\",\"publisher\":{\"@id\":\"https:\/\/lacasitaeducativa.shop\/#organization\"},\"potentialAction\":[{\"@type\":\"SearchAction\",\"target\":{\"@type\":\"EntryPoint\",\"urlTemplate\":\"https:\/\/lacasitaeducativa.shop\/?s={search_term_string}\"},\"query-input\":{\"@type\":\"PropertyValueSpecification\",\"valueRequired\":true,\"valueName\":\"search_term_string\"}}],\"inLanguage\":\"es\"},{\"@type\":\"Organization\",\"@id\":\"https:\/\/lacasitaeducativa.shop\/#organization\",\"name\":\"La Casita Educativa - LACASITAEDUCATIVA.SHOP\",\"url\":\"https:\/\/lacasitaeducativa.shop\/\",\"logo\":{\"@type\":\"ImageObject\",\"inLanguage\":\"es\",\"@id\":\"https:\/\/lacasitaeducativa.shop\/#\/schema\/logo\/image\/\",\"url\":\"https:\/\/lacasitaeducativa.shop\/wp-content\/uploads\/2020\/08\/Logos-la-casita-educativa-2-1.png\",\"contentUrl\":\"https:\/\/lacasitaeducativa.shop\/wp-content\/uploads\/2020\/08\/Logos-la-casita-educativa-2-1.png\",\"width\":500,\"height\":500,\"caption\":\"La Casita Educativa - LACASITAEDUCATIVA.SHOP\"},\"image\":{\"@id\":\"https:\/\/lacasitaeducativa.shop\/#\/schema\/logo\/image\/\"}}]}<\/script>\n<!-- \/ Yoast SEO plugin. -->","yoast_head_json":{"title":"juego-construcci\u00f3n-espacial-cubos","description":"Juego manipulativo de construcci\u00f3n espacial con cubos para infantil y primaria. Trabaja vistas 3D, orientaci\u00f3n espacial y l\u00f3gica de forma divertida.","robots":{"index":"index","follow":"follow","max-snippet":"max-snippet:-1","max-image-preview":"max-image-preview:large","max-video-preview":"max-video-preview:-1"},"canonical":"https:\/\/lacasitaeducativa.shop\/index.php\/producto\/juego-de-construccion-espacial-con-cubos\/","og_locale":"es_ES","og_type":"article","og_title":"juego-construcci\u00f3n-espacial-cubos","og_description":"Juego manipulativo de construcci\u00f3n espacial con cubos para infantil y primaria. Trabaja vistas 3D, orientaci\u00f3n espacial y l\u00f3gica de forma divertida.","og_url":"https:\/\/lacasitaeducativa.shop\/index.php\/producto\/juego-de-construccion-espacial-con-cubos\/","og_site_name":"La Casita Educativa","article_modified_time":"2026-03-26T14:37:19+00:00","og_image":[{"width":1080,"height":1080,"url":"https:\/\/lacasitaeducativa.shop\/wp-content\/uploads\/2026\/03\/El-reto-de-las-vistas.jpg","type":"image\/jpeg"}],"twitter_card":"summary_large_image","twitter_misc":{"Tiempo de lectura":"3 minutos"},"schema":{"@context":"https:\/\/schema.org","@graph":[{"@type":"WebPage","@id":"https:\/\/lacasitaeducativa.shop\/index.php\/producto\/juego-de-construccion-espacial-con-cubos\/","url":"https:\/\/lacasitaeducativa.shop\/index.php\/producto\/juego-de-construccion-espacial-con-cubos\/","name":"juego-construcci\u00f3n-espacial-cubos","isPartOf":{"@id":"https:\/\/lacasitaeducativa.shop\/#website"},"primaryImageOfPage":{"@id":"https:\/\/lacasitaeducativa.shop\/index.php\/producto\/juego-de-construccion-espacial-con-cubos\/#primaryimage"},"image":{"@id":"https:\/\/lacasitaeducativa.shop\/index.php\/producto\/juego-de-construccion-espacial-con-cubos\/#primaryimage"},"thumbnailUrl":"https:\/\/lacasitaeducativa.shop\/wp-content\/uploads\/2026\/03\/El-reto-de-las-vistas.jpg","datePublished":"2026-03-26T14:24:13+00:00","dateModified":"2026-03-26T14:37:19+00:00","description":"Juego manipulativo de construcci\u00f3n espacial con cubos para infantil y primaria. Trabaja vistas 3D, orientaci\u00f3n espacial y l\u00f3gica de forma divertida.","breadcrumb":{"@id":"https:\/\/lacasitaeducativa.shop\/index.php\/producto\/juego-de-construccion-espacial-con-cubos\/#breadcrumb"},"inLanguage":"es","potentialAction":[{"@type":"ReadAction","target":["https:\/\/lacasitaeducativa.shop\/index.php\/producto\/juego-de-construccion-espacial-con-cubos\/"]}]},{"@type":"ImageObject","inLanguage":"es","@id":"https:\/\/lacasitaeducativa.shop\/index.php\/producto\/juego-de-construccion-espacial-con-cubos\/#primaryimage","url":"https:\/\/lacasitaeducativa.shop\/wp-content\/uploads\/2026\/03\/El-reto-de-las-vistas.jpg","contentUrl":"https:\/\/lacasitaeducativa.shop\/wp-content\/uploads\/2026\/03\/El-reto-de-las-vistas.jpg","width":1080,"height":1080,"caption":"El reto de las vistas"},{"@type":"BreadcrumbList","@id":"https:\/\/lacasitaeducativa.shop\/index.php\/producto\/juego-de-construccion-espacial-con-cubos\/#breadcrumb","itemListElement":[{"@type":"ListItem","position":1,"name":"Portada","item":"https:\/\/lacasitaeducativa.shop\/"},{"@type":"ListItem","position":2,"name":"Recursos","item":"https:\/\/lacasitaeducativa.shop\/index.php\/tienda\/"},{"@type":"ListItem","position":3,"name":"\ud83e\udde9 Juego de construcci\u00f3n espacial con cubos \u2013 Reto de las vistas 3D"}]},{"@type":"WebSite","@id":"https:\/\/lacasitaeducativa.shop\/#website","url":"https:\/\/lacasitaeducativa.shop\/","name":"La Casita Educativa","description":"En esta casita encontrar\u00e9is todo tipo de recursos educativos infantiles, desde manualidades hasta actividades, juegos, cuentos, idiomas, adivinanzas y otros.","publisher":{"@id":"https:\/\/lacasitaeducativa.shop\/#organization"},"potentialAction":[{"@type":"SearchAction","target":{"@type":"EntryPoint","urlTemplate":"https:\/\/lacasitaeducativa.shop\/?s={search_term_string}"},"query-input":{"@type":"PropertyValueSpecification","valueRequired":true,"valueName":"search_term_string"}}],"inLanguage":"es"},{"@type":"Organization","@id":"https:\/\/lacasitaeducativa.shop\/#organization","name":"La Casita Educativa - LACASITAEDUCATIVA.SHOP","url":"https:\/\/lacasitaeducativa.shop\/","logo":{"@type":"ImageObject","inLanguage":"es","@id":"https:\/\/lacasitaeducativa.shop\/#\/schema\/logo\/image\/","url":"https:\/\/lacasitaeducativa.shop\/wp-content\/uploads\/2020\/08\/Logos-la-casita-educativa-2-1.png","contentUrl":"https:\/\/lacasitaeducativa.shop\/wp-content\/uploads\/2020\/08\/Logos-la-casita-educativa-2-1.png","width":500,"height":500,"caption":"La Casita Educativa - LACASITAEDUCATIVA.SHOP"},"image":{"@id":"https:\/\/lacasitaeducativa.shop\/#\/schema\/logo\/image\/"}}]}},"_links":{"self":[{"href":"https:\/\/lacasitaeducativa.shop\/index.php\/wp-json\/wp\/v2\/product\/509453","targetHints":{"allow":["GET"]}}],"collection":[{"href":"https:\/\/lacasitaeducativa.shop\/index.php\/wp-json\/wp\/v2\/product"}],"about":[{"href":"https:\/\/lacasitaeducativa.shop\/index.php\/wp-json\/wp\/v2\/types\/product"}],"replies":[{"embeddable":true,"href":"https:\/\/lacasitaeducativa.shop\/index.php\/wp-json\/wp\/v2\/comments?post=509453"}],"wp:featuredmedia":[{"embeddable":true,"href":"https:\/\/lacasitaeducativa.shop\/index.php\/wp-json\/wp\/v2\/media\/509568"}],"wp:attachment":[{"href":"https:\/\/lacasitaeducativa.shop\/index.php\/wp-json\/wp\/v2\/media?parent=509453"}],"wp:term":[{"taxonomy":"product_brand","embeddable":true,"href":"https:\/\/lacasitaeducativa.shop\/index.php\/wp-json\/wp\/v2\/product_brand?post=509453"},{"taxonomy":"product_cat","embeddable":true,"href":"https:\/\/lacasitaeducativa.shop\/index.php\/wp-json\/wp\/v2\/product_cat?post=509453"},{"taxonomy":"product_tag","embeddable":true,"href":"https:\/\/lacasitaeducativa.shop\/index.php\/wp-json\/wp\/v2\/product_tag?post=509453"}],"curies":[{"name":"wp","href":"https:\/\/api.w.org\/{rel}","templated":true}]}}