{"id":510242,"date":"2026-03-26T06:18:19","date_gmt":"2026-03-26T06:18:19","guid":{"rendered":"https:\/\/lacasitaeducativa.shop\/?post_type=product&#038;p=510242"},"modified":"2026-04-02T07:07:11","modified_gmt":"2026-04-02T07:07:11","slug":"cuaderno-de-primavera","status":"publish","type":"product","link":"https:\/\/lacasitaeducativa.shop\/index.php\/producto\/cuaderno-de-primavera\/","title":{"rendered":"Cuaderno de primavera"},"content":{"rendered":"<p>Este cuaderno de primavera es un recurso educativo imprimible ideal para trabajar diferentes habilidades en educaci\u00f3n infantil. Este cuaderno de primavera incluye actividades de primavera dise\u00f1adas para aprender jugando de forma divertida y significativa.<\/p>\n<h3>\ud83d\udcda \u00bfQU\u00c9 INCLUYE este cuaderno de primavera?<\/h3>\n<p data-section-id=\"195zgp9\" data-start=\"1487\" data-end=\"1507\"><span style=\"font-size: 16px;\">Este cuaderno de primavera incluye m\u00e1s de 50 actividades <\/span>que estimulan la creatividad, la l\u00f3gica y la lectoescritura:<\/p>\n<ul class=\"a-unordered-list a-vertical\">\n<li>Laberintos\u00a0<img decoding=\"async\" class=\"emoji\" role=\"img\" draggable=\"false\" src=\"https:\/\/s.w.org\/images\/core\/emoji\/17.0.2\/svg\/270f.svg\" alt=\"\u270f\ufe0f\" \/><\/li>\n<li>Sopas de letras<\/li>\n<li>Unir los puntos<\/li>\n<li>Colorear y pintar\u00a0<img decoding=\"async\" class=\"emoji\" role=\"img\" draggable=\"false\" src=\"https:\/\/s.w.org\/images\/core\/emoji\/17.0.2\/svg\/1f3a8.svg\" alt=\"\ud83c\udfa8\" \/><\/li>\n<li>Conteo y sumas sencillas\u00a0<img decoding=\"async\" class=\"emoji\" role=\"img\" draggable=\"false\" src=\"https:\/\/s.w.org\/images\/core\/emoji\/17.0.2\/svg\/1f522.svg\" alt=\"\ud83d\udd22\" \/><\/li>\n<li>Trazos y grafomotricidad\u00a0<img decoding=\"async\" class=\"emoji\" role=\"img\" draggable=\"false\" src=\"https:\/\/s.w.org\/images\/core\/emoji\/17.0.2\/svg\/270d.svg\" alt=\"\u270d\ufe0f\" \/><\/li>\n<li>Diferencias, crucigramas y secuencias\u00a0<img decoding=\"async\" class=\"emoji\" role=\"img\" draggable=\"false\" src=\"https:\/\/s.w.org\/images\/core\/emoji\/17.0.2\/svg\/1f9e9.svg\" alt=\"\ud83e\udde9\" \/><\/li>\n<li>Actividades con letras y n\u00fameros\u00a0<img decoding=\"async\" class=\"emoji\" role=\"img\" draggable=\"false\" src=\"https:\/\/s.w.org\/images\/core\/emoji\/17.0.2\/svg\/1f524.svg\" alt=\"\ud83d\udd24\" \/><\/li>\n<\/ul>\n<h3>\ud83c\udf38 Cuaderno de primavera infantil: \u00bfPara qu\u00e9 es ideal?<\/h3>\n<p>El cuaderno de primavera es ideal para:<\/p>\n<ul data-start=\"1882\" data-end=\"2005\">\n<li data-section-id=\"6p3gsd\" data-start=\"1882\" data-end=\"1913\">aulas de educaci\u00f3n infantil<\/li>\n<li data-section-id=\"avk4r3\" data-start=\"1914\" data-end=\"1942\">primer ciclo de primaria<\/li>\n<li data-section-id=\"fzl045\" data-start=\"1943\" data-end=\"1963\">refuerzo en casa<\/li>\n<li data-section-id=\"t1zz55\" data-start=\"1964\" data-end=\"1987\">rincones de trabajo<\/li>\n<li data-section-id=\"1kivfrn\" data-start=\"1988\" data-end=\"2005\">homeschooling<\/li>\n<\/ul>\n<h3 data-section-id=\"bzpdn5\" data-start=\"2012\" data-end=\"2038\">\ud83d\udc69\u200d\ud83c\udfeb EDAD RECOMENDADA<\/h3>\n<p data-section-id=\"bzpdn5\" data-start=\"2012\" data-end=\"2038\"><span style=\"font-size: 16px;\">Recomendado para ni\u00f1os de 4 a 8 a\u00f1os, adaptable seg\u00fan nivel.<\/span><\/p>\n<p><img decoding=\"async\" class=\"emoji\" role=\"img\" draggable=\"false\" src=\"https:\/\/s.w.org\/images\/core\/emoji\/17.0.2\/svg\/2705.svg\" alt=\"\u2705\" \/>\u00a0Perfecto para usar en casa, en clase o en viajes.<\/p>\n<p><img decoding=\"async\" class=\"emoji\" role=\"img\" draggable=\"false\" src=\"https:\/\/s.w.org\/images\/core\/emoji\/17.0.2\/svg\/2705.svg\" alt=\"\u2705\" \/>\u00a0Favorece la atenci\u00f3n, la motricidad fina y el aprendizaje divertido.<\/p>\n<h3 data-section-id=\"jaziq\" data-start=\"2109\" data-end=\"2123\">\ud83d\udce5 FORMATO<\/h3>\n<p data-section-id=\"jaziq\" data-start=\"2109\" data-end=\"2123\"><span style=\"font-size: 16px;\">\u2714\ufe0f Recurso educativo imprimible en PDF<\/span><\/p>\n<p data-section-id=\"jaziq\" data-start=\"2109\" data-end=\"2123\">\u2714\ufe0f Listo para descargar e imprimir<br data-start=\"2202\" data-end=\"2205\" \/>\u2714\ufe0f Uso inmediato en aula o en casa<\/p>\n<p>Este cuaderno de primavera imprimible es perfecto como material educativo infantil, actividades de primavera para ni\u00f1os y recurso did\u00e1ctico para trabajar en el aula o en casa.<\/p>\n<h2 data-section-id=\"1ggqnnp\" data-start=\"230\" data-end=\"255\">\u2753 Preguntas frecuentes<\/h2>\n<p data-start=\"257\" data-end=\"438\"><strong data-start=\"257\" data-end=\"306\">\u00bfEn qu\u00e9 idiomas est\u00e1 disponible el cuaderno de primavera?<\/strong><br data-start=\"306\" data-end=\"309\" \/>Este cuaderno lo tienes disponible en castellano y catal\u00e1n.<\/p>\n<p data-start=\"445\" data-end=\"636\"><strong data-start=\"445\" data-end=\"497\">\u00bfSe puede utilizar en casa adem\u00e1s de en el aula?<\/strong><br data-start=\"497\" data-end=\"500\" \/>S\u00ed, es un recurso educativo ideal tanto para docentes como para familias que quieran reforzar el aprendizaje en casa de forma divertida.<\/p>\n<p data-start=\"643\" data-end=\"812\"><strong data-start=\"643\" data-end=\"686\">\u00bfQu\u00e9 habilidades trabaja este cuaderno?<\/strong><br data-start=\"686\" data-end=\"689\" \/>Trabaja habilidades clave como el conteo, la lectoescritura, la grafomotricidad, la atenci\u00f3n, la l\u00f3gica y la concentraci\u00f3n.<\/p>\n<p data-start=\"819\" data-end=\"964\"><strong data-start=\"819\" data-end=\"852\">\u00bfEl material es reutilizable?<\/strong><br data-start=\"852\" data-end=\"855\" \/>S\u00ed, puedes plastificar las p\u00e1ginas o usar fundas para convertirlo en un material reutilizable y manipulativo.<\/p>\n<p data-start=\"971\" data-end=\"1106\"><strong data-start=\"971\" data-end=\"1003\">\u00bfC\u00f3mo se recibe el material?<\/strong><br data-start=\"1003\" data-end=\"1006\" \/>Se trata de un recurso educativo en formato PDF, tienes que realizar el pago a\u00f1adiendo el material al carrito y una vez finalizado el proceso, recibes de forma inmediata a tu correo electr\u00f3nico el material listo en PDF para descargar.<\/p>\n","protected":false},"excerpt":{"rendered":"<p>Este cuaderno de primavera imprimible es un recurso educativo completo dise\u00f1ado para trabajar diferentes habilidades en educaci\u00f3n infantil y primer ciclo de primaria de forma divertida y significativa.<br data-start=\"1074\" data-end=\"1077\" \/>Incluye una gran variedad de actividades educativas para aprender jugando con tem\u00e1tica primaveral.<\/p>\n<p><script async src=\"https:\/\/pagead2.googlesyndication.com\/pagead\/js\/adsbygoogle.js\"><\/script><br \/>\n<!-- Horizontal-Adaptable --><br \/>\n<ins class=\"adsbygoogle\" style=\"display: block;\" data-ad-client=\"ca-pub-1103545772104863\" data-ad-slot=\"5194289265\" data-ad-format=\"auto\" data-full-width-responsive=\"true\"><\/ins><br \/>\n<script>\n     (adsbygoogle = window.adsbygoogle || []).push({});\n<\/script><\/p>\n","protected":false},"featured_media":510251,"comment_status":"open","ping_status":"closed","template":"","meta":{"site-sidebar-layout":"default","site-content-layout":"","ast-site-content-layout":"default","site-content-style":"default","site-sidebar-style":"default","ast-global-header-display":"","ast-banner-title-visibility":"","ast-main-header-display":"","ast-hfb-above-header-display":"","ast-hfb-below-header-display":"","ast-hfb-mobile-header-display":"","site-post-title":"","ast-breadcrumbs-content":"","ast-featured-img":"","footer-sml-layout":"","ast-disable-related-posts":"","theme-transparent-header-meta":"default","adv-header-id-meta":"","stick-header-meta":"","header-above-stick-meta":"","header-main-stick-meta":"","header-below-stick-meta":"","astra-migrate-meta-layouts":"set","ast-page-background-enabled":"default","ast-page-background-meta":{"desktop":{"background-color":"","background-image":"","background-repeat":"repeat","background-position":"center center","background-size":"auto","background-attachment":"scroll","background-type":"","background-media":"","overlay-type":"","overlay-color":"","overlay-opacity":"","overlay-gradient":""},"tablet":{"background-color":"","background-image":"","background-repeat":"repeat","background-position":"center center","background-size":"auto","background-attachment":"scroll","background-type":"","background-media":"","overlay-type":"","overlay-color":"","overlay-opacity":"","overlay-gradient":""},"mobile":{"background-color":"","background-image":"","background-repeat":"repeat","background-position":"center center","background-size":"auto","background-attachment":"scroll","background-type":"","background-media":"","overlay-type":"","overlay-color":"","overlay-opacity":"","overlay-gradient":""}},"ast-content-background-meta":{"desktop":{"background-color":"var(--ast-global-color-5)","background-image":"","background-repeat":"repeat","background-position":"center center","background-size":"auto","background-attachment":"scroll","background-type":"","background-media":"","overlay-type":"","overlay-color":"","overlay-opacity":"","overlay-gradient":""},"tablet":{"background-color":"var(--ast-global-color-5)","background-image":"","background-repeat":"repeat","background-position":"center center","background-size":"auto","background-attachment":"scroll","background-type":"","background-media":"","overlay-type":"","overlay-color":"","overlay-opacity":"","overlay-gradient":""},"mobile":{"background-color":"var(--ast-global-color-5)","background-image":"","background-repeat":"repeat","background-position":"center center","background-size":"auto","background-attachment":"scroll","background-type":"","background-media":"","overlay-type":"","overlay-color":"","overlay-opacity":"","overlay-gradient":""}}},"product_brand":[],"product_cat":[15],"product_tag":[858,856,859,860,287,855,857],"class_list":{"0":"post-510242","1":"product","2":"type-product","3":"status-publish","4":"has-post-thumbnail","6":"product_cat-educacion-infantil","7":"product_tag-actividadesdeprimaverainfantil","8":"product_tag-actividadesprimaveraprimaria","9":"product_tag-cuadernodeprimavera","10":"product_tag-cuadernoinfantil","11":"product_tag-primavera","12":"product_tag-primaverainfantil","13":"product_tag-recursoeducativoinfantil","14":"desktop-align-left","15":"tablet-align-left","16":"mobile-align-left","18":"first","19":"instock","20":"downloadable","21":"virtual","22":"taxable","23":"purchasable","24":"product-type-simple"},"yoast_head":"<!-- This site is optimized with the Yoast SEO plugin v26.8 - https:\/\/yoast.com\/product\/yoast-seo-wordpress\/ -->\n<title>Cuaderno de primavera - La Casita Educativa<\/title>\n<meta name=\"description\" content=\"Cuaderno de primavera infantil imprimible con actividades educativas de n\u00fameros, lectoescritura y trazos. Ideal para ni\u00f1os de 3 a 7 a\u00f1os.\" \/>\n<meta name=\"robots\" content=\"index, follow, max-snippet:-1, max-image-preview:large, max-video-preview:-1\" \/>\n<link rel=\"canonical\" href=\"https:\/\/lacasitaeducativa.shop\/index.php\/producto\/cuaderno-de-primavera\/\" \/>\n<meta property=\"og:locale\" content=\"es_ES\" \/>\n<meta property=\"og:type\" content=\"article\" \/>\n<meta property=\"og:title\" content=\"Cuaderno de primavera - La Casita Educativa\" \/>\n<meta property=\"og:description\" content=\"Cuaderno de primavera infantil imprimible con actividades educativas de n\u00fameros, lectoescritura y trazos. Ideal para ni\u00f1os de 3 a 7 a\u00f1os.\" \/>\n<meta property=\"og:url\" content=\"https:\/\/lacasitaeducativa.shop\/index.php\/producto\/cuaderno-de-primavera\/\" \/>\n<meta property=\"og:site_name\" content=\"La Casita Educativa\" \/>\n<meta property=\"article:modified_time\" content=\"2026-04-02T07:07:11+00:00\" \/>\n<meta property=\"og:image\" content=\"https:\/\/lacasitaeducativa.shop\/wp-content\/uploads\/2026\/03\/cuaderno-de-primavera-para-infantil-y-primaria.jpg\" \/>\n\t<meta property=\"og:image:width\" content=\"500\" \/>\n\t<meta property=\"og:image:height\" content=\"500\" \/>\n\t<meta property=\"og:image:type\" content=\"image\/jpeg\" \/>\n<meta name=\"twitter:card\" content=\"summary_large_image\" \/>\n<meta name=\"twitter:label1\" content=\"Tiempo de lectura\" \/>\n\t<meta name=\"twitter:data1\" content=\"4 minutos\" \/>\n<script type=\"application\/ld+json\" class=\"yoast-schema-graph\">{\"@context\":\"https:\/\/schema.org\",\"@graph\":[{\"@type\":\"WebPage\",\"@id\":\"https:\/\/lacasitaeducativa.shop\/index.php\/producto\/cuaderno-de-primavera\/\",\"url\":\"https:\/\/lacasitaeducativa.shop\/index.php\/producto\/cuaderno-de-primavera\/\",\"name\":\"Cuaderno de primavera - La Casita Educativa\",\"isPartOf\":{\"@id\":\"https:\/\/lacasitaeducativa.shop\/#website\"},\"primaryImageOfPage\":{\"@id\":\"https:\/\/lacasitaeducativa.shop\/index.php\/producto\/cuaderno-de-primavera\/#primaryimage\"},\"image\":{\"@id\":\"https:\/\/lacasitaeducativa.shop\/index.php\/producto\/cuaderno-de-primavera\/#primaryimage\"},\"thumbnailUrl\":\"https:\/\/lacasitaeducativa.shop\/wp-content\/uploads\/2026\/03\/cuaderno-de-primavera-para-infantil-y-primaria.jpg\",\"datePublished\":\"2026-03-26T06:18:19+00:00\",\"dateModified\":\"2026-04-02T07:07:11+00:00\",\"description\":\"Cuaderno de primavera infantil imprimible con actividades educativas de n\u00fameros, lectoescritura y trazos. Ideal para ni\u00f1os de 3 a 7 a\u00f1os.\",\"breadcrumb\":{\"@id\":\"https:\/\/lacasitaeducativa.shop\/index.php\/producto\/cuaderno-de-primavera\/#breadcrumb\"},\"inLanguage\":\"es\",\"potentialAction\":[{\"@type\":\"ReadAction\",\"target\":[\"https:\/\/lacasitaeducativa.shop\/index.php\/producto\/cuaderno-de-primavera\/\"]}]},{\"@type\":\"ImageObject\",\"inLanguage\":\"es\",\"@id\":\"https:\/\/lacasitaeducativa.shop\/index.php\/producto\/cuaderno-de-primavera\/#primaryimage\",\"url\":\"https:\/\/lacasitaeducativa.shop\/wp-content\/uploads\/2026\/03\/cuaderno-de-primavera-para-infantil-y-primaria.jpg\",\"contentUrl\":\"https:\/\/lacasitaeducativa.shop\/wp-content\/uploads\/2026\/03\/cuaderno-de-primavera-para-infantil-y-primaria.jpg\",\"width\":500,\"height\":500,\"caption\":\"Actividades de primavera para infantil\"},{\"@type\":\"BreadcrumbList\",\"@id\":\"https:\/\/lacasitaeducativa.shop\/index.php\/producto\/cuaderno-de-primavera\/#breadcrumb\",\"itemListElement\":[{\"@type\":\"ListItem\",\"position\":1,\"name\":\"Portada\",\"item\":\"https:\/\/lacasitaeducativa.shop\/\"},{\"@type\":\"ListItem\",\"position\":2,\"name\":\"Recursos\",\"item\":\"https:\/\/lacasitaeducativa.shop\/index.php\/tienda\/\"},{\"@type\":\"ListItem\",\"position\":3,\"name\":\"Cuaderno de primavera\"}]},{\"@type\":\"WebSite\",\"@id\":\"https:\/\/lacasitaeducativa.shop\/#website\",\"url\":\"https:\/\/lacasitaeducativa.shop\/\",\"name\":\"La Casita Educativa\",\"description\":\"En esta casita encontrar\u00e9is todo tipo de recursos educativos infantiles, desde manualidades hasta actividades, juegos, cuentos, idiomas, adivinanzas y otros.\",\"publisher\":{\"@id\":\"https:\/\/lacasitaeducativa.shop\/#organization\"},\"potentialAction\":[{\"@type\":\"SearchAction\",\"target\":{\"@type\":\"EntryPoint\",\"urlTemplate\":\"https:\/\/lacasitaeducativa.shop\/?s={search_term_string}\"},\"query-input\":{\"@type\":\"PropertyValueSpecification\",\"valueRequired\":true,\"valueName\":\"search_term_string\"}}],\"inLanguage\":\"es\"},{\"@type\":\"Organization\",\"@id\":\"https:\/\/lacasitaeducativa.shop\/#organization\",\"name\":\"La Casita Educativa - LACASITAEDUCATIVA.SHOP\",\"url\":\"https:\/\/lacasitaeducativa.shop\/\",\"logo\":{\"@type\":\"ImageObject\",\"inLanguage\":\"es\",\"@id\":\"https:\/\/lacasitaeducativa.shop\/#\/schema\/logo\/image\/\",\"url\":\"https:\/\/lacasitaeducativa.shop\/wp-content\/uploads\/2020\/08\/Logos-la-casita-educativa-2-1.png\",\"contentUrl\":\"https:\/\/lacasitaeducativa.shop\/wp-content\/uploads\/2020\/08\/Logos-la-casita-educativa-2-1.png\",\"width\":500,\"height\":500,\"caption\":\"La Casita Educativa - LACASITAEDUCATIVA.SHOP\"},\"image\":{\"@id\":\"https:\/\/lacasitaeducativa.shop\/#\/schema\/logo\/image\/\"}}]}<\/script>\n<!-- \/ Yoast SEO plugin. -->","yoast_head_json":{"title":"Cuaderno de primavera - La Casita Educativa","description":"Cuaderno de primavera infantil imprimible con actividades educativas de n\u00fameros, lectoescritura y trazos. Ideal para ni\u00f1os de 3 a 7 a\u00f1os.","robots":{"index":"index","follow":"follow","max-snippet":"max-snippet:-1","max-image-preview":"max-image-preview:large","max-video-preview":"max-video-preview:-1"},"canonical":"https:\/\/lacasitaeducativa.shop\/index.php\/producto\/cuaderno-de-primavera\/","og_locale":"es_ES","og_type":"article","og_title":"Cuaderno de primavera - La Casita Educativa","og_description":"Cuaderno de primavera infantil imprimible con actividades educativas de n\u00fameros, lectoescritura y trazos. Ideal para ni\u00f1os de 3 a 7 a\u00f1os.","og_url":"https:\/\/lacasitaeducativa.shop\/index.php\/producto\/cuaderno-de-primavera\/","og_site_name":"La Casita Educativa","article_modified_time":"2026-04-02T07:07:11+00:00","og_image":[{"width":500,"height":500,"url":"https:\/\/lacasitaeducativa.shop\/wp-content\/uploads\/2026\/03\/cuaderno-de-primavera-para-infantil-y-primaria.jpg","type":"image\/jpeg"}],"twitter_card":"summary_large_image","twitter_misc":{"Tiempo de lectura":"4 minutos"},"schema":{"@context":"https:\/\/schema.org","@graph":[{"@type":"WebPage","@id":"https:\/\/lacasitaeducativa.shop\/index.php\/producto\/cuaderno-de-primavera\/","url":"https:\/\/lacasitaeducativa.shop\/index.php\/producto\/cuaderno-de-primavera\/","name":"Cuaderno de primavera - La Casita Educativa","isPartOf":{"@id":"https:\/\/lacasitaeducativa.shop\/#website"},"primaryImageOfPage":{"@id":"https:\/\/lacasitaeducativa.shop\/index.php\/producto\/cuaderno-de-primavera\/#primaryimage"},"image":{"@id":"https:\/\/lacasitaeducativa.shop\/index.php\/producto\/cuaderno-de-primavera\/#primaryimage"},"thumbnailUrl":"https:\/\/lacasitaeducativa.shop\/wp-content\/uploads\/2026\/03\/cuaderno-de-primavera-para-infantil-y-primaria.jpg","datePublished":"2026-03-26T06:18:19+00:00","dateModified":"2026-04-02T07:07:11+00:00","description":"Cuaderno de primavera infantil imprimible con actividades educativas de n\u00fameros, lectoescritura y trazos. Ideal para ni\u00f1os de 3 a 7 a\u00f1os.","breadcrumb":{"@id":"https:\/\/lacasitaeducativa.shop\/index.php\/producto\/cuaderno-de-primavera\/#breadcrumb"},"inLanguage":"es","potentialAction":[{"@type":"ReadAction","target":["https:\/\/lacasitaeducativa.shop\/index.php\/producto\/cuaderno-de-primavera\/"]}]},{"@type":"ImageObject","inLanguage":"es","@id":"https:\/\/lacasitaeducativa.shop\/index.php\/producto\/cuaderno-de-primavera\/#primaryimage","url":"https:\/\/lacasitaeducativa.shop\/wp-content\/uploads\/2026\/03\/cuaderno-de-primavera-para-infantil-y-primaria.jpg","contentUrl":"https:\/\/lacasitaeducativa.shop\/wp-content\/uploads\/2026\/03\/cuaderno-de-primavera-para-infantil-y-primaria.jpg","width":500,"height":500,"caption":"Actividades de primavera para infantil"},{"@type":"BreadcrumbList","@id":"https:\/\/lacasitaeducativa.shop\/index.php\/producto\/cuaderno-de-primavera\/#breadcrumb","itemListElement":[{"@type":"ListItem","position":1,"name":"Portada","item":"https:\/\/lacasitaeducativa.shop\/"},{"@type":"ListItem","position":2,"name":"Recursos","item":"https:\/\/lacasitaeducativa.shop\/index.php\/tienda\/"},{"@type":"ListItem","position":3,"name":"Cuaderno de primavera"}]},{"@type":"WebSite","@id":"https:\/\/lacasitaeducativa.shop\/#website","url":"https:\/\/lacasitaeducativa.shop\/","name":"La Casita Educativa","description":"En esta casita encontrar\u00e9is todo tipo de recursos educativos infantiles, desde manualidades hasta actividades, juegos, cuentos, idiomas, adivinanzas y otros.","publisher":{"@id":"https:\/\/lacasitaeducativa.shop\/#organization"},"potentialAction":[{"@type":"SearchAction","target":{"@type":"EntryPoint","urlTemplate":"https:\/\/lacasitaeducativa.shop\/?s={search_term_string}"},"query-input":{"@type":"PropertyValueSpecification","valueRequired":true,"valueName":"search_term_string"}}],"inLanguage":"es"},{"@type":"Organization","@id":"https:\/\/lacasitaeducativa.shop\/#organization","name":"La Casita Educativa - LACASITAEDUCATIVA.SHOP","url":"https:\/\/lacasitaeducativa.shop\/","logo":{"@type":"ImageObject","inLanguage":"es","@id":"https:\/\/lacasitaeducativa.shop\/#\/schema\/logo\/image\/","url":"https:\/\/lacasitaeducativa.shop\/wp-content\/uploads\/2020\/08\/Logos-la-casita-educativa-2-1.png","contentUrl":"https:\/\/lacasitaeducativa.shop\/wp-content\/uploads\/2020\/08\/Logos-la-casita-educativa-2-1.png","width":500,"height":500,"caption":"La Casita Educativa - LACASITAEDUCATIVA.SHOP"},"image":{"@id":"https:\/\/lacasitaeducativa.shop\/#\/schema\/logo\/image\/"}}]}},"_links":{"self":[{"href":"https:\/\/lacasitaeducativa.shop\/index.php\/wp-json\/wp\/v2\/product\/510242","targetHints":{"allow":["GET"]}}],"collection":[{"href":"https:\/\/lacasitaeducativa.shop\/index.php\/wp-json\/wp\/v2\/product"}],"about":[{"href":"https:\/\/lacasitaeducativa.shop\/index.php\/wp-json\/wp\/v2\/types\/product"}],"replies":[{"embeddable":true,"href":"https:\/\/lacasitaeducativa.shop\/index.php\/wp-json\/wp\/v2\/comments?post=510242"}],"wp:featuredmedia":[{"embeddable":true,"href":"https:\/\/lacasitaeducativa.shop\/index.php\/wp-json\/wp\/v2\/media\/510251"}],"wp:attachment":[{"href":"https:\/\/lacasitaeducativa.shop\/index.php\/wp-json\/wp\/v2\/media?parent=510242"}],"wp:term":[{"taxonomy":"product_brand","embeddable":true,"href":"https:\/\/lacasitaeducativa.shop\/index.php\/wp-json\/wp\/v2\/product_brand?post=510242"},{"taxonomy":"product_cat","embeddable":true,"href":"https:\/\/lacasitaeducativa.shop\/index.php\/wp-json\/wp\/v2\/product_cat?post=510242"},{"taxonomy":"product_tag","embeddable":true,"href":"https:\/\/lacasitaeducativa.shop\/index.php\/wp-json\/wp\/v2\/product_tag?post=510242"}],"curies":[{"name":"wp","href":"https:\/\/api.w.org\/{rel}","templated":true}]}}