{"id":513416,"date":"2026-04-10T11:27:06","date_gmt":"2026-04-10T11:27:06","guid":{"rendered":"https:\/\/lacasitaeducativa.shop\/?post_type=product&#038;p=513416"},"modified":"2026-04-12T07:04:29","modified_gmt":"2026-04-12T07:04:29","slug":"formas-geometricas-oruga-glotona","status":"publish","type":"product","link":"https:\/\/lacasitaeducativa.shop\/index.php\/producto\/formas-geometricas-oruga-glotona\/","title":{"rendered":"Formas geom\u00e9tricas con la oruga glotona"},"content":{"rendered":"<p data-start=\"932\" data-end=\"1103\">A trav\u00e9s de una actividad l\u00fadica y visual, los ni\u00f1os aprender\u00e1n a identificar el <strong data-start=\"1013\" data-end=\"1052\">c\u00edrculo, el cuadrado y el tri\u00e1ngulo<\/strong> utilizando alimentos y un personaje muy motivador.<\/p>\n<h3 data-section-id=\"181u5c3\" data-start=\"1110\" data-end=\"1167\">\ud83c\udf4e Actividad para aprender formas geom\u00e9tricas jugando<\/h3>\n<p data-start=\"1169\" data-end=\"1309\">Si buscas <strong data-start=\"1179\" data-end=\"1230\">actividades de formas geom\u00e9tricas para infantil<\/strong>, este recurso es perfecto para introducir las figuras de manera significativa.<\/p>\n<p data-start=\"1311\" data-end=\"1489\">Los alumnos deber\u00e1n clasificar alimentos seg\u00fan su forma, asoci\u00e1ndolos a cada oruga. De esta manera, trabajan la l\u00f3gica, la observaci\u00f3n y la discriminaci\u00f3n visual mientras juegan.<\/p>\n<p data-start=\"1491\" data-end=\"1598\">Este tipo de <strong data-start=\"1504\" data-end=\"1551\">material manipulativo de formas geom\u00e9tricas<\/strong> facilita un aprendizaje m\u00e1s activo y duradero.<\/p>\n<h3 data-section-id=\"3mcipq\" data-start=\"1605\" data-end=\"1668\">\u2728 Beneficios de trabajar las formas geom\u00e9tricas en infantil<\/h3>\n<ul data-start=\"1670\" data-end=\"1900\">\n<li data-section-id=\"1sup8xd\" data-start=\"1670\" data-end=\"1721\">Mejora la identificaci\u00f3n de figuras geom\u00e9tricas<\/li>\n<li data-section-id=\"164v4h6\" data-start=\"1722\" data-end=\"1765\">Desarrolla habilidades de clasificaci\u00f3n<\/li>\n<li data-section-id=\"1mrhvl9\" data-start=\"1766\" data-end=\"1809\">Favorece la atenci\u00f3n y la concentraci\u00f3n<\/li>\n<li data-section-id=\"zm27lk\" data-start=\"1810\" data-end=\"1853\">Introduce conceptos matem\u00e1ticos b\u00e1sicos<\/li>\n<li data-section-id=\"1njltri\" data-start=\"1854\" data-end=\"1900\">Potencia el aprendizaje a trav\u00e9s del juego<\/li>\n<\/ul>\n<h3 data-section-id=\"1au9q0r\" data-start=\"1907\" data-end=\"1944\">\ud83d\udcda Recurso educativo manipulativo<\/h3>\n<p data-start=\"1946\" data-end=\"2094\">Este material incluye diferentes alimentos con forma de <strong data-start=\"2002\" data-end=\"2035\">c\u00edrculo, cuadrado y tri\u00e1ngulo<\/strong>, ideales para trabajar contenidos matem\u00e1ticos en infantil.<\/p>\n<p data-start=\"2096\" data-end=\"2113\">Es perfecto para:<\/p>\n<ul data-start=\"2114\" data-end=\"2234\">\n<li data-section-id=\"1sl20jd\" data-start=\"2114\" data-end=\"2141\">Rincones de aprendizaje<\/li>\n<li data-section-id=\"1vho1vb\" data-start=\"2142\" data-end=\"2170\">Trabajo en peque\u00f1o grupo<\/li>\n<li data-section-id=\"1x2pwz9\" data-start=\"2171\" data-end=\"2191\">Refuerzo en casa<\/li>\n<li data-section-id=\"16u0i2f\" data-start=\"2192\" data-end=\"2234\">Actividades de matem\u00e1ticas en infantil<\/li>\n<\/ul>\n<h3 data-section-id=\"vp51e5\" data-start=\"2241\" data-end=\"2284\">\ud83d\udda8\ufe0f Material imprimible listo para usar<\/h3>\n<p data-start=\"2286\" data-end=\"2421\">Se trata de un recurso en PDF listo para imprimir.<br data-start=\"2336\" data-end=\"2339\" \/>Se recomienda plastificar para aumentar su durabilidad y reutilizaci\u00f3n en el aula.<\/p>\n<h3 data-section-id=\"xf03gb\" data-start=\"1720\" data-end=\"1734\">Otros materiales relacionados con la Oruga Glotona<\/h3>\n<p>Si quieres otro material relacionado con la oruga glotona, mira\u00a0<a href=\"https:\/\/lacasitaeducativa.shop\/index.php\/producto\/la-oruga-glotona\/\">AQU\u00cd<\/a><\/p>\n","protected":false},"excerpt":{"rendered":"<p data-start=\"807\" data-end=\"997\">Este material de <strong data-start=\"824\" data-end=\"869\">formas geom\u00e9tricas infantil oruga glotona<\/strong> est\u00e1 dise\u00f1ado para que los ni\u00f1os aprendan de forma divertida y manipulativa las figuras b\u00e1sicas: c\u00edrculo, cuadrado y tri\u00e1ngulo.<\/p>\n<p data-start=\"999\" data-end=\"1160\">Inspirado en la oruga glotona, este recurso educativo permite trabajar las <strong data-start=\"1074\" data-end=\"1108\">formas geom\u00e9tricas en infantil<\/strong> a trav\u00e9s del juego y la clasificaci\u00f3n de alimentos.<\/p>\n<p><script async src=\"https:\/\/pagead2.googlesyndication.com\/pagead\/js\/adsbygoogle.js\"><\/script><br \/>\n<!-- Horizontal-Adaptable --><br \/>\n<ins class=\"adsbygoogle\" style=\"display: block;\" data-ad-client=\"ca-pub-1103545772104863\" data-ad-slot=\"5194289265\" data-ad-format=\"auto\" data-full-width-responsive=\"true\"><\/ins><br \/>\n<script>\n     (adsbygoogle = window.adsbygoogle || []).push({});\n<\/script><\/p>\n","protected":false},"featured_media":513419,"comment_status":"open","ping_status":"closed","template":"","meta":{"site-sidebar-layout":"default","site-content-layout":"","ast-site-content-layout":"default","site-content-style":"default","site-sidebar-style":"default","ast-global-header-display":"","ast-banner-title-visibility":"","ast-main-header-display":"","ast-hfb-above-header-display":"","ast-hfb-below-header-display":"","ast-hfb-mobile-header-display":"","site-post-title":"","ast-breadcrumbs-content":"","ast-featured-img":"","footer-sml-layout":"","ast-disable-related-posts":"","theme-transparent-header-meta":"default","adv-header-id-meta":"","stick-header-meta":"","header-above-stick-meta":"","header-main-stick-meta":"","header-below-stick-meta":"","astra-migrate-meta-layouts":"set","ast-page-background-enabled":"default","ast-page-background-meta":{"desktop":{"background-color":"","background-image":"","background-repeat":"repeat","background-position":"center center","background-size":"auto","background-attachment":"scroll","background-type":"","background-media":"","overlay-type":"","overlay-color":"","overlay-opacity":"","overlay-gradient":""},"tablet":{"background-color":"","background-image":"","background-repeat":"repeat","background-position":"center center","background-size":"auto","background-attachment":"scroll","background-type":"","background-media":"","overlay-type":"","overlay-color":"","overlay-opacity":"","overlay-gradient":""},"mobile":{"background-color":"","background-image":"","background-repeat":"repeat","background-position":"center center","background-size":"auto","background-attachment":"scroll","background-type":"","background-media":"","overlay-type":"","overlay-color":"","overlay-opacity":"","overlay-gradient":""}},"ast-content-background-meta":{"desktop":{"background-color":"var(--ast-global-color-5)","background-image":"","background-repeat":"repeat","background-position":"center center","background-size":"auto","background-attachment":"scroll","background-type":"","background-media":"","overlay-type":"","overlay-color":"","overlay-opacity":"","overlay-gradient":""},"tablet":{"background-color":"var(--ast-global-color-5)","background-image":"","background-repeat":"repeat","background-position":"center center","background-size":"auto","background-attachment":"scroll","background-type":"","background-media":"","overlay-type":"","overlay-color":"","overlay-opacity":"","overlay-gradient":""},"mobile":{"background-color":"var(--ast-global-color-5)","background-image":"","background-repeat":"repeat","background-position":"center center","background-size":"auto","background-attachment":"scroll","background-type":"","background-media":"","overlay-type":"","overlay-color":"","overlay-opacity":"","overlay-gradient":""}}},"product_brand":[],"product_cat":[15,81],"product_tag":[899,114,274,373,489],"class_list":{"0":"post-513416","1":"product","2":"type-product","3":"status-publish","4":"has-post-thumbnail","6":"product_cat-educacion-infantil","7":"product_cat-formas-geometricas","8":"product_tag-aprenderformasjugando","9":"product_tag-educacioninfantil","10":"product_tag-formasgeometricas","11":"product_tag-montessori","12":"product_tag-orugaglotona","13":"desktop-align-left","14":"tablet-align-left","15":"mobile-align-left","17":"first","18":"instock","19":"downloadable","20":"virtual","21":"taxable","22":"purchasable","23":"product-type-simple"},"yoast_head":"<!-- This site is optimized with the Yoast SEO plugin v26.8 - https:\/\/yoast.com\/product\/yoast-seo-wordpress\/ -->\n<title>Formas geom\u00e9tricas infantil oruga glotona | Material manipulativo<\/title>\n<meta name=\"description\" content=\"Material de formas geom\u00e9tricas infantil oruga glotona para aprender c\u00edrculo, cuadrado y tri\u00e1ngulo jugando. Recurso educativo imprimible.\" \/>\n<meta name=\"robots\" content=\"index, follow, max-snippet:-1, max-image-preview:large, max-video-preview:-1\" \/>\n<link rel=\"canonical\" href=\"https:\/\/lacasitaeducativa.shop\/index.php\/producto\/formas-geometricas-oruga-glotona\/\" \/>\n<meta property=\"og:locale\" content=\"es_ES\" \/>\n<meta property=\"og:type\" content=\"article\" \/>\n<meta property=\"og:title\" content=\"Formas geom\u00e9tricas infantil oruga glotona | Material manipulativo\" \/>\n<meta property=\"og:description\" content=\"Material de formas geom\u00e9tricas infantil oruga glotona para aprender c\u00edrculo, cuadrado y tri\u00e1ngulo jugando. Recurso educativo imprimible.\" \/>\n<meta property=\"og:url\" content=\"https:\/\/lacasitaeducativa.shop\/index.php\/producto\/formas-geometricas-oruga-glotona\/\" \/>\n<meta property=\"og:site_name\" content=\"La Casita Educativa\" \/>\n<meta property=\"article:modified_time\" content=\"2026-04-12T07:04:29+00:00\" \/>\n<meta property=\"og:image\" content=\"https:\/\/lacasitaeducativa.shop\/wp-content\/uploads\/2026\/04\/Oruga-glotona-con-formas-geometricas.jpg\" \/>\n\t<meta property=\"og:image:width\" content=\"500\" \/>\n\t<meta property=\"og:image:height\" content=\"500\" \/>\n\t<meta property=\"og:image:type\" content=\"image\/jpeg\" \/>\n<meta name=\"twitter:card\" content=\"summary_large_image\" \/>\n<meta name=\"twitter:label1\" content=\"Tiempo de lectura\" \/>\n\t<meta name=\"twitter:data1\" content=\"2 minutos\" \/>\n<script type=\"application\/ld+json\" class=\"yoast-schema-graph\">{\"@context\":\"https:\/\/schema.org\",\"@graph\":[{\"@type\":\"WebPage\",\"@id\":\"https:\/\/lacasitaeducativa.shop\/index.php\/producto\/formas-geometricas-oruga-glotona\/\",\"url\":\"https:\/\/lacasitaeducativa.shop\/index.php\/producto\/formas-geometricas-oruga-glotona\/\",\"name\":\"Formas geom\u00e9tricas infantil oruga glotona | Material manipulativo\",\"isPartOf\":{\"@id\":\"https:\/\/lacasitaeducativa.shop\/#website\"},\"primaryImageOfPage\":{\"@id\":\"https:\/\/lacasitaeducativa.shop\/index.php\/producto\/formas-geometricas-oruga-glotona\/#primaryimage\"},\"image\":{\"@id\":\"https:\/\/lacasitaeducativa.shop\/index.php\/producto\/formas-geometricas-oruga-glotona\/#primaryimage\"},\"thumbnailUrl\":\"https:\/\/lacasitaeducativa.shop\/wp-content\/uploads\/2026\/04\/Oruga-glotona-con-formas-geometricas.jpg\",\"datePublished\":\"2026-04-10T11:27:06+00:00\",\"dateModified\":\"2026-04-12T07:04:29+00:00\",\"description\":\"Material de formas geom\u00e9tricas infantil oruga glotona para aprender c\u00edrculo, cuadrado y tri\u00e1ngulo jugando. Recurso educativo imprimible.\",\"breadcrumb\":{\"@id\":\"https:\/\/lacasitaeducativa.shop\/index.php\/producto\/formas-geometricas-oruga-glotona\/#breadcrumb\"},\"inLanguage\":\"es\",\"potentialAction\":[{\"@type\":\"ReadAction\",\"target\":[\"https:\/\/lacasitaeducativa.shop\/index.php\/producto\/formas-geometricas-oruga-glotona\/\"]}]},{\"@type\":\"ImageObject\",\"inLanguage\":\"es\",\"@id\":\"https:\/\/lacasitaeducativa.shop\/index.php\/producto\/formas-geometricas-oruga-glotona\/#primaryimage\",\"url\":\"https:\/\/lacasitaeducativa.shop\/wp-content\/uploads\/2026\/04\/Oruga-glotona-con-formas-geometricas.jpg\",\"contentUrl\":\"https:\/\/lacasitaeducativa.shop\/wp-content\/uploads\/2026\/04\/Oruga-glotona-con-formas-geometricas.jpg\",\"width\":500,\"height\":500,\"caption\":\"La oruga glotona\"},{\"@type\":\"BreadcrumbList\",\"@id\":\"https:\/\/lacasitaeducativa.shop\/index.php\/producto\/formas-geometricas-oruga-glotona\/#breadcrumb\",\"itemListElement\":[{\"@type\":\"ListItem\",\"position\":1,\"name\":\"Portada\",\"item\":\"https:\/\/lacasitaeducativa.shop\/\"},{\"@type\":\"ListItem\",\"position\":2,\"name\":\"Recursos\",\"item\":\"https:\/\/lacasitaeducativa.shop\/index.php\/tienda\/\"},{\"@type\":\"ListItem\",\"position\":3,\"name\":\"Formas geom\u00e9tricas con la oruga glotona\"}]},{\"@type\":\"WebSite\",\"@id\":\"https:\/\/lacasitaeducativa.shop\/#website\",\"url\":\"https:\/\/lacasitaeducativa.shop\/\",\"name\":\"La Casita Educativa\",\"description\":\"En esta casita encontrar\u00e9is todo tipo de recursos educativos infantiles, desde manualidades hasta actividades, juegos, cuentos, idiomas, adivinanzas y otros.\",\"publisher\":{\"@id\":\"https:\/\/lacasitaeducativa.shop\/#organization\"},\"potentialAction\":[{\"@type\":\"SearchAction\",\"target\":{\"@type\":\"EntryPoint\",\"urlTemplate\":\"https:\/\/lacasitaeducativa.shop\/?s={search_term_string}\"},\"query-input\":{\"@type\":\"PropertyValueSpecification\",\"valueRequired\":true,\"valueName\":\"search_term_string\"}}],\"inLanguage\":\"es\"},{\"@type\":\"Organization\",\"@id\":\"https:\/\/lacasitaeducativa.shop\/#organization\",\"name\":\"La Casita Educativa - LACASITAEDUCATIVA.SHOP\",\"url\":\"https:\/\/lacasitaeducativa.shop\/\",\"logo\":{\"@type\":\"ImageObject\",\"inLanguage\":\"es\",\"@id\":\"https:\/\/lacasitaeducativa.shop\/#\/schema\/logo\/image\/\",\"url\":\"https:\/\/lacasitaeducativa.shop\/wp-content\/uploads\/2020\/08\/Logos-la-casita-educativa-2-1.png\",\"contentUrl\":\"https:\/\/lacasitaeducativa.shop\/wp-content\/uploads\/2020\/08\/Logos-la-casita-educativa-2-1.png\",\"width\":500,\"height\":500,\"caption\":\"La Casita Educativa - LACASITAEDUCATIVA.SHOP\"},\"image\":{\"@id\":\"https:\/\/lacasitaeducativa.shop\/#\/schema\/logo\/image\/\"}}]}<\/script>\n<!-- \/ Yoast SEO plugin. -->","yoast_head_json":{"title":"Formas geom\u00e9tricas infantil oruga glotona | Material manipulativo","description":"Material de formas geom\u00e9tricas infantil oruga glotona para aprender c\u00edrculo, cuadrado y tri\u00e1ngulo jugando. Recurso educativo imprimible.","robots":{"index":"index","follow":"follow","max-snippet":"max-snippet:-1","max-image-preview":"max-image-preview:large","max-video-preview":"max-video-preview:-1"},"canonical":"https:\/\/lacasitaeducativa.shop\/index.php\/producto\/formas-geometricas-oruga-glotona\/","og_locale":"es_ES","og_type":"article","og_title":"Formas geom\u00e9tricas infantil oruga glotona | Material manipulativo","og_description":"Material de formas geom\u00e9tricas infantil oruga glotona para aprender c\u00edrculo, cuadrado y tri\u00e1ngulo jugando. Recurso educativo imprimible.","og_url":"https:\/\/lacasitaeducativa.shop\/index.php\/producto\/formas-geometricas-oruga-glotona\/","og_site_name":"La Casita Educativa","article_modified_time":"2026-04-12T07:04:29+00:00","og_image":[{"width":500,"height":500,"url":"https:\/\/lacasitaeducativa.shop\/wp-content\/uploads\/2026\/04\/Oruga-glotona-con-formas-geometricas.jpg","type":"image\/jpeg"}],"twitter_card":"summary_large_image","twitter_misc":{"Tiempo de lectura":"2 minutos"},"schema":{"@context":"https:\/\/schema.org","@graph":[{"@type":"WebPage","@id":"https:\/\/lacasitaeducativa.shop\/index.php\/producto\/formas-geometricas-oruga-glotona\/","url":"https:\/\/lacasitaeducativa.shop\/index.php\/producto\/formas-geometricas-oruga-glotona\/","name":"Formas geom\u00e9tricas infantil oruga glotona | Material manipulativo","isPartOf":{"@id":"https:\/\/lacasitaeducativa.shop\/#website"},"primaryImageOfPage":{"@id":"https:\/\/lacasitaeducativa.shop\/index.php\/producto\/formas-geometricas-oruga-glotona\/#primaryimage"},"image":{"@id":"https:\/\/lacasitaeducativa.shop\/index.php\/producto\/formas-geometricas-oruga-glotona\/#primaryimage"},"thumbnailUrl":"https:\/\/lacasitaeducativa.shop\/wp-content\/uploads\/2026\/04\/Oruga-glotona-con-formas-geometricas.jpg","datePublished":"2026-04-10T11:27:06+00:00","dateModified":"2026-04-12T07:04:29+00:00","description":"Material de formas geom\u00e9tricas infantil oruga glotona para aprender c\u00edrculo, cuadrado y tri\u00e1ngulo jugando. Recurso educativo imprimible.","breadcrumb":{"@id":"https:\/\/lacasitaeducativa.shop\/index.php\/producto\/formas-geometricas-oruga-glotona\/#breadcrumb"},"inLanguage":"es","potentialAction":[{"@type":"ReadAction","target":["https:\/\/lacasitaeducativa.shop\/index.php\/producto\/formas-geometricas-oruga-glotona\/"]}]},{"@type":"ImageObject","inLanguage":"es","@id":"https:\/\/lacasitaeducativa.shop\/index.php\/producto\/formas-geometricas-oruga-glotona\/#primaryimage","url":"https:\/\/lacasitaeducativa.shop\/wp-content\/uploads\/2026\/04\/Oruga-glotona-con-formas-geometricas.jpg","contentUrl":"https:\/\/lacasitaeducativa.shop\/wp-content\/uploads\/2026\/04\/Oruga-glotona-con-formas-geometricas.jpg","width":500,"height":500,"caption":"La oruga glotona"},{"@type":"BreadcrumbList","@id":"https:\/\/lacasitaeducativa.shop\/index.php\/producto\/formas-geometricas-oruga-glotona\/#breadcrumb","itemListElement":[{"@type":"ListItem","position":1,"name":"Portada","item":"https:\/\/lacasitaeducativa.shop\/"},{"@type":"ListItem","position":2,"name":"Recursos","item":"https:\/\/lacasitaeducativa.shop\/index.php\/tienda\/"},{"@type":"ListItem","position":3,"name":"Formas geom\u00e9tricas con la oruga glotona"}]},{"@type":"WebSite","@id":"https:\/\/lacasitaeducativa.shop\/#website","url":"https:\/\/lacasitaeducativa.shop\/","name":"La Casita Educativa","description":"En esta casita encontrar\u00e9is todo tipo de recursos educativos infantiles, desde manualidades hasta actividades, juegos, cuentos, idiomas, adivinanzas y otros.","publisher":{"@id":"https:\/\/lacasitaeducativa.shop\/#organization"},"potentialAction":[{"@type":"SearchAction","target":{"@type":"EntryPoint","urlTemplate":"https:\/\/lacasitaeducativa.shop\/?s={search_term_string}"},"query-input":{"@type":"PropertyValueSpecification","valueRequired":true,"valueName":"search_term_string"}}],"inLanguage":"es"},{"@type":"Organization","@id":"https:\/\/lacasitaeducativa.shop\/#organization","name":"La Casita Educativa - LACASITAEDUCATIVA.SHOP","url":"https:\/\/lacasitaeducativa.shop\/","logo":{"@type":"ImageObject","inLanguage":"es","@id":"https:\/\/lacasitaeducativa.shop\/#\/schema\/logo\/image\/","url":"https:\/\/lacasitaeducativa.shop\/wp-content\/uploads\/2020\/08\/Logos-la-casita-educativa-2-1.png","contentUrl":"https:\/\/lacasitaeducativa.shop\/wp-content\/uploads\/2020\/08\/Logos-la-casita-educativa-2-1.png","width":500,"height":500,"caption":"La Casita Educativa - LACASITAEDUCATIVA.SHOP"},"image":{"@id":"https:\/\/lacasitaeducativa.shop\/#\/schema\/logo\/image\/"}}]}},"_links":{"self":[{"href":"https:\/\/lacasitaeducativa.shop\/index.php\/wp-json\/wp\/v2\/product\/513416","targetHints":{"allow":["GET"]}}],"collection":[{"href":"https:\/\/lacasitaeducativa.shop\/index.php\/wp-json\/wp\/v2\/product"}],"about":[{"href":"https:\/\/lacasitaeducativa.shop\/index.php\/wp-json\/wp\/v2\/types\/product"}],"replies":[{"embeddable":true,"href":"https:\/\/lacasitaeducativa.shop\/index.php\/wp-json\/wp\/v2\/comments?post=513416"}],"wp:featuredmedia":[{"embeddable":true,"href":"https:\/\/lacasitaeducativa.shop\/index.php\/wp-json\/wp\/v2\/media\/513419"}],"wp:attachment":[{"href":"https:\/\/lacasitaeducativa.shop\/index.php\/wp-json\/wp\/v2\/media?parent=513416"}],"wp:term":[{"taxonomy":"product_brand","embeddable":true,"href":"https:\/\/lacasitaeducativa.shop\/index.php\/wp-json\/wp\/v2\/product_brand?post=513416"},{"taxonomy":"product_cat","embeddable":true,"href":"https:\/\/lacasitaeducativa.shop\/index.php\/wp-json\/wp\/v2\/product_cat?post=513416"},{"taxonomy":"product_tag","embeddable":true,"href":"https:\/\/lacasitaeducativa.shop\/index.php\/wp-json\/wp\/v2\/product_tag?post=513416"}],"curies":[{"name":"wp","href":"https:\/\/api.w.org\/{rel}","templated":true}]}}