{"id":515615,"date":"2026-04-19T05:42:44","date_gmt":"2026-04-19T05:42:44","guid":{"rendered":"https:\/\/lacasitaeducativa.shop\/?post_type=product&#038;p=515615"},"modified":"2026-04-19T05:47:29","modified_gmt":"2026-04-19T05:47:29","slug":"nociones-espaciales-infantil-dragon","status":"publish","type":"product","link":"https:\/\/lacasitaeducativa.shop\/index.php\/producto\/nociones-espaciales-infantil-dragon\/","title":{"rendered":"Nociones espaciales de infantil con el drag\u00f3n"},"content":{"rendered":"<h2 data-section-id=\"qdhket\" data-start=\"874\" data-end=\"919\">\ud83e\udde0 Nociones espaciales infantil en el aula<\/h2>\n<p data-start=\"921\" data-end=\"1155\">Las <strong data-start=\"925\" data-end=\"957\">nociones espaciales de infantil<\/strong> son fundamentales para que los ni\u00f1os comprendan d\u00f3nde se sit\u00faan los objetos y c\u00f3mo se relacionan entre ellos. Este tipo de aprendizaje favorece el desarrollo del lenguaje, la l\u00f3gica y la autonom\u00eda.<\/p>\n<h2 data-section-id=\"n22qr5\" data-start=\"1162\" data-end=\"1211\">\ud83e\udde9 Actividades de nociones espaciales infantil<\/h2>\n<p data-start=\"1213\" data-end=\"1330\">Este material de <strong data-start=\"1230\" data-end=\"1262\">nociones espaciales de infantil<\/strong> incluye 16 tarjetas ilustradas con el drag\u00f3n en diferentes posiciones:<\/p>\n<ul data-start=\"1332\" data-end=\"1408\">\n<li data-section-id=\"qlmcrv\" data-start=\"1332\" data-end=\"1350\">Arriba \/ abajo<\/li>\n<li data-section-id=\"fq7fok\" data-start=\"1351\" data-end=\"1369\">Dentro \/ fuera<\/li>\n<li data-section-id=\"tzbyht\" data-start=\"1370\" data-end=\"1390\">Delante \/ detr\u00e1s<\/li>\n<li data-section-id=\"19iqucu\" data-start=\"1391\" data-end=\"1408\">Cerca \/ lejos<\/li>\n<\/ul>\n<p data-start=\"1410\" data-end=\"1510\">Las ilustraciones son claras, sencillas y muy visuales, ideales para trabajar en educaci\u00f3n infantil.<\/p>\n<h2 data-section-id=\"kd32xb\" data-start=\"1517\" data-end=\"1569\">\ud83c\udfb2 C\u00f3mo trabajar las nociones espaciales infantil<\/h2>\n<p data-start=\"1571\" data-end=\"1664\">Con este material de <strong data-start=\"1592\" data-end=\"1624\">nociones espaciales infantil<\/strong> puedes realizar diferentes actividades:<\/p>\n<ul data-start=\"1666\" data-end=\"1815\">\n<li data-section-id=\"1g0ejtw\" data-start=\"1666\" data-end=\"1700\">Describir d\u00f3nde est\u00e1 el drag\u00f3n<\/li>\n<li data-section-id=\"1gou6f6\" data-start=\"1701\" data-end=\"1738\">Identificar posiciones espaciales<\/li>\n<li data-section-id=\"n6kmci\" data-start=\"1739\" data-end=\"1768\">Elegir la opci\u00f3n correcta<\/li>\n<li data-section-id=\"qaijcv\" data-start=\"1769\" data-end=\"1815\">Reproducir posiciones con objetos del aula<\/li>\n<\/ul>\n<h2 data-section-id=\"1oa9v0\" data-start=\"1822\" data-end=\"1876\">\ud83d\udc9b Ideal para trabajar nociones espaciales infantil<\/h2>\n<p data-start=\"1878\" data-end=\"1941\">Este recurso de <strong data-start=\"1894\" data-end=\"1926\">nociones espaciales infantil<\/strong> es ideal para:<\/p>\n<ul data-start=\"1943\" data-end=\"2045\">\n<li data-section-id=\"l7h82e\" data-start=\"1943\" data-end=\"1965\">Educaci\u00f3n infantil<\/li>\n<li data-section-id=\"1lks2cv\" data-start=\"1966\" data-end=\"1994\">Primer ciclo de primaria<\/li>\n<li data-section-id=\"19la3fg\" data-start=\"1995\" data-end=\"2017\">Refuerzo educativo<\/li>\n<li data-section-id=\"1sl20jd\" data-start=\"2018\" data-end=\"2045\">Rincones de aprendizaje<\/li>\n<\/ul>\n<h2 data-section-id=\"1io0ek9\" data-start=\"2052\" data-end=\"2104\">\ud83c\udf1f Beneficios de las nociones espaciales infantil<\/h2>\n<p data-start=\"2106\" data-end=\"2160\">Trabajar las <strong data-start=\"2119\" data-end=\"2151\">nociones espaciales infantil<\/strong> permite:<\/p>\n<ul data-start=\"2162\" data-end=\"2304\">\n<li data-section-id=\"1ezlvc6\" data-start=\"2162\" data-end=\"2197\">Mejorar la comprensi\u00f3n espacial<\/li>\n<li data-section-id=\"1ggolgl\" data-start=\"2198\" data-end=\"2230\">Desarrollar el lenguaje oral<\/li>\n<li data-section-id=\"1w6lx09\" data-start=\"2231\" data-end=\"2272\">Fomentar la atenci\u00f3n y la observaci\u00f3n<\/li>\n<li data-section-id=\"xizbpi\" data-start=\"2273\" data-end=\"2304\">Aprender a trav\u00e9s del juego<\/li>\n<\/ul>\n<h2 data-section-id=\"8thd6\" data-start=\"2311\" data-end=\"2369\">\ud83d\udccc Formato del material de nociones espaciales infantil<\/h2>\n<ul data-start=\"2371\" data-end=\"2473\">\n<li data-section-id=\"15jfigt\" data-start=\"2371\" data-end=\"2398\">Archivo PDF descargable<\/li>\n<li data-section-id=\"1s4cgn2\" data-start=\"2399\" data-end=\"2422\">Listo para imprimir<\/li>\n<li data-section-id=\"11cwmr4\" data-start=\"2423\" data-end=\"2473\">Recomendado plastificar para mayor durabilidad<\/li>\n<\/ul>\n<h2 data-section-id=\"1unds8i\" data-start=\"2480\" data-end=\"2495\">\u2728 Conclusi\u00f3n<\/h2>\n<p data-start=\"2497\" data-end=\"2678\">Este material de <strong data-start=\"2514\" data-end=\"2546\">nociones espaciales infantil<\/strong> es un recurso imprescindible para trabajar la orientaci\u00f3n espacial de forma divertida, visual y significativa en el aula o en casa.<\/p>\n","protected":false},"excerpt":{"rendered":"<p data-start=\"509\" data-end=\"678\">Este material de <strong data-start=\"526\" data-end=\"558\">nociones espaciales infantil<\/strong> est\u00e1 dise\u00f1ado para trabajar los conceptos espaciales como arriba, abajo, dentro y fuera de forma visual y manipulativa.<\/p>\n<p data-start=\"680\" data-end=\"867\">A trav\u00e9s de un simp\u00e1tico drag\u00f3n, los ni\u00f1os y ni\u00f1as aprender\u00e1n a identificar diferentes posiciones en el espacio, desarrollando su orientaci\u00f3n espacial de manera divertida y significativa.<\/p>\n<p><script async src=\"https:\/\/pagead2.googlesyndication.com\/pagead\/js\/adsbygoogle.js\"><\/script><br \/>\n<!-- Horizontal-Adaptable --><br \/>\n<ins class=\"adsbygoogle\" style=\"display: block;\" data-ad-client=\"ca-pub-1103545772104863\" data-ad-slot=\"5194289265\" data-ad-format=\"auto\" data-full-width-responsive=\"true\"><\/ins><br \/>\n<script>\n     (adsbygoogle = window.adsbygoogle || []).push({});\n<\/script><\/p>\n","protected":false},"featured_media":0,"comment_status":"open","ping_status":"closed","template":"","meta":{"site-sidebar-layout":"default","site-content-layout":"","ast-site-content-layout":"default","site-content-style":"default","site-sidebar-style":"default","ast-global-header-display":"","ast-banner-title-visibility":"","ast-main-header-display":"","ast-hfb-above-header-display":"","ast-hfb-below-header-display":"","ast-hfb-mobile-header-display":"","site-post-title":"","ast-breadcrumbs-content":"","ast-featured-img":"","footer-sml-layout":"","ast-disable-related-posts":"","theme-transparent-header-meta":"default","adv-header-id-meta":"","stick-header-meta":"","header-above-stick-meta":"","header-main-stick-meta":"","header-below-stick-meta":"","astra-migrate-meta-layouts":"set","ast-page-background-enabled":"default","ast-page-background-meta":{"desktop":{"background-color":"","background-image":"","background-repeat":"repeat","background-position":"center center","background-size":"auto","background-attachment":"scroll","background-type":"","background-media":"","overlay-type":"","overlay-color":"","overlay-opacity":"","overlay-gradient":""},"tablet":{"background-color":"","background-image":"","background-repeat":"repeat","background-position":"center center","background-size":"auto","background-attachment":"scroll","background-type":"","background-media":"","overlay-type":"","overlay-color":"","overlay-opacity":"","overlay-gradient":""},"mobile":{"background-color":"","background-image":"","background-repeat":"repeat","background-position":"center center","background-size":"auto","background-attachment":"scroll","background-type":"","background-media":"","overlay-type":"","overlay-color":"","overlay-opacity":"","overlay-gradient":""}},"ast-content-background-meta":{"desktop":{"background-color":"var(--ast-global-color-5)","background-image":"","background-repeat":"repeat","background-position":"center center","background-size":"auto","background-attachment":"scroll","background-type":"","background-media":"","overlay-type":"","overlay-color":"","overlay-opacity":"","overlay-gradient":""},"tablet":{"background-color":"var(--ast-global-color-5)","background-image":"","background-repeat":"repeat","background-position":"center center","background-size":"auto","background-attachment":"scroll","background-type":"","background-media":"","overlay-type":"","overlay-color":"","overlay-opacity":"","overlay-gradient":""},"mobile":{"background-color":"var(--ast-global-color-5)","background-image":"","background-repeat":"repeat","background-position":"center center","background-size":"auto","background-attachment":"scroll","background-type":"","background-media":"","overlay-type":"","overlay-color":"","overlay-opacity":"","overlay-gradient":""}}},"product_brand":[],"product_cat":[15],"product_tag":[],"class_list":{"0":"post-515615","1":"product","2":"type-product","3":"status-publish","5":"product_cat-educacion-infantil","6":"desktop-align-left","7":"tablet-align-left","8":"mobile-align-left","10":"first","11":"instock","12":"downloadable","13":"virtual","14":"taxable","15":"purchasable","16":"product-type-simple"},"yoast_head":"<!-- This site is optimized with the Yoast SEO plugin v26.8 - https:\/\/yoast.com\/product\/yoast-seo-wordpress\/ -->\n<title>Nociones espaciales infantil: juego del drag\u00f3n<\/title>\n<meta name=\"description\" content=\"Material de nociones espaciales infantil con un drag\u00f3n divertido. Actividades para trabajar arriba, abajo, dentro, fuera y orientaci\u00f3n espacial en ni\u00f1os.\" \/>\n<meta name=\"robots\" content=\"index, follow, max-snippet:-1, max-image-preview:large, max-video-preview:-1\" \/>\n<link rel=\"canonical\" href=\"https:\/\/lacasitaeducativa.shop\/index.php\/producto\/nociones-espaciales-infantil-dragon\/\" \/>\n<meta property=\"og:locale\" content=\"es_ES\" \/>\n<meta property=\"og:type\" content=\"article\" \/>\n<meta property=\"og:title\" content=\"Nociones espaciales infantil: juego del drag\u00f3n\" \/>\n<meta property=\"og:description\" content=\"Material de nociones espaciales infantil con un drag\u00f3n divertido. Actividades para trabajar arriba, abajo, dentro, fuera y orientaci\u00f3n espacial en ni\u00f1os.\" \/>\n<meta property=\"og:url\" content=\"https:\/\/lacasitaeducativa.shop\/index.php\/producto\/nociones-espaciales-infantil-dragon\/\" \/>\n<meta property=\"og:site_name\" content=\"La Casita Educativa\" \/>\n<meta property=\"article:modified_time\" content=\"2026-04-19T05:47:29+00:00\" \/>\n<meta name=\"twitter:card\" content=\"summary_large_image\" \/>\n<meta name=\"twitter:label1\" content=\"Tiempo de lectura\" \/>\n\t<meta name=\"twitter:data1\" content=\"2 minutos\" \/>\n<script type=\"application\/ld+json\" class=\"yoast-schema-graph\">{\"@context\":\"https:\/\/schema.org\",\"@graph\":[{\"@type\":\"WebPage\",\"@id\":\"https:\/\/lacasitaeducativa.shop\/index.php\/producto\/nociones-espaciales-infantil-dragon\/\",\"url\":\"https:\/\/lacasitaeducativa.shop\/index.php\/producto\/nociones-espaciales-infantil-dragon\/\",\"name\":\"Nociones espaciales infantil: juego del drag\u00f3n\",\"isPartOf\":{\"@id\":\"https:\/\/lacasitaeducativa.shop\/#website\"},\"datePublished\":\"2026-04-19T05:42:44+00:00\",\"dateModified\":\"2026-04-19T05:47:29+00:00\",\"description\":\"Material de nociones espaciales infantil con un drag\u00f3n divertido. Actividades para trabajar arriba, abajo, dentro, fuera y orientaci\u00f3n espacial en ni\u00f1os.\",\"breadcrumb\":{\"@id\":\"https:\/\/lacasitaeducativa.shop\/index.php\/producto\/nociones-espaciales-infantil-dragon\/#breadcrumb\"},\"inLanguage\":\"es\",\"potentialAction\":[{\"@type\":\"ReadAction\",\"target\":[\"https:\/\/lacasitaeducativa.shop\/index.php\/producto\/nociones-espaciales-infantil-dragon\/\"]}]},{\"@type\":\"BreadcrumbList\",\"@id\":\"https:\/\/lacasitaeducativa.shop\/index.php\/producto\/nociones-espaciales-infantil-dragon\/#breadcrumb\",\"itemListElement\":[{\"@type\":\"ListItem\",\"position\":1,\"name\":\"Portada\",\"item\":\"https:\/\/lacasitaeducativa.shop\/\"},{\"@type\":\"ListItem\",\"position\":2,\"name\":\"Recursos\",\"item\":\"https:\/\/lacasitaeducativa.shop\/index.php\/tienda\/\"},{\"@type\":\"ListItem\",\"position\":3,\"name\":\"Nociones espaciales de infantil con el drag\u00f3n\"}]},{\"@type\":\"WebSite\",\"@id\":\"https:\/\/lacasitaeducativa.shop\/#website\",\"url\":\"https:\/\/lacasitaeducativa.shop\/\",\"name\":\"La Casita Educativa\",\"description\":\"En esta casita encontrar\u00e9is todo tipo de recursos educativos infantiles, desde manualidades hasta actividades, juegos, cuentos, idiomas, adivinanzas y otros.\",\"publisher\":{\"@id\":\"https:\/\/lacasitaeducativa.shop\/#organization\"},\"potentialAction\":[{\"@type\":\"SearchAction\",\"target\":{\"@type\":\"EntryPoint\",\"urlTemplate\":\"https:\/\/lacasitaeducativa.shop\/?s={search_term_string}\"},\"query-input\":{\"@type\":\"PropertyValueSpecification\",\"valueRequired\":true,\"valueName\":\"search_term_string\"}}],\"inLanguage\":\"es\"},{\"@type\":\"Organization\",\"@id\":\"https:\/\/lacasitaeducativa.shop\/#organization\",\"name\":\"La Casita Educativa - LACASITAEDUCATIVA.SHOP\",\"url\":\"https:\/\/lacasitaeducativa.shop\/\",\"logo\":{\"@type\":\"ImageObject\",\"inLanguage\":\"es\",\"@id\":\"https:\/\/lacasitaeducativa.shop\/#\/schema\/logo\/image\/\",\"url\":\"https:\/\/lacasitaeducativa.shop\/wp-content\/uploads\/2020\/08\/Logos-la-casita-educativa-2-1.png\",\"contentUrl\":\"https:\/\/lacasitaeducativa.shop\/wp-content\/uploads\/2020\/08\/Logos-la-casita-educativa-2-1.png\",\"width\":500,\"height\":500,\"caption\":\"La Casita Educativa - LACASITAEDUCATIVA.SHOP\"},\"image\":{\"@id\":\"https:\/\/lacasitaeducativa.shop\/#\/schema\/logo\/image\/\"}}]}<\/script>\n<!-- \/ Yoast SEO plugin. -->","yoast_head_json":{"title":"Nociones espaciales infantil: juego del drag\u00f3n","description":"Material de nociones espaciales infantil con un drag\u00f3n divertido. Actividades para trabajar arriba, abajo, dentro, fuera y orientaci\u00f3n espacial en ni\u00f1os.","robots":{"index":"index","follow":"follow","max-snippet":"max-snippet:-1","max-image-preview":"max-image-preview:large","max-video-preview":"max-video-preview:-1"},"canonical":"https:\/\/lacasitaeducativa.shop\/index.php\/producto\/nociones-espaciales-infantil-dragon\/","og_locale":"es_ES","og_type":"article","og_title":"Nociones espaciales infantil: juego del drag\u00f3n","og_description":"Material de nociones espaciales infantil con un drag\u00f3n divertido. Actividades para trabajar arriba, abajo, dentro, fuera y orientaci\u00f3n espacial en ni\u00f1os.","og_url":"https:\/\/lacasitaeducativa.shop\/index.php\/producto\/nociones-espaciales-infantil-dragon\/","og_site_name":"La Casita Educativa","article_modified_time":"2026-04-19T05:47:29+00:00","twitter_card":"summary_large_image","twitter_misc":{"Tiempo de lectura":"2 minutos"},"schema":{"@context":"https:\/\/schema.org","@graph":[{"@type":"WebPage","@id":"https:\/\/lacasitaeducativa.shop\/index.php\/producto\/nociones-espaciales-infantil-dragon\/","url":"https:\/\/lacasitaeducativa.shop\/index.php\/producto\/nociones-espaciales-infantil-dragon\/","name":"Nociones espaciales infantil: juego del drag\u00f3n","isPartOf":{"@id":"https:\/\/lacasitaeducativa.shop\/#website"},"datePublished":"2026-04-19T05:42:44+00:00","dateModified":"2026-04-19T05:47:29+00:00","description":"Material de nociones espaciales infantil con un drag\u00f3n divertido. Actividades para trabajar arriba, abajo, dentro, fuera y orientaci\u00f3n espacial en ni\u00f1os.","breadcrumb":{"@id":"https:\/\/lacasitaeducativa.shop\/index.php\/producto\/nociones-espaciales-infantil-dragon\/#breadcrumb"},"inLanguage":"es","potentialAction":[{"@type":"ReadAction","target":["https:\/\/lacasitaeducativa.shop\/index.php\/producto\/nociones-espaciales-infantil-dragon\/"]}]},{"@type":"BreadcrumbList","@id":"https:\/\/lacasitaeducativa.shop\/index.php\/producto\/nociones-espaciales-infantil-dragon\/#breadcrumb","itemListElement":[{"@type":"ListItem","position":1,"name":"Portada","item":"https:\/\/lacasitaeducativa.shop\/"},{"@type":"ListItem","position":2,"name":"Recursos","item":"https:\/\/lacasitaeducativa.shop\/index.php\/tienda\/"},{"@type":"ListItem","position":3,"name":"Nociones espaciales de infantil con el drag\u00f3n"}]},{"@type":"WebSite","@id":"https:\/\/lacasitaeducativa.shop\/#website","url":"https:\/\/lacasitaeducativa.shop\/","name":"La Casita Educativa","description":"En esta casita encontrar\u00e9is todo tipo de recursos educativos infantiles, desde manualidades hasta actividades, juegos, cuentos, idiomas, adivinanzas y otros.","publisher":{"@id":"https:\/\/lacasitaeducativa.shop\/#organization"},"potentialAction":[{"@type":"SearchAction","target":{"@type":"EntryPoint","urlTemplate":"https:\/\/lacasitaeducativa.shop\/?s={search_term_string}"},"query-input":{"@type":"PropertyValueSpecification","valueRequired":true,"valueName":"search_term_string"}}],"inLanguage":"es"},{"@type":"Organization","@id":"https:\/\/lacasitaeducativa.shop\/#organization","name":"La Casita Educativa - LACASITAEDUCATIVA.SHOP","url":"https:\/\/lacasitaeducativa.shop\/","logo":{"@type":"ImageObject","inLanguage":"es","@id":"https:\/\/lacasitaeducativa.shop\/#\/schema\/logo\/image\/","url":"https:\/\/lacasitaeducativa.shop\/wp-content\/uploads\/2020\/08\/Logos-la-casita-educativa-2-1.png","contentUrl":"https:\/\/lacasitaeducativa.shop\/wp-content\/uploads\/2020\/08\/Logos-la-casita-educativa-2-1.png","width":500,"height":500,"caption":"La Casita Educativa - LACASITAEDUCATIVA.SHOP"},"image":{"@id":"https:\/\/lacasitaeducativa.shop\/#\/schema\/logo\/image\/"}}]}},"_links":{"self":[{"href":"https:\/\/lacasitaeducativa.shop\/index.php\/wp-json\/wp\/v2\/product\/515615","targetHints":{"allow":["GET"]}}],"collection":[{"href":"https:\/\/lacasitaeducativa.shop\/index.php\/wp-json\/wp\/v2\/product"}],"about":[{"href":"https:\/\/lacasitaeducativa.shop\/index.php\/wp-json\/wp\/v2\/types\/product"}],"replies":[{"embeddable":true,"href":"https:\/\/lacasitaeducativa.shop\/index.php\/wp-json\/wp\/v2\/comments?post=515615"}],"wp:attachment":[{"href":"https:\/\/lacasitaeducativa.shop\/index.php\/wp-json\/wp\/v2\/media?parent=515615"}],"wp:term":[{"taxonomy":"product_brand","embeddable":true,"href":"https:\/\/lacasitaeducativa.shop\/index.php\/wp-json\/wp\/v2\/product_brand?post=515615"},{"taxonomy":"product_cat","embeddable":true,"href":"https:\/\/lacasitaeducativa.shop\/index.php\/wp-json\/wp\/v2\/product_cat?post=515615"},{"taxonomy":"product_tag","embeddable":true,"href":"https:\/\/lacasitaeducativa.shop\/index.php\/wp-json\/wp\/v2\/product_tag?post=515615"}],"curies":[{"name":"wp","href":"https:\/\/api.w.org\/{rel}","templated":true}]}}