{"id":60645,"date":"2021-06-08T09:58:19","date_gmt":"2021-06-08T09:58:19","guid":{"rendered":"https:\/\/lacasitaeducativa.shop\/?post_type=product&#038;p=60645"},"modified":"2025-05-04T08:46:31","modified_gmt":"2025-05-04T08:46:31","slug":"desglose-de-palabras","status":"publish","type":"product","link":"https:\/\/lacasitaeducativa.shop\/index.php\/producto\/desglose-de-palabras\/","title":{"rendered":"Desglose de palabras"},"content":{"rendered":"<p><strong>CONTENIDO<\/strong><\/p>\n<p>El material contiene:<\/p>\n<ul>\n<li>2 Plantillas DINA4 principal a elegir.<\/li>\n<li>30 tarjetas con diferentes ilustraciones.<\/li>\n<li>45 tarjetas con im\u00e1genes reales.<\/li>\n<\/ul>\n<p><strong>FUNCIONAMIENTO<\/strong><\/p>\n<p>Esta plantilla nos da la posibilidad de conocer mucho m\u00e1s las palabras y saber como est\u00e1n compuestas. \u00bfC\u00f3mo funciona?<\/p>\n<p>A\u00f1adimos una imagen a la plantilla y a partir de ella los ni\u00f1os tienen que:<\/p>\n<p>1. Escribir la palabra.<br \/>\n2. Contar las letras que tiene.<br \/>\n3. Cual es la letra inicial de la palabra.<br \/>\n4. Cual es su letra final.<br \/>\n5. Decir cuantas vocales tiene y cuales son.<br \/>\n6. Decir cuantas consonantes tiene y cuales son.<br \/>\n7. Decir cuantas silabas tiene la palabras y escribirlas.<\/p>\n<p>Con este recurso aprenden much\u00edsimo y obtenemos muy buenos resultados.<\/p>\n<p>Te animo a que lo pongas en pr\u00e1ctica y me cuentes tu experiencia. \ud83d\ude42<\/p>\n<p><strong>IDIOMA<\/strong><\/p>\n<p>Castellano y catal\u00e1n<\/p>\n<p><strong>EDAD RECOMENDADA<\/strong><\/p>\n<p>Este material est\u00e1 pensado para ni\u00f1os a partir de 5-6 a\u00f1os.<\/p>\n<p>&nbsp;<\/p>\n<p>&nbsp;<\/p>\n","protected":false},"excerpt":{"rendered":"<p>Plantilla ideal para que los ni\u00f1os aprendan a descomponer palabras de forma manipulativa y divertida. Incluye tarjetas con ilustraciones y\/o im\u00e1genes reales y palabras que deber\u00e1n dividir correctamente, favoreciendo la conciencia fonol\u00f3gica y la lectoescritura.<\/p>\n<p>Recomendado a partir de 5-6 a\u00f1os.<\/p>\n<p><script async src=\"https:\/\/pagead2.googlesyndication.com\/pagead\/js\/adsbygoogle.js\"><\/script><br \/>\n<!-- Horizontal-Adaptable --><br \/>\n<ins class=\"adsbygoogle\" style=\"display: block;\" data-ad-client=\"ca-pub-1103545772104863\" data-ad-slot=\"5194289265\" data-ad-format=\"auto\" data-full-width-responsive=\"true\"><\/ins><br \/>\n<script>\n     (adsbygoogle = window.adsbygoogle || []).push({});\n<\/script><\/p>\n","protected":false},"featured_media":348964,"comment_status":"open","ping_status":"closed","template":"","meta":{"site-sidebar-layout":"default","site-content-layout":"default","ast-site-content-layout":"default","site-content-style":"default","site-sidebar-style":"default","ast-global-header-display":"","ast-banner-title-visibility":"","ast-main-header-display":"","ast-hfb-above-header-display":"","ast-hfb-below-header-display":"","ast-hfb-mobile-header-display":"","site-post-title":"","ast-breadcrumbs-content":"","ast-featured-img":"","footer-sml-layout":"","ast-disable-related-posts":"","theme-transparent-header-meta":"default","adv-header-id-meta":"","stick-header-meta":"","header-above-stick-meta":"","header-main-stick-meta":"","header-below-stick-meta":"","astra-migrate-meta-layouts":"set","ast-page-background-enabled":"default","ast-page-background-meta":{"desktop":{"background-color":"","background-image":"","background-repeat":"repeat","background-position":"center center","background-size":"auto","background-attachment":"scroll","background-type":"","background-media":"","overlay-type":"","overlay-color":"","overlay-opacity":"","overlay-gradient":""},"tablet":{"background-color":"","background-image":"","background-repeat":"repeat","background-position":"center center","background-size":"auto","background-attachment":"scroll","background-type":"","background-media":"","overlay-type":"","overlay-color":"","overlay-opacity":"","overlay-gradient":""},"mobile":{"background-color":"","background-image":"","background-repeat":"repeat","background-position":"center center","background-size":"auto","background-attachment":"scroll","background-type":"","background-media":"","overlay-type":"","overlay-color":"","overlay-opacity":"","overlay-gradient":""}},"ast-content-background-meta":{"desktop":{"background-color":"var(--ast-global-color-5)","background-image":"","background-repeat":"repeat","background-position":"center center","background-size":"auto","background-attachment":"scroll","background-type":"","background-media":"","overlay-type":"","overlay-color":"","overlay-opacity":"","overlay-gradient":""},"tablet":{"background-color":"var(--ast-global-color-5)","background-image":"","background-repeat":"repeat","background-position":"center center","background-size":"auto","background-attachment":"scroll","background-type":"","background-media":"","overlay-type":"","overlay-color":"","overlay-opacity":"","overlay-gradient":""},"mobile":{"background-color":"var(--ast-global-color-5)","background-image":"","background-repeat":"repeat","background-position":"center center","background-size":"auto","background-attachment":"scroll","background-type":"","background-media":"","overlay-type":"","overlay-color":"","overlay-opacity":"","overlay-gradient":""}}},"product_brand":[],"product_cat":[77],"product_tag":[271,712,504,135,505,237,302,270],"class_list":{"0":"post-60645","1":"product","2":"type-product","3":"status-publish","4":"has-post-thumbnail","6":"product_cat-lectoescritura","7":"product_tag-consonantes","8":"product_tag-desglose","9":"product_tag-escribir","10":"product_tag-lectoescritura","11":"product_tag-leer","12":"product_tag-palabras","13":"product_tag-silabas","14":"product_tag-vocales","15":"desktop-align-left","16":"tablet-align-left","17":"mobile-align-left","19":"first","20":"instock","21":"downloadable","22":"virtual","23":"taxable","24":"purchasable","25":"product-type-simple"},"yoast_head":"<!-- This site is optimized with the Yoast SEO plugin v26.8 - https:\/\/yoast.com\/product\/yoast-seo-wordpress\/ -->\n<title>Desglose de palabras - La Casita Educativa<\/title>\n<meta name=\"description\" content=\"Plantilla ideal para que los ni\u00f1os aprendan a descomponer palabras de forma manipulativa y divertida. Recomendado a partir de 5-6 a\u00f1os.\" \/>\n<meta name=\"robots\" content=\"index, follow, max-snippet:-1, max-image-preview:large, max-video-preview:-1\" \/>\n<link rel=\"canonical\" href=\"https:\/\/lacasitaeducativa.shop\/index.php\/producto\/desglose-de-palabras\/\" \/>\n<meta property=\"og:locale\" content=\"es_ES\" \/>\n<meta property=\"og:type\" content=\"article\" \/>\n<meta property=\"og:title\" content=\"Desglose de palabras - La Casita Educativa\" \/>\n<meta property=\"og:description\" content=\"Plantilla ideal para que los ni\u00f1os aprendan a descomponer palabras de forma manipulativa y divertida. Recomendado a partir de 5-6 a\u00f1os.\" \/>\n<meta property=\"og:url\" content=\"https:\/\/lacasitaeducativa.shop\/index.php\/producto\/desglose-de-palabras\/\" \/>\n<meta property=\"og:site_name\" content=\"La Casita Educativa\" \/>\n<meta property=\"article:modified_time\" content=\"2025-05-04T08:46:31+00:00\" \/>\n<meta property=\"og:image\" content=\"https:\/\/lacasitaeducativa.shop\/wp-content\/uploads\/2021\/06\/Desglose-palabras.jpg\" \/>\n\t<meta property=\"og:image:width\" content=\"1080\" \/>\n\t<meta property=\"og:image:height\" content=\"1080\" \/>\n\t<meta property=\"og:image:type\" content=\"image\/jpeg\" \/>\n<meta name=\"twitter:card\" content=\"summary_large_image\" \/>\n<meta name=\"twitter:label1\" content=\"Tiempo de lectura\" \/>\n\t<meta name=\"twitter:data1\" content=\"1 minuto\" \/>\n<script type=\"application\/ld+json\" class=\"yoast-schema-graph\">{\"@context\":\"https:\/\/schema.org\",\"@graph\":[{\"@type\":\"WebPage\",\"@id\":\"https:\/\/lacasitaeducativa.shop\/index.php\/producto\/desglose-de-palabras\/\",\"url\":\"https:\/\/lacasitaeducativa.shop\/index.php\/producto\/desglose-de-palabras\/\",\"name\":\"Desglose de palabras - La Casita Educativa\",\"isPartOf\":{\"@id\":\"https:\/\/lacasitaeducativa.shop\/#website\"},\"primaryImageOfPage\":{\"@id\":\"https:\/\/lacasitaeducativa.shop\/index.php\/producto\/desglose-de-palabras\/#primaryimage\"},\"image\":{\"@id\":\"https:\/\/lacasitaeducativa.shop\/index.php\/producto\/desglose-de-palabras\/#primaryimage\"},\"thumbnailUrl\":\"https:\/\/lacasitaeducativa.shop\/wp-content\/uploads\/2021\/06\/Desglose-palabras.jpg\",\"datePublished\":\"2021-06-08T09:58:19+00:00\",\"dateModified\":\"2025-05-04T08:46:31+00:00\",\"description\":\"Plantilla ideal para que los ni\u00f1os aprendan a descomponer palabras de forma manipulativa y divertida. Recomendado a partir de 5-6 a\u00f1os.\",\"breadcrumb\":{\"@id\":\"https:\/\/lacasitaeducativa.shop\/index.php\/producto\/desglose-de-palabras\/#breadcrumb\"},\"inLanguage\":\"es\",\"potentialAction\":[{\"@type\":\"ReadAction\",\"target\":[\"https:\/\/lacasitaeducativa.shop\/index.php\/producto\/desglose-de-palabras\/\"]}]},{\"@type\":\"ImageObject\",\"inLanguage\":\"es\",\"@id\":\"https:\/\/lacasitaeducativa.shop\/index.php\/producto\/desglose-de-palabras\/#primaryimage\",\"url\":\"https:\/\/lacasitaeducativa.shop\/wp-content\/uploads\/2021\/06\/Desglose-palabras.jpg\",\"contentUrl\":\"https:\/\/lacasitaeducativa.shop\/wp-content\/uploads\/2021\/06\/Desglose-palabras.jpg\",\"width\":1080,\"height\":1080,\"caption\":\"Desglose palabras\"},{\"@type\":\"BreadcrumbList\",\"@id\":\"https:\/\/lacasitaeducativa.shop\/index.php\/producto\/desglose-de-palabras\/#breadcrumb\",\"itemListElement\":[{\"@type\":\"ListItem\",\"position\":1,\"name\":\"Portada\",\"item\":\"https:\/\/lacasitaeducativa.shop\/\"},{\"@type\":\"ListItem\",\"position\":2,\"name\":\"Recursos\",\"item\":\"https:\/\/lacasitaeducativa.shop\/index.php\/tienda\/\"},{\"@type\":\"ListItem\",\"position\":3,\"name\":\"Desglose de palabras\"}]},{\"@type\":\"WebSite\",\"@id\":\"https:\/\/lacasitaeducativa.shop\/#website\",\"url\":\"https:\/\/lacasitaeducativa.shop\/\",\"name\":\"La Casita Educativa\",\"description\":\"En esta casita encontrar\u00e9is todo tipo de recursos educativos infantiles, desde manualidades hasta actividades, juegos, cuentos, idiomas, adivinanzas y otros.\",\"publisher\":{\"@id\":\"https:\/\/lacasitaeducativa.shop\/#organization\"},\"potentialAction\":[{\"@type\":\"SearchAction\",\"target\":{\"@type\":\"EntryPoint\",\"urlTemplate\":\"https:\/\/lacasitaeducativa.shop\/?s={search_term_string}\"},\"query-input\":{\"@type\":\"PropertyValueSpecification\",\"valueRequired\":true,\"valueName\":\"search_term_string\"}}],\"inLanguage\":\"es\"},{\"@type\":\"Organization\",\"@id\":\"https:\/\/lacasitaeducativa.shop\/#organization\",\"name\":\"La Casita Educativa - LACASITAEDUCATIVA.SHOP\",\"url\":\"https:\/\/lacasitaeducativa.shop\/\",\"logo\":{\"@type\":\"ImageObject\",\"inLanguage\":\"es\",\"@id\":\"https:\/\/lacasitaeducativa.shop\/#\/schema\/logo\/image\/\",\"url\":\"https:\/\/lacasitaeducativa.shop\/wp-content\/uploads\/2020\/08\/Logos-la-casita-educativa-2-1.png\",\"contentUrl\":\"https:\/\/lacasitaeducativa.shop\/wp-content\/uploads\/2020\/08\/Logos-la-casita-educativa-2-1.png\",\"width\":500,\"height\":500,\"caption\":\"La Casita Educativa - LACASITAEDUCATIVA.SHOP\"},\"image\":{\"@id\":\"https:\/\/lacasitaeducativa.shop\/#\/schema\/logo\/image\/\"}}]}<\/script>\n<!-- \/ Yoast SEO plugin. -->","yoast_head_json":{"title":"Desglose de palabras - La Casita Educativa","description":"Plantilla ideal para que los ni\u00f1os aprendan a descomponer palabras de forma manipulativa y divertida. Recomendado a partir de 5-6 a\u00f1os.","robots":{"index":"index","follow":"follow","max-snippet":"max-snippet:-1","max-image-preview":"max-image-preview:large","max-video-preview":"max-video-preview:-1"},"canonical":"https:\/\/lacasitaeducativa.shop\/index.php\/producto\/desglose-de-palabras\/","og_locale":"es_ES","og_type":"article","og_title":"Desglose de palabras - La Casita Educativa","og_description":"Plantilla ideal para que los ni\u00f1os aprendan a descomponer palabras de forma manipulativa y divertida. Recomendado a partir de 5-6 a\u00f1os.","og_url":"https:\/\/lacasitaeducativa.shop\/index.php\/producto\/desglose-de-palabras\/","og_site_name":"La Casita Educativa","article_modified_time":"2025-05-04T08:46:31+00:00","og_image":[{"width":1080,"height":1080,"url":"https:\/\/lacasitaeducativa.shop\/wp-content\/uploads\/2021\/06\/Desglose-palabras.jpg","type":"image\/jpeg"}],"twitter_card":"summary_large_image","twitter_misc":{"Tiempo de lectura":"1 minuto"},"schema":{"@context":"https:\/\/schema.org","@graph":[{"@type":"WebPage","@id":"https:\/\/lacasitaeducativa.shop\/index.php\/producto\/desglose-de-palabras\/","url":"https:\/\/lacasitaeducativa.shop\/index.php\/producto\/desglose-de-palabras\/","name":"Desglose de palabras - La Casita Educativa","isPartOf":{"@id":"https:\/\/lacasitaeducativa.shop\/#website"},"primaryImageOfPage":{"@id":"https:\/\/lacasitaeducativa.shop\/index.php\/producto\/desglose-de-palabras\/#primaryimage"},"image":{"@id":"https:\/\/lacasitaeducativa.shop\/index.php\/producto\/desglose-de-palabras\/#primaryimage"},"thumbnailUrl":"https:\/\/lacasitaeducativa.shop\/wp-content\/uploads\/2021\/06\/Desglose-palabras.jpg","datePublished":"2021-06-08T09:58:19+00:00","dateModified":"2025-05-04T08:46:31+00:00","description":"Plantilla ideal para que los ni\u00f1os aprendan a descomponer palabras de forma manipulativa y divertida. Recomendado a partir de 5-6 a\u00f1os.","breadcrumb":{"@id":"https:\/\/lacasitaeducativa.shop\/index.php\/producto\/desglose-de-palabras\/#breadcrumb"},"inLanguage":"es","potentialAction":[{"@type":"ReadAction","target":["https:\/\/lacasitaeducativa.shop\/index.php\/producto\/desglose-de-palabras\/"]}]},{"@type":"ImageObject","inLanguage":"es","@id":"https:\/\/lacasitaeducativa.shop\/index.php\/producto\/desglose-de-palabras\/#primaryimage","url":"https:\/\/lacasitaeducativa.shop\/wp-content\/uploads\/2021\/06\/Desglose-palabras.jpg","contentUrl":"https:\/\/lacasitaeducativa.shop\/wp-content\/uploads\/2021\/06\/Desglose-palabras.jpg","width":1080,"height":1080,"caption":"Desglose palabras"},{"@type":"BreadcrumbList","@id":"https:\/\/lacasitaeducativa.shop\/index.php\/producto\/desglose-de-palabras\/#breadcrumb","itemListElement":[{"@type":"ListItem","position":1,"name":"Portada","item":"https:\/\/lacasitaeducativa.shop\/"},{"@type":"ListItem","position":2,"name":"Recursos","item":"https:\/\/lacasitaeducativa.shop\/index.php\/tienda\/"},{"@type":"ListItem","position":3,"name":"Desglose de palabras"}]},{"@type":"WebSite","@id":"https:\/\/lacasitaeducativa.shop\/#website","url":"https:\/\/lacasitaeducativa.shop\/","name":"La Casita Educativa","description":"En esta casita encontrar\u00e9is todo tipo de recursos educativos infantiles, desde manualidades hasta actividades, juegos, cuentos, idiomas, adivinanzas y otros.","publisher":{"@id":"https:\/\/lacasitaeducativa.shop\/#organization"},"potentialAction":[{"@type":"SearchAction","target":{"@type":"EntryPoint","urlTemplate":"https:\/\/lacasitaeducativa.shop\/?s={search_term_string}"},"query-input":{"@type":"PropertyValueSpecification","valueRequired":true,"valueName":"search_term_string"}}],"inLanguage":"es"},{"@type":"Organization","@id":"https:\/\/lacasitaeducativa.shop\/#organization","name":"La Casita Educativa - LACASITAEDUCATIVA.SHOP","url":"https:\/\/lacasitaeducativa.shop\/","logo":{"@type":"ImageObject","inLanguage":"es","@id":"https:\/\/lacasitaeducativa.shop\/#\/schema\/logo\/image\/","url":"https:\/\/lacasitaeducativa.shop\/wp-content\/uploads\/2020\/08\/Logos-la-casita-educativa-2-1.png","contentUrl":"https:\/\/lacasitaeducativa.shop\/wp-content\/uploads\/2020\/08\/Logos-la-casita-educativa-2-1.png","width":500,"height":500,"caption":"La Casita Educativa - LACASITAEDUCATIVA.SHOP"},"image":{"@id":"https:\/\/lacasitaeducativa.shop\/#\/schema\/logo\/image\/"}}]}},"_links":{"self":[{"href":"https:\/\/lacasitaeducativa.shop\/index.php\/wp-json\/wp\/v2\/product\/60645","targetHints":{"allow":["GET"]}}],"collection":[{"href":"https:\/\/lacasitaeducativa.shop\/index.php\/wp-json\/wp\/v2\/product"}],"about":[{"href":"https:\/\/lacasitaeducativa.shop\/index.php\/wp-json\/wp\/v2\/types\/product"}],"replies":[{"embeddable":true,"href":"https:\/\/lacasitaeducativa.shop\/index.php\/wp-json\/wp\/v2\/comments?post=60645"}],"wp:featuredmedia":[{"embeddable":true,"href":"https:\/\/lacasitaeducativa.shop\/index.php\/wp-json\/wp\/v2\/media\/348964"}],"wp:attachment":[{"href":"https:\/\/lacasitaeducativa.shop\/index.php\/wp-json\/wp\/v2\/media?parent=60645"}],"wp:term":[{"taxonomy":"product_brand","embeddable":true,"href":"https:\/\/lacasitaeducativa.shop\/index.php\/wp-json\/wp\/v2\/product_brand?post=60645"},{"taxonomy":"product_cat","embeddable":true,"href":"https:\/\/lacasitaeducativa.shop\/index.php\/wp-json\/wp\/v2\/product_cat?post=60645"},{"taxonomy":"product_tag","embeddable":true,"href":"https:\/\/lacasitaeducativa.shop\/index.php\/wp-json\/wp\/v2\/product_tag?post=60645"}],"curies":[{"name":"wp","href":"https:\/\/api.w.org\/{rel}","templated":true}]}}