{"id":70,"date":"2020-08-24T18:51:39","date_gmt":"2020-08-24T18:51:39","guid":{"rendered":"http:\/\/45.131.80.30\/~condenom\/lacasitaeducativa\/?post_type=product&#038;p=70"},"modified":"2026-04-30T06:16:54","modified_gmt":"2026-04-30T06:16:54","slug":"profesiones-infantil-silabas","status":"publish","type":"product","link":"https:\/\/lacasitaeducativa.shop\/index.php\/producto\/profesiones-infantil-silabas\/","title":{"rendered":"Profesiones infantil \u00bfA qu\u00e9 se dedica?"},"content":{"rendered":"<p data-start=\"925\" data-end=\"1120\">El recurso de <strong data-start=\"939\" data-end=\"983\">profesiones infantil \u00bfA qu\u00e9 se dedica?<\/strong>\u00a0es una actividad manipulativa ideal para trabajar las <strong data-start=\"1038\" data-end=\"1076\">profesiones en infantil y primaria<\/strong> de forma divertida, visual y significativa.<\/p>\n<p data-start=\"1122\" data-end=\"1441\">Este juego educativo permite a los ni\u00f1os aprender diferentes <strong data-start=\"1183\" data-end=\"1208\">oficios y profesiones<\/strong> mientras desarrollan habilidades clave como la <strong data-start=\"1256\" data-end=\"1315\">lectoescritura, la conciencia sil\u00e1bica y el vocabulario<\/strong>. A trav\u00e9s de tarjetas ilustradas, deber\u00e1n identificar cada profesi\u00f3n y construir la palabra correctamente utilizando s\u00edlabas.<\/p>\n<h2 data-section-id=\"14zv1mt\" data-start=\"1448\" data-end=\"1501\">Beneficios de trabajar las profesiones\u00a0 infantil<\/h2>\n<p data-start=\"1503\" data-end=\"1614\">Este material de <strong data-start=\"1520\" data-end=\"1544\">profesiones infantil<\/strong> est\u00e1 dise\u00f1ado para favorecer el aprendizaje activo mediante el juego:<\/p>\n<ul data-start=\"1616\" data-end=\"1888\">\n<li data-section-id=\"f90epy\" data-start=\"1616\" data-end=\"1671\">Mejora la <strong data-start=\"1628\" data-end=\"1669\">lectoescritura en infantil y primaria<\/strong><\/li>\n<li data-section-id=\"145c9l8\" data-start=\"1672\" data-end=\"1726\">Desarrolla la <strong data-start=\"1688\" data-end=\"1724\">conciencia fonol\u00f3gica y sil\u00e1bica<\/strong><\/li>\n<li data-section-id=\"hah7z9\" data-start=\"1727\" data-end=\"1777\">Ampl\u00eda el vocabulario de profesiones y oficios<\/li>\n<li data-section-id=\"ze98sz\" data-start=\"1778\" data-end=\"1831\">Fomenta la atenci\u00f3n, la autonom\u00eda y la motivaci\u00f3n<\/li>\n<li data-section-id=\"15vltds\" data-start=\"1832\" data-end=\"1888\">Facilita el aprendizaje manipulativo y significativo<\/li>\n<\/ul>\n<p data-start=\"1890\" data-end=\"2008\">Adem\u00e1s, es ideal para responder a preguntas como:<br data-start=\"1939\" data-end=\"1942\" \/>\ud83d\udc49 <em data-start=\"1945\" data-end=\"2008\">\u00bfC\u00f3mo ense\u00f1ar las profesiones en infantil de forma divertida?<\/em><\/p>\n<h2 data-section-id=\"a91q3r\" data-start=\"2015\" data-end=\"2058\">Qu\u00e9 incluye este material de profesiones<\/h2>\n<ul data-start=\"2060\" data-end=\"2183\">\n<li data-section-id=\"abv0oi\" data-start=\"2060\" data-end=\"2101\">26 tarjetas ilustradas de profesiones<\/li>\n<li data-section-id=\"xoa6cm\" data-start=\"2102\" data-end=\"2138\">S\u00edlabas para formar cada palabra<\/li>\n<li data-section-id=\"z5jli\" data-start=\"2139\" data-end=\"2183\">Recurso manipulativo listo para imprimir<\/li>\n<\/ul>\n<h2 data-section-id=\"arzb31\" data-start=\"2190\" data-end=\"2241\">C\u00f3mo ense\u00f1ar las profesiones en infantil jugando<\/h2>\n<p data-start=\"2243\" data-end=\"2451\">Este juego de <strong data-start=\"2257\" data-end=\"2281\">profesiones infantil<\/strong> \u00bfA qu\u00e9 se dedica? permite aprender oficios de forma visual y pr\u00e1ctica. Los ni\u00f1os deber\u00e1n observar la imagen, identificar la profesi\u00f3n y formar la palabra con las s\u00edlabas correspondientes.<\/p>\n<p data-start=\"2453\" data-end=\"2620\">Se trata de una <strong data-start=\"2469\" data-end=\"2508\">actividad de profesiones para ni\u00f1os<\/strong> perfecta para trabajar tanto en el aula como en casa, adapt\u00e1ndose a diferentes niveles y ritmos de aprendizaje.<\/p>\n<p data-start=\"2622\" data-end=\"2703\">\ud83d\udc49 Actividad de profesiones para infantil lista para imprimir y aprender jugando.<\/p>\n<h2 data-section-id=\"lvaxq4\" data-start=\"2710\" data-end=\"2729\">Edad recomendada<\/h2>\n<p data-start=\"2731\" data-end=\"2856\">Recurso educativo recomendado para ni\u00f1os y ni\u00f1as de <strong data-start=\"2783\" data-end=\"2797\">5 a 8 a\u00f1os<\/strong>, ideal para educaci\u00f3n infantil y primer ciclo de primaria.<\/p>\n<p><strong>IDIOMA<\/strong><\/p>\n<p>Castellano y catal\u00e1n<\/p>\n<p>Tambi\u00e9n pod\u00e9is encontrar en la web un recurso similar pero en letra min\u00fascula: <a href=\"https:\/\/lacasitaeducativa.shop\/index.php\/producto\/aprender-los-oficios-letra-ligada\/\" target=\"_blank\" rel=\"noopener\">Oficios letra ligada (Min\u00fasculas)<\/a><\/p>\n<p>&nbsp;<\/p>\n","protected":false},"excerpt":{"rendered":"<p>Juego de <strong data-start=\"157\" data-end=\"181\">profesiones infantil<\/strong> ideal para trabajar s\u00edlabas y lectoescritura de forma manipulativa. Los ni\u00f1os aprenden oficios mientras forman palabras y ampl\u00edan vocabulario de manera divertida.<\/p>\n<p>Disponible en castellano y catal\u00e1n.<\/p>\n<p><script async src=\"https:\/\/pagead2.googlesyndication.com\/pagead\/js\/adsbygoogle.js\"><\/script><br \/>\n<ins class=\"adsbygoogle\" style=\"display: block;\" data-ad-client=\"ca-pub-1103545772104863\" data-ad-slot=\"5194289265\" data-ad-format=\"auto\" data-full-width-responsive=\"true\"><\/ins><br \/>\n<script>\n     (adsbygoogle = window.adsbygoogle || []).push({});\n<\/script><\/p>\n<p>&nbsp;<\/p>\n","protected":false},"featured_media":175201,"comment_status":"open","ping_status":"closed","template":"","meta":{"site-sidebar-layout":"default","site-content-layout":"default","ast-site-content-layout":"default","site-content-style":"default","site-sidebar-style":"default","ast-global-header-display":"","ast-banner-title-visibility":"","ast-main-header-display":"","ast-hfb-above-header-display":"","ast-hfb-below-header-display":"","ast-hfb-mobile-header-display":"","site-post-title":"","ast-breadcrumbs-content":"","ast-featured-img":"","footer-sml-layout":"","ast-disable-related-posts":"","theme-transparent-header-meta":"default","adv-header-id-meta":"","stick-header-meta":"","header-above-stick-meta":"","header-main-stick-meta":"","header-below-stick-meta":"","astra-migrate-meta-layouts":"set","ast-page-background-enabled":"default","ast-page-background-meta":{"desktop":{"background-color":"","background-image":"","background-repeat":"repeat","background-position":"center center","background-size":"auto","background-attachment":"scroll","background-type":"","background-media":"","overlay-type":"","overlay-color":"","overlay-opacity":"","overlay-gradient":""},"tablet":{"background-color":"","background-image":"","background-repeat":"repeat","background-position":"center center","background-size":"auto","background-attachment":"scroll","background-type":"","background-media":"","overlay-type":"","overlay-color":"","overlay-opacity":"","overlay-gradient":""},"mobile":{"background-color":"","background-image":"","background-repeat":"repeat","background-position":"center center","background-size":"auto","background-attachment":"scroll","background-type":"","background-media":"","overlay-type":"","overlay-color":"","overlay-opacity":"","overlay-gradient":""}},"ast-content-background-meta":{"desktop":{"background-color":"var(--ast-global-color-5)","background-image":"","background-repeat":"repeat","background-position":"center center","background-size":"auto","background-attachment":"scroll","background-type":"","background-media":"","overlay-type":"","overlay-color":"","overlay-opacity":"","overlay-gradient":""},"tablet":{"background-color":"var(--ast-global-color-5)","background-image":"","background-repeat":"repeat","background-position":"center center","background-size":"auto","background-attachment":"scroll","background-type":"","background-media":"","overlay-type":"","overlay-color":"","overlay-opacity":"","overlay-gradient":""},"mobile":{"background-color":"var(--ast-global-color-5)","background-image":"","background-repeat":"repeat","background-position":"center center","background-size":"auto","background-attachment":"scroll","background-type":"","background-media":"","overlay-type":"","overlay-color":"","overlay-opacity":"","overlay-gradient":""}}},"product_brand":[],"product_cat":[77,88],"product_tag":[946,284,135,947,211,212,945,302],"class_list":{"0":"post-70","1":"product","2":"type-product","3":"status-publish","4":"has-post-thumbnail","6":"product_cat-lectoescritura","7":"product_cat-oficios","8":"product_tag-aprenderprofesionesninos","9":"product_tag-concienciasilabica","10":"product_tag-lectoescritura","11":"product_tag-materialmanipulativoprofesiones","12":"product_tag-oficios","13":"product_tag-profesiones","14":"product_tag-profesionesinfantil","15":"product_tag-silabas","16":"desktop-align-left","17":"tablet-align-left","18":"mobile-align-left","20":"first","21":"instock","22":"downloadable","23":"virtual","24":"taxable","25":"purchasable","26":"product-type-simple"},"yoast_head":"<!-- This site is optimized with the Yoast SEO plugin v26.8 - https:\/\/yoast.com\/product\/yoast-seo-wordpress\/ -->\n<title>Profesiones infantil \u2013 Juego de s\u00edlabas para aprender jugando<\/title>\n<meta name=\"description\" content=\"Recurso de profesiones para infantil y primaria. Juego manipulativo para trabajar s\u00edlabas, lectoescritura y vocabulario de forma divertida.\" \/>\n<meta name=\"robots\" content=\"index, follow, max-snippet:-1, max-image-preview:large, max-video-preview:-1\" \/>\n<link rel=\"canonical\" href=\"https:\/\/lacasitaeducativa.shop\/index.php\/producto\/profesiones-infantil-silabas\/\" \/>\n<meta property=\"og:locale\" content=\"es_ES\" \/>\n<meta property=\"og:type\" content=\"article\" \/>\n<meta property=\"og:title\" content=\"Profesiones infantil \u2013 Juego de s\u00edlabas para aprender jugando\" \/>\n<meta property=\"og:description\" content=\"Recurso de profesiones para infantil y primaria. Juego manipulativo para trabajar s\u00edlabas, lectoescritura y vocabulario de forma divertida.\" \/>\n<meta property=\"og:url\" content=\"https:\/\/lacasitaeducativa.shop\/index.php\/producto\/profesiones-infantil-silabas\/\" \/>\n<meta property=\"og:site_name\" content=\"La Casita Educativa\" \/>\n<meta property=\"article:modified_time\" content=\"2026-04-30T06:16:54+00:00\" \/>\n<meta property=\"og:image\" content=\"https:\/\/lacasitaeducativa.shop\/wp-content\/uploads\/2020\/08\/3-3.jpg\" \/>\n\t<meta property=\"og:image:width\" content=\"1080\" \/>\n\t<meta property=\"og:image:height\" content=\"1080\" \/>\n\t<meta property=\"og:image:type\" content=\"image\/jpeg\" \/>\n<meta name=\"twitter:card\" content=\"summary_large_image\" \/>\n<meta name=\"twitter:label1\" content=\"Tiempo de lectura\" \/>\n\t<meta name=\"twitter:data1\" content=\"2 minutos\" \/>\n<script type=\"application\/ld+json\" class=\"yoast-schema-graph\">{\"@context\":\"https:\/\/schema.org\",\"@graph\":[{\"@type\":\"WebPage\",\"@id\":\"https:\/\/lacasitaeducativa.shop\/index.php\/producto\/profesiones-infantil-silabas\/\",\"url\":\"https:\/\/lacasitaeducativa.shop\/index.php\/producto\/profesiones-infantil-silabas\/\",\"name\":\"Profesiones infantil \u2013 Juego de s\u00edlabas para aprender jugando\",\"isPartOf\":{\"@id\":\"https:\/\/lacasitaeducativa.shop\/#website\"},\"primaryImageOfPage\":{\"@id\":\"https:\/\/lacasitaeducativa.shop\/index.php\/producto\/profesiones-infantil-silabas\/#primaryimage\"},\"image\":{\"@id\":\"https:\/\/lacasitaeducativa.shop\/index.php\/producto\/profesiones-infantil-silabas\/#primaryimage\"},\"thumbnailUrl\":\"https:\/\/lacasitaeducativa.shop\/wp-content\/uploads\/2020\/08\/3-3.jpg\",\"datePublished\":\"2020-08-24T18:51:39+00:00\",\"dateModified\":\"2026-04-30T06:16:54+00:00\",\"description\":\"Recurso de profesiones para infantil y primaria. Juego manipulativo para trabajar s\u00edlabas, lectoescritura y vocabulario de forma divertida.\",\"breadcrumb\":{\"@id\":\"https:\/\/lacasitaeducativa.shop\/index.php\/producto\/profesiones-infantil-silabas\/#breadcrumb\"},\"inLanguage\":\"es\",\"potentialAction\":[{\"@type\":\"ReadAction\",\"target\":[\"https:\/\/lacasitaeducativa.shop\/index.php\/producto\/profesiones-infantil-silabas\/\"]}]},{\"@type\":\"ImageObject\",\"inLanguage\":\"es\",\"@id\":\"https:\/\/lacasitaeducativa.shop\/index.php\/producto\/profesiones-infantil-silabas\/#primaryimage\",\"url\":\"https:\/\/lacasitaeducativa.shop\/wp-content\/uploads\/2020\/08\/3-3.jpg\",\"contentUrl\":\"https:\/\/lacasitaeducativa.shop\/wp-content\/uploads\/2020\/08\/3-3.jpg\",\"width\":1080,\"height\":1080,\"caption\":\"Aprender los oficios\"},{\"@type\":\"BreadcrumbList\",\"@id\":\"https:\/\/lacasitaeducativa.shop\/index.php\/producto\/profesiones-infantil-silabas\/#breadcrumb\",\"itemListElement\":[{\"@type\":\"ListItem\",\"position\":1,\"name\":\"Portada\",\"item\":\"https:\/\/lacasitaeducativa.shop\/\"},{\"@type\":\"ListItem\",\"position\":2,\"name\":\"Recursos\",\"item\":\"https:\/\/lacasitaeducativa.shop\/index.php\/tienda\/\"},{\"@type\":\"ListItem\",\"position\":3,\"name\":\"Profesiones infantil \u00bfA qu\u00e9 se dedica?\"}]},{\"@type\":\"WebSite\",\"@id\":\"https:\/\/lacasitaeducativa.shop\/#website\",\"url\":\"https:\/\/lacasitaeducativa.shop\/\",\"name\":\"La Casita Educativa\",\"description\":\"En esta casita encontrar\u00e9is todo tipo de recursos educativos infantiles, desde manualidades hasta actividades, juegos, cuentos, idiomas, adivinanzas y otros.\",\"publisher\":{\"@id\":\"https:\/\/lacasitaeducativa.shop\/#organization\"},\"potentialAction\":[{\"@type\":\"SearchAction\",\"target\":{\"@type\":\"EntryPoint\",\"urlTemplate\":\"https:\/\/lacasitaeducativa.shop\/?s={search_term_string}\"},\"query-input\":{\"@type\":\"PropertyValueSpecification\",\"valueRequired\":true,\"valueName\":\"search_term_string\"}}],\"inLanguage\":\"es\"},{\"@type\":\"Organization\",\"@id\":\"https:\/\/lacasitaeducativa.shop\/#organization\",\"name\":\"La Casita Educativa - LACASITAEDUCATIVA.SHOP\",\"url\":\"https:\/\/lacasitaeducativa.shop\/\",\"logo\":{\"@type\":\"ImageObject\",\"inLanguage\":\"es\",\"@id\":\"https:\/\/lacasitaeducativa.shop\/#\/schema\/logo\/image\/\",\"url\":\"https:\/\/lacasitaeducativa.shop\/wp-content\/uploads\/2020\/08\/Logos-la-casita-educativa-2-1.png\",\"contentUrl\":\"https:\/\/lacasitaeducativa.shop\/wp-content\/uploads\/2020\/08\/Logos-la-casita-educativa-2-1.png\",\"width\":500,\"height\":500,\"caption\":\"La Casita Educativa - LACASITAEDUCATIVA.SHOP\"},\"image\":{\"@id\":\"https:\/\/lacasitaeducativa.shop\/#\/schema\/logo\/image\/\"}}]}<\/script>\n<!-- \/ Yoast SEO plugin. -->","yoast_head_json":{"title":"Profesiones infantil \u2013 Juego de s\u00edlabas para aprender jugando","description":"Recurso de profesiones para infantil y primaria. Juego manipulativo para trabajar s\u00edlabas, lectoescritura y vocabulario de forma divertida.","robots":{"index":"index","follow":"follow","max-snippet":"max-snippet:-1","max-image-preview":"max-image-preview:large","max-video-preview":"max-video-preview:-1"},"canonical":"https:\/\/lacasitaeducativa.shop\/index.php\/producto\/profesiones-infantil-silabas\/","og_locale":"es_ES","og_type":"article","og_title":"Profesiones infantil \u2013 Juego de s\u00edlabas para aprender jugando","og_description":"Recurso de profesiones para infantil y primaria. Juego manipulativo para trabajar s\u00edlabas, lectoescritura y vocabulario de forma divertida.","og_url":"https:\/\/lacasitaeducativa.shop\/index.php\/producto\/profesiones-infantil-silabas\/","og_site_name":"La Casita Educativa","article_modified_time":"2026-04-30T06:16:54+00:00","og_image":[{"width":1080,"height":1080,"url":"https:\/\/lacasitaeducativa.shop\/wp-content\/uploads\/2020\/08\/3-3.jpg","type":"image\/jpeg"}],"twitter_card":"summary_large_image","twitter_misc":{"Tiempo de lectura":"2 minutos"},"schema":{"@context":"https:\/\/schema.org","@graph":[{"@type":"WebPage","@id":"https:\/\/lacasitaeducativa.shop\/index.php\/producto\/profesiones-infantil-silabas\/","url":"https:\/\/lacasitaeducativa.shop\/index.php\/producto\/profesiones-infantil-silabas\/","name":"Profesiones infantil \u2013 Juego de s\u00edlabas para aprender jugando","isPartOf":{"@id":"https:\/\/lacasitaeducativa.shop\/#website"},"primaryImageOfPage":{"@id":"https:\/\/lacasitaeducativa.shop\/index.php\/producto\/profesiones-infantil-silabas\/#primaryimage"},"image":{"@id":"https:\/\/lacasitaeducativa.shop\/index.php\/producto\/profesiones-infantil-silabas\/#primaryimage"},"thumbnailUrl":"https:\/\/lacasitaeducativa.shop\/wp-content\/uploads\/2020\/08\/3-3.jpg","datePublished":"2020-08-24T18:51:39+00:00","dateModified":"2026-04-30T06:16:54+00:00","description":"Recurso de profesiones para infantil y primaria. Juego manipulativo para trabajar s\u00edlabas, lectoescritura y vocabulario de forma divertida.","breadcrumb":{"@id":"https:\/\/lacasitaeducativa.shop\/index.php\/producto\/profesiones-infantil-silabas\/#breadcrumb"},"inLanguage":"es","potentialAction":[{"@type":"ReadAction","target":["https:\/\/lacasitaeducativa.shop\/index.php\/producto\/profesiones-infantil-silabas\/"]}]},{"@type":"ImageObject","inLanguage":"es","@id":"https:\/\/lacasitaeducativa.shop\/index.php\/producto\/profesiones-infantil-silabas\/#primaryimage","url":"https:\/\/lacasitaeducativa.shop\/wp-content\/uploads\/2020\/08\/3-3.jpg","contentUrl":"https:\/\/lacasitaeducativa.shop\/wp-content\/uploads\/2020\/08\/3-3.jpg","width":1080,"height":1080,"caption":"Aprender los oficios"},{"@type":"BreadcrumbList","@id":"https:\/\/lacasitaeducativa.shop\/index.php\/producto\/profesiones-infantil-silabas\/#breadcrumb","itemListElement":[{"@type":"ListItem","position":1,"name":"Portada","item":"https:\/\/lacasitaeducativa.shop\/"},{"@type":"ListItem","position":2,"name":"Recursos","item":"https:\/\/lacasitaeducativa.shop\/index.php\/tienda\/"},{"@type":"ListItem","position":3,"name":"Profesiones infantil \u00bfA qu\u00e9 se dedica?"}]},{"@type":"WebSite","@id":"https:\/\/lacasitaeducativa.shop\/#website","url":"https:\/\/lacasitaeducativa.shop\/","name":"La Casita Educativa","description":"En esta casita encontrar\u00e9is todo tipo de recursos educativos infantiles, desde manualidades hasta actividades, juegos, cuentos, idiomas, adivinanzas y otros.","publisher":{"@id":"https:\/\/lacasitaeducativa.shop\/#organization"},"potentialAction":[{"@type":"SearchAction","target":{"@type":"EntryPoint","urlTemplate":"https:\/\/lacasitaeducativa.shop\/?s={search_term_string}"},"query-input":{"@type":"PropertyValueSpecification","valueRequired":true,"valueName":"search_term_string"}}],"inLanguage":"es"},{"@type":"Organization","@id":"https:\/\/lacasitaeducativa.shop\/#organization","name":"La Casita Educativa - LACASITAEDUCATIVA.SHOP","url":"https:\/\/lacasitaeducativa.shop\/","logo":{"@type":"ImageObject","inLanguage":"es","@id":"https:\/\/lacasitaeducativa.shop\/#\/schema\/logo\/image\/","url":"https:\/\/lacasitaeducativa.shop\/wp-content\/uploads\/2020\/08\/Logos-la-casita-educativa-2-1.png","contentUrl":"https:\/\/lacasitaeducativa.shop\/wp-content\/uploads\/2020\/08\/Logos-la-casita-educativa-2-1.png","width":500,"height":500,"caption":"La Casita Educativa - LACASITAEDUCATIVA.SHOP"},"image":{"@id":"https:\/\/lacasitaeducativa.shop\/#\/schema\/logo\/image\/"}}]}},"_links":{"self":[{"href":"https:\/\/lacasitaeducativa.shop\/index.php\/wp-json\/wp\/v2\/product\/70","targetHints":{"allow":["GET"]}}],"collection":[{"href":"https:\/\/lacasitaeducativa.shop\/index.php\/wp-json\/wp\/v2\/product"}],"about":[{"href":"https:\/\/lacasitaeducativa.shop\/index.php\/wp-json\/wp\/v2\/types\/product"}],"replies":[{"embeddable":true,"href":"https:\/\/lacasitaeducativa.shop\/index.php\/wp-json\/wp\/v2\/comments?post=70"}],"wp:featuredmedia":[{"embeddable":true,"href":"https:\/\/lacasitaeducativa.shop\/index.php\/wp-json\/wp\/v2\/media\/175201"}],"wp:attachment":[{"href":"https:\/\/lacasitaeducativa.shop\/index.php\/wp-json\/wp\/v2\/media?parent=70"}],"wp:term":[{"taxonomy":"product_brand","embeddable":true,"href":"https:\/\/lacasitaeducativa.shop\/index.php\/wp-json\/wp\/v2\/product_brand?post=70"},{"taxonomy":"product_cat","embeddable":true,"href":"https:\/\/lacasitaeducativa.shop\/index.php\/wp-json\/wp\/v2\/product_cat?post=70"},{"taxonomy":"product_tag","embeddable":true,"href":"https:\/\/lacasitaeducativa.shop\/index.php\/wp-json\/wp\/v2\/product_tag?post=70"}],"curies":[{"name":"wp","href":"https:\/\/api.w.org\/{rel}","templated":true}]}}