{"id":73359,"date":"2021-08-30T18:03:32","date_gmt":"2021-08-30T18:03:32","guid":{"rendered":"https:\/\/lacasitaeducativa.shop\/?post_type=product&#038;p=73359"},"modified":"2025-01-19T12:18:29","modified_gmt":"2025-01-19T12:18:29","slug":"plantillas-dias-de-la-semana-y-mochilas","status":"publish","type":"product","link":"https:\/\/lacasitaeducativa.shop\/index.php\/producto\/plantillas-dias-de-la-semana-y-mochilas\/","title":{"rendered":"Plantillas d\u00edas de la semana"},"content":{"rendered":"<p><strong>CONTENIDO<\/strong><\/p>\n<p>El material incluye:<\/p>\n<p>&#8211; 7 plantillas con cada uno de los d\u00edas de la semana y diferentes animales: jirafa, gallo, elefante, koala, gato, cebra y cerdito.<\/p>\n<p>&#8211; 5 plantillas con mochilas de diferentes colores para a\u00f1adir en los coladores de la escuela o bien en nuestra casa, para que los peques vean d\u00f3nde tienen que poner su mochila.<\/p>\n<p><strong>IDIOMA<\/strong><\/p>\n<p>Castellano, catal\u00e1n e ingl\u00e9s<\/p>\n<p><strong>EDAD RECOMENDADA<\/strong><\/p>\n<p>Ideal para infantil, de 2 a 6 a\u00f1os.<\/p>\n<p>&nbsp;<\/p>\n<p>&nbsp;<\/p>\n","protected":false},"excerpt":{"rendered":"<p>Disponible en castellano, catal\u00e1n e ingl\u00e9s<\/p>\n<p>Plantillas de los d\u00edas de la semana s\u00faper llamativas para decorar el aula o la habitaci\u00f3n de casa. tambi\u00e9n incluye plantillas con mochilas para a\u00f1adir en los colgadores.<\/p>\n<p><script async src=\"https:\/\/pagead2.googlesyndication.com\/pagead\/js\/adsbygoogle.js\"><\/script><br \/>\n<!-- Horizontal-Adaptable --><br \/>\n<ins class=\"adsbygoogle\" style=\"display: block;\" data-ad-client=\"ca-pub-1103545772104863\" data-ad-slot=\"5194289265\" data-ad-format=\"auto\" data-full-width-responsive=\"true\"><\/ins><br \/>\n<script>\n     (adsbygoogle = window.adsbygoogle || []).push({});\n<\/script><\/p>\n","protected":false},"featured_media":73375,"comment_status":"open","ping_status":"closed","template":"","meta":{"site-sidebar-layout":"default","site-content-layout":"default","ast-site-content-layout":"default","site-content-style":"default","site-sidebar-style":"default","ast-global-header-display":"","ast-banner-title-visibility":"","ast-main-header-display":"","ast-hfb-above-header-display":"","ast-hfb-below-header-display":"","ast-hfb-mobile-header-display":"","site-post-title":"","ast-breadcrumbs-content":"","ast-featured-img":"","footer-sml-layout":"","ast-disable-related-posts":"","theme-transparent-header-meta":"default","adv-header-id-meta":"","stick-header-meta":"","header-above-stick-meta":"","header-main-stick-meta":"","header-below-stick-meta":"","astra-migrate-meta-layouts":"set","ast-page-background-enabled":"default","ast-page-background-meta":{"desktop":{"background-color":"","background-image":"","background-repeat":"repeat","background-position":"center center","background-size":"auto","background-attachment":"scroll","background-type":"","background-media":"","overlay-type":"","overlay-color":"","overlay-opacity":"","overlay-gradient":""},"tablet":{"background-color":"","background-image":"","background-repeat":"repeat","background-position":"center center","background-size":"auto","background-attachment":"scroll","background-type":"","background-media":"","overlay-type":"","overlay-color":"","overlay-opacity":"","overlay-gradient":""},"mobile":{"background-color":"","background-image":"","background-repeat":"repeat","background-position":"center center","background-size":"auto","background-attachment":"scroll","background-type":"","background-media":"","overlay-type":"","overlay-color":"","overlay-opacity":"","overlay-gradient":""}},"ast-content-background-meta":{"desktop":{"background-color":"var(--ast-global-color-5)","background-image":"","background-repeat":"repeat","background-position":"center center","background-size":"auto","background-attachment":"scroll","background-type":"","background-media":"","overlay-type":"","overlay-color":"","overlay-opacity":"","overlay-gradient":""},"tablet":{"background-color":"var(--ast-global-color-5)","background-image":"","background-repeat":"repeat","background-position":"center center","background-size":"auto","background-attachment":"scroll","background-type":"","background-media":"","overlay-type":"","overlay-color":"","overlay-opacity":"","overlay-gradient":""},"mobile":{"background-color":"var(--ast-global-color-5)","background-image":"","background-repeat":"repeat","background-position":"center center","background-size":"auto","background-attachment":"scroll","background-type":"","background-media":"","overlay-type":"","overlay-color":"","overlay-opacity":"","overlay-gradient":""}}},"product_brand":[],"product_cat":[15],"product_tag":[385,389,332,388],"class_list":{"0":"post-73359","1":"product","2":"type-product","3":"status-publish","4":"has-post-thumbnail","6":"product_cat-educacion-infantil","7":"product_tag-asamblea","8":"product_tag-decoracion","9":"product_tag-diasdelasemana","10":"product_tag-mochilas","11":"desktop-align-left","12":"tablet-align-left","13":"mobile-align-left","15":"first","16":"instock","17":"downloadable","18":"virtual","19":"taxable","20":"purchasable","21":"product-type-simple"},"yoast_head":"<!-- This site is optimized with the Yoast SEO plugin v26.8 - https:\/\/yoast.com\/product\/yoast-seo-wordpress\/ -->\n<title>Plantillas d\u00edas de la semana - La Casita Educativa<\/title>\n<meta name=\"description\" content=\"Plantillas de los d\u00edas de la semana con animales para decorar el aula o la habitaci\u00f3n de casa. Disponible en varios idiomas.\" \/>\n<meta name=\"robots\" content=\"index, follow, max-snippet:-1, max-image-preview:large, max-video-preview:-1\" \/>\n<link rel=\"canonical\" href=\"https:\/\/lacasitaeducativa.shop\/index.php\/producto\/plantillas-dias-de-la-semana-y-mochilas\/\" \/>\n<meta property=\"og:locale\" content=\"es_ES\" \/>\n<meta property=\"og:type\" content=\"article\" \/>\n<meta property=\"og:title\" content=\"Plantillas d\u00edas de la semana - La Casita Educativa\" \/>\n<meta property=\"og:description\" content=\"Plantillas de los d\u00edas de la semana con animales para decorar el aula o la habitaci\u00f3n de casa. Disponible en varios idiomas.\" \/>\n<meta property=\"og:url\" content=\"https:\/\/lacasitaeducativa.shop\/index.php\/producto\/plantillas-dias-de-la-semana-y-mochilas\/\" \/>\n<meta property=\"og:site_name\" content=\"La Casita Educativa\" \/>\n<meta property=\"article:modified_time\" content=\"2025-01-19T12:18:29+00:00\" \/>\n<meta property=\"og:image\" content=\"https:\/\/lacasitaeducativa.shop\/wp-content\/uploads\/2021\/08\/Diseno-sin-titulo-1.jpg\" \/>\n\t<meta property=\"og:image:width\" content=\"1080\" \/>\n\t<meta property=\"og:image:height\" content=\"1080\" \/>\n\t<meta property=\"og:image:type\" content=\"image\/jpeg\" \/>\n<meta name=\"twitter:card\" content=\"summary_large_image\" \/>\n<meta name=\"twitter:label1\" content=\"Tiempo de lectura\" \/>\n\t<meta name=\"twitter:data1\" content=\"1 minuto\" \/>\n<script type=\"application\/ld+json\" class=\"yoast-schema-graph\">{\"@context\":\"https:\/\/schema.org\",\"@graph\":[{\"@type\":\"WebPage\",\"@id\":\"https:\/\/lacasitaeducativa.shop\/index.php\/producto\/plantillas-dias-de-la-semana-y-mochilas\/\",\"url\":\"https:\/\/lacasitaeducativa.shop\/index.php\/producto\/plantillas-dias-de-la-semana-y-mochilas\/\",\"name\":\"Plantillas d\u00edas de la semana - La Casita Educativa\",\"isPartOf\":{\"@id\":\"https:\/\/lacasitaeducativa.shop\/#website\"},\"primaryImageOfPage\":{\"@id\":\"https:\/\/lacasitaeducativa.shop\/index.php\/producto\/plantillas-dias-de-la-semana-y-mochilas\/#primaryimage\"},\"image\":{\"@id\":\"https:\/\/lacasitaeducativa.shop\/index.php\/producto\/plantillas-dias-de-la-semana-y-mochilas\/#primaryimage\"},\"thumbnailUrl\":\"https:\/\/lacasitaeducativa.shop\/wp-content\/uploads\/2021\/08\/Diseno-sin-titulo-1.jpg\",\"datePublished\":\"2021-08-30T18:03:32+00:00\",\"dateModified\":\"2025-01-19T12:18:29+00:00\",\"description\":\"Plantillas de los d\u00edas de la semana con animales para decorar el aula o la habitaci\u00f3n de casa. Disponible en varios idiomas.\",\"breadcrumb\":{\"@id\":\"https:\/\/lacasitaeducativa.shop\/index.php\/producto\/plantillas-dias-de-la-semana-y-mochilas\/#breadcrumb\"},\"inLanguage\":\"es\",\"potentialAction\":[{\"@type\":\"ReadAction\",\"target\":[\"https:\/\/lacasitaeducativa.shop\/index.php\/producto\/plantillas-dias-de-la-semana-y-mochilas\/\"]}]},{\"@type\":\"ImageObject\",\"inLanguage\":\"es\",\"@id\":\"https:\/\/lacasitaeducativa.shop\/index.php\/producto\/plantillas-dias-de-la-semana-y-mochilas\/#primaryimage\",\"url\":\"https:\/\/lacasitaeducativa.shop\/wp-content\/uploads\/2021\/08\/Diseno-sin-titulo-1.jpg\",\"contentUrl\":\"https:\/\/lacasitaeducativa.shop\/wp-content\/uploads\/2021\/08\/Diseno-sin-titulo-1.jpg\",\"width\":1080,\"height\":1080,\"caption\":\"d\u00edas de la semana\"},{\"@type\":\"BreadcrumbList\",\"@id\":\"https:\/\/lacasitaeducativa.shop\/index.php\/producto\/plantillas-dias-de-la-semana-y-mochilas\/#breadcrumb\",\"itemListElement\":[{\"@type\":\"ListItem\",\"position\":1,\"name\":\"Portada\",\"item\":\"https:\/\/lacasitaeducativa.shop\/\"},{\"@type\":\"ListItem\",\"position\":2,\"name\":\"Recursos\",\"item\":\"https:\/\/lacasitaeducativa.shop\/index.php\/tienda\/\"},{\"@type\":\"ListItem\",\"position\":3,\"name\":\"Plantillas d\u00edas de la semana\"}]},{\"@type\":\"WebSite\",\"@id\":\"https:\/\/lacasitaeducativa.shop\/#website\",\"url\":\"https:\/\/lacasitaeducativa.shop\/\",\"name\":\"La Casita Educativa\",\"description\":\"En esta casita encontrar\u00e9is todo tipo de recursos educativos infantiles, desde manualidades hasta actividades, juegos, cuentos, idiomas, adivinanzas y otros.\",\"publisher\":{\"@id\":\"https:\/\/lacasitaeducativa.shop\/#organization\"},\"potentialAction\":[{\"@type\":\"SearchAction\",\"target\":{\"@type\":\"EntryPoint\",\"urlTemplate\":\"https:\/\/lacasitaeducativa.shop\/?s={search_term_string}\"},\"query-input\":{\"@type\":\"PropertyValueSpecification\",\"valueRequired\":true,\"valueName\":\"search_term_string\"}}],\"inLanguage\":\"es\"},{\"@type\":\"Organization\",\"@id\":\"https:\/\/lacasitaeducativa.shop\/#organization\",\"name\":\"La Casita Educativa - LACASITAEDUCATIVA.SHOP\",\"url\":\"https:\/\/lacasitaeducativa.shop\/\",\"logo\":{\"@type\":\"ImageObject\",\"inLanguage\":\"es\",\"@id\":\"https:\/\/lacasitaeducativa.shop\/#\/schema\/logo\/image\/\",\"url\":\"https:\/\/lacasitaeducativa.shop\/wp-content\/uploads\/2020\/08\/Logos-la-casita-educativa-2-1.png\",\"contentUrl\":\"https:\/\/lacasitaeducativa.shop\/wp-content\/uploads\/2020\/08\/Logos-la-casita-educativa-2-1.png\",\"width\":500,\"height\":500,\"caption\":\"La Casita Educativa - LACASITAEDUCATIVA.SHOP\"},\"image\":{\"@id\":\"https:\/\/lacasitaeducativa.shop\/#\/schema\/logo\/image\/\"}}]}<\/script>\n<!-- \/ Yoast SEO plugin. -->","yoast_head_json":{"title":"Plantillas d\u00edas de la semana - La Casita Educativa","description":"Plantillas de los d\u00edas de la semana con animales para decorar el aula o la habitaci\u00f3n de casa. Disponible en varios idiomas.","robots":{"index":"index","follow":"follow","max-snippet":"max-snippet:-1","max-image-preview":"max-image-preview:large","max-video-preview":"max-video-preview:-1"},"canonical":"https:\/\/lacasitaeducativa.shop\/index.php\/producto\/plantillas-dias-de-la-semana-y-mochilas\/","og_locale":"es_ES","og_type":"article","og_title":"Plantillas d\u00edas de la semana - La Casita Educativa","og_description":"Plantillas de los d\u00edas de la semana con animales para decorar el aula o la habitaci\u00f3n de casa. Disponible en varios idiomas.","og_url":"https:\/\/lacasitaeducativa.shop\/index.php\/producto\/plantillas-dias-de-la-semana-y-mochilas\/","og_site_name":"La Casita Educativa","article_modified_time":"2025-01-19T12:18:29+00:00","og_image":[{"width":1080,"height":1080,"url":"https:\/\/lacasitaeducativa.shop\/wp-content\/uploads\/2021\/08\/Diseno-sin-titulo-1.jpg","type":"image\/jpeg"}],"twitter_card":"summary_large_image","twitter_misc":{"Tiempo de lectura":"1 minuto"},"schema":{"@context":"https:\/\/schema.org","@graph":[{"@type":"WebPage","@id":"https:\/\/lacasitaeducativa.shop\/index.php\/producto\/plantillas-dias-de-la-semana-y-mochilas\/","url":"https:\/\/lacasitaeducativa.shop\/index.php\/producto\/plantillas-dias-de-la-semana-y-mochilas\/","name":"Plantillas d\u00edas de la semana - La Casita Educativa","isPartOf":{"@id":"https:\/\/lacasitaeducativa.shop\/#website"},"primaryImageOfPage":{"@id":"https:\/\/lacasitaeducativa.shop\/index.php\/producto\/plantillas-dias-de-la-semana-y-mochilas\/#primaryimage"},"image":{"@id":"https:\/\/lacasitaeducativa.shop\/index.php\/producto\/plantillas-dias-de-la-semana-y-mochilas\/#primaryimage"},"thumbnailUrl":"https:\/\/lacasitaeducativa.shop\/wp-content\/uploads\/2021\/08\/Diseno-sin-titulo-1.jpg","datePublished":"2021-08-30T18:03:32+00:00","dateModified":"2025-01-19T12:18:29+00:00","description":"Plantillas de los d\u00edas de la semana con animales para decorar el aula o la habitaci\u00f3n de casa. Disponible en varios idiomas.","breadcrumb":{"@id":"https:\/\/lacasitaeducativa.shop\/index.php\/producto\/plantillas-dias-de-la-semana-y-mochilas\/#breadcrumb"},"inLanguage":"es","potentialAction":[{"@type":"ReadAction","target":["https:\/\/lacasitaeducativa.shop\/index.php\/producto\/plantillas-dias-de-la-semana-y-mochilas\/"]}]},{"@type":"ImageObject","inLanguage":"es","@id":"https:\/\/lacasitaeducativa.shop\/index.php\/producto\/plantillas-dias-de-la-semana-y-mochilas\/#primaryimage","url":"https:\/\/lacasitaeducativa.shop\/wp-content\/uploads\/2021\/08\/Diseno-sin-titulo-1.jpg","contentUrl":"https:\/\/lacasitaeducativa.shop\/wp-content\/uploads\/2021\/08\/Diseno-sin-titulo-1.jpg","width":1080,"height":1080,"caption":"d\u00edas de la semana"},{"@type":"BreadcrumbList","@id":"https:\/\/lacasitaeducativa.shop\/index.php\/producto\/plantillas-dias-de-la-semana-y-mochilas\/#breadcrumb","itemListElement":[{"@type":"ListItem","position":1,"name":"Portada","item":"https:\/\/lacasitaeducativa.shop\/"},{"@type":"ListItem","position":2,"name":"Recursos","item":"https:\/\/lacasitaeducativa.shop\/index.php\/tienda\/"},{"@type":"ListItem","position":3,"name":"Plantillas d\u00edas de la semana"}]},{"@type":"WebSite","@id":"https:\/\/lacasitaeducativa.shop\/#website","url":"https:\/\/lacasitaeducativa.shop\/","name":"La Casita Educativa","description":"En esta casita encontrar\u00e9is todo tipo de recursos educativos infantiles, desde manualidades hasta actividades, juegos, cuentos, idiomas, adivinanzas y otros.","publisher":{"@id":"https:\/\/lacasitaeducativa.shop\/#organization"},"potentialAction":[{"@type":"SearchAction","target":{"@type":"EntryPoint","urlTemplate":"https:\/\/lacasitaeducativa.shop\/?s={search_term_string}"},"query-input":{"@type":"PropertyValueSpecification","valueRequired":true,"valueName":"search_term_string"}}],"inLanguage":"es"},{"@type":"Organization","@id":"https:\/\/lacasitaeducativa.shop\/#organization","name":"La Casita Educativa - LACASITAEDUCATIVA.SHOP","url":"https:\/\/lacasitaeducativa.shop\/","logo":{"@type":"ImageObject","inLanguage":"es","@id":"https:\/\/lacasitaeducativa.shop\/#\/schema\/logo\/image\/","url":"https:\/\/lacasitaeducativa.shop\/wp-content\/uploads\/2020\/08\/Logos-la-casita-educativa-2-1.png","contentUrl":"https:\/\/lacasitaeducativa.shop\/wp-content\/uploads\/2020\/08\/Logos-la-casita-educativa-2-1.png","width":500,"height":500,"caption":"La Casita Educativa - LACASITAEDUCATIVA.SHOP"},"image":{"@id":"https:\/\/lacasitaeducativa.shop\/#\/schema\/logo\/image\/"}}]}},"_links":{"self":[{"href":"https:\/\/lacasitaeducativa.shop\/index.php\/wp-json\/wp\/v2\/product\/73359","targetHints":{"allow":["GET"]}}],"collection":[{"href":"https:\/\/lacasitaeducativa.shop\/index.php\/wp-json\/wp\/v2\/product"}],"about":[{"href":"https:\/\/lacasitaeducativa.shop\/index.php\/wp-json\/wp\/v2\/types\/product"}],"replies":[{"embeddable":true,"href":"https:\/\/lacasitaeducativa.shop\/index.php\/wp-json\/wp\/v2\/comments?post=73359"}],"wp:featuredmedia":[{"embeddable":true,"href":"https:\/\/lacasitaeducativa.shop\/index.php\/wp-json\/wp\/v2\/media\/73375"}],"wp:attachment":[{"href":"https:\/\/lacasitaeducativa.shop\/index.php\/wp-json\/wp\/v2\/media?parent=73359"}],"wp:term":[{"taxonomy":"product_brand","embeddable":true,"href":"https:\/\/lacasitaeducativa.shop\/index.php\/wp-json\/wp\/v2\/product_brand?post=73359"},{"taxonomy":"product_cat","embeddable":true,"href":"https:\/\/lacasitaeducativa.shop\/index.php\/wp-json\/wp\/v2\/product_cat?post=73359"},{"taxonomy":"product_tag","embeddable":true,"href":"https:\/\/lacasitaeducativa.shop\/index.php\/wp-json\/wp\/v2\/product_tag?post=73359"}],"curies":[{"name":"wp","href":"https:\/\/api.w.org\/{rel}","templated":true}]}}